{"id":59820,"date":"2026-04-12T08:54:19","date_gmt":"2026-04-12T06:54:19","guid":{"rendered":"https:\/\/dev6.erresse-shop.it\/shop\/non%20class\u00e9\/rosenthal-vase-la-chute-26-cm-or\/"},"modified":"2025-09-14T04:29:56","modified_gmt":"2025-09-14T02:29:56","slug":"rosenthal-vase-la-chute-26-cm-or","status":"publish","type":"product","link":"https:\/\/dev6.erresse-shop.it\/fr\/shop\/ameublement-maison\/vases-fr\/rosenthal-vase-la-chute-26-cm-or\/","title":{"rendered":"ROSENTHAL Vase La Chute 26 cm Or"},"content":{"rendered":"<p>La Chute est un vase d\u00e9coratif con\u00e7u par C\u00e9dric Ragot pour Rosenthal. C\u2019est un objet en porcelaine dont la surface est lisse et lumineuse.<br \/>\nL\u2019union de deux corps, pris dans l\u2019acte de fusionner l\u2019un avec l\u2019autre, cristallis\u00e9s dans le temps et l\u2019espace. Le vase La Chute d\u00e9crit le concept de la cr\u00e9ation et de l\u2019infini, arr\u00eatant \u00e0 jamais un moment non r\u00e9p\u00e9table. Essentiel, plastique et sc\u00e9nique, cet accessoire donnera une touche unique \u00e0 l\u2019environnement dans lequel il est plac\u00e9.<\/p>\n<p>Mat\u00e9riau : Porcelaine<br \/>\nCollection : La Chute<\/p>\n","protected":false},"excerpt":{"rendered":"<p>La Chute est un vase d\u00e9coratif con\u00e7u par C\u00e9dric Ragot pour Rosenthal. C\u2019est un objet en porcelaine dont la surface est lisse et lumineuse. L\u2019union de deux corps, pris dans l\u2019acte de fusionner l\u2019un avec l\u2019autre, cristallis\u00e9s dans le temps et l\u2019espace. Le vase La Chute d\u00e9crit le concept de la cr\u00e9ation et de l\u2019infini, [&hellip;]<\/p>\n","protected":false},"featured_media":6354880,"template":"","meta":{"_acf_changed":false},"product_cat":[11990,11666,12018],"product_tag":[],"class_list":{"0":"post-59820","1":"product","2":"type-product","3":"status-publish","4":"has-post-thumbnail","6":"product_cat-ameublement-maison","7":"product_cat-arredamento-casa","8":"product_cat-vases-fr","10":"first","11":"outofstock","12":"sale","13":"taxable","14":"shipping-taxable","15":"purchasable","16":"product-type-simple","swatches":"rey-swatches","show_selected":"","stretch_labels":"rey-swatches--stretch-labels"},"acf":[],"yoast_head":"<!-- This site is optimized with the Yoast SEO plugin v25.4 - https:\/\/yoast.com\/wordpress\/plugins\/seo\/ -->\n<title>ROSENTHAL Vase La Chute 26 cm Or - dev6 Erresse<\/title>\n<meta name=\"description\" content=\"La Chute est un vase d\u00e9coratif con\u00e7u par C\u00e9dric Ragot pour Rosenthal. C\u2019est un objet en porcelaine dont la surface est lisse et lumineuse. L\u2019union de deux\" \/>\n<meta name=\"robots\" content=\"noindex, follow, max-snippet:-1, max-image-preview:large, max-video-preview:-1\" \/>\n<meta property=\"og:locale\" content=\"fr_FR\" \/>\n<meta property=\"og:type\" content=\"article\" \/>\n<meta property=\"og:title\" content=\"ROSENTHAL Vase La Chute 26 cm Or - dev6 Erresse\" \/>\n<meta property=\"og:description\" content=\"La Chute est un vase d\u00e9coratif con\u00e7u par C\u00e9dric Ragot pour Rosenthal. C\u2019est un objet en porcelaine dont la surface est lisse et lumineuse. L\u2019union de deux\" \/>\n<meta property=\"og:url\" content=\"https:\/\/dev6.erresse-shop.it\/fr\/shop\/ameublement-maison\/vases-fr\/rosenthal-vase-la-chute-26-cm-or\/\" \/>\n<meta property=\"og:site_name\" content=\"dev6 Erresse\" \/>\n<meta property=\"og:image\" content=\"https:\/\/interpim.erresse-shop.it\/Import\/Prodotti\/vaso-la-chute-gold-26cm-1.jpg\" \/><meta property=\"og:image\" content=\"https:\/\/interpim.erresse-shop.it\/Import\/Prodotti\/vaso-la-chute-gold-26cm-1.jpg\" \/>\n\t<meta property=\"og:image:width\" content=\"1024\" \/>\n\t<meta property=\"og:image:height\" content=\"1024\" \/>\n\t<meta property=\"og:image:type\" content=\"image\/jpeg\" \/>\n<meta name=\"twitter:card\" content=\"summary_large_image\" \/>\n<meta name=\"twitter:image\" content=\"https:\/\/interpim.erresse-shop.it\/Import\/Prodotti\/vaso-la-chute-gold-26cm-1.jpg\" \/>\n<script type=\"application\/ld+json\" class=\"yoast-schema-graph\">{\"@context\":\"https:\/\/schema.org\",\"@graph\":[{\"@type\":\"WebPage\",\"@id\":\"https:\/\/dev6.erresse-shop.it\/fr\/shop\/ameublement-maison\/vases-fr\/rosenthal-vase-la-chute-26-cm-or\/\",\"url\":\"https:\/\/dev6.erresse-shop.it\/fr\/shop\/ameublement-maison\/vases-fr\/rosenthal-vase-la-chute-26-cm-or\/\",\"name\":\"ROSENTHAL Vase La Chute 26 cm Or - dev6 Erresse\",\"isPartOf\":{\"@id\":\"https:\/\/dev6.erresse-shop.it\/#website\"},\"primaryImageOfPage\":{\"@id\":\"https:\/\/dev6.erresse-shop.it\/fr\/shop\/ameublement-maison\/vases-fr\/rosenthal-vase-la-chute-26-cm-or\/#primaryimage\"},\"image\":{\"@id\":\"https:\/\/dev6.erresse-shop.it\/fr\/shop\/ameublement-maison\/vases-fr\/rosenthal-vase-la-chute-26-cm-or\/#primaryimage\"},\"thumbnailUrl\":\"https:\/\/i2.wp.com\/interpim.erresse-shop.it\/Import\/Prodotti\/vaso-la-chute-gold-26cm-1.jpg?ssl=1\",\"datePublished\":\"2026-04-12T06:54:19+00:00\",\"description\":\"La Chute est un vase d\u00e9coratif con\u00e7u par C\u00e9dric Ragot pour Rosenthal. C\u2019est un objet en porcelaine dont la surface est lisse et lumineuse. L\u2019union de deux\",\"breadcrumb\":{\"@id\":\"https:\/\/dev6.erresse-shop.it\/fr\/shop\/ameublement-maison\/vases-fr\/rosenthal-vase-la-chute-26-cm-or\/#breadcrumb\"},\"inLanguage\":\"fr-FR\",\"potentialAction\":[{\"@type\":\"ReadAction\",\"target\":[\"https:\/\/dev6.erresse-shop.it\/fr\/shop\/ameublement-maison\/vases-fr\/rosenthal-vase-la-chute-26-cm-or\/\"]}]},{\"@type\":\"ImageObject\",\"inLanguage\":\"fr-FR\",\"@id\":\"https:\/\/dev6.erresse-shop.it\/fr\/shop\/ameublement-maison\/vases-fr\/rosenthal-vase-la-chute-26-cm-or\/#primaryimage\",\"url\":\"https:\/\/i2.wp.com\/interpim.erresse-shop.it\/Import\/Prodotti\/vaso-la-chute-gold-26cm-1.jpg?ssl=1\",\"contentUrl\":\"https:\/\/i2.wp.com\/interpim.erresse-shop.it\/Import\/Prodotti\/vaso-la-chute-gold-26cm-1.jpg?ssl=1\"},{\"@type\":\"BreadcrumbList\",\"@id\":\"https:\/\/dev6.erresse-shop.it\/fr\/shop\/ameublement-maison\/vases-fr\/rosenthal-vase-la-chute-26-cm-or\/#breadcrumb\",\"itemListElement\":[{\"@type\":\"ListItem\",\"position\":1,\"name\":\"Home\",\"item\":\"https:\/\/dev6.erresse-shop.it\/\"},{\"@type\":\"ListItem\",\"position\":2,\"name\":\"Boutique\",\"item\":\"https:\/\/dev6.erresse-shop.it\/shop\/\"},{\"@type\":\"ListItem\",\"position\":3,\"name\":\"ROSENTHAL Vase La Chute 26 cm Or\"}]},{\"@type\":\"WebSite\",\"@id\":\"https:\/\/dev6.erresse-shop.it\/#website\",\"url\":\"https:\/\/dev6.erresse-shop.it\/\",\"name\":\"Erresse Shop\",\"description\":\"\",\"publisher\":{\"@id\":\"https:\/\/dev6.erresse-shop.it\/#organization\"},\"potentialAction\":[{\"@type\":\"SearchAction\",\"target\":{\"@type\":\"EntryPoint\",\"urlTemplate\":\"https:\/\/dev6.erresse-shop.it\/?s={search_term_string}\"},\"query-input\":{\"@type\":\"PropertyValueSpecification\",\"valueRequired\":true,\"valueName\":\"search_term_string\"}}],\"inLanguage\":\"fr-FR\"},{\"@type\":\"Organization\",\"@id\":\"https:\/\/dev6.erresse-shop.it\/#organization\",\"name\":\"Erresse Shop\",\"url\":\"https:\/\/dev6.erresse-shop.it\/\",\"logo\":{\"@type\":\"ImageObject\",\"inLanguage\":\"fr-FR\",\"@id\":\"https:\/\/dev6.erresse-shop.it\/#\/schema\/logo\/image\/\",\"url\":\"https:\/\/dev6.erresse-shop.it\/wp-content\/uploads\/2025\/01\/LOGO-ERRESSE-CLASSICO.svg\",\"contentUrl\":\"https:\/\/dev6.erresse-shop.it\/wp-content\/uploads\/2025\/01\/LOGO-ERRESSE-CLASSICO.svg\",\"caption\":\"Erresse Shop\"},\"image\":{\"@id\":\"https:\/\/dev6.erresse-shop.it\/#\/schema\/logo\/image\/\"}}]}<\/script>\n<!-- \/ Yoast SEO plugin. -->","yoast_head_json":{"title":"ROSENTHAL Vase La Chute 26 cm Or - dev6 Erresse","description":"La Chute est un vase d\u00e9coratif con\u00e7u par C\u00e9dric Ragot pour Rosenthal. C\u2019est un objet en porcelaine dont la surface est lisse et lumineuse. L\u2019union de deux","robots":{"index":"noindex","follow":"follow","max-snippet":"max-snippet:-1","max-image-preview":"max-image-preview:large","max-video-preview":"max-video-preview:-1"},"og_locale":"fr_FR","og_type":"article","og_title":"ROSENTHAL Vase La Chute 26 cm Or - dev6 Erresse","og_description":"La Chute est un vase d\u00e9coratif con\u00e7u par C\u00e9dric Ragot pour Rosenthal. C\u2019est un objet en porcelaine dont la surface est lisse et lumineuse. L\u2019union de deux","og_url":"https:\/\/dev6.erresse-shop.it\/fr\/shop\/ameublement-maison\/vases-fr\/rosenthal-vase-la-chute-26-cm-or\/","og_site_name":"dev6 Erresse","og_image":[{"url":"https:\/\/interpim.erresse-shop.it\/Import\/Prodotti\/vaso-la-chute-gold-26cm-1.jpg","type":"","width":"","height":""},{"url":"https:\/\/interpim.erresse-shop.it\/Import\/Prodotti\/vaso-la-chute-gold-26cm-1.jpg","width":1024,"height":1024,"type":"image\/jpeg"}],"twitter_card":"summary_large_image","twitter_image":"https:\/\/interpim.erresse-shop.it\/Import\/Prodotti\/vaso-la-chute-gold-26cm-1.jpg","schema":{"@context":"https:\/\/schema.org","@graph":[{"@type":"WebPage","@id":"https:\/\/dev6.erresse-shop.it\/fr\/shop\/ameublement-maison\/vases-fr\/rosenthal-vase-la-chute-26-cm-or\/","url":"https:\/\/dev6.erresse-shop.it\/fr\/shop\/ameublement-maison\/vases-fr\/rosenthal-vase-la-chute-26-cm-or\/","name":"ROSENTHAL Vase La Chute 26 cm Or - dev6 Erresse","isPartOf":{"@id":"https:\/\/dev6.erresse-shop.it\/#website"},"primaryImageOfPage":{"@id":"https:\/\/dev6.erresse-shop.it\/fr\/shop\/ameublement-maison\/vases-fr\/rosenthal-vase-la-chute-26-cm-or\/#primaryimage"},"image":{"@id":"https:\/\/dev6.erresse-shop.it\/fr\/shop\/ameublement-maison\/vases-fr\/rosenthal-vase-la-chute-26-cm-or\/#primaryimage"},"thumbnailUrl":"https:\/\/i2.wp.com\/interpim.erresse-shop.it\/Import\/Prodotti\/vaso-la-chute-gold-26cm-1.jpg?ssl=1","datePublished":"2026-04-12T06:54:19+00:00","description":"La Chute est un vase d\u00e9coratif con\u00e7u par C\u00e9dric Ragot pour Rosenthal. C\u2019est un objet en porcelaine dont la surface est lisse et lumineuse. L\u2019union de deux","breadcrumb":{"@id":"https:\/\/dev6.erresse-shop.it\/fr\/shop\/ameublement-maison\/vases-fr\/rosenthal-vase-la-chute-26-cm-or\/#breadcrumb"},"inLanguage":"fr-FR","potentialAction":[{"@type":"ReadAction","target":["https:\/\/dev6.erresse-shop.it\/fr\/shop\/ameublement-maison\/vases-fr\/rosenthal-vase-la-chute-26-cm-or\/"]}]},{"@type":"ImageObject","inLanguage":"fr-FR","@id":"https:\/\/dev6.erresse-shop.it\/fr\/shop\/ameublement-maison\/vases-fr\/rosenthal-vase-la-chute-26-cm-or\/#primaryimage","url":"https:\/\/i2.wp.com\/interpim.erresse-shop.it\/Import\/Prodotti\/vaso-la-chute-gold-26cm-1.jpg?ssl=1","contentUrl":"https:\/\/i2.wp.com\/interpim.erresse-shop.it\/Import\/Prodotti\/vaso-la-chute-gold-26cm-1.jpg?ssl=1"},{"@type":"BreadcrumbList","@id":"https:\/\/dev6.erresse-shop.it\/fr\/shop\/ameublement-maison\/vases-fr\/rosenthal-vase-la-chute-26-cm-or\/#breadcrumb","itemListElement":[{"@type":"ListItem","position":1,"name":"Home","item":"https:\/\/dev6.erresse-shop.it\/"},{"@type":"ListItem","position":2,"name":"Boutique","item":"https:\/\/dev6.erresse-shop.it\/shop\/"},{"@type":"ListItem","position":3,"name":"ROSENTHAL Vase La Chute 26 cm Or"}]},{"@type":"WebSite","@id":"https:\/\/dev6.erresse-shop.it\/#website","url":"https:\/\/dev6.erresse-shop.it\/","name":"Erresse Shop","description":"","publisher":{"@id":"https:\/\/dev6.erresse-shop.it\/#organization"},"potentialAction":[{"@type":"SearchAction","target":{"@type":"EntryPoint","urlTemplate":"https:\/\/dev6.erresse-shop.it\/?s={search_term_string}"},"query-input":{"@type":"PropertyValueSpecification","valueRequired":true,"valueName":"search_term_string"}}],"inLanguage":"fr-FR"},{"@type":"Organization","@id":"https:\/\/dev6.erresse-shop.it\/#organization","name":"Erresse Shop","url":"https:\/\/dev6.erresse-shop.it\/","logo":{"@type":"ImageObject","inLanguage":"fr-FR","@id":"https:\/\/dev6.erresse-shop.it\/#\/schema\/logo\/image\/","url":"https:\/\/dev6.erresse-shop.it\/wp-content\/uploads\/2025\/01\/LOGO-ERRESSE-CLASSICO.svg","contentUrl":"https:\/\/dev6.erresse-shop.it\/wp-content\/uploads\/2025\/01\/LOGO-ERRESSE-CLASSICO.svg","caption":"Erresse Shop"},"image":{"@id":"https:\/\/dev6.erresse-shop.it\/#\/schema\/logo\/image\/"}}]}},"df_price":299.95,"df_sale_price":299.95,"df_regular_price":359,"df_image_link":"https:\/\/i2.wp.com\/interpim.erresse-shop.it\/Import\/Prodotti\/vaso-la-chute-gold-26cm-1.jpg?resize=300,300&ssl=1","fifu_image_url":"https:\/\/interpim.erresse-shop.it\/Import\/Prodotti\/vaso-la-chute-gold-26cm-1.jpg","_links":{"self":[{"href":"https:\/\/dev6.erresse-shop.it\/fr\/wp-json\/wp\/v2\/product\/59820","targetHints":{"allow":["GET"]}}],"collection":[{"href":"https:\/\/dev6.erresse-shop.it\/fr\/wp-json\/wp\/v2\/product"}],"about":[{"href":"https:\/\/dev6.erresse-shop.it\/fr\/wp-json\/wp\/v2\/types\/product"}],"wp:featuredmedia":[{"embeddable":true,"href":"https:\/\/dev6.erresse-shop.it\/fr\/wp-json\/wp\/v2\/media\/6354880"}],"wp:attachment":[{"href":"https:\/\/dev6.erresse-shop.it\/fr\/wp-json\/wp\/v2\/media?parent=59820"}],"wp:term":[{"taxonomy":"product_cat","embeddable":true,"href":"https:\/\/dev6.erresse-shop.it\/fr\/wp-json\/wp\/v2\/product_cat?post=59820"},{"taxonomy":"product_tag","embeddable":true,"href":"https:\/\/dev6.erresse-shop.it\/fr\/wp-json\/wp\/v2\/product_tag?post=59820"}],"curies":[{"name":"wp","href":"https:\/\/api.w.org\/{rel}","templated":true}]}}