{"id":59780,"date":"2026-04-12T08:53:10","date_gmt":"2026-04-12T06:53:10","guid":{"rendered":"https:\/\/dev6.erresse-shop.it\/shop\/non%20class\u00e9\/sambonet-arthur-krupp-jeu-de-12-assiettes-mandala\/"},"modified":"2025-09-14T04:29:19","modified_gmt":"2025-09-14T02:29:19","slug":"sambonet-arthur-krupp-jeu-de-12-assiettes-mandala","status":"publish","type":"product","link":"https:\/\/dev6.erresse-shop.it\/fr\/shop\/table-fr-2\/plats\/sambonet-arthur-krupp-jeu-de-12-assiettes-mandala\/","title":{"rendered":"SAMBONET ARTHUR KRUPP Jeu de 12 Assiettes Mandala"},"content":{"rendered":"<p>Une collection articul\u00e9e qui trouve sa particularit\u00e9 dans la richesse chromatique et dans les quatre motifs sophistiqu\u00e9s qui la composent, tous consacr\u00e9s \u00e0 l\u2019art du tissage et au symbolisme typique de l\u2019artisanat oriental ancien. Une succession de tourbillons floraux et d\u2019\u00e9l\u00e9ments ornementaux presque calligraphiques, alternant avec la rigueur et la r\u00e9p\u00e9tition aust\u00e8re de motifs g\u00e9om\u00e9triques ordonn\u00e9s. Mandala ouvre la table \u00e0 des atmosph\u00e8res ethniques exotiques, offrant des combinaisons et des alternances infinies entre des assiettes et des accessoires de table enti\u00e8rement d\u00e9cor\u00e9s et monochromes.<\/p>\n<p>Le set pour 4 personnes (12 pi\u00e8ces) comprend une assiette \u00e0 d\u00eener de 27,5 cm de diam\u00e8tre, une assiette \u00e0 soupe de 22 cm de diam\u00e8tre et une assiette \u00e0 fruits de 20 cm de diam\u00e8tre ;<br \/>\nLes d\u00e9corations et les couleurs typiques du gr\u00e8s sont reproduites sur la porcelaine, pour un effet de mati\u00e8re qui conserve le style chaleureux de la c\u00e9ramique, offrant en m\u00eame temps la r\u00e9sistance et la qualit\u00e9 d\u00e9rivant de la cuisson \u00e0 haute temp\u00e9rature.<br \/>\nLavable au lave-vaisselle<br \/>\nPlats en porcelaine<\/p>\n","protected":false},"excerpt":{"rendered":"<p>Une collection articul\u00e9e qui trouve sa particularit\u00e9 dans la richesse chromatique et dans les quatre motifs sophistiqu\u00e9s qui la composent, tous consacr\u00e9s \u00e0 l\u2019art du tissage et au symbolisme typique de l\u2019artisanat oriental ancien. Une succession de tourbillons floraux et d\u2019\u00e9l\u00e9ments ornementaux presque calligraphiques, alternant avec la rigueur et la r\u00e9p\u00e9tition aust\u00e8re de motifs g\u00e9om\u00e9triques [&hellip;]<\/p>\n","protected":false},"featured_media":6354772,"template":"","meta":{"_acf_changed":false},"product_cat":[12014,11995,11671],"product_tag":[],"class_list":{"0":"post-59780","1":"product","2":"type-product","3":"status-publish","4":"has-post-thumbnail","6":"product_cat-plats","7":"product_cat-table-fr-2","8":"product_cat-tavola","10":"first","11":"instock","12":"sale","13":"taxable","14":"shipping-taxable","15":"purchasable","16":"product-type-simple","swatches":"rey-swatches","show_selected":"","stretch_labels":"rey-swatches--stretch-labels"},"acf":[],"yoast_head":"<!-- This site is optimized with the Yoast SEO plugin v25.4 - https:\/\/yoast.com\/wordpress\/plugins\/seo\/ -->\n<title>SAMBONET ARTHUR KRUPP Jeu de 12 Assiettes Mandala - dev6 Erresse<\/title>\n<meta name=\"description\" content=\"Une collection articul\u00e9e qui trouve sa particularit\u00e9 dans la richesse chromatique et dans les quatre motifs sophistiqu\u00e9s qui la composent, tous consacr\u00e9s\" \/>\n<meta name=\"robots\" content=\"noindex, follow, max-snippet:-1, max-image-preview:large, max-video-preview:-1\" \/>\n<meta property=\"og:locale\" content=\"fr_FR\" \/>\n<meta property=\"og:type\" content=\"article\" \/>\n<meta property=\"og:title\" content=\"SAMBONET ARTHUR KRUPP Jeu de 12 Assiettes Mandala - dev6 Erresse\" \/>\n<meta property=\"og:description\" content=\"Une collection articul\u00e9e qui trouve sa particularit\u00e9 dans la richesse chromatique et dans les quatre motifs sophistiqu\u00e9s qui la composent, tous consacr\u00e9s\" \/>\n<meta property=\"og:url\" content=\"https:\/\/dev6.erresse-shop.it\/fr\/shop\/table-fr-2\/plats\/sambonet-arthur-krupp-jeu-de-12-assiettes-mandala\/\" \/>\n<meta property=\"og:site_name\" content=\"dev6 Erresse\" \/>\n<meta property=\"og:image\" content=\"https:\/\/interpim.erresse-shop.it\/img-catalogo\/sambonet\/sambonet-arthur-krupp-set-12-piatti-mandala-2.jpg\" \/><meta property=\"og:image\" content=\"https:\/\/interpim.erresse-shop.it\/img-catalogo\/sambonet\/sambonet-arthur-krupp-set-12-piatti-mandala-2.jpg\" \/>\n\t<meta property=\"og:image:width\" content=\"1024\" \/>\n\t<meta property=\"og:image:height\" content=\"1024\" \/>\n\t<meta property=\"og:image:type\" content=\"image\/jpeg\" \/>\n<meta name=\"twitter:card\" content=\"summary_large_image\" \/>\n<meta name=\"twitter:image\" content=\"https:\/\/interpim.erresse-shop.it\/img-catalogo\/sambonet\/sambonet-arthur-krupp-set-12-piatti-mandala-2.jpg\" \/>\n<script type=\"application\/ld+json\" class=\"yoast-schema-graph\">{\"@context\":\"https:\/\/schema.org\",\"@graph\":[{\"@type\":\"WebPage\",\"@id\":\"https:\/\/dev6.erresse-shop.it\/fr\/shop\/table-fr-2\/plats\/sambonet-arthur-krupp-jeu-de-12-assiettes-mandala\/\",\"url\":\"https:\/\/dev6.erresse-shop.it\/fr\/shop\/table-fr-2\/plats\/sambonet-arthur-krupp-jeu-de-12-assiettes-mandala\/\",\"name\":\"SAMBONET ARTHUR KRUPP Jeu de 12 Assiettes Mandala - dev6 Erresse\",\"isPartOf\":{\"@id\":\"https:\/\/dev6.erresse-shop.it\/#website\"},\"primaryImageOfPage\":{\"@id\":\"https:\/\/dev6.erresse-shop.it\/fr\/shop\/table-fr-2\/plats\/sambonet-arthur-krupp-jeu-de-12-assiettes-mandala\/#primaryimage\"},\"image\":{\"@id\":\"https:\/\/dev6.erresse-shop.it\/fr\/shop\/table-fr-2\/plats\/sambonet-arthur-krupp-jeu-de-12-assiettes-mandala\/#primaryimage\"},\"thumbnailUrl\":\"https:\/\/i0.wp.com\/interpim.erresse-shop.it\/img-catalogo\/sambonet\/sambonet-arthur-krupp-set-12-piatti-mandala-2.jpg?ssl=1\",\"datePublished\":\"2026-04-12T06:53:10+00:00\",\"description\":\"Une collection articul\u00e9e qui trouve sa particularit\u00e9 dans la richesse chromatique et dans les quatre motifs sophistiqu\u00e9s qui la composent, tous consacr\u00e9s\",\"breadcrumb\":{\"@id\":\"https:\/\/dev6.erresse-shop.it\/fr\/shop\/table-fr-2\/plats\/sambonet-arthur-krupp-jeu-de-12-assiettes-mandala\/#breadcrumb\"},\"inLanguage\":\"fr-FR\",\"potentialAction\":[{\"@type\":\"ReadAction\",\"target\":[\"https:\/\/dev6.erresse-shop.it\/fr\/shop\/table-fr-2\/plats\/sambonet-arthur-krupp-jeu-de-12-assiettes-mandala\/\"]}]},{\"@type\":\"ImageObject\",\"inLanguage\":\"fr-FR\",\"@id\":\"https:\/\/dev6.erresse-shop.it\/fr\/shop\/table-fr-2\/plats\/sambonet-arthur-krupp-jeu-de-12-assiettes-mandala\/#primaryimage\",\"url\":\"https:\/\/i0.wp.com\/interpim.erresse-shop.it\/img-catalogo\/sambonet\/sambonet-arthur-krupp-set-12-piatti-mandala-2.jpg?ssl=1\",\"contentUrl\":\"https:\/\/i0.wp.com\/interpim.erresse-shop.it\/img-catalogo\/sambonet\/sambonet-arthur-krupp-set-12-piatti-mandala-2.jpg?ssl=1\"},{\"@type\":\"BreadcrumbList\",\"@id\":\"https:\/\/dev6.erresse-shop.it\/fr\/shop\/table-fr-2\/plats\/sambonet-arthur-krupp-jeu-de-12-assiettes-mandala\/#breadcrumb\",\"itemListElement\":[{\"@type\":\"ListItem\",\"position\":1,\"name\":\"Home\",\"item\":\"https:\/\/dev6.erresse-shop.it\/\"},{\"@type\":\"ListItem\",\"position\":2,\"name\":\"Boutique\",\"item\":\"https:\/\/dev6.erresse-shop.it\/shop\/\"},{\"@type\":\"ListItem\",\"position\":3,\"name\":\"SAMBONET ARTHUR KRUPP Jeu de 12 Assiettes Mandala\"}]},{\"@type\":\"WebSite\",\"@id\":\"https:\/\/dev6.erresse-shop.it\/#website\",\"url\":\"https:\/\/dev6.erresse-shop.it\/\",\"name\":\"Erresse Shop\",\"description\":\"\",\"publisher\":{\"@id\":\"https:\/\/dev6.erresse-shop.it\/#organization\"},\"potentialAction\":[{\"@type\":\"SearchAction\",\"target\":{\"@type\":\"EntryPoint\",\"urlTemplate\":\"https:\/\/dev6.erresse-shop.it\/?s={search_term_string}\"},\"query-input\":{\"@type\":\"PropertyValueSpecification\",\"valueRequired\":true,\"valueName\":\"search_term_string\"}}],\"inLanguage\":\"fr-FR\"},{\"@type\":\"Organization\",\"@id\":\"https:\/\/dev6.erresse-shop.it\/#organization\",\"name\":\"Erresse Shop\",\"url\":\"https:\/\/dev6.erresse-shop.it\/\",\"logo\":{\"@type\":\"ImageObject\",\"inLanguage\":\"fr-FR\",\"@id\":\"https:\/\/dev6.erresse-shop.it\/#\/schema\/logo\/image\/\",\"url\":\"https:\/\/dev6.erresse-shop.it\/wp-content\/uploads\/2025\/01\/LOGO-ERRESSE-CLASSICO.svg\",\"contentUrl\":\"https:\/\/dev6.erresse-shop.it\/wp-content\/uploads\/2025\/01\/LOGO-ERRESSE-CLASSICO.svg\",\"caption\":\"Erresse Shop\"},\"image\":{\"@id\":\"https:\/\/dev6.erresse-shop.it\/#\/schema\/logo\/image\/\"}}]}<\/script>\n<!-- \/ Yoast SEO plugin. -->","yoast_head_json":{"title":"SAMBONET ARTHUR KRUPP Jeu de 12 Assiettes Mandala - dev6 Erresse","description":"Une collection articul\u00e9e qui trouve sa particularit\u00e9 dans la richesse chromatique et dans les quatre motifs sophistiqu\u00e9s qui la composent, tous consacr\u00e9s","robots":{"index":"noindex","follow":"follow","max-snippet":"max-snippet:-1","max-image-preview":"max-image-preview:large","max-video-preview":"max-video-preview:-1"},"og_locale":"fr_FR","og_type":"article","og_title":"SAMBONET ARTHUR KRUPP Jeu de 12 Assiettes Mandala - dev6 Erresse","og_description":"Une collection articul\u00e9e qui trouve sa particularit\u00e9 dans la richesse chromatique et dans les quatre motifs sophistiqu\u00e9s qui la composent, tous consacr\u00e9s","og_url":"https:\/\/dev6.erresse-shop.it\/fr\/shop\/table-fr-2\/plats\/sambonet-arthur-krupp-jeu-de-12-assiettes-mandala\/","og_site_name":"dev6 Erresse","og_image":[{"url":"https:\/\/interpim.erresse-shop.it\/img-catalogo\/sambonet\/sambonet-arthur-krupp-set-12-piatti-mandala-2.jpg","type":"","width":"","height":""},{"url":"https:\/\/interpim.erresse-shop.it\/img-catalogo\/sambonet\/sambonet-arthur-krupp-set-12-piatti-mandala-2.jpg","width":1024,"height":1024,"type":"image\/jpeg"}],"twitter_card":"summary_large_image","twitter_image":"https:\/\/interpim.erresse-shop.it\/img-catalogo\/sambonet\/sambonet-arthur-krupp-set-12-piatti-mandala-2.jpg","schema":{"@context":"https:\/\/schema.org","@graph":[{"@type":"WebPage","@id":"https:\/\/dev6.erresse-shop.it\/fr\/shop\/table-fr-2\/plats\/sambonet-arthur-krupp-jeu-de-12-assiettes-mandala\/","url":"https:\/\/dev6.erresse-shop.it\/fr\/shop\/table-fr-2\/plats\/sambonet-arthur-krupp-jeu-de-12-assiettes-mandala\/","name":"SAMBONET ARTHUR KRUPP Jeu de 12 Assiettes Mandala - dev6 Erresse","isPartOf":{"@id":"https:\/\/dev6.erresse-shop.it\/#website"},"primaryImageOfPage":{"@id":"https:\/\/dev6.erresse-shop.it\/fr\/shop\/table-fr-2\/plats\/sambonet-arthur-krupp-jeu-de-12-assiettes-mandala\/#primaryimage"},"image":{"@id":"https:\/\/dev6.erresse-shop.it\/fr\/shop\/table-fr-2\/plats\/sambonet-arthur-krupp-jeu-de-12-assiettes-mandala\/#primaryimage"},"thumbnailUrl":"https:\/\/i0.wp.com\/interpim.erresse-shop.it\/img-catalogo\/sambonet\/sambonet-arthur-krupp-set-12-piatti-mandala-2.jpg?ssl=1","datePublished":"2026-04-12T06:53:10+00:00","description":"Une collection articul\u00e9e qui trouve sa particularit\u00e9 dans la richesse chromatique et dans les quatre motifs sophistiqu\u00e9s qui la composent, tous consacr\u00e9s","breadcrumb":{"@id":"https:\/\/dev6.erresse-shop.it\/fr\/shop\/table-fr-2\/plats\/sambonet-arthur-krupp-jeu-de-12-assiettes-mandala\/#breadcrumb"},"inLanguage":"fr-FR","potentialAction":[{"@type":"ReadAction","target":["https:\/\/dev6.erresse-shop.it\/fr\/shop\/table-fr-2\/plats\/sambonet-arthur-krupp-jeu-de-12-assiettes-mandala\/"]}]},{"@type":"ImageObject","inLanguage":"fr-FR","@id":"https:\/\/dev6.erresse-shop.it\/fr\/shop\/table-fr-2\/plats\/sambonet-arthur-krupp-jeu-de-12-assiettes-mandala\/#primaryimage","url":"https:\/\/i0.wp.com\/interpim.erresse-shop.it\/img-catalogo\/sambonet\/sambonet-arthur-krupp-set-12-piatti-mandala-2.jpg?ssl=1","contentUrl":"https:\/\/i0.wp.com\/interpim.erresse-shop.it\/img-catalogo\/sambonet\/sambonet-arthur-krupp-set-12-piatti-mandala-2.jpg?ssl=1"},{"@type":"BreadcrumbList","@id":"https:\/\/dev6.erresse-shop.it\/fr\/shop\/table-fr-2\/plats\/sambonet-arthur-krupp-jeu-de-12-assiettes-mandala\/#breadcrumb","itemListElement":[{"@type":"ListItem","position":1,"name":"Home","item":"https:\/\/dev6.erresse-shop.it\/"},{"@type":"ListItem","position":2,"name":"Boutique","item":"https:\/\/dev6.erresse-shop.it\/shop\/"},{"@type":"ListItem","position":3,"name":"SAMBONET ARTHUR KRUPP Jeu de 12 Assiettes Mandala"}]},{"@type":"WebSite","@id":"https:\/\/dev6.erresse-shop.it\/#website","url":"https:\/\/dev6.erresse-shop.it\/","name":"Erresse Shop","description":"","publisher":{"@id":"https:\/\/dev6.erresse-shop.it\/#organization"},"potentialAction":[{"@type":"SearchAction","target":{"@type":"EntryPoint","urlTemplate":"https:\/\/dev6.erresse-shop.it\/?s={search_term_string}"},"query-input":{"@type":"PropertyValueSpecification","valueRequired":true,"valueName":"search_term_string"}}],"inLanguage":"fr-FR"},{"@type":"Organization","@id":"https:\/\/dev6.erresse-shop.it\/#organization","name":"Erresse Shop","url":"https:\/\/dev6.erresse-shop.it\/","logo":{"@type":"ImageObject","inLanguage":"fr-FR","@id":"https:\/\/dev6.erresse-shop.it\/#\/schema\/logo\/image\/","url":"https:\/\/dev6.erresse-shop.it\/wp-content\/uploads\/2025\/01\/LOGO-ERRESSE-CLASSICO.svg","contentUrl":"https:\/\/dev6.erresse-shop.it\/wp-content\/uploads\/2025\/01\/LOGO-ERRESSE-CLASSICO.svg","caption":"Erresse Shop"},"image":{"@id":"https:\/\/dev6.erresse-shop.it\/#\/schema\/logo\/image\/"}}]}},"df_price":89,"df_sale_price":89,"df_regular_price":219.9,"df_image_link":"https:\/\/i0.wp.com\/interpim.erresse-shop.it\/img-catalogo\/sambonet\/sambonet-arthur-krupp-set-12-piatti-mandala-2.jpg?resize=300,300&ssl=1","fifu_image_url":"https:\/\/interpim.erresse-shop.it\/img-catalogo\/sambonet\/sambonet-arthur-krupp-set-12-piatti-mandala-2.jpg","_links":{"self":[{"href":"https:\/\/dev6.erresse-shop.it\/fr\/wp-json\/wp\/v2\/product\/59780","targetHints":{"allow":["GET"]}}],"collection":[{"href":"https:\/\/dev6.erresse-shop.it\/fr\/wp-json\/wp\/v2\/product"}],"about":[{"href":"https:\/\/dev6.erresse-shop.it\/fr\/wp-json\/wp\/v2\/types\/product"}],"wp:featuredmedia":[{"embeddable":true,"href":"https:\/\/dev6.erresse-shop.it\/fr\/wp-json\/wp\/v2\/media\/6354772"}],"wp:attachment":[{"href":"https:\/\/dev6.erresse-shop.it\/fr\/wp-json\/wp\/v2\/media?parent=59780"}],"wp:term":[{"taxonomy":"product_cat","embeddable":true,"href":"https:\/\/dev6.erresse-shop.it\/fr\/wp-json\/wp\/v2\/product_cat?post=59780"},{"taxonomy":"product_tag","embeddable":true,"href":"https:\/\/dev6.erresse-shop.it\/fr\/wp-json\/wp\/v2\/product_tag?post=59780"}],"curies":[{"name":"wp","href":"https:\/\/api.w.org\/{rel}","templated":true}]}}