{"id":59760,"date":"2026-04-04T08:50:34","date_gmt":"2026-04-04T06:50:34","guid":{"rendered":"https:\/\/dev6.erresse-shop.it\/shop\/non%20class\u00e9\/le-creuset-cocotte-a-pain-en-fonte-emaillee-24-cm-noir\/"},"modified":"2025-09-14T04:28:48","modified_gmt":"2025-09-14T02:28:48","slug":"le-creuset-cocotte-a-pain-en-fonte-emaillee-24-cm-noir","status":"publish","type":"product","link":"https:\/\/dev6.erresse-shop.it\/fr\/shop\/poeles-pots\/plats-et-casseroles-a-four\/le-creuset-cocotte-a-pain-en-fonte-emaillee-24-cm-noir\/","title":{"rendered":"LE CREUSET Cocotte \u00e0 Pain en Fonte \u00c9maill\u00e9e 24 cm Noir"},"content":{"rendered":"<p>R\u00e9ussir la cuisson du pain chez soi n\u2019a jamais \u00e9t\u00e9 aussi facile. Notre fonte \u00e9maill\u00e9e optimise la r\u00e9partition et la r\u00e9tention de la chaleur. La forme de la cocotte \u00e0 pain est \u00e9tudi\u00e9e pour obtenir des r\u00e9sultats dignes d\u2019un boulanger. Son couvercle herm\u00e9tique en forme de d\u00f4me est con\u00e7u pour faire circuler la chaleur et les vapeurs de cuisson favorisant ainsi la lev\u00e9e du pain et la cr\u00e9ation d\u2019une d\u00e9licieuse cro\u00fbte. La profondeur de la base favorise une cuisson uniforme et une cro\u00fbte dor\u00e9e bien croustillante, sign\u00e9e de nos trois anneaux embl\u00e9matiques. Avec son \u00e9mail int\u00e9rieur noir mat, son bouton Inox et ses poign\u00e9es ergonomiques, la cocotte \u00e0 pain Le Creuset permet d\u2019obtenir des cuissons exceptionnelles, comme \u00e0 la boulangerie.<\/p>\n<p>Pas d\u2019inqui\u00e9tude : notre bouton thermor\u00e9sistant (jusqu\u2019\u00e0 260 \u00b0C) est con\u00e7u pour vous offrir une meilleure prise en main, m\u00eame en portant un gant de cuisine pour soulever le couvercle.<br \/>\nDes poign\u00e9es de r\u00eave : en saisissant ses grandes poign\u00e9es, vous pouvez facilement passer de la plaque de cuisson au four et \u00e0 la table, m\u00eame en portant des gants de cuisine.<br \/>\nDes plats savoureux : la conception en fonte \u00e9maill\u00e9e retient la chaleur pour une cuisson uniforme et dor\u00e9e. Vos plats gourmands resteront \u00e9galement plus longtemps au chaud \u00e0 table.<br \/>\nBonne prise en main : ses poign\u00e9es \u00e9l\u00e9gantes et agr\u00e9ables sont parfaites pour le soulever en toute s\u00e9curit\u00e9.<br \/>\nContr\u00f4le de la temp\u00e9rature : cuisinez \u00e0 feu doux ou mod\u00e9r\u00e9 pour prendre soin de votre fonte \u00e9maill\u00e9e et obtenir des r\u00e9sultats sensationnels.<br \/>\nLe summum de l\u2019excellence : nos produits sont fabriqu\u00e9s \u00e0 partir de mat\u00e9riaux haut de gamme dans des usines du monde entier, ce qui vous assure la qualit\u00e9 que vous \u00eates en droit d\u2019attendre d\u2019un produit Le Creuset.<\/p>\n<p>Mat\u00e9riau: Fonte \u00e9maill\u00e9e<br \/>\nFabriqu\u00e9 en: France<br \/>\nGarantie: Garantie \u00e0 vie<\/p>\n<p>Source de chaleur:<\/p>\n<p>Gril<br \/>\nFour<br \/>\nPlaque \u00e9lectrique<br \/>\nPlaque de cuisson en vitroc\u00e9ramique<br \/>\nGaz<br \/>\nInduction<\/p>\n<p>Nettoyage<\/p>\n<p>Laissez refroidir votre produit avant de le nettoyer.<br \/>\nEssuyez tout \u00e9coulement qui serait sur la base et les parois du produit. Si votre pr\u00e9paration a attach\u00e9, remplissez le produit d\u2019eau chaude avec du liquide vaisselle et laissez tremper 15 \u00e0 20 minutes avant de le laver comme d\u2019habitude.<br \/>\nN\u2019utilisez pas de d\u00e9tergent d\u00e9capant, d\u2019\u00e9ponge avec rev\u00eatement abrasif ou en m\u00e9tal ou encore de brosse \u00e0 r\u00e9curer \u00e0 poils durs sur toutes les surfaces de votre produit.<br \/>\nS\u00e9chez-le bien ensuite et rangez-le dans un endroit sec.<\/p>\n","protected":false},"excerpt":{"rendered":"<p>R\u00e9ussir la cuisson du pain chez soi n\u2019a jamais \u00e9t\u00e9 aussi facile. Notre fonte \u00e9maill\u00e9e optimise la r\u00e9partition et la r\u00e9tention de la chaleur. La forme de la cocotte \u00e0 pain est \u00e9tudi\u00e9e pour obtenir des r\u00e9sultats dignes d\u2019un boulanger. Son couvercle herm\u00e9tique en forme de d\u00f4me est con\u00e7u pour faire circuler la chaleur et [&hellip;]<\/p>\n","protected":false},"featured_media":6271332,"template":"","meta":{"_acf_changed":false},"product_cat":[11667,12050,11991],"product_tag":[],"class_list":{"0":"post-59760","1":"product","2":"type-product","3":"status-publish","4":"has-post-thumbnail","6":"product_cat-padelle-pentole","7":"product_cat-plats-et-casseroles-a-four","8":"product_cat-poeles-pots","10":"first","11":"instock","12":"sale","13":"taxable","14":"shipping-taxable","15":"purchasable","16":"product-type-simple","swatches":"rey-swatches","show_selected":"","stretch_labels":"rey-swatches--stretch-labels"},"acf":[],"yoast_head":"<!-- This site is optimized with the Yoast SEO plugin v25.4 - https:\/\/yoast.com\/wordpress\/plugins\/seo\/ -->\n<title>LE CREUSET Cocotte \u00e0 Pain en Fonte \u00c9maill\u00e9e 24 cm Noir - dev6 Erresse<\/title>\n<meta name=\"description\" content=\"R\u00e9ussir la cuisson du pain chez soi n\u2019a jamais \u00e9t\u00e9 aussi facile. Notre fonte \u00e9maill\u00e9e optimise la r\u00e9partition et la r\u00e9tention de la chaleur. La forme de\" \/>\n<meta name=\"robots\" content=\"noindex, follow, max-snippet:-1, max-image-preview:large, max-video-preview:-1\" \/>\n<meta property=\"og:locale\" content=\"fr_FR\" \/>\n<meta property=\"og:type\" content=\"article\" \/>\n<meta property=\"og:title\" content=\"LE CREUSET Cocotte \u00e0 Pain en Fonte \u00c9maill\u00e9e 24 cm Noir - dev6 Erresse\" \/>\n<meta property=\"og:description\" content=\"R\u00e9ussir la cuisson du pain chez soi n\u2019a jamais \u00e9t\u00e9 aussi facile. Notre fonte \u00e9maill\u00e9e optimise la r\u00e9partition et la r\u00e9tention de la chaleur. La forme de\" \/>\n<meta property=\"og:url\" content=\"https:\/\/dev6.erresse-shop.it\/fr\/shop\/poeles-pots\/plats-et-casseroles-a-four\/le-creuset-cocotte-a-pain-en-fonte-emaillee-24-cm-noir\/\" \/>\n<meta property=\"og:site_name\" content=\"dev6 Erresse\" \/>\n<meta property=\"og:image\" content=\"https:\/\/interpim.erresse-shop.it\/Import\/Prodotti\/le-creuset-cocotte-per-pane-24-cm-nero.jpg\" \/><meta property=\"og:image\" content=\"https:\/\/interpim.erresse-shop.it\/Import\/Prodotti\/le-creuset-cocotte-per-pane-24-cm-nero.jpg\" \/>\n\t<meta property=\"og:image:width\" content=\"1024\" \/>\n\t<meta property=\"og:image:height\" content=\"1024\" \/>\n\t<meta property=\"og:image:type\" content=\"image\/jpeg\" \/>\n<meta name=\"twitter:card\" content=\"summary_large_image\" \/>\n<meta name=\"twitter:image\" content=\"https:\/\/interpim.erresse-shop.it\/Import\/Prodotti\/le-creuset-cocotte-per-pane-24-cm-nero.jpg\" \/>\n<script type=\"application\/ld+json\" class=\"yoast-schema-graph\">{\"@context\":\"https:\/\/schema.org\",\"@graph\":[{\"@type\":\"WebPage\",\"@id\":\"https:\/\/dev6.erresse-shop.it\/fr\/shop\/poeles-pots\/plats-et-casseroles-a-four\/le-creuset-cocotte-a-pain-en-fonte-emaillee-24-cm-noir\/\",\"url\":\"https:\/\/dev6.erresse-shop.it\/fr\/shop\/poeles-pots\/plats-et-casseroles-a-four\/le-creuset-cocotte-a-pain-en-fonte-emaillee-24-cm-noir\/\",\"name\":\"LE CREUSET Cocotte \u00e0 Pain en Fonte \u00c9maill\u00e9e 24 cm Noir - dev6 Erresse\",\"isPartOf\":{\"@id\":\"https:\/\/dev6.erresse-shop.it\/#website\"},\"primaryImageOfPage\":{\"@id\":\"https:\/\/dev6.erresse-shop.it\/fr\/shop\/poeles-pots\/plats-et-casseroles-a-four\/le-creuset-cocotte-a-pain-en-fonte-emaillee-24-cm-noir\/#primaryimage\"},\"image\":{\"@id\":\"https:\/\/dev6.erresse-shop.it\/fr\/shop\/poeles-pots\/plats-et-casseroles-a-four\/le-creuset-cocotte-a-pain-en-fonte-emaillee-24-cm-noir\/#primaryimage\"},\"thumbnailUrl\":\"https:\/\/i1.wp.com\/interpim.erresse-shop.it\/Import\/Prodotti\/le-creuset-cocotte-per-pane-24-cm-nero.jpg?ssl=1\",\"datePublished\":\"2026-04-04T06:50:34+00:00\",\"description\":\"R\u00e9ussir la cuisson du pain chez soi n\u2019a jamais \u00e9t\u00e9 aussi facile. Notre fonte \u00e9maill\u00e9e optimise la r\u00e9partition et la r\u00e9tention de la chaleur. La forme de\",\"breadcrumb\":{\"@id\":\"https:\/\/dev6.erresse-shop.it\/fr\/shop\/poeles-pots\/plats-et-casseroles-a-four\/le-creuset-cocotte-a-pain-en-fonte-emaillee-24-cm-noir\/#breadcrumb\"},\"inLanguage\":\"fr-FR\",\"potentialAction\":[{\"@type\":\"ReadAction\",\"target\":[\"https:\/\/dev6.erresse-shop.it\/fr\/shop\/poeles-pots\/plats-et-casseroles-a-four\/le-creuset-cocotte-a-pain-en-fonte-emaillee-24-cm-noir\/\"]}]},{\"@type\":\"ImageObject\",\"inLanguage\":\"fr-FR\",\"@id\":\"https:\/\/dev6.erresse-shop.it\/fr\/shop\/poeles-pots\/plats-et-casseroles-a-four\/le-creuset-cocotte-a-pain-en-fonte-emaillee-24-cm-noir\/#primaryimage\",\"url\":\"https:\/\/i1.wp.com\/interpim.erresse-shop.it\/Import\/Prodotti\/le-creuset-cocotte-per-pane-24-cm-nero.jpg?ssl=1\",\"contentUrl\":\"https:\/\/i1.wp.com\/interpim.erresse-shop.it\/Import\/Prodotti\/le-creuset-cocotte-per-pane-24-cm-nero.jpg?ssl=1\"},{\"@type\":\"BreadcrumbList\",\"@id\":\"https:\/\/dev6.erresse-shop.it\/fr\/shop\/poeles-pots\/plats-et-casseroles-a-four\/le-creuset-cocotte-a-pain-en-fonte-emaillee-24-cm-noir\/#breadcrumb\",\"itemListElement\":[{\"@type\":\"ListItem\",\"position\":1,\"name\":\"Home\",\"item\":\"https:\/\/dev6.erresse-shop.it\/\"},{\"@type\":\"ListItem\",\"position\":2,\"name\":\"Boutique\",\"item\":\"https:\/\/dev6.erresse-shop.it\/shop\/\"},{\"@type\":\"ListItem\",\"position\":3,\"name\":\"LE CREUSET Cocotte \u00e0 Pain en Fonte \u00c9maill\u00e9e 24 cm Noir\"}]},{\"@type\":\"WebSite\",\"@id\":\"https:\/\/dev6.erresse-shop.it\/#website\",\"url\":\"https:\/\/dev6.erresse-shop.it\/\",\"name\":\"Erresse Shop\",\"description\":\"\",\"publisher\":{\"@id\":\"https:\/\/dev6.erresse-shop.it\/#organization\"},\"potentialAction\":[{\"@type\":\"SearchAction\",\"target\":{\"@type\":\"EntryPoint\",\"urlTemplate\":\"https:\/\/dev6.erresse-shop.it\/?s={search_term_string}\"},\"query-input\":{\"@type\":\"PropertyValueSpecification\",\"valueRequired\":true,\"valueName\":\"search_term_string\"}}],\"inLanguage\":\"fr-FR\"},{\"@type\":\"Organization\",\"@id\":\"https:\/\/dev6.erresse-shop.it\/#organization\",\"name\":\"Erresse Shop\",\"url\":\"https:\/\/dev6.erresse-shop.it\/\",\"logo\":{\"@type\":\"ImageObject\",\"inLanguage\":\"fr-FR\",\"@id\":\"https:\/\/dev6.erresse-shop.it\/#\/schema\/logo\/image\/\",\"url\":\"https:\/\/dev6.erresse-shop.it\/wp-content\/uploads\/2025\/01\/LOGO-ERRESSE-CLASSICO.svg\",\"contentUrl\":\"https:\/\/dev6.erresse-shop.it\/wp-content\/uploads\/2025\/01\/LOGO-ERRESSE-CLASSICO.svg\",\"caption\":\"Erresse Shop\"},\"image\":{\"@id\":\"https:\/\/dev6.erresse-shop.it\/#\/schema\/logo\/image\/\"}}]}<\/script>\n<!-- \/ Yoast SEO plugin. -->","yoast_head_json":{"title":"LE CREUSET Cocotte \u00e0 Pain en Fonte \u00c9maill\u00e9e 24 cm Noir - dev6 Erresse","description":"R\u00e9ussir la cuisson du pain chez soi n\u2019a jamais \u00e9t\u00e9 aussi facile. Notre fonte \u00e9maill\u00e9e optimise la r\u00e9partition et la r\u00e9tention de la chaleur. La forme de","robots":{"index":"noindex","follow":"follow","max-snippet":"max-snippet:-1","max-image-preview":"max-image-preview:large","max-video-preview":"max-video-preview:-1"},"og_locale":"fr_FR","og_type":"article","og_title":"LE CREUSET Cocotte \u00e0 Pain en Fonte \u00c9maill\u00e9e 24 cm Noir - dev6 Erresse","og_description":"R\u00e9ussir la cuisson du pain chez soi n\u2019a jamais \u00e9t\u00e9 aussi facile. Notre fonte \u00e9maill\u00e9e optimise la r\u00e9partition et la r\u00e9tention de la chaleur. La forme de","og_url":"https:\/\/dev6.erresse-shop.it\/fr\/shop\/poeles-pots\/plats-et-casseroles-a-four\/le-creuset-cocotte-a-pain-en-fonte-emaillee-24-cm-noir\/","og_site_name":"dev6 Erresse","og_image":[{"url":"https:\/\/interpim.erresse-shop.it\/Import\/Prodotti\/le-creuset-cocotte-per-pane-24-cm-nero.jpg","type":"","width":"","height":""},{"url":"https:\/\/interpim.erresse-shop.it\/Import\/Prodotti\/le-creuset-cocotte-per-pane-24-cm-nero.jpg","width":1024,"height":1024,"type":"image\/jpeg"}],"twitter_card":"summary_large_image","twitter_image":"https:\/\/interpim.erresse-shop.it\/Import\/Prodotti\/le-creuset-cocotte-per-pane-24-cm-nero.jpg","schema":{"@context":"https:\/\/schema.org","@graph":[{"@type":"WebPage","@id":"https:\/\/dev6.erresse-shop.it\/fr\/shop\/poeles-pots\/plats-et-casseroles-a-four\/le-creuset-cocotte-a-pain-en-fonte-emaillee-24-cm-noir\/","url":"https:\/\/dev6.erresse-shop.it\/fr\/shop\/poeles-pots\/plats-et-casseroles-a-four\/le-creuset-cocotte-a-pain-en-fonte-emaillee-24-cm-noir\/","name":"LE CREUSET Cocotte \u00e0 Pain en Fonte \u00c9maill\u00e9e 24 cm Noir - dev6 Erresse","isPartOf":{"@id":"https:\/\/dev6.erresse-shop.it\/#website"},"primaryImageOfPage":{"@id":"https:\/\/dev6.erresse-shop.it\/fr\/shop\/poeles-pots\/plats-et-casseroles-a-four\/le-creuset-cocotte-a-pain-en-fonte-emaillee-24-cm-noir\/#primaryimage"},"image":{"@id":"https:\/\/dev6.erresse-shop.it\/fr\/shop\/poeles-pots\/plats-et-casseroles-a-four\/le-creuset-cocotte-a-pain-en-fonte-emaillee-24-cm-noir\/#primaryimage"},"thumbnailUrl":"https:\/\/i1.wp.com\/interpim.erresse-shop.it\/Import\/Prodotti\/le-creuset-cocotte-per-pane-24-cm-nero.jpg?ssl=1","datePublished":"2026-04-04T06:50:34+00:00","description":"R\u00e9ussir la cuisson du pain chez soi n\u2019a jamais \u00e9t\u00e9 aussi facile. Notre fonte \u00e9maill\u00e9e optimise la r\u00e9partition et la r\u00e9tention de la chaleur. La forme de","breadcrumb":{"@id":"https:\/\/dev6.erresse-shop.it\/fr\/shop\/poeles-pots\/plats-et-casseroles-a-four\/le-creuset-cocotte-a-pain-en-fonte-emaillee-24-cm-noir\/#breadcrumb"},"inLanguage":"fr-FR","potentialAction":[{"@type":"ReadAction","target":["https:\/\/dev6.erresse-shop.it\/fr\/shop\/poeles-pots\/plats-et-casseroles-a-four\/le-creuset-cocotte-a-pain-en-fonte-emaillee-24-cm-noir\/"]}]},{"@type":"ImageObject","inLanguage":"fr-FR","@id":"https:\/\/dev6.erresse-shop.it\/fr\/shop\/poeles-pots\/plats-et-casseroles-a-four\/le-creuset-cocotte-a-pain-en-fonte-emaillee-24-cm-noir\/#primaryimage","url":"https:\/\/i1.wp.com\/interpim.erresse-shop.it\/Import\/Prodotti\/le-creuset-cocotte-per-pane-24-cm-nero.jpg?ssl=1","contentUrl":"https:\/\/i1.wp.com\/interpim.erresse-shop.it\/Import\/Prodotti\/le-creuset-cocotte-per-pane-24-cm-nero.jpg?ssl=1"},{"@type":"BreadcrumbList","@id":"https:\/\/dev6.erresse-shop.it\/fr\/shop\/poeles-pots\/plats-et-casseroles-a-four\/le-creuset-cocotte-a-pain-en-fonte-emaillee-24-cm-noir\/#breadcrumb","itemListElement":[{"@type":"ListItem","position":1,"name":"Home","item":"https:\/\/dev6.erresse-shop.it\/"},{"@type":"ListItem","position":2,"name":"Boutique","item":"https:\/\/dev6.erresse-shop.it\/shop\/"},{"@type":"ListItem","position":3,"name":"LE CREUSET Cocotte \u00e0 Pain en Fonte \u00c9maill\u00e9e 24 cm Noir"}]},{"@type":"WebSite","@id":"https:\/\/dev6.erresse-shop.it\/#website","url":"https:\/\/dev6.erresse-shop.it\/","name":"Erresse Shop","description":"","publisher":{"@id":"https:\/\/dev6.erresse-shop.it\/#organization"},"potentialAction":[{"@type":"SearchAction","target":{"@type":"EntryPoint","urlTemplate":"https:\/\/dev6.erresse-shop.it\/?s={search_term_string}"},"query-input":{"@type":"PropertyValueSpecification","valueRequired":true,"valueName":"search_term_string"}}],"inLanguage":"fr-FR"},{"@type":"Organization","@id":"https:\/\/dev6.erresse-shop.it\/#organization","name":"Erresse Shop","url":"https:\/\/dev6.erresse-shop.it\/","logo":{"@type":"ImageObject","inLanguage":"fr-FR","@id":"https:\/\/dev6.erresse-shop.it\/#\/schema\/logo\/image\/","url":"https:\/\/dev6.erresse-shop.it\/wp-content\/uploads\/2025\/01\/LOGO-ERRESSE-CLASSICO.svg","contentUrl":"https:\/\/dev6.erresse-shop.it\/wp-content\/uploads\/2025\/01\/LOGO-ERRESSE-CLASSICO.svg","caption":"Erresse Shop"},"image":{"@id":"https:\/\/dev6.erresse-shop.it\/#\/schema\/logo\/image\/"}}]}},"df_price":199.95,"df_sale_price":199.95,"df_regular_price":279,"df_image_link":"https:\/\/i1.wp.com\/interpim.erresse-shop.it\/Import\/Prodotti\/le-creuset-cocotte-per-pane-24-cm-nero.jpg?resize=300,300&ssl=1","fifu_image_url":"https:\/\/interpim.erresse-shop.it\/Import\/Prodotti\/le-creuset-cocotte-per-pane-24-cm-nero.jpg","_links":{"self":[{"href":"https:\/\/dev6.erresse-shop.it\/fr\/wp-json\/wp\/v2\/product\/59760","targetHints":{"allow":["GET"]}}],"collection":[{"href":"https:\/\/dev6.erresse-shop.it\/fr\/wp-json\/wp\/v2\/product"}],"about":[{"href":"https:\/\/dev6.erresse-shop.it\/fr\/wp-json\/wp\/v2\/types\/product"}],"wp:featuredmedia":[{"embeddable":true,"href":"https:\/\/dev6.erresse-shop.it\/fr\/wp-json\/wp\/v2\/media\/6271332"}],"wp:attachment":[{"href":"https:\/\/dev6.erresse-shop.it\/fr\/wp-json\/wp\/v2\/media?parent=59760"}],"wp:term":[{"taxonomy":"product_cat","embeddable":true,"href":"https:\/\/dev6.erresse-shop.it\/fr\/wp-json\/wp\/v2\/product_cat?post=59760"},{"taxonomy":"product_tag","embeddable":true,"href":"https:\/\/dev6.erresse-shop.it\/fr\/wp-json\/wp\/v2\/product_tag?post=59760"}],"curies":[{"name":"wp","href":"https:\/\/api.w.org\/{rel}","templated":true}]}}