{"id":59758,"date":"2026-04-04T08:50:34","date_gmt":"2026-04-04T06:50:34","guid":{"rendered":"https:\/\/dev6.erresse-shop.it\/shop\/non%20class\u00e9\/le-creuset-faitout-en-fonte-emaillee-30-cm-vert\/"},"modified":"2025-09-14T04:28:45","modified_gmt":"2025-09-14T02:28:45","slug":"le-creuset-faitout-en-fonte-emaillee-30-cm-vert","status":"publish","type":"product","link":"https:\/\/dev6.erresse-shop.it\/fr\/shop\/poeles-pots\/sauteuses-et-faitout\/le-creuset-faitout-en-fonte-emaillee-30-cm-vert\/","title":{"rendered":"LE CREUSET Faitout en fonte \u00e9maill\u00e9e 30 cm Vert"},"content":{"rendered":"<p>Fabriqu\u00e9es dans notre usine historique fran\u00e7aise, nos pi\u00e8ces en fonte \u00e9maill\u00e9e sont devenues des r\u00e9f\u00e9rences dans le monde des arts de la table. Ce faitout ne fait pas exception \u00e0 la r\u00e8gle. La grande surface plane et les parois peu profondes de ce faitout sont id\u00e9ales pour faire dorer viande et l\u00e9gumes, faire rissoler, cuire au four ou mettre \u00e0 mijoter vos plats en sauce. La perfection pour obtenir une belle caram\u00e9lisation des sucs de cuisson et des saveurs gourmandes.<\/p>\n<p>Caract\u00e9ristiques<br \/>\nPas d\u2019inqui\u00e9tude : notre bouton thermor\u00e9sistant (jusqu\u2019\u00e0 250 \u00b0C) est con\u00e7u pour vous offrir une meilleure prise en main, m\u00eame en portant un gant de cuisine pour soulever le couvercle.<br \/>\nUn nettoyage express : l\u2019int\u00e9rieur en fonte \u00e9maill\u00e9e rend le nettoyage plus facile.<br \/>\nDes poign\u00e9es de r\u00eave : en saisissant ses grandes poign\u00e9es, vous pouvez facilement passer de la plaque de cuisson au four et \u00e0 la table, m\u00eame en portant des gants de cuisine.<br \/>\nUn ustensile ultra polyvalent : passe au four, sur les plaques de cuisson, y compris \u00e0 induction, et m\u00eame sous le gril.<br \/>\nDes plats savoureux : la conception en fonte \u00e9maill\u00e9e retient la chaleur pour une cuisson uniforme et dor\u00e9e. Vos plats gourmands resteront \u00e9galement plus longtemps au chaud \u00e0 table.<br \/>\nUne cuisson en vase clos : notre couvercle herm\u00e9tique amplifie la condensation des vapeurs de cuisson qui \u00e0 leur tour rehaussent les saveurs de vos pr\u00e9parations, pour un r\u00e9sultat sensationnel.<br \/>\nBonne prise en main : ses poign\u00e9es \u00e9l\u00e9gantes et agr\u00e9ables sont parfaites pour le soulever en toute s\u00e9curit\u00e9.<br \/>\nLes couleurs de l\u2019arc-en-ciel : disponible dans une sublime palette de couleurs acidul\u00e9es, notre gamme apporte un zeste de fantaisie \u00e0 votre cuisine.<br \/>\nContr\u00f4le de la temp\u00e9rature : cuisinez \u00e0 feu doux ou mod\u00e9r\u00e9 pour prendre soin de votre fonte \u00e9maill\u00e9e et obtenir des r\u00e9sultats sensationnels.<\/p>\n<p>Mat\u00e9riau: Fonte \u00e9maill\u00e9e<br \/>\nFabriqu\u00e9 en France<br \/>\nGarantie \u00e0 vie<\/p>\n","protected":false},"excerpt":{"rendered":"<p>Fabriqu\u00e9es dans notre usine historique fran\u00e7aise, nos pi\u00e8ces en fonte \u00e9maill\u00e9e sont devenues des r\u00e9f\u00e9rences dans le monde des arts de la table. Ce faitout ne fait pas exception \u00e0 la r\u00e8gle. La grande surface plane et les parois peu profondes de ce faitout sont id\u00e9ales pour faire dorer viande et l\u00e9gumes, faire rissoler, cuire [&hellip;]<\/p>\n","protected":false},"featured_media":6271310,"template":"","meta":{"_acf_changed":false},"product_cat":[11667,11991,12012],"product_tag":[],"class_list":{"0":"post-59758","1":"product","2":"type-product","3":"status-publish","4":"has-post-thumbnail","6":"product_cat-padelle-pentole","7":"product_cat-poeles-pots","8":"product_cat-sauteuses-et-faitout","10":"first","11":"outofstock","12":"sale","13":"taxable","14":"shipping-taxable","15":"purchasable","16":"product-type-simple","swatches":"rey-swatches","show_selected":"","stretch_labels":"rey-swatches--stretch-labels"},"acf":[],"yoast_head":"<!-- This site is optimized with the Yoast SEO plugin v25.4 - https:\/\/yoast.com\/wordpress\/plugins\/seo\/ -->\n<title>LE CREUSET Faitout en fonte \u00e9maill\u00e9e 30 cm Vert - dev6 Erresse<\/title>\n<meta name=\"description\" content=\"Fabriqu\u00e9es dans notre usine historique fran\u00e7aise, nos pi\u00e8ces en fonte \u00e9maill\u00e9e sont devenues des r\u00e9f\u00e9rences dans le monde des arts de la table. Ce faitout\" \/>\n<meta name=\"robots\" content=\"noindex, follow, max-snippet:-1, max-image-preview:large, max-video-preview:-1\" \/>\n<meta property=\"og:locale\" content=\"fr_FR\" \/>\n<meta property=\"og:type\" content=\"article\" \/>\n<meta property=\"og:title\" content=\"LE CREUSET Faitout en fonte \u00e9maill\u00e9e 30 cm Vert - dev6 Erresse\" \/>\n<meta property=\"og:description\" content=\"Fabriqu\u00e9es dans notre usine historique fran\u00e7aise, nos pi\u00e8ces en fonte \u00e9maill\u00e9e sont devenues des r\u00e9f\u00e9rences dans le monde des arts de la table. Ce faitout\" \/>\n<meta property=\"og:url\" content=\"https:\/\/dev6.erresse-shop.it\/fr\/shop\/poeles-pots\/sauteuses-et-faitout\/le-creuset-faitout-en-fonte-emaillee-30-cm-vert\/\" \/>\n<meta property=\"og:site_name\" content=\"dev6 Erresse\" \/>\n<meta property=\"og:image\" content=\"https:\/\/interpim.erresse-shop.it\/Import\/Prodotti\/le-creuset-tegame-basso-evolution-in-ghisa-30-cm-verde-bambo.jpg\" \/><meta property=\"og:image\" content=\"https:\/\/interpim.erresse-shop.it\/Import\/Prodotti\/le-creuset-tegame-basso-evolution-in-ghisa-30-cm-verde-bambo.jpg\" \/>\n\t<meta property=\"og:image:width\" content=\"1024\" \/>\n\t<meta property=\"og:image:height\" content=\"1024\" \/>\n\t<meta property=\"og:image:type\" content=\"image\/jpeg\" \/>\n<meta name=\"twitter:card\" content=\"summary_large_image\" \/>\n<meta name=\"twitter:image\" content=\"https:\/\/interpim.erresse-shop.it\/Import\/Prodotti\/le-creuset-tegame-basso-evolution-in-ghisa-30-cm-verde-bambo.jpg\" \/>\n<script type=\"application\/ld+json\" class=\"yoast-schema-graph\">{\"@context\":\"https:\/\/schema.org\",\"@graph\":[{\"@type\":\"WebPage\",\"@id\":\"https:\/\/dev6.erresse-shop.it\/fr\/shop\/poeles-pots\/sauteuses-et-faitout\/le-creuset-faitout-en-fonte-emaillee-30-cm-vert\/\",\"url\":\"https:\/\/dev6.erresse-shop.it\/fr\/shop\/poeles-pots\/sauteuses-et-faitout\/le-creuset-faitout-en-fonte-emaillee-30-cm-vert\/\",\"name\":\"LE CREUSET Faitout en fonte \u00e9maill\u00e9e 30 cm Vert - dev6 Erresse\",\"isPartOf\":{\"@id\":\"https:\/\/dev6.erresse-shop.it\/#website\"},\"primaryImageOfPage\":{\"@id\":\"https:\/\/dev6.erresse-shop.it\/fr\/shop\/poeles-pots\/sauteuses-et-faitout\/le-creuset-faitout-en-fonte-emaillee-30-cm-vert\/#primaryimage\"},\"image\":{\"@id\":\"https:\/\/dev6.erresse-shop.it\/fr\/shop\/poeles-pots\/sauteuses-et-faitout\/le-creuset-faitout-en-fonte-emaillee-30-cm-vert\/#primaryimage\"},\"thumbnailUrl\":\"https:\/\/i2.wp.com\/interpim.erresse-shop.it\/Import\/Prodotti\/le-creuset-tegame-basso-evolution-in-ghisa-30-cm-verde-bambo.jpg?ssl=1\",\"datePublished\":\"2026-04-04T06:50:34+00:00\",\"description\":\"Fabriqu\u00e9es dans notre usine historique fran\u00e7aise, nos pi\u00e8ces en fonte \u00e9maill\u00e9e sont devenues des r\u00e9f\u00e9rences dans le monde des arts de la table. Ce faitout\",\"breadcrumb\":{\"@id\":\"https:\/\/dev6.erresse-shop.it\/fr\/shop\/poeles-pots\/sauteuses-et-faitout\/le-creuset-faitout-en-fonte-emaillee-30-cm-vert\/#breadcrumb\"},\"inLanguage\":\"fr-FR\",\"potentialAction\":[{\"@type\":\"ReadAction\",\"target\":[\"https:\/\/dev6.erresse-shop.it\/fr\/shop\/poeles-pots\/sauteuses-et-faitout\/le-creuset-faitout-en-fonte-emaillee-30-cm-vert\/\"]}]},{\"@type\":\"ImageObject\",\"inLanguage\":\"fr-FR\",\"@id\":\"https:\/\/dev6.erresse-shop.it\/fr\/shop\/poeles-pots\/sauteuses-et-faitout\/le-creuset-faitout-en-fonte-emaillee-30-cm-vert\/#primaryimage\",\"url\":\"https:\/\/i2.wp.com\/interpim.erresse-shop.it\/Import\/Prodotti\/le-creuset-tegame-basso-evolution-in-ghisa-30-cm-verde-bambo.jpg?ssl=1\",\"contentUrl\":\"https:\/\/i2.wp.com\/interpim.erresse-shop.it\/Import\/Prodotti\/le-creuset-tegame-basso-evolution-in-ghisa-30-cm-verde-bambo.jpg?ssl=1\"},{\"@type\":\"BreadcrumbList\",\"@id\":\"https:\/\/dev6.erresse-shop.it\/fr\/shop\/poeles-pots\/sauteuses-et-faitout\/le-creuset-faitout-en-fonte-emaillee-30-cm-vert\/#breadcrumb\",\"itemListElement\":[{\"@type\":\"ListItem\",\"position\":1,\"name\":\"Home\",\"item\":\"https:\/\/dev6.erresse-shop.it\/\"},{\"@type\":\"ListItem\",\"position\":2,\"name\":\"Boutique\",\"item\":\"https:\/\/dev6.erresse-shop.it\/shop\/\"},{\"@type\":\"ListItem\",\"position\":3,\"name\":\"LE CREUSET Faitout en fonte \u00e9maill\u00e9e 30 cm Vert\"}]},{\"@type\":\"WebSite\",\"@id\":\"https:\/\/dev6.erresse-shop.it\/#website\",\"url\":\"https:\/\/dev6.erresse-shop.it\/\",\"name\":\"Erresse Shop\",\"description\":\"\",\"publisher\":{\"@id\":\"https:\/\/dev6.erresse-shop.it\/#organization\"},\"potentialAction\":[{\"@type\":\"SearchAction\",\"target\":{\"@type\":\"EntryPoint\",\"urlTemplate\":\"https:\/\/dev6.erresse-shop.it\/?s={search_term_string}\"},\"query-input\":{\"@type\":\"PropertyValueSpecification\",\"valueRequired\":true,\"valueName\":\"search_term_string\"}}],\"inLanguage\":\"fr-FR\"},{\"@type\":\"Organization\",\"@id\":\"https:\/\/dev6.erresse-shop.it\/#organization\",\"name\":\"Erresse Shop\",\"url\":\"https:\/\/dev6.erresse-shop.it\/\",\"logo\":{\"@type\":\"ImageObject\",\"inLanguage\":\"fr-FR\",\"@id\":\"https:\/\/dev6.erresse-shop.it\/#\/schema\/logo\/image\/\",\"url\":\"https:\/\/dev6.erresse-shop.it\/wp-content\/uploads\/2025\/01\/LOGO-ERRESSE-CLASSICO.svg\",\"contentUrl\":\"https:\/\/dev6.erresse-shop.it\/wp-content\/uploads\/2025\/01\/LOGO-ERRESSE-CLASSICO.svg\",\"caption\":\"Erresse Shop\"},\"image\":{\"@id\":\"https:\/\/dev6.erresse-shop.it\/#\/schema\/logo\/image\/\"}}]}<\/script>\n<!-- \/ Yoast SEO plugin. -->","yoast_head_json":{"title":"LE CREUSET Faitout en fonte \u00e9maill\u00e9e 30 cm Vert - dev6 Erresse","description":"Fabriqu\u00e9es dans notre usine historique fran\u00e7aise, nos pi\u00e8ces en fonte \u00e9maill\u00e9e sont devenues des r\u00e9f\u00e9rences dans le monde des arts de la table. Ce faitout","robots":{"index":"noindex","follow":"follow","max-snippet":"max-snippet:-1","max-image-preview":"max-image-preview:large","max-video-preview":"max-video-preview:-1"},"og_locale":"fr_FR","og_type":"article","og_title":"LE CREUSET Faitout en fonte \u00e9maill\u00e9e 30 cm Vert - dev6 Erresse","og_description":"Fabriqu\u00e9es dans notre usine historique fran\u00e7aise, nos pi\u00e8ces en fonte \u00e9maill\u00e9e sont devenues des r\u00e9f\u00e9rences dans le monde des arts de la table. Ce faitout","og_url":"https:\/\/dev6.erresse-shop.it\/fr\/shop\/poeles-pots\/sauteuses-et-faitout\/le-creuset-faitout-en-fonte-emaillee-30-cm-vert\/","og_site_name":"dev6 Erresse","og_image":[{"url":"https:\/\/interpim.erresse-shop.it\/Import\/Prodotti\/le-creuset-tegame-basso-evolution-in-ghisa-30-cm-verde-bambo.jpg","type":"","width":"","height":""},{"url":"https:\/\/interpim.erresse-shop.it\/Import\/Prodotti\/le-creuset-tegame-basso-evolution-in-ghisa-30-cm-verde-bambo.jpg","width":1024,"height":1024,"type":"image\/jpeg"}],"twitter_card":"summary_large_image","twitter_image":"https:\/\/interpim.erresse-shop.it\/Import\/Prodotti\/le-creuset-tegame-basso-evolution-in-ghisa-30-cm-verde-bambo.jpg","schema":{"@context":"https:\/\/schema.org","@graph":[{"@type":"WebPage","@id":"https:\/\/dev6.erresse-shop.it\/fr\/shop\/poeles-pots\/sauteuses-et-faitout\/le-creuset-faitout-en-fonte-emaillee-30-cm-vert\/","url":"https:\/\/dev6.erresse-shop.it\/fr\/shop\/poeles-pots\/sauteuses-et-faitout\/le-creuset-faitout-en-fonte-emaillee-30-cm-vert\/","name":"LE CREUSET Faitout en fonte \u00e9maill\u00e9e 30 cm Vert - dev6 Erresse","isPartOf":{"@id":"https:\/\/dev6.erresse-shop.it\/#website"},"primaryImageOfPage":{"@id":"https:\/\/dev6.erresse-shop.it\/fr\/shop\/poeles-pots\/sauteuses-et-faitout\/le-creuset-faitout-en-fonte-emaillee-30-cm-vert\/#primaryimage"},"image":{"@id":"https:\/\/dev6.erresse-shop.it\/fr\/shop\/poeles-pots\/sauteuses-et-faitout\/le-creuset-faitout-en-fonte-emaillee-30-cm-vert\/#primaryimage"},"thumbnailUrl":"https:\/\/i2.wp.com\/interpim.erresse-shop.it\/Import\/Prodotti\/le-creuset-tegame-basso-evolution-in-ghisa-30-cm-verde-bambo.jpg?ssl=1","datePublished":"2026-04-04T06:50:34+00:00","description":"Fabriqu\u00e9es dans notre usine historique fran\u00e7aise, nos pi\u00e8ces en fonte \u00e9maill\u00e9e sont devenues des r\u00e9f\u00e9rences dans le monde des arts de la table. Ce faitout","breadcrumb":{"@id":"https:\/\/dev6.erresse-shop.it\/fr\/shop\/poeles-pots\/sauteuses-et-faitout\/le-creuset-faitout-en-fonte-emaillee-30-cm-vert\/#breadcrumb"},"inLanguage":"fr-FR","potentialAction":[{"@type":"ReadAction","target":["https:\/\/dev6.erresse-shop.it\/fr\/shop\/poeles-pots\/sauteuses-et-faitout\/le-creuset-faitout-en-fonte-emaillee-30-cm-vert\/"]}]},{"@type":"ImageObject","inLanguage":"fr-FR","@id":"https:\/\/dev6.erresse-shop.it\/fr\/shop\/poeles-pots\/sauteuses-et-faitout\/le-creuset-faitout-en-fonte-emaillee-30-cm-vert\/#primaryimage","url":"https:\/\/i2.wp.com\/interpim.erresse-shop.it\/Import\/Prodotti\/le-creuset-tegame-basso-evolution-in-ghisa-30-cm-verde-bambo.jpg?ssl=1","contentUrl":"https:\/\/i2.wp.com\/interpim.erresse-shop.it\/Import\/Prodotti\/le-creuset-tegame-basso-evolution-in-ghisa-30-cm-verde-bambo.jpg?ssl=1"},{"@type":"BreadcrumbList","@id":"https:\/\/dev6.erresse-shop.it\/fr\/shop\/poeles-pots\/sauteuses-et-faitout\/le-creuset-faitout-en-fonte-emaillee-30-cm-vert\/#breadcrumb","itemListElement":[{"@type":"ListItem","position":1,"name":"Home","item":"https:\/\/dev6.erresse-shop.it\/"},{"@type":"ListItem","position":2,"name":"Boutique","item":"https:\/\/dev6.erresse-shop.it\/shop\/"},{"@type":"ListItem","position":3,"name":"LE CREUSET Faitout en fonte \u00e9maill\u00e9e 30 cm Vert"}]},{"@type":"WebSite","@id":"https:\/\/dev6.erresse-shop.it\/#website","url":"https:\/\/dev6.erresse-shop.it\/","name":"Erresse Shop","description":"","publisher":{"@id":"https:\/\/dev6.erresse-shop.it\/#organization"},"potentialAction":[{"@type":"SearchAction","target":{"@type":"EntryPoint","urlTemplate":"https:\/\/dev6.erresse-shop.it\/?s={search_term_string}"},"query-input":{"@type":"PropertyValueSpecification","valueRequired":true,"valueName":"search_term_string"}}],"inLanguage":"fr-FR"},{"@type":"Organization","@id":"https:\/\/dev6.erresse-shop.it\/#organization","name":"Erresse Shop","url":"https:\/\/dev6.erresse-shop.it\/","logo":{"@type":"ImageObject","inLanguage":"fr-FR","@id":"https:\/\/dev6.erresse-shop.it\/#\/schema\/logo\/image\/","url":"https:\/\/dev6.erresse-shop.it\/wp-content\/uploads\/2025\/01\/LOGO-ERRESSE-CLASSICO.svg","contentUrl":"https:\/\/dev6.erresse-shop.it\/wp-content\/uploads\/2025\/01\/LOGO-ERRESSE-CLASSICO.svg","caption":"Erresse Shop"},"image":{"@id":"https:\/\/dev6.erresse-shop.it\/#\/schema\/logo\/image\/"}}]}},"df_price":239.95,"df_sale_price":239.95,"df_regular_price":339,"df_image_link":"https:\/\/i2.wp.com\/interpim.erresse-shop.it\/Import\/Prodotti\/le-creuset-tegame-basso-evolution-in-ghisa-30-cm-verde-bambo.jpg?resize=300,300&ssl=1","fifu_image_url":"https:\/\/interpim.erresse-shop.it\/Import\/Prodotti\/le-creuset-tegame-basso-evolution-in-ghisa-30-cm-verde-bambo.jpg","_links":{"self":[{"href":"https:\/\/dev6.erresse-shop.it\/fr\/wp-json\/wp\/v2\/product\/59758","targetHints":{"allow":["GET"]}}],"collection":[{"href":"https:\/\/dev6.erresse-shop.it\/fr\/wp-json\/wp\/v2\/product"}],"about":[{"href":"https:\/\/dev6.erresse-shop.it\/fr\/wp-json\/wp\/v2\/types\/product"}],"wp:featuredmedia":[{"embeddable":true,"href":"https:\/\/dev6.erresse-shop.it\/fr\/wp-json\/wp\/v2\/media\/6271310"}],"wp:attachment":[{"href":"https:\/\/dev6.erresse-shop.it\/fr\/wp-json\/wp\/v2\/media?parent=59758"}],"wp:term":[{"taxonomy":"product_cat","embeddable":true,"href":"https:\/\/dev6.erresse-shop.it\/fr\/wp-json\/wp\/v2\/product_cat?post=59758"},{"taxonomy":"product_tag","embeddable":true,"href":"https:\/\/dev6.erresse-shop.it\/fr\/wp-json\/wp\/v2\/product_tag?post=59758"}],"curies":[{"name":"wp","href":"https:\/\/api.w.org\/{rel}","templated":true}]}}