{"id":59748,"date":"2026-04-04T08:50:34","date_gmt":"2026-04-04T06:50:34","guid":{"rendered":"https:\/\/dev6.erresse-shop.it\/shop\/non%20class\u00e9\/le-creuset-cocotte-en-fonte-emaillee-31-cm-vert\/"},"modified":"2025-09-14T04:28:30","modified_gmt":"2025-09-14T02:28:30","slug":"le-creuset-cocotte-en-fonte-emaillee-31-cm-vert","status":"publish","type":"product","link":"https:\/\/dev6.erresse-shop.it\/fr\/shop\/poeles-pots\/marmites-et-cocottes-poeles-pots\/le-creuset-cocotte-en-fonte-emaillee-31-cm-vert\/","title":{"rendered":"LE CREUSET Cocotte en Fonte \u00e9maill\u00e9e 31 cm Vert"},"content":{"rendered":"<p>Aussi polyvalent que notre cocotte ronde classique, ce mod\u00e8le ovale est assez grand pour r\u00f4tir un gigot entier et suffisamment compact pour ajouter des garnitures suppl\u00e9mentaires dans le four. Quoi que vous serviez, cet ustensile indispensable pour tout cuisinier, vous aide \u00e0 cr\u00e9er de d\u00e9licieux plats aux multiples saveurs.<\/p>\n<p>Caract\u00e9ristiques<br \/>\nPas d\u2019inqui\u00e9tude : notre bouton thermor\u00e9sistant (jusqu\u2019\u00e0 250 \u00b0C) est con\u00e7u pour vous offrir une meilleure prise en main, m\u00eame en portant un gant de cuisine pour soulever le couvercle.<br \/>\nUn nettoyage express : l\u2019int\u00e9rieur en fonte \u00e9maill\u00e9e rend le nettoyage plus facile.<br \/>\nDes poign\u00e9es de r\u00eave : en saisissant ses grandes poign\u00e9es, vous pouvez facilement passer de la plaque de cuisson au four et \u00e0 la table, m\u00eame en portant des gants de cuisine.<br \/>\nUn ustensile ultra polyvalent : passe au four, sur les plaques de cuisson, y compris \u00e0 induction, et m\u00eame sous le gril.<br \/>\nDes plats savoureux : la conception en fonte \u00e9maill\u00e9e retient la chaleur pour une cuisson uniforme et dor\u00e9e. Vos plats gourmands resteront \u00e9galement plus longtemps au chaud \u00e0 table.<br \/>\nUne cuisson en vase clos : notre couvercle herm\u00e9tique amplifie la condensation des vapeurs de cuisson qui \u00e0 leur tour rehaussent les saveurs de vos pr\u00e9parations, pour un r\u00e9sultat sensationnel.<br \/>\nBonne prise en main : ses poign\u00e9es \u00e9l\u00e9gantes et agr\u00e9ables sont parfaites pour le soulever en toute s\u00e9curit\u00e9.<br \/>\nLes couleurs de l\u2019arc-en-ciel : disponible dans une sublime palette de couleurs acidul\u00e9es, notre gamme apporte un zeste de fantaisie \u00e0 votre cuisine.<br \/>\nContr\u00f4le de la temp\u00e9rature : cuisinez \u00e0 feu doux ou mod\u00e9r\u00e9 pour prendre soin de votre fonte \u00e9maill\u00e9e et obtenir des r\u00e9sultats sensationnels.<br \/>\nFaites votre choix : diff\u00e9rentes tailles sont disponibles pour r\u00e9pondre \u00e0 tous vos besoins culinaires.<\/p>\n<p>Mat\u00e9riau: Fonte \u00e9maill\u00e9e<br \/>\nFabriqu\u00e9 en France<br \/>\nGarantie \u00e0 vie<\/p>\n","protected":false},"excerpt":{"rendered":"<p>Aussi polyvalent que notre cocotte ronde classique, ce mod\u00e8le ovale est assez grand pour r\u00f4tir un gigot entier et suffisamment compact pour ajouter des garnitures suppl\u00e9mentaires dans le four. Quoi que vous serviez, cet ustensile indispensable pour tout cuisinier, vous aide \u00e0 cr\u00e9er de d\u00e9licieux plats aux multiples saveurs. Caract\u00e9ristiques Pas d\u2019inqui\u00e9tude : notre bouton [&hellip;]<\/p>\n","protected":false},"featured_media":6271112,"template":"","meta":{"_acf_changed":false},"product_cat":[12000,11667,11991],"product_tag":[],"class_list":{"0":"post-59748","1":"product","2":"type-product","3":"status-publish","4":"has-post-thumbnail","6":"product_cat-marmites-et-cocottes-poeles-pots","7":"product_cat-padelle-pentole","8":"product_cat-poeles-pots","10":"first","11":"outofstock","12":"sale","13":"taxable","14":"shipping-taxable","15":"purchasable","16":"product-type-simple","swatches":"rey-swatches","show_selected":"","stretch_labels":"rey-swatches--stretch-labels"},"acf":[],"yoast_head":"<!-- This site is optimized with the Yoast SEO plugin v25.4 - https:\/\/yoast.com\/wordpress\/plugins\/seo\/ -->\n<title>LE CREUSET Cocotte en Fonte \u00e9maill\u00e9e 31 cm Vert - dev6 Erresse<\/title>\n<meta name=\"description\" content=\"Aussi polyvalent que notre cocotte ronde classique, ce mod\u00e8le ovale est assez grand pour r\u00f4tir un gigot entier et suffisamment compact pour ajouter des\" \/>\n<meta name=\"robots\" content=\"noindex, follow, max-snippet:-1, max-image-preview:large, max-video-preview:-1\" \/>\n<meta property=\"og:locale\" content=\"fr_FR\" \/>\n<meta property=\"og:type\" content=\"article\" \/>\n<meta property=\"og:title\" content=\"LE CREUSET Cocotte en Fonte \u00e9maill\u00e9e 31 cm Vert - dev6 Erresse\" \/>\n<meta property=\"og:description\" content=\"Aussi polyvalent que notre cocotte ronde classique, ce mod\u00e8le ovale est assez grand pour r\u00f4tir un gigot entier et suffisamment compact pour ajouter des\" \/>\n<meta property=\"og:url\" content=\"https:\/\/dev6.erresse-shop.it\/fr\/shop\/poeles-pots\/marmites-et-cocottes-poeles-pots\/le-creuset-cocotte-en-fonte-emaillee-31-cm-vert\/\" \/>\n<meta property=\"og:site_name\" content=\"dev6 Erresse\" \/>\n<meta property=\"og:image\" content=\"https:\/\/interpim.erresse-shop.it\/Import\/Prodotti\/le-creuset-cocotte-evolution-in-ghisa-29-cm-verde-bamboo.jpg\" \/><meta property=\"og:image\" content=\"https:\/\/interpim.erresse-shop.it\/Import\/Prodotti\/le-creuset-cocotte-evolution-in-ghisa-29-cm-verde-bamboo.jpg\" \/>\n\t<meta property=\"og:image:width\" content=\"1024\" \/>\n\t<meta property=\"og:image:height\" content=\"1024\" \/>\n\t<meta property=\"og:image:type\" content=\"image\/jpeg\" \/>\n<meta name=\"twitter:card\" content=\"summary_large_image\" \/>\n<meta name=\"twitter:image\" content=\"https:\/\/interpim.erresse-shop.it\/Import\/Prodotti\/le-creuset-cocotte-evolution-in-ghisa-29-cm-verde-bamboo.jpg\" \/>\n<script type=\"application\/ld+json\" class=\"yoast-schema-graph\">{\"@context\":\"https:\/\/schema.org\",\"@graph\":[{\"@type\":\"WebPage\",\"@id\":\"https:\/\/dev6.erresse-shop.it\/fr\/shop\/poeles-pots\/marmites-et-cocottes-poeles-pots\/le-creuset-cocotte-en-fonte-emaillee-31-cm-vert\/\",\"url\":\"https:\/\/dev6.erresse-shop.it\/fr\/shop\/poeles-pots\/marmites-et-cocottes-poeles-pots\/le-creuset-cocotte-en-fonte-emaillee-31-cm-vert\/\",\"name\":\"LE CREUSET Cocotte en Fonte \u00e9maill\u00e9e 31 cm Vert - dev6 Erresse\",\"isPartOf\":{\"@id\":\"https:\/\/dev6.erresse-shop.it\/#website\"},\"primaryImageOfPage\":{\"@id\":\"https:\/\/dev6.erresse-shop.it\/fr\/shop\/poeles-pots\/marmites-et-cocottes-poeles-pots\/le-creuset-cocotte-en-fonte-emaillee-31-cm-vert\/#primaryimage\"},\"image\":{\"@id\":\"https:\/\/dev6.erresse-shop.it\/fr\/shop\/poeles-pots\/marmites-et-cocottes-poeles-pots\/le-creuset-cocotte-en-fonte-emaillee-31-cm-vert\/#primaryimage\"},\"thumbnailUrl\":\"https:\/\/i3.wp.com\/interpim.erresse-shop.it\/Import\/Prodotti\/le-creuset-cocotte-evolution-in-ghisa-29-cm-verde-bamboo.jpg?ssl=1\",\"datePublished\":\"2026-04-04T06:50:34+00:00\",\"description\":\"Aussi polyvalent que notre cocotte ronde classique, ce mod\u00e8le ovale est assez grand pour r\u00f4tir un gigot entier et suffisamment compact pour ajouter des\",\"breadcrumb\":{\"@id\":\"https:\/\/dev6.erresse-shop.it\/fr\/shop\/poeles-pots\/marmites-et-cocottes-poeles-pots\/le-creuset-cocotte-en-fonte-emaillee-31-cm-vert\/#breadcrumb\"},\"inLanguage\":\"fr-FR\",\"potentialAction\":[{\"@type\":\"ReadAction\",\"target\":[\"https:\/\/dev6.erresse-shop.it\/fr\/shop\/poeles-pots\/marmites-et-cocottes-poeles-pots\/le-creuset-cocotte-en-fonte-emaillee-31-cm-vert\/\"]}]},{\"@type\":\"ImageObject\",\"inLanguage\":\"fr-FR\",\"@id\":\"https:\/\/dev6.erresse-shop.it\/fr\/shop\/poeles-pots\/marmites-et-cocottes-poeles-pots\/le-creuset-cocotte-en-fonte-emaillee-31-cm-vert\/#primaryimage\",\"url\":\"https:\/\/i3.wp.com\/interpim.erresse-shop.it\/Import\/Prodotti\/le-creuset-cocotte-evolution-in-ghisa-29-cm-verde-bamboo.jpg?ssl=1\",\"contentUrl\":\"https:\/\/i3.wp.com\/interpim.erresse-shop.it\/Import\/Prodotti\/le-creuset-cocotte-evolution-in-ghisa-29-cm-verde-bamboo.jpg?ssl=1\"},{\"@type\":\"BreadcrumbList\",\"@id\":\"https:\/\/dev6.erresse-shop.it\/fr\/shop\/poeles-pots\/marmites-et-cocottes-poeles-pots\/le-creuset-cocotte-en-fonte-emaillee-31-cm-vert\/#breadcrumb\",\"itemListElement\":[{\"@type\":\"ListItem\",\"position\":1,\"name\":\"Home\",\"item\":\"https:\/\/dev6.erresse-shop.it\/\"},{\"@type\":\"ListItem\",\"position\":2,\"name\":\"Boutique\",\"item\":\"https:\/\/dev6.erresse-shop.it\/shop\/\"},{\"@type\":\"ListItem\",\"position\":3,\"name\":\"LE CREUSET Cocotte en Fonte \u00e9maill\u00e9e 31 cm Vert\"}]},{\"@type\":\"WebSite\",\"@id\":\"https:\/\/dev6.erresse-shop.it\/#website\",\"url\":\"https:\/\/dev6.erresse-shop.it\/\",\"name\":\"Erresse Shop\",\"description\":\"\",\"publisher\":{\"@id\":\"https:\/\/dev6.erresse-shop.it\/#organization\"},\"potentialAction\":[{\"@type\":\"SearchAction\",\"target\":{\"@type\":\"EntryPoint\",\"urlTemplate\":\"https:\/\/dev6.erresse-shop.it\/?s={search_term_string}\"},\"query-input\":{\"@type\":\"PropertyValueSpecification\",\"valueRequired\":true,\"valueName\":\"search_term_string\"}}],\"inLanguage\":\"fr-FR\"},{\"@type\":\"Organization\",\"@id\":\"https:\/\/dev6.erresse-shop.it\/#organization\",\"name\":\"Erresse Shop\",\"url\":\"https:\/\/dev6.erresse-shop.it\/\",\"logo\":{\"@type\":\"ImageObject\",\"inLanguage\":\"fr-FR\",\"@id\":\"https:\/\/dev6.erresse-shop.it\/#\/schema\/logo\/image\/\",\"url\":\"https:\/\/dev6.erresse-shop.it\/wp-content\/uploads\/2025\/01\/LOGO-ERRESSE-CLASSICO.svg\",\"contentUrl\":\"https:\/\/dev6.erresse-shop.it\/wp-content\/uploads\/2025\/01\/LOGO-ERRESSE-CLASSICO.svg\",\"caption\":\"Erresse Shop\"},\"image\":{\"@id\":\"https:\/\/dev6.erresse-shop.it\/#\/schema\/logo\/image\/\"}}]}<\/script>\n<!-- \/ Yoast SEO plugin. -->","yoast_head_json":{"title":"LE CREUSET Cocotte en Fonte \u00e9maill\u00e9e 31 cm Vert - dev6 Erresse","description":"Aussi polyvalent que notre cocotte ronde classique, ce mod\u00e8le ovale est assez grand pour r\u00f4tir un gigot entier et suffisamment compact pour ajouter des","robots":{"index":"noindex","follow":"follow","max-snippet":"max-snippet:-1","max-image-preview":"max-image-preview:large","max-video-preview":"max-video-preview:-1"},"og_locale":"fr_FR","og_type":"article","og_title":"LE CREUSET Cocotte en Fonte \u00e9maill\u00e9e 31 cm Vert - dev6 Erresse","og_description":"Aussi polyvalent que notre cocotte ronde classique, ce mod\u00e8le ovale est assez grand pour r\u00f4tir un gigot entier et suffisamment compact pour ajouter des","og_url":"https:\/\/dev6.erresse-shop.it\/fr\/shop\/poeles-pots\/marmites-et-cocottes-poeles-pots\/le-creuset-cocotte-en-fonte-emaillee-31-cm-vert\/","og_site_name":"dev6 Erresse","og_image":[{"url":"https:\/\/interpim.erresse-shop.it\/Import\/Prodotti\/le-creuset-cocotte-evolution-in-ghisa-29-cm-verde-bamboo.jpg","type":"","width":"","height":""},{"url":"https:\/\/interpim.erresse-shop.it\/Import\/Prodotti\/le-creuset-cocotte-evolution-in-ghisa-29-cm-verde-bamboo.jpg","width":1024,"height":1024,"type":"image\/jpeg"}],"twitter_card":"summary_large_image","twitter_image":"https:\/\/interpim.erresse-shop.it\/Import\/Prodotti\/le-creuset-cocotte-evolution-in-ghisa-29-cm-verde-bamboo.jpg","schema":{"@context":"https:\/\/schema.org","@graph":[{"@type":"WebPage","@id":"https:\/\/dev6.erresse-shop.it\/fr\/shop\/poeles-pots\/marmites-et-cocottes-poeles-pots\/le-creuset-cocotte-en-fonte-emaillee-31-cm-vert\/","url":"https:\/\/dev6.erresse-shop.it\/fr\/shop\/poeles-pots\/marmites-et-cocottes-poeles-pots\/le-creuset-cocotte-en-fonte-emaillee-31-cm-vert\/","name":"LE CREUSET Cocotte en Fonte \u00e9maill\u00e9e 31 cm Vert - dev6 Erresse","isPartOf":{"@id":"https:\/\/dev6.erresse-shop.it\/#website"},"primaryImageOfPage":{"@id":"https:\/\/dev6.erresse-shop.it\/fr\/shop\/poeles-pots\/marmites-et-cocottes-poeles-pots\/le-creuset-cocotte-en-fonte-emaillee-31-cm-vert\/#primaryimage"},"image":{"@id":"https:\/\/dev6.erresse-shop.it\/fr\/shop\/poeles-pots\/marmites-et-cocottes-poeles-pots\/le-creuset-cocotte-en-fonte-emaillee-31-cm-vert\/#primaryimage"},"thumbnailUrl":"https:\/\/i3.wp.com\/interpim.erresse-shop.it\/Import\/Prodotti\/le-creuset-cocotte-evolution-in-ghisa-29-cm-verde-bamboo.jpg?ssl=1","datePublished":"2026-04-04T06:50:34+00:00","description":"Aussi polyvalent que notre cocotte ronde classique, ce mod\u00e8le ovale est assez grand pour r\u00f4tir un gigot entier et suffisamment compact pour ajouter des","breadcrumb":{"@id":"https:\/\/dev6.erresse-shop.it\/fr\/shop\/poeles-pots\/marmites-et-cocottes-poeles-pots\/le-creuset-cocotte-en-fonte-emaillee-31-cm-vert\/#breadcrumb"},"inLanguage":"fr-FR","potentialAction":[{"@type":"ReadAction","target":["https:\/\/dev6.erresse-shop.it\/fr\/shop\/poeles-pots\/marmites-et-cocottes-poeles-pots\/le-creuset-cocotte-en-fonte-emaillee-31-cm-vert\/"]}]},{"@type":"ImageObject","inLanguage":"fr-FR","@id":"https:\/\/dev6.erresse-shop.it\/fr\/shop\/poeles-pots\/marmites-et-cocottes-poeles-pots\/le-creuset-cocotte-en-fonte-emaillee-31-cm-vert\/#primaryimage","url":"https:\/\/i3.wp.com\/interpim.erresse-shop.it\/Import\/Prodotti\/le-creuset-cocotte-evolution-in-ghisa-29-cm-verde-bamboo.jpg?ssl=1","contentUrl":"https:\/\/i3.wp.com\/interpim.erresse-shop.it\/Import\/Prodotti\/le-creuset-cocotte-evolution-in-ghisa-29-cm-verde-bamboo.jpg?ssl=1"},{"@type":"BreadcrumbList","@id":"https:\/\/dev6.erresse-shop.it\/fr\/shop\/poeles-pots\/marmites-et-cocottes-poeles-pots\/le-creuset-cocotte-en-fonte-emaillee-31-cm-vert\/#breadcrumb","itemListElement":[{"@type":"ListItem","position":1,"name":"Home","item":"https:\/\/dev6.erresse-shop.it\/"},{"@type":"ListItem","position":2,"name":"Boutique","item":"https:\/\/dev6.erresse-shop.it\/shop\/"},{"@type":"ListItem","position":3,"name":"LE CREUSET Cocotte en Fonte \u00e9maill\u00e9e 31 cm Vert"}]},{"@type":"WebSite","@id":"https:\/\/dev6.erresse-shop.it\/#website","url":"https:\/\/dev6.erresse-shop.it\/","name":"Erresse Shop","description":"","publisher":{"@id":"https:\/\/dev6.erresse-shop.it\/#organization"},"potentialAction":[{"@type":"SearchAction","target":{"@type":"EntryPoint","urlTemplate":"https:\/\/dev6.erresse-shop.it\/?s={search_term_string}"},"query-input":{"@type":"PropertyValueSpecification","valueRequired":true,"valueName":"search_term_string"}}],"inLanguage":"fr-FR"},{"@type":"Organization","@id":"https:\/\/dev6.erresse-shop.it\/#organization","name":"Erresse Shop","url":"https:\/\/dev6.erresse-shop.it\/","logo":{"@type":"ImageObject","inLanguage":"fr-FR","@id":"https:\/\/dev6.erresse-shop.it\/#\/schema\/logo\/image\/","url":"https:\/\/dev6.erresse-shop.it\/wp-content\/uploads\/2025\/01\/LOGO-ERRESSE-CLASSICO.svg","contentUrl":"https:\/\/dev6.erresse-shop.it\/wp-content\/uploads\/2025\/01\/LOGO-ERRESSE-CLASSICO.svg","caption":"Erresse Shop"},"image":{"@id":"https:\/\/dev6.erresse-shop.it\/#\/schema\/logo\/image\/"}}]}},"df_price":289.95,"df_sale_price":289.95,"df_regular_price":425,"df_image_link":"https:\/\/i3.wp.com\/interpim.erresse-shop.it\/Import\/Prodotti\/le-creuset-cocotte-evolution-in-ghisa-29-cm-verde-bamboo.jpg?resize=300,300&ssl=1","fifu_image_url":"https:\/\/interpim.erresse-shop.it\/Import\/Prodotti\/le-creuset-cocotte-evolution-in-ghisa-29-cm-verde-bamboo.jpg","_links":{"self":[{"href":"https:\/\/dev6.erresse-shop.it\/fr\/wp-json\/wp\/v2\/product\/59748","targetHints":{"allow":["GET"]}}],"collection":[{"href":"https:\/\/dev6.erresse-shop.it\/fr\/wp-json\/wp\/v2\/product"}],"about":[{"href":"https:\/\/dev6.erresse-shop.it\/fr\/wp-json\/wp\/v2\/types\/product"}],"wp:featuredmedia":[{"embeddable":true,"href":"https:\/\/dev6.erresse-shop.it\/fr\/wp-json\/wp\/v2\/media\/6271112"}],"wp:attachment":[{"href":"https:\/\/dev6.erresse-shop.it\/fr\/wp-json\/wp\/v2\/media?parent=59748"}],"wp:term":[{"taxonomy":"product_cat","embeddable":true,"href":"https:\/\/dev6.erresse-shop.it\/fr\/wp-json\/wp\/v2\/product_cat?post=59748"},{"taxonomy":"product_tag","embeddable":true,"href":"https:\/\/dev6.erresse-shop.it\/fr\/wp-json\/wp\/v2\/product_tag?post=59748"}],"curies":[{"name":"wp","href":"https:\/\/api.w.org\/{rel}","templated":true}]}}