{"id":59726,"date":"2026-04-10T09:29:26","date_gmt":"2026-04-10T07:29:26","guid":{"rendered":"https:\/\/dev6.erresse-shop.it\/shop\/non%20class\u00e9\/sambonet-arthur-krupp-jeu-de-12-assiettes-shade-sea\/"},"modified":"2025-07-04T16:20:25","modified_gmt":"2025-07-04T14:20:25","slug":"sambonet-arthur-krupp-jeu-de-12-assiettes-shade-sea","status":"publish","type":"product","link":"https:\/\/dev6.erresse-shop.it\/fr\/shop\/table-fr-2\/plats\/sambonet-arthur-krupp-jeu-de-12-assiettes-shade-sea\/","title":{"rendered":"SAMBONET ARTHUR KRUPP Jeu de 12 Assiettes Shade Sea"},"content":{"rendered":"<p>Collection Shade Earth &amp; Sea : en observant les nuances de la mer et de la terre, Arthur Krupp \u00e9voque le charme et la chaleur des \u201ctessons\u201d faits \u00e0 la main. Des plats qui sont le fruit de technologies de derni\u00e8re g\u00e9n\u00e9ration, dans un \u00e9quilibre parfait entre la r\u00e9sistance de la porcelaine et la durabilit\u00e9 d\u2019un d\u00e9cor sous gla\u00e7ure.<br \/>\nDu mobilier \u00e0 la table, les tendances internationales red\u00e9couvrent le charme de l\u2019artisanat c\u00e9ramique, ramenant la chaleur et l\u2019imperfection concr\u00e8te typique des articles faits main d\u2019antan.<br \/>\nTransversales aux modes du moment et, en m\u00eame temps, extr\u00eamement flexibles \u00e0 l\u2019humeur de n\u2019importe quel environnement, les lignes Shade Sea &amp; Earth ram\u00e8nent \u00e0 la table la saveur de la majolique exp\u00e9riment\u00e9e, craquel\u00e9e par le temps et parfois un peu imparfaite, id\u00e9ale dans les lieux d\u2019ext\u00e9rieur ou casual-chic.<\/p>\n<p>Le set pour 4 personnes (12 pi\u00e8ces) comprend une assiette \u00e0 d\u00eener de 28 cm de diam\u00e8tre, une assiette \u00e0 soupe de 22 cm de diam\u00e8tre et une assiette \u00e0 fruits de 20 cm de diam\u00e8tre ;<br \/>\nLes d\u00e9corations et les couleurs typiques du gr\u00e8s sont reproduites sur la porcelaine, pour un effet de mati\u00e8re qui conserve le style chaleureux de la c\u00e9ramique, offrant en m\u00eame temps la r\u00e9sistance et la qualit\u00e9 d\u00e9rivant de la cuisson \u00e0 haute temp\u00e9rature.<br \/>\nLavable au lave-vaisselle<br \/>\nPlats en porcelaine<\/p>\n","protected":false},"excerpt":{"rendered":"<p>Collection Shade Earth &amp; Sea : en observant les nuances de la mer et de la terre, Arthur Krupp \u00e9voque le charme et la chaleur des \u201ctessons\u201d faits \u00e0 la main. Des plats qui sont le fruit de technologies de derni\u00e8re g\u00e9n\u00e9ration, dans un \u00e9quilibre parfait entre la r\u00e9sistance de la porcelaine et la durabilit\u00e9 [&hellip;]<\/p>\n","protected":false},"featured_media":6312485,"template":"","meta":{"_acf_changed":false},"product_cat":[12014,11995,11671],"product_tag":[],"class_list":{"0":"post-59726","1":"product","2":"type-product","3":"status-publish","4":"has-post-thumbnail","6":"product_cat-plats","7":"product_cat-table-fr-2","8":"product_cat-tavola","10":"first","11":"instock","12":"taxable","13":"shipping-taxable","14":"product-type-simple","swatches":"rey-swatches","show_selected":"","stretch_labels":"rey-swatches--stretch-labels"},"acf":[],"yoast_head":"<!-- This site is optimized with the Yoast SEO plugin v25.4 - https:\/\/yoast.com\/wordpress\/plugins\/seo\/ -->\n<title>SAMBONET ARTHUR KRUPP Jeu de 12 Assiettes Shade Sea - dev6 Erresse<\/title>\n<meta name=\"description\" content=\"Collection Shade Earth &amp; Sea : en observant les nuances de la mer et de la terre, Arthur Krupp \u00e9voque le charme et la chaleur des \u201ctessons\u201d faits \u00e0 la\" \/>\n<meta name=\"robots\" content=\"noindex, follow, max-snippet:-1, max-image-preview:large, max-video-preview:-1\" \/>\n<meta property=\"og:locale\" content=\"fr_FR\" \/>\n<meta property=\"og:type\" content=\"article\" \/>\n<meta property=\"og:title\" content=\"SAMBONET ARTHUR KRUPP Jeu de 12 Assiettes Shade Sea - dev6 Erresse\" \/>\n<meta property=\"og:description\" content=\"Collection Shade Earth &amp; Sea : en observant les nuances de la mer et de la terre, Arthur Krupp \u00e9voque le charme et la chaleur des \u201ctessons\u201d faits \u00e0 la\" \/>\n<meta property=\"og:url\" content=\"https:\/\/dev6.erresse-shop.it\/fr\/shop\/table-fr-2\/plats\/sambonet-arthur-krupp-jeu-de-12-assiettes-shade-sea\/\" \/>\n<meta property=\"og:site_name\" content=\"dev6 Erresse\" \/>\n<meta property=\"og:image\" content=\"https:\/\/interpim.erresse-shop.it\/Import\/Prodotti\/set-piatti-12pz-shade-sea-porcellana.jpg\" \/><meta property=\"og:image\" content=\"https:\/\/interpim.erresse-shop.it\/Import\/Prodotti\/set-piatti-12pz-shade-sea-porcellana.jpg\" \/>\n\t<meta property=\"og:image:width\" content=\"1024\" \/>\n\t<meta property=\"og:image:height\" content=\"1024\" \/>\n\t<meta property=\"og:image:type\" content=\"image\/jpeg\" \/>\n<meta name=\"twitter:card\" content=\"summary_large_image\" \/>\n<meta name=\"twitter:image\" content=\"https:\/\/interpim.erresse-shop.it\/Import\/Prodotti\/set-piatti-12pz-shade-sea-porcellana.jpg\" \/>\n<script type=\"application\/ld+json\" class=\"yoast-schema-graph\">{\"@context\":\"https:\/\/schema.org\",\"@graph\":[{\"@type\":\"WebPage\",\"@id\":\"https:\/\/dev6.erresse-shop.it\/fr\/shop\/table-fr-2\/plats\/sambonet-arthur-krupp-jeu-de-12-assiettes-shade-sea\/\",\"url\":\"https:\/\/dev6.erresse-shop.it\/fr\/shop\/table-fr-2\/plats\/sambonet-arthur-krupp-jeu-de-12-assiettes-shade-sea\/\",\"name\":\"SAMBONET ARTHUR KRUPP Jeu de 12 Assiettes Shade Sea - dev6 Erresse\",\"isPartOf\":{\"@id\":\"https:\/\/dev6.erresse-shop.it\/#website\"},\"primaryImageOfPage\":{\"@id\":\"https:\/\/dev6.erresse-shop.it\/fr\/shop\/table-fr-2\/plats\/sambonet-arthur-krupp-jeu-de-12-assiettes-shade-sea\/#primaryimage\"},\"image\":{\"@id\":\"https:\/\/dev6.erresse-shop.it\/fr\/shop\/table-fr-2\/plats\/sambonet-arthur-krupp-jeu-de-12-assiettes-shade-sea\/#primaryimage\"},\"thumbnailUrl\":\"https:\/\/i3.wp.com\/interpim.erresse-shop.it\/Import\/Prodotti\/set-piatti-12pz-shade-sea-porcellana.jpg?ssl=1\",\"datePublished\":\"2026-04-10T07:29:26+00:00\",\"description\":\"Collection Shade Earth &amp; Sea : en observant les nuances de la mer et de la terre, Arthur Krupp \u00e9voque le charme et la chaleur des \u201ctessons\u201d faits \u00e0 la\",\"breadcrumb\":{\"@id\":\"https:\/\/dev6.erresse-shop.it\/fr\/shop\/table-fr-2\/plats\/sambonet-arthur-krupp-jeu-de-12-assiettes-shade-sea\/#breadcrumb\"},\"inLanguage\":\"fr-FR\",\"potentialAction\":[{\"@type\":\"ReadAction\",\"target\":[\"https:\/\/dev6.erresse-shop.it\/fr\/shop\/table-fr-2\/plats\/sambonet-arthur-krupp-jeu-de-12-assiettes-shade-sea\/\"]}]},{\"@type\":\"ImageObject\",\"inLanguage\":\"fr-FR\",\"@id\":\"https:\/\/dev6.erresse-shop.it\/fr\/shop\/table-fr-2\/plats\/sambonet-arthur-krupp-jeu-de-12-assiettes-shade-sea\/#primaryimage\",\"url\":\"https:\/\/i3.wp.com\/interpim.erresse-shop.it\/Import\/Prodotti\/set-piatti-12pz-shade-sea-porcellana.jpg?ssl=1\",\"contentUrl\":\"https:\/\/i3.wp.com\/interpim.erresse-shop.it\/Import\/Prodotti\/set-piatti-12pz-shade-sea-porcellana.jpg?ssl=1\"},{\"@type\":\"BreadcrumbList\",\"@id\":\"https:\/\/dev6.erresse-shop.it\/fr\/shop\/table-fr-2\/plats\/sambonet-arthur-krupp-jeu-de-12-assiettes-shade-sea\/#breadcrumb\",\"itemListElement\":[{\"@type\":\"ListItem\",\"position\":1,\"name\":\"Home\",\"item\":\"https:\/\/dev6.erresse-shop.it\/\"},{\"@type\":\"ListItem\",\"position\":2,\"name\":\"Boutique\",\"item\":\"https:\/\/dev6.erresse-shop.it\/shop\/\"},{\"@type\":\"ListItem\",\"position\":3,\"name\":\"SAMBONET ARTHUR KRUPP Jeu de 12 Assiettes Shade Sea\"}]},{\"@type\":\"WebSite\",\"@id\":\"https:\/\/dev6.erresse-shop.it\/#website\",\"url\":\"https:\/\/dev6.erresse-shop.it\/\",\"name\":\"Erresse Shop\",\"description\":\"\",\"publisher\":{\"@id\":\"https:\/\/dev6.erresse-shop.it\/#organization\"},\"potentialAction\":[{\"@type\":\"SearchAction\",\"target\":{\"@type\":\"EntryPoint\",\"urlTemplate\":\"https:\/\/dev6.erresse-shop.it\/?s={search_term_string}\"},\"query-input\":{\"@type\":\"PropertyValueSpecification\",\"valueRequired\":true,\"valueName\":\"search_term_string\"}}],\"inLanguage\":\"fr-FR\"},{\"@type\":\"Organization\",\"@id\":\"https:\/\/dev6.erresse-shop.it\/#organization\",\"name\":\"Erresse Shop\",\"url\":\"https:\/\/dev6.erresse-shop.it\/\",\"logo\":{\"@type\":\"ImageObject\",\"inLanguage\":\"fr-FR\",\"@id\":\"https:\/\/dev6.erresse-shop.it\/#\/schema\/logo\/image\/\",\"url\":\"https:\/\/dev6.erresse-shop.it\/wp-content\/uploads\/2025\/01\/LOGO-ERRESSE-CLASSICO.svg\",\"contentUrl\":\"https:\/\/dev6.erresse-shop.it\/wp-content\/uploads\/2025\/01\/LOGO-ERRESSE-CLASSICO.svg\",\"caption\":\"Erresse Shop\"},\"image\":{\"@id\":\"https:\/\/dev6.erresse-shop.it\/#\/schema\/logo\/image\/\"}}]}<\/script>\n<!-- \/ Yoast SEO plugin. -->","yoast_head_json":{"title":"SAMBONET ARTHUR KRUPP Jeu de 12 Assiettes Shade Sea - dev6 Erresse","description":"Collection Shade Earth &amp; Sea : en observant les nuances de la mer et de la terre, Arthur Krupp \u00e9voque le charme et la chaleur des \u201ctessons\u201d faits \u00e0 la","robots":{"index":"noindex","follow":"follow","max-snippet":"max-snippet:-1","max-image-preview":"max-image-preview:large","max-video-preview":"max-video-preview:-1"},"og_locale":"fr_FR","og_type":"article","og_title":"SAMBONET ARTHUR KRUPP Jeu de 12 Assiettes Shade Sea - dev6 Erresse","og_description":"Collection Shade Earth &amp; Sea : en observant les nuances de la mer et de la terre, Arthur Krupp \u00e9voque le charme et la chaleur des \u201ctessons\u201d faits \u00e0 la","og_url":"https:\/\/dev6.erresse-shop.it\/fr\/shop\/table-fr-2\/plats\/sambonet-arthur-krupp-jeu-de-12-assiettes-shade-sea\/","og_site_name":"dev6 Erresse","og_image":[{"url":"https:\/\/interpim.erresse-shop.it\/Import\/Prodotti\/set-piatti-12pz-shade-sea-porcellana.jpg","type":"","width":"","height":""},{"url":"https:\/\/interpim.erresse-shop.it\/Import\/Prodotti\/set-piatti-12pz-shade-sea-porcellana.jpg","width":1024,"height":1024,"type":"image\/jpeg"}],"twitter_card":"summary_large_image","twitter_image":"https:\/\/interpim.erresse-shop.it\/Import\/Prodotti\/set-piatti-12pz-shade-sea-porcellana.jpg","schema":{"@context":"https:\/\/schema.org","@graph":[{"@type":"WebPage","@id":"https:\/\/dev6.erresse-shop.it\/fr\/shop\/table-fr-2\/plats\/sambonet-arthur-krupp-jeu-de-12-assiettes-shade-sea\/","url":"https:\/\/dev6.erresse-shop.it\/fr\/shop\/table-fr-2\/plats\/sambonet-arthur-krupp-jeu-de-12-assiettes-shade-sea\/","name":"SAMBONET ARTHUR KRUPP Jeu de 12 Assiettes Shade Sea - dev6 Erresse","isPartOf":{"@id":"https:\/\/dev6.erresse-shop.it\/#website"},"primaryImageOfPage":{"@id":"https:\/\/dev6.erresse-shop.it\/fr\/shop\/table-fr-2\/plats\/sambonet-arthur-krupp-jeu-de-12-assiettes-shade-sea\/#primaryimage"},"image":{"@id":"https:\/\/dev6.erresse-shop.it\/fr\/shop\/table-fr-2\/plats\/sambonet-arthur-krupp-jeu-de-12-assiettes-shade-sea\/#primaryimage"},"thumbnailUrl":"https:\/\/i3.wp.com\/interpim.erresse-shop.it\/Import\/Prodotti\/set-piatti-12pz-shade-sea-porcellana.jpg?ssl=1","datePublished":"2026-04-10T07:29:26+00:00","description":"Collection Shade Earth &amp; Sea : en observant les nuances de la mer et de la terre, Arthur Krupp \u00e9voque le charme et la chaleur des \u201ctessons\u201d faits \u00e0 la","breadcrumb":{"@id":"https:\/\/dev6.erresse-shop.it\/fr\/shop\/table-fr-2\/plats\/sambonet-arthur-krupp-jeu-de-12-assiettes-shade-sea\/#breadcrumb"},"inLanguage":"fr-FR","potentialAction":[{"@type":"ReadAction","target":["https:\/\/dev6.erresse-shop.it\/fr\/shop\/table-fr-2\/plats\/sambonet-arthur-krupp-jeu-de-12-assiettes-shade-sea\/"]}]},{"@type":"ImageObject","inLanguage":"fr-FR","@id":"https:\/\/dev6.erresse-shop.it\/fr\/shop\/table-fr-2\/plats\/sambonet-arthur-krupp-jeu-de-12-assiettes-shade-sea\/#primaryimage","url":"https:\/\/i3.wp.com\/interpim.erresse-shop.it\/Import\/Prodotti\/set-piatti-12pz-shade-sea-porcellana.jpg?ssl=1","contentUrl":"https:\/\/i3.wp.com\/interpim.erresse-shop.it\/Import\/Prodotti\/set-piatti-12pz-shade-sea-porcellana.jpg?ssl=1"},{"@type":"BreadcrumbList","@id":"https:\/\/dev6.erresse-shop.it\/fr\/shop\/table-fr-2\/plats\/sambonet-arthur-krupp-jeu-de-12-assiettes-shade-sea\/#breadcrumb","itemListElement":[{"@type":"ListItem","position":1,"name":"Home","item":"https:\/\/dev6.erresse-shop.it\/"},{"@type":"ListItem","position":2,"name":"Boutique","item":"https:\/\/dev6.erresse-shop.it\/shop\/"},{"@type":"ListItem","position":3,"name":"SAMBONET ARTHUR KRUPP Jeu de 12 Assiettes Shade Sea"}]},{"@type":"WebSite","@id":"https:\/\/dev6.erresse-shop.it\/#website","url":"https:\/\/dev6.erresse-shop.it\/","name":"Erresse Shop","description":"","publisher":{"@id":"https:\/\/dev6.erresse-shop.it\/#organization"},"potentialAction":[{"@type":"SearchAction","target":{"@type":"EntryPoint","urlTemplate":"https:\/\/dev6.erresse-shop.it\/?s={search_term_string}"},"query-input":{"@type":"PropertyValueSpecification","valueRequired":true,"valueName":"search_term_string"}}],"inLanguage":"fr-FR"},{"@type":"Organization","@id":"https:\/\/dev6.erresse-shop.it\/#organization","name":"Erresse Shop","url":"https:\/\/dev6.erresse-shop.it\/","logo":{"@type":"ImageObject","inLanguage":"fr-FR","@id":"https:\/\/dev6.erresse-shop.it\/#\/schema\/logo\/image\/","url":"https:\/\/dev6.erresse-shop.it\/wp-content\/uploads\/2025\/01\/LOGO-ERRESSE-CLASSICO.svg","contentUrl":"https:\/\/dev6.erresse-shop.it\/wp-content\/uploads\/2025\/01\/LOGO-ERRESSE-CLASSICO.svg","caption":"Erresse Shop"},"image":{"@id":"https:\/\/dev6.erresse-shop.it\/#\/schema\/logo\/image\/"}}]}},"df_price":"","df_sale_price":"","df_regular_price":"","df_image_link":"https:\/\/i3.wp.com\/interpim.erresse-shop.it\/Import\/Prodotti\/set-piatti-12pz-shade-sea-porcellana.jpg?resize=300,300&ssl=1","fifu_image_url":"https:\/\/interpim.erresse-shop.it\/Import\/Prodotti\/set-piatti-12pz-shade-sea-porcellana.jpg","_links":{"self":[{"href":"https:\/\/dev6.erresse-shop.it\/fr\/wp-json\/wp\/v2\/product\/59726","targetHints":{"allow":["GET"]}}],"collection":[{"href":"https:\/\/dev6.erresse-shop.it\/fr\/wp-json\/wp\/v2\/product"}],"about":[{"href":"https:\/\/dev6.erresse-shop.it\/fr\/wp-json\/wp\/v2\/types\/product"}],"wp:featuredmedia":[{"embeddable":true,"href":"https:\/\/dev6.erresse-shop.it\/fr\/wp-json\/wp\/v2\/media\/6312485"}],"wp:attachment":[{"href":"https:\/\/dev6.erresse-shop.it\/fr\/wp-json\/wp\/v2\/media?parent=59726"}],"wp:term":[{"taxonomy":"product_cat","embeddable":true,"href":"https:\/\/dev6.erresse-shop.it\/fr\/wp-json\/wp\/v2\/product_cat?post=59726"},{"taxonomy":"product_tag","embeddable":true,"href":"https:\/\/dev6.erresse-shop.it\/fr\/wp-json\/wp\/v2\/product_tag?post=59726"}],"curies":[{"name":"wp","href":"https:\/\/api.w.org\/{rel}","templated":true}]}}