{"id":59696,"date":"2026-04-10T09:29:26","date_gmt":"2026-04-10T07:29:26","guid":{"rendered":"https:\/\/dev6.erresse-shop.it\/shop\/non%20class\u00e9\/berkel-couteau-a-desosser-teknica-16-cm-rouge\/"},"modified":"2025-09-14T04:28:02","modified_gmt":"2025-09-14T02:28:02","slug":"berkel-couteau-a-desosser-teknica-16-cm-rouge","status":"publish","type":"product","link":"https:\/\/dev6.erresse-shop.it\/fr\/shop\/cuisine\/couteaux\/couteaux-de-cuisine\/berkel-couteau-a-desosser-teknica-16-cm-rouge\/","title":{"rendered":"BERKEL Couteau \u00e0 D\u00e9sosser Teknica 16 cm Rouge"},"content":{"rendered":"<p>LE COUTEAU POUR UN D\u00c9PE\u00c7AGE FACILE<\/p>\n<p>Lame en acier au chrome-molybd\u00e8ne-vanadium de haute qualit\u00e9 1.4116-X50 Cr Mo V15<br \/>\nLame d\u00e9coup\u00e9e au laser dans une plaque de 3 mm d\u2019\u00e9paisseur<br \/>\nArrondi, tremp\u00e9, satin\u00e9 et aff\u00fbt\u00e9 selon des techniques artisanales.<br \/>\nPoign\u00e9e \u201ctechnique\u201d moul\u00e9e en polym\u00e8re thermoplastique avec prise directe pour garantir une ergonomie maximale lors de l\u2019utilisation et sugg\u00e9rer la bonne prise en main.<br \/>\nDouble texture dans les zones de prise pour augmenter l\u2019adh\u00e9rence<br \/>\n\u00c9crou annulaire avant pour un blocage parfait de la lame<br \/>\nEcrou annulaire arri\u00e8re pour un \u00e9quilibrage parfait gr\u00e2ce \u00e0 l\u2019insertion de billes d\u2019acier<br \/>\nLogo et design reconnaissables de Berkel<br \/>\nGaufrage \u201cB\u201d sur l\u2019\u00e9crou annulaire arri\u00e8re.<\/p>\n<p>CARACT\u00c9RISTIQUES<\/p>\n<p>Poids : 235 gr<br \/>\nTaille de la lame : 16 cm<br \/>\nLongueur totale : 30 cm<br \/>\nMat\u00e9riau de la lame : Forg\u00e9e en acier inoxydable 1.4116-X50 Cr Mo V15 ; Epaisseur 3mm ; Duret\u00e9 apr\u00e8s T.T : 59\/60 HRC ; Certificat Catra : Tr\u00e8s bon.<br \/>\nPoign\u00e9e : R\u00e9sine avec finition satin\u00e9e<br \/>\nUtilisation et entretien : Nous recommandons vivement le lavage manuel \u00e0 l\u2019eau chaude pour garantir l\u2019int\u00e9grit\u00e9 et la durabilit\u00e9 du produit. Dans tous les cas, nous vous conseillons de s\u00e9cher le couteau apr\u00e8s chaque lavage. N\u2019utilisez pas de tissus ou d\u2019\u00e9ponges abrasives.<\/p>\n","protected":false},"excerpt":{"rendered":"<p>LE COUTEAU POUR UN D\u00c9PE\u00c7AGE FACILE Lame en acier au chrome-molybd\u00e8ne-vanadium de haute qualit\u00e9 1.4116-X50 Cr Mo V15 Lame d\u00e9coup\u00e9e au laser dans une plaque de 3 mm d\u2019\u00e9paisseur Arrondi, tremp\u00e9, satin\u00e9 et aff\u00fbt\u00e9 selon des techniques artisanales. Poign\u00e9e \u201ctechnique\u201d moul\u00e9e en polym\u00e8re thermoplastique avec prise directe pour garantir une ergonomie maximale lors de l\u2019utilisation [&hellip;]<\/p>\n","protected":false},"featured_media":6312461,"template":"","meta":{"_acf_changed":false},"product_cat":[11997],"product_tag":[],"class_list":{"0":"post-59696","1":"product","2":"type-product","3":"status-publish","4":"has-post-thumbnail","6":"product_cat-couteaux-de-cuisine","8":"first","9":"instock","10":"sale","11":"taxable","12":"shipping-taxable","13":"purchasable","14":"product-type-simple","swatches":"rey-swatches","show_selected":"","stretch_labels":"rey-swatches--stretch-labels"},"acf":[],"yoast_head":"<!-- This site is optimized with the Yoast SEO plugin v25.4 - https:\/\/yoast.com\/wordpress\/plugins\/seo\/ -->\n<title>BERKEL Couteau \u00e0 D\u00e9sosser Teknica 16 cm Rouge - dev6 Erresse<\/title>\n<meta name=\"description\" content=\"LE COUTEAU POUR UN D\u00c9PE\u00c7AGE FACILE Lame en acier au chrome-molybd\u00e8ne-vanadium de haute qualit\u00e9 1.4116-X50 Cr Mo V15 Lame d\u00e9coup\u00e9e au laser dans une plaque\" \/>\n<meta name=\"robots\" content=\"noindex, follow, max-snippet:-1, max-image-preview:large, max-video-preview:-1\" \/>\n<meta property=\"og:locale\" content=\"fr_FR\" \/>\n<meta property=\"og:type\" content=\"article\" \/>\n<meta property=\"og:title\" content=\"BERKEL Couteau \u00e0 D\u00e9sosser Teknica 16 cm Rouge - dev6 Erresse\" \/>\n<meta property=\"og:description\" content=\"LE COUTEAU POUR UN D\u00c9PE\u00c7AGE FACILE Lame en acier au chrome-molybd\u00e8ne-vanadium de haute qualit\u00e9 1.4116-X50 Cr Mo V15 Lame d\u00e9coup\u00e9e au laser dans une plaque\" \/>\n<meta property=\"og:url\" content=\"https:\/\/dev6.erresse-shop.it\/fr\/shop\/cuisine\/couteaux\/couteaux-de-cuisine\/berkel-couteau-a-desosser-teknica-16-cm-rouge\/\" \/>\n<meta property=\"og:site_name\" content=\"dev6 Erresse\" \/>\n<meta property=\"og:image\" content=\"https:\/\/interpim.erresse-shop.it\/Import\/Prodotti\/berkel-disosso-16cm-tekica-2.jpg\" \/><meta property=\"og:image\" content=\"https:\/\/interpim.erresse-shop.it\/Import\/Prodotti\/berkel-disosso-16cm-tekica-2.jpg\" \/>\n\t<meta property=\"og:image:width\" content=\"1024\" \/>\n\t<meta property=\"og:image:height\" content=\"1024\" \/>\n\t<meta property=\"og:image:type\" content=\"image\/jpeg\" \/>\n<meta name=\"twitter:card\" content=\"summary_large_image\" \/>\n<meta name=\"twitter:image\" content=\"https:\/\/interpim.erresse-shop.it\/Import\/Prodotti\/berkel-disosso-16cm-tekica-2.jpg\" \/>\n<script type=\"application\/ld+json\" class=\"yoast-schema-graph\">{\"@context\":\"https:\/\/schema.org\",\"@graph\":[{\"@type\":\"WebPage\",\"@id\":\"https:\/\/dev6.erresse-shop.it\/fr\/shop\/cuisine\/couteaux\/couteaux-de-cuisine\/berkel-couteau-a-desosser-teknica-16-cm-rouge\/\",\"url\":\"https:\/\/dev6.erresse-shop.it\/fr\/shop\/cuisine\/couteaux\/couteaux-de-cuisine\/berkel-couteau-a-desosser-teknica-16-cm-rouge\/\",\"name\":\"BERKEL Couteau \u00e0 D\u00e9sosser Teknica 16 cm Rouge - dev6 Erresse\",\"isPartOf\":{\"@id\":\"https:\/\/dev6.erresse-shop.it\/#website\"},\"primaryImageOfPage\":{\"@id\":\"https:\/\/dev6.erresse-shop.it\/fr\/shop\/cuisine\/couteaux\/couteaux-de-cuisine\/berkel-couteau-a-desosser-teknica-16-cm-rouge\/#primaryimage\"},\"image\":{\"@id\":\"https:\/\/dev6.erresse-shop.it\/fr\/shop\/cuisine\/couteaux\/couteaux-de-cuisine\/berkel-couteau-a-desosser-teknica-16-cm-rouge\/#primaryimage\"},\"thumbnailUrl\":\"https:\/\/i3.wp.com\/interpim.erresse-shop.it\/Import\/Prodotti\/berkel-disosso-16cm-tekica-2.jpg?ssl=1\",\"datePublished\":\"2026-04-10T07:29:26+00:00\",\"description\":\"LE COUTEAU POUR UN D\u00c9PE\u00c7AGE FACILE Lame en acier au chrome-molybd\u00e8ne-vanadium de haute qualit\u00e9 1.4116-X50 Cr Mo V15 Lame d\u00e9coup\u00e9e au laser dans une plaque\",\"breadcrumb\":{\"@id\":\"https:\/\/dev6.erresse-shop.it\/fr\/shop\/cuisine\/couteaux\/couteaux-de-cuisine\/berkel-couteau-a-desosser-teknica-16-cm-rouge\/#breadcrumb\"},\"inLanguage\":\"fr-FR\",\"potentialAction\":[{\"@type\":\"ReadAction\",\"target\":[\"https:\/\/dev6.erresse-shop.it\/fr\/shop\/cuisine\/couteaux\/couteaux-de-cuisine\/berkel-couteau-a-desosser-teknica-16-cm-rouge\/\"]}]},{\"@type\":\"ImageObject\",\"inLanguage\":\"fr-FR\",\"@id\":\"https:\/\/dev6.erresse-shop.it\/fr\/shop\/cuisine\/couteaux\/couteaux-de-cuisine\/berkel-couteau-a-desosser-teknica-16-cm-rouge\/#primaryimage\",\"url\":\"https:\/\/i3.wp.com\/interpim.erresse-shop.it\/Import\/Prodotti\/berkel-disosso-16cm-tekica-2.jpg?ssl=1\",\"contentUrl\":\"https:\/\/i3.wp.com\/interpim.erresse-shop.it\/Import\/Prodotti\/berkel-disosso-16cm-tekica-2.jpg?ssl=1\"},{\"@type\":\"BreadcrumbList\",\"@id\":\"https:\/\/dev6.erresse-shop.it\/fr\/shop\/cuisine\/couteaux\/couteaux-de-cuisine\/berkel-couteau-a-desosser-teknica-16-cm-rouge\/#breadcrumb\",\"itemListElement\":[{\"@type\":\"ListItem\",\"position\":1,\"name\":\"Home\",\"item\":\"https:\/\/dev6.erresse-shop.it\/\"},{\"@type\":\"ListItem\",\"position\":2,\"name\":\"Boutique\",\"item\":\"https:\/\/dev6.erresse-shop.it\/shop\/\"},{\"@type\":\"ListItem\",\"position\":3,\"name\":\"BERKEL Couteau \u00e0 D\u00e9sosser Teknica 16 cm Rouge\"}]},{\"@type\":\"WebSite\",\"@id\":\"https:\/\/dev6.erresse-shop.it\/#website\",\"url\":\"https:\/\/dev6.erresse-shop.it\/\",\"name\":\"Erresse Shop\",\"description\":\"\",\"publisher\":{\"@id\":\"https:\/\/dev6.erresse-shop.it\/#organization\"},\"potentialAction\":[{\"@type\":\"SearchAction\",\"target\":{\"@type\":\"EntryPoint\",\"urlTemplate\":\"https:\/\/dev6.erresse-shop.it\/?s={search_term_string}\"},\"query-input\":{\"@type\":\"PropertyValueSpecification\",\"valueRequired\":true,\"valueName\":\"search_term_string\"}}],\"inLanguage\":\"fr-FR\"},{\"@type\":\"Organization\",\"@id\":\"https:\/\/dev6.erresse-shop.it\/#organization\",\"name\":\"Erresse Shop\",\"url\":\"https:\/\/dev6.erresse-shop.it\/\",\"logo\":{\"@type\":\"ImageObject\",\"inLanguage\":\"fr-FR\",\"@id\":\"https:\/\/dev6.erresse-shop.it\/#\/schema\/logo\/image\/\",\"url\":\"https:\/\/dev6.erresse-shop.it\/wp-content\/uploads\/2025\/01\/LOGO-ERRESSE-CLASSICO.svg\",\"contentUrl\":\"https:\/\/dev6.erresse-shop.it\/wp-content\/uploads\/2025\/01\/LOGO-ERRESSE-CLASSICO.svg\",\"caption\":\"Erresse Shop\"},\"image\":{\"@id\":\"https:\/\/dev6.erresse-shop.it\/#\/schema\/logo\/image\/\"}}]}<\/script>\n<!-- \/ Yoast SEO plugin. -->","yoast_head_json":{"title":"BERKEL Couteau \u00e0 D\u00e9sosser Teknica 16 cm Rouge - dev6 Erresse","description":"LE COUTEAU POUR UN D\u00c9PE\u00c7AGE FACILE Lame en acier au chrome-molybd\u00e8ne-vanadium de haute qualit\u00e9 1.4116-X50 Cr Mo V15 Lame d\u00e9coup\u00e9e au laser dans une plaque","robots":{"index":"noindex","follow":"follow","max-snippet":"max-snippet:-1","max-image-preview":"max-image-preview:large","max-video-preview":"max-video-preview:-1"},"og_locale":"fr_FR","og_type":"article","og_title":"BERKEL Couteau \u00e0 D\u00e9sosser Teknica 16 cm Rouge - dev6 Erresse","og_description":"LE COUTEAU POUR UN D\u00c9PE\u00c7AGE FACILE Lame en acier au chrome-molybd\u00e8ne-vanadium de haute qualit\u00e9 1.4116-X50 Cr Mo V15 Lame d\u00e9coup\u00e9e au laser dans une plaque","og_url":"https:\/\/dev6.erresse-shop.it\/fr\/shop\/cuisine\/couteaux\/couteaux-de-cuisine\/berkel-couteau-a-desosser-teknica-16-cm-rouge\/","og_site_name":"dev6 Erresse","og_image":[{"url":"https:\/\/interpim.erresse-shop.it\/Import\/Prodotti\/berkel-disosso-16cm-tekica-2.jpg","type":"","width":"","height":""},{"url":"https:\/\/interpim.erresse-shop.it\/Import\/Prodotti\/berkel-disosso-16cm-tekica-2.jpg","width":1024,"height":1024,"type":"image\/jpeg"}],"twitter_card":"summary_large_image","twitter_image":"https:\/\/interpim.erresse-shop.it\/Import\/Prodotti\/berkel-disosso-16cm-tekica-2.jpg","schema":{"@context":"https:\/\/schema.org","@graph":[{"@type":"WebPage","@id":"https:\/\/dev6.erresse-shop.it\/fr\/shop\/cuisine\/couteaux\/couteaux-de-cuisine\/berkel-couteau-a-desosser-teknica-16-cm-rouge\/","url":"https:\/\/dev6.erresse-shop.it\/fr\/shop\/cuisine\/couteaux\/couteaux-de-cuisine\/berkel-couteau-a-desosser-teknica-16-cm-rouge\/","name":"BERKEL Couteau \u00e0 D\u00e9sosser Teknica 16 cm Rouge - dev6 Erresse","isPartOf":{"@id":"https:\/\/dev6.erresse-shop.it\/#website"},"primaryImageOfPage":{"@id":"https:\/\/dev6.erresse-shop.it\/fr\/shop\/cuisine\/couteaux\/couteaux-de-cuisine\/berkel-couteau-a-desosser-teknica-16-cm-rouge\/#primaryimage"},"image":{"@id":"https:\/\/dev6.erresse-shop.it\/fr\/shop\/cuisine\/couteaux\/couteaux-de-cuisine\/berkel-couteau-a-desosser-teknica-16-cm-rouge\/#primaryimage"},"thumbnailUrl":"https:\/\/i3.wp.com\/interpim.erresse-shop.it\/Import\/Prodotti\/berkel-disosso-16cm-tekica-2.jpg?ssl=1","datePublished":"2026-04-10T07:29:26+00:00","description":"LE COUTEAU POUR UN D\u00c9PE\u00c7AGE FACILE Lame en acier au chrome-molybd\u00e8ne-vanadium de haute qualit\u00e9 1.4116-X50 Cr Mo V15 Lame d\u00e9coup\u00e9e au laser dans une plaque","breadcrumb":{"@id":"https:\/\/dev6.erresse-shop.it\/fr\/shop\/cuisine\/couteaux\/couteaux-de-cuisine\/berkel-couteau-a-desosser-teknica-16-cm-rouge\/#breadcrumb"},"inLanguage":"fr-FR","potentialAction":[{"@type":"ReadAction","target":["https:\/\/dev6.erresse-shop.it\/fr\/shop\/cuisine\/couteaux\/couteaux-de-cuisine\/berkel-couteau-a-desosser-teknica-16-cm-rouge\/"]}]},{"@type":"ImageObject","inLanguage":"fr-FR","@id":"https:\/\/dev6.erresse-shop.it\/fr\/shop\/cuisine\/couteaux\/couteaux-de-cuisine\/berkel-couteau-a-desosser-teknica-16-cm-rouge\/#primaryimage","url":"https:\/\/i3.wp.com\/interpim.erresse-shop.it\/Import\/Prodotti\/berkel-disosso-16cm-tekica-2.jpg?ssl=1","contentUrl":"https:\/\/i3.wp.com\/interpim.erresse-shop.it\/Import\/Prodotti\/berkel-disosso-16cm-tekica-2.jpg?ssl=1"},{"@type":"BreadcrumbList","@id":"https:\/\/dev6.erresse-shop.it\/fr\/shop\/cuisine\/couteaux\/couteaux-de-cuisine\/berkel-couteau-a-desosser-teknica-16-cm-rouge\/#breadcrumb","itemListElement":[{"@type":"ListItem","position":1,"name":"Home","item":"https:\/\/dev6.erresse-shop.it\/"},{"@type":"ListItem","position":2,"name":"Boutique","item":"https:\/\/dev6.erresse-shop.it\/shop\/"},{"@type":"ListItem","position":3,"name":"BERKEL Couteau \u00e0 D\u00e9sosser Teknica 16 cm Rouge"}]},{"@type":"WebSite","@id":"https:\/\/dev6.erresse-shop.it\/#website","url":"https:\/\/dev6.erresse-shop.it\/","name":"Erresse Shop","description":"","publisher":{"@id":"https:\/\/dev6.erresse-shop.it\/#organization"},"potentialAction":[{"@type":"SearchAction","target":{"@type":"EntryPoint","urlTemplate":"https:\/\/dev6.erresse-shop.it\/?s={search_term_string}"},"query-input":{"@type":"PropertyValueSpecification","valueRequired":true,"valueName":"search_term_string"}}],"inLanguage":"fr-FR"},{"@type":"Organization","@id":"https:\/\/dev6.erresse-shop.it\/#organization","name":"Erresse Shop","url":"https:\/\/dev6.erresse-shop.it\/","logo":{"@type":"ImageObject","inLanguage":"fr-FR","@id":"https:\/\/dev6.erresse-shop.it\/#\/schema\/logo\/image\/","url":"https:\/\/dev6.erresse-shop.it\/wp-content\/uploads\/2025\/01\/LOGO-ERRESSE-CLASSICO.svg","contentUrl":"https:\/\/dev6.erresse-shop.it\/wp-content\/uploads\/2025\/01\/LOGO-ERRESSE-CLASSICO.svg","caption":"Erresse Shop"},"image":{"@id":"https:\/\/dev6.erresse-shop.it\/#\/schema\/logo\/image\/"}}]}},"df_price":79.95,"df_sale_price":79.95,"df_regular_price":109,"df_image_link":"https:\/\/i3.wp.com\/interpim.erresse-shop.it\/Import\/Prodotti\/berkel-disosso-16cm-tekica-2.jpg?resize=300,300&ssl=1","fifu_image_url":"https:\/\/interpim.erresse-shop.it\/Import\/Prodotti\/berkel-disosso-16cm-tekica-2.jpg","_links":{"self":[{"href":"https:\/\/dev6.erresse-shop.it\/fr\/wp-json\/wp\/v2\/product\/59696","targetHints":{"allow":["GET"]}}],"collection":[{"href":"https:\/\/dev6.erresse-shop.it\/fr\/wp-json\/wp\/v2\/product"}],"about":[{"href":"https:\/\/dev6.erresse-shop.it\/fr\/wp-json\/wp\/v2\/types\/product"}],"wp:featuredmedia":[{"embeddable":true,"href":"https:\/\/dev6.erresse-shop.it\/fr\/wp-json\/wp\/v2\/media\/6312461"}],"wp:attachment":[{"href":"https:\/\/dev6.erresse-shop.it\/fr\/wp-json\/wp\/v2\/media?parent=59696"}],"wp:term":[{"taxonomy":"product_cat","embeddable":true,"href":"https:\/\/dev6.erresse-shop.it\/fr\/wp-json\/wp\/v2\/product_cat?post=59696"},{"taxonomy":"product_tag","embeddable":true,"href":"https:\/\/dev6.erresse-shop.it\/fr\/wp-json\/wp\/v2\/product_tag?post=59696"}],"curies":[{"name":"wp","href":"https:\/\/api.w.org\/{rel}","templated":true}]}}