{"id":59688,"date":"2026-04-04T08:49:30","date_gmt":"2026-04-04T06:49:30","guid":{"rendered":"https:\/\/dev6.erresse-shop.it\/shop\/non%20class\u00e9\/sambonet-arthur-krupp-jeu-de-12-assiettes-nature-essence\/"},"modified":"2025-09-14T04:27:52","modified_gmt":"2025-09-14T02:27:52","slug":"sambonet-arthur-krupp-jeu-de-12-assiettes-nature-essence","status":"publish","type":"product","link":"https:\/\/dev6.erresse-shop.it\/fr\/shop\/table-fr-2\/plats\/sambonet-arthur-krupp-jeu-de-12-assiettes-nature-essence\/","title":{"rendered":"SAMBONET ARTHUR KRUPP Jeu de 12 Assiettes Nature Essence"},"content":{"rendered":"<p>Assiette plate en porcelaine de la s\u00e9rie Nature Essence d\u2019Arthur Krupp.<br \/>\nDes d\u00e9corations qui puisent dans la nature des traits, des couleurs et des sensations.<br \/>\nUne porcelaine qui apporte une touche de personnalit\u00e9 \u00e0 l\u2019espace environnant, de la mode \u00e0 l\u2019ameublement, en passant par les restaurants.<br \/>\nGr\u00e2ce \u00e0 un relief particulier, Nature Essence amplifie et redessine la nervure v\u00e9g\u00e9tale typique des feuilles.<br \/>\nLe d\u00e9cor prend ainsi des d\u00e9clinaisons et des couleurs presque abstraites sur chaque article, y compris la forme organique particuli\u00e8re. Compl\u00e9mentaires les unes des autres et combinables avec la ligne Wood, la collection donne vie \u00e0 des Mix &amp; Match extr\u00eamement d\u00e9coratifs et impactants.<\/p>\n<p>Le set pour 4 personnes (12 pi\u00e8ces) comprend une assiette \u00e0 d\u00eener de 28 cm de diam\u00e8tre, une assiette \u00e0 soupe de 22 cm de diam\u00e8tre et une assiette \u00e0 fruits de 20 cm de diam\u00e8tre ;<br \/>\nLes d\u00e9corations et les couleurs typiques du gr\u00e8s sont reproduites sur la porcelaine, pour un effet de mati\u00e8re qui conserve le style chaleureux de la c\u00e9ramique, offrant en m\u00eame temps la r\u00e9sistance et la qualit\u00e9 d\u00e9rivant de la cuisson \u00e0 haute temp\u00e9rature.<br \/>\nLavable au lave-vaisselle<br \/>\nPlats en porcelaine<\/p>\n","protected":false},"excerpt":{"rendered":"<p>Assiette plate en porcelaine de la s\u00e9rie Nature Essence d\u2019Arthur Krupp. Des d\u00e9corations qui puisent dans la nature des traits, des couleurs et des sensations. Une porcelaine qui apporte une touche de personnalit\u00e9 \u00e0 l\u2019espace environnant, de la mode \u00e0 l\u2019ameublement, en passant par les restaurants. Gr\u00e2ce \u00e0 un relief particulier, Nature Essence amplifie et [&hellip;]<\/p>\n","protected":false},"featured_media":6270762,"template":"","meta":{"_acf_changed":false},"product_cat":[12014,11995,11671],"product_tag":[],"class_list":{"0":"post-59688","1":"product","2":"type-product","3":"status-publish","4":"has-post-thumbnail","6":"product_cat-plats","7":"product_cat-table-fr-2","8":"product_cat-tavola","10":"first","11":"instock","12":"sale","13":"taxable","14":"shipping-taxable","15":"purchasable","16":"product-type-simple","swatches":"rey-swatches","show_selected":"","stretch_labels":"rey-swatches--stretch-labels"},"acf":[],"yoast_head":"<!-- This site is optimized with the Yoast SEO plugin v25.4 - https:\/\/yoast.com\/wordpress\/plugins\/seo\/ -->\n<title>SAMBONET ARTHUR KRUPP Jeu de 12 Assiettes Nature Essence - dev6 Erresse<\/title>\n<meta name=\"description\" content=\"Assiette plate en porcelaine de la s\u00e9rie Nature Essence d\u2019Arthur Krupp. Des d\u00e9corations qui puisent dans la nature des traits, des couleurs et des\" \/>\n<meta name=\"robots\" content=\"noindex, follow, max-snippet:-1, max-image-preview:large, max-video-preview:-1\" \/>\n<meta property=\"og:locale\" content=\"fr_FR\" \/>\n<meta property=\"og:type\" content=\"article\" \/>\n<meta property=\"og:title\" content=\"SAMBONET ARTHUR KRUPP Jeu de 12 Assiettes Nature Essence - dev6 Erresse\" \/>\n<meta property=\"og:description\" content=\"Assiette plate en porcelaine de la s\u00e9rie Nature Essence d\u2019Arthur Krupp. Des d\u00e9corations qui puisent dans la nature des traits, des couleurs et des\" \/>\n<meta property=\"og:url\" content=\"https:\/\/dev6.erresse-shop.it\/fr\/shop\/table-fr-2\/plats\/sambonet-arthur-krupp-jeu-de-12-assiettes-nature-essence\/\" \/>\n<meta property=\"og:site_name\" content=\"dev6 Erresse\" \/>\n<meta property=\"og:image\" content=\"https:\/\/interpim.erresse-shop.it\/img-catalogo\/sambonet\/sambonet-arthur-krupp-set-12-piatti-nature-essence.jpg\" \/><meta property=\"og:image\" content=\"https:\/\/interpim.erresse-shop.it\/img-catalogo\/sambonet\/sambonet-arthur-krupp-set-12-piatti-nature-essence.jpg\" \/>\n\t<meta property=\"og:image:width\" content=\"1024\" \/>\n\t<meta property=\"og:image:height\" content=\"1024\" \/>\n\t<meta property=\"og:image:type\" content=\"image\/jpeg\" \/>\n<meta name=\"twitter:card\" content=\"summary_large_image\" \/>\n<meta name=\"twitter:image\" content=\"https:\/\/interpim.erresse-shop.it\/img-catalogo\/sambonet\/sambonet-arthur-krupp-set-12-piatti-nature-essence.jpg\" \/>\n<script type=\"application\/ld+json\" class=\"yoast-schema-graph\">{\"@context\":\"https:\/\/schema.org\",\"@graph\":[{\"@type\":\"WebPage\",\"@id\":\"https:\/\/dev6.erresse-shop.it\/fr\/shop\/table-fr-2\/plats\/sambonet-arthur-krupp-jeu-de-12-assiettes-nature-essence\/\",\"url\":\"https:\/\/dev6.erresse-shop.it\/fr\/shop\/table-fr-2\/plats\/sambonet-arthur-krupp-jeu-de-12-assiettes-nature-essence\/\",\"name\":\"SAMBONET ARTHUR KRUPP Jeu de 12 Assiettes Nature Essence - dev6 Erresse\",\"isPartOf\":{\"@id\":\"https:\/\/dev6.erresse-shop.it\/#website\"},\"primaryImageOfPage\":{\"@id\":\"https:\/\/dev6.erresse-shop.it\/fr\/shop\/table-fr-2\/plats\/sambonet-arthur-krupp-jeu-de-12-assiettes-nature-essence\/#primaryimage\"},\"image\":{\"@id\":\"https:\/\/dev6.erresse-shop.it\/fr\/shop\/table-fr-2\/plats\/sambonet-arthur-krupp-jeu-de-12-assiettes-nature-essence\/#primaryimage\"},\"thumbnailUrl\":\"https:\/\/i1.wp.com\/interpim.erresse-shop.it\/img-catalogo\/sambonet\/sambonet-arthur-krupp-set-12-piatti-nature-essence.jpg?ssl=1\",\"datePublished\":\"2026-04-04T06:49:30+00:00\",\"description\":\"Assiette plate en porcelaine de la s\u00e9rie Nature Essence d\u2019Arthur Krupp. Des d\u00e9corations qui puisent dans la nature des traits, des couleurs et des\",\"breadcrumb\":{\"@id\":\"https:\/\/dev6.erresse-shop.it\/fr\/shop\/table-fr-2\/plats\/sambonet-arthur-krupp-jeu-de-12-assiettes-nature-essence\/#breadcrumb\"},\"inLanguage\":\"fr-FR\",\"potentialAction\":[{\"@type\":\"ReadAction\",\"target\":[\"https:\/\/dev6.erresse-shop.it\/fr\/shop\/table-fr-2\/plats\/sambonet-arthur-krupp-jeu-de-12-assiettes-nature-essence\/\"]}]},{\"@type\":\"ImageObject\",\"inLanguage\":\"fr-FR\",\"@id\":\"https:\/\/dev6.erresse-shop.it\/fr\/shop\/table-fr-2\/plats\/sambonet-arthur-krupp-jeu-de-12-assiettes-nature-essence\/#primaryimage\",\"url\":\"https:\/\/i1.wp.com\/interpim.erresse-shop.it\/img-catalogo\/sambonet\/sambonet-arthur-krupp-set-12-piatti-nature-essence.jpg?ssl=1\",\"contentUrl\":\"https:\/\/i1.wp.com\/interpim.erresse-shop.it\/img-catalogo\/sambonet\/sambonet-arthur-krupp-set-12-piatti-nature-essence.jpg?ssl=1\"},{\"@type\":\"BreadcrumbList\",\"@id\":\"https:\/\/dev6.erresse-shop.it\/fr\/shop\/table-fr-2\/plats\/sambonet-arthur-krupp-jeu-de-12-assiettes-nature-essence\/#breadcrumb\",\"itemListElement\":[{\"@type\":\"ListItem\",\"position\":1,\"name\":\"Home\",\"item\":\"https:\/\/dev6.erresse-shop.it\/\"},{\"@type\":\"ListItem\",\"position\":2,\"name\":\"Boutique\",\"item\":\"https:\/\/dev6.erresse-shop.it\/shop\/\"},{\"@type\":\"ListItem\",\"position\":3,\"name\":\"SAMBONET ARTHUR KRUPP Jeu de 12 Assiettes Nature Essence\"}]},{\"@type\":\"WebSite\",\"@id\":\"https:\/\/dev6.erresse-shop.it\/#website\",\"url\":\"https:\/\/dev6.erresse-shop.it\/\",\"name\":\"Erresse Shop\",\"description\":\"\",\"publisher\":{\"@id\":\"https:\/\/dev6.erresse-shop.it\/#organization\"},\"potentialAction\":[{\"@type\":\"SearchAction\",\"target\":{\"@type\":\"EntryPoint\",\"urlTemplate\":\"https:\/\/dev6.erresse-shop.it\/?s={search_term_string}\"},\"query-input\":{\"@type\":\"PropertyValueSpecification\",\"valueRequired\":true,\"valueName\":\"search_term_string\"}}],\"inLanguage\":\"fr-FR\"},{\"@type\":\"Organization\",\"@id\":\"https:\/\/dev6.erresse-shop.it\/#organization\",\"name\":\"Erresse Shop\",\"url\":\"https:\/\/dev6.erresse-shop.it\/\",\"logo\":{\"@type\":\"ImageObject\",\"inLanguage\":\"fr-FR\",\"@id\":\"https:\/\/dev6.erresse-shop.it\/#\/schema\/logo\/image\/\",\"url\":\"https:\/\/dev6.erresse-shop.it\/wp-content\/uploads\/2025\/01\/LOGO-ERRESSE-CLASSICO.svg\",\"contentUrl\":\"https:\/\/dev6.erresse-shop.it\/wp-content\/uploads\/2025\/01\/LOGO-ERRESSE-CLASSICO.svg\",\"caption\":\"Erresse Shop\"},\"image\":{\"@id\":\"https:\/\/dev6.erresse-shop.it\/#\/schema\/logo\/image\/\"}}]}<\/script>\n<!-- \/ Yoast SEO plugin. -->","yoast_head_json":{"title":"SAMBONET ARTHUR KRUPP Jeu de 12 Assiettes Nature Essence - dev6 Erresse","description":"Assiette plate en porcelaine de la s\u00e9rie Nature Essence d\u2019Arthur Krupp. Des d\u00e9corations qui puisent dans la nature des traits, des couleurs et des","robots":{"index":"noindex","follow":"follow","max-snippet":"max-snippet:-1","max-image-preview":"max-image-preview:large","max-video-preview":"max-video-preview:-1"},"og_locale":"fr_FR","og_type":"article","og_title":"SAMBONET ARTHUR KRUPP Jeu de 12 Assiettes Nature Essence - dev6 Erresse","og_description":"Assiette plate en porcelaine de la s\u00e9rie Nature Essence d\u2019Arthur Krupp. Des d\u00e9corations qui puisent dans la nature des traits, des couleurs et des","og_url":"https:\/\/dev6.erresse-shop.it\/fr\/shop\/table-fr-2\/plats\/sambonet-arthur-krupp-jeu-de-12-assiettes-nature-essence\/","og_site_name":"dev6 Erresse","og_image":[{"url":"https:\/\/interpim.erresse-shop.it\/img-catalogo\/sambonet\/sambonet-arthur-krupp-set-12-piatti-nature-essence.jpg","type":"","width":"","height":""},{"url":"https:\/\/interpim.erresse-shop.it\/img-catalogo\/sambonet\/sambonet-arthur-krupp-set-12-piatti-nature-essence.jpg","width":1024,"height":1024,"type":"image\/jpeg"}],"twitter_card":"summary_large_image","twitter_image":"https:\/\/interpim.erresse-shop.it\/img-catalogo\/sambonet\/sambonet-arthur-krupp-set-12-piatti-nature-essence.jpg","schema":{"@context":"https:\/\/schema.org","@graph":[{"@type":"WebPage","@id":"https:\/\/dev6.erresse-shop.it\/fr\/shop\/table-fr-2\/plats\/sambonet-arthur-krupp-jeu-de-12-assiettes-nature-essence\/","url":"https:\/\/dev6.erresse-shop.it\/fr\/shop\/table-fr-2\/plats\/sambonet-arthur-krupp-jeu-de-12-assiettes-nature-essence\/","name":"SAMBONET ARTHUR KRUPP Jeu de 12 Assiettes Nature Essence - dev6 Erresse","isPartOf":{"@id":"https:\/\/dev6.erresse-shop.it\/#website"},"primaryImageOfPage":{"@id":"https:\/\/dev6.erresse-shop.it\/fr\/shop\/table-fr-2\/plats\/sambonet-arthur-krupp-jeu-de-12-assiettes-nature-essence\/#primaryimage"},"image":{"@id":"https:\/\/dev6.erresse-shop.it\/fr\/shop\/table-fr-2\/plats\/sambonet-arthur-krupp-jeu-de-12-assiettes-nature-essence\/#primaryimage"},"thumbnailUrl":"https:\/\/i1.wp.com\/interpim.erresse-shop.it\/img-catalogo\/sambonet\/sambonet-arthur-krupp-set-12-piatti-nature-essence.jpg?ssl=1","datePublished":"2026-04-04T06:49:30+00:00","description":"Assiette plate en porcelaine de la s\u00e9rie Nature Essence d\u2019Arthur Krupp. Des d\u00e9corations qui puisent dans la nature des traits, des couleurs et des","breadcrumb":{"@id":"https:\/\/dev6.erresse-shop.it\/fr\/shop\/table-fr-2\/plats\/sambonet-arthur-krupp-jeu-de-12-assiettes-nature-essence\/#breadcrumb"},"inLanguage":"fr-FR","potentialAction":[{"@type":"ReadAction","target":["https:\/\/dev6.erresse-shop.it\/fr\/shop\/table-fr-2\/plats\/sambonet-arthur-krupp-jeu-de-12-assiettes-nature-essence\/"]}]},{"@type":"ImageObject","inLanguage":"fr-FR","@id":"https:\/\/dev6.erresse-shop.it\/fr\/shop\/table-fr-2\/plats\/sambonet-arthur-krupp-jeu-de-12-assiettes-nature-essence\/#primaryimage","url":"https:\/\/i1.wp.com\/interpim.erresse-shop.it\/img-catalogo\/sambonet\/sambonet-arthur-krupp-set-12-piatti-nature-essence.jpg?ssl=1","contentUrl":"https:\/\/i1.wp.com\/interpim.erresse-shop.it\/img-catalogo\/sambonet\/sambonet-arthur-krupp-set-12-piatti-nature-essence.jpg?ssl=1"},{"@type":"BreadcrumbList","@id":"https:\/\/dev6.erresse-shop.it\/fr\/shop\/table-fr-2\/plats\/sambonet-arthur-krupp-jeu-de-12-assiettes-nature-essence\/#breadcrumb","itemListElement":[{"@type":"ListItem","position":1,"name":"Home","item":"https:\/\/dev6.erresse-shop.it\/"},{"@type":"ListItem","position":2,"name":"Boutique","item":"https:\/\/dev6.erresse-shop.it\/shop\/"},{"@type":"ListItem","position":3,"name":"SAMBONET ARTHUR KRUPP Jeu de 12 Assiettes Nature Essence"}]},{"@type":"WebSite","@id":"https:\/\/dev6.erresse-shop.it\/#website","url":"https:\/\/dev6.erresse-shop.it\/","name":"Erresse Shop","description":"","publisher":{"@id":"https:\/\/dev6.erresse-shop.it\/#organization"},"potentialAction":[{"@type":"SearchAction","target":{"@type":"EntryPoint","urlTemplate":"https:\/\/dev6.erresse-shop.it\/?s={search_term_string}"},"query-input":{"@type":"PropertyValueSpecification","valueRequired":true,"valueName":"search_term_string"}}],"inLanguage":"fr-FR"},{"@type":"Organization","@id":"https:\/\/dev6.erresse-shop.it\/#organization","name":"Erresse Shop","url":"https:\/\/dev6.erresse-shop.it\/","logo":{"@type":"ImageObject","inLanguage":"fr-FR","@id":"https:\/\/dev6.erresse-shop.it\/#\/schema\/logo\/image\/","url":"https:\/\/dev6.erresse-shop.it\/wp-content\/uploads\/2025\/01\/LOGO-ERRESSE-CLASSICO.svg","contentUrl":"https:\/\/dev6.erresse-shop.it\/wp-content\/uploads\/2025\/01\/LOGO-ERRESSE-CLASSICO.svg","caption":"Erresse Shop"},"image":{"@id":"https:\/\/dev6.erresse-shop.it\/#\/schema\/logo\/image\/"}}]}},"df_price":89,"df_sale_price":89,"df_regular_price":219.9,"df_image_link":"https:\/\/i1.wp.com\/interpim.erresse-shop.it\/img-catalogo\/sambonet\/sambonet-arthur-krupp-set-12-piatti-nature-essence.jpg?resize=300,300&ssl=1","fifu_image_url":"https:\/\/interpim.erresse-shop.it\/img-catalogo\/sambonet\/sambonet-arthur-krupp-set-12-piatti-nature-essence.jpg","_links":{"self":[{"href":"https:\/\/dev6.erresse-shop.it\/fr\/wp-json\/wp\/v2\/product\/59688","targetHints":{"allow":["GET"]}}],"collection":[{"href":"https:\/\/dev6.erresse-shop.it\/fr\/wp-json\/wp\/v2\/product"}],"about":[{"href":"https:\/\/dev6.erresse-shop.it\/fr\/wp-json\/wp\/v2\/types\/product"}],"wp:featuredmedia":[{"embeddable":true,"href":"https:\/\/dev6.erresse-shop.it\/fr\/wp-json\/wp\/v2\/media\/6270762"}],"wp:attachment":[{"href":"https:\/\/dev6.erresse-shop.it\/fr\/wp-json\/wp\/v2\/media?parent=59688"}],"wp:term":[{"taxonomy":"product_cat","embeddable":true,"href":"https:\/\/dev6.erresse-shop.it\/fr\/wp-json\/wp\/v2\/product_cat?post=59688"},{"taxonomy":"product_tag","embeddable":true,"href":"https:\/\/dev6.erresse-shop.it\/fr\/wp-json\/wp\/v2\/product_tag?post=59688"}],"curies":[{"name":"wp","href":"https:\/\/api.w.org\/{rel}","templated":true}]}}