{"id":59668,"date":"2026-04-12T08:50:55","date_gmt":"2026-04-12T06:50:55","guid":{"rendered":"https:\/\/dev6.erresse-shop.it\/shop\/non%20class\u00e9\/berkel-couteau-a-jambon-elegance-26-cm-noir\/"},"modified":"2025-09-14T04:27:22","modified_gmt":"2025-09-14T02:27:22","slug":"berkel-couteau-a-jambon-elegance-26-cm-noir","status":"publish","type":"product","link":"https:\/\/dev6.erresse-shop.it\/fr\/shop\/cuisine\/couteaux\/couteaux-de-cuisine\/berkel-couteau-a-jambon-elegance-26-cm-noir\/","title":{"rendered":"BERKEL Couteau \u00e0 Jambon Elegance 26 cm Noir"},"content":{"rendered":"<p>LE COUTEAU \u00c0 TRANCHER \u00c0 LA MAIN<br \/>\nCouteau flexible et maniable. Gr\u00e2ce \u00e0 sa lame longue et flexible, il vous permet de trancher finement tous les types de saucisses et de produits de charcuterie, en favorisant la constance de l\u2019\u00e9paisseur.<\/p>\n<p>Lame en acier au chrome-molybd\u00e8ne-vanadium de haute qualit\u00e9 1.4116-X50 Cr Mo V15<br \/>\nLame galvanis\u00e9e \u00e0 partir d\u2019une plaque de 3 mm d\u2019\u00e9paisseur<br \/>\nManche moul\u00e9 en r\u00e9sine ac\u00e9tyle, ce qui lui donne un aspect brillant.<br \/>\nVirole en acier pour garantir une adh\u00e9rence maximale entre la lame et le manche et un \u00e9quilibre parfait du couteau pendant l\u2019utilisation.<br \/>\nLogo Berkel grav\u00e9 sur la lame<br \/>\nLogo dor\u00e9 sur la poign\u00e9e avec le design reconnaissable de Berkel<\/p>\n<p>CARACT\u00c9RISTIQUES<br \/>\nPoids : 207 gr<br \/>\nTaille de la lame : 26 cm<br \/>\nLongueur totale : 40 cm<br \/>\nMat\u00e9riau de la lame : Forg\u00e9e en acier inoxydable 1.4116-X50 Cr Mo V15 ; Duret\u00e9 apr\u00e8s T.T. : 59 HRC ; Certificat Catra : Tr\u00e8s bon<br \/>\nPoign\u00e9e : r\u00e9sine ac\u00e9tal<br \/>\nUtilisation et entretien : Nous recommandons vivement le lavage manuel \u00e0 l\u2019eau chaude pour garantir l\u2019int\u00e9grit\u00e9 et la durabilit\u00e9 du produit. Dans tous les cas, nous vous conseillons de s\u00e9cher le couteau apr\u00e8s chaque lavage. N\u2019utilisez pas de tissus ou d\u2019\u00e9ponges abrasives.<\/p>\n","protected":false},"excerpt":{"rendered":"<p>LE COUTEAU \u00c0 TRANCHER \u00c0 LA MAIN Couteau flexible et maniable. Gr\u00e2ce \u00e0 sa lame longue et flexible, il vous permet de trancher finement tous les types de saucisses et de produits de charcuterie, en favorisant la constance de l\u2019\u00e9paisseur. Lame en acier au chrome-molybd\u00e8ne-vanadium de haute qualit\u00e9 1.4116-X50 Cr Mo V15 Lame galvanis\u00e9e \u00e0 [&hellip;]<\/p>\n","protected":false},"featured_media":6353922,"template":"","meta":{"_acf_changed":false},"product_cat":[11997],"product_tag":[],"class_list":{"0":"post-59668","1":"product","2":"type-product","3":"status-publish","4":"has-post-thumbnail","6":"product_cat-couteaux-de-cuisine","8":"first","9":"instock","10":"sale","11":"taxable","12":"shipping-taxable","13":"purchasable","14":"product-type-simple","swatches":"rey-swatches","show_selected":"","stretch_labels":"rey-swatches--stretch-labels"},"acf":[],"yoast_head":"<!-- This site is optimized with the Yoast SEO plugin v25.4 - https:\/\/yoast.com\/wordpress\/plugins\/seo\/ -->\n<title>BERKEL Couteau \u00e0 Jambon Elegance 26 cm Noir - dev6 Erresse<\/title>\n<meta name=\"description\" content=\"LE COUTEAU \u00c0 TRANCHER \u00c0 LA MAIN Couteau flexible et maniable. Gr\u00e2ce \u00e0 sa lame longue et flexible, il vous permet de trancher finement tous les types de\" \/>\n<meta name=\"robots\" content=\"noindex, follow, max-snippet:-1, max-image-preview:large, max-video-preview:-1\" \/>\n<meta property=\"og:locale\" content=\"fr_FR\" \/>\n<meta property=\"og:type\" content=\"article\" \/>\n<meta property=\"og:title\" content=\"BERKEL Couteau \u00e0 Jambon Elegance 26 cm Noir - dev6 Erresse\" \/>\n<meta property=\"og:description\" content=\"LE COUTEAU \u00c0 TRANCHER \u00c0 LA MAIN Couteau flexible et maniable. Gr\u00e2ce \u00e0 sa lame longue et flexible, il vous permet de trancher finement tous les types de\" \/>\n<meta property=\"og:url\" content=\"https:\/\/dev6.erresse-shop.it\/fr\/shop\/cuisine\/couteaux\/couteaux-de-cuisine\/berkel-couteau-a-jambon-elegance-26-cm-noir\/\" \/>\n<meta property=\"og:site_name\" content=\"dev6 Erresse\" \/>\n<meta property=\"og:image\" content=\"https:\/\/interpim.erresse-shop.it\/Import\/Prodotti\/berkel-coltello-prosciutto-26cm-elegance-nero-1.jpg\" \/><meta property=\"og:image\" content=\"https:\/\/interpim.erresse-shop.it\/Import\/Prodotti\/berkel-coltello-prosciutto-26cm-elegance-nero-1.jpg\" \/>\n\t<meta property=\"og:image:width\" content=\"1024\" \/>\n\t<meta property=\"og:image:height\" content=\"1024\" \/>\n\t<meta property=\"og:image:type\" content=\"image\/jpeg\" \/>\n<meta name=\"twitter:card\" content=\"summary_large_image\" \/>\n<meta name=\"twitter:image\" content=\"https:\/\/interpim.erresse-shop.it\/Import\/Prodotti\/berkel-coltello-prosciutto-26cm-elegance-nero-1.jpg\" \/>\n<script type=\"application\/ld+json\" class=\"yoast-schema-graph\">{\"@context\":\"https:\/\/schema.org\",\"@graph\":[{\"@type\":\"WebPage\",\"@id\":\"https:\/\/dev6.erresse-shop.it\/fr\/shop\/cuisine\/couteaux\/couteaux-de-cuisine\/berkel-couteau-a-jambon-elegance-26-cm-noir\/\",\"url\":\"https:\/\/dev6.erresse-shop.it\/fr\/shop\/cuisine\/couteaux\/couteaux-de-cuisine\/berkel-couteau-a-jambon-elegance-26-cm-noir\/\",\"name\":\"BERKEL Couteau \u00e0 Jambon Elegance 26 cm Noir - dev6 Erresse\",\"isPartOf\":{\"@id\":\"https:\/\/dev6.erresse-shop.it\/#website\"},\"primaryImageOfPage\":{\"@id\":\"https:\/\/dev6.erresse-shop.it\/fr\/shop\/cuisine\/couteaux\/couteaux-de-cuisine\/berkel-couteau-a-jambon-elegance-26-cm-noir\/#primaryimage\"},\"image\":{\"@id\":\"https:\/\/dev6.erresse-shop.it\/fr\/shop\/cuisine\/couteaux\/couteaux-de-cuisine\/berkel-couteau-a-jambon-elegance-26-cm-noir\/#primaryimage\"},\"thumbnailUrl\":\"https:\/\/i3.wp.com\/interpim.erresse-shop.it\/Import\/Prodotti\/berkel-coltello-prosciutto-26cm-elegance-nero-1.jpg?ssl=1\",\"datePublished\":\"2026-04-12T06:50:55+00:00\",\"description\":\"LE COUTEAU \u00c0 TRANCHER \u00c0 LA MAIN Couteau flexible et maniable. Gr\u00e2ce \u00e0 sa lame longue et flexible, il vous permet de trancher finement tous les types de\",\"breadcrumb\":{\"@id\":\"https:\/\/dev6.erresse-shop.it\/fr\/shop\/cuisine\/couteaux\/couteaux-de-cuisine\/berkel-couteau-a-jambon-elegance-26-cm-noir\/#breadcrumb\"},\"inLanguage\":\"fr-FR\",\"potentialAction\":[{\"@type\":\"ReadAction\",\"target\":[\"https:\/\/dev6.erresse-shop.it\/fr\/shop\/cuisine\/couteaux\/couteaux-de-cuisine\/berkel-couteau-a-jambon-elegance-26-cm-noir\/\"]}]},{\"@type\":\"ImageObject\",\"inLanguage\":\"fr-FR\",\"@id\":\"https:\/\/dev6.erresse-shop.it\/fr\/shop\/cuisine\/couteaux\/couteaux-de-cuisine\/berkel-couteau-a-jambon-elegance-26-cm-noir\/#primaryimage\",\"url\":\"https:\/\/i3.wp.com\/interpim.erresse-shop.it\/Import\/Prodotti\/berkel-coltello-prosciutto-26cm-elegance-nero-1.jpg?ssl=1\",\"contentUrl\":\"https:\/\/i3.wp.com\/interpim.erresse-shop.it\/Import\/Prodotti\/berkel-coltello-prosciutto-26cm-elegance-nero-1.jpg?ssl=1\"},{\"@type\":\"BreadcrumbList\",\"@id\":\"https:\/\/dev6.erresse-shop.it\/fr\/shop\/cuisine\/couteaux\/couteaux-de-cuisine\/berkel-couteau-a-jambon-elegance-26-cm-noir\/#breadcrumb\",\"itemListElement\":[{\"@type\":\"ListItem\",\"position\":1,\"name\":\"Home\",\"item\":\"https:\/\/dev6.erresse-shop.it\/\"},{\"@type\":\"ListItem\",\"position\":2,\"name\":\"Boutique\",\"item\":\"https:\/\/dev6.erresse-shop.it\/shop\/\"},{\"@type\":\"ListItem\",\"position\":3,\"name\":\"BERKEL Couteau \u00e0 Jambon Elegance 26 cm Noir\"}]},{\"@type\":\"WebSite\",\"@id\":\"https:\/\/dev6.erresse-shop.it\/#website\",\"url\":\"https:\/\/dev6.erresse-shop.it\/\",\"name\":\"Erresse Shop\",\"description\":\"\",\"publisher\":{\"@id\":\"https:\/\/dev6.erresse-shop.it\/#organization\"},\"potentialAction\":[{\"@type\":\"SearchAction\",\"target\":{\"@type\":\"EntryPoint\",\"urlTemplate\":\"https:\/\/dev6.erresse-shop.it\/?s={search_term_string}\"},\"query-input\":{\"@type\":\"PropertyValueSpecification\",\"valueRequired\":true,\"valueName\":\"search_term_string\"}}],\"inLanguage\":\"fr-FR\"},{\"@type\":\"Organization\",\"@id\":\"https:\/\/dev6.erresse-shop.it\/#organization\",\"name\":\"Erresse Shop\",\"url\":\"https:\/\/dev6.erresse-shop.it\/\",\"logo\":{\"@type\":\"ImageObject\",\"inLanguage\":\"fr-FR\",\"@id\":\"https:\/\/dev6.erresse-shop.it\/#\/schema\/logo\/image\/\",\"url\":\"https:\/\/dev6.erresse-shop.it\/wp-content\/uploads\/2025\/01\/LOGO-ERRESSE-CLASSICO.svg\",\"contentUrl\":\"https:\/\/dev6.erresse-shop.it\/wp-content\/uploads\/2025\/01\/LOGO-ERRESSE-CLASSICO.svg\",\"caption\":\"Erresse Shop\"},\"image\":{\"@id\":\"https:\/\/dev6.erresse-shop.it\/#\/schema\/logo\/image\/\"}}]}<\/script>\n<!-- \/ Yoast SEO plugin. -->","yoast_head_json":{"title":"BERKEL Couteau \u00e0 Jambon Elegance 26 cm Noir - dev6 Erresse","description":"LE COUTEAU \u00c0 TRANCHER \u00c0 LA MAIN Couteau flexible et maniable. Gr\u00e2ce \u00e0 sa lame longue et flexible, il vous permet de trancher finement tous les types de","robots":{"index":"noindex","follow":"follow","max-snippet":"max-snippet:-1","max-image-preview":"max-image-preview:large","max-video-preview":"max-video-preview:-1"},"og_locale":"fr_FR","og_type":"article","og_title":"BERKEL Couteau \u00e0 Jambon Elegance 26 cm Noir - dev6 Erresse","og_description":"LE COUTEAU \u00c0 TRANCHER \u00c0 LA MAIN Couteau flexible et maniable. Gr\u00e2ce \u00e0 sa lame longue et flexible, il vous permet de trancher finement tous les types de","og_url":"https:\/\/dev6.erresse-shop.it\/fr\/shop\/cuisine\/couteaux\/couteaux-de-cuisine\/berkel-couteau-a-jambon-elegance-26-cm-noir\/","og_site_name":"dev6 Erresse","og_image":[{"url":"https:\/\/interpim.erresse-shop.it\/Import\/Prodotti\/berkel-coltello-prosciutto-26cm-elegance-nero-1.jpg","type":"","width":"","height":""},{"url":"https:\/\/interpim.erresse-shop.it\/Import\/Prodotti\/berkel-coltello-prosciutto-26cm-elegance-nero-1.jpg","width":1024,"height":1024,"type":"image\/jpeg"}],"twitter_card":"summary_large_image","twitter_image":"https:\/\/interpim.erresse-shop.it\/Import\/Prodotti\/berkel-coltello-prosciutto-26cm-elegance-nero-1.jpg","schema":{"@context":"https:\/\/schema.org","@graph":[{"@type":"WebPage","@id":"https:\/\/dev6.erresse-shop.it\/fr\/shop\/cuisine\/couteaux\/couteaux-de-cuisine\/berkel-couteau-a-jambon-elegance-26-cm-noir\/","url":"https:\/\/dev6.erresse-shop.it\/fr\/shop\/cuisine\/couteaux\/couteaux-de-cuisine\/berkel-couteau-a-jambon-elegance-26-cm-noir\/","name":"BERKEL Couteau \u00e0 Jambon Elegance 26 cm Noir - dev6 Erresse","isPartOf":{"@id":"https:\/\/dev6.erresse-shop.it\/#website"},"primaryImageOfPage":{"@id":"https:\/\/dev6.erresse-shop.it\/fr\/shop\/cuisine\/couteaux\/couteaux-de-cuisine\/berkel-couteau-a-jambon-elegance-26-cm-noir\/#primaryimage"},"image":{"@id":"https:\/\/dev6.erresse-shop.it\/fr\/shop\/cuisine\/couteaux\/couteaux-de-cuisine\/berkel-couteau-a-jambon-elegance-26-cm-noir\/#primaryimage"},"thumbnailUrl":"https:\/\/i3.wp.com\/interpim.erresse-shop.it\/Import\/Prodotti\/berkel-coltello-prosciutto-26cm-elegance-nero-1.jpg?ssl=1","datePublished":"2026-04-12T06:50:55+00:00","description":"LE COUTEAU \u00c0 TRANCHER \u00c0 LA MAIN Couteau flexible et maniable. Gr\u00e2ce \u00e0 sa lame longue et flexible, il vous permet de trancher finement tous les types de","breadcrumb":{"@id":"https:\/\/dev6.erresse-shop.it\/fr\/shop\/cuisine\/couteaux\/couteaux-de-cuisine\/berkel-couteau-a-jambon-elegance-26-cm-noir\/#breadcrumb"},"inLanguage":"fr-FR","potentialAction":[{"@type":"ReadAction","target":["https:\/\/dev6.erresse-shop.it\/fr\/shop\/cuisine\/couteaux\/couteaux-de-cuisine\/berkel-couteau-a-jambon-elegance-26-cm-noir\/"]}]},{"@type":"ImageObject","inLanguage":"fr-FR","@id":"https:\/\/dev6.erresse-shop.it\/fr\/shop\/cuisine\/couteaux\/couteaux-de-cuisine\/berkel-couteau-a-jambon-elegance-26-cm-noir\/#primaryimage","url":"https:\/\/i3.wp.com\/interpim.erresse-shop.it\/Import\/Prodotti\/berkel-coltello-prosciutto-26cm-elegance-nero-1.jpg?ssl=1","contentUrl":"https:\/\/i3.wp.com\/interpim.erresse-shop.it\/Import\/Prodotti\/berkel-coltello-prosciutto-26cm-elegance-nero-1.jpg?ssl=1"},{"@type":"BreadcrumbList","@id":"https:\/\/dev6.erresse-shop.it\/fr\/shop\/cuisine\/couteaux\/couteaux-de-cuisine\/berkel-couteau-a-jambon-elegance-26-cm-noir\/#breadcrumb","itemListElement":[{"@type":"ListItem","position":1,"name":"Home","item":"https:\/\/dev6.erresse-shop.it\/"},{"@type":"ListItem","position":2,"name":"Boutique","item":"https:\/\/dev6.erresse-shop.it\/shop\/"},{"@type":"ListItem","position":3,"name":"BERKEL Couteau \u00e0 Jambon Elegance 26 cm Noir"}]},{"@type":"WebSite","@id":"https:\/\/dev6.erresse-shop.it\/#website","url":"https:\/\/dev6.erresse-shop.it\/","name":"Erresse Shop","description":"","publisher":{"@id":"https:\/\/dev6.erresse-shop.it\/#organization"},"potentialAction":[{"@type":"SearchAction","target":{"@type":"EntryPoint","urlTemplate":"https:\/\/dev6.erresse-shop.it\/?s={search_term_string}"},"query-input":{"@type":"PropertyValueSpecification","valueRequired":true,"valueName":"search_term_string"}}],"inLanguage":"fr-FR"},{"@type":"Organization","@id":"https:\/\/dev6.erresse-shop.it\/#organization","name":"Erresse Shop","url":"https:\/\/dev6.erresse-shop.it\/","logo":{"@type":"ImageObject","inLanguage":"fr-FR","@id":"https:\/\/dev6.erresse-shop.it\/#\/schema\/logo\/image\/","url":"https:\/\/dev6.erresse-shop.it\/wp-content\/uploads\/2025\/01\/LOGO-ERRESSE-CLASSICO.svg","contentUrl":"https:\/\/dev6.erresse-shop.it\/wp-content\/uploads\/2025\/01\/LOGO-ERRESSE-CLASSICO.svg","caption":"Erresse Shop"},"image":{"@id":"https:\/\/dev6.erresse-shop.it\/#\/schema\/logo\/image\/"}}]}},"df_price":79.95,"df_sale_price":79.95,"df_regular_price":109,"df_image_link":"https:\/\/i3.wp.com\/interpim.erresse-shop.it\/Import\/Prodotti\/berkel-coltello-prosciutto-26cm-elegance-nero-1.jpg?resize=300,300&ssl=1","fifu_image_url":"https:\/\/interpim.erresse-shop.it\/Import\/Prodotti\/berkel-coltello-prosciutto-26cm-elegance-nero-1.jpg","_links":{"self":[{"href":"https:\/\/dev6.erresse-shop.it\/fr\/wp-json\/wp\/v2\/product\/59668","targetHints":{"allow":["GET"]}}],"collection":[{"href":"https:\/\/dev6.erresse-shop.it\/fr\/wp-json\/wp\/v2\/product"}],"about":[{"href":"https:\/\/dev6.erresse-shop.it\/fr\/wp-json\/wp\/v2\/types\/product"}],"wp:featuredmedia":[{"embeddable":true,"href":"https:\/\/dev6.erresse-shop.it\/fr\/wp-json\/wp\/v2\/media\/6353922"}],"wp:attachment":[{"href":"https:\/\/dev6.erresse-shop.it\/fr\/wp-json\/wp\/v2\/media?parent=59668"}],"wp:term":[{"taxonomy":"product_cat","embeddable":true,"href":"https:\/\/dev6.erresse-shop.it\/fr\/wp-json\/wp\/v2\/product_cat?post=59668"},{"taxonomy":"product_tag","embeddable":true,"href":"https:\/\/dev6.erresse-shop.it\/fr\/wp-json\/wp\/v2\/product_tag?post=59668"}],"curies":[{"name":"wp","href":"https:\/\/api.w.org\/{rel}","templated":true}]}}