{"id":59654,"date":"2026-04-12T08:49:49","date_gmt":"2026-04-12T06:49:49","guid":{"rendered":"https:\/\/dev6.erresse-shop.it\/shop\/non%20class\u00e9\/carlo-moretti-wi-free-lampe-de-table-en-verre-de-murano-jaune-vert\/"},"modified":"2025-09-14T04:27:02","modified_gmt":"2025-09-14T02:27:02","slug":"carlo-moretti-wi-free-lampe-de-table-en-verre-de-murano-jaune-vert","status":"publish","type":"product","link":"https:\/\/dev6.erresse-shop.it\/fr\/shop\/ameublement-maison\/lampes\/carlo-moretti-wi-free-lampe-de-table-en-verre-de-murano-jaune-vert\/","title":{"rendered":"CARLO MORETTI Wi Free Lampe de Table en Verre de Murano Jaune Vert"},"content":{"rendered":"<p>Lampe de table aliment\u00e9e par LED 1,5 W -220 lm -3000 k, dimmable, sans fil.<br \/>\nIl promet plus de 8 heures d\u2019autonomie en toute libert\u00e9 de mouvement gr\u00e2ce \u00e0 sa batterie lithium-ion, rechargeable avec n\u2019importe quel c\u00e2ble Micro-USB.<br \/>\nLes abat-jour sont r\u00e9alis\u00e9s en verre de Murano souffl\u00e9 \u00e0 la bouche, de couleur blanc laiteux, et finis \u00e0 la main avec des d\u00e9corations en forme de bandes et de cannes en trois variantes.<br \/>\nBase en m\u00e9tal bross\u00e9 gris anthracite.<\/p>\n","protected":false},"excerpt":{"rendered":"<p>Lampe de table aliment\u00e9e par LED 1,5 W -220 lm -3000 k, dimmable, sans fil. Il promet plus de 8 heures d\u2019autonomie en toute libert\u00e9 de mouvement gr\u00e2ce \u00e0 sa batterie lithium-ion, rechargeable avec n\u2019importe quel c\u00e2ble Micro-USB. Les abat-jour sont r\u00e9alis\u00e9s en verre de Murano souffl\u00e9 \u00e0 la bouche, de couleur blanc laiteux, et [&hellip;]<\/p>\n","protected":false},"featured_media":6353812,"template":"","meta":{"_acf_changed":false},"product_cat":[11990,11666,12019],"product_tag":[],"class_list":{"0":"post-59654","1":"product","2":"type-product","3":"status-publish","4":"has-post-thumbnail","6":"product_cat-ameublement-maison","7":"product_cat-arredamento-casa","8":"product_cat-lampes","10":"first","11":"outofstock","12":"sale","13":"taxable","14":"shipping-taxable","15":"purchasable","16":"product-type-simple","swatches":"rey-swatches","show_selected":"","stretch_labels":"rey-swatches--stretch-labels"},"acf":[],"yoast_head":"<!-- This site is optimized with the Yoast SEO plugin v25.4 - https:\/\/yoast.com\/wordpress\/plugins\/seo\/ -->\n<title>CARLO MORETTI Wi Free Lampe de Table en Verre de Murano Jaune Vert - dev6 Erresse<\/title>\n<meta name=\"description\" content=\"Lampe de table aliment\u00e9e par LED 1,5 W -220 lm -3000 k, dimmable, sans fil. Il promet plus de 8 heures d\u2019autonomie en toute libert\u00e9 de mouvement gr\u00e2ce \u00e0\" \/>\n<meta name=\"robots\" content=\"noindex, follow, max-snippet:-1, max-image-preview:large, max-video-preview:-1\" \/>\n<meta property=\"og:locale\" content=\"fr_FR\" \/>\n<meta property=\"og:type\" content=\"article\" \/>\n<meta property=\"og:title\" content=\"CARLO MORETTI Wi Free Lampe de Table en Verre de Murano Jaune Vert - dev6 Erresse\" \/>\n<meta property=\"og:description\" content=\"Lampe de table aliment\u00e9e par LED 1,5 W -220 lm -3000 k, dimmable, sans fil. Il promet plus de 8 heures d\u2019autonomie en toute libert\u00e9 de mouvement gr\u00e2ce \u00e0\" \/>\n<meta property=\"og:url\" content=\"https:\/\/dev6.erresse-shop.it\/fr\/shop\/ameublement-maison\/lampes\/carlo-moretti-wi-free-lampe-de-table-en-verre-de-murano-jaune-vert\/\" \/>\n<meta property=\"og:site_name\" content=\"dev6 Erresse\" \/>\n<meta property=\"og:image\" content=\"https:\/\/interpim.erresse-shop.it\/Import\/Prodotti\/carlo-moretti-lampada-wi-free-giallo-verde.jpg\" \/><meta property=\"og:image\" content=\"https:\/\/interpim.erresse-shop.it\/Import\/Prodotti\/carlo-moretti-lampada-wi-free-giallo-verde.jpg\" \/>\n\t<meta property=\"og:image:width\" content=\"1024\" \/>\n\t<meta property=\"og:image:height\" content=\"1024\" \/>\n\t<meta property=\"og:image:type\" content=\"image\/jpeg\" \/>\n<meta name=\"twitter:card\" content=\"summary_large_image\" \/>\n<meta name=\"twitter:image\" content=\"https:\/\/interpim.erresse-shop.it\/Import\/Prodotti\/carlo-moretti-lampada-wi-free-giallo-verde.jpg\" \/>\n<script type=\"application\/ld+json\" class=\"yoast-schema-graph\">{\"@context\":\"https:\/\/schema.org\",\"@graph\":[{\"@type\":\"WebPage\",\"@id\":\"https:\/\/dev6.erresse-shop.it\/fr\/shop\/ameublement-maison\/lampes\/carlo-moretti-wi-free-lampe-de-table-en-verre-de-murano-jaune-vert\/\",\"url\":\"https:\/\/dev6.erresse-shop.it\/fr\/shop\/ameublement-maison\/lampes\/carlo-moretti-wi-free-lampe-de-table-en-verre-de-murano-jaune-vert\/\",\"name\":\"CARLO MORETTI Wi Free Lampe de Table en Verre de Murano Jaune Vert - dev6 Erresse\",\"isPartOf\":{\"@id\":\"https:\/\/dev6.erresse-shop.it\/#website\"},\"primaryImageOfPage\":{\"@id\":\"https:\/\/dev6.erresse-shop.it\/fr\/shop\/ameublement-maison\/lampes\/carlo-moretti-wi-free-lampe-de-table-en-verre-de-murano-jaune-vert\/#primaryimage\"},\"image\":{\"@id\":\"https:\/\/dev6.erresse-shop.it\/fr\/shop\/ameublement-maison\/lampes\/carlo-moretti-wi-free-lampe-de-table-en-verre-de-murano-jaune-vert\/#primaryimage\"},\"thumbnailUrl\":\"https:\/\/i3.wp.com\/interpim.erresse-shop.it\/Import\/Prodotti\/carlo-moretti-lampada-wi-free-giallo-verde.jpg?ssl=1\",\"datePublished\":\"2026-04-12T06:49:49+00:00\",\"description\":\"Lampe de table aliment\u00e9e par LED 1,5 W -220 lm -3000 k, dimmable, sans fil. Il promet plus de 8 heures d\u2019autonomie en toute libert\u00e9 de mouvement gr\u00e2ce \u00e0\",\"breadcrumb\":{\"@id\":\"https:\/\/dev6.erresse-shop.it\/fr\/shop\/ameublement-maison\/lampes\/carlo-moretti-wi-free-lampe-de-table-en-verre-de-murano-jaune-vert\/#breadcrumb\"},\"inLanguage\":\"fr-FR\",\"potentialAction\":[{\"@type\":\"ReadAction\",\"target\":[\"https:\/\/dev6.erresse-shop.it\/fr\/shop\/ameublement-maison\/lampes\/carlo-moretti-wi-free-lampe-de-table-en-verre-de-murano-jaune-vert\/\"]}]},{\"@type\":\"ImageObject\",\"inLanguage\":\"fr-FR\",\"@id\":\"https:\/\/dev6.erresse-shop.it\/fr\/shop\/ameublement-maison\/lampes\/carlo-moretti-wi-free-lampe-de-table-en-verre-de-murano-jaune-vert\/#primaryimage\",\"url\":\"https:\/\/i3.wp.com\/interpim.erresse-shop.it\/Import\/Prodotti\/carlo-moretti-lampada-wi-free-giallo-verde.jpg?ssl=1\",\"contentUrl\":\"https:\/\/i3.wp.com\/interpim.erresse-shop.it\/Import\/Prodotti\/carlo-moretti-lampada-wi-free-giallo-verde.jpg?ssl=1\"},{\"@type\":\"BreadcrumbList\",\"@id\":\"https:\/\/dev6.erresse-shop.it\/fr\/shop\/ameublement-maison\/lampes\/carlo-moretti-wi-free-lampe-de-table-en-verre-de-murano-jaune-vert\/#breadcrumb\",\"itemListElement\":[{\"@type\":\"ListItem\",\"position\":1,\"name\":\"Home\",\"item\":\"https:\/\/dev6.erresse-shop.it\/\"},{\"@type\":\"ListItem\",\"position\":2,\"name\":\"Boutique\",\"item\":\"https:\/\/dev6.erresse-shop.it\/shop\/\"},{\"@type\":\"ListItem\",\"position\":3,\"name\":\"CARLO MORETTI Wi Free Lampe de Table en Verre de Murano Jaune Vert\"}]},{\"@type\":\"WebSite\",\"@id\":\"https:\/\/dev6.erresse-shop.it\/#website\",\"url\":\"https:\/\/dev6.erresse-shop.it\/\",\"name\":\"Erresse Shop\",\"description\":\"\",\"publisher\":{\"@id\":\"https:\/\/dev6.erresse-shop.it\/#organization\"},\"potentialAction\":[{\"@type\":\"SearchAction\",\"target\":{\"@type\":\"EntryPoint\",\"urlTemplate\":\"https:\/\/dev6.erresse-shop.it\/?s={search_term_string}\"},\"query-input\":{\"@type\":\"PropertyValueSpecification\",\"valueRequired\":true,\"valueName\":\"search_term_string\"}}],\"inLanguage\":\"fr-FR\"},{\"@type\":\"Organization\",\"@id\":\"https:\/\/dev6.erresse-shop.it\/#organization\",\"name\":\"Erresse Shop\",\"url\":\"https:\/\/dev6.erresse-shop.it\/\",\"logo\":{\"@type\":\"ImageObject\",\"inLanguage\":\"fr-FR\",\"@id\":\"https:\/\/dev6.erresse-shop.it\/#\/schema\/logo\/image\/\",\"url\":\"https:\/\/dev6.erresse-shop.it\/wp-content\/uploads\/2025\/01\/LOGO-ERRESSE-CLASSICO.svg\",\"contentUrl\":\"https:\/\/dev6.erresse-shop.it\/wp-content\/uploads\/2025\/01\/LOGO-ERRESSE-CLASSICO.svg\",\"caption\":\"Erresse Shop\"},\"image\":{\"@id\":\"https:\/\/dev6.erresse-shop.it\/#\/schema\/logo\/image\/\"}}]}<\/script>\n<!-- \/ Yoast SEO plugin. -->","yoast_head_json":{"title":"CARLO MORETTI Wi Free Lampe de Table en Verre de Murano Jaune Vert - dev6 Erresse","description":"Lampe de table aliment\u00e9e par LED 1,5 W -220 lm -3000 k, dimmable, sans fil. Il promet plus de 8 heures d\u2019autonomie en toute libert\u00e9 de mouvement gr\u00e2ce \u00e0","robots":{"index":"noindex","follow":"follow","max-snippet":"max-snippet:-1","max-image-preview":"max-image-preview:large","max-video-preview":"max-video-preview:-1"},"og_locale":"fr_FR","og_type":"article","og_title":"CARLO MORETTI Wi Free Lampe de Table en Verre de Murano Jaune Vert - dev6 Erresse","og_description":"Lampe de table aliment\u00e9e par LED 1,5 W -220 lm -3000 k, dimmable, sans fil. Il promet plus de 8 heures d\u2019autonomie en toute libert\u00e9 de mouvement gr\u00e2ce \u00e0","og_url":"https:\/\/dev6.erresse-shop.it\/fr\/shop\/ameublement-maison\/lampes\/carlo-moretti-wi-free-lampe-de-table-en-verre-de-murano-jaune-vert\/","og_site_name":"dev6 Erresse","og_image":[{"url":"https:\/\/interpim.erresse-shop.it\/Import\/Prodotti\/carlo-moretti-lampada-wi-free-giallo-verde.jpg","type":"","width":"","height":""},{"url":"https:\/\/interpim.erresse-shop.it\/Import\/Prodotti\/carlo-moretti-lampada-wi-free-giallo-verde.jpg","width":1024,"height":1024,"type":"image\/jpeg"}],"twitter_card":"summary_large_image","twitter_image":"https:\/\/interpim.erresse-shop.it\/Import\/Prodotti\/carlo-moretti-lampada-wi-free-giallo-verde.jpg","schema":{"@context":"https:\/\/schema.org","@graph":[{"@type":"WebPage","@id":"https:\/\/dev6.erresse-shop.it\/fr\/shop\/ameublement-maison\/lampes\/carlo-moretti-wi-free-lampe-de-table-en-verre-de-murano-jaune-vert\/","url":"https:\/\/dev6.erresse-shop.it\/fr\/shop\/ameublement-maison\/lampes\/carlo-moretti-wi-free-lampe-de-table-en-verre-de-murano-jaune-vert\/","name":"CARLO MORETTI Wi Free Lampe de Table en Verre de Murano Jaune Vert - dev6 Erresse","isPartOf":{"@id":"https:\/\/dev6.erresse-shop.it\/#website"},"primaryImageOfPage":{"@id":"https:\/\/dev6.erresse-shop.it\/fr\/shop\/ameublement-maison\/lampes\/carlo-moretti-wi-free-lampe-de-table-en-verre-de-murano-jaune-vert\/#primaryimage"},"image":{"@id":"https:\/\/dev6.erresse-shop.it\/fr\/shop\/ameublement-maison\/lampes\/carlo-moretti-wi-free-lampe-de-table-en-verre-de-murano-jaune-vert\/#primaryimage"},"thumbnailUrl":"https:\/\/i3.wp.com\/interpim.erresse-shop.it\/Import\/Prodotti\/carlo-moretti-lampada-wi-free-giallo-verde.jpg?ssl=1","datePublished":"2026-04-12T06:49:49+00:00","description":"Lampe de table aliment\u00e9e par LED 1,5 W -220 lm -3000 k, dimmable, sans fil. Il promet plus de 8 heures d\u2019autonomie en toute libert\u00e9 de mouvement gr\u00e2ce \u00e0","breadcrumb":{"@id":"https:\/\/dev6.erresse-shop.it\/fr\/shop\/ameublement-maison\/lampes\/carlo-moretti-wi-free-lampe-de-table-en-verre-de-murano-jaune-vert\/#breadcrumb"},"inLanguage":"fr-FR","potentialAction":[{"@type":"ReadAction","target":["https:\/\/dev6.erresse-shop.it\/fr\/shop\/ameublement-maison\/lampes\/carlo-moretti-wi-free-lampe-de-table-en-verre-de-murano-jaune-vert\/"]}]},{"@type":"ImageObject","inLanguage":"fr-FR","@id":"https:\/\/dev6.erresse-shop.it\/fr\/shop\/ameublement-maison\/lampes\/carlo-moretti-wi-free-lampe-de-table-en-verre-de-murano-jaune-vert\/#primaryimage","url":"https:\/\/i3.wp.com\/interpim.erresse-shop.it\/Import\/Prodotti\/carlo-moretti-lampada-wi-free-giallo-verde.jpg?ssl=1","contentUrl":"https:\/\/i3.wp.com\/interpim.erresse-shop.it\/Import\/Prodotti\/carlo-moretti-lampada-wi-free-giallo-verde.jpg?ssl=1"},{"@type":"BreadcrumbList","@id":"https:\/\/dev6.erresse-shop.it\/fr\/shop\/ameublement-maison\/lampes\/carlo-moretti-wi-free-lampe-de-table-en-verre-de-murano-jaune-vert\/#breadcrumb","itemListElement":[{"@type":"ListItem","position":1,"name":"Home","item":"https:\/\/dev6.erresse-shop.it\/"},{"@type":"ListItem","position":2,"name":"Boutique","item":"https:\/\/dev6.erresse-shop.it\/shop\/"},{"@type":"ListItem","position":3,"name":"CARLO MORETTI Wi Free Lampe de Table en Verre de Murano Jaune Vert"}]},{"@type":"WebSite","@id":"https:\/\/dev6.erresse-shop.it\/#website","url":"https:\/\/dev6.erresse-shop.it\/","name":"Erresse Shop","description":"","publisher":{"@id":"https:\/\/dev6.erresse-shop.it\/#organization"},"potentialAction":[{"@type":"SearchAction","target":{"@type":"EntryPoint","urlTemplate":"https:\/\/dev6.erresse-shop.it\/?s={search_term_string}"},"query-input":{"@type":"PropertyValueSpecification","valueRequired":true,"valueName":"search_term_string"}}],"inLanguage":"fr-FR"},{"@type":"Organization","@id":"https:\/\/dev6.erresse-shop.it\/#organization","name":"Erresse Shop","url":"https:\/\/dev6.erresse-shop.it\/","logo":{"@type":"ImageObject","inLanguage":"fr-FR","@id":"https:\/\/dev6.erresse-shop.it\/#\/schema\/logo\/image\/","url":"https:\/\/dev6.erresse-shop.it\/wp-content\/uploads\/2025\/01\/LOGO-ERRESSE-CLASSICO.svg","contentUrl":"https:\/\/dev6.erresse-shop.it\/wp-content\/uploads\/2025\/01\/LOGO-ERRESSE-CLASSICO.svg","caption":"Erresse Shop"},"image":{"@id":"https:\/\/dev6.erresse-shop.it\/#\/schema\/logo\/image\/"}}]}},"df_price":379,"df_sale_price":379,"df_regular_price":420,"df_image_link":"https:\/\/i3.wp.com\/interpim.erresse-shop.it\/Import\/Prodotti\/carlo-moretti-lampada-wi-free-giallo-verde.jpg?resize=300,300&ssl=1","fifu_image_url":"https:\/\/interpim.erresse-shop.it\/Import\/Prodotti\/carlo-moretti-lampada-wi-free-giallo-verde.jpg","_links":{"self":[{"href":"https:\/\/dev6.erresse-shop.it\/fr\/wp-json\/wp\/v2\/product\/59654","targetHints":{"allow":["GET"]}}],"collection":[{"href":"https:\/\/dev6.erresse-shop.it\/fr\/wp-json\/wp\/v2\/product"}],"about":[{"href":"https:\/\/dev6.erresse-shop.it\/fr\/wp-json\/wp\/v2\/types\/product"}],"wp:featuredmedia":[{"embeddable":true,"href":"https:\/\/dev6.erresse-shop.it\/fr\/wp-json\/wp\/v2\/media\/6353812"}],"wp:attachment":[{"href":"https:\/\/dev6.erresse-shop.it\/fr\/wp-json\/wp\/v2\/media?parent=59654"}],"wp:term":[{"taxonomy":"product_cat","embeddable":true,"href":"https:\/\/dev6.erresse-shop.it\/fr\/wp-json\/wp\/v2\/product_cat?post=59654"},{"taxonomy":"product_tag","embeddable":true,"href":"https:\/\/dev6.erresse-shop.it\/fr\/wp-json\/wp\/v2\/product_tag?post=59654"}],"curies":[{"name":"wp","href":"https:\/\/api.w.org\/{rel}","templated":true}]}}