{"id":59634,"date":"2026-04-12T08:49:49","date_gmt":"2026-04-12T06:49:49","guid":{"rendered":"https:\/\/dev6.erresse-shop.it\/shop\/non%20class\u00e9\/rosenthal-waves-vase-20-cm-blanc\/"},"modified":"2025-07-04T16:19:10","modified_gmt":"2025-07-04T14:19:10","slug":"rosenthal-waves-vase-20-cm-blanc","status":"publish","type":"product","link":"https:\/\/dev6.erresse-shop.it\/fr\/shop\/ameublement-maison\/vases-fr\/rosenthal-waves-vase-20-cm-blanc\/","title":{"rendered":"ROSENTHAL Waves Vase 20 cm Blanc"},"content":{"rendered":"<p>Cr\u00e9\u00e9e en collaboration avec le designer Mikko Laakkonen, la collection Waves de Rosenthal pr\u00e9sente des meubles magnifiques, \u00e9l\u00e9gants et minimalistes.<br \/>\nC\u2019est le cas du vase de table Vesi Waves Weiss de Rosenthal, en porcelaine blanche et avec une note suggestive de mouvement \u00e0 la fin, un jeu de vagues plac\u00e9 \u00e0 la base de l\u2019objet : d\u00e9licieux !<br \/>\nExcellent pour ceux qui recherchent un vase d\u00e9coratif pour la maison moderne, il se marie \u00e9galement bien avec des meubles plus classiques.<br \/>\nParfait pour une id\u00e9e de cadeau de d\u00e9coration int\u00e9rieure moderne et minimaliste.<\/p>\n<p>Mat\u00e9riau : porcelaine<br \/>\nCollection : Waves<\/p>\n","protected":false},"excerpt":{"rendered":"<p>Cr\u00e9\u00e9e en collaboration avec le designer Mikko Laakkonen, la collection Waves de Rosenthal pr\u00e9sente des meubles magnifiques, \u00e9l\u00e9gants et minimalistes. C\u2019est le cas du vase de table Vesi Waves Weiss de Rosenthal, en porcelaine blanche et avec une note suggestive de mouvement \u00e0 la fin, un jeu de vagues plac\u00e9 \u00e0 la base de l\u2019objet [&hellip;]<\/p>\n","protected":false},"featured_media":6353757,"template":"","meta":{"_acf_changed":false},"product_cat":[11990,11666,12018],"product_tag":[],"class_list":{"0":"post-59634","1":"product","2":"type-product","3":"status-publish","4":"has-post-thumbnail","6":"product_cat-ameublement-maison","7":"product_cat-arredamento-casa","8":"product_cat-vases-fr","10":"first","11":"outofstock","12":"sale","13":"taxable","14":"shipping-taxable","15":"purchasable","16":"product-type-simple","swatches":"rey-swatches","show_selected":"","stretch_labels":"rey-swatches--stretch-labels"},"acf":[],"yoast_head":"<!-- This site is optimized with the Yoast SEO plugin v25.4 - https:\/\/yoast.com\/wordpress\/plugins\/seo\/ -->\n<title>ROSENTHAL Waves Vase 20 cm Blanc - dev6 Erresse<\/title>\n<meta name=\"description\" content=\"Cr\u00e9\u00e9e en collaboration avec le designer Mikko Laakkonen, la collection Waves de Rosenthal pr\u00e9sente des meubles magnifiques, \u00e9l\u00e9gants et minimalistes.\" \/>\n<meta name=\"robots\" content=\"noindex, follow, max-snippet:-1, max-image-preview:large, max-video-preview:-1\" \/>\n<meta property=\"og:locale\" content=\"fr_FR\" \/>\n<meta property=\"og:type\" content=\"article\" \/>\n<meta property=\"og:title\" content=\"ROSENTHAL Waves Vase 20 cm Blanc - dev6 Erresse\" \/>\n<meta property=\"og:description\" content=\"Cr\u00e9\u00e9e en collaboration avec le designer Mikko Laakkonen, la collection Waves de Rosenthal pr\u00e9sente des meubles magnifiques, \u00e9l\u00e9gants et minimalistes.\" \/>\n<meta property=\"og:url\" content=\"https:\/\/dev6.erresse-shop.it\/fr\/shop\/ameublement-maison\/vases-fr\/rosenthal-waves-vase-20-cm-blanc\/\" \/>\n<meta property=\"og:site_name\" content=\"dev6 Erresse\" \/>\n<meta property=\"og:image\" content=\"https:\/\/interpim.erresse-shop.it\/img-catalogo\/rosenthal\/rosenthal-vaso-waves-20-cm-bianco.jpg\" \/><meta property=\"og:image\" content=\"https:\/\/interpim.erresse-shop.it\/img-catalogo\/rosenthal\/rosenthal-vaso-waves-20-cm-bianco.jpg\" \/>\n\t<meta property=\"og:image:width\" content=\"1024\" \/>\n\t<meta property=\"og:image:height\" content=\"1024\" \/>\n\t<meta property=\"og:image:type\" content=\"image\/jpeg\" \/>\n<meta name=\"twitter:card\" content=\"summary_large_image\" \/>\n<meta name=\"twitter:image\" content=\"https:\/\/interpim.erresse-shop.it\/img-catalogo\/rosenthal\/rosenthal-vaso-waves-20-cm-bianco.jpg\" \/>\n<script type=\"application\/ld+json\" class=\"yoast-schema-graph\">{\"@context\":\"https:\/\/schema.org\",\"@graph\":[{\"@type\":\"WebPage\",\"@id\":\"https:\/\/dev6.erresse-shop.it\/fr\/shop\/ameublement-maison\/vases-fr\/rosenthal-waves-vase-20-cm-blanc\/\",\"url\":\"https:\/\/dev6.erresse-shop.it\/fr\/shop\/ameublement-maison\/vases-fr\/rosenthal-waves-vase-20-cm-blanc\/\",\"name\":\"ROSENTHAL Waves Vase 20 cm Blanc - dev6 Erresse\",\"isPartOf\":{\"@id\":\"https:\/\/dev6.erresse-shop.it\/#website\"},\"primaryImageOfPage\":{\"@id\":\"https:\/\/dev6.erresse-shop.it\/fr\/shop\/ameublement-maison\/vases-fr\/rosenthal-waves-vase-20-cm-blanc\/#primaryimage\"},\"image\":{\"@id\":\"https:\/\/dev6.erresse-shop.it\/fr\/shop\/ameublement-maison\/vases-fr\/rosenthal-waves-vase-20-cm-blanc\/#primaryimage\"},\"thumbnailUrl\":\"https:\/\/i0.wp.com\/interpim.erresse-shop.it\/img-catalogo\/rosenthal\/rosenthal-vaso-waves-20-cm-bianco.jpg?ssl=1\",\"datePublished\":\"2026-04-12T06:49:49+00:00\",\"description\":\"Cr\u00e9\u00e9e en collaboration avec le designer Mikko Laakkonen, la collection Waves de Rosenthal pr\u00e9sente des meubles magnifiques, \u00e9l\u00e9gants et minimalistes.\",\"breadcrumb\":{\"@id\":\"https:\/\/dev6.erresse-shop.it\/fr\/shop\/ameublement-maison\/vases-fr\/rosenthal-waves-vase-20-cm-blanc\/#breadcrumb\"},\"inLanguage\":\"fr-FR\",\"potentialAction\":[{\"@type\":\"ReadAction\",\"target\":[\"https:\/\/dev6.erresse-shop.it\/fr\/shop\/ameublement-maison\/vases-fr\/rosenthal-waves-vase-20-cm-blanc\/\"]}]},{\"@type\":\"ImageObject\",\"inLanguage\":\"fr-FR\",\"@id\":\"https:\/\/dev6.erresse-shop.it\/fr\/shop\/ameublement-maison\/vases-fr\/rosenthal-waves-vase-20-cm-blanc\/#primaryimage\",\"url\":\"https:\/\/i0.wp.com\/interpim.erresse-shop.it\/img-catalogo\/rosenthal\/rosenthal-vaso-waves-20-cm-bianco.jpg?ssl=1\",\"contentUrl\":\"https:\/\/i0.wp.com\/interpim.erresse-shop.it\/img-catalogo\/rosenthal\/rosenthal-vaso-waves-20-cm-bianco.jpg?ssl=1\"},{\"@type\":\"BreadcrumbList\",\"@id\":\"https:\/\/dev6.erresse-shop.it\/fr\/shop\/ameublement-maison\/vases-fr\/rosenthal-waves-vase-20-cm-blanc\/#breadcrumb\",\"itemListElement\":[{\"@type\":\"ListItem\",\"position\":1,\"name\":\"Home\",\"item\":\"https:\/\/dev6.erresse-shop.it\/\"},{\"@type\":\"ListItem\",\"position\":2,\"name\":\"Boutique\",\"item\":\"https:\/\/dev6.erresse-shop.it\/shop\/\"},{\"@type\":\"ListItem\",\"position\":3,\"name\":\"ROSENTHAL Waves Vase 20 cm Blanc\"}]},{\"@type\":\"WebSite\",\"@id\":\"https:\/\/dev6.erresse-shop.it\/#website\",\"url\":\"https:\/\/dev6.erresse-shop.it\/\",\"name\":\"Erresse Shop\",\"description\":\"\",\"publisher\":{\"@id\":\"https:\/\/dev6.erresse-shop.it\/#organization\"},\"potentialAction\":[{\"@type\":\"SearchAction\",\"target\":{\"@type\":\"EntryPoint\",\"urlTemplate\":\"https:\/\/dev6.erresse-shop.it\/?s={search_term_string}\"},\"query-input\":{\"@type\":\"PropertyValueSpecification\",\"valueRequired\":true,\"valueName\":\"search_term_string\"}}],\"inLanguage\":\"fr-FR\"},{\"@type\":\"Organization\",\"@id\":\"https:\/\/dev6.erresse-shop.it\/#organization\",\"name\":\"Erresse Shop\",\"url\":\"https:\/\/dev6.erresse-shop.it\/\",\"logo\":{\"@type\":\"ImageObject\",\"inLanguage\":\"fr-FR\",\"@id\":\"https:\/\/dev6.erresse-shop.it\/#\/schema\/logo\/image\/\",\"url\":\"https:\/\/dev6.erresse-shop.it\/wp-content\/uploads\/2025\/01\/LOGO-ERRESSE-CLASSICO.svg\",\"contentUrl\":\"https:\/\/dev6.erresse-shop.it\/wp-content\/uploads\/2025\/01\/LOGO-ERRESSE-CLASSICO.svg\",\"caption\":\"Erresse Shop\"},\"image\":{\"@id\":\"https:\/\/dev6.erresse-shop.it\/#\/schema\/logo\/image\/\"}}]}<\/script>\n<!-- \/ Yoast SEO plugin. -->","yoast_head_json":{"title":"ROSENTHAL Waves Vase 20 cm Blanc - dev6 Erresse","description":"Cr\u00e9\u00e9e en collaboration avec le designer Mikko Laakkonen, la collection Waves de Rosenthal pr\u00e9sente des meubles magnifiques, \u00e9l\u00e9gants et minimalistes.","robots":{"index":"noindex","follow":"follow","max-snippet":"max-snippet:-1","max-image-preview":"max-image-preview:large","max-video-preview":"max-video-preview:-1"},"og_locale":"fr_FR","og_type":"article","og_title":"ROSENTHAL Waves Vase 20 cm Blanc - dev6 Erresse","og_description":"Cr\u00e9\u00e9e en collaboration avec le designer Mikko Laakkonen, la collection Waves de Rosenthal pr\u00e9sente des meubles magnifiques, \u00e9l\u00e9gants et minimalistes.","og_url":"https:\/\/dev6.erresse-shop.it\/fr\/shop\/ameublement-maison\/vases-fr\/rosenthal-waves-vase-20-cm-blanc\/","og_site_name":"dev6 Erresse","og_image":[{"url":"https:\/\/interpim.erresse-shop.it\/img-catalogo\/rosenthal\/rosenthal-vaso-waves-20-cm-bianco.jpg","type":"","width":"","height":""},{"url":"https:\/\/interpim.erresse-shop.it\/img-catalogo\/rosenthal\/rosenthal-vaso-waves-20-cm-bianco.jpg","width":1024,"height":1024,"type":"image\/jpeg"}],"twitter_card":"summary_large_image","twitter_image":"https:\/\/interpim.erresse-shop.it\/img-catalogo\/rosenthal\/rosenthal-vaso-waves-20-cm-bianco.jpg","schema":{"@context":"https:\/\/schema.org","@graph":[{"@type":"WebPage","@id":"https:\/\/dev6.erresse-shop.it\/fr\/shop\/ameublement-maison\/vases-fr\/rosenthal-waves-vase-20-cm-blanc\/","url":"https:\/\/dev6.erresse-shop.it\/fr\/shop\/ameublement-maison\/vases-fr\/rosenthal-waves-vase-20-cm-blanc\/","name":"ROSENTHAL Waves Vase 20 cm Blanc - dev6 Erresse","isPartOf":{"@id":"https:\/\/dev6.erresse-shop.it\/#website"},"primaryImageOfPage":{"@id":"https:\/\/dev6.erresse-shop.it\/fr\/shop\/ameublement-maison\/vases-fr\/rosenthal-waves-vase-20-cm-blanc\/#primaryimage"},"image":{"@id":"https:\/\/dev6.erresse-shop.it\/fr\/shop\/ameublement-maison\/vases-fr\/rosenthal-waves-vase-20-cm-blanc\/#primaryimage"},"thumbnailUrl":"https:\/\/i0.wp.com\/interpim.erresse-shop.it\/img-catalogo\/rosenthal\/rosenthal-vaso-waves-20-cm-bianco.jpg?ssl=1","datePublished":"2026-04-12T06:49:49+00:00","description":"Cr\u00e9\u00e9e en collaboration avec le designer Mikko Laakkonen, la collection Waves de Rosenthal pr\u00e9sente des meubles magnifiques, \u00e9l\u00e9gants et minimalistes.","breadcrumb":{"@id":"https:\/\/dev6.erresse-shop.it\/fr\/shop\/ameublement-maison\/vases-fr\/rosenthal-waves-vase-20-cm-blanc\/#breadcrumb"},"inLanguage":"fr-FR","potentialAction":[{"@type":"ReadAction","target":["https:\/\/dev6.erresse-shop.it\/fr\/shop\/ameublement-maison\/vases-fr\/rosenthal-waves-vase-20-cm-blanc\/"]}]},{"@type":"ImageObject","inLanguage":"fr-FR","@id":"https:\/\/dev6.erresse-shop.it\/fr\/shop\/ameublement-maison\/vases-fr\/rosenthal-waves-vase-20-cm-blanc\/#primaryimage","url":"https:\/\/i0.wp.com\/interpim.erresse-shop.it\/img-catalogo\/rosenthal\/rosenthal-vaso-waves-20-cm-bianco.jpg?ssl=1","contentUrl":"https:\/\/i0.wp.com\/interpim.erresse-shop.it\/img-catalogo\/rosenthal\/rosenthal-vaso-waves-20-cm-bianco.jpg?ssl=1"},{"@type":"BreadcrumbList","@id":"https:\/\/dev6.erresse-shop.it\/fr\/shop\/ameublement-maison\/vases-fr\/rosenthal-waves-vase-20-cm-blanc\/#breadcrumb","itemListElement":[{"@type":"ListItem","position":1,"name":"Home","item":"https:\/\/dev6.erresse-shop.it\/"},{"@type":"ListItem","position":2,"name":"Boutique","item":"https:\/\/dev6.erresse-shop.it\/shop\/"},{"@type":"ListItem","position":3,"name":"ROSENTHAL Waves Vase 20 cm Blanc"}]},{"@type":"WebSite","@id":"https:\/\/dev6.erresse-shop.it\/#website","url":"https:\/\/dev6.erresse-shop.it\/","name":"Erresse Shop","description":"","publisher":{"@id":"https:\/\/dev6.erresse-shop.it\/#organization"},"potentialAction":[{"@type":"SearchAction","target":{"@type":"EntryPoint","urlTemplate":"https:\/\/dev6.erresse-shop.it\/?s={search_term_string}"},"query-input":{"@type":"PropertyValueSpecification","valueRequired":true,"valueName":"search_term_string"}}],"inLanguage":"fr-FR"},{"@type":"Organization","@id":"https:\/\/dev6.erresse-shop.it\/#organization","name":"Erresse Shop","url":"https:\/\/dev6.erresse-shop.it\/","logo":{"@type":"ImageObject","inLanguage":"fr-FR","@id":"https:\/\/dev6.erresse-shop.it\/#\/schema\/logo\/image\/","url":"https:\/\/dev6.erresse-shop.it\/wp-content\/uploads\/2025\/01\/LOGO-ERRESSE-CLASSICO.svg","contentUrl":"https:\/\/dev6.erresse-shop.it\/wp-content\/uploads\/2025\/01\/LOGO-ERRESSE-CLASSICO.svg","caption":"Erresse Shop"},"image":{"@id":"https:\/\/dev6.erresse-shop.it\/#\/schema\/logo\/image\/"}}]}},"df_price":92.95,"df_sale_price":92.95,"df_regular_price":109,"df_image_link":"https:\/\/i0.wp.com\/interpim.erresse-shop.it\/img-catalogo\/rosenthal\/rosenthal-vaso-waves-20-cm-bianco.jpg?resize=300,300&ssl=1","fifu_image_url":"https:\/\/interpim.erresse-shop.it\/img-catalogo\/rosenthal\/rosenthal-vaso-waves-20-cm-bianco.jpg","_links":{"self":[{"href":"https:\/\/dev6.erresse-shop.it\/fr\/wp-json\/wp\/v2\/product\/59634","targetHints":{"allow":["GET"]}}],"collection":[{"href":"https:\/\/dev6.erresse-shop.it\/fr\/wp-json\/wp\/v2\/product"}],"about":[{"href":"https:\/\/dev6.erresse-shop.it\/fr\/wp-json\/wp\/v2\/types\/product"}],"wp:featuredmedia":[{"embeddable":true,"href":"https:\/\/dev6.erresse-shop.it\/fr\/wp-json\/wp\/v2\/media\/6353757"}],"wp:attachment":[{"href":"https:\/\/dev6.erresse-shop.it\/fr\/wp-json\/wp\/v2\/media?parent=59634"}],"wp:term":[{"taxonomy":"product_cat","embeddable":true,"href":"https:\/\/dev6.erresse-shop.it\/fr\/wp-json\/wp\/v2\/product_cat?post=59634"},{"taxonomy":"product_tag","embeddable":true,"href":"https:\/\/dev6.erresse-shop.it\/fr\/wp-json\/wp\/v2\/product_tag?post=59634"}],"curies":[{"name":"wp","href":"https:\/\/api.w.org\/{rel}","templated":true}]}}