{"id":59632,"date":"2026-04-12T08:49:49","date_gmt":"2026-04-12T06:49:49","guid":{"rendered":"https:\/\/dev6.erresse-shop.it\/shop\/non%20class\u00e9\/rosenthal-triu-vase-22-cm-argent\/"},"modified":"2025-09-14T04:26:35","modified_gmt":"2025-09-14T02:26:35","slug":"rosenthal-triu-vase-22-cm-argent","status":"publish","type":"product","link":"https:\/\/dev6.erresse-shop.it\/fr\/shop\/ameublement-maison\/vases-fr\/rosenthal-triu-vase-22-cm-argent\/","title":{"rendered":"ROSENTHAL Triu Vase 22 cm Argent"},"content":{"rendered":"<p>Triu est une collection de vases \u00e9l\u00e9gants cr\u00e9\u00e9e par Rosenthal.<\/p>\n<p>Les vases Triu sont compos\u00e9s de trois bras \u00e9lanc\u00e9s en forme de U, cr\u00e9ant l\u2019effet de tubes m\u00e9talliques entrelac\u00e9s les uns dans les autres. La s\u00e9rie est disponible en or et en argent. Le mat\u00e9riau dont ils sont faits est le borosilicate, une vari\u00e9t\u00e9 de verre robuste et r\u00e9sistant \u00e0 la temp\u00e9rature. Les vases Triu sont parfaits soit individuellement, soit attach\u00e9s ensemble. Une excellente id\u00e9e de cadeau pour un espace moderne et sophistiqu\u00e9.<\/p>\n<p>Mat\u00e9riau : Verre borosilicate<br \/>\nCollection : Triu<\/p>\n","protected":false},"excerpt":{"rendered":"<p>Triu est une collection de vases \u00e9l\u00e9gants cr\u00e9\u00e9e par Rosenthal. Les vases Triu sont compos\u00e9s de trois bras \u00e9lanc\u00e9s en forme de U, cr\u00e9ant l\u2019effet de tubes m\u00e9talliques entrelac\u00e9s les uns dans les autres. La s\u00e9rie est disponible en or et en argent. Le mat\u00e9riau dont ils sont faits est le borosilicate, une vari\u00e9t\u00e9 de [&hellip;]<\/p>\n","protected":false},"featured_media":6353755,"template":"","meta":{"_acf_changed":false},"product_cat":[11990,11666,12018],"product_tag":[],"class_list":{"0":"post-59632","1":"product","2":"type-product","3":"status-publish","4":"has-post-thumbnail","6":"product_cat-ameublement-maison","7":"product_cat-arredamento-casa","8":"product_cat-vases-fr","10":"first","11":"outofstock","12":"sale","13":"taxable","14":"shipping-taxable","15":"purchasable","16":"product-type-simple","swatches":"rey-swatches","show_selected":"","stretch_labels":"rey-swatches--stretch-labels"},"acf":[],"yoast_head":"<!-- This site is optimized with the Yoast SEO plugin v25.4 - https:\/\/yoast.com\/wordpress\/plugins\/seo\/ -->\n<title>ROSENTHAL Triu Vase 22 cm Argent - dev6 Erresse<\/title>\n<meta name=\"description\" content=\"Triu est une collection de vases \u00e9l\u00e9gants cr\u00e9\u00e9e par Rosenthal. Les vases Triu sont compos\u00e9s de trois bras \u00e9lanc\u00e9s en forme de U, cr\u00e9ant l\u2019effet de tubes\" \/>\n<meta name=\"robots\" content=\"noindex, follow, max-snippet:-1, max-image-preview:large, max-video-preview:-1\" \/>\n<meta property=\"og:locale\" content=\"fr_FR\" \/>\n<meta property=\"og:type\" content=\"article\" \/>\n<meta property=\"og:title\" content=\"ROSENTHAL Triu Vase 22 cm Argent - dev6 Erresse\" \/>\n<meta property=\"og:description\" content=\"Triu est une collection de vases \u00e9l\u00e9gants cr\u00e9\u00e9e par Rosenthal. Les vases Triu sont compos\u00e9s de trois bras \u00e9lanc\u00e9s en forme de U, cr\u00e9ant l\u2019effet de tubes\" \/>\n<meta property=\"og:url\" content=\"https:\/\/dev6.erresse-shop.it\/fr\/shop\/ameublement-maison\/vases-fr\/rosenthal-triu-vase-22-cm-argent\/\" \/>\n<meta property=\"og:site_name\" content=\"dev6 Erresse\" \/>\n<meta property=\"og:image\" content=\"https:\/\/interpim.erresse-shop.it\/img-catalogo\/rosenthal\/rosenthal-triu-vaso-22-cm-argento.jpg\" \/><meta property=\"og:image\" content=\"https:\/\/interpim.erresse-shop.it\/img-catalogo\/rosenthal\/rosenthal-triu-vaso-22-cm-argento.jpg\" \/>\n\t<meta property=\"og:image:width\" content=\"1024\" \/>\n\t<meta property=\"og:image:height\" content=\"1024\" \/>\n\t<meta property=\"og:image:type\" content=\"image\/jpeg\" \/>\n<meta name=\"twitter:card\" content=\"summary_large_image\" \/>\n<meta name=\"twitter:image\" content=\"https:\/\/interpim.erresse-shop.it\/img-catalogo\/rosenthal\/rosenthal-triu-vaso-22-cm-argento.jpg\" \/>\n<script type=\"application\/ld+json\" class=\"yoast-schema-graph\">{\"@context\":\"https:\/\/schema.org\",\"@graph\":[{\"@type\":\"WebPage\",\"@id\":\"https:\/\/dev6.erresse-shop.it\/fr\/shop\/ameublement-maison\/vases-fr\/rosenthal-triu-vase-22-cm-argent\/\",\"url\":\"https:\/\/dev6.erresse-shop.it\/fr\/shop\/ameublement-maison\/vases-fr\/rosenthal-triu-vase-22-cm-argent\/\",\"name\":\"ROSENTHAL Triu Vase 22 cm Argent - dev6 Erresse\",\"isPartOf\":{\"@id\":\"https:\/\/dev6.erresse-shop.it\/#website\"},\"primaryImageOfPage\":{\"@id\":\"https:\/\/dev6.erresse-shop.it\/fr\/shop\/ameublement-maison\/vases-fr\/rosenthal-triu-vase-22-cm-argent\/#primaryimage\"},\"image\":{\"@id\":\"https:\/\/dev6.erresse-shop.it\/fr\/shop\/ameublement-maison\/vases-fr\/rosenthal-triu-vase-22-cm-argent\/#primaryimage\"},\"thumbnailUrl\":\"https:\/\/i1.wp.com\/interpim.erresse-shop.it\/img-catalogo\/rosenthal\/rosenthal-triu-vaso-22-cm-argento.jpg?ssl=1\",\"datePublished\":\"2026-04-12T06:49:49+00:00\",\"description\":\"Triu est une collection de vases \u00e9l\u00e9gants cr\u00e9\u00e9e par Rosenthal. Les vases Triu sont compos\u00e9s de trois bras \u00e9lanc\u00e9s en forme de U, cr\u00e9ant l\u2019effet de tubes\",\"breadcrumb\":{\"@id\":\"https:\/\/dev6.erresse-shop.it\/fr\/shop\/ameublement-maison\/vases-fr\/rosenthal-triu-vase-22-cm-argent\/#breadcrumb\"},\"inLanguage\":\"fr-FR\",\"potentialAction\":[{\"@type\":\"ReadAction\",\"target\":[\"https:\/\/dev6.erresse-shop.it\/fr\/shop\/ameublement-maison\/vases-fr\/rosenthal-triu-vase-22-cm-argent\/\"]}]},{\"@type\":\"ImageObject\",\"inLanguage\":\"fr-FR\",\"@id\":\"https:\/\/dev6.erresse-shop.it\/fr\/shop\/ameublement-maison\/vases-fr\/rosenthal-triu-vase-22-cm-argent\/#primaryimage\",\"url\":\"https:\/\/i1.wp.com\/interpim.erresse-shop.it\/img-catalogo\/rosenthal\/rosenthal-triu-vaso-22-cm-argento.jpg?ssl=1\",\"contentUrl\":\"https:\/\/i1.wp.com\/interpim.erresse-shop.it\/img-catalogo\/rosenthal\/rosenthal-triu-vaso-22-cm-argento.jpg?ssl=1\"},{\"@type\":\"BreadcrumbList\",\"@id\":\"https:\/\/dev6.erresse-shop.it\/fr\/shop\/ameublement-maison\/vases-fr\/rosenthal-triu-vase-22-cm-argent\/#breadcrumb\",\"itemListElement\":[{\"@type\":\"ListItem\",\"position\":1,\"name\":\"Home\",\"item\":\"https:\/\/dev6.erresse-shop.it\/\"},{\"@type\":\"ListItem\",\"position\":2,\"name\":\"Boutique\",\"item\":\"https:\/\/dev6.erresse-shop.it\/shop\/\"},{\"@type\":\"ListItem\",\"position\":3,\"name\":\"ROSENTHAL Triu Vase 22 cm Argent\"}]},{\"@type\":\"WebSite\",\"@id\":\"https:\/\/dev6.erresse-shop.it\/#website\",\"url\":\"https:\/\/dev6.erresse-shop.it\/\",\"name\":\"Erresse Shop\",\"description\":\"\",\"publisher\":{\"@id\":\"https:\/\/dev6.erresse-shop.it\/#organization\"},\"potentialAction\":[{\"@type\":\"SearchAction\",\"target\":{\"@type\":\"EntryPoint\",\"urlTemplate\":\"https:\/\/dev6.erresse-shop.it\/?s={search_term_string}\"},\"query-input\":{\"@type\":\"PropertyValueSpecification\",\"valueRequired\":true,\"valueName\":\"search_term_string\"}}],\"inLanguage\":\"fr-FR\"},{\"@type\":\"Organization\",\"@id\":\"https:\/\/dev6.erresse-shop.it\/#organization\",\"name\":\"Erresse Shop\",\"url\":\"https:\/\/dev6.erresse-shop.it\/\",\"logo\":{\"@type\":\"ImageObject\",\"inLanguage\":\"fr-FR\",\"@id\":\"https:\/\/dev6.erresse-shop.it\/#\/schema\/logo\/image\/\",\"url\":\"https:\/\/dev6.erresse-shop.it\/wp-content\/uploads\/2025\/01\/LOGO-ERRESSE-CLASSICO.svg\",\"contentUrl\":\"https:\/\/dev6.erresse-shop.it\/wp-content\/uploads\/2025\/01\/LOGO-ERRESSE-CLASSICO.svg\",\"caption\":\"Erresse Shop\"},\"image\":{\"@id\":\"https:\/\/dev6.erresse-shop.it\/#\/schema\/logo\/image\/\"}}]}<\/script>\n<!-- \/ Yoast SEO plugin. -->","yoast_head_json":{"title":"ROSENTHAL Triu Vase 22 cm Argent - dev6 Erresse","description":"Triu est une collection de vases \u00e9l\u00e9gants cr\u00e9\u00e9e par Rosenthal. Les vases Triu sont compos\u00e9s de trois bras \u00e9lanc\u00e9s en forme de U, cr\u00e9ant l\u2019effet de tubes","robots":{"index":"noindex","follow":"follow","max-snippet":"max-snippet:-1","max-image-preview":"max-image-preview:large","max-video-preview":"max-video-preview:-1"},"og_locale":"fr_FR","og_type":"article","og_title":"ROSENTHAL Triu Vase 22 cm Argent - dev6 Erresse","og_description":"Triu est une collection de vases \u00e9l\u00e9gants cr\u00e9\u00e9e par Rosenthal. Les vases Triu sont compos\u00e9s de trois bras \u00e9lanc\u00e9s en forme de U, cr\u00e9ant l\u2019effet de tubes","og_url":"https:\/\/dev6.erresse-shop.it\/fr\/shop\/ameublement-maison\/vases-fr\/rosenthal-triu-vase-22-cm-argent\/","og_site_name":"dev6 Erresse","og_image":[{"url":"https:\/\/interpim.erresse-shop.it\/img-catalogo\/rosenthal\/rosenthal-triu-vaso-22-cm-argento.jpg","type":"","width":"","height":""},{"url":"https:\/\/interpim.erresse-shop.it\/img-catalogo\/rosenthal\/rosenthal-triu-vaso-22-cm-argento.jpg","width":1024,"height":1024,"type":"image\/jpeg"}],"twitter_card":"summary_large_image","twitter_image":"https:\/\/interpim.erresse-shop.it\/img-catalogo\/rosenthal\/rosenthal-triu-vaso-22-cm-argento.jpg","schema":{"@context":"https:\/\/schema.org","@graph":[{"@type":"WebPage","@id":"https:\/\/dev6.erresse-shop.it\/fr\/shop\/ameublement-maison\/vases-fr\/rosenthal-triu-vase-22-cm-argent\/","url":"https:\/\/dev6.erresse-shop.it\/fr\/shop\/ameublement-maison\/vases-fr\/rosenthal-triu-vase-22-cm-argent\/","name":"ROSENTHAL Triu Vase 22 cm Argent - dev6 Erresse","isPartOf":{"@id":"https:\/\/dev6.erresse-shop.it\/#website"},"primaryImageOfPage":{"@id":"https:\/\/dev6.erresse-shop.it\/fr\/shop\/ameublement-maison\/vases-fr\/rosenthal-triu-vase-22-cm-argent\/#primaryimage"},"image":{"@id":"https:\/\/dev6.erresse-shop.it\/fr\/shop\/ameublement-maison\/vases-fr\/rosenthal-triu-vase-22-cm-argent\/#primaryimage"},"thumbnailUrl":"https:\/\/i1.wp.com\/interpim.erresse-shop.it\/img-catalogo\/rosenthal\/rosenthal-triu-vaso-22-cm-argento.jpg?ssl=1","datePublished":"2026-04-12T06:49:49+00:00","description":"Triu est une collection de vases \u00e9l\u00e9gants cr\u00e9\u00e9e par Rosenthal. Les vases Triu sont compos\u00e9s de trois bras \u00e9lanc\u00e9s en forme de U, cr\u00e9ant l\u2019effet de tubes","breadcrumb":{"@id":"https:\/\/dev6.erresse-shop.it\/fr\/shop\/ameublement-maison\/vases-fr\/rosenthal-triu-vase-22-cm-argent\/#breadcrumb"},"inLanguage":"fr-FR","potentialAction":[{"@type":"ReadAction","target":["https:\/\/dev6.erresse-shop.it\/fr\/shop\/ameublement-maison\/vases-fr\/rosenthal-triu-vase-22-cm-argent\/"]}]},{"@type":"ImageObject","inLanguage":"fr-FR","@id":"https:\/\/dev6.erresse-shop.it\/fr\/shop\/ameublement-maison\/vases-fr\/rosenthal-triu-vase-22-cm-argent\/#primaryimage","url":"https:\/\/i1.wp.com\/interpim.erresse-shop.it\/img-catalogo\/rosenthal\/rosenthal-triu-vaso-22-cm-argento.jpg?ssl=1","contentUrl":"https:\/\/i1.wp.com\/interpim.erresse-shop.it\/img-catalogo\/rosenthal\/rosenthal-triu-vaso-22-cm-argento.jpg?ssl=1"},{"@type":"BreadcrumbList","@id":"https:\/\/dev6.erresse-shop.it\/fr\/shop\/ameublement-maison\/vases-fr\/rosenthal-triu-vase-22-cm-argent\/#breadcrumb","itemListElement":[{"@type":"ListItem","position":1,"name":"Home","item":"https:\/\/dev6.erresse-shop.it\/"},{"@type":"ListItem","position":2,"name":"Boutique","item":"https:\/\/dev6.erresse-shop.it\/shop\/"},{"@type":"ListItem","position":3,"name":"ROSENTHAL Triu Vase 22 cm Argent"}]},{"@type":"WebSite","@id":"https:\/\/dev6.erresse-shop.it\/#website","url":"https:\/\/dev6.erresse-shop.it\/","name":"Erresse Shop","description":"","publisher":{"@id":"https:\/\/dev6.erresse-shop.it\/#organization"},"potentialAction":[{"@type":"SearchAction","target":{"@type":"EntryPoint","urlTemplate":"https:\/\/dev6.erresse-shop.it\/?s={search_term_string}"},"query-input":{"@type":"PropertyValueSpecification","valueRequired":true,"valueName":"search_term_string"}}],"inLanguage":"fr-FR"},{"@type":"Organization","@id":"https:\/\/dev6.erresse-shop.it\/#organization","name":"Erresse Shop","url":"https:\/\/dev6.erresse-shop.it\/","logo":{"@type":"ImageObject","inLanguage":"fr-FR","@id":"https:\/\/dev6.erresse-shop.it\/#\/schema\/logo\/image\/","url":"https:\/\/dev6.erresse-shop.it\/wp-content\/uploads\/2025\/01\/LOGO-ERRESSE-CLASSICO.svg","contentUrl":"https:\/\/dev6.erresse-shop.it\/wp-content\/uploads\/2025\/01\/LOGO-ERRESSE-CLASSICO.svg","caption":"Erresse Shop"},"image":{"@id":"https:\/\/dev6.erresse-shop.it\/#\/schema\/logo\/image\/"}}]}},"df_price":159.95,"df_sale_price":159.95,"df_regular_price":175,"df_image_link":"https:\/\/i1.wp.com\/interpim.erresse-shop.it\/img-catalogo\/rosenthal\/rosenthal-triu-vaso-22-cm-argento.jpg?resize=300,300&ssl=1","fifu_image_url":"https:\/\/interpim.erresse-shop.it\/img-catalogo\/rosenthal\/rosenthal-triu-vaso-22-cm-argento.jpg","_links":{"self":[{"href":"https:\/\/dev6.erresse-shop.it\/fr\/wp-json\/wp\/v2\/product\/59632","targetHints":{"allow":["GET"]}}],"collection":[{"href":"https:\/\/dev6.erresse-shop.it\/fr\/wp-json\/wp\/v2\/product"}],"about":[{"href":"https:\/\/dev6.erresse-shop.it\/fr\/wp-json\/wp\/v2\/types\/product"}],"wp:featuredmedia":[{"embeddable":true,"href":"https:\/\/dev6.erresse-shop.it\/fr\/wp-json\/wp\/v2\/media\/6353755"}],"wp:attachment":[{"href":"https:\/\/dev6.erresse-shop.it\/fr\/wp-json\/wp\/v2\/media?parent=59632"}],"wp:term":[{"taxonomy":"product_cat","embeddable":true,"href":"https:\/\/dev6.erresse-shop.it\/fr\/wp-json\/wp\/v2\/product_cat?post=59632"},{"taxonomy":"product_tag","embeddable":true,"href":"https:\/\/dev6.erresse-shop.it\/fr\/wp-json\/wp\/v2\/product_tag?post=59632"}],"curies":[{"name":"wp","href":"https:\/\/api.w.org\/{rel}","templated":true}]}}