{"id":59606,"date":"2026-04-12T08:48:42","date_gmt":"2026-04-12T06:48:42","guid":{"rendered":"https:\/\/dev6.erresse-shop.it\/shop\/non%20class\u00e9\/carlo-moretti-carafe-vase-en-cristal-de-murano-bleu\/"},"modified":"2025-09-14T04:26:02","modified_gmt":"2025-09-14T02:26:02","slug":"carlo-moretti-carafe-vase-en-cristal-de-murano-bleu","status":"publish","type":"product","link":"https:\/\/dev6.erresse-shop.it\/fr\/shop\/table-fr-2\/vin\/decanteurs\/carlo-moretti-carafe-vase-en-cristal-de-murano-bleu\/","title":{"rendered":"CARLO MORETTI Carafe\/Vase en Cristal de Murano Bleu"},"content":{"rendered":"<p>Gr\u00e2ce \u00e0 sa ligne harmonieuse et effil\u00e9e, il peut \u00eatre utilis\u00e9 aussi bien comme carafe que comme vase.<br \/>\nSouffl\u00e9e \u00e0 la bouche et finie \u00e0 la main, cette carafe pr\u00e9sente des spirales, des pailles, des taches de couleur et des bandes appliqu\u00e9es \u00e0 chaud.<\/p>\n<p>Verre et cristal de Murano : des \u00e9l\u00e9ments de valeur enti\u00e8rement italiens qui trouvent leur plus haute expression dans les pr\u00e9cieuses collections con\u00e7ues par Carlo Moretti, une entreprise bas\u00e9e sur les petites \u00eeles qui composent Murano. Le prestige de cette entreprise de Murano est d\u00fb \u00e0 la grande ma\u00eetrise de l\u2019utilisation du verre et du cristal, ce dernier ayant une plus grande r\u00e9sistance gr\u00e2ce \u00e0 l\u2019ajout de plomb dans le m\u00e9lange.<\/p>\n<p>Carafe en Murano travaill\u00e9e et peinte enti\u00e8rement \u00e0 la main. Chaque pi\u00e8ce est donc unique et inimitable.\u00a0<\/p>\n","protected":false},"excerpt":{"rendered":"<p>Gr\u00e2ce \u00e0 sa ligne harmonieuse et effil\u00e9e, il peut \u00eatre utilis\u00e9 aussi bien comme carafe que comme vase. Souffl\u00e9e \u00e0 la bouche et finie \u00e0 la main, cette carafe pr\u00e9sente des spirales, des pailles, des taches de couleur et des bandes appliqu\u00e9es \u00e0 chaud. Verre et cristal de Murano : des \u00e9l\u00e9ments de valeur enti\u00e8rement [&hellip;]<\/p>\n","protected":false},"featured_media":6353685,"template":"","meta":{"_acf_changed":false},"product_cat":[11990,12083,11995,12018,11694,12069],"product_tag":[],"class_list":{"0":"post-59606","1":"product","2":"type-product","3":"status-publish","4":"has-post-thumbnail","6":"product_cat-ameublement-maison","7":"product_cat-decanteurs","8":"product_cat-table-fr-2","9":"product_cat-vases-fr","10":"product_cat-vasi","11":"product_cat-vin","13":"first","14":"outofstock","15":"sale","16":"taxable","17":"shipping-taxable","18":"purchasable","19":"product-type-simple","swatches":"rey-swatches","show_selected":"","stretch_labels":"rey-swatches--stretch-labels"},"acf":[],"yoast_head":"<!-- This site is optimized with the Yoast SEO plugin v25.4 - https:\/\/yoast.com\/wordpress\/plugins\/seo\/ -->\n<title>CARLO MORETTI Carafe\/Vase en Cristal de Murano Bleu - dev6 Erresse<\/title>\n<meta name=\"description\" content=\"Gr\u00e2ce \u00e0 sa ligne harmonieuse et effil\u00e9e, il peut \u00eatre utilis\u00e9 aussi bien comme carafe que comme vase. Souffl\u00e9e \u00e0 la bouche et finie \u00e0 la main, cette\" \/>\n<meta name=\"robots\" content=\"noindex, follow, max-snippet:-1, max-image-preview:large, max-video-preview:-1\" \/>\n<meta property=\"og:locale\" content=\"fr_FR\" \/>\n<meta property=\"og:type\" content=\"article\" \/>\n<meta property=\"og:title\" content=\"CARLO MORETTI Carafe\/Vase en Cristal de Murano Bleu - dev6 Erresse\" \/>\n<meta property=\"og:description\" content=\"Gr\u00e2ce \u00e0 sa ligne harmonieuse et effil\u00e9e, il peut \u00eatre utilis\u00e9 aussi bien comme carafe que comme vase. Souffl\u00e9e \u00e0 la bouche et finie \u00e0 la main, cette\" \/>\n<meta property=\"og:url\" content=\"https:\/\/dev6.erresse-shop.it\/fr\/shop\/table-fr-2\/vin\/decanteurs\/carlo-moretti-carafe-vase-en-cristal-de-murano-bleu\/\" \/>\n<meta property=\"og:site_name\" content=\"dev6 Erresse\" \/>\n<meta property=\"og:image\" content=\"https:\/\/interpim.erresse-shop.it\/Import\/Prodotti\/carlo-moretti-decanter-15.dec_.ct-2015.jpg\" \/><meta property=\"og:image\" content=\"https:\/\/interpim.erresse-shop.it\/Import\/Prodotti\/carlo-moretti-decanter-15.dec_.ct-2015.jpg\" \/>\n\t<meta property=\"og:image:width\" content=\"1024\" \/>\n\t<meta property=\"og:image:height\" content=\"1024\" \/>\n\t<meta property=\"og:image:type\" content=\"image\/jpeg\" \/>\n<meta name=\"twitter:card\" content=\"summary_large_image\" \/>\n<meta name=\"twitter:image\" content=\"https:\/\/interpim.erresse-shop.it\/Import\/Prodotti\/carlo-moretti-decanter-15.dec_.ct-2015.jpg\" \/>\n<script type=\"application\/ld+json\" class=\"yoast-schema-graph\">{\"@context\":\"https:\/\/schema.org\",\"@graph\":[{\"@type\":\"WebPage\",\"@id\":\"https:\/\/dev6.erresse-shop.it\/fr\/shop\/table-fr-2\/vin\/decanteurs\/carlo-moretti-carafe-vase-en-cristal-de-murano-bleu\/\",\"url\":\"https:\/\/dev6.erresse-shop.it\/fr\/shop\/table-fr-2\/vin\/decanteurs\/carlo-moretti-carafe-vase-en-cristal-de-murano-bleu\/\",\"name\":\"CARLO MORETTI Carafe\/Vase en Cristal de Murano Bleu - dev6 Erresse\",\"isPartOf\":{\"@id\":\"https:\/\/dev6.erresse-shop.it\/#website\"},\"primaryImageOfPage\":{\"@id\":\"https:\/\/dev6.erresse-shop.it\/fr\/shop\/table-fr-2\/vin\/decanteurs\/carlo-moretti-carafe-vase-en-cristal-de-murano-bleu\/#primaryimage\"},\"image\":{\"@id\":\"https:\/\/dev6.erresse-shop.it\/fr\/shop\/table-fr-2\/vin\/decanteurs\/carlo-moretti-carafe-vase-en-cristal-de-murano-bleu\/#primaryimage\"},\"thumbnailUrl\":\"https:\/\/i2.wp.com\/interpim.erresse-shop.it\/Import\/Prodotti\/carlo-moretti-decanter-15.dec_.ct-2015.jpg?ssl=1\",\"datePublished\":\"2026-04-12T06:48:42+00:00\",\"description\":\"Gr\u00e2ce \u00e0 sa ligne harmonieuse et effil\u00e9e, il peut \u00eatre utilis\u00e9 aussi bien comme carafe que comme vase. Souffl\u00e9e \u00e0 la bouche et finie \u00e0 la main, cette\",\"breadcrumb\":{\"@id\":\"https:\/\/dev6.erresse-shop.it\/fr\/shop\/table-fr-2\/vin\/decanteurs\/carlo-moretti-carafe-vase-en-cristal-de-murano-bleu\/#breadcrumb\"},\"inLanguage\":\"fr-FR\",\"potentialAction\":[{\"@type\":\"ReadAction\",\"target\":[\"https:\/\/dev6.erresse-shop.it\/fr\/shop\/table-fr-2\/vin\/decanteurs\/carlo-moretti-carafe-vase-en-cristal-de-murano-bleu\/\"]}]},{\"@type\":\"ImageObject\",\"inLanguage\":\"fr-FR\",\"@id\":\"https:\/\/dev6.erresse-shop.it\/fr\/shop\/table-fr-2\/vin\/decanteurs\/carlo-moretti-carafe-vase-en-cristal-de-murano-bleu\/#primaryimage\",\"url\":\"https:\/\/i2.wp.com\/interpim.erresse-shop.it\/Import\/Prodotti\/carlo-moretti-decanter-15.dec_.ct-2015.jpg?ssl=1\",\"contentUrl\":\"https:\/\/i2.wp.com\/interpim.erresse-shop.it\/Import\/Prodotti\/carlo-moretti-decanter-15.dec_.ct-2015.jpg?ssl=1\"},{\"@type\":\"BreadcrumbList\",\"@id\":\"https:\/\/dev6.erresse-shop.it\/fr\/shop\/table-fr-2\/vin\/decanteurs\/carlo-moretti-carafe-vase-en-cristal-de-murano-bleu\/#breadcrumb\",\"itemListElement\":[{\"@type\":\"ListItem\",\"position\":1,\"name\":\"Home\",\"item\":\"https:\/\/dev6.erresse-shop.it\/\"},{\"@type\":\"ListItem\",\"position\":2,\"name\":\"Boutique\",\"item\":\"https:\/\/dev6.erresse-shop.it\/shop\/\"},{\"@type\":\"ListItem\",\"position\":3,\"name\":\"CARLO MORETTI Carafe\/Vase en Cristal de Murano Bleu\"}]},{\"@type\":\"WebSite\",\"@id\":\"https:\/\/dev6.erresse-shop.it\/#website\",\"url\":\"https:\/\/dev6.erresse-shop.it\/\",\"name\":\"Erresse Shop\",\"description\":\"\",\"publisher\":{\"@id\":\"https:\/\/dev6.erresse-shop.it\/#organization\"},\"potentialAction\":[{\"@type\":\"SearchAction\",\"target\":{\"@type\":\"EntryPoint\",\"urlTemplate\":\"https:\/\/dev6.erresse-shop.it\/?s={search_term_string}\"},\"query-input\":{\"@type\":\"PropertyValueSpecification\",\"valueRequired\":true,\"valueName\":\"search_term_string\"}}],\"inLanguage\":\"fr-FR\"},{\"@type\":\"Organization\",\"@id\":\"https:\/\/dev6.erresse-shop.it\/#organization\",\"name\":\"Erresse Shop\",\"url\":\"https:\/\/dev6.erresse-shop.it\/\",\"logo\":{\"@type\":\"ImageObject\",\"inLanguage\":\"fr-FR\",\"@id\":\"https:\/\/dev6.erresse-shop.it\/#\/schema\/logo\/image\/\",\"url\":\"https:\/\/dev6.erresse-shop.it\/wp-content\/uploads\/2025\/01\/LOGO-ERRESSE-CLASSICO.svg\",\"contentUrl\":\"https:\/\/dev6.erresse-shop.it\/wp-content\/uploads\/2025\/01\/LOGO-ERRESSE-CLASSICO.svg\",\"caption\":\"Erresse Shop\"},\"image\":{\"@id\":\"https:\/\/dev6.erresse-shop.it\/#\/schema\/logo\/image\/\"}}]}<\/script>\n<!-- \/ Yoast SEO plugin. -->","yoast_head_json":{"title":"CARLO MORETTI Carafe\/Vase en Cristal de Murano Bleu - dev6 Erresse","description":"Gr\u00e2ce \u00e0 sa ligne harmonieuse et effil\u00e9e, il peut \u00eatre utilis\u00e9 aussi bien comme carafe que comme vase. Souffl\u00e9e \u00e0 la bouche et finie \u00e0 la main, cette","robots":{"index":"noindex","follow":"follow","max-snippet":"max-snippet:-1","max-image-preview":"max-image-preview:large","max-video-preview":"max-video-preview:-1"},"og_locale":"fr_FR","og_type":"article","og_title":"CARLO MORETTI Carafe\/Vase en Cristal de Murano Bleu - dev6 Erresse","og_description":"Gr\u00e2ce \u00e0 sa ligne harmonieuse et effil\u00e9e, il peut \u00eatre utilis\u00e9 aussi bien comme carafe que comme vase. Souffl\u00e9e \u00e0 la bouche et finie \u00e0 la main, cette","og_url":"https:\/\/dev6.erresse-shop.it\/fr\/shop\/table-fr-2\/vin\/decanteurs\/carlo-moretti-carafe-vase-en-cristal-de-murano-bleu\/","og_site_name":"dev6 Erresse","og_image":[{"url":"https:\/\/interpim.erresse-shop.it\/Import\/Prodotti\/carlo-moretti-decanter-15.dec_.ct-2015.jpg","type":"","width":"","height":""},{"url":"https:\/\/interpim.erresse-shop.it\/Import\/Prodotti\/carlo-moretti-decanter-15.dec_.ct-2015.jpg","width":1024,"height":1024,"type":"image\/jpeg"}],"twitter_card":"summary_large_image","twitter_image":"https:\/\/interpim.erresse-shop.it\/Import\/Prodotti\/carlo-moretti-decanter-15.dec_.ct-2015.jpg","schema":{"@context":"https:\/\/schema.org","@graph":[{"@type":"WebPage","@id":"https:\/\/dev6.erresse-shop.it\/fr\/shop\/table-fr-2\/vin\/decanteurs\/carlo-moretti-carafe-vase-en-cristal-de-murano-bleu\/","url":"https:\/\/dev6.erresse-shop.it\/fr\/shop\/table-fr-2\/vin\/decanteurs\/carlo-moretti-carafe-vase-en-cristal-de-murano-bleu\/","name":"CARLO MORETTI Carafe\/Vase en Cristal de Murano Bleu - dev6 Erresse","isPartOf":{"@id":"https:\/\/dev6.erresse-shop.it\/#website"},"primaryImageOfPage":{"@id":"https:\/\/dev6.erresse-shop.it\/fr\/shop\/table-fr-2\/vin\/decanteurs\/carlo-moretti-carafe-vase-en-cristal-de-murano-bleu\/#primaryimage"},"image":{"@id":"https:\/\/dev6.erresse-shop.it\/fr\/shop\/table-fr-2\/vin\/decanteurs\/carlo-moretti-carafe-vase-en-cristal-de-murano-bleu\/#primaryimage"},"thumbnailUrl":"https:\/\/i2.wp.com\/interpim.erresse-shop.it\/Import\/Prodotti\/carlo-moretti-decanter-15.dec_.ct-2015.jpg?ssl=1","datePublished":"2026-04-12T06:48:42+00:00","description":"Gr\u00e2ce \u00e0 sa ligne harmonieuse et effil\u00e9e, il peut \u00eatre utilis\u00e9 aussi bien comme carafe que comme vase. Souffl\u00e9e \u00e0 la bouche et finie \u00e0 la main, cette","breadcrumb":{"@id":"https:\/\/dev6.erresse-shop.it\/fr\/shop\/table-fr-2\/vin\/decanteurs\/carlo-moretti-carafe-vase-en-cristal-de-murano-bleu\/#breadcrumb"},"inLanguage":"fr-FR","potentialAction":[{"@type":"ReadAction","target":["https:\/\/dev6.erresse-shop.it\/fr\/shop\/table-fr-2\/vin\/decanteurs\/carlo-moretti-carafe-vase-en-cristal-de-murano-bleu\/"]}]},{"@type":"ImageObject","inLanguage":"fr-FR","@id":"https:\/\/dev6.erresse-shop.it\/fr\/shop\/table-fr-2\/vin\/decanteurs\/carlo-moretti-carafe-vase-en-cristal-de-murano-bleu\/#primaryimage","url":"https:\/\/i2.wp.com\/interpim.erresse-shop.it\/Import\/Prodotti\/carlo-moretti-decanter-15.dec_.ct-2015.jpg?ssl=1","contentUrl":"https:\/\/i2.wp.com\/interpim.erresse-shop.it\/Import\/Prodotti\/carlo-moretti-decanter-15.dec_.ct-2015.jpg?ssl=1"},{"@type":"BreadcrumbList","@id":"https:\/\/dev6.erresse-shop.it\/fr\/shop\/table-fr-2\/vin\/decanteurs\/carlo-moretti-carafe-vase-en-cristal-de-murano-bleu\/#breadcrumb","itemListElement":[{"@type":"ListItem","position":1,"name":"Home","item":"https:\/\/dev6.erresse-shop.it\/"},{"@type":"ListItem","position":2,"name":"Boutique","item":"https:\/\/dev6.erresse-shop.it\/shop\/"},{"@type":"ListItem","position":3,"name":"CARLO MORETTI Carafe\/Vase en Cristal de Murano Bleu"}]},{"@type":"WebSite","@id":"https:\/\/dev6.erresse-shop.it\/#website","url":"https:\/\/dev6.erresse-shop.it\/","name":"Erresse Shop","description":"","publisher":{"@id":"https:\/\/dev6.erresse-shop.it\/#organization"},"potentialAction":[{"@type":"SearchAction","target":{"@type":"EntryPoint","urlTemplate":"https:\/\/dev6.erresse-shop.it\/?s={search_term_string}"},"query-input":{"@type":"PropertyValueSpecification","valueRequired":true,"valueName":"search_term_string"}}],"inLanguage":"fr-FR"},{"@type":"Organization","@id":"https:\/\/dev6.erresse-shop.it\/#organization","name":"Erresse Shop","url":"https:\/\/dev6.erresse-shop.it\/","logo":{"@type":"ImageObject","inLanguage":"fr-FR","@id":"https:\/\/dev6.erresse-shop.it\/#\/schema\/logo\/image\/","url":"https:\/\/dev6.erresse-shop.it\/wp-content\/uploads\/2025\/01\/LOGO-ERRESSE-CLASSICO.svg","contentUrl":"https:\/\/dev6.erresse-shop.it\/wp-content\/uploads\/2025\/01\/LOGO-ERRESSE-CLASSICO.svg","caption":"Erresse Shop"},"image":{"@id":"https:\/\/dev6.erresse-shop.it\/#\/schema\/logo\/image\/"}}]}},"df_price":269,"df_sale_price":269,"df_regular_price":299,"df_image_link":"https:\/\/i2.wp.com\/interpim.erresse-shop.it\/Import\/Prodotti\/carlo-moretti-decanter-15.dec_.ct-2015.jpg?resize=300,300&ssl=1","fifu_image_url":"https:\/\/interpim.erresse-shop.it\/Import\/Prodotti\/carlo-moretti-decanter-15.dec_.ct-2015.jpg","_links":{"self":[{"href":"https:\/\/dev6.erresse-shop.it\/fr\/wp-json\/wp\/v2\/product\/59606","targetHints":{"allow":["GET"]}}],"collection":[{"href":"https:\/\/dev6.erresse-shop.it\/fr\/wp-json\/wp\/v2\/product"}],"about":[{"href":"https:\/\/dev6.erresse-shop.it\/fr\/wp-json\/wp\/v2\/types\/product"}],"wp:featuredmedia":[{"embeddable":true,"href":"https:\/\/dev6.erresse-shop.it\/fr\/wp-json\/wp\/v2\/media\/6353685"}],"wp:attachment":[{"href":"https:\/\/dev6.erresse-shop.it\/fr\/wp-json\/wp\/v2\/media?parent=59606"}],"wp:term":[{"taxonomy":"product_cat","embeddable":true,"href":"https:\/\/dev6.erresse-shop.it\/fr\/wp-json\/wp\/v2\/product_cat?post=59606"},{"taxonomy":"product_tag","embeddable":true,"href":"https:\/\/dev6.erresse-shop.it\/fr\/wp-json\/wp\/v2\/product_tag?post=59606"}],"curies":[{"name":"wp","href":"https:\/\/api.w.org\/{rel}","templated":true}]}}