{"id":59598,"date":"2026-04-12T08:48:42","date_gmt":"2026-04-12T06:48:42","guid":{"rendered":"https:\/\/dev6.erresse-shop.it\/shop\/non%20class\u00e9\/emile-henry-moule-couronne-a-pain-grand-cru\/"},"modified":"2025-09-14T04:25:50","modified_gmt":"2025-09-14T02:25:50","slug":"emile-henry-moule-couronne-a-pain-grand-cru","status":"publish","type":"product","link":"https:\/\/dev6.erresse-shop.it\/fr\/shop\/poeles-pots\/emile-henry-moule-couronne-a-pain-grand-cru\/","title":{"rendered":"EMILE HENRY Moule Couronne \u00e0 Pain Grand Cru"},"content":{"rendered":"<p>Moule pour des petits pains maison fantastiques, savoureux et croustillants ! Notre moule \u00e0 pain \u201cCouronne\u201d c\u00e9l\u00e8bre la joie de p\u00e9trir, fa\u00e7onner, cuire et partager du pain fra\u00eechement cuit.<\/p>\n<p>L\u00e9gers, dor\u00e9s et moelleux, vos huit sandwichs (ou petites brioches) n\u2019attendent que vous pour mettre la main \u00e0 la p\u00e2te ! Vous pouvez varier les plaisirs : osez m\u00e9langer les farines, ajoutez des graines pour enrichir la texture, ou des p\u00e9pites de chocolat pour satisfaire votre gourmandise\u2026 Il suffit ensuite de mettre le moule au four avec son couvercle, et le tour est jou\u00e9. A la sortie du four, la cro\u00fbte sera croustillante, les miettes bien lev\u00e9es\u2026 et la tabl\u00e9e sera s\u00e9duite par cette belle couronne \u00e0 partager !<\/p>\n<p>Un tour de magie de boulanger ? Notre moule diffuse une chaleur uniforme et garantit le niveau d\u2019humidit\u00e9 n\u00e9cessaire \u00e0 la cuisson du pain, comme dans un four traditionnel. Ses huit cavit\u00e9s forment un cercle de petits pains facilement d\u00e9tachables. Une belle fa\u00e7on d\u2019organiser des en-cas sains et savoureux, d\u2019agr\u00e9menter vos repas de f\u00eate ou votre quotidien, avec en plus un d\u00e9licieux ar\u00f4me de pain chaud \u00e0 la maison ?<\/p>\n<p>Notre conseil : apr\u00e8s utilisation, vous pouvez ins\u00e9rer le fond de la casserole dans le couvercle pour un rangement facile.<\/p>\n<p>Longueur\/diam\u00e8tre int\u00e9rieur : 28,5 cm<br \/>\nLargeur int\u00e9rieure : 28,5 cm<br \/>\nHauteur int\u00e9rieure : 9 cm<br \/>\nCapacit\u00e9 utile : 1,9 L<br \/>\nPoids \u2013 KG : 2,48 KG<br \/>\nTemp\u00e9rature maximale : 270 \u00b0C<br \/>\nTemp\u00e9rature minimale : -20 \u00b0C<\/p>\n","protected":false},"excerpt":{"rendered":"<p>Moule pour des petits pains maison fantastiques, savoureux et croustillants ! Notre moule \u00e0 pain \u201cCouronne\u201d c\u00e9l\u00e8bre la joie de p\u00e9trir, fa\u00e7onner, cuire et partager du pain fra\u00eechement cuit. L\u00e9gers, dor\u00e9s et moelleux, vos huit sandwichs (ou petites brioches) n\u2019attendent que vous pour mettre la main \u00e0 la p\u00e2te ! Vous pouvez varier les plaisirs [&hellip;]<\/p>\n","protected":false},"featured_media":6353668,"template":"","meta":{"_acf_changed":false},"product_cat":[12056,11991],"product_tag":[],"class_list":{"0":"post-59598","1":"product","2":"type-product","3":"status-publish","4":"has-post-thumbnail","6":"product_cat-cuiseur-a-pain","7":"product_cat-poeles-pots","9":"first","10":"outofstock","11":"sale","12":"taxable","13":"shipping-taxable","14":"purchasable","15":"product-type-simple","swatches":"rey-swatches","show_selected":"","stretch_labels":"rey-swatches--stretch-labels"},"acf":[],"yoast_head":"<!-- This site is optimized with the Yoast SEO plugin v25.4 - https:\/\/yoast.com\/wordpress\/plugins\/seo\/ -->\n<title>EMILE HENRY Moule Couronne \u00e0 Pain Grand Cru - dev6 Erresse<\/title>\n<meta name=\"description\" content=\"Moule pour des petits pains maison fantastiques, savoureux et croustillants ! Notre moule \u00e0 pain \u201cCouronne\u201d c\u00e9l\u00e8bre la joie de p\u00e9trir, fa\u00e7onner, cuire et\" \/>\n<meta name=\"robots\" content=\"noindex, follow, max-snippet:-1, max-image-preview:large, max-video-preview:-1\" \/>\n<meta property=\"og:locale\" content=\"fr_FR\" \/>\n<meta property=\"og:type\" content=\"article\" \/>\n<meta property=\"og:title\" content=\"EMILE HENRY Moule Couronne \u00e0 Pain Grand Cru - dev6 Erresse\" \/>\n<meta property=\"og:description\" content=\"Moule pour des petits pains maison fantastiques, savoureux et croustillants ! Notre moule \u00e0 pain \u201cCouronne\u201d c\u00e9l\u00e8bre la joie de p\u00e9trir, fa\u00e7onner, cuire et\" \/>\n<meta property=\"og:url\" content=\"https:\/\/dev6.erresse-shop.it\/fr\/shop\/poeles-pots\/emile-henry-moule-couronne-a-pain-grand-cru\/\" \/>\n<meta property=\"og:site_name\" content=\"dev6 Erresse\" \/>\n<meta property=\"og:image\" content=\"https:\/\/interpim.erresse-shop.it\/Import\/Prodotti\/emile-henry-corona-per-panini-rosso-6.jpg\" \/><meta property=\"og:image\" content=\"https:\/\/interpim.erresse-shop.it\/Import\/Prodotti\/emile-henry-corona-per-panini-rosso-6.jpg\" \/>\n\t<meta property=\"og:image:width\" content=\"1024\" \/>\n\t<meta property=\"og:image:height\" content=\"1024\" \/>\n\t<meta property=\"og:image:type\" content=\"image\/jpeg\" \/>\n<meta name=\"twitter:card\" content=\"summary_large_image\" \/>\n<meta name=\"twitter:image\" content=\"https:\/\/interpim.erresse-shop.it\/Import\/Prodotti\/emile-henry-corona-per-panini-rosso-6.jpg\" \/>\n<script type=\"application\/ld+json\" class=\"yoast-schema-graph\">{\"@context\":\"https:\/\/schema.org\",\"@graph\":[{\"@type\":\"WebPage\",\"@id\":\"https:\/\/dev6.erresse-shop.it\/fr\/shop\/poeles-pots\/emile-henry-moule-couronne-a-pain-grand-cru\/\",\"url\":\"https:\/\/dev6.erresse-shop.it\/fr\/shop\/poeles-pots\/emile-henry-moule-couronne-a-pain-grand-cru\/\",\"name\":\"EMILE HENRY Moule Couronne \u00e0 Pain Grand Cru - dev6 Erresse\",\"isPartOf\":{\"@id\":\"https:\/\/dev6.erresse-shop.it\/#website\"},\"primaryImageOfPage\":{\"@id\":\"https:\/\/dev6.erresse-shop.it\/fr\/shop\/poeles-pots\/emile-henry-moule-couronne-a-pain-grand-cru\/#primaryimage\"},\"image\":{\"@id\":\"https:\/\/dev6.erresse-shop.it\/fr\/shop\/poeles-pots\/emile-henry-moule-couronne-a-pain-grand-cru\/#primaryimage\"},\"thumbnailUrl\":\"https:\/\/i3.wp.com\/interpim.erresse-shop.it\/Import\/Prodotti\/emile-henry-corona-per-panini-rosso-6.jpg?ssl=1\",\"datePublished\":\"2026-04-12T06:48:42+00:00\",\"description\":\"Moule pour des petits pains maison fantastiques, savoureux et croustillants ! Notre moule \u00e0 pain \u201cCouronne\u201d c\u00e9l\u00e8bre la joie de p\u00e9trir, fa\u00e7onner, cuire et\",\"breadcrumb\":{\"@id\":\"https:\/\/dev6.erresse-shop.it\/fr\/shop\/poeles-pots\/emile-henry-moule-couronne-a-pain-grand-cru\/#breadcrumb\"},\"inLanguage\":\"fr-FR\",\"potentialAction\":[{\"@type\":\"ReadAction\",\"target\":[\"https:\/\/dev6.erresse-shop.it\/fr\/shop\/poeles-pots\/emile-henry-moule-couronne-a-pain-grand-cru\/\"]}]},{\"@type\":\"ImageObject\",\"inLanguage\":\"fr-FR\",\"@id\":\"https:\/\/dev6.erresse-shop.it\/fr\/shop\/poeles-pots\/emile-henry-moule-couronne-a-pain-grand-cru\/#primaryimage\",\"url\":\"https:\/\/i3.wp.com\/interpim.erresse-shop.it\/Import\/Prodotti\/emile-henry-corona-per-panini-rosso-6.jpg?ssl=1\",\"contentUrl\":\"https:\/\/i3.wp.com\/interpim.erresse-shop.it\/Import\/Prodotti\/emile-henry-corona-per-panini-rosso-6.jpg?ssl=1\"},{\"@type\":\"BreadcrumbList\",\"@id\":\"https:\/\/dev6.erresse-shop.it\/fr\/shop\/poeles-pots\/emile-henry-moule-couronne-a-pain-grand-cru\/#breadcrumb\",\"itemListElement\":[{\"@type\":\"ListItem\",\"position\":1,\"name\":\"Home\",\"item\":\"https:\/\/dev6.erresse-shop.it\/\"},{\"@type\":\"ListItem\",\"position\":2,\"name\":\"Boutique\",\"item\":\"https:\/\/dev6.erresse-shop.it\/shop\/\"},{\"@type\":\"ListItem\",\"position\":3,\"name\":\"EMILE HENRY Moule Couronne \u00e0 Pain Grand Cru\"}]},{\"@type\":\"WebSite\",\"@id\":\"https:\/\/dev6.erresse-shop.it\/#website\",\"url\":\"https:\/\/dev6.erresse-shop.it\/\",\"name\":\"Erresse Shop\",\"description\":\"\",\"publisher\":{\"@id\":\"https:\/\/dev6.erresse-shop.it\/#organization\"},\"potentialAction\":[{\"@type\":\"SearchAction\",\"target\":{\"@type\":\"EntryPoint\",\"urlTemplate\":\"https:\/\/dev6.erresse-shop.it\/?s={search_term_string}\"},\"query-input\":{\"@type\":\"PropertyValueSpecification\",\"valueRequired\":true,\"valueName\":\"search_term_string\"}}],\"inLanguage\":\"fr-FR\"},{\"@type\":\"Organization\",\"@id\":\"https:\/\/dev6.erresse-shop.it\/#organization\",\"name\":\"Erresse Shop\",\"url\":\"https:\/\/dev6.erresse-shop.it\/\",\"logo\":{\"@type\":\"ImageObject\",\"inLanguage\":\"fr-FR\",\"@id\":\"https:\/\/dev6.erresse-shop.it\/#\/schema\/logo\/image\/\",\"url\":\"https:\/\/dev6.erresse-shop.it\/wp-content\/uploads\/2025\/01\/LOGO-ERRESSE-CLASSICO.svg\",\"contentUrl\":\"https:\/\/dev6.erresse-shop.it\/wp-content\/uploads\/2025\/01\/LOGO-ERRESSE-CLASSICO.svg\",\"caption\":\"Erresse Shop\"},\"image\":{\"@id\":\"https:\/\/dev6.erresse-shop.it\/#\/schema\/logo\/image\/\"}}]}<\/script>\n<!-- \/ Yoast SEO plugin. -->","yoast_head_json":{"title":"EMILE HENRY Moule Couronne \u00e0 Pain Grand Cru - dev6 Erresse","description":"Moule pour des petits pains maison fantastiques, savoureux et croustillants ! Notre moule \u00e0 pain \u201cCouronne\u201d c\u00e9l\u00e8bre la joie de p\u00e9trir, fa\u00e7onner, cuire et","robots":{"index":"noindex","follow":"follow","max-snippet":"max-snippet:-1","max-image-preview":"max-image-preview:large","max-video-preview":"max-video-preview:-1"},"og_locale":"fr_FR","og_type":"article","og_title":"EMILE HENRY Moule Couronne \u00e0 Pain Grand Cru - dev6 Erresse","og_description":"Moule pour des petits pains maison fantastiques, savoureux et croustillants ! Notre moule \u00e0 pain \u201cCouronne\u201d c\u00e9l\u00e8bre la joie de p\u00e9trir, fa\u00e7onner, cuire et","og_url":"https:\/\/dev6.erresse-shop.it\/fr\/shop\/poeles-pots\/emile-henry-moule-couronne-a-pain-grand-cru\/","og_site_name":"dev6 Erresse","og_image":[{"url":"https:\/\/interpim.erresse-shop.it\/Import\/Prodotti\/emile-henry-corona-per-panini-rosso-6.jpg","type":"","width":"","height":""},{"url":"https:\/\/interpim.erresse-shop.it\/Import\/Prodotti\/emile-henry-corona-per-panini-rosso-6.jpg","width":1024,"height":1024,"type":"image\/jpeg"}],"twitter_card":"summary_large_image","twitter_image":"https:\/\/interpim.erresse-shop.it\/Import\/Prodotti\/emile-henry-corona-per-panini-rosso-6.jpg","schema":{"@context":"https:\/\/schema.org","@graph":[{"@type":"WebPage","@id":"https:\/\/dev6.erresse-shop.it\/fr\/shop\/poeles-pots\/emile-henry-moule-couronne-a-pain-grand-cru\/","url":"https:\/\/dev6.erresse-shop.it\/fr\/shop\/poeles-pots\/emile-henry-moule-couronne-a-pain-grand-cru\/","name":"EMILE HENRY Moule Couronne \u00e0 Pain Grand Cru - dev6 Erresse","isPartOf":{"@id":"https:\/\/dev6.erresse-shop.it\/#website"},"primaryImageOfPage":{"@id":"https:\/\/dev6.erresse-shop.it\/fr\/shop\/poeles-pots\/emile-henry-moule-couronne-a-pain-grand-cru\/#primaryimage"},"image":{"@id":"https:\/\/dev6.erresse-shop.it\/fr\/shop\/poeles-pots\/emile-henry-moule-couronne-a-pain-grand-cru\/#primaryimage"},"thumbnailUrl":"https:\/\/i3.wp.com\/interpim.erresse-shop.it\/Import\/Prodotti\/emile-henry-corona-per-panini-rosso-6.jpg?ssl=1","datePublished":"2026-04-12T06:48:42+00:00","description":"Moule pour des petits pains maison fantastiques, savoureux et croustillants ! Notre moule \u00e0 pain \u201cCouronne\u201d c\u00e9l\u00e8bre la joie de p\u00e9trir, fa\u00e7onner, cuire et","breadcrumb":{"@id":"https:\/\/dev6.erresse-shop.it\/fr\/shop\/poeles-pots\/emile-henry-moule-couronne-a-pain-grand-cru\/#breadcrumb"},"inLanguage":"fr-FR","potentialAction":[{"@type":"ReadAction","target":["https:\/\/dev6.erresse-shop.it\/fr\/shop\/poeles-pots\/emile-henry-moule-couronne-a-pain-grand-cru\/"]}]},{"@type":"ImageObject","inLanguage":"fr-FR","@id":"https:\/\/dev6.erresse-shop.it\/fr\/shop\/poeles-pots\/emile-henry-moule-couronne-a-pain-grand-cru\/#primaryimage","url":"https:\/\/i3.wp.com\/interpim.erresse-shop.it\/Import\/Prodotti\/emile-henry-corona-per-panini-rosso-6.jpg?ssl=1","contentUrl":"https:\/\/i3.wp.com\/interpim.erresse-shop.it\/Import\/Prodotti\/emile-henry-corona-per-panini-rosso-6.jpg?ssl=1"},{"@type":"BreadcrumbList","@id":"https:\/\/dev6.erresse-shop.it\/fr\/shop\/poeles-pots\/emile-henry-moule-couronne-a-pain-grand-cru\/#breadcrumb","itemListElement":[{"@type":"ListItem","position":1,"name":"Home","item":"https:\/\/dev6.erresse-shop.it\/"},{"@type":"ListItem","position":2,"name":"Boutique","item":"https:\/\/dev6.erresse-shop.it\/shop\/"},{"@type":"ListItem","position":3,"name":"EMILE HENRY Moule Couronne \u00e0 Pain Grand Cru"}]},{"@type":"WebSite","@id":"https:\/\/dev6.erresse-shop.it\/#website","url":"https:\/\/dev6.erresse-shop.it\/","name":"Erresse Shop","description":"","publisher":{"@id":"https:\/\/dev6.erresse-shop.it\/#organization"},"potentialAction":[{"@type":"SearchAction","target":{"@type":"EntryPoint","urlTemplate":"https:\/\/dev6.erresse-shop.it\/?s={search_term_string}"},"query-input":{"@type":"PropertyValueSpecification","valueRequired":true,"valueName":"search_term_string"}}],"inLanguage":"fr-FR"},{"@type":"Organization","@id":"https:\/\/dev6.erresse-shop.it\/#organization","name":"Erresse Shop","url":"https:\/\/dev6.erresse-shop.it\/","logo":{"@type":"ImageObject","inLanguage":"fr-FR","@id":"https:\/\/dev6.erresse-shop.it\/#\/schema\/logo\/image\/","url":"https:\/\/dev6.erresse-shop.it\/wp-content\/uploads\/2025\/01\/LOGO-ERRESSE-CLASSICO.svg","contentUrl":"https:\/\/dev6.erresse-shop.it\/wp-content\/uploads\/2025\/01\/LOGO-ERRESSE-CLASSICO.svg","caption":"Erresse Shop"},"image":{"@id":"https:\/\/dev6.erresse-shop.it\/#\/schema\/logo\/image\/"}}]}},"df_price":79.95,"df_sale_price":79.95,"df_regular_price":111.9,"df_image_link":"https:\/\/i3.wp.com\/interpim.erresse-shop.it\/Import\/Prodotti\/emile-henry-corona-per-panini-rosso-6.jpg?resize=300,300&ssl=1","fifu_image_url":"https:\/\/interpim.erresse-shop.it\/Import\/Prodotti\/emile-henry-corona-per-panini-rosso-6.jpg","_links":{"self":[{"href":"https:\/\/dev6.erresse-shop.it\/fr\/wp-json\/wp\/v2\/product\/59598","targetHints":{"allow":["GET"]}}],"collection":[{"href":"https:\/\/dev6.erresse-shop.it\/fr\/wp-json\/wp\/v2\/product"}],"about":[{"href":"https:\/\/dev6.erresse-shop.it\/fr\/wp-json\/wp\/v2\/types\/product"}],"wp:featuredmedia":[{"embeddable":true,"href":"https:\/\/dev6.erresse-shop.it\/fr\/wp-json\/wp\/v2\/media\/6353668"}],"wp:attachment":[{"href":"https:\/\/dev6.erresse-shop.it\/fr\/wp-json\/wp\/v2\/media?parent=59598"}],"wp:term":[{"taxonomy":"product_cat","embeddable":true,"href":"https:\/\/dev6.erresse-shop.it\/fr\/wp-json\/wp\/v2\/product_cat?post=59598"},{"taxonomy":"product_tag","embeddable":true,"href":"https:\/\/dev6.erresse-shop.it\/fr\/wp-json\/wp\/v2\/product_tag?post=59598"}],"curies":[{"name":"wp","href":"https:\/\/api.w.org\/{rel}","templated":true}]}}