{"id":59550,"date":"2026-04-12T08:47:38","date_gmt":"2026-04-12T06:47:38","guid":{"rendered":"https:\/\/dev6.erresse-shop.it\/shop\/non%20class\u00e9\/miyabi-5000-mcd-chutoh-16-cm\/"},"modified":"2025-09-14T04:25:47","modified_gmt":"2025-09-14T02:25:47","slug":"miyabi-5000-mcd-chutoh-16-cm","status":"publish","type":"product","link":"https:\/\/dev6.erresse-shop.it\/fr\/shop\/cuisine\/couteaux\/couteaux-de-cuisine\/miyabi-5000-mcd-chutoh-16-cm\/","title":{"rendered":"MIYABI 5000 MCD Chutoh 16 cm"},"content":{"rendered":"<p>Le couteau de taille moyenne CHUTOH de Miyabi est id\u00e9al lorsque vous devez trancher ou couper de la viande ou du poisson. La lame mince et stable de 16 cm de long assure un contr\u00f4le total pendant le travail : travailler avec pr\u00e9cision est facile avec ce couteau. C\u2019est pourquoi il a convaincu les chefs professionnels du monde entier. Le c\u0153ur de la lame est constitu\u00e9 de poudre d\u2019acier micro-carbure MC63, entour\u00e9 de 100 couches d\u2019acier de deux duret\u00e9s diff\u00e9rentes. La lame en CRYODUR\u00ae est \u00e9galement soumise \u00e0 un processus sp\u00e9cial de durcissement \u00e0 -196 degr\u00e9s Celsius, ce qui lui conf\u00e8re une duret\u00e9 d\u2019environ 63 Rockwell. Le rodage Honbazuke lui donne un tranchant semblable \u00e0 celui d\u2019un scalpel. Cet aff\u00fbtage est obtenu en aff\u00fbtant la lame deux fois entre des meules, puis en la polissant sur une meule en cuir. Le manche a la forme traditionnelle en D des couteaux japonais. Ce couteau est agr\u00e9able \u00e0 tenir et attire l\u2019attention gr\u00e2ce \u00e0 son manche en bouleau Masur. Son grain d\u00e9licat se d\u00e9tache du motif damass\u00e9 floral de la lame et cr\u00e9e un contraste sophistiqu\u00e9. Les \u00e9videments en acier inoxydable et les fines lignes rouges cr\u00e9ent des \u00e9l\u00e9ments d\u00e9coratifs \u00e9l\u00e9gants. Le couteau CHUTOH de la s\u00e9rie MIYABI 5000MCD se distingue par son extr\u00eame tranchant.<\/p>\n<p>Noyau de lame en poudre d\u2019acier micro-carbure MC63 noy\u00e9 dans 100 couches d\u2019acier pour une duret\u00e9 exceptionnelle d\u2019environ 63 Rockwell (unit\u00e9 de duret\u00e9 standard internationale) et une r\u00e9tention exceptionnelle du tranchant.<br \/>\nLes lames en CRYODUR\u00ae durci \u00e0 la glace offrent une conservation exceptionnelle du tranchant, une remarquable r\u00e9sistance \u00e0 la corrosion et une excellente flexibilit\u00e9 de la lame.<br \/>\nProfil de lame authentiquement japonais<br \/>\nLa lame sym\u00e9trique au tranchant ultra-rapide Honbazuke garantit un tranchant incroyable.<br \/>\nManche traditionnel Masur en bouleau en D pour un \u00e9quilibre parfait, un contr\u00f4le optimal et une coupe infatigable.<br \/>\nManche traditionnel japonais en bouleau car\u00e9lien (Masur)<br \/>\nProfil et talon arrondis<br \/>\nFabriqu\u00e9 \u00e0 la main \u00e0 Seki, au Japon<\/p>\n<p>CARACT\u00c9RISTIQUES<\/p>\n<p>Couleur : brun<br \/>\nMat\u00e9riau : MC63<br \/>\nType de poign\u00e9e : cach\u00e9e<br \/>\nType de bord : lisse<br \/>\nFinition des bords : Aff\u00fbtage Honbazuke<br \/>\nM\u00e9thode de production : soud\u00e9e<br \/>\nDuret\u00e9 de la lame (HRC) : 62-64 HRC<br \/>\nCouleur du manche : brun<br \/>\nMat\u00e9riau du manche : bouleau<\/p>\n<p>DIMENSIONS<\/p>\n<p>Poids net : 0,15 kg<br \/>\nLongueur du produit : 29,80 cm<br \/>\nLargeur du produit : 2,30 cm<br \/>\nHauteur du produit : 4,00 cm<br \/>\nLongueur de la lame : 16,00 cm<br \/>\nLongueur de la poign\u00e9e : 13,80 cm<br \/>\nLargeur de la poign\u00e9e : 2,30 cm<br \/>\nLargeur de la lame : 0,20 cm<br \/>\n\u00c9paisseur de la lame : 0,20 cm<\/p>\n","protected":false},"excerpt":{"rendered":"<p>Le couteau de taille moyenne CHUTOH de Miyabi est id\u00e9al lorsque vous devez trancher ou couper de la viande ou du poisson. La lame mince et stable de 16 cm de long assure un contr\u00f4le total pendant le travail : travailler avec pr\u00e9cision est facile avec ce couteau. C\u2019est pourquoi il a convaincu les chefs [&hellip;]<\/p>\n","protected":false},"featured_media":6353600,"template":"","meta":{"_acf_changed":false},"product_cat":[11997],"product_tag":[],"class_list":{"0":"post-59550","1":"product","2":"type-product","3":"status-publish","4":"has-post-thumbnail","6":"product_cat-couteaux-de-cuisine","8":"first","9":"outofstock","10":"sale","11":"taxable","12":"shipping-taxable","13":"purchasable","14":"product-type-simple","swatches":"rey-swatches","show_selected":"","stretch_labels":"rey-swatches--stretch-labels"},"acf":[],"yoast_head":"<!-- This site is optimized with the Yoast SEO plugin v25.4 - https:\/\/yoast.com\/wordpress\/plugins\/seo\/ -->\n<title>MIYABI 5000 MCD Chutoh 16 cm - dev6 Erresse<\/title>\n<meta name=\"description\" content=\"Le couteau de taille moyenne CHUTOH de Miyabi est id\u00e9al lorsque vous devez trancher ou couper de la viande ou du poisson. La lame mince et stable de 16 cm\" \/>\n<meta name=\"robots\" content=\"noindex, follow, max-snippet:-1, max-image-preview:large, max-video-preview:-1\" \/>\n<meta property=\"og:locale\" content=\"fr_FR\" \/>\n<meta property=\"og:type\" content=\"article\" \/>\n<meta property=\"og:title\" content=\"MIYABI 5000 MCD Chutoh 16 cm - dev6 Erresse\" \/>\n<meta property=\"og:description\" content=\"Le couteau de taille moyenne CHUTOH de Miyabi est id\u00e9al lorsque vous devez trancher ou couper de la viande ou du poisson. La lame mince et stable de 16 cm\" \/>\n<meta property=\"og:url\" content=\"https:\/\/dev6.erresse-shop.it\/fr\/shop\/cuisine\/couteaux\/couteaux-de-cuisine\/miyabi-5000-mcd-chutoh-16-cm\/\" \/>\n<meta property=\"og:site_name\" content=\"dev6 Erresse\" \/>\n<meta property=\"og:image\" content=\"https:\/\/interpim.erresse-shop.it\/Import\/Prodotti\/miyabi-5000-mcd-chutoh.jpg\" \/><meta property=\"og:image\" content=\"https:\/\/interpim.erresse-shop.it\/Import\/Prodotti\/miyabi-5000-mcd-chutoh.jpg\" \/>\n\t<meta property=\"og:image:width\" content=\"1024\" \/>\n\t<meta property=\"og:image:height\" content=\"1024\" \/>\n\t<meta property=\"og:image:type\" content=\"image\/jpeg\" \/>\n<meta name=\"twitter:card\" content=\"summary_large_image\" \/>\n<meta name=\"twitter:image\" content=\"https:\/\/interpim.erresse-shop.it\/Import\/Prodotti\/miyabi-5000-mcd-chutoh.jpg\" \/>\n<script type=\"application\/ld+json\" class=\"yoast-schema-graph\">{\"@context\":\"https:\/\/schema.org\",\"@graph\":[{\"@type\":\"WebPage\",\"@id\":\"https:\/\/dev6.erresse-shop.it\/fr\/shop\/cuisine\/couteaux\/couteaux-de-cuisine\/miyabi-5000-mcd-chutoh-16-cm\/\",\"url\":\"https:\/\/dev6.erresse-shop.it\/fr\/shop\/cuisine\/couteaux\/couteaux-de-cuisine\/miyabi-5000-mcd-chutoh-16-cm\/\",\"name\":\"MIYABI 5000 MCD Chutoh 16 cm - dev6 Erresse\",\"isPartOf\":{\"@id\":\"https:\/\/dev6.erresse-shop.it\/#website\"},\"primaryImageOfPage\":{\"@id\":\"https:\/\/dev6.erresse-shop.it\/fr\/shop\/cuisine\/couteaux\/couteaux-de-cuisine\/miyabi-5000-mcd-chutoh-16-cm\/#primaryimage\"},\"image\":{\"@id\":\"https:\/\/dev6.erresse-shop.it\/fr\/shop\/cuisine\/couteaux\/couteaux-de-cuisine\/miyabi-5000-mcd-chutoh-16-cm\/#primaryimage\"},\"thumbnailUrl\":\"https:\/\/i0.wp.com\/interpim.erresse-shop.it\/Import\/Prodotti\/miyabi-5000-mcd-chutoh.jpg?ssl=1\",\"datePublished\":\"2026-04-12T06:47:38+00:00\",\"description\":\"Le couteau de taille moyenne CHUTOH de Miyabi est id\u00e9al lorsque vous devez trancher ou couper de la viande ou du poisson. La lame mince et stable de 16 cm\",\"breadcrumb\":{\"@id\":\"https:\/\/dev6.erresse-shop.it\/fr\/shop\/cuisine\/couteaux\/couteaux-de-cuisine\/miyabi-5000-mcd-chutoh-16-cm\/#breadcrumb\"},\"inLanguage\":\"fr-FR\",\"potentialAction\":[{\"@type\":\"ReadAction\",\"target\":[\"https:\/\/dev6.erresse-shop.it\/fr\/shop\/cuisine\/couteaux\/couteaux-de-cuisine\/miyabi-5000-mcd-chutoh-16-cm\/\"]}]},{\"@type\":\"ImageObject\",\"inLanguage\":\"fr-FR\",\"@id\":\"https:\/\/dev6.erresse-shop.it\/fr\/shop\/cuisine\/couteaux\/couteaux-de-cuisine\/miyabi-5000-mcd-chutoh-16-cm\/#primaryimage\",\"url\":\"https:\/\/i0.wp.com\/interpim.erresse-shop.it\/Import\/Prodotti\/miyabi-5000-mcd-chutoh.jpg?ssl=1\",\"contentUrl\":\"https:\/\/i0.wp.com\/interpim.erresse-shop.it\/Import\/Prodotti\/miyabi-5000-mcd-chutoh.jpg?ssl=1\"},{\"@type\":\"BreadcrumbList\",\"@id\":\"https:\/\/dev6.erresse-shop.it\/fr\/shop\/cuisine\/couteaux\/couteaux-de-cuisine\/miyabi-5000-mcd-chutoh-16-cm\/#breadcrumb\",\"itemListElement\":[{\"@type\":\"ListItem\",\"position\":1,\"name\":\"Home\",\"item\":\"https:\/\/dev6.erresse-shop.it\/\"},{\"@type\":\"ListItem\",\"position\":2,\"name\":\"Boutique\",\"item\":\"https:\/\/dev6.erresse-shop.it\/shop\/\"},{\"@type\":\"ListItem\",\"position\":3,\"name\":\"MIYABI 5000 MCD Chutoh 16 cm\"}]},{\"@type\":\"WebSite\",\"@id\":\"https:\/\/dev6.erresse-shop.it\/#website\",\"url\":\"https:\/\/dev6.erresse-shop.it\/\",\"name\":\"Erresse Shop\",\"description\":\"\",\"publisher\":{\"@id\":\"https:\/\/dev6.erresse-shop.it\/#organization\"},\"potentialAction\":[{\"@type\":\"SearchAction\",\"target\":{\"@type\":\"EntryPoint\",\"urlTemplate\":\"https:\/\/dev6.erresse-shop.it\/?s={search_term_string}\"},\"query-input\":{\"@type\":\"PropertyValueSpecification\",\"valueRequired\":true,\"valueName\":\"search_term_string\"}}],\"inLanguage\":\"fr-FR\"},{\"@type\":\"Organization\",\"@id\":\"https:\/\/dev6.erresse-shop.it\/#organization\",\"name\":\"Erresse Shop\",\"url\":\"https:\/\/dev6.erresse-shop.it\/\",\"logo\":{\"@type\":\"ImageObject\",\"inLanguage\":\"fr-FR\",\"@id\":\"https:\/\/dev6.erresse-shop.it\/#\/schema\/logo\/image\/\",\"url\":\"https:\/\/dev6.erresse-shop.it\/wp-content\/uploads\/2025\/01\/LOGO-ERRESSE-CLASSICO.svg\",\"contentUrl\":\"https:\/\/dev6.erresse-shop.it\/wp-content\/uploads\/2025\/01\/LOGO-ERRESSE-CLASSICO.svg\",\"caption\":\"Erresse Shop\"},\"image\":{\"@id\":\"https:\/\/dev6.erresse-shop.it\/#\/schema\/logo\/image\/\"}}]}<\/script>\n<!-- \/ Yoast SEO plugin. -->","yoast_head_json":{"title":"MIYABI 5000 MCD Chutoh 16 cm - dev6 Erresse","description":"Le couteau de taille moyenne CHUTOH de Miyabi est id\u00e9al lorsque vous devez trancher ou couper de la viande ou du poisson. La lame mince et stable de 16 cm","robots":{"index":"noindex","follow":"follow","max-snippet":"max-snippet:-1","max-image-preview":"max-image-preview:large","max-video-preview":"max-video-preview:-1"},"og_locale":"fr_FR","og_type":"article","og_title":"MIYABI 5000 MCD Chutoh 16 cm - dev6 Erresse","og_description":"Le couteau de taille moyenne CHUTOH de Miyabi est id\u00e9al lorsque vous devez trancher ou couper de la viande ou du poisson. La lame mince et stable de 16 cm","og_url":"https:\/\/dev6.erresse-shop.it\/fr\/shop\/cuisine\/couteaux\/couteaux-de-cuisine\/miyabi-5000-mcd-chutoh-16-cm\/","og_site_name":"dev6 Erresse","og_image":[{"url":"https:\/\/interpim.erresse-shop.it\/Import\/Prodotti\/miyabi-5000-mcd-chutoh.jpg","type":"","width":"","height":""},{"url":"https:\/\/interpim.erresse-shop.it\/Import\/Prodotti\/miyabi-5000-mcd-chutoh.jpg","width":1024,"height":1024,"type":"image\/jpeg"}],"twitter_card":"summary_large_image","twitter_image":"https:\/\/interpim.erresse-shop.it\/Import\/Prodotti\/miyabi-5000-mcd-chutoh.jpg","schema":{"@context":"https:\/\/schema.org","@graph":[{"@type":"WebPage","@id":"https:\/\/dev6.erresse-shop.it\/fr\/shop\/cuisine\/couteaux\/couteaux-de-cuisine\/miyabi-5000-mcd-chutoh-16-cm\/","url":"https:\/\/dev6.erresse-shop.it\/fr\/shop\/cuisine\/couteaux\/couteaux-de-cuisine\/miyabi-5000-mcd-chutoh-16-cm\/","name":"MIYABI 5000 MCD Chutoh 16 cm - dev6 Erresse","isPartOf":{"@id":"https:\/\/dev6.erresse-shop.it\/#website"},"primaryImageOfPage":{"@id":"https:\/\/dev6.erresse-shop.it\/fr\/shop\/cuisine\/couteaux\/couteaux-de-cuisine\/miyabi-5000-mcd-chutoh-16-cm\/#primaryimage"},"image":{"@id":"https:\/\/dev6.erresse-shop.it\/fr\/shop\/cuisine\/couteaux\/couteaux-de-cuisine\/miyabi-5000-mcd-chutoh-16-cm\/#primaryimage"},"thumbnailUrl":"https:\/\/i0.wp.com\/interpim.erresse-shop.it\/Import\/Prodotti\/miyabi-5000-mcd-chutoh.jpg?ssl=1","datePublished":"2026-04-12T06:47:38+00:00","description":"Le couteau de taille moyenne CHUTOH de Miyabi est id\u00e9al lorsque vous devez trancher ou couper de la viande ou du poisson. La lame mince et stable de 16 cm","breadcrumb":{"@id":"https:\/\/dev6.erresse-shop.it\/fr\/shop\/cuisine\/couteaux\/couteaux-de-cuisine\/miyabi-5000-mcd-chutoh-16-cm\/#breadcrumb"},"inLanguage":"fr-FR","potentialAction":[{"@type":"ReadAction","target":["https:\/\/dev6.erresse-shop.it\/fr\/shop\/cuisine\/couteaux\/couteaux-de-cuisine\/miyabi-5000-mcd-chutoh-16-cm\/"]}]},{"@type":"ImageObject","inLanguage":"fr-FR","@id":"https:\/\/dev6.erresse-shop.it\/fr\/shop\/cuisine\/couteaux\/couteaux-de-cuisine\/miyabi-5000-mcd-chutoh-16-cm\/#primaryimage","url":"https:\/\/i0.wp.com\/interpim.erresse-shop.it\/Import\/Prodotti\/miyabi-5000-mcd-chutoh.jpg?ssl=1","contentUrl":"https:\/\/i0.wp.com\/interpim.erresse-shop.it\/Import\/Prodotti\/miyabi-5000-mcd-chutoh.jpg?ssl=1"},{"@type":"BreadcrumbList","@id":"https:\/\/dev6.erresse-shop.it\/fr\/shop\/cuisine\/couteaux\/couteaux-de-cuisine\/miyabi-5000-mcd-chutoh-16-cm\/#breadcrumb","itemListElement":[{"@type":"ListItem","position":1,"name":"Home","item":"https:\/\/dev6.erresse-shop.it\/"},{"@type":"ListItem","position":2,"name":"Boutique","item":"https:\/\/dev6.erresse-shop.it\/shop\/"},{"@type":"ListItem","position":3,"name":"MIYABI 5000 MCD Chutoh 16 cm"}]},{"@type":"WebSite","@id":"https:\/\/dev6.erresse-shop.it\/#website","url":"https:\/\/dev6.erresse-shop.it\/","name":"Erresse Shop","description":"","publisher":{"@id":"https:\/\/dev6.erresse-shop.it\/#organization"},"potentialAction":[{"@type":"SearchAction","target":{"@type":"EntryPoint","urlTemplate":"https:\/\/dev6.erresse-shop.it\/?s={search_term_string}"},"query-input":{"@type":"PropertyValueSpecification","valueRequired":true,"valueName":"search_term_string"}}],"inLanguage":"fr-FR"},{"@type":"Organization","@id":"https:\/\/dev6.erresse-shop.it\/#organization","name":"Erresse Shop","url":"https:\/\/dev6.erresse-shop.it\/","logo":{"@type":"ImageObject","inLanguage":"fr-FR","@id":"https:\/\/dev6.erresse-shop.it\/#\/schema\/logo\/image\/","url":"https:\/\/dev6.erresse-shop.it\/wp-content\/uploads\/2025\/01\/LOGO-ERRESSE-CLASSICO.svg","contentUrl":"https:\/\/dev6.erresse-shop.it\/wp-content\/uploads\/2025\/01\/LOGO-ERRESSE-CLASSICO.svg","caption":"Erresse Shop"},"image":{"@id":"https:\/\/dev6.erresse-shop.it\/#\/schema\/logo\/image\/"}}]}},"df_price":239,"df_sale_price":239,"df_regular_price":339,"df_image_link":"https:\/\/i0.wp.com\/interpim.erresse-shop.it\/Import\/Prodotti\/miyabi-5000-mcd-chutoh.jpg?resize=300,300&ssl=1","fifu_image_url":"https:\/\/interpim.erresse-shop.it\/Import\/Prodotti\/miyabi-5000-mcd-chutoh.jpg","_links":{"self":[{"href":"https:\/\/dev6.erresse-shop.it\/fr\/wp-json\/wp\/v2\/product\/59550","targetHints":{"allow":["GET"]}}],"collection":[{"href":"https:\/\/dev6.erresse-shop.it\/fr\/wp-json\/wp\/v2\/product"}],"about":[{"href":"https:\/\/dev6.erresse-shop.it\/fr\/wp-json\/wp\/v2\/types\/product"}],"wp:featuredmedia":[{"embeddable":true,"href":"https:\/\/dev6.erresse-shop.it\/fr\/wp-json\/wp\/v2\/media\/6353600"}],"wp:attachment":[{"href":"https:\/\/dev6.erresse-shop.it\/fr\/wp-json\/wp\/v2\/media?parent=59550"}],"wp:term":[{"taxonomy":"product_cat","embeddable":true,"href":"https:\/\/dev6.erresse-shop.it\/fr\/wp-json\/wp\/v2\/product_cat?post=59550"},{"taxonomy":"product_tag","embeddable":true,"href":"https:\/\/dev6.erresse-shop.it\/fr\/wp-json\/wp\/v2\/product_tag?post=59550"}],"curies":[{"name":"wp","href":"https:\/\/api.w.org\/{rel}","templated":true}]}}