{"id":59542,"date":"2026-04-12T08:47:38","date_gmt":"2026-04-12T06:47:38","guid":{"rendered":"https:\/\/dev6.erresse-shop.it\/shop\/non%20class\u00e9\/emile-henry-tajine-27-cm-grand-cru\/"},"modified":"2025-11-22T17:58:38","modified_gmt":"2025-11-22T16:58:38","slug":"emile-henry-tajine-27-cm-grand-cru","status":"publish","type":"product","link":"https:\/\/dev6.erresse-shop.it\/fr\/shop\/poeles-pots\/tajine\/emile-henry-tajine-27-cm-grand-cru\/","title":{"rendered":"EMILE HENRY Tajine 27 cm Grand Cru"},"content":{"rendered":"<p>La soci\u00e9t\u00e9 Emile Henry a \u00e9t\u00e9 fond\u00e9e en 1850.<br \/>\nLes c\u00e9ramiques Emile Henry permettent de diffuser progressivement la chaleur pour une cuisson \u00e0 feu doux des aliments afin de pr\u00e9server les saveurs et les ar\u00f4mes ainsi que les \u00e9l\u00e9ments naturels des aliments.<br \/>\nLa cuisson saine \u00e0 basse temp\u00e9rature des c\u00e9ramiques Emile Henry pr\u00e9serve les saveurs, les vitamines et les qualit\u00e9s nutritionnelles.<br \/>\nLes produits Emile Henry sont fabriqu\u00e9s \u00e0 partir de composants naturels : argile non trait\u00e9e pour le m\u00e9lange, sable, eau filtr\u00e9e, oxydes min\u00e9raux naturels pour les couleurs. Les produits Emile Henry sont exempts de m\u00e9taux lourds nuisibles \u00e0 la sant\u00e9 : pas de plomb, de cadmium ou de nickel.<br \/>\nLes produits Emile Henry sont r\u00e9sistants aux chocs et peuvent \u00eatre utilis\u00e9s avec de fortes variations de temp\u00e9rature. Ils peuvent \u00eatre utilis\u00e9s dans le lave-vaisselle.<\/p>\n<p>R\u00e9v\u00e9ler toutes les couleurs et tous les ar\u00f4mes de la cuisine m\u00e9diterran\u00e9enne<br \/>\nLaissez-vous tenter par de savoureuses recettes aux saveurs orientales : tajine de poulet aux citrons confits, tajine bar ou tajine v\u00e9g\u00e9tarien aux l\u00e9gumes d\u2019hiver.<\/p>\n<p>Le tajine est un plat traditionnel de rago\u00fbt marocain. Cette cuisine a r\u00e9pondu au fil du temps \u00e0 la n\u00e9cessit\u00e9 de cuisiner sans eau : le tajine pr\u00e9serve l\u2019humidit\u00e9 des aliments en permettant \u00e0 la vapeur qui s\u2019en d\u00e9gage de tomber \u00e0 travers le couvercle. La cl\u00e9 d\u2019un bon tajine, c\u2019est avant tout une cuisson lente \u00e0 feu tr\u00e8s doux pour faire ressortir toutes les saveurs. Notre tajine fait mijoter doucement viandes, poissons et l\u00e9gumes, gr\u00e2ce \u00e0 son couvercle conique qui permet une circulation optimale de la vapeur pour un bon rago\u00fbt.<\/p>\n<p>Le Tajine Emile Henry est fabriqu\u00e9 en c\u00e9ramique Flame, un mat\u00e9riau naturel et inerte qui assure une cuisson saine de vos plats. Il conduit la chaleur doucement et uniform\u00e9ment pour cuire tous vos ingr\u00e9dients. Vous pouvez l\u2019utiliser sur une source de chaleur directe (gaz, \u00e9lectricit\u00e9, vitroc\u00e9ramique, avec un disque relais \u00e0 induction) mais aussi au four. Le bol est suffisamment profond pour contenir tous les ingr\u00e9dients de votre tajine. Veillez \u00e0 disposer les couches successivement pour une cuisson optimale :<\/p>\n<p>Les aliments que vous placez au fond cuisent dans les jus de cuisson et n\u00e9cessitent une cuisson plus longue.<br \/>\nLes aliments plac\u00e9s sur le dessus feront de la vapeur, les aliments plus fragiles qui demandent moins de cuisson seront bien au-dessus.<\/p>\n<p>Faites bien plus avec votre Tajine Emile Henry ! Vous pouvez \u00e9galement l\u2019utiliser pour pr\u00e9parer toutes sortes de recettes mijot\u00e9es, comme des rago\u00fbts, un b\u0153uf bourguignon\u2026 Essayez aussi des recettes sucr\u00e9es. Le tajine convient pour la cuisson de fruits frais ou secs au caramel, par exemple.<\/p>\n<p>Quelques conseils pour utiliser votre tajine Emile Henry :<\/p>\n<p>Commencez toujours par un feu doux pendant les 5 premi\u00e8res minutes pour augmenter progressivement la temp\u00e9rature. Ne chauffez pas le fond de votre tajine vide : ajoutez toujours un peu d\u2019eau ou d\u2019huile. Veillez \u00e0 ce qu\u2019il y ait toujours du jus dans votre tajine pendant la cuisson. Si n\u00e9cessaire, vous pouvez ajouter un petit verre d\u2019eau. Gardez le tajine ferm\u00e9 pendant la cuisson, vous pouvez bien s\u00fbr l\u2019ouvrir rapidement pour ajouter d\u2019autres ingr\u00e9dients et \u00e9pices.<\/p>\n<p>Longueur\/diam\u00e8tre : 27cm<br \/>\nLargeur : 27 cm<br \/>\nHauteur : 20 cm<br \/>\nPoids \u2013 KG : 2.5 KG<br \/>\nTemp\u00e9rature maximale : 290 \u00b0C<br \/>\nTemp\u00e9rature minimale : -20 \u00b0C<\/p>\n","protected":false},"excerpt":{"rendered":"<p>La soci\u00e9t\u00e9 Emile Henry a \u00e9t\u00e9 fond\u00e9e en 1850. Les c\u00e9ramiques Emile Henry permettent de diffuser progressivement la chaleur pour une cuisson \u00e0 feu doux des aliments afin de pr\u00e9server les saveurs et les ar\u00f4mes ainsi que les \u00e9l\u00e9ments naturels des aliments. La cuisson saine \u00e0 basse temp\u00e9rature des c\u00e9ramiques Emile Henry pr\u00e9serve les saveurs, [&hellip;]<\/p>\n","protected":false},"featured_media":6353584,"template":"","meta":{"_acf_changed":false},"product_cat":[11667,11991,12025,11701],"product_tag":[],"class_list":{"0":"post-59542","1":"product","2":"type-product","3":"status-publish","4":"has-post-thumbnail","6":"product_cat-padelle-pentole","7":"product_cat-poeles-pots","8":"product_cat-tajine","11":"first","12":"outofstock","13":"sale","14":"taxable","15":"shipping-taxable","16":"purchasable","17":"product-type-simple","swatches":"rey-swatches","show_selected":"","stretch_labels":"rey-swatches--stretch-labels"},"acf":[],"yoast_head":"<!-- This site is optimized with the Yoast SEO plugin v25.4 - https:\/\/yoast.com\/wordpress\/plugins\/seo\/ -->\n<title>EMILE HENRY Tajine 27 cm Grand Cru - dev6 Erresse<\/title>\n<meta name=\"description\" content=\"La soci\u00e9t\u00e9 Emile Henry a \u00e9t\u00e9 fond\u00e9e en 1850. Les c\u00e9ramiques Emile Henry permettent de diffuser progressivement la chaleur pour une cuisson \u00e0 feu doux des\" \/>\n<meta name=\"robots\" content=\"noindex, follow, max-snippet:-1, max-image-preview:large, max-video-preview:-1\" \/>\n<meta property=\"og:locale\" content=\"fr_FR\" \/>\n<meta property=\"og:type\" content=\"article\" \/>\n<meta property=\"og:title\" content=\"EMILE HENRY Tajine 27 cm Grand Cru - dev6 Erresse\" \/>\n<meta property=\"og:description\" content=\"La soci\u00e9t\u00e9 Emile Henry a \u00e9t\u00e9 fond\u00e9e en 1850. Les c\u00e9ramiques Emile Henry permettent de diffuser progressivement la chaleur pour une cuisson \u00e0 feu doux des\" \/>\n<meta property=\"og:url\" content=\"https:\/\/dev6.erresse-shop.it\/fr\/shop\/poeles-pots\/tajine\/emile-henry-tajine-27-cm-grand-cru\/\" \/>\n<meta property=\"og:site_name\" content=\"dev6 Erresse\" \/>\n<meta property=\"og:image\" content=\"https:\/\/interpim.erresse-shop.it\/Import\/Prodotti\/emile-henry-tajine-grand-cru-27-cm-rosso.jpg\" \/><meta property=\"og:image\" content=\"https:\/\/interpim.erresse-shop.it\/Import\/Prodotti\/emile-henry-tajine-grand-cru-27-cm-rosso.jpg\" \/>\n\t<meta property=\"og:image:width\" content=\"1024\" \/>\n\t<meta property=\"og:image:height\" content=\"1024\" \/>\n\t<meta property=\"og:image:type\" content=\"image\/jpeg\" \/>\n<meta name=\"twitter:card\" content=\"summary_large_image\" \/>\n<meta name=\"twitter:image\" content=\"https:\/\/interpim.erresse-shop.it\/Import\/Prodotti\/emile-henry-tajine-grand-cru-27-cm-rosso.jpg\" \/>\n<script type=\"application\/ld+json\" class=\"yoast-schema-graph\">{\"@context\":\"https:\/\/schema.org\",\"@graph\":[{\"@type\":\"WebPage\",\"@id\":\"https:\/\/dev6.erresse-shop.it\/fr\/shop\/poeles-pots\/tajine\/emile-henry-tajine-27-cm-grand-cru\/\",\"url\":\"https:\/\/dev6.erresse-shop.it\/fr\/shop\/poeles-pots\/tajine\/emile-henry-tajine-27-cm-grand-cru\/\",\"name\":\"EMILE HENRY Tajine 27 cm Grand Cru - dev6 Erresse\",\"isPartOf\":{\"@id\":\"https:\/\/dev6.erresse-shop.it\/#website\"},\"primaryImageOfPage\":{\"@id\":\"https:\/\/dev6.erresse-shop.it\/fr\/shop\/poeles-pots\/tajine\/emile-henry-tajine-27-cm-grand-cru\/#primaryimage\"},\"image\":{\"@id\":\"https:\/\/dev6.erresse-shop.it\/fr\/shop\/poeles-pots\/tajine\/emile-henry-tajine-27-cm-grand-cru\/#primaryimage\"},\"thumbnailUrl\":\"https:\/\/i2.wp.com\/interpim.erresse-shop.it\/Import\/Prodotti\/emile-henry-tajine-grand-cru-27-cm-rosso.jpg?ssl=1\",\"datePublished\":\"2026-04-12T06:47:38+00:00\",\"description\":\"La soci\u00e9t\u00e9 Emile Henry a \u00e9t\u00e9 fond\u00e9e en 1850. Les c\u00e9ramiques Emile Henry permettent de diffuser progressivement la chaleur pour une cuisson \u00e0 feu doux des\",\"breadcrumb\":{\"@id\":\"https:\/\/dev6.erresse-shop.it\/fr\/shop\/poeles-pots\/tajine\/emile-henry-tajine-27-cm-grand-cru\/#breadcrumb\"},\"inLanguage\":\"fr-FR\",\"potentialAction\":[{\"@type\":\"ReadAction\",\"target\":[\"https:\/\/dev6.erresse-shop.it\/fr\/shop\/poeles-pots\/tajine\/emile-henry-tajine-27-cm-grand-cru\/\"]}]},{\"@type\":\"ImageObject\",\"inLanguage\":\"fr-FR\",\"@id\":\"https:\/\/dev6.erresse-shop.it\/fr\/shop\/poeles-pots\/tajine\/emile-henry-tajine-27-cm-grand-cru\/#primaryimage\",\"url\":\"https:\/\/i2.wp.com\/interpim.erresse-shop.it\/Import\/Prodotti\/emile-henry-tajine-grand-cru-27-cm-rosso.jpg?ssl=1\",\"contentUrl\":\"https:\/\/i2.wp.com\/interpim.erresse-shop.it\/Import\/Prodotti\/emile-henry-tajine-grand-cru-27-cm-rosso.jpg?ssl=1\"},{\"@type\":\"BreadcrumbList\",\"@id\":\"https:\/\/dev6.erresse-shop.it\/fr\/shop\/poeles-pots\/tajine\/emile-henry-tajine-27-cm-grand-cru\/#breadcrumb\",\"itemListElement\":[{\"@type\":\"ListItem\",\"position\":1,\"name\":\"Home\",\"item\":\"https:\/\/dev6.erresse-shop.it\/\"},{\"@type\":\"ListItem\",\"position\":2,\"name\":\"Boutique\",\"item\":\"https:\/\/dev6.erresse-shop.it\/shop\/\"},{\"@type\":\"ListItem\",\"position\":3,\"name\":\"EMILE HENRY Tajine 27 cm Grand Cru\"}]},{\"@type\":\"WebSite\",\"@id\":\"https:\/\/dev6.erresse-shop.it\/#website\",\"url\":\"https:\/\/dev6.erresse-shop.it\/\",\"name\":\"Erresse Shop\",\"description\":\"\",\"publisher\":{\"@id\":\"https:\/\/dev6.erresse-shop.it\/#organization\"},\"potentialAction\":[{\"@type\":\"SearchAction\",\"target\":{\"@type\":\"EntryPoint\",\"urlTemplate\":\"https:\/\/dev6.erresse-shop.it\/?s={search_term_string}\"},\"query-input\":{\"@type\":\"PropertyValueSpecification\",\"valueRequired\":true,\"valueName\":\"search_term_string\"}}],\"inLanguage\":\"fr-FR\"},{\"@type\":\"Organization\",\"@id\":\"https:\/\/dev6.erresse-shop.it\/#organization\",\"name\":\"Erresse Shop\",\"url\":\"https:\/\/dev6.erresse-shop.it\/\",\"logo\":{\"@type\":\"ImageObject\",\"inLanguage\":\"fr-FR\",\"@id\":\"https:\/\/dev6.erresse-shop.it\/#\/schema\/logo\/image\/\",\"url\":\"https:\/\/dev6.erresse-shop.it\/wp-content\/uploads\/2025\/01\/LOGO-ERRESSE-CLASSICO.svg\",\"contentUrl\":\"https:\/\/dev6.erresse-shop.it\/wp-content\/uploads\/2025\/01\/LOGO-ERRESSE-CLASSICO.svg\",\"caption\":\"Erresse Shop\"},\"image\":{\"@id\":\"https:\/\/dev6.erresse-shop.it\/#\/schema\/logo\/image\/\"}}]}<\/script>\n<!-- \/ Yoast SEO plugin. -->","yoast_head_json":{"title":"EMILE HENRY Tajine 27 cm Grand Cru - dev6 Erresse","description":"La soci\u00e9t\u00e9 Emile Henry a \u00e9t\u00e9 fond\u00e9e en 1850. Les c\u00e9ramiques Emile Henry permettent de diffuser progressivement la chaleur pour une cuisson \u00e0 feu doux des","robots":{"index":"noindex","follow":"follow","max-snippet":"max-snippet:-1","max-image-preview":"max-image-preview:large","max-video-preview":"max-video-preview:-1"},"og_locale":"fr_FR","og_type":"article","og_title":"EMILE HENRY Tajine 27 cm Grand Cru - dev6 Erresse","og_description":"La soci\u00e9t\u00e9 Emile Henry a \u00e9t\u00e9 fond\u00e9e en 1850. Les c\u00e9ramiques Emile Henry permettent de diffuser progressivement la chaleur pour une cuisson \u00e0 feu doux des","og_url":"https:\/\/dev6.erresse-shop.it\/fr\/shop\/poeles-pots\/tajine\/emile-henry-tajine-27-cm-grand-cru\/","og_site_name":"dev6 Erresse","og_image":[{"url":"https:\/\/interpim.erresse-shop.it\/Import\/Prodotti\/emile-henry-tajine-grand-cru-27-cm-rosso.jpg","type":"","width":"","height":""},{"url":"https:\/\/interpim.erresse-shop.it\/Import\/Prodotti\/emile-henry-tajine-grand-cru-27-cm-rosso.jpg","width":1024,"height":1024,"type":"image\/jpeg"}],"twitter_card":"summary_large_image","twitter_image":"https:\/\/interpim.erresse-shop.it\/Import\/Prodotti\/emile-henry-tajine-grand-cru-27-cm-rosso.jpg","schema":{"@context":"https:\/\/schema.org","@graph":[{"@type":"WebPage","@id":"https:\/\/dev6.erresse-shop.it\/fr\/shop\/poeles-pots\/tajine\/emile-henry-tajine-27-cm-grand-cru\/","url":"https:\/\/dev6.erresse-shop.it\/fr\/shop\/poeles-pots\/tajine\/emile-henry-tajine-27-cm-grand-cru\/","name":"EMILE HENRY Tajine 27 cm Grand Cru - dev6 Erresse","isPartOf":{"@id":"https:\/\/dev6.erresse-shop.it\/#website"},"primaryImageOfPage":{"@id":"https:\/\/dev6.erresse-shop.it\/fr\/shop\/poeles-pots\/tajine\/emile-henry-tajine-27-cm-grand-cru\/#primaryimage"},"image":{"@id":"https:\/\/dev6.erresse-shop.it\/fr\/shop\/poeles-pots\/tajine\/emile-henry-tajine-27-cm-grand-cru\/#primaryimage"},"thumbnailUrl":"https:\/\/i2.wp.com\/interpim.erresse-shop.it\/Import\/Prodotti\/emile-henry-tajine-grand-cru-27-cm-rosso.jpg?ssl=1","datePublished":"2026-04-12T06:47:38+00:00","description":"La soci\u00e9t\u00e9 Emile Henry a \u00e9t\u00e9 fond\u00e9e en 1850. Les c\u00e9ramiques Emile Henry permettent de diffuser progressivement la chaleur pour une cuisson \u00e0 feu doux des","breadcrumb":{"@id":"https:\/\/dev6.erresse-shop.it\/fr\/shop\/poeles-pots\/tajine\/emile-henry-tajine-27-cm-grand-cru\/#breadcrumb"},"inLanguage":"fr-FR","potentialAction":[{"@type":"ReadAction","target":["https:\/\/dev6.erresse-shop.it\/fr\/shop\/poeles-pots\/tajine\/emile-henry-tajine-27-cm-grand-cru\/"]}]},{"@type":"ImageObject","inLanguage":"fr-FR","@id":"https:\/\/dev6.erresse-shop.it\/fr\/shop\/poeles-pots\/tajine\/emile-henry-tajine-27-cm-grand-cru\/#primaryimage","url":"https:\/\/i2.wp.com\/interpim.erresse-shop.it\/Import\/Prodotti\/emile-henry-tajine-grand-cru-27-cm-rosso.jpg?ssl=1","contentUrl":"https:\/\/i2.wp.com\/interpim.erresse-shop.it\/Import\/Prodotti\/emile-henry-tajine-grand-cru-27-cm-rosso.jpg?ssl=1"},{"@type":"BreadcrumbList","@id":"https:\/\/dev6.erresse-shop.it\/fr\/shop\/poeles-pots\/tajine\/emile-henry-tajine-27-cm-grand-cru\/#breadcrumb","itemListElement":[{"@type":"ListItem","position":1,"name":"Home","item":"https:\/\/dev6.erresse-shop.it\/"},{"@type":"ListItem","position":2,"name":"Boutique","item":"https:\/\/dev6.erresse-shop.it\/shop\/"},{"@type":"ListItem","position":3,"name":"EMILE HENRY Tajine 27 cm Grand Cru"}]},{"@type":"WebSite","@id":"https:\/\/dev6.erresse-shop.it\/#website","url":"https:\/\/dev6.erresse-shop.it\/","name":"Erresse Shop","description":"","publisher":{"@id":"https:\/\/dev6.erresse-shop.it\/#organization"},"potentialAction":[{"@type":"SearchAction","target":{"@type":"EntryPoint","urlTemplate":"https:\/\/dev6.erresse-shop.it\/?s={search_term_string}"},"query-input":{"@type":"PropertyValueSpecification","valueRequired":true,"valueName":"search_term_string"}}],"inLanguage":"fr-FR"},{"@type":"Organization","@id":"https:\/\/dev6.erresse-shop.it\/#organization","name":"Erresse Shop","url":"https:\/\/dev6.erresse-shop.it\/","logo":{"@type":"ImageObject","inLanguage":"fr-FR","@id":"https:\/\/dev6.erresse-shop.it\/#\/schema\/logo\/image\/","url":"https:\/\/dev6.erresse-shop.it\/wp-content\/uploads\/2025\/01\/LOGO-ERRESSE-CLASSICO.svg","contentUrl":"https:\/\/dev6.erresse-shop.it\/wp-content\/uploads\/2025\/01\/LOGO-ERRESSE-CLASSICO.svg","caption":"Erresse Shop"},"image":{"@id":"https:\/\/dev6.erresse-shop.it\/#\/schema\/logo\/image\/"}}]}},"df_price":89,"df_sale_price":89,"df_regular_price":117.5,"df_image_link":"https:\/\/i2.wp.com\/interpim.erresse-shop.it\/Import\/Prodotti\/emile-henry-tajine-grand-cru-27-cm-rosso.jpg?resize=300,300&ssl=1","fifu_image_url":"https:\/\/interpim.erresse-shop.it\/Import\/Prodotti\/emile-henry-tajine-grand-cru-27-cm-rosso.jpg","_links":{"self":[{"href":"https:\/\/dev6.erresse-shop.it\/fr\/wp-json\/wp\/v2\/product\/59542","targetHints":{"allow":["GET"]}}],"collection":[{"href":"https:\/\/dev6.erresse-shop.it\/fr\/wp-json\/wp\/v2\/product"}],"about":[{"href":"https:\/\/dev6.erresse-shop.it\/fr\/wp-json\/wp\/v2\/types\/product"}],"wp:featuredmedia":[{"embeddable":true,"href":"https:\/\/dev6.erresse-shop.it\/fr\/wp-json\/wp\/v2\/media\/6353584"}],"wp:attachment":[{"href":"https:\/\/dev6.erresse-shop.it\/fr\/wp-json\/wp\/v2\/media?parent=59542"}],"wp:term":[{"taxonomy":"product_cat","embeddable":true,"href":"https:\/\/dev6.erresse-shop.it\/fr\/wp-json\/wp\/v2\/product_cat?post=59542"},{"taxonomy":"product_tag","embeddable":true,"href":"https:\/\/dev6.erresse-shop.it\/fr\/wp-json\/wp\/v2\/product_tag?post=59542"}],"curies":[{"name":"wp","href":"https:\/\/api.w.org\/{rel}","templated":true}]}}