{"id":59524,"date":"2026-04-04T08:46:23","date_gmt":"2026-04-04T06:46:23","guid":{"rendered":"https:\/\/dev6.erresse-shop.it\/shop\/non%20class\u00e9\/le-creuset-amour-moule-6-muffins-coeur\/"},"modified":"2025-11-30T17:51:10","modified_gmt":"2025-11-30T16:51:10","slug":"le-creuset-amour-moule-6-muffins-coeur","status":"publish","type":"product","link":"https:\/\/dev6.erresse-shop.it\/fr\/shop\/poeles-pots\/moules-a-gateau-et-crepieres\/le-creuset-amour-moule-6-muffins-coeur\/","title":{"rendered":"LE CREUSET Amour Moule 6 Muffins C\u0153ur"},"content":{"rendered":"<p>Pr\u00e9parez des friandises pour la f\u00eate des m\u00e8res, la Saint-Valentin, un anniversaire sp\u00e9cial ou simplement parce que vous en avez envie. Ce moule comporte six formes de c\u0153ur pour cr\u00e9er des desserts irr\u00e9sistibles. Gr\u00e2ce \u00e0 la technologie antiadh\u00e9sive, vos cr\u00e9ations se d\u00e9tachent sans effort pour des r\u00e9sultats pr\u00e9cis et adorables.<\/p>\n<p>Soulevez en toute s\u00e9curit\u00e9 : nous avons ajout\u00e9 des inserts en silicone r\u00e9sistant \u00e0 la chaleur sur le bord pour une meilleure prise en main et un soul\u00e8vement plus facile.<br \/>\nPr\u00eat pour le four : nos moules passent au four jusqu\u2019\u00e0 240\u00b0C.<br \/>\nLe meilleur de sa cat\u00e9gorie : nos produits sont fabriqu\u00e9s \u00e0 partir des meilleurs mat\u00e9riaux dans des usines du monde entier afin de garantir la qualit\u00e9 que vous attendez de Le Creuset.<\/p>\n","protected":false},"excerpt":{"rendered":"<p>Pr\u00e9parez des friandises pour la f\u00eate des m\u00e8res, la Saint-Valentin, un anniversaire sp\u00e9cial ou simplement parce que vous en avez envie. Ce moule comporte six formes de c\u0153ur pour cr\u00e9er des desserts irr\u00e9sistibles. Gr\u00e2ce \u00e0 la technologie antiadh\u00e9sive, vos cr\u00e9ations se d\u00e9tachent sans effort pour des r\u00e9sultats pr\u00e9cis et adorables. Soulevez en toute s\u00e9curit\u00e9 : [&hellip;]<\/p>\n","protected":false},"featured_media":6270201,"template":"","meta":{"_acf_changed":false},"product_cat":[12027,12050,11991,11703],"product_tag":[],"class_list":{"0":"post-59524","1":"product","2":"type-product","3":"status-publish","4":"has-post-thumbnail","6":"product_cat-moules-a-gateau-et-crepieres","7":"product_cat-plats-et-casseroles-a-four","8":"product_cat-poeles-pots","9":"product_cat-altri-prodotti","11":"first","12":"instock","13":"sale","14":"taxable","15":"shipping-taxable","16":"purchasable","17":"product-type-simple","swatches":"rey-swatches","show_selected":"","stretch_labels":"rey-swatches--stretch-labels"},"acf":[],"yoast_head":"<!-- This site is optimized with the Yoast SEO plugin v25.4 - https:\/\/yoast.com\/wordpress\/plugins\/seo\/ -->\n<title>LE CREUSET Amour Moule 6 Muffins C\u0153ur - dev6 Erresse<\/title>\n<meta name=\"description\" content=\"Pr\u00e9parez des friandises pour la f\u00eate des m\u00e8res, la Saint-Valentin, un anniversaire sp\u00e9cial ou simplement parce que vous en avez envie. Ce moule comporte\" \/>\n<meta name=\"robots\" content=\"noindex, follow, max-snippet:-1, max-image-preview:large, max-video-preview:-1\" \/>\n<meta property=\"og:locale\" content=\"fr_FR\" \/>\n<meta property=\"og:type\" content=\"article\" \/>\n<meta property=\"og:title\" content=\"LE CREUSET Amour Moule 6 Muffins C\u0153ur - dev6 Erresse\" \/>\n<meta property=\"og:description\" content=\"Pr\u00e9parez des friandises pour la f\u00eate des m\u00e8res, la Saint-Valentin, un anniversaire sp\u00e9cial ou simplement parce que vous en avez envie. Ce moule comporte\" \/>\n<meta property=\"og:url\" content=\"https:\/\/dev6.erresse-shop.it\/fr\/shop\/poeles-pots\/moules-a-gateau-et-crepieres\/le-creuset-amour-moule-6-muffins-coeur\/\" \/>\n<meta property=\"og:site_name\" content=\"dev6 Erresse\" \/>\n<meta property=\"og:image\" content=\"https:\/\/interpim.erresse-shop.it\/Import\/Prodotti\/le-creuset-stampo-6-muffin-cuore-1.jpg\" \/><meta property=\"og:image\" content=\"https:\/\/interpim.erresse-shop.it\/Import\/Prodotti\/le-creuset-stampo-6-muffin-cuore-1.jpg\" \/>\n\t<meta property=\"og:image:width\" content=\"1024\" \/>\n\t<meta property=\"og:image:height\" content=\"1024\" \/>\n\t<meta property=\"og:image:type\" content=\"image\/jpeg\" \/>\n<meta name=\"twitter:card\" content=\"summary_large_image\" \/>\n<meta name=\"twitter:image\" content=\"https:\/\/interpim.erresse-shop.it\/Import\/Prodotti\/le-creuset-stampo-6-muffin-cuore-1.jpg\" \/>\n<script type=\"application\/ld+json\" class=\"yoast-schema-graph\">{\"@context\":\"https:\/\/schema.org\",\"@graph\":[{\"@type\":\"WebPage\",\"@id\":\"https:\/\/dev6.erresse-shop.it\/fr\/shop\/poeles-pots\/moules-a-gateau-et-crepieres\/le-creuset-amour-moule-6-muffins-coeur\/\",\"url\":\"https:\/\/dev6.erresse-shop.it\/fr\/shop\/poeles-pots\/moules-a-gateau-et-crepieres\/le-creuset-amour-moule-6-muffins-coeur\/\",\"name\":\"LE CREUSET Amour Moule 6 Muffins C\u0153ur - dev6 Erresse\",\"isPartOf\":{\"@id\":\"https:\/\/dev6.erresse-shop.it\/#website\"},\"primaryImageOfPage\":{\"@id\":\"https:\/\/dev6.erresse-shop.it\/fr\/shop\/poeles-pots\/moules-a-gateau-et-crepieres\/le-creuset-amour-moule-6-muffins-coeur\/#primaryimage\"},\"image\":{\"@id\":\"https:\/\/dev6.erresse-shop.it\/fr\/shop\/poeles-pots\/moules-a-gateau-et-crepieres\/le-creuset-amour-moule-6-muffins-coeur\/#primaryimage\"},\"thumbnailUrl\":\"https:\/\/i1.wp.com\/interpim.erresse-shop.it\/Import\/Prodotti\/le-creuset-stampo-6-muffin-cuore-1.jpg?ssl=1\",\"datePublished\":\"2026-04-04T06:46:23+00:00\",\"description\":\"Pr\u00e9parez des friandises pour la f\u00eate des m\u00e8res, la Saint-Valentin, un anniversaire sp\u00e9cial ou simplement parce que vous en avez envie. Ce moule comporte\",\"breadcrumb\":{\"@id\":\"https:\/\/dev6.erresse-shop.it\/fr\/shop\/poeles-pots\/moules-a-gateau-et-crepieres\/le-creuset-amour-moule-6-muffins-coeur\/#breadcrumb\"},\"inLanguage\":\"fr-FR\",\"potentialAction\":[{\"@type\":\"ReadAction\",\"target\":[\"https:\/\/dev6.erresse-shop.it\/fr\/shop\/poeles-pots\/moules-a-gateau-et-crepieres\/le-creuset-amour-moule-6-muffins-coeur\/\"]}]},{\"@type\":\"ImageObject\",\"inLanguage\":\"fr-FR\",\"@id\":\"https:\/\/dev6.erresse-shop.it\/fr\/shop\/poeles-pots\/moules-a-gateau-et-crepieres\/le-creuset-amour-moule-6-muffins-coeur\/#primaryimage\",\"url\":\"https:\/\/i1.wp.com\/interpim.erresse-shop.it\/Import\/Prodotti\/le-creuset-stampo-6-muffin-cuore-1.jpg?ssl=1\",\"contentUrl\":\"https:\/\/i1.wp.com\/interpim.erresse-shop.it\/Import\/Prodotti\/le-creuset-stampo-6-muffin-cuore-1.jpg?ssl=1\"},{\"@type\":\"BreadcrumbList\",\"@id\":\"https:\/\/dev6.erresse-shop.it\/fr\/shop\/poeles-pots\/moules-a-gateau-et-crepieres\/le-creuset-amour-moule-6-muffins-coeur\/#breadcrumb\",\"itemListElement\":[{\"@type\":\"ListItem\",\"position\":1,\"name\":\"Home\",\"item\":\"https:\/\/dev6.erresse-shop.it\/\"},{\"@type\":\"ListItem\",\"position\":2,\"name\":\"Boutique\",\"item\":\"https:\/\/dev6.erresse-shop.it\/shop\/\"},{\"@type\":\"ListItem\",\"position\":3,\"name\":\"LE CREUSET Amour Moule 6 Muffins C\u0153ur\"}]},{\"@type\":\"WebSite\",\"@id\":\"https:\/\/dev6.erresse-shop.it\/#website\",\"url\":\"https:\/\/dev6.erresse-shop.it\/\",\"name\":\"Erresse Shop\",\"description\":\"\",\"publisher\":{\"@id\":\"https:\/\/dev6.erresse-shop.it\/#organization\"},\"potentialAction\":[{\"@type\":\"SearchAction\",\"target\":{\"@type\":\"EntryPoint\",\"urlTemplate\":\"https:\/\/dev6.erresse-shop.it\/?s={search_term_string}\"},\"query-input\":{\"@type\":\"PropertyValueSpecification\",\"valueRequired\":true,\"valueName\":\"search_term_string\"}}],\"inLanguage\":\"fr-FR\"},{\"@type\":\"Organization\",\"@id\":\"https:\/\/dev6.erresse-shop.it\/#organization\",\"name\":\"Erresse Shop\",\"url\":\"https:\/\/dev6.erresse-shop.it\/\",\"logo\":{\"@type\":\"ImageObject\",\"inLanguage\":\"fr-FR\",\"@id\":\"https:\/\/dev6.erresse-shop.it\/#\/schema\/logo\/image\/\",\"url\":\"https:\/\/dev6.erresse-shop.it\/wp-content\/uploads\/2025\/01\/LOGO-ERRESSE-CLASSICO.svg\",\"contentUrl\":\"https:\/\/dev6.erresse-shop.it\/wp-content\/uploads\/2025\/01\/LOGO-ERRESSE-CLASSICO.svg\",\"caption\":\"Erresse Shop\"},\"image\":{\"@id\":\"https:\/\/dev6.erresse-shop.it\/#\/schema\/logo\/image\/\"}}]}<\/script>\n<!-- \/ Yoast SEO plugin. -->","yoast_head_json":{"title":"LE CREUSET Amour Moule 6 Muffins C\u0153ur - dev6 Erresse","description":"Pr\u00e9parez des friandises pour la f\u00eate des m\u00e8res, la Saint-Valentin, un anniversaire sp\u00e9cial ou simplement parce que vous en avez envie. Ce moule comporte","robots":{"index":"noindex","follow":"follow","max-snippet":"max-snippet:-1","max-image-preview":"max-image-preview:large","max-video-preview":"max-video-preview:-1"},"og_locale":"fr_FR","og_type":"article","og_title":"LE CREUSET Amour Moule 6 Muffins C\u0153ur - dev6 Erresse","og_description":"Pr\u00e9parez des friandises pour la f\u00eate des m\u00e8res, la Saint-Valentin, un anniversaire sp\u00e9cial ou simplement parce que vous en avez envie. Ce moule comporte","og_url":"https:\/\/dev6.erresse-shop.it\/fr\/shop\/poeles-pots\/moules-a-gateau-et-crepieres\/le-creuset-amour-moule-6-muffins-coeur\/","og_site_name":"dev6 Erresse","og_image":[{"url":"https:\/\/interpim.erresse-shop.it\/Import\/Prodotti\/le-creuset-stampo-6-muffin-cuore-1.jpg","type":"","width":"","height":""},{"url":"https:\/\/interpim.erresse-shop.it\/Import\/Prodotti\/le-creuset-stampo-6-muffin-cuore-1.jpg","width":1024,"height":1024,"type":"image\/jpeg"}],"twitter_card":"summary_large_image","twitter_image":"https:\/\/interpim.erresse-shop.it\/Import\/Prodotti\/le-creuset-stampo-6-muffin-cuore-1.jpg","schema":{"@context":"https:\/\/schema.org","@graph":[{"@type":"WebPage","@id":"https:\/\/dev6.erresse-shop.it\/fr\/shop\/poeles-pots\/moules-a-gateau-et-crepieres\/le-creuset-amour-moule-6-muffins-coeur\/","url":"https:\/\/dev6.erresse-shop.it\/fr\/shop\/poeles-pots\/moules-a-gateau-et-crepieres\/le-creuset-amour-moule-6-muffins-coeur\/","name":"LE CREUSET Amour Moule 6 Muffins C\u0153ur - dev6 Erresse","isPartOf":{"@id":"https:\/\/dev6.erresse-shop.it\/#website"},"primaryImageOfPage":{"@id":"https:\/\/dev6.erresse-shop.it\/fr\/shop\/poeles-pots\/moules-a-gateau-et-crepieres\/le-creuset-amour-moule-6-muffins-coeur\/#primaryimage"},"image":{"@id":"https:\/\/dev6.erresse-shop.it\/fr\/shop\/poeles-pots\/moules-a-gateau-et-crepieres\/le-creuset-amour-moule-6-muffins-coeur\/#primaryimage"},"thumbnailUrl":"https:\/\/i1.wp.com\/interpim.erresse-shop.it\/Import\/Prodotti\/le-creuset-stampo-6-muffin-cuore-1.jpg?ssl=1","datePublished":"2026-04-04T06:46:23+00:00","description":"Pr\u00e9parez des friandises pour la f\u00eate des m\u00e8res, la Saint-Valentin, un anniversaire sp\u00e9cial ou simplement parce que vous en avez envie. Ce moule comporte","breadcrumb":{"@id":"https:\/\/dev6.erresse-shop.it\/fr\/shop\/poeles-pots\/moules-a-gateau-et-crepieres\/le-creuset-amour-moule-6-muffins-coeur\/#breadcrumb"},"inLanguage":"fr-FR","potentialAction":[{"@type":"ReadAction","target":["https:\/\/dev6.erresse-shop.it\/fr\/shop\/poeles-pots\/moules-a-gateau-et-crepieres\/le-creuset-amour-moule-6-muffins-coeur\/"]}]},{"@type":"ImageObject","inLanguage":"fr-FR","@id":"https:\/\/dev6.erresse-shop.it\/fr\/shop\/poeles-pots\/moules-a-gateau-et-crepieres\/le-creuset-amour-moule-6-muffins-coeur\/#primaryimage","url":"https:\/\/i1.wp.com\/interpim.erresse-shop.it\/Import\/Prodotti\/le-creuset-stampo-6-muffin-cuore-1.jpg?ssl=1","contentUrl":"https:\/\/i1.wp.com\/interpim.erresse-shop.it\/Import\/Prodotti\/le-creuset-stampo-6-muffin-cuore-1.jpg?ssl=1"},{"@type":"BreadcrumbList","@id":"https:\/\/dev6.erresse-shop.it\/fr\/shop\/poeles-pots\/moules-a-gateau-et-crepieres\/le-creuset-amour-moule-6-muffins-coeur\/#breadcrumb","itemListElement":[{"@type":"ListItem","position":1,"name":"Home","item":"https:\/\/dev6.erresse-shop.it\/"},{"@type":"ListItem","position":2,"name":"Boutique","item":"https:\/\/dev6.erresse-shop.it\/shop\/"},{"@type":"ListItem","position":3,"name":"LE CREUSET Amour Moule 6 Muffins C\u0153ur"}]},{"@type":"WebSite","@id":"https:\/\/dev6.erresse-shop.it\/#website","url":"https:\/\/dev6.erresse-shop.it\/","name":"Erresse Shop","description":"","publisher":{"@id":"https:\/\/dev6.erresse-shop.it\/#organization"},"potentialAction":[{"@type":"SearchAction","target":{"@type":"EntryPoint","urlTemplate":"https:\/\/dev6.erresse-shop.it\/?s={search_term_string}"},"query-input":{"@type":"PropertyValueSpecification","valueRequired":true,"valueName":"search_term_string"}}],"inLanguage":"fr-FR"},{"@type":"Organization","@id":"https:\/\/dev6.erresse-shop.it\/#organization","name":"Erresse Shop","url":"https:\/\/dev6.erresse-shop.it\/","logo":{"@type":"ImageObject","inLanguage":"fr-FR","@id":"https:\/\/dev6.erresse-shop.it\/#\/schema\/logo\/image\/","url":"https:\/\/dev6.erresse-shop.it\/wp-content\/uploads\/2025\/01\/LOGO-ERRESSE-CLASSICO.svg","contentUrl":"https:\/\/dev6.erresse-shop.it\/wp-content\/uploads\/2025\/01\/LOGO-ERRESSE-CLASSICO.svg","caption":"Erresse Shop"},"image":{"@id":"https:\/\/dev6.erresse-shop.it\/#\/schema\/logo\/image\/"}}]}},"df_price":38,"df_sale_price":38,"df_regular_price":45,"df_image_link":"https:\/\/i1.wp.com\/interpim.erresse-shop.it\/Import\/Prodotti\/le-creuset-stampo-6-muffin-cuore-1.jpg?resize=300,300&ssl=1","fifu_image_url":"https:\/\/interpim.erresse-shop.it\/Import\/Prodotti\/le-creuset-stampo-6-muffin-cuore-1.jpg","_links":{"self":[{"href":"https:\/\/dev6.erresse-shop.it\/fr\/wp-json\/wp\/v2\/product\/59524","targetHints":{"allow":["GET"]}}],"collection":[{"href":"https:\/\/dev6.erresse-shop.it\/fr\/wp-json\/wp\/v2\/product"}],"about":[{"href":"https:\/\/dev6.erresse-shop.it\/fr\/wp-json\/wp\/v2\/types\/product"}],"wp:featuredmedia":[{"embeddable":true,"href":"https:\/\/dev6.erresse-shop.it\/fr\/wp-json\/wp\/v2\/media\/6270201"}],"wp:attachment":[{"href":"https:\/\/dev6.erresse-shop.it\/fr\/wp-json\/wp\/v2\/media?parent=59524"}],"wp:term":[{"taxonomy":"product_cat","embeddable":true,"href":"https:\/\/dev6.erresse-shop.it\/fr\/wp-json\/wp\/v2\/product_cat?post=59524"},{"taxonomy":"product_tag","embeddable":true,"href":"https:\/\/dev6.erresse-shop.it\/fr\/wp-json\/wp\/v2\/product_tag?post=59524"}],"curies":[{"name":"wp","href":"https:\/\/api.w.org\/{rel}","templated":true}]}}