{"id":59522,"date":"2026-04-12T08:47:38","date_gmt":"2026-04-12T06:47:38","guid":{"rendered":"https:\/\/dev6.erresse-shop.it\/shop\/non%20class\u00e9\/le-creuset-amour-cocotte-coeur-20-cm-shell-pink\/"},"modified":"2025-09-14T04:25:22","modified_gmt":"2025-09-14T02:25:22","slug":"le-creuset-amour-cocotte-coeur-20-cm-shell-pink","status":"publish","type":"product","link":"https:\/\/dev6.erresse-shop.it\/fr\/shop\/poeles-pots\/marmites-et-cocottes-poeles-pots\/le-creuset-amour-cocotte-coeur-20-cm-shell-pink\/","title":{"rendered":"LE CREUSET Amour Cocotte C\u0153ur 20 cm Shell Pink"},"content":{"rendered":"<p>Cr\u00e9\u00e9e avec amour, cette pi\u00e8ce embl\u00e9matique est une id\u00e9e de cadeau parfaite pour rendre m\u00e9morable la f\u00eate des m\u00e8res, la Saint-Valentin, un anniversaire ou un mariage. Sa gracieuse forme de c\u0153ur la distingue des autres casseroles de la collection en fonte vitrifi\u00e9e, mais sa fonctionnalit\u00e9 reste la m\u00eame. La fonte vitrifi\u00e9e chauffe uniform\u00e9ment pour des ar\u00f4mes all\u00e9chants et garde les aliments au chaud plus longtemps lorsque vous les montrez \u00e0 table. Il est parfait pour les rago\u00fbts, les r\u00f4tis, les soupes, les casseroles et les g\u00e2teaux en forme de c\u0153ur. De plus, le magnifique bouton en forme de c\u0153ur r\u00e9sistant \u00e0 la chaleur apporte la touche finale.<\/p>\n<p>Notre bouton r\u00e9sistant \u00e0 la chaleur (jusqu\u2019\u00e0 260 \u00b0C) est con\u00e7u pour offrir une bonne prise, m\u00eame lorsque vous utilisez une manique pour soulever le couvercle.<br \/>\nDes poign\u00e9es de r\u00eave : Gr\u00e2ce \u00e0 nos larges poign\u00e9es, vous pouvez passer facilement de la table de cuisson \u00e0 la table, m\u00eame en utilisant des gants de cuisine.<br \/>\nPolyvalence : ce produit convient \u00e9galement \u00e0 la cuisson en mode grill et \u00e0 la cuisson au four.<br \/>\nDes aliments savoureux : la fonte vitrifi\u00e9e retient la chaleur pour une cuisson et un brunissement uniformes. Vos d\u00e9licieuses cr\u00e9ations resteront chaudes plus longtemps \u00e0 table.<br \/>\nPr\u00e9serve la succulence : notre couvercle retient la vapeur g\u00e9n\u00e9r\u00e9e par la cuisson des aliments et exalte les saveurs, pour des r\u00e9sultats de cuisson extraordinaires.<br \/>\nFacile \u00e0 tenir : les poign\u00e9es \u00e9l\u00e9gantes et confortables vous permettent de soulever le produit en toute s\u00e9curit\u00e9.<br \/>\nPas trop chaud : cuisinez avec un feu constant faible \u00e0 moyen pour prendre soin de votre produit en fonte vitrifi\u00e9e et obtenir de d\u00e9licieux r\u00e9sultats.<\/p>\n<p>SOURCES DE CHALEUR<\/p>\n<p>Four<br \/>\nFour Mode gril<br \/>\nTable de cuisson \u00e9lectrique<br \/>\nC\u00e9ramique de verre<br \/>\nTable de cuisson \u00e0 gaz<br \/>\nPlaque \u00e0 induction<\/p>\n","protected":false},"excerpt":{"rendered":"<p>Cr\u00e9\u00e9e avec amour, cette pi\u00e8ce embl\u00e9matique est une id\u00e9e de cadeau parfaite pour rendre m\u00e9morable la f\u00eate des m\u00e8res, la Saint-Valentin, un anniversaire ou un mariage. Sa gracieuse forme de c\u0153ur la distingue des autres casseroles de la collection en fonte vitrifi\u00e9e, mais sa fonctionnalit\u00e9 reste la m\u00eame. La fonte vitrifi\u00e9e chauffe uniform\u00e9ment pour des [&hellip;]<\/p>\n","protected":false},"featured_media":6353475,"template":"","meta":{"_acf_changed":false},"product_cat":[12000,11667,11991],"product_tag":[],"class_list":{"0":"post-59522","1":"product","2":"type-product","3":"status-publish","4":"has-post-thumbnail","6":"product_cat-marmites-et-cocottes-poeles-pots","7":"product_cat-padelle-pentole","8":"product_cat-poeles-pots","10":"first","11":"outofstock","12":"sale","13":"taxable","14":"shipping-taxable","15":"purchasable","16":"product-type-simple","swatches":"rey-swatches","show_selected":"","stretch_labels":"rey-swatches--stretch-labels"},"acf":[],"yoast_head":"<!-- This site is optimized with the Yoast SEO plugin v25.4 - https:\/\/yoast.com\/wordpress\/plugins\/seo\/ -->\n<title>LE CREUSET Amour Cocotte C\u0153ur 20 cm Shell Pink - dev6 Erresse<\/title>\n<meta name=\"description\" content=\"Cr\u00e9\u00e9e avec amour, cette pi\u00e8ce embl\u00e9matique est une id\u00e9e de cadeau parfaite pour rendre m\u00e9morable la f\u00eate des m\u00e8res, la Saint-Valentin, un anniversaire ou\" \/>\n<meta name=\"robots\" content=\"noindex, follow, max-snippet:-1, max-image-preview:large, max-video-preview:-1\" \/>\n<meta property=\"og:locale\" content=\"fr_FR\" \/>\n<meta property=\"og:type\" content=\"article\" \/>\n<meta property=\"og:title\" content=\"LE CREUSET Amour Cocotte C\u0153ur 20 cm Shell Pink - dev6 Erresse\" \/>\n<meta property=\"og:description\" content=\"Cr\u00e9\u00e9e avec amour, cette pi\u00e8ce embl\u00e9matique est une id\u00e9e de cadeau parfaite pour rendre m\u00e9morable la f\u00eate des m\u00e8res, la Saint-Valentin, un anniversaire ou\" \/>\n<meta property=\"og:url\" content=\"https:\/\/dev6.erresse-shop.it\/fr\/shop\/poeles-pots\/marmites-et-cocottes-poeles-pots\/le-creuset-amour-cocotte-coeur-20-cm-shell-pink\/\" \/>\n<meta property=\"og:site_name\" content=\"dev6 Erresse\" \/>\n<meta property=\"og:image\" content=\"https:\/\/interpim.erresse-shop.it\/Import\/Prodotti\/le-creuset-amour-casseruola-cuore-20-cm-shell-pink.jpg\" \/><meta property=\"og:image\" content=\"https:\/\/interpim.erresse-shop.it\/Import\/Prodotti\/le-creuset-amour-casseruola-cuore-20-cm-shell-pink.jpg\" \/>\n\t<meta property=\"og:image:width\" content=\"1024\" \/>\n\t<meta property=\"og:image:height\" content=\"1024\" \/>\n\t<meta property=\"og:image:type\" content=\"image\/jpeg\" \/>\n<meta name=\"twitter:card\" content=\"summary_large_image\" \/>\n<meta name=\"twitter:image\" content=\"https:\/\/interpim.erresse-shop.it\/Import\/Prodotti\/le-creuset-amour-casseruola-cuore-20-cm-shell-pink.jpg\" \/>\n<script type=\"application\/ld+json\" class=\"yoast-schema-graph\">{\"@context\":\"https:\/\/schema.org\",\"@graph\":[{\"@type\":\"WebPage\",\"@id\":\"https:\/\/dev6.erresse-shop.it\/fr\/shop\/poeles-pots\/marmites-et-cocottes-poeles-pots\/le-creuset-amour-cocotte-coeur-20-cm-shell-pink\/\",\"url\":\"https:\/\/dev6.erresse-shop.it\/fr\/shop\/poeles-pots\/marmites-et-cocottes-poeles-pots\/le-creuset-amour-cocotte-coeur-20-cm-shell-pink\/\",\"name\":\"LE CREUSET Amour Cocotte C\u0153ur 20 cm Shell Pink - dev6 Erresse\",\"isPartOf\":{\"@id\":\"https:\/\/dev6.erresse-shop.it\/#website\"},\"primaryImageOfPage\":{\"@id\":\"https:\/\/dev6.erresse-shop.it\/fr\/shop\/poeles-pots\/marmites-et-cocottes-poeles-pots\/le-creuset-amour-cocotte-coeur-20-cm-shell-pink\/#primaryimage\"},\"image\":{\"@id\":\"https:\/\/dev6.erresse-shop.it\/fr\/shop\/poeles-pots\/marmites-et-cocottes-poeles-pots\/le-creuset-amour-cocotte-coeur-20-cm-shell-pink\/#primaryimage\"},\"thumbnailUrl\":\"https:\/\/i3.wp.com\/interpim.erresse-shop.it\/Import\/Prodotti\/le-creuset-amour-casseruola-cuore-20-cm-shell-pink.jpg?ssl=1\",\"datePublished\":\"2026-04-12T06:47:38+00:00\",\"description\":\"Cr\u00e9\u00e9e avec amour, cette pi\u00e8ce embl\u00e9matique est une id\u00e9e de cadeau parfaite pour rendre m\u00e9morable la f\u00eate des m\u00e8res, la Saint-Valentin, un anniversaire ou\",\"breadcrumb\":{\"@id\":\"https:\/\/dev6.erresse-shop.it\/fr\/shop\/poeles-pots\/marmites-et-cocottes-poeles-pots\/le-creuset-amour-cocotte-coeur-20-cm-shell-pink\/#breadcrumb\"},\"inLanguage\":\"fr-FR\",\"potentialAction\":[{\"@type\":\"ReadAction\",\"target\":[\"https:\/\/dev6.erresse-shop.it\/fr\/shop\/poeles-pots\/marmites-et-cocottes-poeles-pots\/le-creuset-amour-cocotte-coeur-20-cm-shell-pink\/\"]}]},{\"@type\":\"ImageObject\",\"inLanguage\":\"fr-FR\",\"@id\":\"https:\/\/dev6.erresse-shop.it\/fr\/shop\/poeles-pots\/marmites-et-cocottes-poeles-pots\/le-creuset-amour-cocotte-coeur-20-cm-shell-pink\/#primaryimage\",\"url\":\"https:\/\/i3.wp.com\/interpim.erresse-shop.it\/Import\/Prodotti\/le-creuset-amour-casseruola-cuore-20-cm-shell-pink.jpg?ssl=1\",\"contentUrl\":\"https:\/\/i3.wp.com\/interpim.erresse-shop.it\/Import\/Prodotti\/le-creuset-amour-casseruola-cuore-20-cm-shell-pink.jpg?ssl=1\"},{\"@type\":\"BreadcrumbList\",\"@id\":\"https:\/\/dev6.erresse-shop.it\/fr\/shop\/poeles-pots\/marmites-et-cocottes-poeles-pots\/le-creuset-amour-cocotte-coeur-20-cm-shell-pink\/#breadcrumb\",\"itemListElement\":[{\"@type\":\"ListItem\",\"position\":1,\"name\":\"Home\",\"item\":\"https:\/\/dev6.erresse-shop.it\/\"},{\"@type\":\"ListItem\",\"position\":2,\"name\":\"Boutique\",\"item\":\"https:\/\/dev6.erresse-shop.it\/shop\/\"},{\"@type\":\"ListItem\",\"position\":3,\"name\":\"LE CREUSET Amour Cocotte C\u0153ur 20 cm Shell Pink\"}]},{\"@type\":\"WebSite\",\"@id\":\"https:\/\/dev6.erresse-shop.it\/#website\",\"url\":\"https:\/\/dev6.erresse-shop.it\/\",\"name\":\"Erresse Shop\",\"description\":\"\",\"publisher\":{\"@id\":\"https:\/\/dev6.erresse-shop.it\/#organization\"},\"potentialAction\":[{\"@type\":\"SearchAction\",\"target\":{\"@type\":\"EntryPoint\",\"urlTemplate\":\"https:\/\/dev6.erresse-shop.it\/?s={search_term_string}\"},\"query-input\":{\"@type\":\"PropertyValueSpecification\",\"valueRequired\":true,\"valueName\":\"search_term_string\"}}],\"inLanguage\":\"fr-FR\"},{\"@type\":\"Organization\",\"@id\":\"https:\/\/dev6.erresse-shop.it\/#organization\",\"name\":\"Erresse Shop\",\"url\":\"https:\/\/dev6.erresse-shop.it\/\",\"logo\":{\"@type\":\"ImageObject\",\"inLanguage\":\"fr-FR\",\"@id\":\"https:\/\/dev6.erresse-shop.it\/#\/schema\/logo\/image\/\",\"url\":\"https:\/\/dev6.erresse-shop.it\/wp-content\/uploads\/2025\/01\/LOGO-ERRESSE-CLASSICO.svg\",\"contentUrl\":\"https:\/\/dev6.erresse-shop.it\/wp-content\/uploads\/2025\/01\/LOGO-ERRESSE-CLASSICO.svg\",\"caption\":\"Erresse Shop\"},\"image\":{\"@id\":\"https:\/\/dev6.erresse-shop.it\/#\/schema\/logo\/image\/\"}}]}<\/script>\n<!-- \/ Yoast SEO plugin. -->","yoast_head_json":{"title":"LE CREUSET Amour Cocotte C\u0153ur 20 cm Shell Pink - dev6 Erresse","description":"Cr\u00e9\u00e9e avec amour, cette pi\u00e8ce embl\u00e9matique est une id\u00e9e de cadeau parfaite pour rendre m\u00e9morable la f\u00eate des m\u00e8res, la Saint-Valentin, un anniversaire ou","robots":{"index":"noindex","follow":"follow","max-snippet":"max-snippet:-1","max-image-preview":"max-image-preview:large","max-video-preview":"max-video-preview:-1"},"og_locale":"fr_FR","og_type":"article","og_title":"LE CREUSET Amour Cocotte C\u0153ur 20 cm Shell Pink - dev6 Erresse","og_description":"Cr\u00e9\u00e9e avec amour, cette pi\u00e8ce embl\u00e9matique est une id\u00e9e de cadeau parfaite pour rendre m\u00e9morable la f\u00eate des m\u00e8res, la Saint-Valentin, un anniversaire ou","og_url":"https:\/\/dev6.erresse-shop.it\/fr\/shop\/poeles-pots\/marmites-et-cocottes-poeles-pots\/le-creuset-amour-cocotte-coeur-20-cm-shell-pink\/","og_site_name":"dev6 Erresse","og_image":[{"url":"https:\/\/interpim.erresse-shop.it\/Import\/Prodotti\/le-creuset-amour-casseruola-cuore-20-cm-shell-pink.jpg","type":"","width":"","height":""},{"url":"https:\/\/interpim.erresse-shop.it\/Import\/Prodotti\/le-creuset-amour-casseruola-cuore-20-cm-shell-pink.jpg","width":1024,"height":1024,"type":"image\/jpeg"}],"twitter_card":"summary_large_image","twitter_image":"https:\/\/interpim.erresse-shop.it\/Import\/Prodotti\/le-creuset-amour-casseruola-cuore-20-cm-shell-pink.jpg","schema":{"@context":"https:\/\/schema.org","@graph":[{"@type":"WebPage","@id":"https:\/\/dev6.erresse-shop.it\/fr\/shop\/poeles-pots\/marmites-et-cocottes-poeles-pots\/le-creuset-amour-cocotte-coeur-20-cm-shell-pink\/","url":"https:\/\/dev6.erresse-shop.it\/fr\/shop\/poeles-pots\/marmites-et-cocottes-poeles-pots\/le-creuset-amour-cocotte-coeur-20-cm-shell-pink\/","name":"LE CREUSET Amour Cocotte C\u0153ur 20 cm Shell Pink - dev6 Erresse","isPartOf":{"@id":"https:\/\/dev6.erresse-shop.it\/#website"},"primaryImageOfPage":{"@id":"https:\/\/dev6.erresse-shop.it\/fr\/shop\/poeles-pots\/marmites-et-cocottes-poeles-pots\/le-creuset-amour-cocotte-coeur-20-cm-shell-pink\/#primaryimage"},"image":{"@id":"https:\/\/dev6.erresse-shop.it\/fr\/shop\/poeles-pots\/marmites-et-cocottes-poeles-pots\/le-creuset-amour-cocotte-coeur-20-cm-shell-pink\/#primaryimage"},"thumbnailUrl":"https:\/\/i3.wp.com\/interpim.erresse-shop.it\/Import\/Prodotti\/le-creuset-amour-casseruola-cuore-20-cm-shell-pink.jpg?ssl=1","datePublished":"2026-04-12T06:47:38+00:00","description":"Cr\u00e9\u00e9e avec amour, cette pi\u00e8ce embl\u00e9matique est une id\u00e9e de cadeau parfaite pour rendre m\u00e9morable la f\u00eate des m\u00e8res, la Saint-Valentin, un anniversaire ou","breadcrumb":{"@id":"https:\/\/dev6.erresse-shop.it\/fr\/shop\/poeles-pots\/marmites-et-cocottes-poeles-pots\/le-creuset-amour-cocotte-coeur-20-cm-shell-pink\/#breadcrumb"},"inLanguage":"fr-FR","potentialAction":[{"@type":"ReadAction","target":["https:\/\/dev6.erresse-shop.it\/fr\/shop\/poeles-pots\/marmites-et-cocottes-poeles-pots\/le-creuset-amour-cocotte-coeur-20-cm-shell-pink\/"]}]},{"@type":"ImageObject","inLanguage":"fr-FR","@id":"https:\/\/dev6.erresse-shop.it\/fr\/shop\/poeles-pots\/marmites-et-cocottes-poeles-pots\/le-creuset-amour-cocotte-coeur-20-cm-shell-pink\/#primaryimage","url":"https:\/\/i3.wp.com\/interpim.erresse-shop.it\/Import\/Prodotti\/le-creuset-amour-casseruola-cuore-20-cm-shell-pink.jpg?ssl=1","contentUrl":"https:\/\/i3.wp.com\/interpim.erresse-shop.it\/Import\/Prodotti\/le-creuset-amour-casseruola-cuore-20-cm-shell-pink.jpg?ssl=1"},{"@type":"BreadcrumbList","@id":"https:\/\/dev6.erresse-shop.it\/fr\/shop\/poeles-pots\/marmites-et-cocottes-poeles-pots\/le-creuset-amour-cocotte-coeur-20-cm-shell-pink\/#breadcrumb","itemListElement":[{"@type":"ListItem","position":1,"name":"Home","item":"https:\/\/dev6.erresse-shop.it\/"},{"@type":"ListItem","position":2,"name":"Boutique","item":"https:\/\/dev6.erresse-shop.it\/shop\/"},{"@type":"ListItem","position":3,"name":"LE CREUSET Amour Cocotte C\u0153ur 20 cm Shell Pink"}]},{"@type":"WebSite","@id":"https:\/\/dev6.erresse-shop.it\/#website","url":"https:\/\/dev6.erresse-shop.it\/","name":"Erresse Shop","description":"","publisher":{"@id":"https:\/\/dev6.erresse-shop.it\/#organization"},"potentialAction":[{"@type":"SearchAction","target":{"@type":"EntryPoint","urlTemplate":"https:\/\/dev6.erresse-shop.it\/?s={search_term_string}"},"query-input":{"@type":"PropertyValueSpecification","valueRequired":true,"valueName":"search_term_string"}}],"inLanguage":"fr-FR"},{"@type":"Organization","@id":"https:\/\/dev6.erresse-shop.it\/#organization","name":"Erresse Shop","url":"https:\/\/dev6.erresse-shop.it\/","logo":{"@type":"ImageObject","inLanguage":"fr-FR","@id":"https:\/\/dev6.erresse-shop.it\/#\/schema\/logo\/image\/","url":"https:\/\/dev6.erresse-shop.it\/wp-content\/uploads\/2025\/01\/LOGO-ERRESSE-CLASSICO.svg","contentUrl":"https:\/\/dev6.erresse-shop.it\/wp-content\/uploads\/2025\/01\/LOGO-ERRESSE-CLASSICO.svg","caption":"Erresse Shop"},"image":{"@id":"https:\/\/dev6.erresse-shop.it\/#\/schema\/logo\/image\/"}}]}},"df_price":169.95,"df_sale_price":169.95,"df_regular_price":239,"df_image_link":"https:\/\/i3.wp.com\/interpim.erresse-shop.it\/Import\/Prodotti\/le-creuset-amour-casseruola-cuore-20-cm-shell-pink.jpg?resize=300,300&ssl=1","fifu_image_url":"https:\/\/interpim.erresse-shop.it\/Import\/Prodotti\/le-creuset-amour-casseruola-cuore-20-cm-shell-pink.jpg","_links":{"self":[{"href":"https:\/\/dev6.erresse-shop.it\/fr\/wp-json\/wp\/v2\/product\/59522","targetHints":{"allow":["GET"]}}],"collection":[{"href":"https:\/\/dev6.erresse-shop.it\/fr\/wp-json\/wp\/v2\/product"}],"about":[{"href":"https:\/\/dev6.erresse-shop.it\/fr\/wp-json\/wp\/v2\/types\/product"}],"wp:featuredmedia":[{"embeddable":true,"href":"https:\/\/dev6.erresse-shop.it\/fr\/wp-json\/wp\/v2\/media\/6353475"}],"wp:attachment":[{"href":"https:\/\/dev6.erresse-shop.it\/fr\/wp-json\/wp\/v2\/media?parent=59522"}],"wp:term":[{"taxonomy":"product_cat","embeddable":true,"href":"https:\/\/dev6.erresse-shop.it\/fr\/wp-json\/wp\/v2\/product_cat?post=59522"},{"taxonomy":"product_tag","embeddable":true,"href":"https:\/\/dev6.erresse-shop.it\/fr\/wp-json\/wp\/v2\/product_tag?post=59522"}],"curies":[{"name":"wp","href":"https:\/\/api.w.org\/{rel}","templated":true}]}}