{"id":59512,"date":"2026-04-10T09:25:09","date_gmt":"2026-04-10T07:25:09","guid":{"rendered":"https:\/\/dev6.erresse-shop.it\/shop\/non%20class\u00e9\/les-jardins-de-la-comtesse-panier-pique-nique-2-personnes-champs-elysees\/"},"modified":"2025-07-04T16:16:39","modified_gmt":"2025-07-04T14:16:39","slug":"les-jardins-de-la-comtesse-panier-pique-nique-2-personnes-champs-elysees","status":"publish","type":"product","link":"https:\/\/dev6.erresse-shop.it\/fr\/shop\/table-fr-2\/paniers-pique-nique\/les-jardins-de-la-comtesse-panier-pique-nique-2-personnes-champs-elysees\/","title":{"rendered":"LES JARDINS DE LA COMTESSE Panier Pique-nique 2 Personnes Champs Elys\u00e9es"},"content":{"rendered":"<p>Les Champs-Elys\u00e9es est le plus beau de nos paniers pique-nique pour 2 personnes. Il est fabriqu\u00e9 en osier et en cuir de couleur miel. Ce panier de pique-nique pour 2 personnes allie luxe, tradition et sophistication. Si vous voulez passer un moment inoubliable, ce panier de pique-nique est fait pour vous. Un splendide cadeau pour deux jeunes mari\u00e9s ou \u00e0 mettre \u00e0 l\u2019arri\u00e8re d\u2019une voiture de collection.<\/p>\n<p>Ce panier a \u00e9t\u00e9 fabriqu\u00e9 \u00e0 la main \u00e0 partir de saule. Il se compose de 2 grandes lani\u00e8res en cuir avec surpiq\u00fbres, recouvertes et termin\u00e9es par deux boucles en m\u00e9tal.<\/p>\n<p>Une poign\u00e9e recouverte de cuir cousu permet de transporter facilement le panier. Sur le c\u00f4t\u00e9, le panier est \u00e9quip\u00e9 de 2 sangles en cuir avec surpiq\u00fbres pour ranger la nappe. L\u2019int\u00e9rieur du panier de pique-nique est recouvert de coton bleu fonc\u00e9 avec un monogramme. Une poche isotherme amovible compl\u00e8te le panier. Ses assiettes, verres, couverts et accessoires passent au lave-vaisselle.<\/p>\n<p>CONTENU<br \/>\n\u2013 2 assiettes (diam\u00e8tre 20 cm) en porcelaine fine authentique monogramm\u00e9es aux armoiries des Jardins de la Comtesse. Les plaques sont maintenues en place par des lani\u00e8res de cuir cousues des deux c\u00f4t\u00e9s.<br \/>\n\u2013 2 gobelets en verre (14 cl) dispos\u00e9s dans des compartiments individuels en osier et maintenus en place par une lani\u00e8re en cuir.<br \/>\n\u2013 2 sets complets de couverts design en acier inoxydable 18\/0 compos\u00e9s de 2 couteaux, 2 fourchettes, 2 cuill\u00e8res maintenus par des lani\u00e8res en cuir cousues.<br \/>\n\u2013 Sali\u00e8re et poivri\u00e8re en m\u00e9tal dans une pochette en cuir.<br \/>\n\u2013 Tire-bouchon, tire-bouchon, d\u00e9capsuleur, conserv\u00e9s dans une pochette en cuir.<br \/>\n\u2013 2 liens en cuir pour tenir une bouteille<br \/>\n\u2013 1 compartiment isotherme (26 x 16 x 14 cm) pour le stockage des aliments<br \/>\n\u2013 2 serviettes de table en coton bleu fonc\u00e9 monogramm\u00e9es 30 x 30 cm<br \/>\n\u2013 1 b\u00e2che imperm\u00e9able bleu fonc\u00e9 120 x 145 cm<br \/>\n\u2013 1 petit sac pour ranger la vaisselle sale<\/p>\n<p>Dimensions de la malle : 48 X 33 X 21 cm.<br \/>\nPoids net : 4,5 kg<\/p>\n","protected":false},"excerpt":{"rendered":"<p>Les Champs-Elys\u00e9es est le plus beau de nos paniers pique-nique pour 2 personnes. Il est fabriqu\u00e9 en osier et en cuir de couleur miel. Ce panier de pique-nique pour 2 personnes allie luxe, tradition et sophistication. Si vous voulez passer un moment inoubliable, ce panier de pique-nique est fait pour vous. Un splendide cadeau pour [&hellip;]<\/p>\n","protected":false},"featured_media":6311782,"template":"","meta":{"_acf_changed":false},"product_cat":[12032,11995,11671],"product_tag":[],"class_list":{"0":"post-59512","1":"product","2":"type-product","3":"status-publish","4":"has-post-thumbnail","6":"product_cat-paniers-pique-nique","7":"product_cat-table-fr-2","8":"product_cat-tavola","10":"first","11":"outofstock","12":"sale","13":"taxable","14":"shipping-taxable","15":"purchasable","16":"product-type-simple","swatches":"rey-swatches","show_selected":"","stretch_labels":"rey-swatches--stretch-labels"},"acf":[],"yoast_head":"<!-- This site is optimized with the Yoast SEO plugin v25.4 - https:\/\/yoast.com\/wordpress\/plugins\/seo\/ -->\n<title>LES JARDINS DE LA COMTESSE Panier Pique-nique 2 Personnes Champs Elys\u00e9es - dev6 Erresse<\/title>\n<meta name=\"description\" content=\"Les Champs-Elys\u00e9es est le plus beau de nos paniers pique-nique pour 2 personnes. Il est fabriqu\u00e9 en osier et en cuir de couleur miel. Ce panier de\" \/>\n<meta name=\"robots\" content=\"noindex, follow, max-snippet:-1, max-image-preview:large, max-video-preview:-1\" \/>\n<meta property=\"og:locale\" content=\"fr_FR\" \/>\n<meta property=\"og:type\" content=\"article\" \/>\n<meta property=\"og:title\" content=\"LES JARDINS DE LA COMTESSE Panier Pique-nique 2 Personnes Champs Elys\u00e9es - dev6 Erresse\" \/>\n<meta property=\"og:description\" content=\"Les Champs-Elys\u00e9es est le plus beau de nos paniers pique-nique pour 2 personnes. Il est fabriqu\u00e9 en osier et en cuir de couleur miel. Ce panier de\" \/>\n<meta property=\"og:url\" content=\"https:\/\/dev6.erresse-shop.it\/fr\/shop\/table-fr-2\/paniers-pique-nique\/les-jardins-de-la-comtesse-panier-pique-nique-2-personnes-champs-elysees\/\" \/>\n<meta property=\"og:site_name\" content=\"dev6 Erresse\" \/>\n<meta property=\"og:image\" content=\"https:\/\/interpim.erresse-shop.it\/Import\/Prodotti\/les-jardins-de-la-comtesse-cestino-picnic-champs-elysees-blu.jpg\" \/><meta property=\"og:image\" content=\"https:\/\/interpim.erresse-shop.it\/Import\/Prodotti\/les-jardins-de-la-comtesse-cestino-picnic-champs-elysees-blu.jpg\" \/>\n\t<meta property=\"og:image:width\" content=\"1024\" \/>\n\t<meta property=\"og:image:height\" content=\"1024\" \/>\n\t<meta property=\"og:image:type\" content=\"image\/jpeg\" \/>\n<meta name=\"twitter:card\" content=\"summary_large_image\" \/>\n<meta name=\"twitter:image\" content=\"https:\/\/interpim.erresse-shop.it\/Import\/Prodotti\/les-jardins-de-la-comtesse-cestino-picnic-champs-elysees-blu.jpg\" \/>\n<script type=\"application\/ld+json\" class=\"yoast-schema-graph\">{\"@context\":\"https:\/\/schema.org\",\"@graph\":[{\"@type\":\"WebPage\",\"@id\":\"https:\/\/dev6.erresse-shop.it\/fr\/shop\/table-fr-2\/paniers-pique-nique\/les-jardins-de-la-comtesse-panier-pique-nique-2-personnes-champs-elysees\/\",\"url\":\"https:\/\/dev6.erresse-shop.it\/fr\/shop\/table-fr-2\/paniers-pique-nique\/les-jardins-de-la-comtesse-panier-pique-nique-2-personnes-champs-elysees\/\",\"name\":\"LES JARDINS DE LA COMTESSE Panier Pique-nique 2 Personnes Champs Elys\u00e9es - dev6 Erresse\",\"isPartOf\":{\"@id\":\"https:\/\/dev6.erresse-shop.it\/#website\"},\"primaryImageOfPage\":{\"@id\":\"https:\/\/dev6.erresse-shop.it\/fr\/shop\/table-fr-2\/paniers-pique-nique\/les-jardins-de-la-comtesse-panier-pique-nique-2-personnes-champs-elysees\/#primaryimage\"},\"image\":{\"@id\":\"https:\/\/dev6.erresse-shop.it\/fr\/shop\/table-fr-2\/paniers-pique-nique\/les-jardins-de-la-comtesse-panier-pique-nique-2-personnes-champs-elysees\/#primaryimage\"},\"thumbnailUrl\":\"https:\/\/i2.wp.com\/interpim.erresse-shop.it\/Import\/Prodotti\/les-jardins-de-la-comtesse-cestino-picnic-champs-elysees-blu.jpg?ssl=1\",\"datePublished\":\"2026-04-10T07:25:09+00:00\",\"description\":\"Les Champs-Elys\u00e9es est le plus beau de nos paniers pique-nique pour 2 personnes. Il est fabriqu\u00e9 en osier et en cuir de couleur miel. Ce panier de\",\"breadcrumb\":{\"@id\":\"https:\/\/dev6.erresse-shop.it\/fr\/shop\/table-fr-2\/paniers-pique-nique\/les-jardins-de-la-comtesse-panier-pique-nique-2-personnes-champs-elysees\/#breadcrumb\"},\"inLanguage\":\"fr-FR\",\"potentialAction\":[{\"@type\":\"ReadAction\",\"target\":[\"https:\/\/dev6.erresse-shop.it\/fr\/shop\/table-fr-2\/paniers-pique-nique\/les-jardins-de-la-comtesse-panier-pique-nique-2-personnes-champs-elysees\/\"]}]},{\"@type\":\"ImageObject\",\"inLanguage\":\"fr-FR\",\"@id\":\"https:\/\/dev6.erresse-shop.it\/fr\/shop\/table-fr-2\/paniers-pique-nique\/les-jardins-de-la-comtesse-panier-pique-nique-2-personnes-champs-elysees\/#primaryimage\",\"url\":\"https:\/\/i2.wp.com\/interpim.erresse-shop.it\/Import\/Prodotti\/les-jardins-de-la-comtesse-cestino-picnic-champs-elysees-blu.jpg?ssl=1\",\"contentUrl\":\"https:\/\/i2.wp.com\/interpim.erresse-shop.it\/Import\/Prodotti\/les-jardins-de-la-comtesse-cestino-picnic-champs-elysees-blu.jpg?ssl=1\"},{\"@type\":\"BreadcrumbList\",\"@id\":\"https:\/\/dev6.erresse-shop.it\/fr\/shop\/table-fr-2\/paniers-pique-nique\/les-jardins-de-la-comtesse-panier-pique-nique-2-personnes-champs-elysees\/#breadcrumb\",\"itemListElement\":[{\"@type\":\"ListItem\",\"position\":1,\"name\":\"Home\",\"item\":\"https:\/\/dev6.erresse-shop.it\/\"},{\"@type\":\"ListItem\",\"position\":2,\"name\":\"Boutique\",\"item\":\"https:\/\/dev6.erresse-shop.it\/shop\/\"},{\"@type\":\"ListItem\",\"position\":3,\"name\":\"LES JARDINS DE LA COMTESSE Panier Pique-nique 2 Personnes Champs Elys\u00e9es\"}]},{\"@type\":\"WebSite\",\"@id\":\"https:\/\/dev6.erresse-shop.it\/#website\",\"url\":\"https:\/\/dev6.erresse-shop.it\/\",\"name\":\"Erresse Shop\",\"description\":\"\",\"publisher\":{\"@id\":\"https:\/\/dev6.erresse-shop.it\/#organization\"},\"potentialAction\":[{\"@type\":\"SearchAction\",\"target\":{\"@type\":\"EntryPoint\",\"urlTemplate\":\"https:\/\/dev6.erresse-shop.it\/?s={search_term_string}\"},\"query-input\":{\"@type\":\"PropertyValueSpecification\",\"valueRequired\":true,\"valueName\":\"search_term_string\"}}],\"inLanguage\":\"fr-FR\"},{\"@type\":\"Organization\",\"@id\":\"https:\/\/dev6.erresse-shop.it\/#organization\",\"name\":\"Erresse Shop\",\"url\":\"https:\/\/dev6.erresse-shop.it\/\",\"logo\":{\"@type\":\"ImageObject\",\"inLanguage\":\"fr-FR\",\"@id\":\"https:\/\/dev6.erresse-shop.it\/#\/schema\/logo\/image\/\",\"url\":\"https:\/\/dev6.erresse-shop.it\/wp-content\/uploads\/2025\/01\/LOGO-ERRESSE-CLASSICO.svg\",\"contentUrl\":\"https:\/\/dev6.erresse-shop.it\/wp-content\/uploads\/2025\/01\/LOGO-ERRESSE-CLASSICO.svg\",\"caption\":\"Erresse Shop\"},\"image\":{\"@id\":\"https:\/\/dev6.erresse-shop.it\/#\/schema\/logo\/image\/\"}}]}<\/script>\n<!-- \/ Yoast SEO plugin. -->","yoast_head_json":{"title":"LES JARDINS DE LA COMTESSE Panier Pique-nique 2 Personnes Champs Elys\u00e9es - dev6 Erresse","description":"Les Champs-Elys\u00e9es est le plus beau de nos paniers pique-nique pour 2 personnes. Il est fabriqu\u00e9 en osier et en cuir de couleur miel. Ce panier de","robots":{"index":"noindex","follow":"follow","max-snippet":"max-snippet:-1","max-image-preview":"max-image-preview:large","max-video-preview":"max-video-preview:-1"},"og_locale":"fr_FR","og_type":"article","og_title":"LES JARDINS DE LA COMTESSE Panier Pique-nique 2 Personnes Champs Elys\u00e9es - dev6 Erresse","og_description":"Les Champs-Elys\u00e9es est le plus beau de nos paniers pique-nique pour 2 personnes. Il est fabriqu\u00e9 en osier et en cuir de couleur miel. Ce panier de","og_url":"https:\/\/dev6.erresse-shop.it\/fr\/shop\/table-fr-2\/paniers-pique-nique\/les-jardins-de-la-comtesse-panier-pique-nique-2-personnes-champs-elysees\/","og_site_name":"dev6 Erresse","og_image":[{"url":"https:\/\/interpim.erresse-shop.it\/Import\/Prodotti\/les-jardins-de-la-comtesse-cestino-picnic-champs-elysees-blu.jpg","type":"","width":"","height":""},{"url":"https:\/\/interpim.erresse-shop.it\/Import\/Prodotti\/les-jardins-de-la-comtesse-cestino-picnic-champs-elysees-blu.jpg","width":1024,"height":1024,"type":"image\/jpeg"}],"twitter_card":"summary_large_image","twitter_image":"https:\/\/interpim.erresse-shop.it\/Import\/Prodotti\/les-jardins-de-la-comtesse-cestino-picnic-champs-elysees-blu.jpg","schema":{"@context":"https:\/\/schema.org","@graph":[{"@type":"WebPage","@id":"https:\/\/dev6.erresse-shop.it\/fr\/shop\/table-fr-2\/paniers-pique-nique\/les-jardins-de-la-comtesse-panier-pique-nique-2-personnes-champs-elysees\/","url":"https:\/\/dev6.erresse-shop.it\/fr\/shop\/table-fr-2\/paniers-pique-nique\/les-jardins-de-la-comtesse-panier-pique-nique-2-personnes-champs-elysees\/","name":"LES JARDINS DE LA COMTESSE Panier Pique-nique 2 Personnes Champs Elys\u00e9es - dev6 Erresse","isPartOf":{"@id":"https:\/\/dev6.erresse-shop.it\/#website"},"primaryImageOfPage":{"@id":"https:\/\/dev6.erresse-shop.it\/fr\/shop\/table-fr-2\/paniers-pique-nique\/les-jardins-de-la-comtesse-panier-pique-nique-2-personnes-champs-elysees\/#primaryimage"},"image":{"@id":"https:\/\/dev6.erresse-shop.it\/fr\/shop\/table-fr-2\/paniers-pique-nique\/les-jardins-de-la-comtesse-panier-pique-nique-2-personnes-champs-elysees\/#primaryimage"},"thumbnailUrl":"https:\/\/i2.wp.com\/interpim.erresse-shop.it\/Import\/Prodotti\/les-jardins-de-la-comtesse-cestino-picnic-champs-elysees-blu.jpg?ssl=1","datePublished":"2026-04-10T07:25:09+00:00","description":"Les Champs-Elys\u00e9es est le plus beau de nos paniers pique-nique pour 2 personnes. Il est fabriqu\u00e9 en osier et en cuir de couleur miel. Ce panier de","breadcrumb":{"@id":"https:\/\/dev6.erresse-shop.it\/fr\/shop\/table-fr-2\/paniers-pique-nique\/les-jardins-de-la-comtesse-panier-pique-nique-2-personnes-champs-elysees\/#breadcrumb"},"inLanguage":"fr-FR","potentialAction":[{"@type":"ReadAction","target":["https:\/\/dev6.erresse-shop.it\/fr\/shop\/table-fr-2\/paniers-pique-nique\/les-jardins-de-la-comtesse-panier-pique-nique-2-personnes-champs-elysees\/"]}]},{"@type":"ImageObject","inLanguage":"fr-FR","@id":"https:\/\/dev6.erresse-shop.it\/fr\/shop\/table-fr-2\/paniers-pique-nique\/les-jardins-de-la-comtesse-panier-pique-nique-2-personnes-champs-elysees\/#primaryimage","url":"https:\/\/i2.wp.com\/interpim.erresse-shop.it\/Import\/Prodotti\/les-jardins-de-la-comtesse-cestino-picnic-champs-elysees-blu.jpg?ssl=1","contentUrl":"https:\/\/i2.wp.com\/interpim.erresse-shop.it\/Import\/Prodotti\/les-jardins-de-la-comtesse-cestino-picnic-champs-elysees-blu.jpg?ssl=1"},{"@type":"BreadcrumbList","@id":"https:\/\/dev6.erresse-shop.it\/fr\/shop\/table-fr-2\/paniers-pique-nique\/les-jardins-de-la-comtesse-panier-pique-nique-2-personnes-champs-elysees\/#breadcrumb","itemListElement":[{"@type":"ListItem","position":1,"name":"Home","item":"https:\/\/dev6.erresse-shop.it\/"},{"@type":"ListItem","position":2,"name":"Boutique","item":"https:\/\/dev6.erresse-shop.it\/shop\/"},{"@type":"ListItem","position":3,"name":"LES JARDINS DE LA COMTESSE Panier Pique-nique 2 Personnes Champs Elys\u00e9es"}]},{"@type":"WebSite","@id":"https:\/\/dev6.erresse-shop.it\/#website","url":"https:\/\/dev6.erresse-shop.it\/","name":"Erresse Shop","description":"","publisher":{"@id":"https:\/\/dev6.erresse-shop.it\/#organization"},"potentialAction":[{"@type":"SearchAction","target":{"@type":"EntryPoint","urlTemplate":"https:\/\/dev6.erresse-shop.it\/?s={search_term_string}"},"query-input":{"@type":"PropertyValueSpecification","valueRequired":true,"valueName":"search_term_string"}}],"inLanguage":"fr-FR"},{"@type":"Organization","@id":"https:\/\/dev6.erresse-shop.it\/#organization","name":"Erresse Shop","url":"https:\/\/dev6.erresse-shop.it\/","logo":{"@type":"ImageObject","inLanguage":"fr-FR","@id":"https:\/\/dev6.erresse-shop.it\/#\/schema\/logo\/image\/","url":"https:\/\/dev6.erresse-shop.it\/wp-content\/uploads\/2025\/01\/LOGO-ERRESSE-CLASSICO.svg","contentUrl":"https:\/\/dev6.erresse-shop.it\/wp-content\/uploads\/2025\/01\/LOGO-ERRESSE-CLASSICO.svg","caption":"Erresse Shop"},"image":{"@id":"https:\/\/dev6.erresse-shop.it\/#\/schema\/logo\/image\/"}}]}},"df_price":172.95,"df_sale_price":172.95,"df_regular_price":214.9,"df_image_link":"https:\/\/i2.wp.com\/interpim.erresse-shop.it\/Import\/Prodotti\/les-jardins-de-la-comtesse-cestino-picnic-champs-elysees-blu.jpg?resize=300,300&ssl=1","fifu_image_url":"https:\/\/interpim.erresse-shop.it\/Import\/Prodotti\/les-jardins-de-la-comtesse-cestino-picnic-champs-elysees-blu.jpg","_links":{"self":[{"href":"https:\/\/dev6.erresse-shop.it\/fr\/wp-json\/wp\/v2\/product\/59512","targetHints":{"allow":["GET"]}}],"collection":[{"href":"https:\/\/dev6.erresse-shop.it\/fr\/wp-json\/wp\/v2\/product"}],"about":[{"href":"https:\/\/dev6.erresse-shop.it\/fr\/wp-json\/wp\/v2\/types\/product"}],"wp:featuredmedia":[{"embeddable":true,"href":"https:\/\/dev6.erresse-shop.it\/fr\/wp-json\/wp\/v2\/media\/6311782"}],"wp:attachment":[{"href":"https:\/\/dev6.erresse-shop.it\/fr\/wp-json\/wp\/v2\/media?parent=59512"}],"wp:term":[{"taxonomy":"product_cat","embeddable":true,"href":"https:\/\/dev6.erresse-shop.it\/fr\/wp-json\/wp\/v2\/product_cat?post=59512"},{"taxonomy":"product_tag","embeddable":true,"href":"https:\/\/dev6.erresse-shop.it\/fr\/wp-json\/wp\/v2\/product_tag?post=59512"}],"curies":[{"name":"wp","href":"https:\/\/api.w.org\/{rel}","templated":true}]}}