{"id":59496,"date":"2026-04-12T08:46:35","date_gmt":"2026-04-12T06:46:35","guid":{"rendered":"https:\/\/dev6.erresse-shop.it\/shop\/non%20class\u00e9\/bordallo-pinheiro-recipient-artichaut-25-cm\/"},"modified":"2026-01-09T02:08:24","modified_gmt":"2026-01-09T01:08:24","slug":"bordallo-pinheiro-recipient-artichaut-25-cm","status":"publish","type":"product","link":"https:\/\/dev6.erresse-shop.it\/fr\/shop\/table-fr-2\/recipients-et-bols\/bordallo-pinheiro-recipient-artichaut-25-cm\/","title":{"rendered":"BORDALLO PINHEIRO R\u00e9cipient Artichaut 25 cm"},"content":{"rendered":"<p>Ajoutez une touche artistique avec ce magnifique r\u00e9cipient en forme d\u2019artichaut de Bordallo Pinheiro. Peinte \u00e0 la main avec un design charmant, la surface pr\u00e9sente des d\u00e9tails complexes.<\/p>\n<p>D\u00e9veloppant la gamme v\u00e9g\u00e9tale actuelle, Bordallo Pinheiro pr\u00e9sente une toute nouvelle collection pratique et d\u00e9corative.<br \/>\nUne excellente id\u00e9e de cadeau \u00e0 la fois fonctionnel, \u00e9l\u00e9gant et original.<\/p>\n<p>De plus, c\u2019est un objet de collection : fabriqu\u00e9 \u00e0 la main au Portugal, chaque article de Bordallo Pinheiro ne d\u00e9cevra pas.<\/p>\n<p>Mat\u00e9riau : terre cuite<\/p>\n","protected":false},"excerpt":{"rendered":"<p>Ajoutez une touche artistique avec ce magnifique r\u00e9cipient en forme d\u2019artichaut de Bordallo Pinheiro. Peinte \u00e0 la main avec un design charmant, la surface pr\u00e9sente des d\u00e9tails complexes. D\u00e9veloppant la gamme v\u00e9g\u00e9tale actuelle, Bordallo Pinheiro pr\u00e9sente une toute nouvelle collection pratique et d\u00e9corative. Une excellente id\u00e9e de cadeau \u00e0 la fois fonctionnel, \u00e9l\u00e9gant et original. [&hellip;]<\/p>\n","protected":false},"featured_media":6353310,"template":"","meta":{"_acf_changed":false},"product_cat":[12015,11995,11671],"product_tag":[],"class_list":{"0":"post-59496","1":"product","2":"type-product","3":"status-publish","4":"has-post-thumbnail","6":"product_cat-recipients-et-bols","7":"product_cat-table-fr-2","8":"product_cat-tavola","10":"first","11":"instock","12":"sale","13":"taxable","14":"shipping-taxable","15":"purchasable","16":"product-type-simple","swatches":"rey-swatches","show_selected":"","stretch_labels":"rey-swatches--stretch-labels"},"acf":[],"yoast_head":"<!-- This site is optimized with the Yoast SEO plugin v25.4 - https:\/\/yoast.com\/wordpress\/plugins\/seo\/ -->\n<title>BORDALLO PINHEIRO R\u00e9cipient Artichaut 25 cm - dev6 Erresse<\/title>\n<meta name=\"description\" content=\"Ajoutez une touche artistique avec ce magnifique r\u00e9cipient en forme d\u2019artichaut de Bordallo Pinheiro. Peinte \u00e0 la main avec un design charmant, la surface\" \/>\n<meta name=\"robots\" content=\"noindex, follow, max-snippet:-1, max-image-preview:large, max-video-preview:-1\" \/>\n<meta property=\"og:locale\" content=\"fr_FR\" \/>\n<meta property=\"og:type\" content=\"article\" \/>\n<meta property=\"og:title\" content=\"BORDALLO PINHEIRO R\u00e9cipient Artichaut 25 cm - dev6 Erresse\" \/>\n<meta property=\"og:description\" content=\"Ajoutez une touche artistique avec ce magnifique r\u00e9cipient en forme d\u2019artichaut de Bordallo Pinheiro. Peinte \u00e0 la main avec un design charmant, la surface\" \/>\n<meta property=\"og:url\" content=\"https:\/\/dev6.erresse-shop.it\/fr\/shop\/table-fr-2\/recipients-et-bols\/bordallo-pinheiro-recipient-artichaut-25-cm\/\" \/>\n<meta property=\"og:site_name\" content=\"dev6 Erresse\" \/>\n<meta property=\"og:image\" content=\"https:\/\/interpim.erresse-shop.it\/wp-content\/uploads\/2022\/01\/BORDALLO-PINHEIRO-Contenitore-Carciofo-25-cm-1.jpg\/bordallo-pinheiro-contenitore-carciofo-25-cm-1.jpg\" \/><meta property=\"og:image\" content=\"https:\/\/interpim.erresse-shop.it\/wp-content\/uploads\/2022\/01\/BORDALLO-PINHEIRO-Contenitore-Carciofo-25-cm-1.jpg\/bordallo-pinheiro-contenitore-carciofo-25-cm-1.jpg\" \/>\n\t<meta property=\"og:image:width\" content=\"1024\" \/>\n\t<meta property=\"og:image:height\" content=\"1024\" \/>\n\t<meta property=\"og:image:type\" content=\"image\/jpeg\" \/>\n<meta name=\"twitter:card\" content=\"summary_large_image\" \/>\n<meta name=\"twitter:image\" content=\"https:\/\/interpim.erresse-shop.it\/wp-content\/uploads\/2022\/01\/BORDALLO-PINHEIRO-Contenitore-Carciofo-25-cm-1.jpg\/bordallo-pinheiro-contenitore-carciofo-25-cm-1.jpg\" \/>\n<script type=\"application\/ld+json\" class=\"yoast-schema-graph\">{\"@context\":\"https:\/\/schema.org\",\"@graph\":[{\"@type\":\"WebPage\",\"@id\":\"https:\/\/dev6.erresse-shop.it\/fr\/shop\/table-fr-2\/recipients-et-bols\/bordallo-pinheiro-recipient-artichaut-25-cm\/\",\"url\":\"https:\/\/dev6.erresse-shop.it\/fr\/shop\/table-fr-2\/recipients-et-bols\/bordallo-pinheiro-recipient-artichaut-25-cm\/\",\"name\":\"BORDALLO PINHEIRO R\u00e9cipient Artichaut 25 cm - dev6 Erresse\",\"isPartOf\":{\"@id\":\"https:\/\/dev6.erresse-shop.it\/#website\"},\"primaryImageOfPage\":{\"@id\":\"https:\/\/dev6.erresse-shop.it\/fr\/shop\/table-fr-2\/recipients-et-bols\/bordallo-pinheiro-recipient-artichaut-25-cm\/#primaryimage\"},\"image\":{\"@id\":\"https:\/\/dev6.erresse-shop.it\/fr\/shop\/table-fr-2\/recipients-et-bols\/bordallo-pinheiro-recipient-artichaut-25-cm\/#primaryimage\"},\"thumbnailUrl\":\"https:\/\/i1.wp.com\/interpim.erresse-shop.it\/wp-content\/uploads\/2022\/01\/BORDALLO-PINHEIRO-Contenitore-Carciofo-25-cm-1.jpg\/bordallo-pinheiro-contenitore-carciofo-25-cm-1.jpg?ssl=1\",\"datePublished\":\"2026-04-12T06:46:35+00:00\",\"description\":\"Ajoutez une touche artistique avec ce magnifique r\u00e9cipient en forme d\u2019artichaut de Bordallo Pinheiro. Peinte \u00e0 la main avec un design charmant, la surface\",\"breadcrumb\":{\"@id\":\"https:\/\/dev6.erresse-shop.it\/fr\/shop\/table-fr-2\/recipients-et-bols\/bordallo-pinheiro-recipient-artichaut-25-cm\/#breadcrumb\"},\"inLanguage\":\"fr-FR\",\"potentialAction\":[{\"@type\":\"ReadAction\",\"target\":[\"https:\/\/dev6.erresse-shop.it\/fr\/shop\/table-fr-2\/recipients-et-bols\/bordallo-pinheiro-recipient-artichaut-25-cm\/\"]}]},{\"@type\":\"ImageObject\",\"inLanguage\":\"fr-FR\",\"@id\":\"https:\/\/dev6.erresse-shop.it\/fr\/shop\/table-fr-2\/recipients-et-bols\/bordallo-pinheiro-recipient-artichaut-25-cm\/#primaryimage\",\"url\":\"https:\/\/i1.wp.com\/interpim.erresse-shop.it\/wp-content\/uploads\/2022\/01\/BORDALLO-PINHEIRO-Contenitore-Carciofo-25-cm-1.jpg\/bordallo-pinheiro-contenitore-carciofo-25-cm-1.jpg?ssl=1\",\"contentUrl\":\"https:\/\/i1.wp.com\/interpim.erresse-shop.it\/wp-content\/uploads\/2022\/01\/BORDALLO-PINHEIRO-Contenitore-Carciofo-25-cm-1.jpg\/bordallo-pinheiro-contenitore-carciofo-25-cm-1.jpg?ssl=1\"},{\"@type\":\"BreadcrumbList\",\"@id\":\"https:\/\/dev6.erresse-shop.it\/fr\/shop\/table-fr-2\/recipients-et-bols\/bordallo-pinheiro-recipient-artichaut-25-cm\/#breadcrumb\",\"itemListElement\":[{\"@type\":\"ListItem\",\"position\":1,\"name\":\"Home\",\"item\":\"https:\/\/dev6.erresse-shop.it\/\"},{\"@type\":\"ListItem\",\"position\":2,\"name\":\"Boutique\",\"item\":\"https:\/\/dev6.erresse-shop.it\/shop\/\"},{\"@type\":\"ListItem\",\"position\":3,\"name\":\"BORDALLO PINHEIRO R\u00e9cipient Artichaut 25 cm\"}]},{\"@type\":\"WebSite\",\"@id\":\"https:\/\/dev6.erresse-shop.it\/#website\",\"url\":\"https:\/\/dev6.erresse-shop.it\/\",\"name\":\"Erresse Shop\",\"description\":\"\",\"publisher\":{\"@id\":\"https:\/\/dev6.erresse-shop.it\/#organization\"},\"potentialAction\":[{\"@type\":\"SearchAction\",\"target\":{\"@type\":\"EntryPoint\",\"urlTemplate\":\"https:\/\/dev6.erresse-shop.it\/?s={search_term_string}\"},\"query-input\":{\"@type\":\"PropertyValueSpecification\",\"valueRequired\":true,\"valueName\":\"search_term_string\"}}],\"inLanguage\":\"fr-FR\"},{\"@type\":\"Organization\",\"@id\":\"https:\/\/dev6.erresse-shop.it\/#organization\",\"name\":\"Erresse Shop\",\"url\":\"https:\/\/dev6.erresse-shop.it\/\",\"logo\":{\"@type\":\"ImageObject\",\"inLanguage\":\"fr-FR\",\"@id\":\"https:\/\/dev6.erresse-shop.it\/#\/schema\/logo\/image\/\",\"url\":\"https:\/\/dev6.erresse-shop.it\/wp-content\/uploads\/2025\/01\/LOGO-ERRESSE-CLASSICO.svg\",\"contentUrl\":\"https:\/\/dev6.erresse-shop.it\/wp-content\/uploads\/2025\/01\/LOGO-ERRESSE-CLASSICO.svg\",\"caption\":\"Erresse Shop\"},\"image\":{\"@id\":\"https:\/\/dev6.erresse-shop.it\/#\/schema\/logo\/image\/\"}}]}<\/script>\n<!-- \/ Yoast SEO plugin. -->","yoast_head_json":{"title":"BORDALLO PINHEIRO R\u00e9cipient Artichaut 25 cm - dev6 Erresse","description":"Ajoutez une touche artistique avec ce magnifique r\u00e9cipient en forme d\u2019artichaut de Bordallo Pinheiro. Peinte \u00e0 la main avec un design charmant, la surface","robots":{"index":"noindex","follow":"follow","max-snippet":"max-snippet:-1","max-image-preview":"max-image-preview:large","max-video-preview":"max-video-preview:-1"},"og_locale":"fr_FR","og_type":"article","og_title":"BORDALLO PINHEIRO R\u00e9cipient Artichaut 25 cm - dev6 Erresse","og_description":"Ajoutez une touche artistique avec ce magnifique r\u00e9cipient en forme d\u2019artichaut de Bordallo Pinheiro. Peinte \u00e0 la main avec un design charmant, la surface","og_url":"https:\/\/dev6.erresse-shop.it\/fr\/shop\/table-fr-2\/recipients-et-bols\/bordallo-pinheiro-recipient-artichaut-25-cm\/","og_site_name":"dev6 Erresse","og_image":[{"url":"https:\/\/interpim.erresse-shop.it\/wp-content\/uploads\/2022\/01\/BORDALLO-PINHEIRO-Contenitore-Carciofo-25-cm-1.jpg\/bordallo-pinheiro-contenitore-carciofo-25-cm-1.jpg","type":"","width":"","height":""},{"url":"https:\/\/interpim.erresse-shop.it\/wp-content\/uploads\/2022\/01\/BORDALLO-PINHEIRO-Contenitore-Carciofo-25-cm-1.jpg\/bordallo-pinheiro-contenitore-carciofo-25-cm-1.jpg","width":1024,"height":1024,"type":"image\/jpeg"}],"twitter_card":"summary_large_image","twitter_image":"https:\/\/interpim.erresse-shop.it\/wp-content\/uploads\/2022\/01\/BORDALLO-PINHEIRO-Contenitore-Carciofo-25-cm-1.jpg\/bordallo-pinheiro-contenitore-carciofo-25-cm-1.jpg","schema":{"@context":"https:\/\/schema.org","@graph":[{"@type":"WebPage","@id":"https:\/\/dev6.erresse-shop.it\/fr\/shop\/table-fr-2\/recipients-et-bols\/bordallo-pinheiro-recipient-artichaut-25-cm\/","url":"https:\/\/dev6.erresse-shop.it\/fr\/shop\/table-fr-2\/recipients-et-bols\/bordallo-pinheiro-recipient-artichaut-25-cm\/","name":"BORDALLO PINHEIRO R\u00e9cipient Artichaut 25 cm - dev6 Erresse","isPartOf":{"@id":"https:\/\/dev6.erresse-shop.it\/#website"},"primaryImageOfPage":{"@id":"https:\/\/dev6.erresse-shop.it\/fr\/shop\/table-fr-2\/recipients-et-bols\/bordallo-pinheiro-recipient-artichaut-25-cm\/#primaryimage"},"image":{"@id":"https:\/\/dev6.erresse-shop.it\/fr\/shop\/table-fr-2\/recipients-et-bols\/bordallo-pinheiro-recipient-artichaut-25-cm\/#primaryimage"},"thumbnailUrl":"https:\/\/i1.wp.com\/interpim.erresse-shop.it\/wp-content\/uploads\/2022\/01\/BORDALLO-PINHEIRO-Contenitore-Carciofo-25-cm-1.jpg\/bordallo-pinheiro-contenitore-carciofo-25-cm-1.jpg?ssl=1","datePublished":"2026-04-12T06:46:35+00:00","description":"Ajoutez une touche artistique avec ce magnifique r\u00e9cipient en forme d\u2019artichaut de Bordallo Pinheiro. Peinte \u00e0 la main avec un design charmant, la surface","breadcrumb":{"@id":"https:\/\/dev6.erresse-shop.it\/fr\/shop\/table-fr-2\/recipients-et-bols\/bordallo-pinheiro-recipient-artichaut-25-cm\/#breadcrumb"},"inLanguage":"fr-FR","potentialAction":[{"@type":"ReadAction","target":["https:\/\/dev6.erresse-shop.it\/fr\/shop\/table-fr-2\/recipients-et-bols\/bordallo-pinheiro-recipient-artichaut-25-cm\/"]}]},{"@type":"ImageObject","inLanguage":"fr-FR","@id":"https:\/\/dev6.erresse-shop.it\/fr\/shop\/table-fr-2\/recipients-et-bols\/bordallo-pinheiro-recipient-artichaut-25-cm\/#primaryimage","url":"https:\/\/i1.wp.com\/interpim.erresse-shop.it\/wp-content\/uploads\/2022\/01\/BORDALLO-PINHEIRO-Contenitore-Carciofo-25-cm-1.jpg\/bordallo-pinheiro-contenitore-carciofo-25-cm-1.jpg?ssl=1","contentUrl":"https:\/\/i1.wp.com\/interpim.erresse-shop.it\/wp-content\/uploads\/2022\/01\/BORDALLO-PINHEIRO-Contenitore-Carciofo-25-cm-1.jpg\/bordallo-pinheiro-contenitore-carciofo-25-cm-1.jpg?ssl=1"},{"@type":"BreadcrumbList","@id":"https:\/\/dev6.erresse-shop.it\/fr\/shop\/table-fr-2\/recipients-et-bols\/bordallo-pinheiro-recipient-artichaut-25-cm\/#breadcrumb","itemListElement":[{"@type":"ListItem","position":1,"name":"Home","item":"https:\/\/dev6.erresse-shop.it\/"},{"@type":"ListItem","position":2,"name":"Boutique","item":"https:\/\/dev6.erresse-shop.it\/shop\/"},{"@type":"ListItem","position":3,"name":"BORDALLO PINHEIRO R\u00e9cipient Artichaut 25 cm"}]},{"@type":"WebSite","@id":"https:\/\/dev6.erresse-shop.it\/#website","url":"https:\/\/dev6.erresse-shop.it\/","name":"Erresse Shop","description":"","publisher":{"@id":"https:\/\/dev6.erresse-shop.it\/#organization"},"potentialAction":[{"@type":"SearchAction","target":{"@type":"EntryPoint","urlTemplate":"https:\/\/dev6.erresse-shop.it\/?s={search_term_string}"},"query-input":{"@type":"PropertyValueSpecification","valueRequired":true,"valueName":"search_term_string"}}],"inLanguage":"fr-FR"},{"@type":"Organization","@id":"https:\/\/dev6.erresse-shop.it\/#organization","name":"Erresse Shop","url":"https:\/\/dev6.erresse-shop.it\/","logo":{"@type":"ImageObject","inLanguage":"fr-FR","@id":"https:\/\/dev6.erresse-shop.it\/#\/schema\/logo\/image\/","url":"https:\/\/dev6.erresse-shop.it\/wp-content\/uploads\/2025\/01\/LOGO-ERRESSE-CLASSICO.svg","contentUrl":"https:\/\/dev6.erresse-shop.it\/wp-content\/uploads\/2025\/01\/LOGO-ERRESSE-CLASSICO.svg","caption":"Erresse Shop"},"image":{"@id":"https:\/\/dev6.erresse-shop.it\/#\/schema\/logo\/image\/"}}]}},"df_price":74.95,"df_sale_price":74.95,"df_regular_price":100,"df_image_link":"https:\/\/i1.wp.com\/interpim.erresse-shop.it\/wp-content\/uploads\/2022\/01\/BORDALLO-PINHEIRO-Contenitore-Carciofo-25-cm-1.jpg\/bordallo-pinheiro-contenitore-carciofo-25-cm-1.jpg?resize=300,300&ssl=1","fifu_image_url":"https:\/\/interpim.erresse-shop.it\/wp-content\/uploads\/2022\/01\/BORDALLO-PINHEIRO-Contenitore-Carciofo-25-cm-1.jpg\/bordallo-pinheiro-contenitore-carciofo-25-cm-1.jpg","_links":{"self":[{"href":"https:\/\/dev6.erresse-shop.it\/fr\/wp-json\/wp\/v2\/product\/59496","targetHints":{"allow":["GET"]}}],"collection":[{"href":"https:\/\/dev6.erresse-shop.it\/fr\/wp-json\/wp\/v2\/product"}],"about":[{"href":"https:\/\/dev6.erresse-shop.it\/fr\/wp-json\/wp\/v2\/types\/product"}],"wp:featuredmedia":[{"embeddable":true,"href":"https:\/\/dev6.erresse-shop.it\/fr\/wp-json\/wp\/v2\/media\/6353310"}],"wp:attachment":[{"href":"https:\/\/dev6.erresse-shop.it\/fr\/wp-json\/wp\/v2\/media?parent=59496"}],"wp:term":[{"taxonomy":"product_cat","embeddable":true,"href":"https:\/\/dev6.erresse-shop.it\/fr\/wp-json\/wp\/v2\/product_cat?post=59496"},{"taxonomy":"product_tag","embeddable":true,"href":"https:\/\/dev6.erresse-shop.it\/fr\/wp-json\/wp\/v2\/product_tag?post=59496"}],"curies":[{"name":"wp","href":"https:\/\/api.w.org\/{rel}","templated":true}]}}