{"id":59434,"date":"2026-04-12T08:44:38","date_gmt":"2026-04-12T06:44:38","guid":{"rendered":"https:\/\/dev6.erresse-shop.it\/shop\/non%20class\u00e9\/versace-home-assiette-plate-18-cm-medusa-bleu\/"},"modified":"2025-07-04T16:15:00","modified_gmt":"2025-07-04T14:15:00","slug":"versace-home-assiette-plate-18-cm-medusa-bleu","status":"publish","type":"product","link":"https:\/\/dev6.erresse-shop.it\/fr\/shop\/table-fr-2\/plats\/versace-home-assiette-plate-18-cm-medusa-bleu\/","title":{"rendered":"VERSACE HOME Assiette Plate 18 cm Medusa Bleu"},"content":{"rendered":"<p>Cette \u00e9l\u00e9gante d\u00e9coration Versace s\u2019appelle Medusa Blue. Il est fabriqu\u00e9 \u00e0 partir de la porcelaine la plus fine, cr\u00e9ant un style que l\u2019on peut qualifier de luxueux et de glamour. La couleur la plus importante de cette pi\u00e8ce est le bleu. Les somptueux ornements d\u00e9corent cette pi\u00e8ce et en font un \u201cmust have\u201d pour tous ceux qui sont amoureux du design opulent.<\/p>\n<p>Selon la tradition antique, M\u00e9duse \u00e9tait l\u2019un des trois Gorgones, des monstres marins dont le regard avait le pouvoir de p\u00e9trifier quiconque les regardait directement dans les yeux. Les trois s\u0153urs, filles des dieux marins Forco et Ceto, repr\u00e9sentaient la perversion sous ses trois formes : M\u00e9duse \u2013 la seule des trois \u00e0 ne pas \u00eatre immortelle \u2013 repr\u00e9sentait la perversion intellectuelle, Euriale la perversion sexuelle et Steno la perversion morale. Mais M\u00e9duse aurait \u00e9t\u00e9 \u00e0 l\u2019origine une belle femme, transform\u00e9e en monstre par la d\u00e9esse Ath\u00e9na pour la punir d\u2019avoir couch\u00e9 avec Pos\u00e9idon dans l\u2019un de ses temples.<br \/>\nL\u2019enchev\u00eatrement de serpents \u00e0 la place des cheveux qui caract\u00e9rise les repr\u00e9sentations de M\u00e9duse dans l\u2019histoire de l\u2019art trouve dans l\u2019ic\u00f4ne de Versace une nouvelle \u00e9l\u00e9gance et un nouveau sang-froid, peut-\u00eatre inspir\u00e9s par les sculptures de l\u2019\u00e9poque classique grecque. Le mythe de la M\u00e9duse a toujours frapp\u00e9 l\u2019imagination de Gianni Versace, qui l\u2019a choisi comme nom de marque pour sa maison de couture, en le d\u00e9crivant ainsi : \u201cSi tu la regardes, tu ne peux pas t\u2019en d\u00e9tacher, M\u00e9duse est la s\u00e9duction\u201d.<\/p>\n","protected":false},"excerpt":{"rendered":"<p>Cette \u00e9l\u00e9gante d\u00e9coration Versace s\u2019appelle Medusa Blue. Il est fabriqu\u00e9 \u00e0 partir de la porcelaine la plus fine, cr\u00e9ant un style que l\u2019on peut qualifier de luxueux et de glamour. La couleur la plus importante de cette pi\u00e8ce est le bleu. Les somptueux ornements d\u00e9corent cette pi\u00e8ce et en font un \u201cmust have\u201d pour tous [&hellip;]<\/p>\n","protected":false},"featured_media":6353014,"template":"","meta":{"_acf_changed":false},"product_cat":[12014,11995,11671],"product_tag":[],"class_list":{"0":"post-59434","1":"product","2":"type-product","3":"status-publish","4":"has-post-thumbnail","6":"product_cat-plats","7":"product_cat-table-fr-2","8":"product_cat-tavola","10":"first","11":"outofstock","12":"taxable","13":"shipping-taxable","14":"purchasable","15":"product-type-simple","swatches":"rey-swatches","show_selected":"","stretch_labels":"rey-swatches--stretch-labels"},"acf":[],"yoast_head":"<!-- This site is optimized with the Yoast SEO plugin v25.4 - https:\/\/yoast.com\/wordpress\/plugins\/seo\/ -->\n<title>VERSACE HOME Assiette Plate 18 cm Medusa Bleu - dev6 Erresse<\/title>\n<meta name=\"description\" content=\"Cette \u00e9l\u00e9gante d\u00e9coration Versace s\u2019appelle Medusa Blue. Il est fabriqu\u00e9 \u00e0 partir de la porcelaine la plus fine, cr\u00e9ant un style que l\u2019on peut qualifier\" \/>\n<meta name=\"robots\" content=\"noindex, follow, max-snippet:-1, max-image-preview:large, max-video-preview:-1\" \/>\n<meta property=\"og:locale\" content=\"fr_FR\" \/>\n<meta property=\"og:type\" content=\"article\" \/>\n<meta property=\"og:title\" content=\"VERSACE HOME Assiette Plate 18 cm Medusa Bleu - dev6 Erresse\" \/>\n<meta property=\"og:description\" content=\"Cette \u00e9l\u00e9gante d\u00e9coration Versace s\u2019appelle Medusa Blue. Il est fabriqu\u00e9 \u00e0 partir de la porcelaine la plus fine, cr\u00e9ant un style que l\u2019on peut qualifier\" \/>\n<meta property=\"og:url\" content=\"https:\/\/dev6.erresse-shop.it\/fr\/shop\/table-fr-2\/plats\/versace-home-assiette-plate-18-cm-medusa-bleu\/\" \/>\n<meta property=\"og:site_name\" content=\"dev6 Erresse\" \/>\n<meta property=\"og:image\" content=\"https:\/\/interpim.erresse-shop.it\/img-catalogo\/versace\/versace-home-piatto-18-cm-medusa-blu.jpg\" \/><meta property=\"og:image\" content=\"https:\/\/interpim.erresse-shop.it\/img-catalogo\/versace\/versace-home-piatto-18-cm-medusa-blu.jpg\" \/>\n\t<meta property=\"og:image:width\" content=\"1024\" \/>\n\t<meta property=\"og:image:height\" content=\"1024\" \/>\n\t<meta property=\"og:image:type\" content=\"image\/jpeg\" \/>\n<meta name=\"twitter:card\" content=\"summary_large_image\" \/>\n<meta name=\"twitter:image\" content=\"https:\/\/interpim.erresse-shop.it\/img-catalogo\/versace\/versace-home-piatto-18-cm-medusa-blu.jpg\" \/>\n<script type=\"application\/ld+json\" class=\"yoast-schema-graph\">{\"@context\":\"https:\/\/schema.org\",\"@graph\":[{\"@type\":\"WebPage\",\"@id\":\"https:\/\/dev6.erresse-shop.it\/fr\/shop\/table-fr-2\/plats\/versace-home-assiette-plate-18-cm-medusa-bleu\/\",\"url\":\"https:\/\/dev6.erresse-shop.it\/fr\/shop\/table-fr-2\/plats\/versace-home-assiette-plate-18-cm-medusa-bleu\/\",\"name\":\"VERSACE HOME Assiette Plate 18 cm Medusa Bleu - dev6 Erresse\",\"isPartOf\":{\"@id\":\"https:\/\/dev6.erresse-shop.it\/#website\"},\"primaryImageOfPage\":{\"@id\":\"https:\/\/dev6.erresse-shop.it\/fr\/shop\/table-fr-2\/plats\/versace-home-assiette-plate-18-cm-medusa-bleu\/#primaryimage\"},\"image\":{\"@id\":\"https:\/\/dev6.erresse-shop.it\/fr\/shop\/table-fr-2\/plats\/versace-home-assiette-plate-18-cm-medusa-bleu\/#primaryimage\"},\"thumbnailUrl\":\"https:\/\/i0.wp.com\/interpim.erresse-shop.it\/img-catalogo\/versace\/versace-home-piatto-18-cm-medusa-blu.jpg?ssl=1\",\"datePublished\":\"2026-04-12T06:44:38+00:00\",\"description\":\"Cette \u00e9l\u00e9gante d\u00e9coration Versace s\u2019appelle Medusa Blue. Il est fabriqu\u00e9 \u00e0 partir de la porcelaine la plus fine, cr\u00e9ant un style que l\u2019on peut qualifier\",\"breadcrumb\":{\"@id\":\"https:\/\/dev6.erresse-shop.it\/fr\/shop\/table-fr-2\/plats\/versace-home-assiette-plate-18-cm-medusa-bleu\/#breadcrumb\"},\"inLanguage\":\"fr-FR\",\"potentialAction\":[{\"@type\":\"ReadAction\",\"target\":[\"https:\/\/dev6.erresse-shop.it\/fr\/shop\/table-fr-2\/plats\/versace-home-assiette-plate-18-cm-medusa-bleu\/\"]}]},{\"@type\":\"ImageObject\",\"inLanguage\":\"fr-FR\",\"@id\":\"https:\/\/dev6.erresse-shop.it\/fr\/shop\/table-fr-2\/plats\/versace-home-assiette-plate-18-cm-medusa-bleu\/#primaryimage\",\"url\":\"https:\/\/i0.wp.com\/interpim.erresse-shop.it\/img-catalogo\/versace\/versace-home-piatto-18-cm-medusa-blu.jpg?ssl=1\",\"contentUrl\":\"https:\/\/i0.wp.com\/interpim.erresse-shop.it\/img-catalogo\/versace\/versace-home-piatto-18-cm-medusa-blu.jpg?ssl=1\"},{\"@type\":\"BreadcrumbList\",\"@id\":\"https:\/\/dev6.erresse-shop.it\/fr\/shop\/table-fr-2\/plats\/versace-home-assiette-plate-18-cm-medusa-bleu\/#breadcrumb\",\"itemListElement\":[{\"@type\":\"ListItem\",\"position\":1,\"name\":\"Home\",\"item\":\"https:\/\/dev6.erresse-shop.it\/\"},{\"@type\":\"ListItem\",\"position\":2,\"name\":\"Boutique\",\"item\":\"https:\/\/dev6.erresse-shop.it\/shop\/\"},{\"@type\":\"ListItem\",\"position\":3,\"name\":\"VERSACE HOME Assiette Plate 18 cm Medusa Bleu\"}]},{\"@type\":\"WebSite\",\"@id\":\"https:\/\/dev6.erresse-shop.it\/#website\",\"url\":\"https:\/\/dev6.erresse-shop.it\/\",\"name\":\"Erresse Shop\",\"description\":\"\",\"publisher\":{\"@id\":\"https:\/\/dev6.erresse-shop.it\/#organization\"},\"potentialAction\":[{\"@type\":\"SearchAction\",\"target\":{\"@type\":\"EntryPoint\",\"urlTemplate\":\"https:\/\/dev6.erresse-shop.it\/?s={search_term_string}\"},\"query-input\":{\"@type\":\"PropertyValueSpecification\",\"valueRequired\":true,\"valueName\":\"search_term_string\"}}],\"inLanguage\":\"fr-FR\"},{\"@type\":\"Organization\",\"@id\":\"https:\/\/dev6.erresse-shop.it\/#organization\",\"name\":\"Erresse Shop\",\"url\":\"https:\/\/dev6.erresse-shop.it\/\",\"logo\":{\"@type\":\"ImageObject\",\"inLanguage\":\"fr-FR\",\"@id\":\"https:\/\/dev6.erresse-shop.it\/#\/schema\/logo\/image\/\",\"url\":\"https:\/\/dev6.erresse-shop.it\/wp-content\/uploads\/2025\/01\/LOGO-ERRESSE-CLASSICO.svg\",\"contentUrl\":\"https:\/\/dev6.erresse-shop.it\/wp-content\/uploads\/2025\/01\/LOGO-ERRESSE-CLASSICO.svg\",\"caption\":\"Erresse Shop\"},\"image\":{\"@id\":\"https:\/\/dev6.erresse-shop.it\/#\/schema\/logo\/image\/\"}}]}<\/script>\n<!-- \/ Yoast SEO plugin. -->","yoast_head_json":{"title":"VERSACE HOME Assiette Plate 18 cm Medusa Bleu - dev6 Erresse","description":"Cette \u00e9l\u00e9gante d\u00e9coration Versace s\u2019appelle Medusa Blue. Il est fabriqu\u00e9 \u00e0 partir de la porcelaine la plus fine, cr\u00e9ant un style que l\u2019on peut qualifier","robots":{"index":"noindex","follow":"follow","max-snippet":"max-snippet:-1","max-image-preview":"max-image-preview:large","max-video-preview":"max-video-preview:-1"},"og_locale":"fr_FR","og_type":"article","og_title":"VERSACE HOME Assiette Plate 18 cm Medusa Bleu - dev6 Erresse","og_description":"Cette \u00e9l\u00e9gante d\u00e9coration Versace s\u2019appelle Medusa Blue. Il est fabriqu\u00e9 \u00e0 partir de la porcelaine la plus fine, cr\u00e9ant un style que l\u2019on peut qualifier","og_url":"https:\/\/dev6.erresse-shop.it\/fr\/shop\/table-fr-2\/plats\/versace-home-assiette-plate-18-cm-medusa-bleu\/","og_site_name":"dev6 Erresse","og_image":[{"url":"https:\/\/interpim.erresse-shop.it\/img-catalogo\/versace\/versace-home-piatto-18-cm-medusa-blu.jpg","type":"","width":"","height":""},{"url":"https:\/\/interpim.erresse-shop.it\/img-catalogo\/versace\/versace-home-piatto-18-cm-medusa-blu.jpg","width":1024,"height":1024,"type":"image\/jpeg"}],"twitter_card":"summary_large_image","twitter_image":"https:\/\/interpim.erresse-shop.it\/img-catalogo\/versace\/versace-home-piatto-18-cm-medusa-blu.jpg","schema":{"@context":"https:\/\/schema.org","@graph":[{"@type":"WebPage","@id":"https:\/\/dev6.erresse-shop.it\/fr\/shop\/table-fr-2\/plats\/versace-home-assiette-plate-18-cm-medusa-bleu\/","url":"https:\/\/dev6.erresse-shop.it\/fr\/shop\/table-fr-2\/plats\/versace-home-assiette-plate-18-cm-medusa-bleu\/","name":"VERSACE HOME Assiette Plate 18 cm Medusa Bleu - dev6 Erresse","isPartOf":{"@id":"https:\/\/dev6.erresse-shop.it\/#website"},"primaryImageOfPage":{"@id":"https:\/\/dev6.erresse-shop.it\/fr\/shop\/table-fr-2\/plats\/versace-home-assiette-plate-18-cm-medusa-bleu\/#primaryimage"},"image":{"@id":"https:\/\/dev6.erresse-shop.it\/fr\/shop\/table-fr-2\/plats\/versace-home-assiette-plate-18-cm-medusa-bleu\/#primaryimage"},"thumbnailUrl":"https:\/\/i0.wp.com\/interpim.erresse-shop.it\/img-catalogo\/versace\/versace-home-piatto-18-cm-medusa-blu.jpg?ssl=1","datePublished":"2026-04-12T06:44:38+00:00","description":"Cette \u00e9l\u00e9gante d\u00e9coration Versace s\u2019appelle Medusa Blue. Il est fabriqu\u00e9 \u00e0 partir de la porcelaine la plus fine, cr\u00e9ant un style que l\u2019on peut qualifier","breadcrumb":{"@id":"https:\/\/dev6.erresse-shop.it\/fr\/shop\/table-fr-2\/plats\/versace-home-assiette-plate-18-cm-medusa-bleu\/#breadcrumb"},"inLanguage":"fr-FR","potentialAction":[{"@type":"ReadAction","target":["https:\/\/dev6.erresse-shop.it\/fr\/shop\/table-fr-2\/plats\/versace-home-assiette-plate-18-cm-medusa-bleu\/"]}]},{"@type":"ImageObject","inLanguage":"fr-FR","@id":"https:\/\/dev6.erresse-shop.it\/fr\/shop\/table-fr-2\/plats\/versace-home-assiette-plate-18-cm-medusa-bleu\/#primaryimage","url":"https:\/\/i0.wp.com\/interpim.erresse-shop.it\/img-catalogo\/versace\/versace-home-piatto-18-cm-medusa-blu.jpg?ssl=1","contentUrl":"https:\/\/i0.wp.com\/interpim.erresse-shop.it\/img-catalogo\/versace\/versace-home-piatto-18-cm-medusa-blu.jpg?ssl=1"},{"@type":"BreadcrumbList","@id":"https:\/\/dev6.erresse-shop.it\/fr\/shop\/table-fr-2\/plats\/versace-home-assiette-plate-18-cm-medusa-bleu\/#breadcrumb","itemListElement":[{"@type":"ListItem","position":1,"name":"Home","item":"https:\/\/dev6.erresse-shop.it\/"},{"@type":"ListItem","position":2,"name":"Boutique","item":"https:\/\/dev6.erresse-shop.it\/shop\/"},{"@type":"ListItem","position":3,"name":"VERSACE HOME Assiette Plate 18 cm Medusa Bleu"}]},{"@type":"WebSite","@id":"https:\/\/dev6.erresse-shop.it\/#website","url":"https:\/\/dev6.erresse-shop.it\/","name":"Erresse Shop","description":"","publisher":{"@id":"https:\/\/dev6.erresse-shop.it\/#organization"},"potentialAction":[{"@type":"SearchAction","target":{"@type":"EntryPoint","urlTemplate":"https:\/\/dev6.erresse-shop.it\/?s={search_term_string}"},"query-input":{"@type":"PropertyValueSpecification","valueRequired":true,"valueName":"search_term_string"}}],"inLanguage":"fr-FR"},{"@type":"Organization","@id":"https:\/\/dev6.erresse-shop.it\/#organization","name":"Erresse Shop","url":"https:\/\/dev6.erresse-shop.it\/","logo":{"@type":"ImageObject","inLanguage":"fr-FR","@id":"https:\/\/dev6.erresse-shop.it\/#\/schema\/logo\/image\/","url":"https:\/\/dev6.erresse-shop.it\/wp-content\/uploads\/2025\/01\/LOGO-ERRESSE-CLASSICO.svg","contentUrl":"https:\/\/dev6.erresse-shop.it\/wp-content\/uploads\/2025\/01\/LOGO-ERRESSE-CLASSICO.svg","caption":"Erresse Shop"},"image":{"@id":"https:\/\/dev6.erresse-shop.it\/#\/schema\/logo\/image\/"}}]}},"df_price":75,"df_sale_price":"","df_regular_price":75,"df_image_link":"https:\/\/i0.wp.com\/interpim.erresse-shop.it\/img-catalogo\/versace\/versace-home-piatto-18-cm-medusa-blu.jpg?resize=300,300&ssl=1","fifu_image_url":"https:\/\/interpim.erresse-shop.it\/img-catalogo\/versace\/versace-home-piatto-18-cm-medusa-blu.jpg","_links":{"self":[{"href":"https:\/\/dev6.erresse-shop.it\/fr\/wp-json\/wp\/v2\/product\/59434","targetHints":{"allow":["GET"]}}],"collection":[{"href":"https:\/\/dev6.erresse-shop.it\/fr\/wp-json\/wp\/v2\/product"}],"about":[{"href":"https:\/\/dev6.erresse-shop.it\/fr\/wp-json\/wp\/v2\/types\/product"}],"wp:featuredmedia":[{"embeddable":true,"href":"https:\/\/dev6.erresse-shop.it\/fr\/wp-json\/wp\/v2\/media\/6353014"}],"wp:attachment":[{"href":"https:\/\/dev6.erresse-shop.it\/fr\/wp-json\/wp\/v2\/media?parent=59434"}],"wp:term":[{"taxonomy":"product_cat","embeddable":true,"href":"https:\/\/dev6.erresse-shop.it\/fr\/wp-json\/wp\/v2\/product_cat?post=59434"},{"taxonomy":"product_tag","embeddable":true,"href":"https:\/\/dev6.erresse-shop.it\/fr\/wp-json\/wp\/v2\/product_tag?post=59434"}],"curies":[{"name":"wp","href":"https:\/\/api.w.org\/{rel}","templated":true}]}}