{"id":59402,"date":"2026-04-12T08:44:38","date_gmt":"2026-04-12T06:44:38","guid":{"rendered":"https:\/\/dev6.erresse-shop.it\/shop\/non%20class\u00e9\/versace-home-assiette-plate-medusa-rose-18-cm\/"},"modified":"2025-07-04T16:14:19","modified_gmt":"2025-07-04T14:14:19","slug":"versace-home-assiette-plate-medusa-rose-18-cm","status":"publish","type":"product","link":"https:\/\/dev6.erresse-shop.it\/fr\/shop\/table-fr-2\/plats\/versace-home-assiette-plate-medusa-rose-18-cm\/","title":{"rendered":"VERSACE HOME Assiette Plate Medusa Rose 18 cm"},"content":{"rendered":"<p>Avec un motif central de M\u00e9duse, cette assiette en porcelaine fine est orn\u00e9e d\u2019une bordure baroque dor\u00e9e inimitable. Cette assiette intemporelle pr\u00e9sente une palette de couleurs d\u00e9licates dans des tons de rose.<\/p>\n","protected":false},"excerpt":{"rendered":"<p>Avec un motif central de M\u00e9duse, cette assiette en porcelaine fine est orn\u00e9e d\u2019une bordure baroque dor\u00e9e inimitable. Cette assiette intemporelle pr\u00e9sente une palette de couleurs d\u00e9licates dans des tons de rose.<\/p>\n","protected":false},"featured_media":6352904,"template":"","meta":{"_acf_changed":false},"product_cat":[12014,11995,11671],"product_tag":[],"class_list":{"0":"post-59402","1":"product","2":"type-product","3":"status-publish","4":"has-post-thumbnail","6":"product_cat-plats","7":"product_cat-table-fr-2","8":"product_cat-tavola","10":"first","11":"outofstock","12":"taxable","13":"shipping-taxable","14":"purchasable","15":"product-type-simple","swatches":"rey-swatches","show_selected":"","stretch_labels":"rey-swatches--stretch-labels"},"acf":[],"yoast_head":"<!-- This site is optimized with the Yoast SEO plugin v25.4 - https:\/\/yoast.com\/wordpress\/plugins\/seo\/ -->\n<title>VERSACE HOME Assiette Plate Medusa Rose 18 cm - dev6 Erresse<\/title>\n<meta name=\"description\" content=\"Avec un motif central de M\u00e9duse, cette assiette en porcelaine fine est orn\u00e9e d\u2019une bordure baroque dor\u00e9e inimitable. Cette assiette intemporelle pr\u00e9sente\" \/>\n<meta name=\"robots\" content=\"noindex, follow, max-snippet:-1, max-image-preview:large, max-video-preview:-1\" \/>\n<meta property=\"og:locale\" content=\"fr_FR\" \/>\n<meta property=\"og:type\" content=\"article\" \/>\n<meta property=\"og:title\" content=\"VERSACE HOME Assiette Plate Medusa Rose 18 cm - dev6 Erresse\" \/>\n<meta property=\"og:description\" content=\"Avec un motif central de M\u00e9duse, cette assiette en porcelaine fine est orn\u00e9e d\u2019une bordure baroque dor\u00e9e inimitable. Cette assiette intemporelle pr\u00e9sente\" \/>\n<meta property=\"og:url\" content=\"https:\/\/dev6.erresse-shop.it\/fr\/shop\/table-fr-2\/plats\/versace-home-assiette-plate-medusa-rose-18-cm\/\" \/>\n<meta property=\"og:site_name\" content=\"dev6 Erresse\" \/>\n<meta property=\"og:image\" content=\"https:\/\/interpim.erresse-shop.it\/img-catalogo\/versace\/versace-home-piatto-piano-18-cm-medusa-rosa-1.jpg\" \/><meta property=\"og:image\" content=\"https:\/\/interpim.erresse-shop.it\/img-catalogo\/versace\/versace-home-piatto-piano-18-cm-medusa-rosa-1.jpg\" \/>\n\t<meta property=\"og:image:width\" content=\"1024\" \/>\n\t<meta property=\"og:image:height\" content=\"1024\" \/>\n\t<meta property=\"og:image:type\" content=\"image\/jpeg\" \/>\n<meta name=\"twitter:card\" content=\"summary_large_image\" \/>\n<meta name=\"twitter:image\" content=\"https:\/\/interpim.erresse-shop.it\/img-catalogo\/versace\/versace-home-piatto-piano-18-cm-medusa-rosa-1.jpg\" \/>\n<script type=\"application\/ld+json\" class=\"yoast-schema-graph\">{\"@context\":\"https:\/\/schema.org\",\"@graph\":[{\"@type\":\"WebPage\",\"@id\":\"https:\/\/dev6.erresse-shop.it\/fr\/shop\/table-fr-2\/plats\/versace-home-assiette-plate-medusa-rose-18-cm\/\",\"url\":\"https:\/\/dev6.erresse-shop.it\/fr\/shop\/table-fr-2\/plats\/versace-home-assiette-plate-medusa-rose-18-cm\/\",\"name\":\"VERSACE HOME Assiette Plate Medusa Rose 18 cm - dev6 Erresse\",\"isPartOf\":{\"@id\":\"https:\/\/dev6.erresse-shop.it\/#website\"},\"primaryImageOfPage\":{\"@id\":\"https:\/\/dev6.erresse-shop.it\/fr\/shop\/table-fr-2\/plats\/versace-home-assiette-plate-medusa-rose-18-cm\/#primaryimage\"},\"image\":{\"@id\":\"https:\/\/dev6.erresse-shop.it\/fr\/shop\/table-fr-2\/plats\/versace-home-assiette-plate-medusa-rose-18-cm\/#primaryimage\"},\"thumbnailUrl\":\"https:\/\/i3.wp.com\/interpim.erresse-shop.it\/img-catalogo\/versace\/versace-home-piatto-piano-18-cm-medusa-rosa-1.jpg?ssl=1\",\"datePublished\":\"2026-04-12T06:44:38+00:00\",\"description\":\"Avec un motif central de M\u00e9duse, cette assiette en porcelaine fine est orn\u00e9e d\u2019une bordure baroque dor\u00e9e inimitable. Cette assiette intemporelle pr\u00e9sente\",\"breadcrumb\":{\"@id\":\"https:\/\/dev6.erresse-shop.it\/fr\/shop\/table-fr-2\/plats\/versace-home-assiette-plate-medusa-rose-18-cm\/#breadcrumb\"},\"inLanguage\":\"fr-FR\",\"potentialAction\":[{\"@type\":\"ReadAction\",\"target\":[\"https:\/\/dev6.erresse-shop.it\/fr\/shop\/table-fr-2\/plats\/versace-home-assiette-plate-medusa-rose-18-cm\/\"]}]},{\"@type\":\"ImageObject\",\"inLanguage\":\"fr-FR\",\"@id\":\"https:\/\/dev6.erresse-shop.it\/fr\/shop\/table-fr-2\/plats\/versace-home-assiette-plate-medusa-rose-18-cm\/#primaryimage\",\"url\":\"https:\/\/i3.wp.com\/interpim.erresse-shop.it\/img-catalogo\/versace\/versace-home-piatto-piano-18-cm-medusa-rosa-1.jpg?ssl=1\",\"contentUrl\":\"https:\/\/i3.wp.com\/interpim.erresse-shop.it\/img-catalogo\/versace\/versace-home-piatto-piano-18-cm-medusa-rosa-1.jpg?ssl=1\"},{\"@type\":\"BreadcrumbList\",\"@id\":\"https:\/\/dev6.erresse-shop.it\/fr\/shop\/table-fr-2\/plats\/versace-home-assiette-plate-medusa-rose-18-cm\/#breadcrumb\",\"itemListElement\":[{\"@type\":\"ListItem\",\"position\":1,\"name\":\"Home\",\"item\":\"https:\/\/dev6.erresse-shop.it\/\"},{\"@type\":\"ListItem\",\"position\":2,\"name\":\"Boutique\",\"item\":\"https:\/\/dev6.erresse-shop.it\/shop\/\"},{\"@type\":\"ListItem\",\"position\":3,\"name\":\"VERSACE HOME Assiette Plate Medusa Rose 18 cm\"}]},{\"@type\":\"WebSite\",\"@id\":\"https:\/\/dev6.erresse-shop.it\/#website\",\"url\":\"https:\/\/dev6.erresse-shop.it\/\",\"name\":\"Erresse Shop\",\"description\":\"\",\"publisher\":{\"@id\":\"https:\/\/dev6.erresse-shop.it\/#organization\"},\"potentialAction\":[{\"@type\":\"SearchAction\",\"target\":{\"@type\":\"EntryPoint\",\"urlTemplate\":\"https:\/\/dev6.erresse-shop.it\/?s={search_term_string}\"},\"query-input\":{\"@type\":\"PropertyValueSpecification\",\"valueRequired\":true,\"valueName\":\"search_term_string\"}}],\"inLanguage\":\"fr-FR\"},{\"@type\":\"Organization\",\"@id\":\"https:\/\/dev6.erresse-shop.it\/#organization\",\"name\":\"Erresse Shop\",\"url\":\"https:\/\/dev6.erresse-shop.it\/\",\"logo\":{\"@type\":\"ImageObject\",\"inLanguage\":\"fr-FR\",\"@id\":\"https:\/\/dev6.erresse-shop.it\/#\/schema\/logo\/image\/\",\"url\":\"https:\/\/dev6.erresse-shop.it\/wp-content\/uploads\/2025\/01\/LOGO-ERRESSE-CLASSICO.svg\",\"contentUrl\":\"https:\/\/dev6.erresse-shop.it\/wp-content\/uploads\/2025\/01\/LOGO-ERRESSE-CLASSICO.svg\",\"caption\":\"Erresse Shop\"},\"image\":{\"@id\":\"https:\/\/dev6.erresse-shop.it\/#\/schema\/logo\/image\/\"}}]}<\/script>\n<!-- \/ Yoast SEO plugin. -->","yoast_head_json":{"title":"VERSACE HOME Assiette Plate Medusa Rose 18 cm - dev6 Erresse","description":"Avec un motif central de M\u00e9duse, cette assiette en porcelaine fine est orn\u00e9e d\u2019une bordure baroque dor\u00e9e inimitable. Cette assiette intemporelle pr\u00e9sente","robots":{"index":"noindex","follow":"follow","max-snippet":"max-snippet:-1","max-image-preview":"max-image-preview:large","max-video-preview":"max-video-preview:-1"},"og_locale":"fr_FR","og_type":"article","og_title":"VERSACE HOME Assiette Plate Medusa Rose 18 cm - dev6 Erresse","og_description":"Avec un motif central de M\u00e9duse, cette assiette en porcelaine fine est orn\u00e9e d\u2019une bordure baroque dor\u00e9e inimitable. Cette assiette intemporelle pr\u00e9sente","og_url":"https:\/\/dev6.erresse-shop.it\/fr\/shop\/table-fr-2\/plats\/versace-home-assiette-plate-medusa-rose-18-cm\/","og_site_name":"dev6 Erresse","og_image":[{"url":"https:\/\/interpim.erresse-shop.it\/img-catalogo\/versace\/versace-home-piatto-piano-18-cm-medusa-rosa-1.jpg","type":"","width":"","height":""},{"url":"https:\/\/interpim.erresse-shop.it\/img-catalogo\/versace\/versace-home-piatto-piano-18-cm-medusa-rosa-1.jpg","width":1024,"height":1024,"type":"image\/jpeg"}],"twitter_card":"summary_large_image","twitter_image":"https:\/\/interpim.erresse-shop.it\/img-catalogo\/versace\/versace-home-piatto-piano-18-cm-medusa-rosa-1.jpg","schema":{"@context":"https:\/\/schema.org","@graph":[{"@type":"WebPage","@id":"https:\/\/dev6.erresse-shop.it\/fr\/shop\/table-fr-2\/plats\/versace-home-assiette-plate-medusa-rose-18-cm\/","url":"https:\/\/dev6.erresse-shop.it\/fr\/shop\/table-fr-2\/plats\/versace-home-assiette-plate-medusa-rose-18-cm\/","name":"VERSACE HOME Assiette Plate Medusa Rose 18 cm - dev6 Erresse","isPartOf":{"@id":"https:\/\/dev6.erresse-shop.it\/#website"},"primaryImageOfPage":{"@id":"https:\/\/dev6.erresse-shop.it\/fr\/shop\/table-fr-2\/plats\/versace-home-assiette-plate-medusa-rose-18-cm\/#primaryimage"},"image":{"@id":"https:\/\/dev6.erresse-shop.it\/fr\/shop\/table-fr-2\/plats\/versace-home-assiette-plate-medusa-rose-18-cm\/#primaryimage"},"thumbnailUrl":"https:\/\/i3.wp.com\/interpim.erresse-shop.it\/img-catalogo\/versace\/versace-home-piatto-piano-18-cm-medusa-rosa-1.jpg?ssl=1","datePublished":"2026-04-12T06:44:38+00:00","description":"Avec un motif central de M\u00e9duse, cette assiette en porcelaine fine est orn\u00e9e d\u2019une bordure baroque dor\u00e9e inimitable. Cette assiette intemporelle pr\u00e9sente","breadcrumb":{"@id":"https:\/\/dev6.erresse-shop.it\/fr\/shop\/table-fr-2\/plats\/versace-home-assiette-plate-medusa-rose-18-cm\/#breadcrumb"},"inLanguage":"fr-FR","potentialAction":[{"@type":"ReadAction","target":["https:\/\/dev6.erresse-shop.it\/fr\/shop\/table-fr-2\/plats\/versace-home-assiette-plate-medusa-rose-18-cm\/"]}]},{"@type":"ImageObject","inLanguage":"fr-FR","@id":"https:\/\/dev6.erresse-shop.it\/fr\/shop\/table-fr-2\/plats\/versace-home-assiette-plate-medusa-rose-18-cm\/#primaryimage","url":"https:\/\/i3.wp.com\/interpim.erresse-shop.it\/img-catalogo\/versace\/versace-home-piatto-piano-18-cm-medusa-rosa-1.jpg?ssl=1","contentUrl":"https:\/\/i3.wp.com\/interpim.erresse-shop.it\/img-catalogo\/versace\/versace-home-piatto-piano-18-cm-medusa-rosa-1.jpg?ssl=1"},{"@type":"BreadcrumbList","@id":"https:\/\/dev6.erresse-shop.it\/fr\/shop\/table-fr-2\/plats\/versace-home-assiette-plate-medusa-rose-18-cm\/#breadcrumb","itemListElement":[{"@type":"ListItem","position":1,"name":"Home","item":"https:\/\/dev6.erresse-shop.it\/"},{"@type":"ListItem","position":2,"name":"Boutique","item":"https:\/\/dev6.erresse-shop.it\/shop\/"},{"@type":"ListItem","position":3,"name":"VERSACE HOME Assiette Plate Medusa Rose 18 cm"}]},{"@type":"WebSite","@id":"https:\/\/dev6.erresse-shop.it\/#website","url":"https:\/\/dev6.erresse-shop.it\/","name":"Erresse Shop","description":"","publisher":{"@id":"https:\/\/dev6.erresse-shop.it\/#organization"},"potentialAction":[{"@type":"SearchAction","target":{"@type":"EntryPoint","urlTemplate":"https:\/\/dev6.erresse-shop.it\/?s={search_term_string}"},"query-input":{"@type":"PropertyValueSpecification","valueRequired":true,"valueName":"search_term_string"}}],"inLanguage":"fr-FR"},{"@type":"Organization","@id":"https:\/\/dev6.erresse-shop.it\/#organization","name":"Erresse Shop","url":"https:\/\/dev6.erresse-shop.it\/","logo":{"@type":"ImageObject","inLanguage":"fr-FR","@id":"https:\/\/dev6.erresse-shop.it\/#\/schema\/logo\/image\/","url":"https:\/\/dev6.erresse-shop.it\/wp-content\/uploads\/2025\/01\/LOGO-ERRESSE-CLASSICO.svg","contentUrl":"https:\/\/dev6.erresse-shop.it\/wp-content\/uploads\/2025\/01\/LOGO-ERRESSE-CLASSICO.svg","caption":"Erresse Shop"},"image":{"@id":"https:\/\/dev6.erresse-shop.it\/#\/schema\/logo\/image\/"}}]}},"df_price":75,"df_sale_price":"","df_regular_price":75,"df_image_link":"https:\/\/i3.wp.com\/interpim.erresse-shop.it\/img-catalogo\/versace\/versace-home-piatto-piano-18-cm-medusa-rosa-1.jpg?resize=300,300&ssl=1","fifu_image_url":"https:\/\/interpim.erresse-shop.it\/img-catalogo\/versace\/versace-home-piatto-piano-18-cm-medusa-rosa-1.jpg","_links":{"self":[{"href":"https:\/\/dev6.erresse-shop.it\/fr\/wp-json\/wp\/v2\/product\/59402","targetHints":{"allow":["GET"]}}],"collection":[{"href":"https:\/\/dev6.erresse-shop.it\/fr\/wp-json\/wp\/v2\/product"}],"about":[{"href":"https:\/\/dev6.erresse-shop.it\/fr\/wp-json\/wp\/v2\/types\/product"}],"wp:featuredmedia":[{"embeddable":true,"href":"https:\/\/dev6.erresse-shop.it\/fr\/wp-json\/wp\/v2\/media\/6352904"}],"wp:attachment":[{"href":"https:\/\/dev6.erresse-shop.it\/fr\/wp-json\/wp\/v2\/media?parent=59402"}],"wp:term":[{"taxonomy":"product_cat","embeddable":true,"href":"https:\/\/dev6.erresse-shop.it\/fr\/wp-json\/wp\/v2\/product_cat?post=59402"},{"taxonomy":"product_tag","embeddable":true,"href":"https:\/\/dev6.erresse-shop.it\/fr\/wp-json\/wp\/v2\/product_tag?post=59402"}],"curies":[{"name":"wp","href":"https:\/\/api.w.org\/{rel}","templated":true}]}}