{"id":59392,"date":"2026-04-12T08:43:39","date_gmt":"2026-04-12T06:43:39","guid":{"rendered":"https:\/\/dev6.erresse-shop.it\/shop\/non%20class\u00e9\/staub-cocotte-ronde-20-cm-noir\/"},"modified":"2025-09-14T04:23:25","modified_gmt":"2025-09-14T02:23:25","slug":"staub-cocotte-ronde-20-cm-noir","status":"publish","type":"product","link":"https:\/\/dev6.erresse-shop.it\/fr\/shop\/poeles-pots\/marmites-et-cocottes-poeles-pots\/staub-cocotte-ronde-20-cm-noir\/","title":{"rendered":"STAUB Cocotte ronde 20 cm Noir"},"content":{"rendered":"<p>Un r\u00f4ti juteux n\u2019est pas seulement un d\u00e9lice du dimanche midi. Qu\u2019il s\u2019agisse d\u2019une cocotte \u00e0 base de viande, de poisson ou de l\u00e9gumes, avec une cocotte Staub vous pourrez cr\u00e9er des plats raffin\u00e9s facilement et en toute s\u00e9curit\u00e9. La cocotte est une marmite en fonte destin\u00e9e \u00e0 la pr\u00e9paration \u00e0 feu lent de plats vari\u00e9s. Gr\u00e2ce \u00e0 son design classique avec le logo en relief et le bouton argent\u00e9, cette cocotte est l\u2019ustensile avec lequel servir les plats sur la table se fait avec style. La cocotte a un diam\u00e8tre de 24 cm ou 30 cm, anses comprises. La casserole Staub mesure 15 cm de haut, couvercle compris. Il a une capacit\u00e9 de 3,8 litres. La cocotte en fonte a un \u00e9mail noir mat \u00e0 l\u2019int\u00e9rieur. Cela donne aux aliments le go\u00fbt typique du brais\u00e9 et rehausse la saveur naturelle des ingr\u00e9dients frais. La cocotte elle-m\u00eame emmagasine la chaleur et la restitue lentement. Vos plats resteront chauds longtemps, m\u00eame \u00e0 table. Les ustensiles de cuisine en fonte Staub conviennent \u00e0 la pr\u00e9paration de nombreux plats diff\u00e9rents. La cocotte rouge cerise attirera l\u2019attention avec style \u00e0 table et compl\u00e9tera votre batterie de cuisine, \u00e9tant fonctionnelle, robuste, facile \u00e0 entretenir et utilisable dans diff\u00e9rentes situations.<\/p>\n<p>\u2013 Id\u00e9al pour sceller et cuire lentement la viande, le poisson ou les l\u00e9gumes<br \/>\n\u2013 Pour un r\u00e9sultat de cuisson juteux et tendre gr\u00e2ce au couvercle<br \/>\n\u2013 L\u2019\u00e9maillage int\u00e9rieur noir mat est id\u00e9al pour un brunissage particuli\u00e8rement croustillant et est tr\u00e8s r\u00e9sistant<br \/>\n\u2013 Adapt\u00e9 \u00e0 tous types de feux, dont induction, il peut \u00e9galement \u00eatre plac\u00e9 au four\/grill<\/p>\n<p>Fonctionnalit\u00e9s<br \/>\n\u2013 R\u00e9sistance thermique (\u00b0C) : 240,00 \u00baC<br \/>\n\u2013 R\u00e9sistance au froid : -20,00 \u00baC<br \/>\n\u2013 Mat\u00e9riau : fonte<br \/>\n\u2013 Couvercle existant : oui<br \/>\n-Induction : Oui<br \/>\n\u2013 Passe au four : Oui<br \/>\n\u2013 Passe au cong\u00e9lateur : Oui<br \/>\n\u2013 Adapt\u00e9 \u00e0 la table de cuisson : Oui<br \/>\n\u2013 Passe au lave-vaisselle : Oui<\/p>\n<p>Taille<br \/>\n\u2013 Poids net : 3,60 kg<br \/>\n\u2013 Capacit\u00e9 : 2,20 l<br \/>\n\u2013 Longueur du produit : 26,30 cm<br \/>\n\u2013 Largeur du produit : 20,00 cm<br \/>\n\u2013 Hauteur du produit : 14,20 cm<br \/>\n\u2013 Hauteur sans couvercle : 9,50 cm<br \/>\n\u2013 Diam\u00e8tre sup\u00e9rieur : 20,00 cm<br \/>\n\u2013 Diam\u00e8tre du fond : 16,10 cm<br \/>\n\u2013 Longueur du manche : 3,00 cm<\/p>\n","protected":false},"excerpt":{"rendered":"<p>Un r\u00f4ti juteux n\u2019est pas seulement un d\u00e9lice du dimanche midi. Qu\u2019il s\u2019agisse d\u2019une cocotte \u00e0 base de viande, de poisson ou de l\u00e9gumes, avec une cocotte Staub vous pourrez cr\u00e9er des plats raffin\u00e9s facilement et en toute s\u00e9curit\u00e9. La cocotte est une marmite en fonte destin\u00e9e \u00e0 la pr\u00e9paration \u00e0 feu lent de plats [&hellip;]<\/p>\n","protected":false},"featured_media":6352857,"template":"","meta":{"_acf_changed":false},"product_cat":[12000,11667,11991],"product_tag":[],"class_list":{"0":"post-59392","1":"product","2":"type-product","3":"status-publish","4":"has-post-thumbnail","6":"product_cat-marmites-et-cocottes-poeles-pots","7":"product_cat-padelle-pentole","8":"product_cat-poeles-pots","10":"first","11":"outofstock","12":"sale","13":"taxable","14":"shipping-taxable","15":"purchasable","16":"product-type-simple","swatches":"rey-swatches","show_selected":"","stretch_labels":"rey-swatches--stretch-labels"},"acf":[],"yoast_head":"<!-- This site is optimized with the Yoast SEO plugin v25.4 - https:\/\/yoast.com\/wordpress\/plugins\/seo\/ -->\n<title>STAUB Cocotte ronde 20 cm Noir - dev6 Erresse<\/title>\n<meta name=\"description\" content=\"Un r\u00f4ti juteux n\u2019est pas seulement un d\u00e9lice du dimanche midi. Qu\u2019il s\u2019agisse d\u2019une cocotte \u00e0 base de viande, de poisson ou de l\u00e9gumes, avec une cocotte\" \/>\n<meta name=\"robots\" content=\"noindex, follow, max-snippet:-1, max-image-preview:large, max-video-preview:-1\" \/>\n<meta property=\"og:locale\" content=\"fr_FR\" \/>\n<meta property=\"og:type\" content=\"article\" \/>\n<meta property=\"og:title\" content=\"STAUB Cocotte ronde 20 cm Noir - dev6 Erresse\" \/>\n<meta property=\"og:description\" content=\"Un r\u00f4ti juteux n\u2019est pas seulement un d\u00e9lice du dimanche midi. Qu\u2019il s\u2019agisse d\u2019une cocotte \u00e0 base de viande, de poisson ou de l\u00e9gumes, avec une cocotte\" \/>\n<meta property=\"og:url\" content=\"https:\/\/dev6.erresse-shop.it\/fr\/shop\/poeles-pots\/marmites-et-cocottes-poeles-pots\/staub-cocotte-ronde-20-cm-noir\/\" \/>\n<meta property=\"og:site_name\" content=\"dev6 Erresse\" \/>\n<meta property=\"og:image\" content=\"https:\/\/interpim.erresse-shop.it\/img-catalogo\/staub\/staub-cocotte-20-cm-nero-2.jpg\" \/><meta property=\"og:image\" content=\"https:\/\/interpim.erresse-shop.it\/img-catalogo\/staub\/staub-cocotte-20-cm-nero-2.jpg\" \/>\n\t<meta property=\"og:image:width\" content=\"1024\" \/>\n\t<meta property=\"og:image:height\" content=\"1024\" \/>\n\t<meta property=\"og:image:type\" content=\"image\/jpeg\" \/>\n<meta name=\"twitter:card\" content=\"summary_large_image\" \/>\n<meta name=\"twitter:image\" content=\"https:\/\/interpim.erresse-shop.it\/img-catalogo\/staub\/staub-cocotte-20-cm-nero-2.jpg\" \/>\n<script type=\"application\/ld+json\" class=\"yoast-schema-graph\">{\"@context\":\"https:\/\/schema.org\",\"@graph\":[{\"@type\":\"WebPage\",\"@id\":\"https:\/\/dev6.erresse-shop.it\/fr\/shop\/poeles-pots\/marmites-et-cocottes-poeles-pots\/staub-cocotte-ronde-20-cm-noir\/\",\"url\":\"https:\/\/dev6.erresse-shop.it\/fr\/shop\/poeles-pots\/marmites-et-cocottes-poeles-pots\/staub-cocotte-ronde-20-cm-noir\/\",\"name\":\"STAUB Cocotte ronde 20 cm Noir - dev6 Erresse\",\"isPartOf\":{\"@id\":\"https:\/\/dev6.erresse-shop.it\/#website\"},\"primaryImageOfPage\":{\"@id\":\"https:\/\/dev6.erresse-shop.it\/fr\/shop\/poeles-pots\/marmites-et-cocottes-poeles-pots\/staub-cocotte-ronde-20-cm-noir\/#primaryimage\"},\"image\":{\"@id\":\"https:\/\/dev6.erresse-shop.it\/fr\/shop\/poeles-pots\/marmites-et-cocottes-poeles-pots\/staub-cocotte-ronde-20-cm-noir\/#primaryimage\"},\"thumbnailUrl\":\"https:\/\/i1.wp.com\/interpim.erresse-shop.it\/img-catalogo\/staub\/staub-cocotte-20-cm-nero-2.jpg?ssl=1\",\"datePublished\":\"2026-04-12T06:43:39+00:00\",\"description\":\"Un r\u00f4ti juteux n\u2019est pas seulement un d\u00e9lice du dimanche midi. Qu\u2019il s\u2019agisse d\u2019une cocotte \u00e0 base de viande, de poisson ou de l\u00e9gumes, avec une cocotte\",\"breadcrumb\":{\"@id\":\"https:\/\/dev6.erresse-shop.it\/fr\/shop\/poeles-pots\/marmites-et-cocottes-poeles-pots\/staub-cocotte-ronde-20-cm-noir\/#breadcrumb\"},\"inLanguage\":\"fr-FR\",\"potentialAction\":[{\"@type\":\"ReadAction\",\"target\":[\"https:\/\/dev6.erresse-shop.it\/fr\/shop\/poeles-pots\/marmites-et-cocottes-poeles-pots\/staub-cocotte-ronde-20-cm-noir\/\"]}]},{\"@type\":\"ImageObject\",\"inLanguage\":\"fr-FR\",\"@id\":\"https:\/\/dev6.erresse-shop.it\/fr\/shop\/poeles-pots\/marmites-et-cocottes-poeles-pots\/staub-cocotte-ronde-20-cm-noir\/#primaryimage\",\"url\":\"https:\/\/i1.wp.com\/interpim.erresse-shop.it\/img-catalogo\/staub\/staub-cocotte-20-cm-nero-2.jpg?ssl=1\",\"contentUrl\":\"https:\/\/i1.wp.com\/interpim.erresse-shop.it\/img-catalogo\/staub\/staub-cocotte-20-cm-nero-2.jpg?ssl=1\"},{\"@type\":\"BreadcrumbList\",\"@id\":\"https:\/\/dev6.erresse-shop.it\/fr\/shop\/poeles-pots\/marmites-et-cocottes-poeles-pots\/staub-cocotte-ronde-20-cm-noir\/#breadcrumb\",\"itemListElement\":[{\"@type\":\"ListItem\",\"position\":1,\"name\":\"Home\",\"item\":\"https:\/\/dev6.erresse-shop.it\/\"},{\"@type\":\"ListItem\",\"position\":2,\"name\":\"Boutique\",\"item\":\"https:\/\/dev6.erresse-shop.it\/shop\/\"},{\"@type\":\"ListItem\",\"position\":3,\"name\":\"STAUB Cocotte ronde 20 cm Noir\"}]},{\"@type\":\"WebSite\",\"@id\":\"https:\/\/dev6.erresse-shop.it\/#website\",\"url\":\"https:\/\/dev6.erresse-shop.it\/\",\"name\":\"Erresse Shop\",\"description\":\"\",\"publisher\":{\"@id\":\"https:\/\/dev6.erresse-shop.it\/#organization\"},\"potentialAction\":[{\"@type\":\"SearchAction\",\"target\":{\"@type\":\"EntryPoint\",\"urlTemplate\":\"https:\/\/dev6.erresse-shop.it\/?s={search_term_string}\"},\"query-input\":{\"@type\":\"PropertyValueSpecification\",\"valueRequired\":true,\"valueName\":\"search_term_string\"}}],\"inLanguage\":\"fr-FR\"},{\"@type\":\"Organization\",\"@id\":\"https:\/\/dev6.erresse-shop.it\/#organization\",\"name\":\"Erresse Shop\",\"url\":\"https:\/\/dev6.erresse-shop.it\/\",\"logo\":{\"@type\":\"ImageObject\",\"inLanguage\":\"fr-FR\",\"@id\":\"https:\/\/dev6.erresse-shop.it\/#\/schema\/logo\/image\/\",\"url\":\"https:\/\/dev6.erresse-shop.it\/wp-content\/uploads\/2025\/01\/LOGO-ERRESSE-CLASSICO.svg\",\"contentUrl\":\"https:\/\/dev6.erresse-shop.it\/wp-content\/uploads\/2025\/01\/LOGO-ERRESSE-CLASSICO.svg\",\"caption\":\"Erresse Shop\"},\"image\":{\"@id\":\"https:\/\/dev6.erresse-shop.it\/#\/schema\/logo\/image\/\"}}]}<\/script>\n<!-- \/ Yoast SEO plugin. -->","yoast_head_json":{"title":"STAUB Cocotte ronde 20 cm Noir - dev6 Erresse","description":"Un r\u00f4ti juteux n\u2019est pas seulement un d\u00e9lice du dimanche midi. Qu\u2019il s\u2019agisse d\u2019une cocotte \u00e0 base de viande, de poisson ou de l\u00e9gumes, avec une cocotte","robots":{"index":"noindex","follow":"follow","max-snippet":"max-snippet:-1","max-image-preview":"max-image-preview:large","max-video-preview":"max-video-preview:-1"},"og_locale":"fr_FR","og_type":"article","og_title":"STAUB Cocotte ronde 20 cm Noir - dev6 Erresse","og_description":"Un r\u00f4ti juteux n\u2019est pas seulement un d\u00e9lice du dimanche midi. Qu\u2019il s\u2019agisse d\u2019une cocotte \u00e0 base de viande, de poisson ou de l\u00e9gumes, avec une cocotte","og_url":"https:\/\/dev6.erresse-shop.it\/fr\/shop\/poeles-pots\/marmites-et-cocottes-poeles-pots\/staub-cocotte-ronde-20-cm-noir\/","og_site_name":"dev6 Erresse","og_image":[{"url":"https:\/\/interpim.erresse-shop.it\/img-catalogo\/staub\/staub-cocotte-20-cm-nero-2.jpg","type":"","width":"","height":""},{"url":"https:\/\/interpim.erresse-shop.it\/img-catalogo\/staub\/staub-cocotte-20-cm-nero-2.jpg","width":1024,"height":1024,"type":"image\/jpeg"}],"twitter_card":"summary_large_image","twitter_image":"https:\/\/interpim.erresse-shop.it\/img-catalogo\/staub\/staub-cocotte-20-cm-nero-2.jpg","schema":{"@context":"https:\/\/schema.org","@graph":[{"@type":"WebPage","@id":"https:\/\/dev6.erresse-shop.it\/fr\/shop\/poeles-pots\/marmites-et-cocottes-poeles-pots\/staub-cocotte-ronde-20-cm-noir\/","url":"https:\/\/dev6.erresse-shop.it\/fr\/shop\/poeles-pots\/marmites-et-cocottes-poeles-pots\/staub-cocotte-ronde-20-cm-noir\/","name":"STAUB Cocotte ronde 20 cm Noir - dev6 Erresse","isPartOf":{"@id":"https:\/\/dev6.erresse-shop.it\/#website"},"primaryImageOfPage":{"@id":"https:\/\/dev6.erresse-shop.it\/fr\/shop\/poeles-pots\/marmites-et-cocottes-poeles-pots\/staub-cocotte-ronde-20-cm-noir\/#primaryimage"},"image":{"@id":"https:\/\/dev6.erresse-shop.it\/fr\/shop\/poeles-pots\/marmites-et-cocottes-poeles-pots\/staub-cocotte-ronde-20-cm-noir\/#primaryimage"},"thumbnailUrl":"https:\/\/i1.wp.com\/interpim.erresse-shop.it\/img-catalogo\/staub\/staub-cocotte-20-cm-nero-2.jpg?ssl=1","datePublished":"2026-04-12T06:43:39+00:00","description":"Un r\u00f4ti juteux n\u2019est pas seulement un d\u00e9lice du dimanche midi. Qu\u2019il s\u2019agisse d\u2019une cocotte \u00e0 base de viande, de poisson ou de l\u00e9gumes, avec une cocotte","breadcrumb":{"@id":"https:\/\/dev6.erresse-shop.it\/fr\/shop\/poeles-pots\/marmites-et-cocottes-poeles-pots\/staub-cocotte-ronde-20-cm-noir\/#breadcrumb"},"inLanguage":"fr-FR","potentialAction":[{"@type":"ReadAction","target":["https:\/\/dev6.erresse-shop.it\/fr\/shop\/poeles-pots\/marmites-et-cocottes-poeles-pots\/staub-cocotte-ronde-20-cm-noir\/"]}]},{"@type":"ImageObject","inLanguage":"fr-FR","@id":"https:\/\/dev6.erresse-shop.it\/fr\/shop\/poeles-pots\/marmites-et-cocottes-poeles-pots\/staub-cocotte-ronde-20-cm-noir\/#primaryimage","url":"https:\/\/i1.wp.com\/interpim.erresse-shop.it\/img-catalogo\/staub\/staub-cocotte-20-cm-nero-2.jpg?ssl=1","contentUrl":"https:\/\/i1.wp.com\/interpim.erresse-shop.it\/img-catalogo\/staub\/staub-cocotte-20-cm-nero-2.jpg?ssl=1"},{"@type":"BreadcrumbList","@id":"https:\/\/dev6.erresse-shop.it\/fr\/shop\/poeles-pots\/marmites-et-cocottes-poeles-pots\/staub-cocotte-ronde-20-cm-noir\/#breadcrumb","itemListElement":[{"@type":"ListItem","position":1,"name":"Home","item":"https:\/\/dev6.erresse-shop.it\/"},{"@type":"ListItem","position":2,"name":"Boutique","item":"https:\/\/dev6.erresse-shop.it\/shop\/"},{"@type":"ListItem","position":3,"name":"STAUB Cocotte ronde 20 cm Noir"}]},{"@type":"WebSite","@id":"https:\/\/dev6.erresse-shop.it\/#website","url":"https:\/\/dev6.erresse-shop.it\/","name":"Erresse Shop","description":"","publisher":{"@id":"https:\/\/dev6.erresse-shop.it\/#organization"},"potentialAction":[{"@type":"SearchAction","target":{"@type":"EntryPoint","urlTemplate":"https:\/\/dev6.erresse-shop.it\/?s={search_term_string}"},"query-input":{"@type":"PropertyValueSpecification","valueRequired":true,"valueName":"search_term_string"}}],"inLanguage":"fr-FR"},{"@type":"Organization","@id":"https:\/\/dev6.erresse-shop.it\/#organization","name":"Erresse Shop","url":"https:\/\/dev6.erresse-shop.it\/","logo":{"@type":"ImageObject","inLanguage":"fr-FR","@id":"https:\/\/dev6.erresse-shop.it\/#\/schema\/logo\/image\/","url":"https:\/\/dev6.erresse-shop.it\/wp-content\/uploads\/2025\/01\/LOGO-ERRESSE-CLASSICO.svg","contentUrl":"https:\/\/dev6.erresse-shop.it\/wp-content\/uploads\/2025\/01\/LOGO-ERRESSE-CLASSICO.svg","caption":"Erresse Shop"},"image":{"@id":"https:\/\/dev6.erresse-shop.it\/#\/schema\/logo\/image\/"}}]}},"df_price":149.95,"df_sale_price":149.95,"df_regular_price":229,"df_image_link":"https:\/\/i1.wp.com\/interpim.erresse-shop.it\/img-catalogo\/staub\/staub-cocotte-20-cm-nero-2.jpg?resize=300,300&ssl=1","fifu_image_url":"https:\/\/interpim.erresse-shop.it\/img-catalogo\/staub\/staub-cocotte-20-cm-nero-2.jpg","_links":{"self":[{"href":"https:\/\/dev6.erresse-shop.it\/fr\/wp-json\/wp\/v2\/product\/59392","targetHints":{"allow":["GET"]}}],"collection":[{"href":"https:\/\/dev6.erresse-shop.it\/fr\/wp-json\/wp\/v2\/product"}],"about":[{"href":"https:\/\/dev6.erresse-shop.it\/fr\/wp-json\/wp\/v2\/types\/product"}],"wp:featuredmedia":[{"embeddable":true,"href":"https:\/\/dev6.erresse-shop.it\/fr\/wp-json\/wp\/v2\/media\/6352857"}],"wp:attachment":[{"href":"https:\/\/dev6.erresse-shop.it\/fr\/wp-json\/wp\/v2\/media?parent=59392"}],"wp:term":[{"taxonomy":"product_cat","embeddable":true,"href":"https:\/\/dev6.erresse-shop.it\/fr\/wp-json\/wp\/v2\/product_cat?post=59392"},{"taxonomy":"product_tag","embeddable":true,"href":"https:\/\/dev6.erresse-shop.it\/fr\/wp-json\/wp\/v2\/product_tag?post=59392"}],"curies":[{"name":"wp","href":"https:\/\/api.w.org\/{rel}","templated":true}]}}