{"id":59388,"date":"2026-04-12T08:43:39","date_gmt":"2026-04-12T06:43:39","guid":{"rendered":"https:\/\/dev6.erresse-shop.it\/shop\/non%20class\u00e9\/ooni-planche-en-bois-pour-four-koda\/"},"modified":"2025-09-14T04:23:19","modified_gmt":"2025-09-14T02:23:19","slug":"ooni-planche-en-bois-pour-four-koda","status":"publish","type":"product","link":"https:\/\/dev6.erresse-shop.it\/fr\/shop\/petits-electromenagers\/fours\/ooni-planche-en-bois-pour-four-koda\/","title":{"rendered":"OONI Planche en Bois pour four Koda"},"content":{"rendered":"<p>Faites glisser les pizzas dans le four avec facilit\u00e9 gr\u00e2ce \u00e0 la pelle \u00e0 pizza en bambou de 35 cm, l\u00e9g\u00e8re et durable. Sa surface en bambou, lisse et r\u00e9sistante \u00e0 l\u2019humidit\u00e9, emp\u00eache la p\u00e2te \u00e0 pizza de coller. Le bord fin le rend maniable et facile \u00e0 soulever.<br \/>\nElle peut \u00e9galement servir de planche \u00e0 d\u00e9couper pour trancher et servir.<\/p>\n<p>Mat\u00e9riau : Bambou<br \/>\nRemarque : Cette pelle \u00e0 pizza est compatible avec le four Ooni Koda.<\/p>\n","protected":false},"excerpt":{"rendered":"<p>Faites glisser les pizzas dans le four avec facilit\u00e9 gr\u00e2ce \u00e0 la pelle \u00e0 pizza en bambou de 35 cm, l\u00e9g\u00e8re et durable. Sa surface en bambou, lisse et r\u00e9sistante \u00e0 l\u2019humidit\u00e9, emp\u00eache la p\u00e2te \u00e0 pizza de coller. Le bord fin le rend maniable et facile \u00e0 soulever. Elle peut \u00e9galement servir de planche [&hellip;]<\/p>\n","protected":false},"featured_media":6352842,"template":"","meta":{"_acf_changed":false},"product_cat":[12085,12055],"product_tag":[],"class_list":{"0":"post-59388","1":"product","2":"type-product","3":"status-publish","4":"has-post-thumbnail","6":"product_cat-fours","7":"product_cat-petits-electromenagers","9":"first","10":"instock","11":"taxable","12":"shipping-taxable","13":"purchasable","14":"product-type-simple","swatches":"rey-swatches","show_selected":"","stretch_labels":"rey-swatches--stretch-labels"},"acf":[],"yoast_head":"<!-- This site is optimized with the Yoast SEO plugin v25.4 - https:\/\/yoast.com\/wordpress\/plugins\/seo\/ -->\n<title>OONI Planche en Bois pour four Koda - dev6 Erresse<\/title>\n<meta name=\"description\" content=\"Faites glisser les pizzas dans le four avec facilit\u00e9 gr\u00e2ce \u00e0 la pelle \u00e0 pizza en bambou de 35 cm, l\u00e9g\u00e8re et durable. Sa surface en bambou, lisse et\" \/>\n<meta name=\"robots\" content=\"noindex, follow, max-snippet:-1, max-image-preview:large, max-video-preview:-1\" \/>\n<meta property=\"og:locale\" content=\"fr_FR\" \/>\n<meta property=\"og:type\" content=\"article\" \/>\n<meta property=\"og:title\" content=\"OONI Planche en Bois pour four Koda - dev6 Erresse\" \/>\n<meta property=\"og:description\" content=\"Faites glisser les pizzas dans le four avec facilit\u00e9 gr\u00e2ce \u00e0 la pelle \u00e0 pizza en bambou de 35 cm, l\u00e9g\u00e8re et durable. Sa surface en bambou, lisse et\" \/>\n<meta property=\"og:url\" content=\"https:\/\/dev6.erresse-shop.it\/fr\/shop\/petits-electromenagers\/fours\/ooni-planche-en-bois-pour-four-koda\/\" \/>\n<meta property=\"og:site_name\" content=\"dev6 Erresse\" \/>\n<meta property=\"og:image\" content=\"https:\/\/interpim.erresse-shop.it\/img-catalogo\/ooni\/ooni-pala-in-legno-per-forno.jpg\" \/><meta property=\"og:image\" content=\"https:\/\/interpim.erresse-shop.it\/img-catalogo\/ooni\/ooni-pala-in-legno-per-forno.jpg\" \/>\n\t<meta property=\"og:image:width\" content=\"1024\" \/>\n\t<meta property=\"og:image:height\" content=\"1024\" \/>\n\t<meta property=\"og:image:type\" content=\"image\/jpeg\" \/>\n<meta name=\"twitter:card\" content=\"summary_large_image\" \/>\n<meta name=\"twitter:image\" content=\"https:\/\/interpim.erresse-shop.it\/img-catalogo\/ooni\/ooni-pala-in-legno-per-forno.jpg\" \/>\n<script type=\"application\/ld+json\" class=\"yoast-schema-graph\">{\"@context\":\"https:\/\/schema.org\",\"@graph\":[{\"@type\":\"WebPage\",\"@id\":\"https:\/\/dev6.erresse-shop.it\/fr\/shop\/petits-electromenagers\/fours\/ooni-planche-en-bois-pour-four-koda\/\",\"url\":\"https:\/\/dev6.erresse-shop.it\/fr\/shop\/petits-electromenagers\/fours\/ooni-planche-en-bois-pour-four-koda\/\",\"name\":\"OONI Planche en Bois pour four Koda - dev6 Erresse\",\"isPartOf\":{\"@id\":\"https:\/\/dev6.erresse-shop.it\/#website\"},\"primaryImageOfPage\":{\"@id\":\"https:\/\/dev6.erresse-shop.it\/fr\/shop\/petits-electromenagers\/fours\/ooni-planche-en-bois-pour-four-koda\/#primaryimage\"},\"image\":{\"@id\":\"https:\/\/dev6.erresse-shop.it\/fr\/shop\/petits-electromenagers\/fours\/ooni-planche-en-bois-pour-four-koda\/#primaryimage\"},\"thumbnailUrl\":\"https:\/\/i0.wp.com\/interpim.erresse-shop.it\/img-catalogo\/ooni\/ooni-pala-in-legno-per-forno.jpg?ssl=1\",\"datePublished\":\"2026-04-12T06:43:39+00:00\",\"description\":\"Faites glisser les pizzas dans le four avec facilit\u00e9 gr\u00e2ce \u00e0 la pelle \u00e0 pizza en bambou de 35 cm, l\u00e9g\u00e8re et durable. Sa surface en bambou, lisse et\",\"breadcrumb\":{\"@id\":\"https:\/\/dev6.erresse-shop.it\/fr\/shop\/petits-electromenagers\/fours\/ooni-planche-en-bois-pour-four-koda\/#breadcrumb\"},\"inLanguage\":\"fr-FR\",\"potentialAction\":[{\"@type\":\"ReadAction\",\"target\":[\"https:\/\/dev6.erresse-shop.it\/fr\/shop\/petits-electromenagers\/fours\/ooni-planche-en-bois-pour-four-koda\/\"]}]},{\"@type\":\"ImageObject\",\"inLanguage\":\"fr-FR\",\"@id\":\"https:\/\/dev6.erresse-shop.it\/fr\/shop\/petits-electromenagers\/fours\/ooni-planche-en-bois-pour-four-koda\/#primaryimage\",\"url\":\"https:\/\/i0.wp.com\/interpim.erresse-shop.it\/img-catalogo\/ooni\/ooni-pala-in-legno-per-forno.jpg?ssl=1\",\"contentUrl\":\"https:\/\/i0.wp.com\/interpim.erresse-shop.it\/img-catalogo\/ooni\/ooni-pala-in-legno-per-forno.jpg?ssl=1\"},{\"@type\":\"BreadcrumbList\",\"@id\":\"https:\/\/dev6.erresse-shop.it\/fr\/shop\/petits-electromenagers\/fours\/ooni-planche-en-bois-pour-four-koda\/#breadcrumb\",\"itemListElement\":[{\"@type\":\"ListItem\",\"position\":1,\"name\":\"Home\",\"item\":\"https:\/\/dev6.erresse-shop.it\/\"},{\"@type\":\"ListItem\",\"position\":2,\"name\":\"Boutique\",\"item\":\"https:\/\/dev6.erresse-shop.it\/shop\/\"},{\"@type\":\"ListItem\",\"position\":3,\"name\":\"OONI Planche en Bois pour four Koda\"}]},{\"@type\":\"WebSite\",\"@id\":\"https:\/\/dev6.erresse-shop.it\/#website\",\"url\":\"https:\/\/dev6.erresse-shop.it\/\",\"name\":\"Erresse Shop\",\"description\":\"\",\"publisher\":{\"@id\":\"https:\/\/dev6.erresse-shop.it\/#organization\"},\"potentialAction\":[{\"@type\":\"SearchAction\",\"target\":{\"@type\":\"EntryPoint\",\"urlTemplate\":\"https:\/\/dev6.erresse-shop.it\/?s={search_term_string}\"},\"query-input\":{\"@type\":\"PropertyValueSpecification\",\"valueRequired\":true,\"valueName\":\"search_term_string\"}}],\"inLanguage\":\"fr-FR\"},{\"@type\":\"Organization\",\"@id\":\"https:\/\/dev6.erresse-shop.it\/#organization\",\"name\":\"Erresse Shop\",\"url\":\"https:\/\/dev6.erresse-shop.it\/\",\"logo\":{\"@type\":\"ImageObject\",\"inLanguage\":\"fr-FR\",\"@id\":\"https:\/\/dev6.erresse-shop.it\/#\/schema\/logo\/image\/\",\"url\":\"https:\/\/dev6.erresse-shop.it\/wp-content\/uploads\/2025\/01\/LOGO-ERRESSE-CLASSICO.svg\",\"contentUrl\":\"https:\/\/dev6.erresse-shop.it\/wp-content\/uploads\/2025\/01\/LOGO-ERRESSE-CLASSICO.svg\",\"caption\":\"Erresse Shop\"},\"image\":{\"@id\":\"https:\/\/dev6.erresse-shop.it\/#\/schema\/logo\/image\/\"}}]}<\/script>\n<!-- \/ Yoast SEO plugin. -->","yoast_head_json":{"title":"OONI Planche en Bois pour four Koda - dev6 Erresse","description":"Faites glisser les pizzas dans le four avec facilit\u00e9 gr\u00e2ce \u00e0 la pelle \u00e0 pizza en bambou de 35 cm, l\u00e9g\u00e8re et durable. Sa surface en bambou, lisse et","robots":{"index":"noindex","follow":"follow","max-snippet":"max-snippet:-1","max-image-preview":"max-image-preview:large","max-video-preview":"max-video-preview:-1"},"og_locale":"fr_FR","og_type":"article","og_title":"OONI Planche en Bois pour four Koda - dev6 Erresse","og_description":"Faites glisser les pizzas dans le four avec facilit\u00e9 gr\u00e2ce \u00e0 la pelle \u00e0 pizza en bambou de 35 cm, l\u00e9g\u00e8re et durable. Sa surface en bambou, lisse et","og_url":"https:\/\/dev6.erresse-shop.it\/fr\/shop\/petits-electromenagers\/fours\/ooni-planche-en-bois-pour-four-koda\/","og_site_name":"dev6 Erresse","og_image":[{"url":"https:\/\/interpim.erresse-shop.it\/img-catalogo\/ooni\/ooni-pala-in-legno-per-forno.jpg","type":"","width":"","height":""},{"url":"https:\/\/interpim.erresse-shop.it\/img-catalogo\/ooni\/ooni-pala-in-legno-per-forno.jpg","width":1024,"height":1024,"type":"image\/jpeg"}],"twitter_card":"summary_large_image","twitter_image":"https:\/\/interpim.erresse-shop.it\/img-catalogo\/ooni\/ooni-pala-in-legno-per-forno.jpg","schema":{"@context":"https:\/\/schema.org","@graph":[{"@type":"WebPage","@id":"https:\/\/dev6.erresse-shop.it\/fr\/shop\/petits-electromenagers\/fours\/ooni-planche-en-bois-pour-four-koda\/","url":"https:\/\/dev6.erresse-shop.it\/fr\/shop\/petits-electromenagers\/fours\/ooni-planche-en-bois-pour-four-koda\/","name":"OONI Planche en Bois pour four Koda - dev6 Erresse","isPartOf":{"@id":"https:\/\/dev6.erresse-shop.it\/#website"},"primaryImageOfPage":{"@id":"https:\/\/dev6.erresse-shop.it\/fr\/shop\/petits-electromenagers\/fours\/ooni-planche-en-bois-pour-four-koda\/#primaryimage"},"image":{"@id":"https:\/\/dev6.erresse-shop.it\/fr\/shop\/petits-electromenagers\/fours\/ooni-planche-en-bois-pour-four-koda\/#primaryimage"},"thumbnailUrl":"https:\/\/i0.wp.com\/interpim.erresse-shop.it\/img-catalogo\/ooni\/ooni-pala-in-legno-per-forno.jpg?ssl=1","datePublished":"2026-04-12T06:43:39+00:00","description":"Faites glisser les pizzas dans le four avec facilit\u00e9 gr\u00e2ce \u00e0 la pelle \u00e0 pizza en bambou de 35 cm, l\u00e9g\u00e8re et durable. Sa surface en bambou, lisse et","breadcrumb":{"@id":"https:\/\/dev6.erresse-shop.it\/fr\/shop\/petits-electromenagers\/fours\/ooni-planche-en-bois-pour-four-koda\/#breadcrumb"},"inLanguage":"fr-FR","potentialAction":[{"@type":"ReadAction","target":["https:\/\/dev6.erresse-shop.it\/fr\/shop\/petits-electromenagers\/fours\/ooni-planche-en-bois-pour-four-koda\/"]}]},{"@type":"ImageObject","inLanguage":"fr-FR","@id":"https:\/\/dev6.erresse-shop.it\/fr\/shop\/petits-electromenagers\/fours\/ooni-planche-en-bois-pour-four-koda\/#primaryimage","url":"https:\/\/i0.wp.com\/interpim.erresse-shop.it\/img-catalogo\/ooni\/ooni-pala-in-legno-per-forno.jpg?ssl=1","contentUrl":"https:\/\/i0.wp.com\/interpim.erresse-shop.it\/img-catalogo\/ooni\/ooni-pala-in-legno-per-forno.jpg?ssl=1"},{"@type":"BreadcrumbList","@id":"https:\/\/dev6.erresse-shop.it\/fr\/shop\/petits-electromenagers\/fours\/ooni-planche-en-bois-pour-four-koda\/#breadcrumb","itemListElement":[{"@type":"ListItem","position":1,"name":"Home","item":"https:\/\/dev6.erresse-shop.it\/"},{"@type":"ListItem","position":2,"name":"Boutique","item":"https:\/\/dev6.erresse-shop.it\/shop\/"},{"@type":"ListItem","position":3,"name":"OONI Planche en Bois pour four Koda"}]},{"@type":"WebSite","@id":"https:\/\/dev6.erresse-shop.it\/#website","url":"https:\/\/dev6.erresse-shop.it\/","name":"Erresse Shop","description":"","publisher":{"@id":"https:\/\/dev6.erresse-shop.it\/#organization"},"potentialAction":[{"@type":"SearchAction","target":{"@type":"EntryPoint","urlTemplate":"https:\/\/dev6.erresse-shop.it\/?s={search_term_string}"},"query-input":{"@type":"PropertyValueSpecification","valueRequired":true,"valueName":"search_term_string"}}],"inLanguage":"fr-FR"},{"@type":"Organization","@id":"https:\/\/dev6.erresse-shop.it\/#organization","name":"Erresse Shop","url":"https:\/\/dev6.erresse-shop.it\/","logo":{"@type":"ImageObject","inLanguage":"fr-FR","@id":"https:\/\/dev6.erresse-shop.it\/#\/schema\/logo\/image\/","url":"https:\/\/dev6.erresse-shop.it\/wp-content\/uploads\/2025\/01\/LOGO-ERRESSE-CLASSICO.svg","contentUrl":"https:\/\/dev6.erresse-shop.it\/wp-content\/uploads\/2025\/01\/LOGO-ERRESSE-CLASSICO.svg","caption":"Erresse Shop"},"image":{"@id":"https:\/\/dev6.erresse-shop.it\/#\/schema\/logo\/image\/"}}]}},"df_price":34.99,"df_sale_price":"","df_regular_price":34.99,"df_image_link":"https:\/\/i0.wp.com\/interpim.erresse-shop.it\/img-catalogo\/ooni\/ooni-pala-in-legno-per-forno.jpg?resize=300,300&ssl=1","fifu_image_url":"https:\/\/interpim.erresse-shop.it\/img-catalogo\/ooni\/ooni-pala-in-legno-per-forno.jpg","_links":{"self":[{"href":"https:\/\/dev6.erresse-shop.it\/fr\/wp-json\/wp\/v2\/product\/59388","targetHints":{"allow":["GET"]}}],"collection":[{"href":"https:\/\/dev6.erresse-shop.it\/fr\/wp-json\/wp\/v2\/product"}],"about":[{"href":"https:\/\/dev6.erresse-shop.it\/fr\/wp-json\/wp\/v2\/types\/product"}],"wp:featuredmedia":[{"embeddable":true,"href":"https:\/\/dev6.erresse-shop.it\/fr\/wp-json\/wp\/v2\/media\/6352842"}],"wp:attachment":[{"href":"https:\/\/dev6.erresse-shop.it\/fr\/wp-json\/wp\/v2\/media?parent=59388"}],"wp:term":[{"taxonomy":"product_cat","embeddable":true,"href":"https:\/\/dev6.erresse-shop.it\/fr\/wp-json\/wp\/v2\/product_cat?post=59388"},{"taxonomy":"product_tag","embeddable":true,"href":"https:\/\/dev6.erresse-shop.it\/fr\/wp-json\/wp\/v2\/product_tag?post=59388"}],"curies":[{"name":"wp","href":"https:\/\/api.w.org\/{rel}","templated":true}]}}