{"id":59386,"date":"2026-04-12T08:43:39","date_gmt":"2026-04-12T06:43:39","guid":{"rendered":"https:\/\/dev6.erresse-shop.it\/shop\/non%20class\u00e9\/ooni-fyra-four-a-pizza-portable-a-granules-de-bois\/"},"modified":"2025-07-19T03:59:45","modified_gmt":"2025-07-19T01:59:45","slug":"ooni-fyra-four-a-pizza-portable-a-granules-de-bois","status":"publish","type":"product","link":"https:\/\/dev6.erresse-shop.it\/fr\/shop\/petits-electromenagers\/fours\/ooni-fyra-four-a-pizza-portable-a-granules-de-bois\/","title":{"rendered":"OONI Fyra Four \u00e0 Pizza Portable \u00e0 Granul\u00e9s de Bois"},"content":{"rendered":"<p>Four portable aliment\u00e9 par des granul\u00e9s de bois et capable de cuire une authentique pizza cuite sur pierre, avec les saveurs d\u2019un four \u00e0 bois, dans n\u2019importe quel espace ext\u00e9rieur en seulement 60 secondes.<br \/>\nAllumage instantan\u00e9 et r\u00e9glage de la chaleur.<br \/>\nCon\u00e7u pour \u00eatre rapide, pratique et facile \u00e0 utiliser, pour \u00eatre maniable et l\u00e9ger et pour \u00eatre emport\u00e9 partout.<\/p>\n<p>Atteint une temp\u00e9rature de 500\u02daC pr\u00eate \u00e0 cuire dans les 15 minutes suivant sa mise en marche.<\/p>\n<p>\u00c0 l\u2019int\u00e9rieur se trouve une plaque de pierre cordi\u00e9rite de 30 cm de large (10 mm d\u2019\u00e9paisseur).<br \/>\nPizza en 60 secondes seulement<br \/>\nChemin\u00e9e et tr\u00e9mie \u00e0 granul\u00e9s (amovible)<br \/>\nPieds pliants<\/p>\n","protected":false},"excerpt":{"rendered":"<p>Four portable aliment\u00e9 par des granul\u00e9s de bois et capable de cuire une authentique pizza cuite sur pierre, avec les saveurs d\u2019un four \u00e0 bois, dans n\u2019importe quel espace ext\u00e9rieur en seulement 60 secondes. Allumage instantan\u00e9 et r\u00e9glage de la chaleur. Con\u00e7u pour \u00eatre rapide, pratique et facile \u00e0 utiliser, pour \u00eatre maniable et l\u00e9ger [&hellip;]<\/p>\n","protected":false},"featured_media":6352834,"template":"","meta":{"_acf_changed":false},"product_cat":[12085,12055],"product_tag":[],"class_list":{"0":"post-59386","1":"product","2":"type-product","3":"status-publish","4":"has-post-thumbnail","6":"product_cat-fours","7":"product_cat-petits-electromenagers","9":"first","10":"instock","11":"sale","12":"taxable","13":"shipping-taxable","14":"purchasable","15":"product-type-simple","swatches":"rey-swatches","show_selected":"","stretch_labels":"rey-swatches--stretch-labels"},"acf":[],"yoast_head":"<!-- This site is optimized with the Yoast SEO plugin v25.4 - https:\/\/yoast.com\/wordpress\/plugins\/seo\/ -->\n<title>OONI Fyra Four \u00e0 Pizza Portable \u00e0 Granul\u00e9s de Bois - dev6 Erresse<\/title>\n<meta name=\"description\" content=\"Four portable aliment\u00e9 par des granul\u00e9s de bois et capable de cuire une authentique pizza cuite sur pierre, avec les saveurs d\u2019un four \u00e0 bois, dans\" \/>\n<meta name=\"robots\" content=\"noindex, follow, max-snippet:-1, max-image-preview:large, max-video-preview:-1\" \/>\n<meta property=\"og:locale\" content=\"fr_FR\" \/>\n<meta property=\"og:type\" content=\"article\" \/>\n<meta property=\"og:title\" content=\"OONI Fyra Four \u00e0 Pizza Portable \u00e0 Granul\u00e9s de Bois - dev6 Erresse\" \/>\n<meta property=\"og:description\" content=\"Four portable aliment\u00e9 par des granul\u00e9s de bois et capable de cuire une authentique pizza cuite sur pierre, avec les saveurs d\u2019un four \u00e0 bois, dans\" \/>\n<meta property=\"og:url\" content=\"https:\/\/dev6.erresse-shop.it\/fr\/shop\/petits-electromenagers\/fours\/ooni-fyra-four-a-pizza-portable-a-granules-de-bois\/\" \/>\n<meta property=\"og:site_name\" content=\"dev6 Erresse\" \/>\n<meta property=\"og:image\" content=\"https:\/\/interpim.erresse-shop.it\/img-catalogo\/ooni\/ooni-fyra-forno-portatile-a-pellet-per-pizza.jpg\" \/><meta property=\"og:image\" content=\"https:\/\/interpim.erresse-shop.it\/img-catalogo\/ooni\/ooni-fyra-forno-portatile-a-pellet-per-pizza.jpg\" \/>\n\t<meta property=\"og:image:width\" content=\"1024\" \/>\n\t<meta property=\"og:image:height\" content=\"1024\" \/>\n\t<meta property=\"og:image:type\" content=\"image\/jpeg\" \/>\n<meta name=\"twitter:card\" content=\"summary_large_image\" \/>\n<meta name=\"twitter:image\" content=\"https:\/\/interpim.erresse-shop.it\/img-catalogo\/ooni\/ooni-fyra-forno-portatile-a-pellet-per-pizza.jpg\" \/>\n<script type=\"application\/ld+json\" class=\"yoast-schema-graph\">{\"@context\":\"https:\/\/schema.org\",\"@graph\":[{\"@type\":\"WebPage\",\"@id\":\"https:\/\/dev6.erresse-shop.it\/fr\/shop\/petits-electromenagers\/fours\/ooni-fyra-four-a-pizza-portable-a-granules-de-bois\/\",\"url\":\"https:\/\/dev6.erresse-shop.it\/fr\/shop\/petits-electromenagers\/fours\/ooni-fyra-four-a-pizza-portable-a-granules-de-bois\/\",\"name\":\"OONI Fyra Four \u00e0 Pizza Portable \u00e0 Granul\u00e9s de Bois - dev6 Erresse\",\"isPartOf\":{\"@id\":\"https:\/\/dev6.erresse-shop.it\/#website\"},\"primaryImageOfPage\":{\"@id\":\"https:\/\/dev6.erresse-shop.it\/fr\/shop\/petits-electromenagers\/fours\/ooni-fyra-four-a-pizza-portable-a-granules-de-bois\/#primaryimage\"},\"image\":{\"@id\":\"https:\/\/dev6.erresse-shop.it\/fr\/shop\/petits-electromenagers\/fours\/ooni-fyra-four-a-pizza-portable-a-granules-de-bois\/#primaryimage\"},\"thumbnailUrl\":\"https:\/\/i0.wp.com\/interpim.erresse-shop.it\/img-catalogo\/ooni\/ooni-fyra-forno-portatile-a-pellet-per-pizza.jpg?ssl=1\",\"datePublished\":\"2026-04-12T06:43:39+00:00\",\"description\":\"Four portable aliment\u00e9 par des granul\u00e9s de bois et capable de cuire une authentique pizza cuite sur pierre, avec les saveurs d\u2019un four \u00e0 bois, dans\",\"breadcrumb\":{\"@id\":\"https:\/\/dev6.erresse-shop.it\/fr\/shop\/petits-electromenagers\/fours\/ooni-fyra-four-a-pizza-portable-a-granules-de-bois\/#breadcrumb\"},\"inLanguage\":\"fr-FR\",\"potentialAction\":[{\"@type\":\"ReadAction\",\"target\":[\"https:\/\/dev6.erresse-shop.it\/fr\/shop\/petits-electromenagers\/fours\/ooni-fyra-four-a-pizza-portable-a-granules-de-bois\/\"]}]},{\"@type\":\"ImageObject\",\"inLanguage\":\"fr-FR\",\"@id\":\"https:\/\/dev6.erresse-shop.it\/fr\/shop\/petits-electromenagers\/fours\/ooni-fyra-four-a-pizza-portable-a-granules-de-bois\/#primaryimage\",\"url\":\"https:\/\/i0.wp.com\/interpim.erresse-shop.it\/img-catalogo\/ooni\/ooni-fyra-forno-portatile-a-pellet-per-pizza.jpg?ssl=1\",\"contentUrl\":\"https:\/\/i0.wp.com\/interpim.erresse-shop.it\/img-catalogo\/ooni\/ooni-fyra-forno-portatile-a-pellet-per-pizza.jpg?ssl=1\"},{\"@type\":\"BreadcrumbList\",\"@id\":\"https:\/\/dev6.erresse-shop.it\/fr\/shop\/petits-electromenagers\/fours\/ooni-fyra-four-a-pizza-portable-a-granules-de-bois\/#breadcrumb\",\"itemListElement\":[{\"@type\":\"ListItem\",\"position\":1,\"name\":\"Home\",\"item\":\"https:\/\/dev6.erresse-shop.it\/\"},{\"@type\":\"ListItem\",\"position\":2,\"name\":\"Boutique\",\"item\":\"https:\/\/dev6.erresse-shop.it\/shop\/\"},{\"@type\":\"ListItem\",\"position\":3,\"name\":\"OONI Fyra Four \u00e0 Pizza Portable \u00e0 Granul\u00e9s de Bois\"}]},{\"@type\":\"WebSite\",\"@id\":\"https:\/\/dev6.erresse-shop.it\/#website\",\"url\":\"https:\/\/dev6.erresse-shop.it\/\",\"name\":\"Erresse Shop\",\"description\":\"\",\"publisher\":{\"@id\":\"https:\/\/dev6.erresse-shop.it\/#organization\"},\"potentialAction\":[{\"@type\":\"SearchAction\",\"target\":{\"@type\":\"EntryPoint\",\"urlTemplate\":\"https:\/\/dev6.erresse-shop.it\/?s={search_term_string}\"},\"query-input\":{\"@type\":\"PropertyValueSpecification\",\"valueRequired\":true,\"valueName\":\"search_term_string\"}}],\"inLanguage\":\"fr-FR\"},{\"@type\":\"Organization\",\"@id\":\"https:\/\/dev6.erresse-shop.it\/#organization\",\"name\":\"Erresse Shop\",\"url\":\"https:\/\/dev6.erresse-shop.it\/\",\"logo\":{\"@type\":\"ImageObject\",\"inLanguage\":\"fr-FR\",\"@id\":\"https:\/\/dev6.erresse-shop.it\/#\/schema\/logo\/image\/\",\"url\":\"https:\/\/dev6.erresse-shop.it\/wp-content\/uploads\/2025\/01\/LOGO-ERRESSE-CLASSICO.svg\",\"contentUrl\":\"https:\/\/dev6.erresse-shop.it\/wp-content\/uploads\/2025\/01\/LOGO-ERRESSE-CLASSICO.svg\",\"caption\":\"Erresse Shop\"},\"image\":{\"@id\":\"https:\/\/dev6.erresse-shop.it\/#\/schema\/logo\/image\/\"}}]}<\/script>\n<!-- \/ Yoast SEO plugin. -->","yoast_head_json":{"title":"OONI Fyra Four \u00e0 Pizza Portable \u00e0 Granul\u00e9s de Bois - dev6 Erresse","description":"Four portable aliment\u00e9 par des granul\u00e9s de bois et capable de cuire une authentique pizza cuite sur pierre, avec les saveurs d\u2019un four \u00e0 bois, dans","robots":{"index":"noindex","follow":"follow","max-snippet":"max-snippet:-1","max-image-preview":"max-image-preview:large","max-video-preview":"max-video-preview:-1"},"og_locale":"fr_FR","og_type":"article","og_title":"OONI Fyra Four \u00e0 Pizza Portable \u00e0 Granul\u00e9s de Bois - dev6 Erresse","og_description":"Four portable aliment\u00e9 par des granul\u00e9s de bois et capable de cuire une authentique pizza cuite sur pierre, avec les saveurs d\u2019un four \u00e0 bois, dans","og_url":"https:\/\/dev6.erresse-shop.it\/fr\/shop\/petits-electromenagers\/fours\/ooni-fyra-four-a-pizza-portable-a-granules-de-bois\/","og_site_name":"dev6 Erresse","og_image":[{"url":"https:\/\/interpim.erresse-shop.it\/img-catalogo\/ooni\/ooni-fyra-forno-portatile-a-pellet-per-pizza.jpg","type":"","width":"","height":""},{"url":"https:\/\/interpim.erresse-shop.it\/img-catalogo\/ooni\/ooni-fyra-forno-portatile-a-pellet-per-pizza.jpg","width":1024,"height":1024,"type":"image\/jpeg"}],"twitter_card":"summary_large_image","twitter_image":"https:\/\/interpim.erresse-shop.it\/img-catalogo\/ooni\/ooni-fyra-forno-portatile-a-pellet-per-pizza.jpg","schema":{"@context":"https:\/\/schema.org","@graph":[{"@type":"WebPage","@id":"https:\/\/dev6.erresse-shop.it\/fr\/shop\/petits-electromenagers\/fours\/ooni-fyra-four-a-pizza-portable-a-granules-de-bois\/","url":"https:\/\/dev6.erresse-shop.it\/fr\/shop\/petits-electromenagers\/fours\/ooni-fyra-four-a-pizza-portable-a-granules-de-bois\/","name":"OONI Fyra Four \u00e0 Pizza Portable \u00e0 Granul\u00e9s de Bois - dev6 Erresse","isPartOf":{"@id":"https:\/\/dev6.erresse-shop.it\/#website"},"primaryImageOfPage":{"@id":"https:\/\/dev6.erresse-shop.it\/fr\/shop\/petits-electromenagers\/fours\/ooni-fyra-four-a-pizza-portable-a-granules-de-bois\/#primaryimage"},"image":{"@id":"https:\/\/dev6.erresse-shop.it\/fr\/shop\/petits-electromenagers\/fours\/ooni-fyra-four-a-pizza-portable-a-granules-de-bois\/#primaryimage"},"thumbnailUrl":"https:\/\/i0.wp.com\/interpim.erresse-shop.it\/img-catalogo\/ooni\/ooni-fyra-forno-portatile-a-pellet-per-pizza.jpg?ssl=1","datePublished":"2026-04-12T06:43:39+00:00","description":"Four portable aliment\u00e9 par des granul\u00e9s de bois et capable de cuire une authentique pizza cuite sur pierre, avec les saveurs d\u2019un four \u00e0 bois, dans","breadcrumb":{"@id":"https:\/\/dev6.erresse-shop.it\/fr\/shop\/petits-electromenagers\/fours\/ooni-fyra-four-a-pizza-portable-a-granules-de-bois\/#breadcrumb"},"inLanguage":"fr-FR","potentialAction":[{"@type":"ReadAction","target":["https:\/\/dev6.erresse-shop.it\/fr\/shop\/petits-electromenagers\/fours\/ooni-fyra-four-a-pizza-portable-a-granules-de-bois\/"]}]},{"@type":"ImageObject","inLanguage":"fr-FR","@id":"https:\/\/dev6.erresse-shop.it\/fr\/shop\/petits-electromenagers\/fours\/ooni-fyra-four-a-pizza-portable-a-granules-de-bois\/#primaryimage","url":"https:\/\/i0.wp.com\/interpim.erresse-shop.it\/img-catalogo\/ooni\/ooni-fyra-forno-portatile-a-pellet-per-pizza.jpg?ssl=1","contentUrl":"https:\/\/i0.wp.com\/interpim.erresse-shop.it\/img-catalogo\/ooni\/ooni-fyra-forno-portatile-a-pellet-per-pizza.jpg?ssl=1"},{"@type":"BreadcrumbList","@id":"https:\/\/dev6.erresse-shop.it\/fr\/shop\/petits-electromenagers\/fours\/ooni-fyra-four-a-pizza-portable-a-granules-de-bois\/#breadcrumb","itemListElement":[{"@type":"ListItem","position":1,"name":"Home","item":"https:\/\/dev6.erresse-shop.it\/"},{"@type":"ListItem","position":2,"name":"Boutique","item":"https:\/\/dev6.erresse-shop.it\/shop\/"},{"@type":"ListItem","position":3,"name":"OONI Fyra Four \u00e0 Pizza Portable \u00e0 Granul\u00e9s de Bois"}]},{"@type":"WebSite","@id":"https:\/\/dev6.erresse-shop.it\/#website","url":"https:\/\/dev6.erresse-shop.it\/","name":"Erresse Shop","description":"","publisher":{"@id":"https:\/\/dev6.erresse-shop.it\/#organization"},"potentialAction":[{"@type":"SearchAction","target":{"@type":"EntryPoint","urlTemplate":"https:\/\/dev6.erresse-shop.it\/?s={search_term_string}"},"query-input":{"@type":"PropertyValueSpecification","valueRequired":true,"valueName":"search_term_string"}}],"inLanguage":"fr-FR"},{"@type":"Organization","@id":"https:\/\/dev6.erresse-shop.it\/#organization","name":"Erresse Shop","url":"https:\/\/dev6.erresse-shop.it\/","logo":{"@type":"ImageObject","inLanguage":"fr-FR","@id":"https:\/\/dev6.erresse-shop.it\/#\/schema\/logo\/image\/","url":"https:\/\/dev6.erresse-shop.it\/wp-content\/uploads\/2025\/01\/LOGO-ERRESSE-CLASSICO.svg","contentUrl":"https:\/\/dev6.erresse-shop.it\/wp-content\/uploads\/2025\/01\/LOGO-ERRESSE-CLASSICO.svg","caption":"Erresse Shop"},"image":{"@id":"https:\/\/dev6.erresse-shop.it\/#\/schema\/logo\/image\/"}}]}},"df_price":319.95,"df_sale_price":319.95,"df_regular_price":349,"df_image_link":"https:\/\/i0.wp.com\/interpim.erresse-shop.it\/img-catalogo\/ooni\/ooni-fyra-forno-portatile-a-pellet-per-pizza.jpg?resize=300,300&ssl=1","fifu_image_url":"https:\/\/interpim.erresse-shop.it\/img-catalogo\/ooni\/ooni-fyra-forno-portatile-a-pellet-per-pizza.jpg","_links":{"self":[{"href":"https:\/\/dev6.erresse-shop.it\/fr\/wp-json\/wp\/v2\/product\/59386","targetHints":{"allow":["GET"]}}],"collection":[{"href":"https:\/\/dev6.erresse-shop.it\/fr\/wp-json\/wp\/v2\/product"}],"about":[{"href":"https:\/\/dev6.erresse-shop.it\/fr\/wp-json\/wp\/v2\/types\/product"}],"wp:featuredmedia":[{"embeddable":true,"href":"https:\/\/dev6.erresse-shop.it\/fr\/wp-json\/wp\/v2\/media\/6352834"}],"wp:attachment":[{"href":"https:\/\/dev6.erresse-shop.it\/fr\/wp-json\/wp\/v2\/media?parent=59386"}],"wp:term":[{"taxonomy":"product_cat","embeddable":true,"href":"https:\/\/dev6.erresse-shop.it\/fr\/wp-json\/wp\/v2\/product_cat?post=59386"},{"taxonomy":"product_tag","embeddable":true,"href":"https:\/\/dev6.erresse-shop.it\/fr\/wp-json\/wp\/v2\/product_tag?post=59386"}],"curies":[{"name":"wp","href":"https:\/\/api.w.org\/{rel}","templated":true}]}}