{"id":59380,"date":"2026-04-12T08:43:39","date_gmt":"2026-04-12T06:43:39","guid":{"rendered":"https:\/\/dev6.erresse-shop.it\/shop\/non%20class\u00e9\/ooni-koda-12-four-portable-a-pizza-a-gaz\/"},"modified":"2025-07-19T03:59:42","modified_gmt":"2025-07-19T01:59:42","slug":"ooni-koda-12-four-portable-a-pizza-a-gaz","status":"publish","type":"product","link":"https:\/\/dev6.erresse-shop.it\/fr\/shop\/petits-electromenagers\/fours\/ooni-koda-12-four-portable-a-pizza-a-gaz\/","title":{"rendered":"OONI Koda 12 Four Portable \u00e0 Pizza \u00e0 Gaz"},"content":{"rendered":"<p>Four portable aliment\u00e9 au gaz, capable de cuire une authentique pizza cuite sur pierre dans n\u2019importe quel espace ext\u00e9rieur en seulement 60 secondes.<br \/>\nAllumage instantan\u00e9 et r\u00e9glage de la chaleur. Exceptionnellement bien con\u00e7u pour \u00eatre pratique et facile \u00e0 utiliser.<br \/>\nPratique et l\u00e9ger, id\u00e9al pour les repas en plein air, vous pouvez l\u2019emmener partout. Il atteint une temp\u00e9rature de 500\u02daC pr\u00eate \u00e0 cuire dans les 10 minutes suivant sa mise en marche.<\/p>\n<p>Mat\u00e9riau : Corps en acier inoxydable isol\u00e9 par de la fibre c\u00e9ramique avec rev\u00eatement en poudre. Corps en acier au carbone isol\u00e9 et rev\u00eatu de poudre.<br \/>\nPlaque de pierre cordi\u00e9rite de 30 cm de large (10 mm d\u2019\u00e9paisseur).<br \/>\nPizza pr\u00eate en 60 secondes seulement.<br \/>\nCadran de contr\u00f4le de la temp\u00e9rature.<br \/>\nBouton de commande du gaz pour l\u2019allumage et le r\u00e9glage de la flamme.<br \/>\nTrou d\u2019observation pour voir la flamme et v\u00e9rifier qu\u2019elle est allum\u00e9e.<br \/>\nPieds repliables.<br \/>\nS\u2019adapte \u00e0 tout espace ext\u00e9rieur.<\/p>\n","protected":false},"excerpt":{"rendered":"<p>Four portable aliment\u00e9 au gaz, capable de cuire une authentique pizza cuite sur pierre dans n\u2019importe quel espace ext\u00e9rieur en seulement 60 secondes. Allumage instantan\u00e9 et r\u00e9glage de la chaleur. Exceptionnellement bien con\u00e7u pour \u00eatre pratique et facile \u00e0 utiliser. Pratique et l\u00e9ger, id\u00e9al pour les repas en plein air, vous pouvez l\u2019emmener partout. Il [&hellip;]<\/p>\n","protected":false},"featured_media":6352807,"template":"","meta":{"_acf_changed":false},"product_cat":[12085,12055],"product_tag":[],"class_list":{"0":"post-59380","1":"product","2":"type-product","3":"status-publish","4":"has-post-thumbnail","6":"product_cat-fours","7":"product_cat-petits-electromenagers","9":"first","10":"instock","11":"sale","12":"taxable","13":"shipping-taxable","14":"purchasable","15":"product-type-simple","swatches":"rey-swatches","show_selected":"","stretch_labels":"rey-swatches--stretch-labels"},"acf":[],"yoast_head":"<!-- This site is optimized with the Yoast SEO plugin v25.4 - https:\/\/yoast.com\/wordpress\/plugins\/seo\/ -->\n<title>OONI Koda 12 Four Portable \u00e0 Pizza \u00e0 Gaz - dev6 Erresse<\/title>\n<meta name=\"description\" content=\"Four portable aliment\u00e9 au gaz, capable de cuire une authentique pizza cuite sur pierre dans n\u2019importe quel espace ext\u00e9rieur en seulement 60 secondes.\" \/>\n<meta name=\"robots\" content=\"noindex, follow, max-snippet:-1, max-image-preview:large, max-video-preview:-1\" \/>\n<meta property=\"og:locale\" content=\"fr_FR\" \/>\n<meta property=\"og:type\" content=\"article\" \/>\n<meta property=\"og:title\" content=\"OONI Koda 12 Four Portable \u00e0 Pizza \u00e0 Gaz - dev6 Erresse\" \/>\n<meta property=\"og:description\" content=\"Four portable aliment\u00e9 au gaz, capable de cuire une authentique pizza cuite sur pierre dans n\u2019importe quel espace ext\u00e9rieur en seulement 60 secondes.\" \/>\n<meta property=\"og:url\" content=\"https:\/\/dev6.erresse-shop.it\/fr\/shop\/petits-electromenagers\/fours\/ooni-koda-12-four-portable-a-pizza-a-gaz\/\" \/>\n<meta property=\"og:site_name\" content=\"dev6 Erresse\" \/>\n<meta property=\"og:image\" content=\"https:\/\/interpim.erresse-shop.it\/img-catalogo\/ooni\/ooni-koda-forno-portatile-a-gas-per-pizza.jpg\" \/><meta property=\"og:image\" content=\"https:\/\/interpim.erresse-shop.it\/img-catalogo\/ooni\/ooni-koda-forno-portatile-a-gas-per-pizza.jpg\" \/>\n\t<meta property=\"og:image:width\" content=\"1024\" \/>\n\t<meta property=\"og:image:height\" content=\"1024\" \/>\n\t<meta property=\"og:image:type\" content=\"image\/jpeg\" \/>\n<meta name=\"twitter:card\" content=\"summary_large_image\" \/>\n<meta name=\"twitter:image\" content=\"https:\/\/interpim.erresse-shop.it\/img-catalogo\/ooni\/ooni-koda-forno-portatile-a-gas-per-pizza.jpg\" \/>\n<script type=\"application\/ld+json\" class=\"yoast-schema-graph\">{\"@context\":\"https:\/\/schema.org\",\"@graph\":[{\"@type\":\"WebPage\",\"@id\":\"https:\/\/dev6.erresse-shop.it\/fr\/shop\/petits-electromenagers\/fours\/ooni-koda-12-four-portable-a-pizza-a-gaz\/\",\"url\":\"https:\/\/dev6.erresse-shop.it\/fr\/shop\/petits-electromenagers\/fours\/ooni-koda-12-four-portable-a-pizza-a-gaz\/\",\"name\":\"OONI Koda 12 Four Portable \u00e0 Pizza \u00e0 Gaz - dev6 Erresse\",\"isPartOf\":{\"@id\":\"https:\/\/dev6.erresse-shop.it\/#website\"},\"primaryImageOfPage\":{\"@id\":\"https:\/\/dev6.erresse-shop.it\/fr\/shop\/petits-electromenagers\/fours\/ooni-koda-12-four-portable-a-pizza-a-gaz\/#primaryimage\"},\"image\":{\"@id\":\"https:\/\/dev6.erresse-shop.it\/fr\/shop\/petits-electromenagers\/fours\/ooni-koda-12-four-portable-a-pizza-a-gaz\/#primaryimage\"},\"thumbnailUrl\":\"https:\/\/i1.wp.com\/interpim.erresse-shop.it\/img-catalogo\/ooni\/ooni-koda-forno-portatile-a-gas-per-pizza.jpg?ssl=1\",\"datePublished\":\"2026-04-12T06:43:39+00:00\",\"description\":\"Four portable aliment\u00e9 au gaz, capable de cuire une authentique pizza cuite sur pierre dans n\u2019importe quel espace ext\u00e9rieur en seulement 60 secondes.\",\"breadcrumb\":{\"@id\":\"https:\/\/dev6.erresse-shop.it\/fr\/shop\/petits-electromenagers\/fours\/ooni-koda-12-four-portable-a-pizza-a-gaz\/#breadcrumb\"},\"inLanguage\":\"fr-FR\",\"potentialAction\":[{\"@type\":\"ReadAction\",\"target\":[\"https:\/\/dev6.erresse-shop.it\/fr\/shop\/petits-electromenagers\/fours\/ooni-koda-12-four-portable-a-pizza-a-gaz\/\"]}]},{\"@type\":\"ImageObject\",\"inLanguage\":\"fr-FR\",\"@id\":\"https:\/\/dev6.erresse-shop.it\/fr\/shop\/petits-electromenagers\/fours\/ooni-koda-12-four-portable-a-pizza-a-gaz\/#primaryimage\",\"url\":\"https:\/\/i1.wp.com\/interpim.erresse-shop.it\/img-catalogo\/ooni\/ooni-koda-forno-portatile-a-gas-per-pizza.jpg?ssl=1\",\"contentUrl\":\"https:\/\/i1.wp.com\/interpim.erresse-shop.it\/img-catalogo\/ooni\/ooni-koda-forno-portatile-a-gas-per-pizza.jpg?ssl=1\"},{\"@type\":\"BreadcrumbList\",\"@id\":\"https:\/\/dev6.erresse-shop.it\/fr\/shop\/petits-electromenagers\/fours\/ooni-koda-12-four-portable-a-pizza-a-gaz\/#breadcrumb\",\"itemListElement\":[{\"@type\":\"ListItem\",\"position\":1,\"name\":\"Home\",\"item\":\"https:\/\/dev6.erresse-shop.it\/\"},{\"@type\":\"ListItem\",\"position\":2,\"name\":\"Boutique\",\"item\":\"https:\/\/dev6.erresse-shop.it\/shop\/\"},{\"@type\":\"ListItem\",\"position\":3,\"name\":\"OONI Koda 12 Four Portable \u00e0 Pizza \u00e0 Gaz\"}]},{\"@type\":\"WebSite\",\"@id\":\"https:\/\/dev6.erresse-shop.it\/#website\",\"url\":\"https:\/\/dev6.erresse-shop.it\/\",\"name\":\"Erresse Shop\",\"description\":\"\",\"publisher\":{\"@id\":\"https:\/\/dev6.erresse-shop.it\/#organization\"},\"potentialAction\":[{\"@type\":\"SearchAction\",\"target\":{\"@type\":\"EntryPoint\",\"urlTemplate\":\"https:\/\/dev6.erresse-shop.it\/?s={search_term_string}\"},\"query-input\":{\"@type\":\"PropertyValueSpecification\",\"valueRequired\":true,\"valueName\":\"search_term_string\"}}],\"inLanguage\":\"fr-FR\"},{\"@type\":\"Organization\",\"@id\":\"https:\/\/dev6.erresse-shop.it\/#organization\",\"name\":\"Erresse Shop\",\"url\":\"https:\/\/dev6.erresse-shop.it\/\",\"logo\":{\"@type\":\"ImageObject\",\"inLanguage\":\"fr-FR\",\"@id\":\"https:\/\/dev6.erresse-shop.it\/#\/schema\/logo\/image\/\",\"url\":\"https:\/\/dev6.erresse-shop.it\/wp-content\/uploads\/2025\/01\/LOGO-ERRESSE-CLASSICO.svg\",\"contentUrl\":\"https:\/\/dev6.erresse-shop.it\/wp-content\/uploads\/2025\/01\/LOGO-ERRESSE-CLASSICO.svg\",\"caption\":\"Erresse Shop\"},\"image\":{\"@id\":\"https:\/\/dev6.erresse-shop.it\/#\/schema\/logo\/image\/\"}}]}<\/script>\n<!-- \/ Yoast SEO plugin. -->","yoast_head_json":{"title":"OONI Koda 12 Four Portable \u00e0 Pizza \u00e0 Gaz - dev6 Erresse","description":"Four portable aliment\u00e9 au gaz, capable de cuire une authentique pizza cuite sur pierre dans n\u2019importe quel espace ext\u00e9rieur en seulement 60 secondes.","robots":{"index":"noindex","follow":"follow","max-snippet":"max-snippet:-1","max-image-preview":"max-image-preview:large","max-video-preview":"max-video-preview:-1"},"og_locale":"fr_FR","og_type":"article","og_title":"OONI Koda 12 Four Portable \u00e0 Pizza \u00e0 Gaz - dev6 Erresse","og_description":"Four portable aliment\u00e9 au gaz, capable de cuire une authentique pizza cuite sur pierre dans n\u2019importe quel espace ext\u00e9rieur en seulement 60 secondes.","og_url":"https:\/\/dev6.erresse-shop.it\/fr\/shop\/petits-electromenagers\/fours\/ooni-koda-12-four-portable-a-pizza-a-gaz\/","og_site_name":"dev6 Erresse","og_image":[{"url":"https:\/\/interpim.erresse-shop.it\/img-catalogo\/ooni\/ooni-koda-forno-portatile-a-gas-per-pizza.jpg","type":"","width":"","height":""},{"url":"https:\/\/interpim.erresse-shop.it\/img-catalogo\/ooni\/ooni-koda-forno-portatile-a-gas-per-pizza.jpg","width":1024,"height":1024,"type":"image\/jpeg"}],"twitter_card":"summary_large_image","twitter_image":"https:\/\/interpim.erresse-shop.it\/img-catalogo\/ooni\/ooni-koda-forno-portatile-a-gas-per-pizza.jpg","schema":{"@context":"https:\/\/schema.org","@graph":[{"@type":"WebPage","@id":"https:\/\/dev6.erresse-shop.it\/fr\/shop\/petits-electromenagers\/fours\/ooni-koda-12-four-portable-a-pizza-a-gaz\/","url":"https:\/\/dev6.erresse-shop.it\/fr\/shop\/petits-electromenagers\/fours\/ooni-koda-12-four-portable-a-pizza-a-gaz\/","name":"OONI Koda 12 Four Portable \u00e0 Pizza \u00e0 Gaz - dev6 Erresse","isPartOf":{"@id":"https:\/\/dev6.erresse-shop.it\/#website"},"primaryImageOfPage":{"@id":"https:\/\/dev6.erresse-shop.it\/fr\/shop\/petits-electromenagers\/fours\/ooni-koda-12-four-portable-a-pizza-a-gaz\/#primaryimage"},"image":{"@id":"https:\/\/dev6.erresse-shop.it\/fr\/shop\/petits-electromenagers\/fours\/ooni-koda-12-four-portable-a-pizza-a-gaz\/#primaryimage"},"thumbnailUrl":"https:\/\/i1.wp.com\/interpim.erresse-shop.it\/img-catalogo\/ooni\/ooni-koda-forno-portatile-a-gas-per-pizza.jpg?ssl=1","datePublished":"2026-04-12T06:43:39+00:00","description":"Four portable aliment\u00e9 au gaz, capable de cuire une authentique pizza cuite sur pierre dans n\u2019importe quel espace ext\u00e9rieur en seulement 60 secondes.","breadcrumb":{"@id":"https:\/\/dev6.erresse-shop.it\/fr\/shop\/petits-electromenagers\/fours\/ooni-koda-12-four-portable-a-pizza-a-gaz\/#breadcrumb"},"inLanguage":"fr-FR","potentialAction":[{"@type":"ReadAction","target":["https:\/\/dev6.erresse-shop.it\/fr\/shop\/petits-electromenagers\/fours\/ooni-koda-12-four-portable-a-pizza-a-gaz\/"]}]},{"@type":"ImageObject","inLanguage":"fr-FR","@id":"https:\/\/dev6.erresse-shop.it\/fr\/shop\/petits-electromenagers\/fours\/ooni-koda-12-four-portable-a-pizza-a-gaz\/#primaryimage","url":"https:\/\/i1.wp.com\/interpim.erresse-shop.it\/img-catalogo\/ooni\/ooni-koda-forno-portatile-a-gas-per-pizza.jpg?ssl=1","contentUrl":"https:\/\/i1.wp.com\/interpim.erresse-shop.it\/img-catalogo\/ooni\/ooni-koda-forno-portatile-a-gas-per-pizza.jpg?ssl=1"},{"@type":"BreadcrumbList","@id":"https:\/\/dev6.erresse-shop.it\/fr\/shop\/petits-electromenagers\/fours\/ooni-koda-12-four-portable-a-pizza-a-gaz\/#breadcrumb","itemListElement":[{"@type":"ListItem","position":1,"name":"Home","item":"https:\/\/dev6.erresse-shop.it\/"},{"@type":"ListItem","position":2,"name":"Boutique","item":"https:\/\/dev6.erresse-shop.it\/shop\/"},{"@type":"ListItem","position":3,"name":"OONI Koda 12 Four Portable \u00e0 Pizza \u00e0 Gaz"}]},{"@type":"WebSite","@id":"https:\/\/dev6.erresse-shop.it\/#website","url":"https:\/\/dev6.erresse-shop.it\/","name":"Erresse Shop","description":"","publisher":{"@id":"https:\/\/dev6.erresse-shop.it\/#organization"},"potentialAction":[{"@type":"SearchAction","target":{"@type":"EntryPoint","urlTemplate":"https:\/\/dev6.erresse-shop.it\/?s={search_term_string}"},"query-input":{"@type":"PropertyValueSpecification","valueRequired":true,"valueName":"search_term_string"}}],"inLanguage":"fr-FR"},{"@type":"Organization","@id":"https:\/\/dev6.erresse-shop.it\/#organization","name":"Erresse Shop","url":"https:\/\/dev6.erresse-shop.it\/","logo":{"@type":"ImageObject","inLanguage":"fr-FR","@id":"https:\/\/dev6.erresse-shop.it\/#\/schema\/logo\/image\/","url":"https:\/\/dev6.erresse-shop.it\/wp-content\/uploads\/2025\/01\/LOGO-ERRESSE-CLASSICO.svg","contentUrl":"https:\/\/dev6.erresse-shop.it\/wp-content\/uploads\/2025\/01\/LOGO-ERRESSE-CLASSICO.svg","caption":"Erresse Shop"},"image":{"@id":"https:\/\/dev6.erresse-shop.it\/#\/schema\/logo\/image\/"}}]}},"df_price":359.95,"df_sale_price":359.95,"df_regular_price":399,"df_image_link":"https:\/\/i1.wp.com\/interpim.erresse-shop.it\/img-catalogo\/ooni\/ooni-koda-forno-portatile-a-gas-per-pizza.jpg?resize=300,300&ssl=1","fifu_image_url":"https:\/\/interpim.erresse-shop.it\/img-catalogo\/ooni\/ooni-koda-forno-portatile-a-gas-per-pizza.jpg","_links":{"self":[{"href":"https:\/\/dev6.erresse-shop.it\/fr\/wp-json\/wp\/v2\/product\/59380","targetHints":{"allow":["GET"]}}],"collection":[{"href":"https:\/\/dev6.erresse-shop.it\/fr\/wp-json\/wp\/v2\/product"}],"about":[{"href":"https:\/\/dev6.erresse-shop.it\/fr\/wp-json\/wp\/v2\/types\/product"}],"wp:featuredmedia":[{"embeddable":true,"href":"https:\/\/dev6.erresse-shop.it\/fr\/wp-json\/wp\/v2\/media\/6352807"}],"wp:attachment":[{"href":"https:\/\/dev6.erresse-shop.it\/fr\/wp-json\/wp\/v2\/media?parent=59380"}],"wp:term":[{"taxonomy":"product_cat","embeddable":true,"href":"https:\/\/dev6.erresse-shop.it\/fr\/wp-json\/wp\/v2\/product_cat?post=59380"},{"taxonomy":"product_tag","embeddable":true,"href":"https:\/\/dev6.erresse-shop.it\/fr\/wp-json\/wp\/v2\/product_tag?post=59380"}],"curies":[{"name":"wp","href":"https:\/\/api.w.org\/{rel}","templated":true}]}}