{"id":59358,"date":"2026-04-12T08:43:39","date_gmt":"2026-04-12T06:43:39","guid":{"rendered":"https:\/\/dev6.erresse-shop.it\/shop\/non%20class\u00e9\/instant-pot-multicuiseur-duo-evo-8l-acier\/"},"modified":"2025-09-14T04:23:06","modified_gmt":"2025-09-14T02:23:06","slug":"instant-pot-multicuiseur-duo-evo-8l-acier","status":"publish","type":"product","link":"https:\/\/dev6.erresse-shop.it\/fr\/shop\/petits-electromenagers\/robots-de-cuisine\/instant-pot-multicuiseur-duo-evo-8l-acier\/","title":{"rendered":"INSTANT POT Multicuiseur Duo Evo 8L Acier"},"content":{"rendered":"<p>Le multicuiseur Instant Pot Duo\u2122 est le mod\u00e8le le plus populaire en Italie et en Europe.<\/p>\n<p>Non seulement il remplace 7 appareils, mais il acc\u00e9l\u00e8re la cuisson de 2 \u00e0 6 fois et \u00e9conomise jusqu\u2019\u00e0 70 % de l\u2019\u00e9nergie utilis\u00e9e dans les m\u00e9thodes de cuisson traditionnelles.<br \/>\nLa gamme Duo\u2122 offre un large \u00e9ventail de programmes intelligents et de fonctionnalit\u00e9s qui r\u00e9volutionnent votre fa\u00e7on de cuisiner.<\/p>\n<p>Le Duo, c\u2019est 7 appareils en 1 :<br \/>\nautocuiseur, sauteuse, cuiseur \u00e0 vapeur, mijoteuse, cuiseur \u00e0 riz, chauffe-plats et yaourti\u00e8re.<\/p>\n<p>14 programmes standard Smart one-touch :<\/p>\n<p>soupe\/bouillon<br \/>\nviande\/rago\u00fbt de viande<br \/>\nimpulsions<br \/>\nriz<br \/>\nvolaille<br \/>\nmultigrains<br \/>\nporridge<br \/>\n\u00e0 la vapeur<br \/>\nlente cuisson<br \/>\nfriture\/grill<br \/>\ngarder la chaleur<br \/>\nyaourt<br \/>\ncuisson sous pression<br \/>\ncuisine classique<\/p>\n<p>CARACT\u00c9RISTIQUES TECHNIQUES<\/p>\n<p>Capacit\u00e9 8 litres<br \/>\nPuissance 1200W<br \/>\nAlimentation \u00e9lectrique 220V-240V<br \/>\nMat\u00e9riau Couvercle et pot int\u00e9rieur en acier inoxydable, pot ext\u00e9rieur en acier inoxydable bross\u00e9<br \/>\nGarantie de 2 ans<\/p>\n","protected":false},"excerpt":{"rendered":"<p>Le multicuiseur Instant Pot Duo\u2122 est le mod\u00e8le le plus populaire en Italie et en Europe. Non seulement il remplace 7 appareils, mais il acc\u00e9l\u00e8re la cuisson de 2 \u00e0 6 fois et \u00e9conomise jusqu\u2019\u00e0 70 % de l\u2019\u00e9nergie utilis\u00e9e dans les m\u00e9thodes de cuisson traditionnelles. La gamme Duo\u2122 offre un large \u00e9ventail de programmes [&hellip;]<\/p>\n","protected":false},"featured_media":6352730,"template":"","meta":{"_acf_changed":false},"product_cat":[12055,12066],"product_tag":[],"class_list":{"0":"post-59358","1":"product","2":"type-product","3":"status-publish","4":"has-post-thumbnail","6":"product_cat-petits-electromenagers","7":"product_cat-robots-de-cuisine","9":"first","10":"outofstock","11":"taxable","12":"shipping-taxable","13":"purchasable","14":"product-type-simple","swatches":"rey-swatches","show_selected":"","stretch_labels":"rey-swatches--stretch-labels"},"acf":[],"yoast_head":"<!-- This site is optimized with the Yoast SEO plugin v25.4 - https:\/\/yoast.com\/wordpress\/plugins\/seo\/ -->\n<title>INSTANT POT Multicuiseur Duo Evo 8L Acier - dev6 Erresse<\/title>\n<meta name=\"description\" content=\"Le multicuiseur Instant Pot Duo\u2122 est le mod\u00e8le le plus populaire en Italie et en Europe. Non seulement il remplace 7 appareils, mais il acc\u00e9l\u00e8re la\" \/>\n<meta name=\"robots\" content=\"noindex, follow, max-snippet:-1, max-image-preview:large, max-video-preview:-1\" \/>\n<meta property=\"og:locale\" content=\"fr_FR\" \/>\n<meta property=\"og:type\" content=\"article\" \/>\n<meta property=\"og:title\" content=\"INSTANT POT Multicuiseur Duo Evo 8L Acier - dev6 Erresse\" \/>\n<meta property=\"og:description\" content=\"Le multicuiseur Instant Pot Duo\u2122 est le mod\u00e8le le plus populaire en Italie et en Europe. Non seulement il remplace 7 appareils, mais il acc\u00e9l\u00e8re la\" \/>\n<meta property=\"og:url\" content=\"https:\/\/dev6.erresse-shop.it\/fr\/shop\/petits-electromenagers\/robots-de-cuisine\/instant-pot-multicuiseur-duo-evo-8l-acier\/\" \/>\n<meta property=\"og:site_name\" content=\"dev6 Erresse\" \/>\n<meta property=\"og:image\" content=\"https:\/\/interpim.erresse-shop.it\/Import\/Prodotti\/kunzi-instant-pot-duo-8l.jpg\" \/><meta property=\"og:image\" content=\"https:\/\/interpim.erresse-shop.it\/Import\/Prodotti\/kunzi-instant-pot-duo-8l.jpg\" \/>\n\t<meta property=\"og:image:width\" content=\"1024\" \/>\n\t<meta property=\"og:image:height\" content=\"1024\" \/>\n\t<meta property=\"og:image:type\" content=\"image\/jpeg\" \/>\n<meta name=\"twitter:card\" content=\"summary_large_image\" \/>\n<meta name=\"twitter:image\" content=\"https:\/\/interpim.erresse-shop.it\/Import\/Prodotti\/kunzi-instant-pot-duo-8l.jpg\" \/>\n<script type=\"application\/ld+json\" class=\"yoast-schema-graph\">{\"@context\":\"https:\/\/schema.org\",\"@graph\":[{\"@type\":\"WebPage\",\"@id\":\"https:\/\/dev6.erresse-shop.it\/fr\/shop\/petits-electromenagers\/robots-de-cuisine\/instant-pot-multicuiseur-duo-evo-8l-acier\/\",\"url\":\"https:\/\/dev6.erresse-shop.it\/fr\/shop\/petits-electromenagers\/robots-de-cuisine\/instant-pot-multicuiseur-duo-evo-8l-acier\/\",\"name\":\"INSTANT POT Multicuiseur Duo Evo 8L Acier - dev6 Erresse\",\"isPartOf\":{\"@id\":\"https:\/\/dev6.erresse-shop.it\/#website\"},\"primaryImageOfPage\":{\"@id\":\"https:\/\/dev6.erresse-shop.it\/fr\/shop\/petits-electromenagers\/robots-de-cuisine\/instant-pot-multicuiseur-duo-evo-8l-acier\/#primaryimage\"},\"image\":{\"@id\":\"https:\/\/dev6.erresse-shop.it\/fr\/shop\/petits-electromenagers\/robots-de-cuisine\/instant-pot-multicuiseur-duo-evo-8l-acier\/#primaryimage\"},\"thumbnailUrl\":\"https:\/\/i2.wp.com\/interpim.erresse-shop.it\/Import\/Prodotti\/kunzi-instant-pot-duo-8l.jpg?ssl=1\",\"datePublished\":\"2026-04-12T06:43:39+00:00\",\"description\":\"Le multicuiseur Instant Pot Duo\u2122 est le mod\u00e8le le plus populaire en Italie et en Europe. Non seulement il remplace 7 appareils, mais il acc\u00e9l\u00e8re la\",\"breadcrumb\":{\"@id\":\"https:\/\/dev6.erresse-shop.it\/fr\/shop\/petits-electromenagers\/robots-de-cuisine\/instant-pot-multicuiseur-duo-evo-8l-acier\/#breadcrumb\"},\"inLanguage\":\"fr-FR\",\"potentialAction\":[{\"@type\":\"ReadAction\",\"target\":[\"https:\/\/dev6.erresse-shop.it\/fr\/shop\/petits-electromenagers\/robots-de-cuisine\/instant-pot-multicuiseur-duo-evo-8l-acier\/\"]}]},{\"@type\":\"ImageObject\",\"inLanguage\":\"fr-FR\",\"@id\":\"https:\/\/dev6.erresse-shop.it\/fr\/shop\/petits-electromenagers\/robots-de-cuisine\/instant-pot-multicuiseur-duo-evo-8l-acier\/#primaryimage\",\"url\":\"https:\/\/i2.wp.com\/interpim.erresse-shop.it\/Import\/Prodotti\/kunzi-instant-pot-duo-8l.jpg?ssl=1\",\"contentUrl\":\"https:\/\/i2.wp.com\/interpim.erresse-shop.it\/Import\/Prodotti\/kunzi-instant-pot-duo-8l.jpg?ssl=1\"},{\"@type\":\"BreadcrumbList\",\"@id\":\"https:\/\/dev6.erresse-shop.it\/fr\/shop\/petits-electromenagers\/robots-de-cuisine\/instant-pot-multicuiseur-duo-evo-8l-acier\/#breadcrumb\",\"itemListElement\":[{\"@type\":\"ListItem\",\"position\":1,\"name\":\"Home\",\"item\":\"https:\/\/dev6.erresse-shop.it\/\"},{\"@type\":\"ListItem\",\"position\":2,\"name\":\"Boutique\",\"item\":\"https:\/\/dev6.erresse-shop.it\/shop\/\"},{\"@type\":\"ListItem\",\"position\":3,\"name\":\"INSTANT POT Multicuiseur Duo Evo 8L Acier\"}]},{\"@type\":\"WebSite\",\"@id\":\"https:\/\/dev6.erresse-shop.it\/#website\",\"url\":\"https:\/\/dev6.erresse-shop.it\/\",\"name\":\"Erresse Shop\",\"description\":\"\",\"publisher\":{\"@id\":\"https:\/\/dev6.erresse-shop.it\/#organization\"},\"potentialAction\":[{\"@type\":\"SearchAction\",\"target\":{\"@type\":\"EntryPoint\",\"urlTemplate\":\"https:\/\/dev6.erresse-shop.it\/?s={search_term_string}\"},\"query-input\":{\"@type\":\"PropertyValueSpecification\",\"valueRequired\":true,\"valueName\":\"search_term_string\"}}],\"inLanguage\":\"fr-FR\"},{\"@type\":\"Organization\",\"@id\":\"https:\/\/dev6.erresse-shop.it\/#organization\",\"name\":\"Erresse Shop\",\"url\":\"https:\/\/dev6.erresse-shop.it\/\",\"logo\":{\"@type\":\"ImageObject\",\"inLanguage\":\"fr-FR\",\"@id\":\"https:\/\/dev6.erresse-shop.it\/#\/schema\/logo\/image\/\",\"url\":\"https:\/\/dev6.erresse-shop.it\/wp-content\/uploads\/2025\/01\/LOGO-ERRESSE-CLASSICO.svg\",\"contentUrl\":\"https:\/\/dev6.erresse-shop.it\/wp-content\/uploads\/2025\/01\/LOGO-ERRESSE-CLASSICO.svg\",\"caption\":\"Erresse Shop\"},\"image\":{\"@id\":\"https:\/\/dev6.erresse-shop.it\/#\/schema\/logo\/image\/\"}}]}<\/script>\n<!-- \/ Yoast SEO plugin. -->","yoast_head_json":{"title":"INSTANT POT Multicuiseur Duo Evo 8L Acier - dev6 Erresse","description":"Le multicuiseur Instant Pot Duo\u2122 est le mod\u00e8le le plus populaire en Italie et en Europe. Non seulement il remplace 7 appareils, mais il acc\u00e9l\u00e8re la","robots":{"index":"noindex","follow":"follow","max-snippet":"max-snippet:-1","max-image-preview":"max-image-preview:large","max-video-preview":"max-video-preview:-1"},"og_locale":"fr_FR","og_type":"article","og_title":"INSTANT POT Multicuiseur Duo Evo 8L Acier - dev6 Erresse","og_description":"Le multicuiseur Instant Pot Duo\u2122 est le mod\u00e8le le plus populaire en Italie et en Europe. Non seulement il remplace 7 appareils, mais il acc\u00e9l\u00e8re la","og_url":"https:\/\/dev6.erresse-shop.it\/fr\/shop\/petits-electromenagers\/robots-de-cuisine\/instant-pot-multicuiseur-duo-evo-8l-acier\/","og_site_name":"dev6 Erresse","og_image":[{"url":"https:\/\/interpim.erresse-shop.it\/Import\/Prodotti\/kunzi-instant-pot-duo-8l.jpg","type":"","width":"","height":""},{"url":"https:\/\/interpim.erresse-shop.it\/Import\/Prodotti\/kunzi-instant-pot-duo-8l.jpg","width":1024,"height":1024,"type":"image\/jpeg"}],"twitter_card":"summary_large_image","twitter_image":"https:\/\/interpim.erresse-shop.it\/Import\/Prodotti\/kunzi-instant-pot-duo-8l.jpg","schema":{"@context":"https:\/\/schema.org","@graph":[{"@type":"WebPage","@id":"https:\/\/dev6.erresse-shop.it\/fr\/shop\/petits-electromenagers\/robots-de-cuisine\/instant-pot-multicuiseur-duo-evo-8l-acier\/","url":"https:\/\/dev6.erresse-shop.it\/fr\/shop\/petits-electromenagers\/robots-de-cuisine\/instant-pot-multicuiseur-duo-evo-8l-acier\/","name":"INSTANT POT Multicuiseur Duo Evo 8L Acier - dev6 Erresse","isPartOf":{"@id":"https:\/\/dev6.erresse-shop.it\/#website"},"primaryImageOfPage":{"@id":"https:\/\/dev6.erresse-shop.it\/fr\/shop\/petits-electromenagers\/robots-de-cuisine\/instant-pot-multicuiseur-duo-evo-8l-acier\/#primaryimage"},"image":{"@id":"https:\/\/dev6.erresse-shop.it\/fr\/shop\/petits-electromenagers\/robots-de-cuisine\/instant-pot-multicuiseur-duo-evo-8l-acier\/#primaryimage"},"thumbnailUrl":"https:\/\/i2.wp.com\/interpim.erresse-shop.it\/Import\/Prodotti\/kunzi-instant-pot-duo-8l.jpg?ssl=1","datePublished":"2026-04-12T06:43:39+00:00","description":"Le multicuiseur Instant Pot Duo\u2122 est le mod\u00e8le le plus populaire en Italie et en Europe. Non seulement il remplace 7 appareils, mais il acc\u00e9l\u00e8re la","breadcrumb":{"@id":"https:\/\/dev6.erresse-shop.it\/fr\/shop\/petits-electromenagers\/robots-de-cuisine\/instant-pot-multicuiseur-duo-evo-8l-acier\/#breadcrumb"},"inLanguage":"fr-FR","potentialAction":[{"@type":"ReadAction","target":["https:\/\/dev6.erresse-shop.it\/fr\/shop\/petits-electromenagers\/robots-de-cuisine\/instant-pot-multicuiseur-duo-evo-8l-acier\/"]}]},{"@type":"ImageObject","inLanguage":"fr-FR","@id":"https:\/\/dev6.erresse-shop.it\/fr\/shop\/petits-electromenagers\/robots-de-cuisine\/instant-pot-multicuiseur-duo-evo-8l-acier\/#primaryimage","url":"https:\/\/i2.wp.com\/interpim.erresse-shop.it\/Import\/Prodotti\/kunzi-instant-pot-duo-8l.jpg?ssl=1","contentUrl":"https:\/\/i2.wp.com\/interpim.erresse-shop.it\/Import\/Prodotti\/kunzi-instant-pot-duo-8l.jpg?ssl=1"},{"@type":"BreadcrumbList","@id":"https:\/\/dev6.erresse-shop.it\/fr\/shop\/petits-electromenagers\/robots-de-cuisine\/instant-pot-multicuiseur-duo-evo-8l-acier\/#breadcrumb","itemListElement":[{"@type":"ListItem","position":1,"name":"Home","item":"https:\/\/dev6.erresse-shop.it\/"},{"@type":"ListItem","position":2,"name":"Boutique","item":"https:\/\/dev6.erresse-shop.it\/shop\/"},{"@type":"ListItem","position":3,"name":"INSTANT POT Multicuiseur Duo Evo 8L Acier"}]},{"@type":"WebSite","@id":"https:\/\/dev6.erresse-shop.it\/#website","url":"https:\/\/dev6.erresse-shop.it\/","name":"Erresse Shop","description":"","publisher":{"@id":"https:\/\/dev6.erresse-shop.it\/#organization"},"potentialAction":[{"@type":"SearchAction","target":{"@type":"EntryPoint","urlTemplate":"https:\/\/dev6.erresse-shop.it\/?s={search_term_string}"},"query-input":{"@type":"PropertyValueSpecification","valueRequired":true,"valueName":"search_term_string"}}],"inLanguage":"fr-FR"},{"@type":"Organization","@id":"https:\/\/dev6.erresse-shop.it\/#organization","name":"Erresse Shop","url":"https:\/\/dev6.erresse-shop.it\/","logo":{"@type":"ImageObject","inLanguage":"fr-FR","@id":"https:\/\/dev6.erresse-shop.it\/#\/schema\/logo\/image\/","url":"https:\/\/dev6.erresse-shop.it\/wp-content\/uploads\/2025\/01\/LOGO-ERRESSE-CLASSICO.svg","contentUrl":"https:\/\/dev6.erresse-shop.it\/wp-content\/uploads\/2025\/01\/LOGO-ERRESSE-CLASSICO.svg","caption":"Erresse Shop"},"image":{"@id":"https:\/\/dev6.erresse-shop.it\/#\/schema\/logo\/image\/"}}]}},"df_price":129.99,"df_sale_price":"","df_regular_price":129.99,"df_image_link":"https:\/\/i2.wp.com\/interpim.erresse-shop.it\/Import\/Prodotti\/kunzi-instant-pot-duo-8l.jpg?resize=300,300&ssl=1","fifu_image_url":"https:\/\/interpim.erresse-shop.it\/Import\/Prodotti\/kunzi-instant-pot-duo-8l.jpg","_links":{"self":[{"href":"https:\/\/dev6.erresse-shop.it\/fr\/wp-json\/wp\/v2\/product\/59358","targetHints":{"allow":["GET"]}}],"collection":[{"href":"https:\/\/dev6.erresse-shop.it\/fr\/wp-json\/wp\/v2\/product"}],"about":[{"href":"https:\/\/dev6.erresse-shop.it\/fr\/wp-json\/wp\/v2\/types\/product"}],"wp:featuredmedia":[{"embeddable":true,"href":"https:\/\/dev6.erresse-shop.it\/fr\/wp-json\/wp\/v2\/media\/6352730"}],"wp:attachment":[{"href":"https:\/\/dev6.erresse-shop.it\/fr\/wp-json\/wp\/v2\/media?parent=59358"}],"wp:term":[{"taxonomy":"product_cat","embeddable":true,"href":"https:\/\/dev6.erresse-shop.it\/fr\/wp-json\/wp\/v2\/product_cat?post=59358"},{"taxonomy":"product_tag","embeddable":true,"href":"https:\/\/dev6.erresse-shop.it\/fr\/wp-json\/wp\/v2\/product_tag?post=59358"}],"curies":[{"name":"wp","href":"https:\/\/api.w.org\/{rel}","templated":true}]}}