{"id":59354,"date":"2026-04-12T08:43:39","date_gmt":"2026-04-12T06:43:39","guid":{"rendered":"https:\/\/dev6.erresse-shop.it\/shop\/non%20class\u00e9\/instant-pot-multicuiseur-duo-evo-plus-5-7l-acier\/"},"modified":"2025-09-14T04:23:00","modified_gmt":"2025-09-14T02:23:00","slug":"instant-pot-multicuiseur-duo-evo-plus-5-7l-acier","status":"publish","type":"product","link":"https:\/\/dev6.erresse-shop.it\/fr\/shop\/petits-electromenagers\/robots-de-cuisine\/instant-pot-multicuiseur-duo-evo-plus-5-7l-acier\/","title":{"rendered":"INSTANT POT Multicuiseur Duo Evo Plus 5.7L Acier"},"content":{"rendered":"<p>Le multicuiseur Instant Pot Duo Evo Plus\u2122 est le mod\u00e8le le plus populaire en Italie et en Europe.<\/p>\n<p>Le Duo, c\u2019est 10 appareils en 1 :<br \/>\nFacile \u00e0 utiliser, facile \u00e0 nettoyer, rapide et polyvalent, avec une capacit\u00e9 id\u00e9ale pour la famille ou les invit\u00e9s. Il remplace 10 appareils en un et dispose de 48 programmes pour des d\u00eeners savoureux avec des temps de cuisson jusqu\u2019\u00e0 70% plus rapides que les m\u00e9thodes traditionnelles. Le grand \u00e9cran LCD vous donne tout ce que vous avez besoin de savoir sur le temps de cuisson, la temp\u00e9rature, la pression et l\u2019\u00e9tat. Les boutons vous permettent de s\u00e9lectionner un programme intelligent adapt\u00e9 \u00e0 vos besoins et la simple molette centrale vous permet de faire d\u00e9filer les options pour trouver la bonne pr\u00e9s\u00e9lection ou de personnaliser l\u2019heure et la temp\u00e9rature.<\/p>\n<p>CARACT\u00c9RISTIQUES TECHNIQUES<br \/>\nAutocuiseur, cuiseur \u00e0 riz, mijoteuse, yaourti\u00e8re, cuiseur vapeur, sous vide, sauteuse, chafing dish, appareil \u00e0 tarte et pot classique.<\/p>\n<p>Mat\u00e9riau : Couvercle et pot int\u00e9rieur en acier inoxydable, pot ext\u00e9rieur en acier inoxydable bross\u00e9.<br \/>\n48 programmes pr\u00e9\u00e9tablis<br \/>\nL\u00e9gumes : asperges, haricots, brocolis, choux de Bruxelles, choux, choux-fleurs, citrouilles, carottes, ma\u00efs et pommes de terre.<br \/>\nViande et \u0153ufs : b\u0153uf, poulet, agneau, porc et \u0153ufs.<br \/>\nL\u00e9gumineuses : haricots, lentilles, pois, pois chiches, soja, f\u00e8ves.<br \/>\nPoissons : moules, crevettes, fruits de mer<br \/>\nRiz et c\u00e9r\u00e9ales : riz blanc, riz brun, risotto, bl\u00e9, quinoa, flocons d\u2019avoine et bouillie.<br \/>\nCapacit\u00e9 : 5,7 L<br \/>\nPuissance : 1200W<br \/>\nAlimentation \u00e9lectrique : 220V<br \/>\n9 programmes standard Smart one-touch<\/p>\n<p>cuisson sous pression<br \/>\nriz\/c\u00e9r\u00e9ales<br \/>\ncuisson \u00e0 la vapeur<br \/>\nsaut\u00e9\/grill\u00e9<br \/>\nlente cuisson<br \/>\nsous vide<br \/>\nyaourt<br \/>\ntartes<br \/>\ngarder la chaleur<\/p>\n","protected":false},"excerpt":{"rendered":"<p>Le multicuiseur Instant Pot Duo Evo Plus\u2122 est le mod\u00e8le le plus populaire en Italie et en Europe. Le Duo, c\u2019est 10 appareils en 1 : Facile \u00e0 utiliser, facile \u00e0 nettoyer, rapide et polyvalent, avec une capacit\u00e9 id\u00e9ale pour la famille ou les invit\u00e9s. Il remplace 10 appareils en un et dispose de 48 [&hellip;]<\/p>\n","protected":false},"featured_media":6352699,"template":"","meta":{"_acf_changed":false},"product_cat":[12055,12066],"product_tag":[],"class_list":{"0":"post-59354","1":"product","2":"type-product","3":"status-publish","4":"has-post-thumbnail","6":"product_cat-petits-electromenagers","7":"product_cat-robots-de-cuisine","9":"first","10":"outofstock","11":"taxable","12":"shipping-taxable","13":"purchasable","14":"product-type-simple","swatches":"rey-swatches","show_selected":"","stretch_labels":"rey-swatches--stretch-labels"},"acf":[],"yoast_head":"<!-- This site is optimized with the Yoast SEO plugin v25.4 - https:\/\/yoast.com\/wordpress\/plugins\/seo\/ -->\n<title>INSTANT POT Multicuiseur Duo Evo Plus 5.7L Acier - dev6 Erresse<\/title>\n<meta name=\"description\" content=\"Le multicuiseur Instant Pot Duo Evo Plus\u2122 est le mod\u00e8le le plus populaire en Italie et en Europe. Le Duo, c\u2019est 10 appareils en 1 : Facile \u00e0 utiliser,\" \/>\n<meta name=\"robots\" content=\"noindex, follow, max-snippet:-1, max-image-preview:large, max-video-preview:-1\" \/>\n<meta property=\"og:locale\" content=\"fr_FR\" \/>\n<meta property=\"og:type\" content=\"article\" \/>\n<meta property=\"og:title\" content=\"INSTANT POT Multicuiseur Duo Evo Plus 5.7L Acier - dev6 Erresse\" \/>\n<meta property=\"og:description\" content=\"Le multicuiseur Instant Pot Duo Evo Plus\u2122 est le mod\u00e8le le plus populaire en Italie et en Europe. Le Duo, c\u2019est 10 appareils en 1 : Facile \u00e0 utiliser,\" \/>\n<meta property=\"og:url\" content=\"https:\/\/dev6.erresse-shop.it\/fr\/shop\/petits-electromenagers\/robots-de-cuisine\/instant-pot-multicuiseur-duo-evo-plus-5-7l-acier\/\" \/>\n<meta property=\"og:site_name\" content=\"dev6 Erresse\" \/>\n<meta property=\"og:image\" content=\"https:\/\/interpim.erresse-shop.it\/Import\/Prodotti\/instant-pot-multicooker-duo-evo-plus.jpg\" \/><meta property=\"og:image\" content=\"https:\/\/interpim.erresse-shop.it\/Import\/Prodotti\/instant-pot-multicooker-duo-evo-plus.jpg\" \/>\n\t<meta property=\"og:image:width\" content=\"1024\" \/>\n\t<meta property=\"og:image:height\" content=\"1024\" \/>\n\t<meta property=\"og:image:type\" content=\"image\/jpeg\" \/>\n<meta name=\"twitter:card\" content=\"summary_large_image\" \/>\n<meta name=\"twitter:image\" content=\"https:\/\/interpim.erresse-shop.it\/Import\/Prodotti\/instant-pot-multicooker-duo-evo-plus.jpg\" \/>\n<script type=\"application\/ld+json\" class=\"yoast-schema-graph\">{\"@context\":\"https:\/\/schema.org\",\"@graph\":[{\"@type\":\"WebPage\",\"@id\":\"https:\/\/dev6.erresse-shop.it\/fr\/shop\/petits-electromenagers\/robots-de-cuisine\/instant-pot-multicuiseur-duo-evo-plus-5-7l-acier\/\",\"url\":\"https:\/\/dev6.erresse-shop.it\/fr\/shop\/petits-electromenagers\/robots-de-cuisine\/instant-pot-multicuiseur-duo-evo-plus-5-7l-acier\/\",\"name\":\"INSTANT POT Multicuiseur Duo Evo Plus 5.7L Acier - dev6 Erresse\",\"isPartOf\":{\"@id\":\"https:\/\/dev6.erresse-shop.it\/#website\"},\"primaryImageOfPage\":{\"@id\":\"https:\/\/dev6.erresse-shop.it\/fr\/shop\/petits-electromenagers\/robots-de-cuisine\/instant-pot-multicuiseur-duo-evo-plus-5-7l-acier\/#primaryimage\"},\"image\":{\"@id\":\"https:\/\/dev6.erresse-shop.it\/fr\/shop\/petits-electromenagers\/robots-de-cuisine\/instant-pot-multicuiseur-duo-evo-plus-5-7l-acier\/#primaryimage\"},\"thumbnailUrl\":\"https:\/\/i2.wp.com\/interpim.erresse-shop.it\/Import\/Prodotti\/instant-pot-multicooker-duo-evo-plus.jpg?ssl=1\",\"datePublished\":\"2026-04-12T06:43:39+00:00\",\"description\":\"Le multicuiseur Instant Pot Duo Evo Plus\u2122 est le mod\u00e8le le plus populaire en Italie et en Europe. Le Duo, c\u2019est 10 appareils en 1 : Facile \u00e0 utiliser,\",\"breadcrumb\":{\"@id\":\"https:\/\/dev6.erresse-shop.it\/fr\/shop\/petits-electromenagers\/robots-de-cuisine\/instant-pot-multicuiseur-duo-evo-plus-5-7l-acier\/#breadcrumb\"},\"inLanguage\":\"fr-FR\",\"potentialAction\":[{\"@type\":\"ReadAction\",\"target\":[\"https:\/\/dev6.erresse-shop.it\/fr\/shop\/petits-electromenagers\/robots-de-cuisine\/instant-pot-multicuiseur-duo-evo-plus-5-7l-acier\/\"]}]},{\"@type\":\"ImageObject\",\"inLanguage\":\"fr-FR\",\"@id\":\"https:\/\/dev6.erresse-shop.it\/fr\/shop\/petits-electromenagers\/robots-de-cuisine\/instant-pot-multicuiseur-duo-evo-plus-5-7l-acier\/#primaryimage\",\"url\":\"https:\/\/i2.wp.com\/interpim.erresse-shop.it\/Import\/Prodotti\/instant-pot-multicooker-duo-evo-plus.jpg?ssl=1\",\"contentUrl\":\"https:\/\/i2.wp.com\/interpim.erresse-shop.it\/Import\/Prodotti\/instant-pot-multicooker-duo-evo-plus.jpg?ssl=1\"},{\"@type\":\"BreadcrumbList\",\"@id\":\"https:\/\/dev6.erresse-shop.it\/fr\/shop\/petits-electromenagers\/robots-de-cuisine\/instant-pot-multicuiseur-duo-evo-plus-5-7l-acier\/#breadcrumb\",\"itemListElement\":[{\"@type\":\"ListItem\",\"position\":1,\"name\":\"Home\",\"item\":\"https:\/\/dev6.erresse-shop.it\/\"},{\"@type\":\"ListItem\",\"position\":2,\"name\":\"Boutique\",\"item\":\"https:\/\/dev6.erresse-shop.it\/shop\/\"},{\"@type\":\"ListItem\",\"position\":3,\"name\":\"INSTANT POT Multicuiseur Duo Evo Plus 5.7L Acier\"}]},{\"@type\":\"WebSite\",\"@id\":\"https:\/\/dev6.erresse-shop.it\/#website\",\"url\":\"https:\/\/dev6.erresse-shop.it\/\",\"name\":\"Erresse Shop\",\"description\":\"\",\"publisher\":{\"@id\":\"https:\/\/dev6.erresse-shop.it\/#organization\"},\"potentialAction\":[{\"@type\":\"SearchAction\",\"target\":{\"@type\":\"EntryPoint\",\"urlTemplate\":\"https:\/\/dev6.erresse-shop.it\/?s={search_term_string}\"},\"query-input\":{\"@type\":\"PropertyValueSpecification\",\"valueRequired\":true,\"valueName\":\"search_term_string\"}}],\"inLanguage\":\"fr-FR\"},{\"@type\":\"Organization\",\"@id\":\"https:\/\/dev6.erresse-shop.it\/#organization\",\"name\":\"Erresse Shop\",\"url\":\"https:\/\/dev6.erresse-shop.it\/\",\"logo\":{\"@type\":\"ImageObject\",\"inLanguage\":\"fr-FR\",\"@id\":\"https:\/\/dev6.erresse-shop.it\/#\/schema\/logo\/image\/\",\"url\":\"https:\/\/dev6.erresse-shop.it\/wp-content\/uploads\/2025\/01\/LOGO-ERRESSE-CLASSICO.svg\",\"contentUrl\":\"https:\/\/dev6.erresse-shop.it\/wp-content\/uploads\/2025\/01\/LOGO-ERRESSE-CLASSICO.svg\",\"caption\":\"Erresse Shop\"},\"image\":{\"@id\":\"https:\/\/dev6.erresse-shop.it\/#\/schema\/logo\/image\/\"}}]}<\/script>\n<!-- \/ Yoast SEO plugin. -->","yoast_head_json":{"title":"INSTANT POT Multicuiseur Duo Evo Plus 5.7L Acier - dev6 Erresse","description":"Le multicuiseur Instant Pot Duo Evo Plus\u2122 est le mod\u00e8le le plus populaire en Italie et en Europe. Le Duo, c\u2019est 10 appareils en 1 : Facile \u00e0 utiliser,","robots":{"index":"noindex","follow":"follow","max-snippet":"max-snippet:-1","max-image-preview":"max-image-preview:large","max-video-preview":"max-video-preview:-1"},"og_locale":"fr_FR","og_type":"article","og_title":"INSTANT POT Multicuiseur Duo Evo Plus 5.7L Acier - dev6 Erresse","og_description":"Le multicuiseur Instant Pot Duo Evo Plus\u2122 est le mod\u00e8le le plus populaire en Italie et en Europe. Le Duo, c\u2019est 10 appareils en 1 : Facile \u00e0 utiliser,","og_url":"https:\/\/dev6.erresse-shop.it\/fr\/shop\/petits-electromenagers\/robots-de-cuisine\/instant-pot-multicuiseur-duo-evo-plus-5-7l-acier\/","og_site_name":"dev6 Erresse","og_image":[{"url":"https:\/\/interpim.erresse-shop.it\/Import\/Prodotti\/instant-pot-multicooker-duo-evo-plus.jpg","type":"","width":"","height":""},{"url":"https:\/\/interpim.erresse-shop.it\/Import\/Prodotti\/instant-pot-multicooker-duo-evo-plus.jpg","width":1024,"height":1024,"type":"image\/jpeg"}],"twitter_card":"summary_large_image","twitter_image":"https:\/\/interpim.erresse-shop.it\/Import\/Prodotti\/instant-pot-multicooker-duo-evo-plus.jpg","schema":{"@context":"https:\/\/schema.org","@graph":[{"@type":"WebPage","@id":"https:\/\/dev6.erresse-shop.it\/fr\/shop\/petits-electromenagers\/robots-de-cuisine\/instant-pot-multicuiseur-duo-evo-plus-5-7l-acier\/","url":"https:\/\/dev6.erresse-shop.it\/fr\/shop\/petits-electromenagers\/robots-de-cuisine\/instant-pot-multicuiseur-duo-evo-plus-5-7l-acier\/","name":"INSTANT POT Multicuiseur Duo Evo Plus 5.7L Acier - dev6 Erresse","isPartOf":{"@id":"https:\/\/dev6.erresse-shop.it\/#website"},"primaryImageOfPage":{"@id":"https:\/\/dev6.erresse-shop.it\/fr\/shop\/petits-electromenagers\/robots-de-cuisine\/instant-pot-multicuiseur-duo-evo-plus-5-7l-acier\/#primaryimage"},"image":{"@id":"https:\/\/dev6.erresse-shop.it\/fr\/shop\/petits-electromenagers\/robots-de-cuisine\/instant-pot-multicuiseur-duo-evo-plus-5-7l-acier\/#primaryimage"},"thumbnailUrl":"https:\/\/i2.wp.com\/interpim.erresse-shop.it\/Import\/Prodotti\/instant-pot-multicooker-duo-evo-plus.jpg?ssl=1","datePublished":"2026-04-12T06:43:39+00:00","description":"Le multicuiseur Instant Pot Duo Evo Plus\u2122 est le mod\u00e8le le plus populaire en Italie et en Europe. Le Duo, c\u2019est 10 appareils en 1 : Facile \u00e0 utiliser,","breadcrumb":{"@id":"https:\/\/dev6.erresse-shop.it\/fr\/shop\/petits-electromenagers\/robots-de-cuisine\/instant-pot-multicuiseur-duo-evo-plus-5-7l-acier\/#breadcrumb"},"inLanguage":"fr-FR","potentialAction":[{"@type":"ReadAction","target":["https:\/\/dev6.erresse-shop.it\/fr\/shop\/petits-electromenagers\/robots-de-cuisine\/instant-pot-multicuiseur-duo-evo-plus-5-7l-acier\/"]}]},{"@type":"ImageObject","inLanguage":"fr-FR","@id":"https:\/\/dev6.erresse-shop.it\/fr\/shop\/petits-electromenagers\/robots-de-cuisine\/instant-pot-multicuiseur-duo-evo-plus-5-7l-acier\/#primaryimage","url":"https:\/\/i2.wp.com\/interpim.erresse-shop.it\/Import\/Prodotti\/instant-pot-multicooker-duo-evo-plus.jpg?ssl=1","contentUrl":"https:\/\/i2.wp.com\/interpim.erresse-shop.it\/Import\/Prodotti\/instant-pot-multicooker-duo-evo-plus.jpg?ssl=1"},{"@type":"BreadcrumbList","@id":"https:\/\/dev6.erresse-shop.it\/fr\/shop\/petits-electromenagers\/robots-de-cuisine\/instant-pot-multicuiseur-duo-evo-plus-5-7l-acier\/#breadcrumb","itemListElement":[{"@type":"ListItem","position":1,"name":"Home","item":"https:\/\/dev6.erresse-shop.it\/"},{"@type":"ListItem","position":2,"name":"Boutique","item":"https:\/\/dev6.erresse-shop.it\/shop\/"},{"@type":"ListItem","position":3,"name":"INSTANT POT Multicuiseur Duo Evo Plus 5.7L Acier"}]},{"@type":"WebSite","@id":"https:\/\/dev6.erresse-shop.it\/#website","url":"https:\/\/dev6.erresse-shop.it\/","name":"Erresse Shop","description":"","publisher":{"@id":"https:\/\/dev6.erresse-shop.it\/#organization"},"potentialAction":[{"@type":"SearchAction","target":{"@type":"EntryPoint","urlTemplate":"https:\/\/dev6.erresse-shop.it\/?s={search_term_string}"},"query-input":{"@type":"PropertyValueSpecification","valueRequired":true,"valueName":"search_term_string"}}],"inLanguage":"fr-FR"},{"@type":"Organization","@id":"https:\/\/dev6.erresse-shop.it\/#organization","name":"Erresse Shop","url":"https:\/\/dev6.erresse-shop.it\/","logo":{"@type":"ImageObject","inLanguage":"fr-FR","@id":"https:\/\/dev6.erresse-shop.it\/#\/schema\/logo\/image\/","url":"https:\/\/dev6.erresse-shop.it\/wp-content\/uploads\/2025\/01\/LOGO-ERRESSE-CLASSICO.svg","contentUrl":"https:\/\/dev6.erresse-shop.it\/wp-content\/uploads\/2025\/01\/LOGO-ERRESSE-CLASSICO.svg","caption":"Erresse Shop"},"image":{"@id":"https:\/\/dev6.erresse-shop.it\/#\/schema\/logo\/image\/"}}]}},"df_price":189.99,"df_sale_price":"","df_regular_price":189.99,"df_image_link":"https:\/\/i2.wp.com\/interpim.erresse-shop.it\/Import\/Prodotti\/instant-pot-multicooker-duo-evo-plus.jpg?resize=300,300&ssl=1","fifu_image_url":"https:\/\/interpim.erresse-shop.it\/Import\/Prodotti\/instant-pot-multicooker-duo-evo-plus.jpg","_links":{"self":[{"href":"https:\/\/dev6.erresse-shop.it\/fr\/wp-json\/wp\/v2\/product\/59354","targetHints":{"allow":["GET"]}}],"collection":[{"href":"https:\/\/dev6.erresse-shop.it\/fr\/wp-json\/wp\/v2\/product"}],"about":[{"href":"https:\/\/dev6.erresse-shop.it\/fr\/wp-json\/wp\/v2\/types\/product"}],"wp:featuredmedia":[{"embeddable":true,"href":"https:\/\/dev6.erresse-shop.it\/fr\/wp-json\/wp\/v2\/media\/6352699"}],"wp:attachment":[{"href":"https:\/\/dev6.erresse-shop.it\/fr\/wp-json\/wp\/v2\/media?parent=59354"}],"wp:term":[{"taxonomy":"product_cat","embeddable":true,"href":"https:\/\/dev6.erresse-shop.it\/fr\/wp-json\/wp\/v2\/product_cat?post=59354"},{"taxonomy":"product_tag","embeddable":true,"href":"https:\/\/dev6.erresse-shop.it\/fr\/wp-json\/wp\/v2\/product_tag?post=59354"}],"curies":[{"name":"wp","href":"https:\/\/api.w.org\/{rel}","templated":true}]}}