{"id":59330,"date":"2026-04-04T08:41:30","date_gmt":"2026-04-04T06:41:30","guid":{"rendered":"https:\/\/dev6.erresse-shop.it\/shop\/non%20class\u00e9\/sambonet-set-de-couverts-24-pieces-rock\/"},"modified":"2025-07-04T16:13:00","modified_gmt":"2025-07-04T14:13:00","slug":"sambonet-set-de-couverts-24-pieces-rock","status":"publish","type":"product","link":"https:\/\/dev6.erresse-shop.it\/fr\/shop\/table-fr-2\/couverts\/sambonet-set-de-couverts-24-pieces-rock\/","title":{"rendered":"SAMBONET Set de Couverts 24 Pi\u00e8ces Rock"},"content":{"rendered":"<p>Pour Sambonet, \u00eatre \u201crock\u201d va bien au-del\u00e0 de l\u2019esth\u00e9tique. Renforc\u00e9s par un ADN innovant, d\u00e9termin\u00e9s dans leur conception et raffin\u00e9s dans leur style, les nouveaux couverts Rock sont extr\u00eamement flexibles tout en apportant du caract\u00e8re et du dynamisme \u00e0 la table. Les lignes carr\u00e9es et la forte \u00e9paisseur de l\u2019acier inoxydable en font une collection fonctionnelle et contemporaine.<\/p>\n<p>Un design moderne, nonchalant et attrayant qui donne du relief \u00e0 la table.<br \/>\nVaisselle pour 6 personnes. Comprend 6 fourchettes de table, 6 cuill\u00e8res de table, 6 couteaux de table et 6 cuill\u00e8res \u00e0 caf\u00e9.<br \/>\nFabriqu\u00e9 en acier inoxydable 18\/10 durable et de haute qualit\u00e9. Lavable au lave-vaisselle.<br \/>\nLe poli miroir met en valeur la haute qualit\u00e9 de l\u2019acier Sambonet, en soulignant la forme et le design.<br \/>\nLa captivante texture Antique, agr\u00e9able au toucher, donne une finition mate sophistiqu\u00e9e et raffin\u00e9e \u00e0 l\u2019acier. La coloration PVD \u2013 le savoir-faire d\u00e9pos\u00e9 de Sambonet \u2013 ajoute style et force aux surfaces.<\/p>\n<p>AVANT ET APR\u00c8S CHAQUE UTILISATION<br \/>\nLaver avec des d\u00e9tergents appropri\u00e9s en \u00e9vitant le chlore et les produits de blanchiment, rincer et s\u00e9cher soigneusement. Stockez ensuite dans un endroit sec. N\u2019utilisez pas d\u2019\u00e9ponges ou de chiffons abrasifs ni de tampons \u00e0 r\u00e9curer le m\u00e9tal. Enlevez imm\u00e9diatement les r\u00e9sidus de sel, de citron, de vinaigre, de sauces \u00e0 base de tomates, etc. Si vous utilisez un lave-vaisselle, assurez-vous que le traitement comprend un s\u00e9chage et un polissage parfaits et, sinon, faites-le manuellement. Les lames de couteaux sont fabriqu\u00e9es en acier inoxydable martensitique 420 tremp\u00e9, ce qui garantit la durabilit\u00e9 de l\u2019aff\u00fbtage mais rend le mat\u00e9riau plus sensible aux attaques corrosives. Il est essentiel que les couteaux soient correctement nettoy\u00e9s, lav\u00e9s et s\u00e9ch\u00e9s imm\u00e9diatement apr\u00e8s utilisation.<\/p>\n","protected":false},"excerpt":{"rendered":"<p>Pour Sambonet, \u00eatre \u201crock\u201d va bien au-del\u00e0 de l\u2019esth\u00e9tique. Renforc\u00e9s par un ADN innovant, d\u00e9termin\u00e9s dans leur conception et raffin\u00e9s dans leur style, les nouveaux couverts Rock sont extr\u00eamement flexibles tout en apportant du caract\u00e8re et du dynamisme \u00e0 la table. Les lignes carr\u00e9es et la forte \u00e9paisseur de l\u2019acier inoxydable en font une collection [&hellip;]<\/p>\n","protected":false},"featured_media":6269322,"template":"","meta":{"_acf_changed":false},"product_cat":[11996,11995,11671],"product_tag":[],"class_list":{"0":"post-59330","1":"product","2":"type-product","3":"status-publish","4":"has-post-thumbnail","6":"product_cat-couverts","7":"product_cat-table-fr-2","8":"product_cat-tavola","10":"first","11":"outofstock","12":"taxable","13":"shipping-taxable","14":"product-type-simple","swatches":"rey-swatches","show_selected":"","stretch_labels":"rey-swatches--stretch-labels"},"acf":[],"yoast_head":"<!-- This site is optimized with the Yoast SEO plugin v25.4 - https:\/\/yoast.com\/wordpress\/plugins\/seo\/ -->\n<title>SAMBONET Set de Couverts 24 Pi\u00e8ces Rock - dev6 Erresse<\/title>\n<meta name=\"description\" content=\"Pour Sambonet, \u00eatre \u201crock\u201d va bien au-del\u00e0 de l\u2019esth\u00e9tique. Renforc\u00e9s par un ADN innovant, d\u00e9termin\u00e9s dans leur conception et raffin\u00e9s dans leur style,\" \/>\n<meta name=\"robots\" content=\"noindex, follow, max-snippet:-1, max-image-preview:large, max-video-preview:-1\" \/>\n<meta property=\"og:locale\" content=\"fr_FR\" \/>\n<meta property=\"og:type\" content=\"article\" \/>\n<meta property=\"og:title\" content=\"SAMBONET Set de Couverts 24 Pi\u00e8ces Rock - dev6 Erresse\" \/>\n<meta property=\"og:description\" content=\"Pour Sambonet, \u00eatre \u201crock\u201d va bien au-del\u00e0 de l\u2019esth\u00e9tique. Renforc\u00e9s par un ADN innovant, d\u00e9termin\u00e9s dans leur conception et raffin\u00e9s dans leur style,\" \/>\n<meta property=\"og:url\" content=\"https:\/\/dev6.erresse-shop.it\/fr\/shop\/table-fr-2\/couverts\/sambonet-set-de-couverts-24-pieces-rock\/\" \/>\n<meta property=\"og:site_name\" content=\"dev6 Erresse\" \/>\n<meta property=\"og:image\" content=\"https:\/\/interpim.erresse-shop.it\/img-catalogo\/sambonet\/sambinet-posate-rock.jpg\" \/><meta property=\"og:image\" content=\"https:\/\/interpim.erresse-shop.it\/img-catalogo\/sambonet\/sambinet-posate-rock.jpg\" \/>\n\t<meta property=\"og:image:width\" content=\"1024\" \/>\n\t<meta property=\"og:image:height\" content=\"1024\" \/>\n\t<meta property=\"og:image:type\" content=\"image\/jpeg\" \/>\n<meta name=\"twitter:card\" content=\"summary_large_image\" \/>\n<meta name=\"twitter:image\" content=\"https:\/\/interpim.erresse-shop.it\/img-catalogo\/sambonet\/sambinet-posate-rock.jpg\" \/>\n<script type=\"application\/ld+json\" class=\"yoast-schema-graph\">{\"@context\":\"https:\/\/schema.org\",\"@graph\":[{\"@type\":\"WebPage\",\"@id\":\"https:\/\/dev6.erresse-shop.it\/fr\/shop\/table-fr-2\/couverts\/sambonet-set-de-couverts-24-pieces-rock\/\",\"url\":\"https:\/\/dev6.erresse-shop.it\/fr\/shop\/table-fr-2\/couverts\/sambonet-set-de-couverts-24-pieces-rock\/\",\"name\":\"SAMBONET Set de Couverts 24 Pi\u00e8ces Rock - dev6 Erresse\",\"isPartOf\":{\"@id\":\"https:\/\/dev6.erresse-shop.it\/#website\"},\"primaryImageOfPage\":{\"@id\":\"https:\/\/dev6.erresse-shop.it\/fr\/shop\/table-fr-2\/couverts\/sambonet-set-de-couverts-24-pieces-rock\/#primaryimage\"},\"image\":{\"@id\":\"https:\/\/dev6.erresse-shop.it\/fr\/shop\/table-fr-2\/couverts\/sambonet-set-de-couverts-24-pieces-rock\/#primaryimage\"},\"thumbnailUrl\":\"https:\/\/i1.wp.com\/interpim.erresse-shop.it\/img-catalogo\/sambonet\/sambinet-posate-rock.jpg?ssl=1\",\"datePublished\":\"2026-04-04T06:41:30+00:00\",\"description\":\"Pour Sambonet, \u00eatre \u201crock\u201d va bien au-del\u00e0 de l\u2019esth\u00e9tique. Renforc\u00e9s par un ADN innovant, d\u00e9termin\u00e9s dans leur conception et raffin\u00e9s dans leur style,\",\"breadcrumb\":{\"@id\":\"https:\/\/dev6.erresse-shop.it\/fr\/shop\/table-fr-2\/couverts\/sambonet-set-de-couverts-24-pieces-rock\/#breadcrumb\"},\"inLanguage\":\"fr-FR\",\"potentialAction\":[{\"@type\":\"ReadAction\",\"target\":[\"https:\/\/dev6.erresse-shop.it\/fr\/shop\/table-fr-2\/couverts\/sambonet-set-de-couverts-24-pieces-rock\/\"]}]},{\"@type\":\"ImageObject\",\"inLanguage\":\"fr-FR\",\"@id\":\"https:\/\/dev6.erresse-shop.it\/fr\/shop\/table-fr-2\/couverts\/sambonet-set-de-couverts-24-pieces-rock\/#primaryimage\",\"url\":\"https:\/\/i1.wp.com\/interpim.erresse-shop.it\/img-catalogo\/sambonet\/sambinet-posate-rock.jpg?ssl=1\",\"contentUrl\":\"https:\/\/i1.wp.com\/interpim.erresse-shop.it\/img-catalogo\/sambonet\/sambinet-posate-rock.jpg?ssl=1\"},{\"@type\":\"BreadcrumbList\",\"@id\":\"https:\/\/dev6.erresse-shop.it\/fr\/shop\/table-fr-2\/couverts\/sambonet-set-de-couverts-24-pieces-rock\/#breadcrumb\",\"itemListElement\":[{\"@type\":\"ListItem\",\"position\":1,\"name\":\"Home\",\"item\":\"https:\/\/dev6.erresse-shop.it\/\"},{\"@type\":\"ListItem\",\"position\":2,\"name\":\"Boutique\",\"item\":\"https:\/\/dev6.erresse-shop.it\/shop\/\"},{\"@type\":\"ListItem\",\"position\":3,\"name\":\"SAMBONET Set de Couverts 24 Pi\u00e8ces Rock\"}]},{\"@type\":\"WebSite\",\"@id\":\"https:\/\/dev6.erresse-shop.it\/#website\",\"url\":\"https:\/\/dev6.erresse-shop.it\/\",\"name\":\"Erresse Shop\",\"description\":\"\",\"publisher\":{\"@id\":\"https:\/\/dev6.erresse-shop.it\/#organization\"},\"potentialAction\":[{\"@type\":\"SearchAction\",\"target\":{\"@type\":\"EntryPoint\",\"urlTemplate\":\"https:\/\/dev6.erresse-shop.it\/?s={search_term_string}\"},\"query-input\":{\"@type\":\"PropertyValueSpecification\",\"valueRequired\":true,\"valueName\":\"search_term_string\"}}],\"inLanguage\":\"fr-FR\"},{\"@type\":\"Organization\",\"@id\":\"https:\/\/dev6.erresse-shop.it\/#organization\",\"name\":\"Erresse Shop\",\"url\":\"https:\/\/dev6.erresse-shop.it\/\",\"logo\":{\"@type\":\"ImageObject\",\"inLanguage\":\"fr-FR\",\"@id\":\"https:\/\/dev6.erresse-shop.it\/#\/schema\/logo\/image\/\",\"url\":\"https:\/\/dev6.erresse-shop.it\/wp-content\/uploads\/2025\/01\/LOGO-ERRESSE-CLASSICO.svg\",\"contentUrl\":\"https:\/\/dev6.erresse-shop.it\/wp-content\/uploads\/2025\/01\/LOGO-ERRESSE-CLASSICO.svg\",\"caption\":\"Erresse Shop\"},\"image\":{\"@id\":\"https:\/\/dev6.erresse-shop.it\/#\/schema\/logo\/image\/\"}}]}<\/script>\n<!-- \/ Yoast SEO plugin. -->","yoast_head_json":{"title":"SAMBONET Set de Couverts 24 Pi\u00e8ces Rock - dev6 Erresse","description":"Pour Sambonet, \u00eatre \u201crock\u201d va bien au-del\u00e0 de l\u2019esth\u00e9tique. Renforc\u00e9s par un ADN innovant, d\u00e9termin\u00e9s dans leur conception et raffin\u00e9s dans leur style,","robots":{"index":"noindex","follow":"follow","max-snippet":"max-snippet:-1","max-image-preview":"max-image-preview:large","max-video-preview":"max-video-preview:-1"},"og_locale":"fr_FR","og_type":"article","og_title":"SAMBONET Set de Couverts 24 Pi\u00e8ces Rock - dev6 Erresse","og_description":"Pour Sambonet, \u00eatre \u201crock\u201d va bien au-del\u00e0 de l\u2019esth\u00e9tique. Renforc\u00e9s par un ADN innovant, d\u00e9termin\u00e9s dans leur conception et raffin\u00e9s dans leur style,","og_url":"https:\/\/dev6.erresse-shop.it\/fr\/shop\/table-fr-2\/couverts\/sambonet-set-de-couverts-24-pieces-rock\/","og_site_name":"dev6 Erresse","og_image":[{"url":"https:\/\/interpim.erresse-shop.it\/img-catalogo\/sambonet\/sambinet-posate-rock.jpg","type":"","width":"","height":""},{"url":"https:\/\/interpim.erresse-shop.it\/img-catalogo\/sambonet\/sambinet-posate-rock.jpg","width":1024,"height":1024,"type":"image\/jpeg"}],"twitter_card":"summary_large_image","twitter_image":"https:\/\/interpim.erresse-shop.it\/img-catalogo\/sambonet\/sambinet-posate-rock.jpg","schema":{"@context":"https:\/\/schema.org","@graph":[{"@type":"WebPage","@id":"https:\/\/dev6.erresse-shop.it\/fr\/shop\/table-fr-2\/couverts\/sambonet-set-de-couverts-24-pieces-rock\/","url":"https:\/\/dev6.erresse-shop.it\/fr\/shop\/table-fr-2\/couverts\/sambonet-set-de-couverts-24-pieces-rock\/","name":"SAMBONET Set de Couverts 24 Pi\u00e8ces Rock - dev6 Erresse","isPartOf":{"@id":"https:\/\/dev6.erresse-shop.it\/#website"},"primaryImageOfPage":{"@id":"https:\/\/dev6.erresse-shop.it\/fr\/shop\/table-fr-2\/couverts\/sambonet-set-de-couverts-24-pieces-rock\/#primaryimage"},"image":{"@id":"https:\/\/dev6.erresse-shop.it\/fr\/shop\/table-fr-2\/couverts\/sambonet-set-de-couverts-24-pieces-rock\/#primaryimage"},"thumbnailUrl":"https:\/\/i1.wp.com\/interpim.erresse-shop.it\/img-catalogo\/sambonet\/sambinet-posate-rock.jpg?ssl=1","datePublished":"2026-04-04T06:41:30+00:00","description":"Pour Sambonet, \u00eatre \u201crock\u201d va bien au-del\u00e0 de l\u2019esth\u00e9tique. Renforc\u00e9s par un ADN innovant, d\u00e9termin\u00e9s dans leur conception et raffin\u00e9s dans leur style,","breadcrumb":{"@id":"https:\/\/dev6.erresse-shop.it\/fr\/shop\/table-fr-2\/couverts\/sambonet-set-de-couverts-24-pieces-rock\/#breadcrumb"},"inLanguage":"fr-FR","potentialAction":[{"@type":"ReadAction","target":["https:\/\/dev6.erresse-shop.it\/fr\/shop\/table-fr-2\/couverts\/sambonet-set-de-couverts-24-pieces-rock\/"]}]},{"@type":"ImageObject","inLanguage":"fr-FR","@id":"https:\/\/dev6.erresse-shop.it\/fr\/shop\/table-fr-2\/couverts\/sambonet-set-de-couverts-24-pieces-rock\/#primaryimage","url":"https:\/\/i1.wp.com\/interpim.erresse-shop.it\/img-catalogo\/sambonet\/sambinet-posate-rock.jpg?ssl=1","contentUrl":"https:\/\/i1.wp.com\/interpim.erresse-shop.it\/img-catalogo\/sambonet\/sambinet-posate-rock.jpg?ssl=1"},{"@type":"BreadcrumbList","@id":"https:\/\/dev6.erresse-shop.it\/fr\/shop\/table-fr-2\/couverts\/sambonet-set-de-couverts-24-pieces-rock\/#breadcrumb","itemListElement":[{"@type":"ListItem","position":1,"name":"Home","item":"https:\/\/dev6.erresse-shop.it\/"},{"@type":"ListItem","position":2,"name":"Boutique","item":"https:\/\/dev6.erresse-shop.it\/shop\/"},{"@type":"ListItem","position":3,"name":"SAMBONET Set de Couverts 24 Pi\u00e8ces Rock"}]},{"@type":"WebSite","@id":"https:\/\/dev6.erresse-shop.it\/#website","url":"https:\/\/dev6.erresse-shop.it\/","name":"Erresse Shop","description":"","publisher":{"@id":"https:\/\/dev6.erresse-shop.it\/#organization"},"potentialAction":[{"@type":"SearchAction","target":{"@type":"EntryPoint","urlTemplate":"https:\/\/dev6.erresse-shop.it\/?s={search_term_string}"},"query-input":{"@type":"PropertyValueSpecification","valueRequired":true,"valueName":"search_term_string"}}],"inLanguage":"fr-FR"},{"@type":"Organization","@id":"https:\/\/dev6.erresse-shop.it\/#organization","name":"Erresse Shop","url":"https:\/\/dev6.erresse-shop.it\/","logo":{"@type":"ImageObject","inLanguage":"fr-FR","@id":"https:\/\/dev6.erresse-shop.it\/#\/schema\/logo\/image\/","url":"https:\/\/dev6.erresse-shop.it\/wp-content\/uploads\/2025\/01\/LOGO-ERRESSE-CLASSICO.svg","contentUrl":"https:\/\/dev6.erresse-shop.it\/wp-content\/uploads\/2025\/01\/LOGO-ERRESSE-CLASSICO.svg","caption":"Erresse Shop"},"image":{"@id":"https:\/\/dev6.erresse-shop.it\/#\/schema\/logo\/image\/"}}]}},"df_price":"","df_sale_price":"","df_regular_price":"","df_image_link":"https:\/\/i1.wp.com\/interpim.erresse-shop.it\/img-catalogo\/sambonet\/sambinet-posate-rock.jpg?resize=300,300&ssl=1","fifu_image_url":"https:\/\/interpim.erresse-shop.it\/img-catalogo\/sambonet\/sambinet-posate-rock.jpg","_links":{"self":[{"href":"https:\/\/dev6.erresse-shop.it\/fr\/wp-json\/wp\/v2\/product\/59330","targetHints":{"allow":["GET"]}}],"collection":[{"href":"https:\/\/dev6.erresse-shop.it\/fr\/wp-json\/wp\/v2\/product"}],"about":[{"href":"https:\/\/dev6.erresse-shop.it\/fr\/wp-json\/wp\/v2\/types\/product"}],"wp:featuredmedia":[{"embeddable":true,"href":"https:\/\/dev6.erresse-shop.it\/fr\/wp-json\/wp\/v2\/media\/6269322"}],"wp:attachment":[{"href":"https:\/\/dev6.erresse-shop.it\/fr\/wp-json\/wp\/v2\/media?parent=59330"}],"wp:term":[{"taxonomy":"product_cat","embeddable":true,"href":"https:\/\/dev6.erresse-shop.it\/fr\/wp-json\/wp\/v2\/product_cat?post=59330"},{"taxonomy":"product_tag","embeddable":true,"href":"https:\/\/dev6.erresse-shop.it\/fr\/wp-json\/wp\/v2\/product_tag?post=59330"}],"curies":[{"name":"wp","href":"https:\/\/api.w.org\/{rel}","templated":true}]}}