{"id":59324,"date":"2026-04-12T08:42:38","date_gmt":"2026-04-12T06:42:38","guid":{"rendered":"https:\/\/dev6.erresse-shop.it\/shop\/non%20class\u00e9\/versace-home-assiette-plate-30-cm-le-jardin-de-versace\/"},"modified":"2025-07-04T16:12:53","modified_gmt":"2025-07-04T14:12:53","slug":"versace-home-assiette-plate-30-cm-le-jardin-de-versace","status":"publish","type":"product","link":"https:\/\/dev6.erresse-shop.it\/fr\/shop\/table-fr-2\/plateaux\/versace-home-assiette-plate-30-cm-le-jardin-de-versace\/","title":{"rendered":"VERSACE HOME Assiette Plate 30 cm Le Jardin de Versace"},"content":{"rendered":"<p>L\u2019atelier milanais Versace a recr\u00e9\u00e9 un jardin enchant\u00e9 avec des couleurs pastel d\u00e9licates et une vari\u00e9t\u00e9 opulente de p\u00e9tales, de baies, d\u2019insectes et d\u2019ornements comme une all\u00e9gorie frivole d\u2019une symphonie d\u2019\u00e9t\u00e9. La collection Versace Le Jardin de Versace pr\u00e9sente des motifs exclusifs, le charme d\u2019\u00e9poques r\u00e9volues, l\u2019\u00e9l\u00e9gance et la sophistication. Tout simplement le monde de Versace.<\/p>\n","protected":false},"excerpt":{"rendered":"<p>L\u2019atelier milanais Versace a recr\u00e9\u00e9 un jardin enchant\u00e9 avec des couleurs pastel d\u00e9licates et une vari\u00e9t\u00e9 opulente de p\u00e9tales, de baies, d\u2019insectes et d\u2019ornements comme une all\u00e9gorie frivole d\u2019une symphonie d\u2019\u00e9t\u00e9. La collection Versace Le Jardin de Versace pr\u00e9sente des motifs exclusifs, le charme d\u2019\u00e9poques r\u00e9volues, l\u2019\u00e9l\u00e9gance et la sophistication. Tout simplement le monde de [&hellip;]<\/p>\n","protected":false},"featured_media":6352615,"template":"","meta":{"_acf_changed":false},"product_cat":[12004,11995,11671],"product_tag":[],"class_list":{"0":"post-59324","1":"product","2":"type-product","3":"status-publish","4":"has-post-thumbnail","6":"product_cat-plateaux","7":"product_cat-table-fr-2","8":"product_cat-tavola","10":"first","11":"outofstock","12":"taxable","13":"shipping-taxable","14":"purchasable","15":"product-type-simple","swatches":"rey-swatches","show_selected":"","stretch_labels":"rey-swatches--stretch-labels"},"acf":[],"yoast_head":"<!-- This site is optimized with the Yoast SEO plugin v25.4 - https:\/\/yoast.com\/wordpress\/plugins\/seo\/ -->\n<title>VERSACE HOME Assiette Plate 30 cm Le Jardin de Versace - dev6 Erresse<\/title>\n<meta name=\"description\" content=\"L\u2019atelier milanais Versace a recr\u00e9\u00e9 un jardin enchant\u00e9 avec des couleurs pastel d\u00e9licates et une vari\u00e9t\u00e9 opulente de p\u00e9tales, de baies, d\u2019insectes et\" \/>\n<meta name=\"robots\" content=\"noindex, follow, max-snippet:-1, max-image-preview:large, max-video-preview:-1\" \/>\n<meta property=\"og:locale\" content=\"fr_FR\" \/>\n<meta property=\"og:type\" content=\"article\" \/>\n<meta property=\"og:title\" content=\"VERSACE HOME Assiette Plate 30 cm Le Jardin de Versace - dev6 Erresse\" \/>\n<meta property=\"og:description\" content=\"L\u2019atelier milanais Versace a recr\u00e9\u00e9 un jardin enchant\u00e9 avec des couleurs pastel d\u00e9licates et une vari\u00e9t\u00e9 opulente de p\u00e9tales, de baies, d\u2019insectes et\" \/>\n<meta property=\"og:url\" content=\"https:\/\/dev6.erresse-shop.it\/fr\/shop\/table-fr-2\/plateaux\/versace-home-assiette-plate-30-cm-le-jardin-de-versace\/\" \/>\n<meta property=\"og:site_name\" content=\"dev6 Erresse\" \/>\n<meta property=\"og:image\" content=\"https:\/\/interpim.erresse-shop.it\/img-catalogo\/versace\/versace-home-piatto-piano-30-cm-le-jardin-de-versace.jpg\" \/><meta property=\"og:image\" content=\"https:\/\/interpim.erresse-shop.it\/img-catalogo\/versace\/versace-home-piatto-piano-30-cm-le-jardin-de-versace.jpg\" \/>\n\t<meta property=\"og:image:width\" content=\"1024\" \/>\n\t<meta property=\"og:image:height\" content=\"1024\" \/>\n\t<meta property=\"og:image:type\" content=\"image\/jpeg\" \/>\n<meta name=\"twitter:card\" content=\"summary_large_image\" \/>\n<meta name=\"twitter:image\" content=\"https:\/\/interpim.erresse-shop.it\/img-catalogo\/versace\/versace-home-piatto-piano-30-cm-le-jardin-de-versace.jpg\" \/>\n<script type=\"application\/ld+json\" class=\"yoast-schema-graph\">{\"@context\":\"https:\/\/schema.org\",\"@graph\":[{\"@type\":\"WebPage\",\"@id\":\"https:\/\/dev6.erresse-shop.it\/fr\/shop\/table-fr-2\/plateaux\/versace-home-assiette-plate-30-cm-le-jardin-de-versace\/\",\"url\":\"https:\/\/dev6.erresse-shop.it\/fr\/shop\/table-fr-2\/plateaux\/versace-home-assiette-plate-30-cm-le-jardin-de-versace\/\",\"name\":\"VERSACE HOME Assiette Plate 30 cm Le Jardin de Versace - dev6 Erresse\",\"isPartOf\":{\"@id\":\"https:\/\/dev6.erresse-shop.it\/#website\"},\"primaryImageOfPage\":{\"@id\":\"https:\/\/dev6.erresse-shop.it\/fr\/shop\/table-fr-2\/plateaux\/versace-home-assiette-plate-30-cm-le-jardin-de-versace\/#primaryimage\"},\"image\":{\"@id\":\"https:\/\/dev6.erresse-shop.it\/fr\/shop\/table-fr-2\/plateaux\/versace-home-assiette-plate-30-cm-le-jardin-de-versace\/#primaryimage\"},\"thumbnailUrl\":\"https:\/\/i2.wp.com\/interpim.erresse-shop.it\/img-catalogo\/versace\/versace-home-piatto-piano-30-cm-le-jardin-de-versace.jpg?ssl=1\",\"datePublished\":\"2026-04-12T06:42:38+00:00\",\"description\":\"L\u2019atelier milanais Versace a recr\u00e9\u00e9 un jardin enchant\u00e9 avec des couleurs pastel d\u00e9licates et une vari\u00e9t\u00e9 opulente de p\u00e9tales, de baies, d\u2019insectes et\",\"breadcrumb\":{\"@id\":\"https:\/\/dev6.erresse-shop.it\/fr\/shop\/table-fr-2\/plateaux\/versace-home-assiette-plate-30-cm-le-jardin-de-versace\/#breadcrumb\"},\"inLanguage\":\"fr-FR\",\"potentialAction\":[{\"@type\":\"ReadAction\",\"target\":[\"https:\/\/dev6.erresse-shop.it\/fr\/shop\/table-fr-2\/plateaux\/versace-home-assiette-plate-30-cm-le-jardin-de-versace\/\"]}]},{\"@type\":\"ImageObject\",\"inLanguage\":\"fr-FR\",\"@id\":\"https:\/\/dev6.erresse-shop.it\/fr\/shop\/table-fr-2\/plateaux\/versace-home-assiette-plate-30-cm-le-jardin-de-versace\/#primaryimage\",\"url\":\"https:\/\/i2.wp.com\/interpim.erresse-shop.it\/img-catalogo\/versace\/versace-home-piatto-piano-30-cm-le-jardin-de-versace.jpg?ssl=1\",\"contentUrl\":\"https:\/\/i2.wp.com\/interpim.erresse-shop.it\/img-catalogo\/versace\/versace-home-piatto-piano-30-cm-le-jardin-de-versace.jpg?ssl=1\"},{\"@type\":\"BreadcrumbList\",\"@id\":\"https:\/\/dev6.erresse-shop.it\/fr\/shop\/table-fr-2\/plateaux\/versace-home-assiette-plate-30-cm-le-jardin-de-versace\/#breadcrumb\",\"itemListElement\":[{\"@type\":\"ListItem\",\"position\":1,\"name\":\"Home\",\"item\":\"https:\/\/dev6.erresse-shop.it\/\"},{\"@type\":\"ListItem\",\"position\":2,\"name\":\"Boutique\",\"item\":\"https:\/\/dev6.erresse-shop.it\/shop\/\"},{\"@type\":\"ListItem\",\"position\":3,\"name\":\"VERSACE HOME Assiette Plate 30 cm Le Jardin de Versace\"}]},{\"@type\":\"WebSite\",\"@id\":\"https:\/\/dev6.erresse-shop.it\/#website\",\"url\":\"https:\/\/dev6.erresse-shop.it\/\",\"name\":\"Erresse Shop\",\"description\":\"\",\"publisher\":{\"@id\":\"https:\/\/dev6.erresse-shop.it\/#organization\"},\"potentialAction\":[{\"@type\":\"SearchAction\",\"target\":{\"@type\":\"EntryPoint\",\"urlTemplate\":\"https:\/\/dev6.erresse-shop.it\/?s={search_term_string}\"},\"query-input\":{\"@type\":\"PropertyValueSpecification\",\"valueRequired\":true,\"valueName\":\"search_term_string\"}}],\"inLanguage\":\"fr-FR\"},{\"@type\":\"Organization\",\"@id\":\"https:\/\/dev6.erresse-shop.it\/#organization\",\"name\":\"Erresse Shop\",\"url\":\"https:\/\/dev6.erresse-shop.it\/\",\"logo\":{\"@type\":\"ImageObject\",\"inLanguage\":\"fr-FR\",\"@id\":\"https:\/\/dev6.erresse-shop.it\/#\/schema\/logo\/image\/\",\"url\":\"https:\/\/dev6.erresse-shop.it\/wp-content\/uploads\/2025\/01\/LOGO-ERRESSE-CLASSICO.svg\",\"contentUrl\":\"https:\/\/dev6.erresse-shop.it\/wp-content\/uploads\/2025\/01\/LOGO-ERRESSE-CLASSICO.svg\",\"caption\":\"Erresse Shop\"},\"image\":{\"@id\":\"https:\/\/dev6.erresse-shop.it\/#\/schema\/logo\/image\/\"}}]}<\/script>\n<!-- \/ Yoast SEO plugin. -->","yoast_head_json":{"title":"VERSACE HOME Assiette Plate 30 cm Le Jardin de Versace - dev6 Erresse","description":"L\u2019atelier milanais Versace a recr\u00e9\u00e9 un jardin enchant\u00e9 avec des couleurs pastel d\u00e9licates et une vari\u00e9t\u00e9 opulente de p\u00e9tales, de baies, d\u2019insectes et","robots":{"index":"noindex","follow":"follow","max-snippet":"max-snippet:-1","max-image-preview":"max-image-preview:large","max-video-preview":"max-video-preview:-1"},"og_locale":"fr_FR","og_type":"article","og_title":"VERSACE HOME Assiette Plate 30 cm Le Jardin de Versace - dev6 Erresse","og_description":"L\u2019atelier milanais Versace a recr\u00e9\u00e9 un jardin enchant\u00e9 avec des couleurs pastel d\u00e9licates et une vari\u00e9t\u00e9 opulente de p\u00e9tales, de baies, d\u2019insectes et","og_url":"https:\/\/dev6.erresse-shop.it\/fr\/shop\/table-fr-2\/plateaux\/versace-home-assiette-plate-30-cm-le-jardin-de-versace\/","og_site_name":"dev6 Erresse","og_image":[{"url":"https:\/\/interpim.erresse-shop.it\/img-catalogo\/versace\/versace-home-piatto-piano-30-cm-le-jardin-de-versace.jpg","type":"","width":"","height":""},{"url":"https:\/\/interpim.erresse-shop.it\/img-catalogo\/versace\/versace-home-piatto-piano-30-cm-le-jardin-de-versace.jpg","width":1024,"height":1024,"type":"image\/jpeg"}],"twitter_card":"summary_large_image","twitter_image":"https:\/\/interpim.erresse-shop.it\/img-catalogo\/versace\/versace-home-piatto-piano-30-cm-le-jardin-de-versace.jpg","schema":{"@context":"https:\/\/schema.org","@graph":[{"@type":"WebPage","@id":"https:\/\/dev6.erresse-shop.it\/fr\/shop\/table-fr-2\/plateaux\/versace-home-assiette-plate-30-cm-le-jardin-de-versace\/","url":"https:\/\/dev6.erresse-shop.it\/fr\/shop\/table-fr-2\/plateaux\/versace-home-assiette-plate-30-cm-le-jardin-de-versace\/","name":"VERSACE HOME Assiette Plate 30 cm Le Jardin de Versace - dev6 Erresse","isPartOf":{"@id":"https:\/\/dev6.erresse-shop.it\/#website"},"primaryImageOfPage":{"@id":"https:\/\/dev6.erresse-shop.it\/fr\/shop\/table-fr-2\/plateaux\/versace-home-assiette-plate-30-cm-le-jardin-de-versace\/#primaryimage"},"image":{"@id":"https:\/\/dev6.erresse-shop.it\/fr\/shop\/table-fr-2\/plateaux\/versace-home-assiette-plate-30-cm-le-jardin-de-versace\/#primaryimage"},"thumbnailUrl":"https:\/\/i2.wp.com\/interpim.erresse-shop.it\/img-catalogo\/versace\/versace-home-piatto-piano-30-cm-le-jardin-de-versace.jpg?ssl=1","datePublished":"2026-04-12T06:42:38+00:00","description":"L\u2019atelier milanais Versace a recr\u00e9\u00e9 un jardin enchant\u00e9 avec des couleurs pastel d\u00e9licates et une vari\u00e9t\u00e9 opulente de p\u00e9tales, de baies, d\u2019insectes et","breadcrumb":{"@id":"https:\/\/dev6.erresse-shop.it\/fr\/shop\/table-fr-2\/plateaux\/versace-home-assiette-plate-30-cm-le-jardin-de-versace\/#breadcrumb"},"inLanguage":"fr-FR","potentialAction":[{"@type":"ReadAction","target":["https:\/\/dev6.erresse-shop.it\/fr\/shop\/table-fr-2\/plateaux\/versace-home-assiette-plate-30-cm-le-jardin-de-versace\/"]}]},{"@type":"ImageObject","inLanguage":"fr-FR","@id":"https:\/\/dev6.erresse-shop.it\/fr\/shop\/table-fr-2\/plateaux\/versace-home-assiette-plate-30-cm-le-jardin-de-versace\/#primaryimage","url":"https:\/\/i2.wp.com\/interpim.erresse-shop.it\/img-catalogo\/versace\/versace-home-piatto-piano-30-cm-le-jardin-de-versace.jpg?ssl=1","contentUrl":"https:\/\/i2.wp.com\/interpim.erresse-shop.it\/img-catalogo\/versace\/versace-home-piatto-piano-30-cm-le-jardin-de-versace.jpg?ssl=1"},{"@type":"BreadcrumbList","@id":"https:\/\/dev6.erresse-shop.it\/fr\/shop\/table-fr-2\/plateaux\/versace-home-assiette-plate-30-cm-le-jardin-de-versace\/#breadcrumb","itemListElement":[{"@type":"ListItem","position":1,"name":"Home","item":"https:\/\/dev6.erresse-shop.it\/"},{"@type":"ListItem","position":2,"name":"Boutique","item":"https:\/\/dev6.erresse-shop.it\/shop\/"},{"@type":"ListItem","position":3,"name":"VERSACE HOME Assiette Plate 30 cm Le Jardin de Versace"}]},{"@type":"WebSite","@id":"https:\/\/dev6.erresse-shop.it\/#website","url":"https:\/\/dev6.erresse-shop.it\/","name":"Erresse Shop","description":"","publisher":{"@id":"https:\/\/dev6.erresse-shop.it\/#organization"},"potentialAction":[{"@type":"SearchAction","target":{"@type":"EntryPoint","urlTemplate":"https:\/\/dev6.erresse-shop.it\/?s={search_term_string}"},"query-input":{"@type":"PropertyValueSpecification","valueRequired":true,"valueName":"search_term_string"}}],"inLanguage":"fr-FR"},{"@type":"Organization","@id":"https:\/\/dev6.erresse-shop.it\/#organization","name":"Erresse Shop","url":"https:\/\/dev6.erresse-shop.it\/","logo":{"@type":"ImageObject","inLanguage":"fr-FR","@id":"https:\/\/dev6.erresse-shop.it\/#\/schema\/logo\/image\/","url":"https:\/\/dev6.erresse-shop.it\/wp-content\/uploads\/2025\/01\/LOGO-ERRESSE-CLASSICO.svg","contentUrl":"https:\/\/dev6.erresse-shop.it\/wp-content\/uploads\/2025\/01\/LOGO-ERRESSE-CLASSICO.svg","caption":"Erresse Shop"},"image":{"@id":"https:\/\/dev6.erresse-shop.it\/#\/schema\/logo\/image\/"}}]}},"df_price":259,"df_sale_price":"","df_regular_price":259,"df_image_link":"https:\/\/i2.wp.com\/interpim.erresse-shop.it\/img-catalogo\/versace\/versace-home-piatto-piano-30-cm-le-jardin-de-versace.jpg?resize=300,300&ssl=1","fifu_image_url":"https:\/\/interpim.erresse-shop.it\/img-catalogo\/versace\/versace-home-piatto-piano-30-cm-le-jardin-de-versace.jpg","_links":{"self":[{"href":"https:\/\/dev6.erresse-shop.it\/fr\/wp-json\/wp\/v2\/product\/59324","targetHints":{"allow":["GET"]}}],"collection":[{"href":"https:\/\/dev6.erresse-shop.it\/fr\/wp-json\/wp\/v2\/product"}],"about":[{"href":"https:\/\/dev6.erresse-shop.it\/fr\/wp-json\/wp\/v2\/types\/product"}],"wp:featuredmedia":[{"embeddable":true,"href":"https:\/\/dev6.erresse-shop.it\/fr\/wp-json\/wp\/v2\/media\/6352615"}],"wp:attachment":[{"href":"https:\/\/dev6.erresse-shop.it\/fr\/wp-json\/wp\/v2\/media?parent=59324"}],"wp:term":[{"taxonomy":"product_cat","embeddable":true,"href":"https:\/\/dev6.erresse-shop.it\/fr\/wp-json\/wp\/v2\/product_cat?post=59324"},{"taxonomy":"product_tag","embeddable":true,"href":"https:\/\/dev6.erresse-shop.it\/fr\/wp-json\/wp\/v2\/product_tag?post=59324"}],"curies":[{"name":"wp","href":"https:\/\/api.w.org\/{rel}","templated":true}]}}