{"id":59292,"date":"2026-04-12T08:41:36","date_gmt":"2026-04-12T06:41:36","guid":{"rendered":"https:\/\/dev6.erresse-shop.it\/shop\/non%20class\u00e9\/zwilling-ensemble-de-vide-mix-freshsave-7-pieces\/"},"modified":"2025-09-14T04:22:49","modified_gmt":"2025-09-14T02:22:49","slug":"zwilling-ensemble-de-vide-mix-freshsave-7-pieces","status":"publish","type":"product","link":"https:\/\/dev6.erresse-shop.it\/fr\/shop\/cuisine\/couteaux\/accessoires\/zwilling-ensemble-de-vide-mix-freshsave-7-pieces\/","title":{"rendered":"ZWILLING Ensemble de vide Mix Fresh&#038;Save 7 pi\u00e8ces"},"content":{"rendered":"<p>Premier set d\u2019aspirateurs en verre FRESH &amp; SAVE : la fa\u00e7on d\u00e9contract\u00e9e de profiter de la fra\u00eecheur.<\/p>\n<p>Ce set vous s\u00e9duira rapidement : le grand et \u00e9l\u00e9gant r\u00e9cipient \u00e0 vide en verre, la lunch box de taille moyenne en plastique l\u00e9ger et incassable, les quatre sacs \u00e0 vide r\u00e9utilisables et la pompe \u00e0 vide (pratique, automatique et sans fil !) seront vos nouveaux alli\u00e9s dans la cuisine.<\/p>\n<p>Par rapport aux m\u00e9thodes de stockage habituelles, les aliments restent frais jusqu\u2019\u00e0 cinq fois plus longtemps gr\u00e2ce \u00e0 l\u2019emballage sous vide !<\/p>\n<p>Vous pouvez faire les choses en grand et conserver les fruits, les l\u00e9gumes, la viande ou le poisson dans le r\u00e9frig\u00e9rateur (ou le cong\u00e9lateur) avec les emballages sous vide en verre FRESH &amp; SAVE, ou en utilisant des sacs sous vide pour cr\u00e9er votre propre comptoir de produits frais \u00e0 la maison. Vous pouvez \u00e9galement pr\u00e9parer de d\u00e9licieux plats plusieurs jours \u00e0 l\u2019avance et les d\u00e9guster frais quand vous le souhaitez. Et dans la Lunch Box, gr\u00e2ce \u00e0 la pratique cloison flexible, vous pouvez emporter tout ce que vous voulez. Saviez-vous que vous pouvez \u00e9galement utiliser les r\u00e9cipients sous vide pour la cuisson sous-vide ou la marinade de viande en 30 minutes seulement ? Et lorsque vous \u00eates en d\u00e9placement \u2013 \u00e0 l\u2019\u00e9cole, au bureau ou sur la route \u2013 le r\u00e9cipient sous vide pratique vous permet de conserver de d\u00e9licieux en-cas.<\/p>\n<p>Mais comment cela fonctionne-t-il ? Il suffit de placer la pompe sur la valve et d\u2019appuyer sur le bouton pour cr\u00e9er un vide en quelques secondes. La pompe s\u2019arr\u00eate automatiquement lorsqu\u2019elle a cr\u00e9\u00e9 un vide suffisant. Et vous pouvez \u00eatre s\u00fbr que les saveurs et les vitamines resteront inalt\u00e9r\u00e9es.<\/p>\n<p>Gr\u00e2ce \u00e0 l\u2019application ZWILLING Culinary World, vous avez toujours le contr\u00f4le de vos provisions : il suffit de scanner le code QR sur les r\u00e9cipients ou les sacs sous vide pour recevoir un rappel du moment o\u00f9 vous devez utiliser ce que vous avez stock\u00e9. Le premier set innovant d\u2019aspirateurs FRESH &amp; SAVE : con\u00e7u pour vous faciliter la vie.<\/p>\n<p>Comment fonctionne l\u2019emballage sous vide ? Par rapport aux m\u00e9thodes de stockage habituelles, les aliments restent frais jusqu\u2019\u00e0 cinq fois plus longtemps, ce qui permet de conserver les saveurs et les nutriments intacts et de r\u00e9duire le gaspillage alimentaire.<br \/>\nVous pouvez stocker les aliments empil\u00e9s dans le r\u00e9frig\u00e9rateur ou le cong\u00e9lateur, ce qui permet \u00e9galement de gagner de l\u2019espace.<br \/>\nL\u2019attrayant r\u00e9cipient en verre est \u00e9galement parfait pour servir \u00e0 table \/ convient au four (sans couvercle, pour des temp\u00e9ratures allant jusqu\u2019\u00e0 180 \u00b0C).<br \/>\nLunch Box ultra-l\u00e9g\u00e8re et incassable pour emporter tout ce que vous voulez, gr\u00e2ce \u00e0 la pratique cloison flexible.<br \/>\nStockage s\u00fbr des aliments et des plats pr\u00e9par\u00e9s (le vide r\u00e9duit les br\u00fblures de cong\u00e9lation).<br \/>\nSacs sous vide r\u00e9utilisables : s\u00fbrs, r\u00e9sistants \u00e0 la chaleur, parfaits pour la cuisson sous-vide, micro-ondables.<br \/>\nLe set comprend une pompe \u00e0 vide, 1 r\u00e9cipient en verre, 1 Lunch Box et 4 sacs r\u00e9utilisables (deux tailles S et deux tailles M). Capacit\u00e9 du r\u00e9cipient, sans couvercle \/ niveau de remplissage maximal : M 0,8 l \/ 0,65 l ; L 2,0 l \/ 1,6 l ; sac \u00e0 vide : S 1,25 l \/ M 4 l<br \/>\nMat\u00e9riaux : sans BPA ; r\u00e9cipients en verre : verre borosilicate (base), plastique (couvercle), silicone (valve, joint) ; sac r\u00e9utilisable : plastique (sac, fermeture \u00e9clair), silicone (valve).<br \/>\nTout est toujours sous contr\u00f4le gr\u00e2ce \u00e0 l\u2019application ZWILLING Culinary<br \/>\nWorld et au code QR sur le couvercle, utile pour suivre les aliments et leur dur\u00e9e de conservation.<br \/>\nL\u2019application gratuite calcule la dur\u00e9e de conservation des aliments et des plats dans le vide, et la fonction de rappel vous permet de savoir quand il est temps d\u2019utiliser ce que vous avez stock\u00e9. L\u2019application comprend \u00e9galement des recettes, une vid\u00e9o explicative et une fonction de liste de courses.<br \/>\nL\u2019application gratuite calcule la dur\u00e9e de conservation des aliments et des plats et la fonction de rappel vous indique quand il est temps d\u2019utiliser ce que vous avez stock\u00e9. En plus, dans l\u2019application, des recettes, des explications vid\u00e9o et une fonction de liste de courses.<\/p>\n","protected":false},"excerpt":{"rendered":"<p>Premier set d\u2019aspirateurs en verre FRESH &amp; SAVE : la fa\u00e7on d\u00e9contract\u00e9e de profiter de la fra\u00eecheur. Ce set vous s\u00e9duira rapidement : le grand et \u00e9l\u00e9gant r\u00e9cipient \u00e0 vide en verre, la lunch box de taille moyenne en plastique l\u00e9ger et incassable, les quatre sacs \u00e0 vide r\u00e9utilisables et la pompe \u00e0 vide (pratique, [&hellip;]<\/p>\n","protected":false},"featured_media":6352555,"template":"","meta":{"_acf_changed":false},"product_cat":[11999,11668,11992,12095],"product_tag":[],"class_list":{"0":"post-59292","1":"product","2":"type-product","3":"status-publish","4":"has-post-thumbnail","6":"product_cat-accessoires","7":"product_cat-cucina","8":"product_cat-cuisine","9":"product_cat-sous-vide","11":"first","12":"outofstock","13":"sale","14":"taxable","15":"shipping-taxable","16":"purchasable","17":"product-type-simple","swatches":"rey-swatches","show_selected":"","stretch_labels":"rey-swatches--stretch-labels"},"acf":[],"yoast_head":"<!-- This site is optimized with the Yoast SEO plugin v25.4 - https:\/\/yoast.com\/wordpress\/plugins\/seo\/ -->\n<title>ZWILLING Ensemble de vide Mix Fresh&#038;Save 7 pi\u00e8ces - dev6 Erresse<\/title>\n<meta name=\"description\" content=\"Premier set d\u2019aspirateurs en verre FRESH &amp; SAVE : la fa\u00e7on d\u00e9contract\u00e9e de profiter de la fra\u00eecheur. Ce set vous s\u00e9duira rapidement : le grand et\" \/>\n<meta name=\"robots\" content=\"noindex, follow, max-snippet:-1, max-image-preview:large, max-video-preview:-1\" \/>\n<meta property=\"og:locale\" content=\"fr_FR\" \/>\n<meta property=\"og:type\" content=\"article\" \/>\n<meta property=\"og:title\" content=\"ZWILLING Ensemble de vide Mix Fresh&#038;Save 7 pi\u00e8ces - dev6 Erresse\" \/>\n<meta property=\"og:description\" content=\"Premier set d\u2019aspirateurs en verre FRESH &amp; SAVE : la fa\u00e7on d\u00e9contract\u00e9e de profiter de la fra\u00eecheur. Ce set vous s\u00e9duira rapidement : le grand et\" \/>\n<meta property=\"og:url\" content=\"https:\/\/dev6.erresse-shop.it\/fr\/shop\/cuisine\/couteaux\/accessoires\/zwilling-ensemble-de-vide-mix-freshsave-7-pieces\/\" \/>\n<meta property=\"og:site_name\" content=\"dev6 Erresse\" \/>\n<meta property=\"og:image\" content=\"https:\/\/interpim.erresse-shop.it\/img-catalogo\/zwilling\/zwilling-set-sottovuoto-mix-freshsave-7-pezzi.jpg\" \/><meta property=\"og:image\" content=\"https:\/\/interpim.erresse-shop.it\/img-catalogo\/zwilling\/zwilling-set-sottovuoto-mix-freshsave-7-pezzi.jpg\" \/>\n\t<meta property=\"og:image:width\" content=\"1024\" \/>\n\t<meta property=\"og:image:height\" content=\"1024\" \/>\n\t<meta property=\"og:image:type\" content=\"image\/jpeg\" \/>\n<meta name=\"twitter:card\" content=\"summary_large_image\" \/>\n<meta name=\"twitter:image\" content=\"https:\/\/interpim.erresse-shop.it\/img-catalogo\/zwilling\/zwilling-set-sottovuoto-mix-freshsave-7-pezzi.jpg\" \/>\n<script type=\"application\/ld+json\" class=\"yoast-schema-graph\">{\"@context\":\"https:\/\/schema.org\",\"@graph\":[{\"@type\":\"WebPage\",\"@id\":\"https:\/\/dev6.erresse-shop.it\/fr\/shop\/cuisine\/couteaux\/accessoires\/zwilling-ensemble-de-vide-mix-freshsave-7-pieces\/\",\"url\":\"https:\/\/dev6.erresse-shop.it\/fr\/shop\/cuisine\/couteaux\/accessoires\/zwilling-ensemble-de-vide-mix-freshsave-7-pieces\/\",\"name\":\"ZWILLING Ensemble de vide Mix Fresh&#038;Save 7 pi\u00e8ces - dev6 Erresse\",\"isPartOf\":{\"@id\":\"https:\/\/dev6.erresse-shop.it\/#website\"},\"primaryImageOfPage\":{\"@id\":\"https:\/\/dev6.erresse-shop.it\/fr\/shop\/cuisine\/couteaux\/accessoires\/zwilling-ensemble-de-vide-mix-freshsave-7-pieces\/#primaryimage\"},\"image\":{\"@id\":\"https:\/\/dev6.erresse-shop.it\/fr\/shop\/cuisine\/couteaux\/accessoires\/zwilling-ensemble-de-vide-mix-freshsave-7-pieces\/#primaryimage\"},\"thumbnailUrl\":\"https:\/\/i0.wp.com\/interpim.erresse-shop.it\/img-catalogo\/zwilling\/zwilling-set-sottovuoto-mix-freshsave-7-pezzi.jpg?ssl=1\",\"datePublished\":\"2026-04-12T06:41:36+00:00\",\"description\":\"Premier set d\u2019aspirateurs en verre FRESH &amp; SAVE : la fa\u00e7on d\u00e9contract\u00e9e de profiter de la fra\u00eecheur. Ce set vous s\u00e9duira rapidement : le grand et\",\"breadcrumb\":{\"@id\":\"https:\/\/dev6.erresse-shop.it\/fr\/shop\/cuisine\/couteaux\/accessoires\/zwilling-ensemble-de-vide-mix-freshsave-7-pieces\/#breadcrumb\"},\"inLanguage\":\"fr-FR\",\"potentialAction\":[{\"@type\":\"ReadAction\",\"target\":[\"https:\/\/dev6.erresse-shop.it\/fr\/shop\/cuisine\/couteaux\/accessoires\/zwilling-ensemble-de-vide-mix-freshsave-7-pieces\/\"]}]},{\"@type\":\"ImageObject\",\"inLanguage\":\"fr-FR\",\"@id\":\"https:\/\/dev6.erresse-shop.it\/fr\/shop\/cuisine\/couteaux\/accessoires\/zwilling-ensemble-de-vide-mix-freshsave-7-pieces\/#primaryimage\",\"url\":\"https:\/\/i0.wp.com\/interpim.erresse-shop.it\/img-catalogo\/zwilling\/zwilling-set-sottovuoto-mix-freshsave-7-pezzi.jpg?ssl=1\",\"contentUrl\":\"https:\/\/i0.wp.com\/interpim.erresse-shop.it\/img-catalogo\/zwilling\/zwilling-set-sottovuoto-mix-freshsave-7-pezzi.jpg?ssl=1\"},{\"@type\":\"BreadcrumbList\",\"@id\":\"https:\/\/dev6.erresse-shop.it\/fr\/shop\/cuisine\/couteaux\/accessoires\/zwilling-ensemble-de-vide-mix-freshsave-7-pieces\/#breadcrumb\",\"itemListElement\":[{\"@type\":\"ListItem\",\"position\":1,\"name\":\"Home\",\"item\":\"https:\/\/dev6.erresse-shop.it\/\"},{\"@type\":\"ListItem\",\"position\":2,\"name\":\"Boutique\",\"item\":\"https:\/\/dev6.erresse-shop.it\/shop\/\"},{\"@type\":\"ListItem\",\"position\":3,\"name\":\"ZWILLING Ensemble de vide Mix Fresh&#038;Save 7 pi\u00e8ces\"}]},{\"@type\":\"WebSite\",\"@id\":\"https:\/\/dev6.erresse-shop.it\/#website\",\"url\":\"https:\/\/dev6.erresse-shop.it\/\",\"name\":\"Erresse Shop\",\"description\":\"\",\"publisher\":{\"@id\":\"https:\/\/dev6.erresse-shop.it\/#organization\"},\"potentialAction\":[{\"@type\":\"SearchAction\",\"target\":{\"@type\":\"EntryPoint\",\"urlTemplate\":\"https:\/\/dev6.erresse-shop.it\/?s={search_term_string}\"},\"query-input\":{\"@type\":\"PropertyValueSpecification\",\"valueRequired\":true,\"valueName\":\"search_term_string\"}}],\"inLanguage\":\"fr-FR\"},{\"@type\":\"Organization\",\"@id\":\"https:\/\/dev6.erresse-shop.it\/#organization\",\"name\":\"Erresse Shop\",\"url\":\"https:\/\/dev6.erresse-shop.it\/\",\"logo\":{\"@type\":\"ImageObject\",\"inLanguage\":\"fr-FR\",\"@id\":\"https:\/\/dev6.erresse-shop.it\/#\/schema\/logo\/image\/\",\"url\":\"https:\/\/dev6.erresse-shop.it\/wp-content\/uploads\/2025\/01\/LOGO-ERRESSE-CLASSICO.svg\",\"contentUrl\":\"https:\/\/dev6.erresse-shop.it\/wp-content\/uploads\/2025\/01\/LOGO-ERRESSE-CLASSICO.svg\",\"caption\":\"Erresse Shop\"},\"image\":{\"@id\":\"https:\/\/dev6.erresse-shop.it\/#\/schema\/logo\/image\/\"}}]}<\/script>\n<!-- \/ Yoast SEO plugin. -->","yoast_head_json":{"title":"ZWILLING Ensemble de vide Mix Fresh&#038;Save 7 pi\u00e8ces - dev6 Erresse","description":"Premier set d\u2019aspirateurs en verre FRESH &amp; SAVE : la fa\u00e7on d\u00e9contract\u00e9e de profiter de la fra\u00eecheur. Ce set vous s\u00e9duira rapidement : le grand et","robots":{"index":"noindex","follow":"follow","max-snippet":"max-snippet:-1","max-image-preview":"max-image-preview:large","max-video-preview":"max-video-preview:-1"},"og_locale":"fr_FR","og_type":"article","og_title":"ZWILLING Ensemble de vide Mix Fresh&#038;Save 7 pi\u00e8ces - dev6 Erresse","og_description":"Premier set d\u2019aspirateurs en verre FRESH &amp; SAVE : la fa\u00e7on d\u00e9contract\u00e9e de profiter de la fra\u00eecheur. Ce set vous s\u00e9duira rapidement : le grand et","og_url":"https:\/\/dev6.erresse-shop.it\/fr\/shop\/cuisine\/couteaux\/accessoires\/zwilling-ensemble-de-vide-mix-freshsave-7-pieces\/","og_site_name":"dev6 Erresse","og_image":[{"url":"https:\/\/interpim.erresse-shop.it\/img-catalogo\/zwilling\/zwilling-set-sottovuoto-mix-freshsave-7-pezzi.jpg","type":"","width":"","height":""},{"url":"https:\/\/interpim.erresse-shop.it\/img-catalogo\/zwilling\/zwilling-set-sottovuoto-mix-freshsave-7-pezzi.jpg","width":1024,"height":1024,"type":"image\/jpeg"}],"twitter_card":"summary_large_image","twitter_image":"https:\/\/interpim.erresse-shop.it\/img-catalogo\/zwilling\/zwilling-set-sottovuoto-mix-freshsave-7-pezzi.jpg","schema":{"@context":"https:\/\/schema.org","@graph":[{"@type":"WebPage","@id":"https:\/\/dev6.erresse-shop.it\/fr\/shop\/cuisine\/couteaux\/accessoires\/zwilling-ensemble-de-vide-mix-freshsave-7-pieces\/","url":"https:\/\/dev6.erresse-shop.it\/fr\/shop\/cuisine\/couteaux\/accessoires\/zwilling-ensemble-de-vide-mix-freshsave-7-pieces\/","name":"ZWILLING Ensemble de vide Mix Fresh&#038;Save 7 pi\u00e8ces - dev6 Erresse","isPartOf":{"@id":"https:\/\/dev6.erresse-shop.it\/#website"},"primaryImageOfPage":{"@id":"https:\/\/dev6.erresse-shop.it\/fr\/shop\/cuisine\/couteaux\/accessoires\/zwilling-ensemble-de-vide-mix-freshsave-7-pieces\/#primaryimage"},"image":{"@id":"https:\/\/dev6.erresse-shop.it\/fr\/shop\/cuisine\/couteaux\/accessoires\/zwilling-ensemble-de-vide-mix-freshsave-7-pieces\/#primaryimage"},"thumbnailUrl":"https:\/\/i0.wp.com\/interpim.erresse-shop.it\/img-catalogo\/zwilling\/zwilling-set-sottovuoto-mix-freshsave-7-pezzi.jpg?ssl=1","datePublished":"2026-04-12T06:41:36+00:00","description":"Premier set d\u2019aspirateurs en verre FRESH &amp; SAVE : la fa\u00e7on d\u00e9contract\u00e9e de profiter de la fra\u00eecheur. Ce set vous s\u00e9duira rapidement : le grand et","breadcrumb":{"@id":"https:\/\/dev6.erresse-shop.it\/fr\/shop\/cuisine\/couteaux\/accessoires\/zwilling-ensemble-de-vide-mix-freshsave-7-pieces\/#breadcrumb"},"inLanguage":"fr-FR","potentialAction":[{"@type":"ReadAction","target":["https:\/\/dev6.erresse-shop.it\/fr\/shop\/cuisine\/couteaux\/accessoires\/zwilling-ensemble-de-vide-mix-freshsave-7-pieces\/"]}]},{"@type":"ImageObject","inLanguage":"fr-FR","@id":"https:\/\/dev6.erresse-shop.it\/fr\/shop\/cuisine\/couteaux\/accessoires\/zwilling-ensemble-de-vide-mix-freshsave-7-pieces\/#primaryimage","url":"https:\/\/i0.wp.com\/interpim.erresse-shop.it\/img-catalogo\/zwilling\/zwilling-set-sottovuoto-mix-freshsave-7-pezzi.jpg?ssl=1","contentUrl":"https:\/\/i0.wp.com\/interpim.erresse-shop.it\/img-catalogo\/zwilling\/zwilling-set-sottovuoto-mix-freshsave-7-pezzi.jpg?ssl=1"},{"@type":"BreadcrumbList","@id":"https:\/\/dev6.erresse-shop.it\/fr\/shop\/cuisine\/couteaux\/accessoires\/zwilling-ensemble-de-vide-mix-freshsave-7-pieces\/#breadcrumb","itemListElement":[{"@type":"ListItem","position":1,"name":"Home","item":"https:\/\/dev6.erresse-shop.it\/"},{"@type":"ListItem","position":2,"name":"Boutique","item":"https:\/\/dev6.erresse-shop.it\/shop\/"},{"@type":"ListItem","position":3,"name":"ZWILLING Ensemble de vide Mix Fresh&#038;Save 7 pi\u00e8ces"}]},{"@type":"WebSite","@id":"https:\/\/dev6.erresse-shop.it\/#website","url":"https:\/\/dev6.erresse-shop.it\/","name":"Erresse Shop","description":"","publisher":{"@id":"https:\/\/dev6.erresse-shop.it\/#organization"},"potentialAction":[{"@type":"SearchAction","target":{"@type":"EntryPoint","urlTemplate":"https:\/\/dev6.erresse-shop.it\/?s={search_term_string}"},"query-input":{"@type":"PropertyValueSpecification","valueRequired":true,"valueName":"search_term_string"}}],"inLanguage":"fr-FR"},{"@type":"Organization","@id":"https:\/\/dev6.erresse-shop.it\/#organization","name":"Erresse Shop","url":"https:\/\/dev6.erresse-shop.it\/","logo":{"@type":"ImageObject","inLanguage":"fr-FR","@id":"https:\/\/dev6.erresse-shop.it\/#\/schema\/logo\/image\/","url":"https:\/\/dev6.erresse-shop.it\/wp-content\/uploads\/2025\/01\/LOGO-ERRESSE-CLASSICO.svg","contentUrl":"https:\/\/dev6.erresse-shop.it\/wp-content\/uploads\/2025\/01\/LOGO-ERRESSE-CLASSICO.svg","caption":"Erresse Shop"},"image":{"@id":"https:\/\/dev6.erresse-shop.it\/#\/schema\/logo\/image\/"}}]}},"df_price":84,"df_sale_price":84,"df_regular_price":99.95,"df_image_link":"https:\/\/i0.wp.com\/interpim.erresse-shop.it\/img-catalogo\/zwilling\/zwilling-set-sottovuoto-mix-freshsave-7-pezzi.jpg?resize=300,300&ssl=1","fifu_image_url":"https:\/\/interpim.erresse-shop.it\/img-catalogo\/zwilling\/zwilling-set-sottovuoto-mix-freshsave-7-pezzi.jpg","_links":{"self":[{"href":"https:\/\/dev6.erresse-shop.it\/fr\/wp-json\/wp\/v2\/product\/59292","targetHints":{"allow":["GET"]}}],"collection":[{"href":"https:\/\/dev6.erresse-shop.it\/fr\/wp-json\/wp\/v2\/product"}],"about":[{"href":"https:\/\/dev6.erresse-shop.it\/fr\/wp-json\/wp\/v2\/types\/product"}],"wp:featuredmedia":[{"embeddable":true,"href":"https:\/\/dev6.erresse-shop.it\/fr\/wp-json\/wp\/v2\/media\/6352555"}],"wp:attachment":[{"href":"https:\/\/dev6.erresse-shop.it\/fr\/wp-json\/wp\/v2\/media?parent=59292"}],"wp:term":[{"taxonomy":"product_cat","embeddable":true,"href":"https:\/\/dev6.erresse-shop.it\/fr\/wp-json\/wp\/v2\/product_cat?post=59292"},{"taxonomy":"product_tag","embeddable":true,"href":"https:\/\/dev6.erresse-shop.it\/fr\/wp-json\/wp\/v2\/product_tag?post=59292"}],"curies":[{"name":"wp","href":"https:\/\/api.w.org\/{rel}","templated":true}]}}