{"id":59286,"date":"2026-04-12T08:41:36","date_gmt":"2026-04-12T06:41:36","guid":{"rendered":"https:\/\/dev6.erresse-shop.it\/shop\/non%20class\u00e9\/zwilling-ensemble-de-cuisson-a-basse-temperature-freshsave-8-pieces\/"},"modified":"2025-09-14T04:22:46","modified_gmt":"2025-09-14T02:22:46","slug":"zwilling-ensemble-de-cuisson-a-basse-temperature-freshsave-8-pieces","status":"publish","type":"product","link":"https:\/\/dev6.erresse-shop.it\/fr\/shop\/cuisine\/couteaux\/accessoires\/zwilling-ensemble-de-cuisson-a-basse-temperature-freshsave-8-pieces\/","title":{"rendered":"ZWILLING Ensemble de cuisson \u00e0 basse temp\u00e9rature Fresh&#038;Save 8 pi\u00e8ces"},"content":{"rendered":"<p>Vous souhaitez obtenir les meilleurs r\u00e9sultats de cuisson tout en vous relaxant ? Avec le premier set de cuisson basse temp\u00e9rature ZWILLING FRESH &amp; SAVE, pr\u00e9parez-vous \u00e0 r\u00e9gner sur le royaume de la cuisson sous vide ! Le set contient : un b\u00e2ton de cuisson basse temp\u00e9rature puissant et pratique, 6 sacs sous vide r\u00e9sistants \u00e0 la chaleur et une pompe \u00e0 vide \u00e0 piles pratique et efficace. Avec la cuisson sous-vide, vous pouvez cuire de la viande, du poisson mais aussi des l\u00e9gumes et des fruits emball\u00e9s sous vide dans de l\u2019eau \u00e0 la temp\u00e9rature la plus basse possible, c\u2019est-\u00e0-dire \u00e0 la temp\u00e9rature id\u00e9ale. Le r\u00e9sultat ? Vous cuirez toujours vos aliments de mani\u00e8re parfaite et uniforme de l\u2019ext\u00e9rieur \u00e0 l\u2019int\u00e9rieur. Et avec le set de cuisson basse temp\u00e9rature, c\u2019est vraiment facile : il suffit de fixer le b\u00e2ton de cuisson basse temp\u00e9rature \u00e0 une casserole remplie d\u2019eau, puis de r\u00e9gler la temp\u00e9rature et la dur\u00e9e id\u00e9ales \u00e0 l\u2019aide de l\u2019\u00e9cran tactile LED intuitif. Pendant que le b\u00e2ton am\u00e8ne l\u2019eau \u00e0 la temp\u00e9rature voulue, vous avez le temps de verser les ingr\u00e9dients dans les sacs r\u00e9utilisables, qu\u2019il vous suffit de refermer. Oubliez tous les tracas : finies les op\u00e9rations fastidieuses, la fermeture et la d\u00e9coupe des sacs sous vide ! En quelques secondes seulement, apr\u00e8s avoir plac\u00e9 la pompe \u00e0 vide sur le sac zipp\u00e9, appuyez sur le bouton pour mettre sous vide. Plongez le sac sous vide dans le bain de cuisson et le b\u00e2ton fait le reste. La fonction minuterie int\u00e9gr\u00e9e vous permet de vous occuper de toutes les autres t\u00e2ches dans la cuisine ou avec vos invit\u00e9s, en toute d\u00e9tente : lorsque la cuisson est termin\u00e9e, le b\u00e2ton \u00e9met un signal sonore pour vous avertir et s\u2019arr\u00eate automatiquement. Et si vous voulez manger vos plats plus tard, pas de probl\u00e8me : laissez tout dans le bain de cuisson \u00e0 la temp\u00e9rature programm\u00e9e. Le degr\u00e9 de cuisson restera inchang\u00e9 et parfait. Et voil\u00e0, la magie du sous-vide est r\u00e9v\u00e9l\u00e9e !<\/p>\n<p>Set de 8 pi\u00e8ces : B\u00e2ton de cuisson basse temp\u00e9rature ZWILLING ENFINIGY, pompe \u00e0 vide ZWILLING FRESH &amp; SAVE, 3 sacs \u00e0 vide taille S, 3 sacs \u00e0 vide taille M<br \/>\nB\u00e2ton de cuisson basse temp\u00e9rature ZWILLING ENFINIGY : \u00e9cran tactile intuitif \u00e0 LED indiquant la temp\u00e9rature et la minuterie \/ R\u00e9glage de la temp\u00e9rature de 0 \u00e0 90 \u00b0C par paliers de 0,5 \u00b0C \/ Pr\u00e9cision maximale de la temp\u00e9rature de &#43;\/- 0,1 \u00b0C \u2013 0,2 \u00b0C dans la plage 40 \u00b0C \u2013 70 \u00b0C \/ Fonction minuterie de 0 \u00e0 99:59 heures par paliers d\u2019une minute \/ Signal sonore de fin de cuisson \/ Tableaux des temps de cuisson, livre de recettes et sac en tissu pratique pour ranger le b\u00e2ton en toute s\u00e9curit\u00e9 inclus.<br \/>\nPompe \u00e0 vide ZWILLING FRESH &amp; SAVE : appuyez sur le bouton pour mettre sous vide en quelques secondes et tr\u00e8s silencieusement \/ sans fil, facile \u00e0 manipuler \/ toujours pr\u00eate \u00e0 l\u2019emploi, gr\u00e2ce \u00e0 une batterie lithium-ion longue dur\u00e9e, rechargeable \/ c\u00e2ble USB inclus \/ faible encombrement \/ vous offre une polyvalence maximale combin\u00e9e aux autres produits de la s\u00e9rie ZWILLING FRESH &amp; SAVE pour conserver vos ingr\u00e9dients longtemps.<br \/>\nSacs sous vide ZWILLING FRESH &amp; SAVE : parfaits pour la cuisine sous-vide, ainsi que pour mariner et conserver longtemps vos aliments au r\u00e9frig\u00e9rateur et au cong\u00e9lateur \/ technologie innovante avec valve \/ r\u00e9utilisables gr\u00e2ce \u00e0 la fermeture \u00e9clair pratique \/ sans BPA \/ capacit\u00e9 S : 1,25 l, dimensions : 23 x 20 cm (L x H) ; capacit\u00e9 M : 4 l, dimensions : 35 x 25 cm (L x H) \/ gr\u00e2ce au code QR, vous pouvez organiser toutes vos provisions avec l\u2019application pratique<br \/>\nY compris la barri\u00e8re aux liquides pour l\u2019emballage sous vide d\u2019aliments contenant des liquides, tels que l\u2019huile ou les jus de viande.<\/p>\n<p>FEATURES<br \/>\nCouleur : blanc<br \/>\nMat\u00e9riau : plastique<br \/>\nConvient pour le cong\u00e9lateur : Oui<br \/>\nNombre de pi\u00e8ces : 8<br \/>\nTension : 110-240 V<\/p>\n<p>DIMENSION<br \/>\nPoids net : 1,64 kg<br \/>\nLongueur du produit : 11,20 cm<br \/>\nLargeur du produit : 30,00 cm<br \/>\nHauteur du produit : 37,30 cm<\/p>\n","protected":false},"excerpt":{"rendered":"<p>Vous souhaitez obtenir les meilleurs r\u00e9sultats de cuisson tout en vous relaxant ? Avec le premier set de cuisson basse temp\u00e9rature ZWILLING FRESH &amp; SAVE, pr\u00e9parez-vous \u00e0 r\u00e9gner sur le royaume de la cuisson sous vide ! Le set contient : un b\u00e2ton de cuisson basse temp\u00e9rature puissant et pratique, 6 sacs sous vide r\u00e9sistants [&hellip;]<\/p>\n","protected":false},"featured_media":6352518,"template":"","meta":{"_acf_changed":false},"product_cat":[11999,11668,11992,12095],"product_tag":[],"class_list":{"0":"post-59286","1":"product","2":"type-product","3":"status-publish","4":"has-post-thumbnail","6":"product_cat-accessoires","7":"product_cat-cucina","8":"product_cat-cuisine","9":"product_cat-sous-vide","11":"first","12":"outofstock","13":"sale","14":"taxable","15":"shipping-taxable","16":"purchasable","17":"product-type-simple","swatches":"rey-swatches","show_selected":"","stretch_labels":"rey-swatches--stretch-labels"},"acf":[],"yoast_head":"<!-- This site is optimized with the Yoast SEO plugin v25.4 - https:\/\/yoast.com\/wordpress\/plugins\/seo\/ -->\n<title>ZWILLING Ensemble de cuisson \u00e0 basse temp\u00e9rature Fresh&#038;Save 8 pi\u00e8ces - dev6 Erresse<\/title>\n<meta name=\"description\" content=\"Vous souhaitez obtenir les meilleurs r\u00e9sultats de cuisson tout en vous relaxant ? Avec le premier set de cuisson basse temp\u00e9rature ZWILLING FRESH &amp;\" \/>\n<meta name=\"robots\" content=\"noindex, follow, max-snippet:-1, max-image-preview:large, max-video-preview:-1\" \/>\n<meta property=\"og:locale\" content=\"fr_FR\" \/>\n<meta property=\"og:type\" content=\"article\" \/>\n<meta property=\"og:title\" content=\"ZWILLING Ensemble de cuisson \u00e0 basse temp\u00e9rature Fresh&#038;Save 8 pi\u00e8ces - dev6 Erresse\" \/>\n<meta property=\"og:description\" content=\"Vous souhaitez obtenir les meilleurs r\u00e9sultats de cuisson tout en vous relaxant ? Avec le premier set de cuisson basse temp\u00e9rature ZWILLING FRESH &amp;\" \/>\n<meta property=\"og:url\" content=\"https:\/\/dev6.erresse-shop.it\/fr\/shop\/cuisine\/couteaux\/accessoires\/zwilling-ensemble-de-cuisson-a-basse-temperature-freshsave-8-pieces\/\" \/>\n<meta property=\"og:site_name\" content=\"dev6 Erresse\" \/>\n<meta property=\"og:image\" content=\"https:\/\/interpim.erresse-shop.it\/img-catalogo\/zwilling\/zwilling-set-cottura-bassa-temperatura-freshsave-8-pezzi.jpg\" \/><meta property=\"og:image\" content=\"https:\/\/interpim.erresse-shop.it\/img-catalogo\/zwilling\/zwilling-set-cottura-bassa-temperatura-freshsave-8-pezzi.jpg\" \/>\n\t<meta property=\"og:image:width\" content=\"1024\" \/>\n\t<meta property=\"og:image:height\" content=\"1024\" \/>\n\t<meta property=\"og:image:type\" content=\"image\/jpeg\" \/>\n<meta name=\"twitter:card\" content=\"summary_large_image\" \/>\n<meta name=\"twitter:image\" content=\"https:\/\/interpim.erresse-shop.it\/img-catalogo\/zwilling\/zwilling-set-cottura-bassa-temperatura-freshsave-8-pezzi.jpg\" \/>\n<script type=\"application\/ld+json\" class=\"yoast-schema-graph\">{\"@context\":\"https:\/\/schema.org\",\"@graph\":[{\"@type\":\"WebPage\",\"@id\":\"https:\/\/dev6.erresse-shop.it\/fr\/shop\/cuisine\/couteaux\/accessoires\/zwilling-ensemble-de-cuisson-a-basse-temperature-freshsave-8-pieces\/\",\"url\":\"https:\/\/dev6.erresse-shop.it\/fr\/shop\/cuisine\/couteaux\/accessoires\/zwilling-ensemble-de-cuisson-a-basse-temperature-freshsave-8-pieces\/\",\"name\":\"ZWILLING Ensemble de cuisson \u00e0 basse temp\u00e9rature Fresh&#038;Save 8 pi\u00e8ces - dev6 Erresse\",\"isPartOf\":{\"@id\":\"https:\/\/dev6.erresse-shop.it\/#website\"},\"primaryImageOfPage\":{\"@id\":\"https:\/\/dev6.erresse-shop.it\/fr\/shop\/cuisine\/couteaux\/accessoires\/zwilling-ensemble-de-cuisson-a-basse-temperature-freshsave-8-pieces\/#primaryimage\"},\"image\":{\"@id\":\"https:\/\/dev6.erresse-shop.it\/fr\/shop\/cuisine\/couteaux\/accessoires\/zwilling-ensemble-de-cuisson-a-basse-temperature-freshsave-8-pieces\/#primaryimage\"},\"thumbnailUrl\":\"https:\/\/i2.wp.com\/interpim.erresse-shop.it\/img-catalogo\/zwilling\/zwilling-set-cottura-bassa-temperatura-freshsave-8-pezzi.jpg?ssl=1\",\"datePublished\":\"2026-04-12T06:41:36+00:00\",\"description\":\"Vous souhaitez obtenir les meilleurs r\u00e9sultats de cuisson tout en vous relaxant ? Avec le premier set de cuisson basse temp\u00e9rature ZWILLING FRESH &amp;\",\"breadcrumb\":{\"@id\":\"https:\/\/dev6.erresse-shop.it\/fr\/shop\/cuisine\/couteaux\/accessoires\/zwilling-ensemble-de-cuisson-a-basse-temperature-freshsave-8-pieces\/#breadcrumb\"},\"inLanguage\":\"fr-FR\",\"potentialAction\":[{\"@type\":\"ReadAction\",\"target\":[\"https:\/\/dev6.erresse-shop.it\/fr\/shop\/cuisine\/couteaux\/accessoires\/zwilling-ensemble-de-cuisson-a-basse-temperature-freshsave-8-pieces\/\"]}]},{\"@type\":\"ImageObject\",\"inLanguage\":\"fr-FR\",\"@id\":\"https:\/\/dev6.erresse-shop.it\/fr\/shop\/cuisine\/couteaux\/accessoires\/zwilling-ensemble-de-cuisson-a-basse-temperature-freshsave-8-pieces\/#primaryimage\",\"url\":\"https:\/\/i2.wp.com\/interpim.erresse-shop.it\/img-catalogo\/zwilling\/zwilling-set-cottura-bassa-temperatura-freshsave-8-pezzi.jpg?ssl=1\",\"contentUrl\":\"https:\/\/i2.wp.com\/interpim.erresse-shop.it\/img-catalogo\/zwilling\/zwilling-set-cottura-bassa-temperatura-freshsave-8-pezzi.jpg?ssl=1\"},{\"@type\":\"BreadcrumbList\",\"@id\":\"https:\/\/dev6.erresse-shop.it\/fr\/shop\/cuisine\/couteaux\/accessoires\/zwilling-ensemble-de-cuisson-a-basse-temperature-freshsave-8-pieces\/#breadcrumb\",\"itemListElement\":[{\"@type\":\"ListItem\",\"position\":1,\"name\":\"Home\",\"item\":\"https:\/\/dev6.erresse-shop.it\/\"},{\"@type\":\"ListItem\",\"position\":2,\"name\":\"Boutique\",\"item\":\"https:\/\/dev6.erresse-shop.it\/shop\/\"},{\"@type\":\"ListItem\",\"position\":3,\"name\":\"ZWILLING Ensemble de cuisson \u00e0 basse temp\u00e9rature Fresh&#038;Save 8 pi\u00e8ces\"}]},{\"@type\":\"WebSite\",\"@id\":\"https:\/\/dev6.erresse-shop.it\/#website\",\"url\":\"https:\/\/dev6.erresse-shop.it\/\",\"name\":\"Erresse Shop\",\"description\":\"\",\"publisher\":{\"@id\":\"https:\/\/dev6.erresse-shop.it\/#organization\"},\"potentialAction\":[{\"@type\":\"SearchAction\",\"target\":{\"@type\":\"EntryPoint\",\"urlTemplate\":\"https:\/\/dev6.erresse-shop.it\/?s={search_term_string}\"},\"query-input\":{\"@type\":\"PropertyValueSpecification\",\"valueRequired\":true,\"valueName\":\"search_term_string\"}}],\"inLanguage\":\"fr-FR\"},{\"@type\":\"Organization\",\"@id\":\"https:\/\/dev6.erresse-shop.it\/#organization\",\"name\":\"Erresse Shop\",\"url\":\"https:\/\/dev6.erresse-shop.it\/\",\"logo\":{\"@type\":\"ImageObject\",\"inLanguage\":\"fr-FR\",\"@id\":\"https:\/\/dev6.erresse-shop.it\/#\/schema\/logo\/image\/\",\"url\":\"https:\/\/dev6.erresse-shop.it\/wp-content\/uploads\/2025\/01\/LOGO-ERRESSE-CLASSICO.svg\",\"contentUrl\":\"https:\/\/dev6.erresse-shop.it\/wp-content\/uploads\/2025\/01\/LOGO-ERRESSE-CLASSICO.svg\",\"caption\":\"Erresse Shop\"},\"image\":{\"@id\":\"https:\/\/dev6.erresse-shop.it\/#\/schema\/logo\/image\/\"}}]}<\/script>\n<!-- \/ Yoast SEO plugin. -->","yoast_head_json":{"title":"ZWILLING Ensemble de cuisson \u00e0 basse temp\u00e9rature Fresh&#038;Save 8 pi\u00e8ces - dev6 Erresse","description":"Vous souhaitez obtenir les meilleurs r\u00e9sultats de cuisson tout en vous relaxant ? Avec le premier set de cuisson basse temp\u00e9rature ZWILLING FRESH &amp;","robots":{"index":"noindex","follow":"follow","max-snippet":"max-snippet:-1","max-image-preview":"max-image-preview:large","max-video-preview":"max-video-preview:-1"},"og_locale":"fr_FR","og_type":"article","og_title":"ZWILLING Ensemble de cuisson \u00e0 basse temp\u00e9rature Fresh&#038;Save 8 pi\u00e8ces - dev6 Erresse","og_description":"Vous souhaitez obtenir les meilleurs r\u00e9sultats de cuisson tout en vous relaxant ? Avec le premier set de cuisson basse temp\u00e9rature ZWILLING FRESH &amp;","og_url":"https:\/\/dev6.erresse-shop.it\/fr\/shop\/cuisine\/couteaux\/accessoires\/zwilling-ensemble-de-cuisson-a-basse-temperature-freshsave-8-pieces\/","og_site_name":"dev6 Erresse","og_image":[{"url":"https:\/\/interpim.erresse-shop.it\/img-catalogo\/zwilling\/zwilling-set-cottura-bassa-temperatura-freshsave-8-pezzi.jpg","type":"","width":"","height":""},{"url":"https:\/\/interpim.erresse-shop.it\/img-catalogo\/zwilling\/zwilling-set-cottura-bassa-temperatura-freshsave-8-pezzi.jpg","width":1024,"height":1024,"type":"image\/jpeg"}],"twitter_card":"summary_large_image","twitter_image":"https:\/\/interpim.erresse-shop.it\/img-catalogo\/zwilling\/zwilling-set-cottura-bassa-temperatura-freshsave-8-pezzi.jpg","schema":{"@context":"https:\/\/schema.org","@graph":[{"@type":"WebPage","@id":"https:\/\/dev6.erresse-shop.it\/fr\/shop\/cuisine\/couteaux\/accessoires\/zwilling-ensemble-de-cuisson-a-basse-temperature-freshsave-8-pieces\/","url":"https:\/\/dev6.erresse-shop.it\/fr\/shop\/cuisine\/couteaux\/accessoires\/zwilling-ensemble-de-cuisson-a-basse-temperature-freshsave-8-pieces\/","name":"ZWILLING Ensemble de cuisson \u00e0 basse temp\u00e9rature Fresh&#038;Save 8 pi\u00e8ces - dev6 Erresse","isPartOf":{"@id":"https:\/\/dev6.erresse-shop.it\/#website"},"primaryImageOfPage":{"@id":"https:\/\/dev6.erresse-shop.it\/fr\/shop\/cuisine\/couteaux\/accessoires\/zwilling-ensemble-de-cuisson-a-basse-temperature-freshsave-8-pieces\/#primaryimage"},"image":{"@id":"https:\/\/dev6.erresse-shop.it\/fr\/shop\/cuisine\/couteaux\/accessoires\/zwilling-ensemble-de-cuisson-a-basse-temperature-freshsave-8-pieces\/#primaryimage"},"thumbnailUrl":"https:\/\/i2.wp.com\/interpim.erresse-shop.it\/img-catalogo\/zwilling\/zwilling-set-cottura-bassa-temperatura-freshsave-8-pezzi.jpg?ssl=1","datePublished":"2026-04-12T06:41:36+00:00","description":"Vous souhaitez obtenir les meilleurs r\u00e9sultats de cuisson tout en vous relaxant ? Avec le premier set de cuisson basse temp\u00e9rature ZWILLING FRESH &amp;","breadcrumb":{"@id":"https:\/\/dev6.erresse-shop.it\/fr\/shop\/cuisine\/couteaux\/accessoires\/zwilling-ensemble-de-cuisson-a-basse-temperature-freshsave-8-pieces\/#breadcrumb"},"inLanguage":"fr-FR","potentialAction":[{"@type":"ReadAction","target":["https:\/\/dev6.erresse-shop.it\/fr\/shop\/cuisine\/couteaux\/accessoires\/zwilling-ensemble-de-cuisson-a-basse-temperature-freshsave-8-pieces\/"]}]},{"@type":"ImageObject","inLanguage":"fr-FR","@id":"https:\/\/dev6.erresse-shop.it\/fr\/shop\/cuisine\/couteaux\/accessoires\/zwilling-ensemble-de-cuisson-a-basse-temperature-freshsave-8-pieces\/#primaryimage","url":"https:\/\/i2.wp.com\/interpim.erresse-shop.it\/img-catalogo\/zwilling\/zwilling-set-cottura-bassa-temperatura-freshsave-8-pezzi.jpg?ssl=1","contentUrl":"https:\/\/i2.wp.com\/interpim.erresse-shop.it\/img-catalogo\/zwilling\/zwilling-set-cottura-bassa-temperatura-freshsave-8-pezzi.jpg?ssl=1"},{"@type":"BreadcrumbList","@id":"https:\/\/dev6.erresse-shop.it\/fr\/shop\/cuisine\/couteaux\/accessoires\/zwilling-ensemble-de-cuisson-a-basse-temperature-freshsave-8-pieces\/#breadcrumb","itemListElement":[{"@type":"ListItem","position":1,"name":"Home","item":"https:\/\/dev6.erresse-shop.it\/"},{"@type":"ListItem","position":2,"name":"Boutique","item":"https:\/\/dev6.erresse-shop.it\/shop\/"},{"@type":"ListItem","position":3,"name":"ZWILLING Ensemble de cuisson \u00e0 basse temp\u00e9rature Fresh&#038;Save 8 pi\u00e8ces"}]},{"@type":"WebSite","@id":"https:\/\/dev6.erresse-shop.it\/#website","url":"https:\/\/dev6.erresse-shop.it\/","name":"Erresse Shop","description":"","publisher":{"@id":"https:\/\/dev6.erresse-shop.it\/#organization"},"potentialAction":[{"@type":"SearchAction","target":{"@type":"EntryPoint","urlTemplate":"https:\/\/dev6.erresse-shop.it\/?s={search_term_string}"},"query-input":{"@type":"PropertyValueSpecification","valueRequired":true,"valueName":"search_term_string"}}],"inLanguage":"fr-FR"},{"@type":"Organization","@id":"https:\/\/dev6.erresse-shop.it\/#organization","name":"Erresse Shop","url":"https:\/\/dev6.erresse-shop.it\/","logo":{"@type":"ImageObject","inLanguage":"fr-FR","@id":"https:\/\/dev6.erresse-shop.it\/#\/schema\/logo\/image\/","url":"https:\/\/dev6.erresse-shop.it\/wp-content\/uploads\/2025\/01\/LOGO-ERRESSE-CLASSICO.svg","contentUrl":"https:\/\/dev6.erresse-shop.it\/wp-content\/uploads\/2025\/01\/LOGO-ERRESSE-CLASSICO.svg","caption":"Erresse Shop"},"image":{"@id":"https:\/\/dev6.erresse-shop.it\/#\/schema\/logo\/image\/"}}]}},"df_price":159,"df_sale_price":159,"df_regular_price":199,"df_image_link":"https:\/\/i2.wp.com\/interpim.erresse-shop.it\/img-catalogo\/zwilling\/zwilling-set-cottura-bassa-temperatura-freshsave-8-pezzi.jpg?resize=300,300&ssl=1","fifu_image_url":"https:\/\/interpim.erresse-shop.it\/img-catalogo\/zwilling\/zwilling-set-cottura-bassa-temperatura-freshsave-8-pezzi.jpg","_links":{"self":[{"href":"https:\/\/dev6.erresse-shop.it\/fr\/wp-json\/wp\/v2\/product\/59286","targetHints":{"allow":["GET"]}}],"collection":[{"href":"https:\/\/dev6.erresse-shop.it\/fr\/wp-json\/wp\/v2\/product"}],"about":[{"href":"https:\/\/dev6.erresse-shop.it\/fr\/wp-json\/wp\/v2\/types\/product"}],"wp:featuredmedia":[{"embeddable":true,"href":"https:\/\/dev6.erresse-shop.it\/fr\/wp-json\/wp\/v2\/media\/6352518"}],"wp:attachment":[{"href":"https:\/\/dev6.erresse-shop.it\/fr\/wp-json\/wp\/v2\/media?parent=59286"}],"wp:term":[{"taxonomy":"product_cat","embeddable":true,"href":"https:\/\/dev6.erresse-shop.it\/fr\/wp-json\/wp\/v2\/product_cat?post=59286"},{"taxonomy":"product_tag","embeddable":true,"href":"https:\/\/dev6.erresse-shop.it\/fr\/wp-json\/wp\/v2\/product_tag?post=59286"}],"curies":[{"name":"wp","href":"https:\/\/api.w.org\/{rel}","templated":true}]}}