{"id":59274,"date":"2026-04-12T08:41:36","date_gmt":"2026-04-12T06:41:36","guid":{"rendered":"https:\/\/dev6.erresse-shop.it\/shop\/non%20class\u00e9\/zwilling-enfinigy-power-blender-noir\/"},"modified":"2025-09-14T04:22:39","modified_gmt":"2025-09-14T02:22:39","slug":"zwilling-enfinigy-power-blender-noir","status":"publish","type":"product","link":"https:\/\/dev6.erresse-shop.it\/fr\/shop\/petits-electromenagers\/mixeurs\/zwilling-enfinigy-power-blender-noir\/","title":{"rendered":"ZWILLING Enfinigy Power Blender Noir"},"content":{"rendered":"<p>ZWILLING a mis toute son expertise couteli\u00e8re dans le d\u00e9veloppement de nouvelles lames parfaitement adapt\u00e9es au mixage. C\u2019est pourquoi les performances du blender ENFINIGY sont impressionnantes : sa double lame \u00e0 ailettes d\u00e9velopp\u00e9e et fabriqu\u00e9e \u00e0 Solingen est dot\u00e9e d\u2019une dentelure en dents de piranha, garantissant \u00e0 votre blender Enfinigy Haute Performance un mixage rapide et homog\u00e8ne sans effort.<br \/>\nLe Power blender Enfinigy combine les avantages d\u2019une double lame en acier inoxydable ZWILLING \u00e0 un moteur puissant de 1600 watts et au design ergonomique de son bol, permettant ainsi d\u2019obtenir des r\u00e9sultats de mixage parfaits.<br \/>\nLe bol de 1,8 litre du mixeur \u2013 adapt\u00e9 \u00e9galement aux larges portions \u2013 est fabriqu\u00e9 en Tritan sans BPA (Bisph\u00e9nol A), incassable et r\u00e9sistant \u00e0 la fois \u00e0 la chaleur et au froid. Il est recommand\u00e9 de le nettoyer \u00e0 la main ou simplement avec le programme de nettoyage int\u00e9gr\u00e9.<br \/>\nSon design \u00e9pur\u00e9 et monobloc avec un seul bouton \u00e0 affichage int\u00e9gr\u00e9 rend le nettoyage de la base ais\u00e9. Le dispositif de s\u00e9curit\u00e9 int\u00e9gr\u00e9 emp\u00eache le mixeur de fonctionner lorsque le couvercle n\u2019est pas ferm\u00e9, ce qui \u00e9vite tout risque de blessure. Un syst\u00e8me de s\u00e9curit\u00e9 emp\u00eache \u00e9galement le d\u00e9marrage du blender si le bol est mal fix\u00e9 \u00e0 sa base.<br \/>\nLe bouton de commande vous permet de choisir intuitivement parmi six programmes pr\u00e9d\u00e9finis (smoothie, cocktail, sorbet, glace pil\u00e9e, mode Pulse pour une texture plus lisse, et nettoyage) et 12 r\u00e9glages de vitesse. Vous pouvez \u00e9galement pr\u00e9parer des milk-shakes, des dips, des sauces et bien d\u2019autres choses encore \u00e0 la vitesse optimale.<br \/>\nDe plus, il est livr\u00e9 avec les accessoires suivants : un gobelet doseur et un poussoir.<\/p>\n<p>\u2013 Puissance du moteur haute performance de 1600 watts pour m\u00e9langer sans perte de performance<br \/>\n\u2013 Double lame \u00e0 ailettes en acier inoxydable formule sp\u00e9ciale Zwilling, fabriqu\u00e9e \u00e0 Solingen en Allemagne avec dentelure Piranha pour une coupe parfaite<br \/>\n\u2013 6 programmes automatiques : Pulse, smoothie, cocktail, cr\u00e8me glac\u00e9e, glace pill\u00e9e et nettoyage<br \/>\n\u2013 R\u00e9cipient en Tritan sans BPA (Bisph\u00e9nol A) et r\u00e9sistant anti-rayure \u2013 lavage \u00e0 la main recommand\u00e9\/ ou fonction auto-nettoyage<br \/>\n\u2013 Capacit\u00e9 : 1,8 l<br \/>\n\u2013 Syst\u00e8me de verrouillage s\u00e9curis\u00e9 de la lame (le moteur ne fonctionne pas sans le r\u00e9cipient ni sans couvercle)<br \/>\n\u2013 D\u00e9velopp\u00e9 par ZWILLING en Allemagne, con\u00e7u \u00e0 Milan, Italie, par le Studio Matteo Thun &amp; Antonio Rodriguez<\/p>\n<p>Donn\u00e9ess Techniques<br \/>\n\u2013 Couleur: Silver<br \/>\n\u2013 Mat\u00e9riau: Plastique<br \/>\n\u2013 Tension: 220-240 V<br \/>\n\u2013 Fr\u00e9quence: 50\/60 Hz<br \/>\n\u2013 Bol Tritan: 1800 ml<br \/>\n\u2013 Syst\u00e8me de verrouillage: Oui<br \/>\n\u2013 Type de moteur: AC Motor<br \/>\n\u2013 Stockage du cordon: Oui<br \/>\n\u2013 Programmes: 6<br \/>\n\u2013 Type de lame: Winglet blade<br \/>\n\u2013 R\u00e9glage de la vitesse: 12<br \/>\n\u2013 \u00c9cran LCD: Oui<br \/>\n\u2013 Puissance: 1.600 W<\/p>\n<p>Dimensions<br \/>\n\u2013 Poids net: 4,70 kg<br \/>\n\u2013 Capacit\u00e9: 1,80 l<br \/>\n\u2013 Longueur totale du produit: 19,30 cm<br \/>\n\u2013 Longueur ou largeur du produit: 19,30 cm<br \/>\n\u2013 Hauteur du produit: 42,30 cm<\/p>\n<p>Not for sale outside from Europe<\/p>\n","protected":false},"excerpt":{"rendered":"<p>ZWILLING a mis toute son expertise couteli\u00e8re dans le d\u00e9veloppement de nouvelles lames parfaitement adapt\u00e9es au mixage. C\u2019est pourquoi les performances du blender ENFINIGY sont impressionnantes : sa double lame \u00e0 ailettes d\u00e9velopp\u00e9e et fabriqu\u00e9e \u00e0 Solingen est dot\u00e9e d\u2019une dentelure en dents de piranha, garantissant \u00e0 votre blender Enfinigy Haute Performance un mixage rapide [&hellip;]<\/p>\n","protected":false},"featured_media":6352435,"template":"","meta":{"_acf_changed":false},"product_cat":[12061,12055],"product_tag":[],"class_list":{"0":"post-59274","1":"product","2":"type-product","3":"status-publish","4":"has-post-thumbnail","6":"product_cat-mixeurs","7":"product_cat-petits-electromenagers","9":"first","10":"outofstock","11":"sale","12":"taxable","13":"shipping-taxable","14":"purchasable","15":"product-type-simple","swatches":"rey-swatches","show_selected":"","stretch_labels":"rey-swatches--stretch-labels"},"acf":[],"yoast_head":"<!-- This site is optimized with the Yoast SEO plugin v25.4 - https:\/\/yoast.com\/wordpress\/plugins\/seo\/ -->\n<title>ZWILLING Enfinigy Power Blender Noir - dev6 Erresse<\/title>\n<meta name=\"description\" content=\"ZWILLING a mis toute son expertise couteli\u00e8re dans le d\u00e9veloppement de nouvelles lames parfaitement adapt\u00e9es au mixage. C\u2019est pourquoi les performances du\" \/>\n<meta name=\"robots\" content=\"noindex, follow, max-snippet:-1, max-image-preview:large, max-video-preview:-1\" \/>\n<meta property=\"og:locale\" content=\"fr_FR\" \/>\n<meta property=\"og:type\" content=\"article\" \/>\n<meta property=\"og:title\" content=\"ZWILLING Enfinigy Power Blender Noir - dev6 Erresse\" \/>\n<meta property=\"og:description\" content=\"ZWILLING a mis toute son expertise couteli\u00e8re dans le d\u00e9veloppement de nouvelles lames parfaitement adapt\u00e9es au mixage. C\u2019est pourquoi les performances du\" \/>\n<meta property=\"og:url\" content=\"https:\/\/dev6.erresse-shop.it\/fr\/shop\/petits-electromenagers\/mixeurs\/zwilling-enfinigy-power-blender-noir\/\" \/>\n<meta property=\"og:site_name\" content=\"dev6 Erresse\" \/>\n<meta property=\"og:image\" content=\"https:\/\/interpim.erresse-shop.it\/img-catalogo\/zwilling\/zwilling-enfinigy-frullatore-da-tavolo-nero.jpg\" \/><meta property=\"og:image\" content=\"https:\/\/interpim.erresse-shop.it\/img-catalogo\/zwilling\/zwilling-enfinigy-frullatore-da-tavolo-nero.jpg\" \/>\n\t<meta property=\"og:image:width\" content=\"1024\" \/>\n\t<meta property=\"og:image:height\" content=\"1024\" \/>\n\t<meta property=\"og:image:type\" content=\"image\/jpeg\" \/>\n<meta name=\"twitter:card\" content=\"summary_large_image\" \/>\n<meta name=\"twitter:image\" content=\"https:\/\/interpim.erresse-shop.it\/img-catalogo\/zwilling\/zwilling-enfinigy-frullatore-da-tavolo-nero.jpg\" \/>\n<script type=\"application\/ld+json\" class=\"yoast-schema-graph\">{\"@context\":\"https:\/\/schema.org\",\"@graph\":[{\"@type\":\"WebPage\",\"@id\":\"https:\/\/dev6.erresse-shop.it\/fr\/shop\/petits-electromenagers\/mixeurs\/zwilling-enfinigy-power-blender-noir\/\",\"url\":\"https:\/\/dev6.erresse-shop.it\/fr\/shop\/petits-electromenagers\/mixeurs\/zwilling-enfinigy-power-blender-noir\/\",\"name\":\"ZWILLING Enfinigy Power Blender Noir - dev6 Erresse\",\"isPartOf\":{\"@id\":\"https:\/\/dev6.erresse-shop.it\/#website\"},\"primaryImageOfPage\":{\"@id\":\"https:\/\/dev6.erresse-shop.it\/fr\/shop\/petits-electromenagers\/mixeurs\/zwilling-enfinigy-power-blender-noir\/#primaryimage\"},\"image\":{\"@id\":\"https:\/\/dev6.erresse-shop.it\/fr\/shop\/petits-electromenagers\/mixeurs\/zwilling-enfinigy-power-blender-noir\/#primaryimage\"},\"thumbnailUrl\":\"https:\/\/i0.wp.com\/interpim.erresse-shop.it\/img-catalogo\/zwilling\/zwilling-enfinigy-frullatore-da-tavolo-nero.jpg?ssl=1\",\"datePublished\":\"2026-04-12T06:41:36+00:00\",\"description\":\"ZWILLING a mis toute son expertise couteli\u00e8re dans le d\u00e9veloppement de nouvelles lames parfaitement adapt\u00e9es au mixage. C\u2019est pourquoi les performances du\",\"breadcrumb\":{\"@id\":\"https:\/\/dev6.erresse-shop.it\/fr\/shop\/petits-electromenagers\/mixeurs\/zwilling-enfinigy-power-blender-noir\/#breadcrumb\"},\"inLanguage\":\"fr-FR\",\"potentialAction\":[{\"@type\":\"ReadAction\",\"target\":[\"https:\/\/dev6.erresse-shop.it\/fr\/shop\/petits-electromenagers\/mixeurs\/zwilling-enfinigy-power-blender-noir\/\"]}]},{\"@type\":\"ImageObject\",\"inLanguage\":\"fr-FR\",\"@id\":\"https:\/\/dev6.erresse-shop.it\/fr\/shop\/petits-electromenagers\/mixeurs\/zwilling-enfinigy-power-blender-noir\/#primaryimage\",\"url\":\"https:\/\/i0.wp.com\/interpim.erresse-shop.it\/img-catalogo\/zwilling\/zwilling-enfinigy-frullatore-da-tavolo-nero.jpg?ssl=1\",\"contentUrl\":\"https:\/\/i0.wp.com\/interpim.erresse-shop.it\/img-catalogo\/zwilling\/zwilling-enfinigy-frullatore-da-tavolo-nero.jpg?ssl=1\"},{\"@type\":\"BreadcrumbList\",\"@id\":\"https:\/\/dev6.erresse-shop.it\/fr\/shop\/petits-electromenagers\/mixeurs\/zwilling-enfinigy-power-blender-noir\/#breadcrumb\",\"itemListElement\":[{\"@type\":\"ListItem\",\"position\":1,\"name\":\"Home\",\"item\":\"https:\/\/dev6.erresse-shop.it\/\"},{\"@type\":\"ListItem\",\"position\":2,\"name\":\"Boutique\",\"item\":\"https:\/\/dev6.erresse-shop.it\/shop\/\"},{\"@type\":\"ListItem\",\"position\":3,\"name\":\"ZWILLING Enfinigy Power Blender Noir\"}]},{\"@type\":\"WebSite\",\"@id\":\"https:\/\/dev6.erresse-shop.it\/#website\",\"url\":\"https:\/\/dev6.erresse-shop.it\/\",\"name\":\"Erresse Shop\",\"description\":\"\",\"publisher\":{\"@id\":\"https:\/\/dev6.erresse-shop.it\/#organization\"},\"potentialAction\":[{\"@type\":\"SearchAction\",\"target\":{\"@type\":\"EntryPoint\",\"urlTemplate\":\"https:\/\/dev6.erresse-shop.it\/?s={search_term_string}\"},\"query-input\":{\"@type\":\"PropertyValueSpecification\",\"valueRequired\":true,\"valueName\":\"search_term_string\"}}],\"inLanguage\":\"fr-FR\"},{\"@type\":\"Organization\",\"@id\":\"https:\/\/dev6.erresse-shop.it\/#organization\",\"name\":\"Erresse Shop\",\"url\":\"https:\/\/dev6.erresse-shop.it\/\",\"logo\":{\"@type\":\"ImageObject\",\"inLanguage\":\"fr-FR\",\"@id\":\"https:\/\/dev6.erresse-shop.it\/#\/schema\/logo\/image\/\",\"url\":\"https:\/\/dev6.erresse-shop.it\/wp-content\/uploads\/2025\/01\/LOGO-ERRESSE-CLASSICO.svg\",\"contentUrl\":\"https:\/\/dev6.erresse-shop.it\/wp-content\/uploads\/2025\/01\/LOGO-ERRESSE-CLASSICO.svg\",\"caption\":\"Erresse Shop\"},\"image\":{\"@id\":\"https:\/\/dev6.erresse-shop.it\/#\/schema\/logo\/image\/\"}}]}<\/script>\n<!-- \/ Yoast SEO plugin. -->","yoast_head_json":{"title":"ZWILLING Enfinigy Power Blender Noir - dev6 Erresse","description":"ZWILLING a mis toute son expertise couteli\u00e8re dans le d\u00e9veloppement de nouvelles lames parfaitement adapt\u00e9es au mixage. C\u2019est pourquoi les performances du","robots":{"index":"noindex","follow":"follow","max-snippet":"max-snippet:-1","max-image-preview":"max-image-preview:large","max-video-preview":"max-video-preview:-1"},"og_locale":"fr_FR","og_type":"article","og_title":"ZWILLING Enfinigy Power Blender Noir - dev6 Erresse","og_description":"ZWILLING a mis toute son expertise couteli\u00e8re dans le d\u00e9veloppement de nouvelles lames parfaitement adapt\u00e9es au mixage. C\u2019est pourquoi les performances du","og_url":"https:\/\/dev6.erresse-shop.it\/fr\/shop\/petits-electromenagers\/mixeurs\/zwilling-enfinigy-power-blender-noir\/","og_site_name":"dev6 Erresse","og_image":[{"url":"https:\/\/interpim.erresse-shop.it\/img-catalogo\/zwilling\/zwilling-enfinigy-frullatore-da-tavolo-nero.jpg","type":"","width":"","height":""},{"url":"https:\/\/interpim.erresse-shop.it\/img-catalogo\/zwilling\/zwilling-enfinigy-frullatore-da-tavolo-nero.jpg","width":1024,"height":1024,"type":"image\/jpeg"}],"twitter_card":"summary_large_image","twitter_image":"https:\/\/interpim.erresse-shop.it\/img-catalogo\/zwilling\/zwilling-enfinigy-frullatore-da-tavolo-nero.jpg","schema":{"@context":"https:\/\/schema.org","@graph":[{"@type":"WebPage","@id":"https:\/\/dev6.erresse-shop.it\/fr\/shop\/petits-electromenagers\/mixeurs\/zwilling-enfinigy-power-blender-noir\/","url":"https:\/\/dev6.erresse-shop.it\/fr\/shop\/petits-electromenagers\/mixeurs\/zwilling-enfinigy-power-blender-noir\/","name":"ZWILLING Enfinigy Power Blender Noir - dev6 Erresse","isPartOf":{"@id":"https:\/\/dev6.erresse-shop.it\/#website"},"primaryImageOfPage":{"@id":"https:\/\/dev6.erresse-shop.it\/fr\/shop\/petits-electromenagers\/mixeurs\/zwilling-enfinigy-power-blender-noir\/#primaryimage"},"image":{"@id":"https:\/\/dev6.erresse-shop.it\/fr\/shop\/petits-electromenagers\/mixeurs\/zwilling-enfinigy-power-blender-noir\/#primaryimage"},"thumbnailUrl":"https:\/\/i0.wp.com\/interpim.erresse-shop.it\/img-catalogo\/zwilling\/zwilling-enfinigy-frullatore-da-tavolo-nero.jpg?ssl=1","datePublished":"2026-04-12T06:41:36+00:00","description":"ZWILLING a mis toute son expertise couteli\u00e8re dans le d\u00e9veloppement de nouvelles lames parfaitement adapt\u00e9es au mixage. C\u2019est pourquoi les performances du","breadcrumb":{"@id":"https:\/\/dev6.erresse-shop.it\/fr\/shop\/petits-electromenagers\/mixeurs\/zwilling-enfinigy-power-blender-noir\/#breadcrumb"},"inLanguage":"fr-FR","potentialAction":[{"@type":"ReadAction","target":["https:\/\/dev6.erresse-shop.it\/fr\/shop\/petits-electromenagers\/mixeurs\/zwilling-enfinigy-power-blender-noir\/"]}]},{"@type":"ImageObject","inLanguage":"fr-FR","@id":"https:\/\/dev6.erresse-shop.it\/fr\/shop\/petits-electromenagers\/mixeurs\/zwilling-enfinigy-power-blender-noir\/#primaryimage","url":"https:\/\/i0.wp.com\/interpim.erresse-shop.it\/img-catalogo\/zwilling\/zwilling-enfinigy-frullatore-da-tavolo-nero.jpg?ssl=1","contentUrl":"https:\/\/i0.wp.com\/interpim.erresse-shop.it\/img-catalogo\/zwilling\/zwilling-enfinigy-frullatore-da-tavolo-nero.jpg?ssl=1"},{"@type":"BreadcrumbList","@id":"https:\/\/dev6.erresse-shop.it\/fr\/shop\/petits-electromenagers\/mixeurs\/zwilling-enfinigy-power-blender-noir\/#breadcrumb","itemListElement":[{"@type":"ListItem","position":1,"name":"Home","item":"https:\/\/dev6.erresse-shop.it\/"},{"@type":"ListItem","position":2,"name":"Boutique","item":"https:\/\/dev6.erresse-shop.it\/shop\/"},{"@type":"ListItem","position":3,"name":"ZWILLING Enfinigy Power Blender Noir"}]},{"@type":"WebSite","@id":"https:\/\/dev6.erresse-shop.it\/#website","url":"https:\/\/dev6.erresse-shop.it\/","name":"Erresse Shop","description":"","publisher":{"@id":"https:\/\/dev6.erresse-shop.it\/#organization"},"potentialAction":[{"@type":"SearchAction","target":{"@type":"EntryPoint","urlTemplate":"https:\/\/dev6.erresse-shop.it\/?s={search_term_string}"},"query-input":{"@type":"PropertyValueSpecification","valueRequired":true,"valueName":"search_term_string"}}],"inLanguage":"fr-FR"},{"@type":"Organization","@id":"https:\/\/dev6.erresse-shop.it\/#organization","name":"Erresse Shop","url":"https:\/\/dev6.erresse-shop.it\/","logo":{"@type":"ImageObject","inLanguage":"fr-FR","@id":"https:\/\/dev6.erresse-shop.it\/#\/schema\/logo\/image\/","url":"https:\/\/dev6.erresse-shop.it\/wp-content\/uploads\/2025\/01\/LOGO-ERRESSE-CLASSICO.svg","contentUrl":"https:\/\/dev6.erresse-shop.it\/wp-content\/uploads\/2025\/01\/LOGO-ERRESSE-CLASSICO.svg","caption":"Erresse Shop"},"image":{"@id":"https:\/\/dev6.erresse-shop.it\/#\/schema\/logo\/image\/"}}]}},"df_price":269,"df_sale_price":269,"df_regular_price":349,"df_image_link":"https:\/\/i0.wp.com\/interpim.erresse-shop.it\/img-catalogo\/zwilling\/zwilling-enfinigy-frullatore-da-tavolo-nero.jpg?resize=300,300&ssl=1","fifu_image_url":"https:\/\/interpim.erresse-shop.it\/img-catalogo\/zwilling\/zwilling-enfinigy-frullatore-da-tavolo-nero.jpg","_links":{"self":[{"href":"https:\/\/dev6.erresse-shop.it\/fr\/wp-json\/wp\/v2\/product\/59274","targetHints":{"allow":["GET"]}}],"collection":[{"href":"https:\/\/dev6.erresse-shop.it\/fr\/wp-json\/wp\/v2\/product"}],"about":[{"href":"https:\/\/dev6.erresse-shop.it\/fr\/wp-json\/wp\/v2\/types\/product"}],"wp:featuredmedia":[{"embeddable":true,"href":"https:\/\/dev6.erresse-shop.it\/fr\/wp-json\/wp\/v2\/media\/6352435"}],"wp:attachment":[{"href":"https:\/\/dev6.erresse-shop.it\/fr\/wp-json\/wp\/v2\/media?parent=59274"}],"wp:term":[{"taxonomy":"product_cat","embeddable":true,"href":"https:\/\/dev6.erresse-shop.it\/fr\/wp-json\/wp\/v2\/product_cat?post=59274"},{"taxonomy":"product_tag","embeddable":true,"href":"https:\/\/dev6.erresse-shop.it\/fr\/wp-json\/wp\/v2\/product_tag?post=59274"}],"curies":[{"name":"wp","href":"https:\/\/api.w.org\/{rel}","templated":true}]}}