{"id":59266,"date":"2026-04-04T08:40:30","date_gmt":"2026-04-04T06:40:30","guid":{"rendered":"https:\/\/dev6.erresse-shop.it\/shop\/non%20class\u00e9\/zwilling-enfinigy-balance-numerique-noir\/"},"modified":"2025-09-14T04:22:36","modified_gmt":"2025-09-14T02:22:36","slug":"zwilling-enfinigy-balance-numerique-noir","status":"publish","type":"product","link":"https:\/\/dev6.erresse-shop.it\/fr\/shop\/petits-electromenagers\/balances\/zwilling-enfinigy-balance-numerique-noir\/","title":{"rendered":"ZWILLING Enfinigy Balance Num\u00e9rique Noir"},"content":{"rendered":"<p>ZWILLING et les balances \u2013 un mariage parfait. La nouvelle balance de cuisine num\u00e9rique allie un design authentique et moderne \u00e0 une pr\u00e9cision absolue. La batterie rechargeable au lithium-ion est int\u00e9gr\u00e9e dans le corps de la balance, de sorte que l\u2019achat de nouvelles piles n\u2019est plus qu\u2019un lointain souvenir. La balance \u00e9lectronique peut \u00eatre recharg\u00e9e via un c\u00e2ble USB. Il s\u2019allume et s\u2019\u00e9teint gr\u00e2ce au capteur tactile de l\u2019\u00e9cran et s\u2019\u00e9teint automatiquement lorsqu\u2019il n\u2019est pas utilis\u00e9. La surface de pes\u00e9e en verre de haute qualit\u00e9 est incroyablement facile \u00e0 nettoyer et vous permet de peser m\u00eame la viande et les fruits directement dessus. De plus, la grande surface de pes\u00e9e permet \u00e0 l\u2019\u00e9cran LCD de rester toujours visible, m\u00eame lorsque vous pesez de grandes quantit\u00e9s d\u2019aliments. Vous pouvez facilement passer des grammes aux onces, ce qui est particuli\u00e8rement utile pour pr\u00e9parer des recettes internationales. La balance ZWILLING peut mesurer avec pr\u00e9cision jusqu\u2019\u00e0 10 kg. Gr\u00e2ce \u00e0 la fonction de tare, vous pouvez \u00e9galement utiliser des r\u00e9cipients lourds et de grandes quantit\u00e9s d\u2019ingr\u00e9dients diff\u00e9rents. Une grande pr\u00e9cision pour les grandes occasions.<\/p>\n<p>Id\u00e9al pour les grandes quantit\u00e9s, pesant jusqu\u2019\u00e0 22lb\/10kg et pr\u00e9cis \u00e0 0,1oz.\/1g.<br \/>\nD\u00e9velopp\u00e9 par ZWILLING en Allemagne, con\u00e7u \u00e0 Milan par Matteo Thun et Antonio Rodriguez.<br \/>\nLa grande surface de pes\u00e9e vous permet de voir l\u2019\u00e9cran LCD m\u00eame lorsque vous pesez de grandes quantit\u00e9s et des r\u00e9cipients.<br \/>\nUne fonction tare pratique vous permet de calculer le poids du conteneur<br \/>\nL\u2019\u00e9cran n\u2019est pas visible lorsqu\u2019il est \u00e9teint<br \/>\nDeux types de pesage : les grammes (g) et les onces (oz).<br \/>\nBatterie lithium-ion rechargeable int\u00e9gr\u00e9e avec c\u00e2ble de chargement<\/p>\n","protected":false},"excerpt":{"rendered":"<p>ZWILLING et les balances \u2013 un mariage parfait. La nouvelle balance de cuisine num\u00e9rique allie un design authentique et moderne \u00e0 une pr\u00e9cision absolue. La batterie rechargeable au lithium-ion est int\u00e9gr\u00e9e dans le corps de la balance, de sorte que l\u2019achat de nouvelles piles n\u2019est plus qu\u2019un lointain souvenir. La balance \u00e9lectronique peut \u00eatre recharg\u00e9e [&hellip;]<\/p>\n","protected":false},"featured_media":6269076,"template":"","meta":{"_acf_changed":false},"product_cat":[11999,12077,11668,11992,12055],"product_tag":[],"class_list":{"0":"post-59266","1":"product","2":"type-product","3":"status-publish","4":"has-post-thumbnail","6":"product_cat-accessoires","7":"product_cat-balances","8":"product_cat-cucina","9":"product_cat-cuisine","10":"product_cat-petits-electromenagers","12":"first","13":"outofstock","14":"taxable","15":"shipping-taxable","16":"purchasable","17":"product-type-simple","swatches":"rey-swatches","show_selected":"","stretch_labels":"rey-swatches--stretch-labels"},"acf":[],"yoast_head":"<!-- This site is optimized with the Yoast SEO plugin v25.4 - https:\/\/yoast.com\/wordpress\/plugins\/seo\/ -->\n<title>ZWILLING Enfinigy Balance Num\u00e9rique Noir - dev6 Erresse<\/title>\n<meta name=\"description\" content=\"ZWILLING et les balances \u2013 un mariage parfait. La nouvelle balance de cuisine num\u00e9rique allie un design authentique et moderne \u00e0 une pr\u00e9cision absolue. La\" \/>\n<meta name=\"robots\" content=\"noindex, follow, max-snippet:-1, max-image-preview:large, max-video-preview:-1\" \/>\n<meta property=\"og:locale\" content=\"fr_FR\" \/>\n<meta property=\"og:type\" content=\"article\" \/>\n<meta property=\"og:title\" content=\"ZWILLING Enfinigy Balance Num\u00e9rique Noir - dev6 Erresse\" \/>\n<meta property=\"og:description\" content=\"ZWILLING et les balances \u2013 un mariage parfait. La nouvelle balance de cuisine num\u00e9rique allie un design authentique et moderne \u00e0 une pr\u00e9cision absolue. La\" \/>\n<meta property=\"og:url\" content=\"https:\/\/dev6.erresse-shop.it\/fr\/shop\/petits-electromenagers\/balances\/zwilling-enfinigy-balance-numerique-noir\/\" \/>\n<meta property=\"og:site_name\" content=\"dev6 Erresse\" \/>\n<meta property=\"og:image\" content=\"https:\/\/interpim.erresse-shop.it\/img-catalogo\/zwilling\/zwilling-enfinigy-bilancia-nera.jpg\" \/><meta property=\"og:image\" content=\"https:\/\/interpim.erresse-shop.it\/img-catalogo\/zwilling\/zwilling-enfinigy-bilancia-nera.jpg\" \/>\n\t<meta property=\"og:image:width\" content=\"1024\" \/>\n\t<meta property=\"og:image:height\" content=\"1024\" \/>\n\t<meta property=\"og:image:type\" content=\"image\/jpeg\" \/>\n<meta name=\"twitter:card\" content=\"summary_large_image\" \/>\n<meta name=\"twitter:image\" content=\"https:\/\/interpim.erresse-shop.it\/img-catalogo\/zwilling\/zwilling-enfinigy-bilancia-nera.jpg\" \/>\n<script type=\"application\/ld+json\" class=\"yoast-schema-graph\">{\"@context\":\"https:\/\/schema.org\",\"@graph\":[{\"@type\":\"WebPage\",\"@id\":\"https:\/\/dev6.erresse-shop.it\/fr\/shop\/petits-electromenagers\/balances\/zwilling-enfinigy-balance-numerique-noir\/\",\"url\":\"https:\/\/dev6.erresse-shop.it\/fr\/shop\/petits-electromenagers\/balances\/zwilling-enfinigy-balance-numerique-noir\/\",\"name\":\"ZWILLING Enfinigy Balance Num\u00e9rique Noir - dev6 Erresse\",\"isPartOf\":{\"@id\":\"https:\/\/dev6.erresse-shop.it\/#website\"},\"primaryImageOfPage\":{\"@id\":\"https:\/\/dev6.erresse-shop.it\/fr\/shop\/petits-electromenagers\/balances\/zwilling-enfinigy-balance-numerique-noir\/#primaryimage\"},\"image\":{\"@id\":\"https:\/\/dev6.erresse-shop.it\/fr\/shop\/petits-electromenagers\/balances\/zwilling-enfinigy-balance-numerique-noir\/#primaryimage\"},\"thumbnailUrl\":\"https:\/\/i0.wp.com\/interpim.erresse-shop.it\/img-catalogo\/zwilling\/zwilling-enfinigy-bilancia-nera.jpg?ssl=1\",\"datePublished\":\"2026-04-04T06:40:30+00:00\",\"description\":\"ZWILLING et les balances \u2013 un mariage parfait. La nouvelle balance de cuisine num\u00e9rique allie un design authentique et moderne \u00e0 une pr\u00e9cision absolue. La\",\"breadcrumb\":{\"@id\":\"https:\/\/dev6.erresse-shop.it\/fr\/shop\/petits-electromenagers\/balances\/zwilling-enfinigy-balance-numerique-noir\/#breadcrumb\"},\"inLanguage\":\"fr-FR\",\"potentialAction\":[{\"@type\":\"ReadAction\",\"target\":[\"https:\/\/dev6.erresse-shop.it\/fr\/shop\/petits-electromenagers\/balances\/zwilling-enfinigy-balance-numerique-noir\/\"]}]},{\"@type\":\"ImageObject\",\"inLanguage\":\"fr-FR\",\"@id\":\"https:\/\/dev6.erresse-shop.it\/fr\/shop\/petits-electromenagers\/balances\/zwilling-enfinigy-balance-numerique-noir\/#primaryimage\",\"url\":\"https:\/\/i0.wp.com\/interpim.erresse-shop.it\/img-catalogo\/zwilling\/zwilling-enfinigy-bilancia-nera.jpg?ssl=1\",\"contentUrl\":\"https:\/\/i0.wp.com\/interpim.erresse-shop.it\/img-catalogo\/zwilling\/zwilling-enfinigy-bilancia-nera.jpg?ssl=1\"},{\"@type\":\"BreadcrumbList\",\"@id\":\"https:\/\/dev6.erresse-shop.it\/fr\/shop\/petits-electromenagers\/balances\/zwilling-enfinigy-balance-numerique-noir\/#breadcrumb\",\"itemListElement\":[{\"@type\":\"ListItem\",\"position\":1,\"name\":\"Home\",\"item\":\"https:\/\/dev6.erresse-shop.it\/\"},{\"@type\":\"ListItem\",\"position\":2,\"name\":\"Boutique\",\"item\":\"https:\/\/dev6.erresse-shop.it\/shop\/\"},{\"@type\":\"ListItem\",\"position\":3,\"name\":\"ZWILLING Enfinigy Balance Num\u00e9rique Noir\"}]},{\"@type\":\"WebSite\",\"@id\":\"https:\/\/dev6.erresse-shop.it\/#website\",\"url\":\"https:\/\/dev6.erresse-shop.it\/\",\"name\":\"Erresse Shop\",\"description\":\"\",\"publisher\":{\"@id\":\"https:\/\/dev6.erresse-shop.it\/#organization\"},\"potentialAction\":[{\"@type\":\"SearchAction\",\"target\":{\"@type\":\"EntryPoint\",\"urlTemplate\":\"https:\/\/dev6.erresse-shop.it\/?s={search_term_string}\"},\"query-input\":{\"@type\":\"PropertyValueSpecification\",\"valueRequired\":true,\"valueName\":\"search_term_string\"}}],\"inLanguage\":\"fr-FR\"},{\"@type\":\"Organization\",\"@id\":\"https:\/\/dev6.erresse-shop.it\/#organization\",\"name\":\"Erresse Shop\",\"url\":\"https:\/\/dev6.erresse-shop.it\/\",\"logo\":{\"@type\":\"ImageObject\",\"inLanguage\":\"fr-FR\",\"@id\":\"https:\/\/dev6.erresse-shop.it\/#\/schema\/logo\/image\/\",\"url\":\"https:\/\/dev6.erresse-shop.it\/wp-content\/uploads\/2025\/01\/LOGO-ERRESSE-CLASSICO.svg\",\"contentUrl\":\"https:\/\/dev6.erresse-shop.it\/wp-content\/uploads\/2025\/01\/LOGO-ERRESSE-CLASSICO.svg\",\"caption\":\"Erresse Shop\"},\"image\":{\"@id\":\"https:\/\/dev6.erresse-shop.it\/#\/schema\/logo\/image\/\"}}]}<\/script>\n<!-- \/ Yoast SEO plugin. -->","yoast_head_json":{"title":"ZWILLING Enfinigy Balance Num\u00e9rique Noir - dev6 Erresse","description":"ZWILLING et les balances \u2013 un mariage parfait. La nouvelle balance de cuisine num\u00e9rique allie un design authentique et moderne \u00e0 une pr\u00e9cision absolue. La","robots":{"index":"noindex","follow":"follow","max-snippet":"max-snippet:-1","max-image-preview":"max-image-preview:large","max-video-preview":"max-video-preview:-1"},"og_locale":"fr_FR","og_type":"article","og_title":"ZWILLING Enfinigy Balance Num\u00e9rique Noir - dev6 Erresse","og_description":"ZWILLING et les balances \u2013 un mariage parfait. La nouvelle balance de cuisine num\u00e9rique allie un design authentique et moderne \u00e0 une pr\u00e9cision absolue. La","og_url":"https:\/\/dev6.erresse-shop.it\/fr\/shop\/petits-electromenagers\/balances\/zwilling-enfinigy-balance-numerique-noir\/","og_site_name":"dev6 Erresse","og_image":[{"url":"https:\/\/interpim.erresse-shop.it\/img-catalogo\/zwilling\/zwilling-enfinigy-bilancia-nera.jpg","type":"","width":"","height":""},{"url":"https:\/\/interpim.erresse-shop.it\/img-catalogo\/zwilling\/zwilling-enfinigy-bilancia-nera.jpg","width":1024,"height":1024,"type":"image\/jpeg"}],"twitter_card":"summary_large_image","twitter_image":"https:\/\/interpim.erresse-shop.it\/img-catalogo\/zwilling\/zwilling-enfinigy-bilancia-nera.jpg","schema":{"@context":"https:\/\/schema.org","@graph":[{"@type":"WebPage","@id":"https:\/\/dev6.erresse-shop.it\/fr\/shop\/petits-electromenagers\/balances\/zwilling-enfinigy-balance-numerique-noir\/","url":"https:\/\/dev6.erresse-shop.it\/fr\/shop\/petits-electromenagers\/balances\/zwilling-enfinigy-balance-numerique-noir\/","name":"ZWILLING Enfinigy Balance Num\u00e9rique Noir - dev6 Erresse","isPartOf":{"@id":"https:\/\/dev6.erresse-shop.it\/#website"},"primaryImageOfPage":{"@id":"https:\/\/dev6.erresse-shop.it\/fr\/shop\/petits-electromenagers\/balances\/zwilling-enfinigy-balance-numerique-noir\/#primaryimage"},"image":{"@id":"https:\/\/dev6.erresse-shop.it\/fr\/shop\/petits-electromenagers\/balances\/zwilling-enfinigy-balance-numerique-noir\/#primaryimage"},"thumbnailUrl":"https:\/\/i0.wp.com\/interpim.erresse-shop.it\/img-catalogo\/zwilling\/zwilling-enfinigy-bilancia-nera.jpg?ssl=1","datePublished":"2026-04-04T06:40:30+00:00","description":"ZWILLING et les balances \u2013 un mariage parfait. La nouvelle balance de cuisine num\u00e9rique allie un design authentique et moderne \u00e0 une pr\u00e9cision absolue. La","breadcrumb":{"@id":"https:\/\/dev6.erresse-shop.it\/fr\/shop\/petits-electromenagers\/balances\/zwilling-enfinigy-balance-numerique-noir\/#breadcrumb"},"inLanguage":"fr-FR","potentialAction":[{"@type":"ReadAction","target":["https:\/\/dev6.erresse-shop.it\/fr\/shop\/petits-electromenagers\/balances\/zwilling-enfinigy-balance-numerique-noir\/"]}]},{"@type":"ImageObject","inLanguage":"fr-FR","@id":"https:\/\/dev6.erresse-shop.it\/fr\/shop\/petits-electromenagers\/balances\/zwilling-enfinigy-balance-numerique-noir\/#primaryimage","url":"https:\/\/i0.wp.com\/interpim.erresse-shop.it\/img-catalogo\/zwilling\/zwilling-enfinigy-bilancia-nera.jpg?ssl=1","contentUrl":"https:\/\/i0.wp.com\/interpim.erresse-shop.it\/img-catalogo\/zwilling\/zwilling-enfinigy-bilancia-nera.jpg?ssl=1"},{"@type":"BreadcrumbList","@id":"https:\/\/dev6.erresse-shop.it\/fr\/shop\/petits-electromenagers\/balances\/zwilling-enfinigy-balance-numerique-noir\/#breadcrumb","itemListElement":[{"@type":"ListItem","position":1,"name":"Home","item":"https:\/\/dev6.erresse-shop.it\/"},{"@type":"ListItem","position":2,"name":"Boutique","item":"https:\/\/dev6.erresse-shop.it\/shop\/"},{"@type":"ListItem","position":3,"name":"ZWILLING Enfinigy Balance Num\u00e9rique Noir"}]},{"@type":"WebSite","@id":"https:\/\/dev6.erresse-shop.it\/#website","url":"https:\/\/dev6.erresse-shop.it\/","name":"Erresse Shop","description":"","publisher":{"@id":"https:\/\/dev6.erresse-shop.it\/#organization"},"potentialAction":[{"@type":"SearchAction","target":{"@type":"EntryPoint","urlTemplate":"https:\/\/dev6.erresse-shop.it\/?s={search_term_string}"},"query-input":{"@type":"PropertyValueSpecification","valueRequired":true,"valueName":"search_term_string"}}],"inLanguage":"fr-FR"},{"@type":"Organization","@id":"https:\/\/dev6.erresse-shop.it\/#organization","name":"Erresse Shop","url":"https:\/\/dev6.erresse-shop.it\/","logo":{"@type":"ImageObject","inLanguage":"fr-FR","@id":"https:\/\/dev6.erresse-shop.it\/#\/schema\/logo\/image\/","url":"https:\/\/dev6.erresse-shop.it\/wp-content\/uploads\/2025\/01\/LOGO-ERRESSE-CLASSICO.svg","contentUrl":"https:\/\/dev6.erresse-shop.it\/wp-content\/uploads\/2025\/01\/LOGO-ERRESSE-CLASSICO.svg","caption":"Erresse Shop"},"image":{"@id":"https:\/\/dev6.erresse-shop.it\/#\/schema\/logo\/image\/"}}]}},"df_price":39.95,"df_sale_price":"","df_regular_price":39.95,"df_image_link":"https:\/\/i0.wp.com\/interpim.erresse-shop.it\/img-catalogo\/zwilling\/zwilling-enfinigy-bilancia-nera.jpg?resize=300,300&ssl=1","fifu_image_url":"https:\/\/interpim.erresse-shop.it\/img-catalogo\/zwilling\/zwilling-enfinigy-bilancia-nera.jpg","_links":{"self":[{"href":"https:\/\/dev6.erresse-shop.it\/fr\/wp-json\/wp\/v2\/product\/59266","targetHints":{"allow":["GET"]}}],"collection":[{"href":"https:\/\/dev6.erresse-shop.it\/fr\/wp-json\/wp\/v2\/product"}],"about":[{"href":"https:\/\/dev6.erresse-shop.it\/fr\/wp-json\/wp\/v2\/types\/product"}],"wp:featuredmedia":[{"embeddable":true,"href":"https:\/\/dev6.erresse-shop.it\/fr\/wp-json\/wp\/v2\/media\/6269076"}],"wp:attachment":[{"href":"https:\/\/dev6.erresse-shop.it\/fr\/wp-json\/wp\/v2\/media?parent=59266"}],"wp:term":[{"taxonomy":"product_cat","embeddable":true,"href":"https:\/\/dev6.erresse-shop.it\/fr\/wp-json\/wp\/v2\/product_cat?post=59266"},{"taxonomy":"product_tag","embeddable":true,"href":"https:\/\/dev6.erresse-shop.it\/fr\/wp-json\/wp\/v2\/product_tag?post=59266"}],"curies":[{"name":"wp","href":"https:\/\/api.w.org\/{rel}","templated":true}]}}