{"id":59264,"date":"2026-04-04T08:40:30","date_gmt":"2026-04-04T06:40:30","guid":{"rendered":"https:\/\/dev6.erresse-shop.it\/shop\/non%20class\u00e9\/les-jardins-de-la-comtesse-panier-pique-nique-2-personnes-concorde\/"},"modified":"2025-07-04T16:11:41","modified_gmt":"2025-07-04T14:11:41","slug":"les-jardins-de-la-comtesse-panier-pique-nique-2-personnes-concorde","status":"publish","type":"product","link":"https:\/\/dev6.erresse-shop.it\/fr\/shop\/table-fr-2\/paniers-pique-nique\/les-jardins-de-la-comtesse-panier-pique-nique-2-personnes-concorde\/","title":{"rendered":"LES JARDINS DE LA COMTESSE Panier Pique-nique 2 Personnes Concorde"},"content":{"rendered":"<p style=\"text-align: justify;\">Le panier de pique-nique \u201cConcorde\u201d est fabriqu\u00e9 en osier naturel de couleur miel. Ce panier de pique-nique pour 2 personnes a un beau tissu gris \u00e0 carreaux blancs.<br \/>\nIl a tout ce dont vous avez besoin pour un pique-nique dans les bois ou sur la plage : couverts, verres, tasses en m\u00e9tal.<br \/>\nCe panier est con\u00e7u pour partager un moment privil\u00e9gi\u00e9 \u00e0 deux entre amoureux ou amis.<\/p>\n<p style=\"text-align: justify;\">La base du panier de pique-nique forme un compartiment isotherme pour garder les aliments et les boissons au frais ou au chaud.<br \/>\nIl est facile \u00e0 transporter gr\u00e2ce \u00e0 la poign\u00e9e centrale ou \u00e0 la bandouli\u00e8re r\u00e9glable pour le porter facilement en bandouli\u00e8re.<\/p>\n<p>Un compartiment isol\u00e9<br \/>\n2 assiettes en c\u00e9ramique monogramme (diam\u00e8tre 20 cm)<br \/>\n2 jeux complets de couverts en m\u00e9tal design<br \/>\n2 verres en verre (14 cl)<br \/>\n2 tasses en m\u00e9tal pour l\u2019eau et le caf\u00e9<br \/>\n1 tire-bouchon \/ d\u00e9capsuleur<br \/>\n1 sali\u00e8re<br \/>\n1 poivri\u00e8re<br \/>\n2 fermetures de bouteilles<br \/>\n1 sac \u00e9tanche pour ranger la vaisselle sale apr\u00e8s le pique-nique<\/p>\n<p>Dimensions : 42 x 30 x 23 cm<br \/>\nPoids : 3 100 g<\/p>\n","protected":false},"excerpt":{"rendered":"<p>Le panier de pique-nique \u201cConcorde\u201d est fabriqu\u00e9 en osier naturel de couleur miel. Ce panier de pique-nique pour 2 personnes a un beau tissu gris \u00e0 carreaux blancs. Il a tout ce dont vous avez besoin pour un pique-nique dans les bois ou sur la plage : couverts, verres, tasses en m\u00e9tal. Ce panier est [&hellip;]<\/p>\n","protected":false},"featured_media":6269067,"template":"","meta":{"_acf_changed":false},"product_cat":[12032,11995,11671],"product_tag":[],"class_list":{"0":"post-59264","1":"product","2":"type-product","3":"status-publish","4":"has-post-thumbnail","6":"product_cat-paniers-pique-nique","7":"product_cat-table-fr-2","8":"product_cat-tavola","10":"first","11":"outofstock","12":"sale","13":"taxable","14":"shipping-taxable","15":"purchasable","16":"product-type-simple","swatches":"rey-swatches","show_selected":"","stretch_labels":"rey-swatches--stretch-labels"},"acf":[],"yoast_head":"<!-- This site is optimized with the Yoast SEO plugin v25.4 - https:\/\/yoast.com\/wordpress\/plugins\/seo\/ -->\n<title>LES JARDINS DE LA COMTESSE Panier Pique-nique 2 Personnes Concorde - dev6 Erresse<\/title>\n<meta name=\"description\" content=\"Le panier de pique-nique \u201cConcorde\u201d est fabriqu\u00e9 en osier naturel de couleur miel. Ce panier de pique-nique pour 2 personnes a un beau tissu gris \u00e0\" \/>\n<meta name=\"robots\" content=\"noindex, follow, max-snippet:-1, max-image-preview:large, max-video-preview:-1\" \/>\n<meta property=\"og:locale\" content=\"fr_FR\" \/>\n<meta property=\"og:type\" content=\"article\" \/>\n<meta property=\"og:title\" content=\"LES JARDINS DE LA COMTESSE Panier Pique-nique 2 Personnes Concorde - dev6 Erresse\" \/>\n<meta property=\"og:description\" content=\"Le panier de pique-nique \u201cConcorde\u201d est fabriqu\u00e9 en osier naturel de couleur miel. Ce panier de pique-nique pour 2 personnes a un beau tissu gris \u00e0\" \/>\n<meta property=\"og:url\" content=\"https:\/\/dev6.erresse-shop.it\/fr\/shop\/table-fr-2\/paniers-pique-nique\/les-jardins-de-la-comtesse-panier-pique-nique-2-personnes-concorde\/\" \/>\n<meta property=\"og:site_name\" content=\"dev6 Erresse\" \/>\n<meta property=\"og:image\" content=\"https:\/\/interpim.erresse-shop.it\/Import\/Prodotti\/les-jardins-de-la-comtesse-cestino-picnic-concorde-2p.jpg\" \/><meta property=\"og:image\" content=\"https:\/\/interpim.erresse-shop.it\/Import\/Prodotti\/les-jardins-de-la-comtesse-cestino-picnic-concorde-2p.jpg\" \/>\n\t<meta property=\"og:image:width\" content=\"1024\" \/>\n\t<meta property=\"og:image:height\" content=\"1024\" \/>\n\t<meta property=\"og:image:type\" content=\"image\/jpeg\" \/>\n<meta name=\"twitter:card\" content=\"summary_large_image\" \/>\n<meta name=\"twitter:image\" content=\"https:\/\/interpim.erresse-shop.it\/Import\/Prodotti\/les-jardins-de-la-comtesse-cestino-picnic-concorde-2p.jpg\" \/>\n<script type=\"application\/ld+json\" class=\"yoast-schema-graph\">{\"@context\":\"https:\/\/schema.org\",\"@graph\":[{\"@type\":\"WebPage\",\"@id\":\"https:\/\/dev6.erresse-shop.it\/fr\/shop\/table-fr-2\/paniers-pique-nique\/les-jardins-de-la-comtesse-panier-pique-nique-2-personnes-concorde\/\",\"url\":\"https:\/\/dev6.erresse-shop.it\/fr\/shop\/table-fr-2\/paniers-pique-nique\/les-jardins-de-la-comtesse-panier-pique-nique-2-personnes-concorde\/\",\"name\":\"LES JARDINS DE LA COMTESSE Panier Pique-nique 2 Personnes Concorde - dev6 Erresse\",\"isPartOf\":{\"@id\":\"https:\/\/dev6.erresse-shop.it\/#website\"},\"primaryImageOfPage\":{\"@id\":\"https:\/\/dev6.erresse-shop.it\/fr\/shop\/table-fr-2\/paniers-pique-nique\/les-jardins-de-la-comtesse-panier-pique-nique-2-personnes-concorde\/#primaryimage\"},\"image\":{\"@id\":\"https:\/\/dev6.erresse-shop.it\/fr\/shop\/table-fr-2\/paniers-pique-nique\/les-jardins-de-la-comtesse-panier-pique-nique-2-personnes-concorde\/#primaryimage\"},\"thumbnailUrl\":\"https:\/\/i2.wp.com\/interpim.erresse-shop.it\/Import\/Prodotti\/les-jardins-de-la-comtesse-cestino-picnic-concorde-2p.jpg?ssl=1\",\"datePublished\":\"2026-04-04T06:40:30+00:00\",\"description\":\"Le panier de pique-nique \u201cConcorde\u201d est fabriqu\u00e9 en osier naturel de couleur miel. Ce panier de pique-nique pour 2 personnes a un beau tissu gris \u00e0\",\"breadcrumb\":{\"@id\":\"https:\/\/dev6.erresse-shop.it\/fr\/shop\/table-fr-2\/paniers-pique-nique\/les-jardins-de-la-comtesse-panier-pique-nique-2-personnes-concorde\/#breadcrumb\"},\"inLanguage\":\"fr-FR\",\"potentialAction\":[{\"@type\":\"ReadAction\",\"target\":[\"https:\/\/dev6.erresse-shop.it\/fr\/shop\/table-fr-2\/paniers-pique-nique\/les-jardins-de-la-comtesse-panier-pique-nique-2-personnes-concorde\/\"]}]},{\"@type\":\"ImageObject\",\"inLanguage\":\"fr-FR\",\"@id\":\"https:\/\/dev6.erresse-shop.it\/fr\/shop\/table-fr-2\/paniers-pique-nique\/les-jardins-de-la-comtesse-panier-pique-nique-2-personnes-concorde\/#primaryimage\",\"url\":\"https:\/\/i2.wp.com\/interpim.erresse-shop.it\/Import\/Prodotti\/les-jardins-de-la-comtesse-cestino-picnic-concorde-2p.jpg?ssl=1\",\"contentUrl\":\"https:\/\/i2.wp.com\/interpim.erresse-shop.it\/Import\/Prodotti\/les-jardins-de-la-comtesse-cestino-picnic-concorde-2p.jpg?ssl=1\"},{\"@type\":\"BreadcrumbList\",\"@id\":\"https:\/\/dev6.erresse-shop.it\/fr\/shop\/table-fr-2\/paniers-pique-nique\/les-jardins-de-la-comtesse-panier-pique-nique-2-personnes-concorde\/#breadcrumb\",\"itemListElement\":[{\"@type\":\"ListItem\",\"position\":1,\"name\":\"Home\",\"item\":\"https:\/\/dev6.erresse-shop.it\/\"},{\"@type\":\"ListItem\",\"position\":2,\"name\":\"Boutique\",\"item\":\"https:\/\/dev6.erresse-shop.it\/shop\/\"},{\"@type\":\"ListItem\",\"position\":3,\"name\":\"LES JARDINS DE LA COMTESSE Panier Pique-nique 2 Personnes Concorde\"}]},{\"@type\":\"WebSite\",\"@id\":\"https:\/\/dev6.erresse-shop.it\/#website\",\"url\":\"https:\/\/dev6.erresse-shop.it\/\",\"name\":\"Erresse Shop\",\"description\":\"\",\"publisher\":{\"@id\":\"https:\/\/dev6.erresse-shop.it\/#organization\"},\"potentialAction\":[{\"@type\":\"SearchAction\",\"target\":{\"@type\":\"EntryPoint\",\"urlTemplate\":\"https:\/\/dev6.erresse-shop.it\/?s={search_term_string}\"},\"query-input\":{\"@type\":\"PropertyValueSpecification\",\"valueRequired\":true,\"valueName\":\"search_term_string\"}}],\"inLanguage\":\"fr-FR\"},{\"@type\":\"Organization\",\"@id\":\"https:\/\/dev6.erresse-shop.it\/#organization\",\"name\":\"Erresse Shop\",\"url\":\"https:\/\/dev6.erresse-shop.it\/\",\"logo\":{\"@type\":\"ImageObject\",\"inLanguage\":\"fr-FR\",\"@id\":\"https:\/\/dev6.erresse-shop.it\/#\/schema\/logo\/image\/\",\"url\":\"https:\/\/dev6.erresse-shop.it\/wp-content\/uploads\/2025\/01\/LOGO-ERRESSE-CLASSICO.svg\",\"contentUrl\":\"https:\/\/dev6.erresse-shop.it\/wp-content\/uploads\/2025\/01\/LOGO-ERRESSE-CLASSICO.svg\",\"caption\":\"Erresse Shop\"},\"image\":{\"@id\":\"https:\/\/dev6.erresse-shop.it\/#\/schema\/logo\/image\/\"}}]}<\/script>\n<!-- \/ Yoast SEO plugin. -->","yoast_head_json":{"title":"LES JARDINS DE LA COMTESSE Panier Pique-nique 2 Personnes Concorde - dev6 Erresse","description":"Le panier de pique-nique \u201cConcorde\u201d est fabriqu\u00e9 en osier naturel de couleur miel. Ce panier de pique-nique pour 2 personnes a un beau tissu gris \u00e0","robots":{"index":"noindex","follow":"follow","max-snippet":"max-snippet:-1","max-image-preview":"max-image-preview:large","max-video-preview":"max-video-preview:-1"},"og_locale":"fr_FR","og_type":"article","og_title":"LES JARDINS DE LA COMTESSE Panier Pique-nique 2 Personnes Concorde - dev6 Erresse","og_description":"Le panier de pique-nique \u201cConcorde\u201d est fabriqu\u00e9 en osier naturel de couleur miel. Ce panier de pique-nique pour 2 personnes a un beau tissu gris \u00e0","og_url":"https:\/\/dev6.erresse-shop.it\/fr\/shop\/table-fr-2\/paniers-pique-nique\/les-jardins-de-la-comtesse-panier-pique-nique-2-personnes-concorde\/","og_site_name":"dev6 Erresse","og_image":[{"url":"https:\/\/interpim.erresse-shop.it\/Import\/Prodotti\/les-jardins-de-la-comtesse-cestino-picnic-concorde-2p.jpg","type":"","width":"","height":""},{"url":"https:\/\/interpim.erresse-shop.it\/Import\/Prodotti\/les-jardins-de-la-comtesse-cestino-picnic-concorde-2p.jpg","width":1024,"height":1024,"type":"image\/jpeg"}],"twitter_card":"summary_large_image","twitter_image":"https:\/\/interpim.erresse-shop.it\/Import\/Prodotti\/les-jardins-de-la-comtesse-cestino-picnic-concorde-2p.jpg","schema":{"@context":"https:\/\/schema.org","@graph":[{"@type":"WebPage","@id":"https:\/\/dev6.erresse-shop.it\/fr\/shop\/table-fr-2\/paniers-pique-nique\/les-jardins-de-la-comtesse-panier-pique-nique-2-personnes-concorde\/","url":"https:\/\/dev6.erresse-shop.it\/fr\/shop\/table-fr-2\/paniers-pique-nique\/les-jardins-de-la-comtesse-panier-pique-nique-2-personnes-concorde\/","name":"LES JARDINS DE LA COMTESSE Panier Pique-nique 2 Personnes Concorde - dev6 Erresse","isPartOf":{"@id":"https:\/\/dev6.erresse-shop.it\/#website"},"primaryImageOfPage":{"@id":"https:\/\/dev6.erresse-shop.it\/fr\/shop\/table-fr-2\/paniers-pique-nique\/les-jardins-de-la-comtesse-panier-pique-nique-2-personnes-concorde\/#primaryimage"},"image":{"@id":"https:\/\/dev6.erresse-shop.it\/fr\/shop\/table-fr-2\/paniers-pique-nique\/les-jardins-de-la-comtesse-panier-pique-nique-2-personnes-concorde\/#primaryimage"},"thumbnailUrl":"https:\/\/i2.wp.com\/interpim.erresse-shop.it\/Import\/Prodotti\/les-jardins-de-la-comtesse-cestino-picnic-concorde-2p.jpg?ssl=1","datePublished":"2026-04-04T06:40:30+00:00","description":"Le panier de pique-nique \u201cConcorde\u201d est fabriqu\u00e9 en osier naturel de couleur miel. Ce panier de pique-nique pour 2 personnes a un beau tissu gris \u00e0","breadcrumb":{"@id":"https:\/\/dev6.erresse-shop.it\/fr\/shop\/table-fr-2\/paniers-pique-nique\/les-jardins-de-la-comtesse-panier-pique-nique-2-personnes-concorde\/#breadcrumb"},"inLanguage":"fr-FR","potentialAction":[{"@type":"ReadAction","target":["https:\/\/dev6.erresse-shop.it\/fr\/shop\/table-fr-2\/paniers-pique-nique\/les-jardins-de-la-comtesse-panier-pique-nique-2-personnes-concorde\/"]}]},{"@type":"ImageObject","inLanguage":"fr-FR","@id":"https:\/\/dev6.erresse-shop.it\/fr\/shop\/table-fr-2\/paniers-pique-nique\/les-jardins-de-la-comtesse-panier-pique-nique-2-personnes-concorde\/#primaryimage","url":"https:\/\/i2.wp.com\/interpim.erresse-shop.it\/Import\/Prodotti\/les-jardins-de-la-comtesse-cestino-picnic-concorde-2p.jpg?ssl=1","contentUrl":"https:\/\/i2.wp.com\/interpim.erresse-shop.it\/Import\/Prodotti\/les-jardins-de-la-comtesse-cestino-picnic-concorde-2p.jpg?ssl=1"},{"@type":"BreadcrumbList","@id":"https:\/\/dev6.erresse-shop.it\/fr\/shop\/table-fr-2\/paniers-pique-nique\/les-jardins-de-la-comtesse-panier-pique-nique-2-personnes-concorde\/#breadcrumb","itemListElement":[{"@type":"ListItem","position":1,"name":"Home","item":"https:\/\/dev6.erresse-shop.it\/"},{"@type":"ListItem","position":2,"name":"Boutique","item":"https:\/\/dev6.erresse-shop.it\/shop\/"},{"@type":"ListItem","position":3,"name":"LES JARDINS DE LA COMTESSE Panier Pique-nique 2 Personnes Concorde"}]},{"@type":"WebSite","@id":"https:\/\/dev6.erresse-shop.it\/#website","url":"https:\/\/dev6.erresse-shop.it\/","name":"Erresse Shop","description":"","publisher":{"@id":"https:\/\/dev6.erresse-shop.it\/#organization"},"potentialAction":[{"@type":"SearchAction","target":{"@type":"EntryPoint","urlTemplate":"https:\/\/dev6.erresse-shop.it\/?s={search_term_string}"},"query-input":{"@type":"PropertyValueSpecification","valueRequired":true,"valueName":"search_term_string"}}],"inLanguage":"fr-FR"},{"@type":"Organization","@id":"https:\/\/dev6.erresse-shop.it\/#organization","name":"Erresse Shop","url":"https:\/\/dev6.erresse-shop.it\/","logo":{"@type":"ImageObject","inLanguage":"fr-FR","@id":"https:\/\/dev6.erresse-shop.it\/#\/schema\/logo\/image\/","url":"https:\/\/dev6.erresse-shop.it\/wp-content\/uploads\/2025\/01\/LOGO-ERRESSE-CLASSICO.svg","contentUrl":"https:\/\/dev6.erresse-shop.it\/wp-content\/uploads\/2025\/01\/LOGO-ERRESSE-CLASSICO.svg","caption":"Erresse Shop"},"image":{"@id":"https:\/\/dev6.erresse-shop.it\/#\/schema\/logo\/image\/"}}]}},"df_price":109.95,"df_sale_price":109.95,"df_regular_price":129,"df_image_link":"https:\/\/i2.wp.com\/interpim.erresse-shop.it\/Import\/Prodotti\/les-jardins-de-la-comtesse-cestino-picnic-concorde-2p.jpg?resize=300,300&ssl=1","fifu_image_url":"https:\/\/interpim.erresse-shop.it\/Import\/Prodotti\/les-jardins-de-la-comtesse-cestino-picnic-concorde-2p.jpg","_links":{"self":[{"href":"https:\/\/dev6.erresse-shop.it\/fr\/wp-json\/wp\/v2\/product\/59264","targetHints":{"allow":["GET"]}}],"collection":[{"href":"https:\/\/dev6.erresse-shop.it\/fr\/wp-json\/wp\/v2\/product"}],"about":[{"href":"https:\/\/dev6.erresse-shop.it\/fr\/wp-json\/wp\/v2\/types\/product"}],"wp:featuredmedia":[{"embeddable":true,"href":"https:\/\/dev6.erresse-shop.it\/fr\/wp-json\/wp\/v2\/media\/6269067"}],"wp:attachment":[{"href":"https:\/\/dev6.erresse-shop.it\/fr\/wp-json\/wp\/v2\/media?parent=59264"}],"wp:term":[{"taxonomy":"product_cat","embeddable":true,"href":"https:\/\/dev6.erresse-shop.it\/fr\/wp-json\/wp\/v2\/product_cat?post=59264"},{"taxonomy":"product_tag","embeddable":true,"href":"https:\/\/dev6.erresse-shop.it\/fr\/wp-json\/wp\/v2\/product_tag?post=59264"}],"curies":[{"name":"wp","href":"https:\/\/api.w.org\/{rel}","templated":true}]}}