{"id":59154,"date":"2026-04-12T08:39:36","date_gmt":"2026-04-12T06:39:36","guid":{"rendered":"https:\/\/dev6.erresse-shop.it\/shop\/non%20class\u00e9\/venini-vase-idria-ambre-et-lattimo-h-27-cm\/"},"modified":"2026-02-05T18:34:41","modified_gmt":"2026-02-05T17:34:41","slug":"venini-vase-idria-ambre-et-lattimo-h-27-cm","status":"publish","type":"product","link":"https:\/\/dev6.erresse-shop.it\/fr\/shop\/ameublement-maison\/vases-fr\/venini-vase-idria-ambre-et-lattimo-h-27-cm\/","title":{"rendered":"VENINI Vase Idria Ambre et Lattimo H 27 cm"},"content":{"rendered":"<p>Le r\u00e9cipient \u00e0 eau de la Gr\u00e8ce antique est transform\u00e9 de terre cuite en verre par Venini. Dans ses lignes, il \u00e9voque des rythmes disparus et les fait revivre, r\u00e9v\u00e9lant ainsi l\u2019intemporalit\u00e9 de la beaut\u00e9.<br \/>\nLe vase Idria s\u2019inspire du pass\u00e9, des traditions, mais fait partie des cr\u00e9ations les plus r\u00e9centes, datant de 2016.<br \/>\nDu grec Hydria, le nom lui-m\u00eame rappelle l\u2019eau, qui \u00e9tait traditionnellement transport\u00e9e dans ce type d\u2019amphore. Par sa forme, Hydria raconte une histoire qui a le charme des anciens rituels quotidiens.<br \/>\nSouffl\u00e9e et travaill\u00e9e \u00e0 la main selon la technique Soffiato Opalino. Elle est obtenue en superposant le verre \u201clattimo\u201d avec un ou plusieurs verres minces transparents et color\u00e9s, ce qui permet d\u2019obtenir de splendides objets aux couleurs intenses et lumineuses.<\/p>\n<p>OPALINE SOUFFL\u00c9E<br \/>\nLe verre opalin, souffl\u00e9 et travaill\u00e9 \u00e0 la main, est obtenu en superposant du lattimo avec d\u2019autres verres. La technique est ainsi appel\u00e9e parce que les artisans dilatent et fa\u00e7onnent le verre en soufflant de l\u2019air dans une longue tige m\u00e9tallique qui lui est reli\u00e9e, selon la tradition mill\u00e9naire de la verrerie. Cette action ancienne, associ\u00e9e \u00e0 l\u2019exp\u00e9rience et \u00e0 l\u2019habilet\u00e9 des ma\u00eetres verriers, transforme un simple verre en v\u00e9ritable chef-d\u2019\u0153uvre artistique, unique en son genre.<\/p>\n","protected":false},"excerpt":{"rendered":"<p>Le r\u00e9cipient \u00e0 eau de la Gr\u00e8ce antique est transform\u00e9 de terre cuite en verre par Venini. Dans ses lignes, il \u00e9voque des rythmes disparus et les fait revivre, r\u00e9v\u00e9lant ainsi l\u2019intemporalit\u00e9 de la beaut\u00e9. Le vase Idria s\u2019inspire du pass\u00e9, des traditions, mais fait partie des cr\u00e9ations les plus r\u00e9centes, datant de 2016. Du [&hellip;]<\/p>\n","protected":false},"featured_media":6352103,"template":"","meta":{"_acf_changed":false},"product_cat":[11990,11666,12018],"product_tag":[],"class_list":{"0":"post-59154","1":"product","2":"type-product","3":"status-publish","4":"has-post-thumbnail","6":"product_cat-ameublement-maison","7":"product_cat-arredamento-casa","8":"product_cat-vases-fr","10":"first","11":"outofstock","12":"sale","13":"taxable","14":"shipping-taxable","15":"purchasable","16":"product-type-simple","swatches":"rey-swatches","show_selected":"","stretch_labels":"rey-swatches--stretch-labels"},"acf":[],"yoast_head":"<!-- This site is optimized with the Yoast SEO plugin v25.4 - https:\/\/yoast.com\/wordpress\/plugins\/seo\/ -->\n<title>VENINI Vase Idria Ambre et Lattimo H 27 cm - dev6 Erresse<\/title>\n<meta name=\"description\" content=\"Le r\u00e9cipient \u00e0 eau de la Gr\u00e8ce antique est transform\u00e9 de terre cuite en verre par Venini. Dans ses lignes, il \u00e9voque des rythmes disparus et les fait\" \/>\n<meta name=\"robots\" content=\"noindex, follow, max-snippet:-1, max-image-preview:large, max-video-preview:-1\" \/>\n<meta property=\"og:locale\" content=\"fr_FR\" \/>\n<meta property=\"og:type\" content=\"article\" \/>\n<meta property=\"og:title\" content=\"VENINI Vase Idria Ambre et Lattimo H 27 cm - dev6 Erresse\" \/>\n<meta property=\"og:description\" content=\"Le r\u00e9cipient \u00e0 eau de la Gr\u00e8ce antique est transform\u00e9 de terre cuite en verre par Venini. Dans ses lignes, il \u00e9voque des rythmes disparus et les fait\" \/>\n<meta property=\"og:url\" content=\"https:\/\/dev6.erresse-shop.it\/fr\/shop\/ameublement-maison\/vases-fr\/venini-vase-idria-ambre-et-lattimo-h-27-cm\/\" \/>\n<meta property=\"og:site_name\" content=\"dev6 Erresse\" \/>\n<meta property=\"og:image\" content=\"https:\/\/interpim.erresse-shop.it\/img-catalogo\/venini\/venini-vaso-idria-giallo-h27.jpg\" \/><meta property=\"og:image\" content=\"https:\/\/interpim.erresse-shop.it\/img-catalogo\/venini\/venini-vaso-idria-giallo-h27.jpg\" \/>\n\t<meta property=\"og:image:width\" content=\"1024\" \/>\n\t<meta property=\"og:image:height\" content=\"1024\" \/>\n\t<meta property=\"og:image:type\" content=\"image\/jpeg\" \/>\n<meta name=\"twitter:card\" content=\"summary_large_image\" \/>\n<meta name=\"twitter:image\" content=\"https:\/\/interpim.erresse-shop.it\/img-catalogo\/venini\/venini-vaso-idria-giallo-h27.jpg\" \/>\n<script type=\"application\/ld+json\" class=\"yoast-schema-graph\">{\"@context\":\"https:\/\/schema.org\",\"@graph\":[{\"@type\":\"WebPage\",\"@id\":\"https:\/\/dev6.erresse-shop.it\/fr\/shop\/ameublement-maison\/vases-fr\/venini-vase-idria-ambre-et-lattimo-h-27-cm\/\",\"url\":\"https:\/\/dev6.erresse-shop.it\/fr\/shop\/ameublement-maison\/vases-fr\/venini-vase-idria-ambre-et-lattimo-h-27-cm\/\",\"name\":\"VENINI Vase Idria Ambre et Lattimo H 27 cm - dev6 Erresse\",\"isPartOf\":{\"@id\":\"https:\/\/dev6.erresse-shop.it\/#website\"},\"primaryImageOfPage\":{\"@id\":\"https:\/\/dev6.erresse-shop.it\/fr\/shop\/ameublement-maison\/vases-fr\/venini-vase-idria-ambre-et-lattimo-h-27-cm\/#primaryimage\"},\"image\":{\"@id\":\"https:\/\/dev6.erresse-shop.it\/fr\/shop\/ameublement-maison\/vases-fr\/venini-vase-idria-ambre-et-lattimo-h-27-cm\/#primaryimage\"},\"thumbnailUrl\":\"https:\/\/i0.wp.com\/interpim.erresse-shop.it\/img-catalogo\/venini\/venini-vaso-idria-giallo-h27.jpg?ssl=1\",\"datePublished\":\"2026-04-12T06:39:36+00:00\",\"description\":\"Le r\u00e9cipient \u00e0 eau de la Gr\u00e8ce antique est transform\u00e9 de terre cuite en verre par Venini. Dans ses lignes, il \u00e9voque des rythmes disparus et les fait\",\"breadcrumb\":{\"@id\":\"https:\/\/dev6.erresse-shop.it\/fr\/shop\/ameublement-maison\/vases-fr\/venini-vase-idria-ambre-et-lattimo-h-27-cm\/#breadcrumb\"},\"inLanguage\":\"fr-FR\",\"potentialAction\":[{\"@type\":\"ReadAction\",\"target\":[\"https:\/\/dev6.erresse-shop.it\/fr\/shop\/ameublement-maison\/vases-fr\/venini-vase-idria-ambre-et-lattimo-h-27-cm\/\"]}]},{\"@type\":\"ImageObject\",\"inLanguage\":\"fr-FR\",\"@id\":\"https:\/\/dev6.erresse-shop.it\/fr\/shop\/ameublement-maison\/vases-fr\/venini-vase-idria-ambre-et-lattimo-h-27-cm\/#primaryimage\",\"url\":\"https:\/\/i0.wp.com\/interpim.erresse-shop.it\/img-catalogo\/venini\/venini-vaso-idria-giallo-h27.jpg?ssl=1\",\"contentUrl\":\"https:\/\/i0.wp.com\/interpim.erresse-shop.it\/img-catalogo\/venini\/venini-vaso-idria-giallo-h27.jpg?ssl=1\"},{\"@type\":\"BreadcrumbList\",\"@id\":\"https:\/\/dev6.erresse-shop.it\/fr\/shop\/ameublement-maison\/vases-fr\/venini-vase-idria-ambre-et-lattimo-h-27-cm\/#breadcrumb\",\"itemListElement\":[{\"@type\":\"ListItem\",\"position\":1,\"name\":\"Home\",\"item\":\"https:\/\/dev6.erresse-shop.it\/\"},{\"@type\":\"ListItem\",\"position\":2,\"name\":\"Boutique\",\"item\":\"https:\/\/dev6.erresse-shop.it\/shop\/\"},{\"@type\":\"ListItem\",\"position\":3,\"name\":\"VENINI Vase Idria Ambre et Lattimo H 27 cm\"}]},{\"@type\":\"WebSite\",\"@id\":\"https:\/\/dev6.erresse-shop.it\/#website\",\"url\":\"https:\/\/dev6.erresse-shop.it\/\",\"name\":\"Erresse Shop\",\"description\":\"\",\"publisher\":{\"@id\":\"https:\/\/dev6.erresse-shop.it\/#organization\"},\"potentialAction\":[{\"@type\":\"SearchAction\",\"target\":{\"@type\":\"EntryPoint\",\"urlTemplate\":\"https:\/\/dev6.erresse-shop.it\/?s={search_term_string}\"},\"query-input\":{\"@type\":\"PropertyValueSpecification\",\"valueRequired\":true,\"valueName\":\"search_term_string\"}}],\"inLanguage\":\"fr-FR\"},{\"@type\":\"Organization\",\"@id\":\"https:\/\/dev6.erresse-shop.it\/#organization\",\"name\":\"Erresse Shop\",\"url\":\"https:\/\/dev6.erresse-shop.it\/\",\"logo\":{\"@type\":\"ImageObject\",\"inLanguage\":\"fr-FR\",\"@id\":\"https:\/\/dev6.erresse-shop.it\/#\/schema\/logo\/image\/\",\"url\":\"https:\/\/dev6.erresse-shop.it\/wp-content\/uploads\/2025\/01\/LOGO-ERRESSE-CLASSICO.svg\",\"contentUrl\":\"https:\/\/dev6.erresse-shop.it\/wp-content\/uploads\/2025\/01\/LOGO-ERRESSE-CLASSICO.svg\",\"caption\":\"Erresse Shop\"},\"image\":{\"@id\":\"https:\/\/dev6.erresse-shop.it\/#\/schema\/logo\/image\/\"}}]}<\/script>\n<!-- \/ Yoast SEO plugin. -->","yoast_head_json":{"title":"VENINI Vase Idria Ambre et Lattimo H 27 cm - dev6 Erresse","description":"Le r\u00e9cipient \u00e0 eau de la Gr\u00e8ce antique est transform\u00e9 de terre cuite en verre par Venini. Dans ses lignes, il \u00e9voque des rythmes disparus et les fait","robots":{"index":"noindex","follow":"follow","max-snippet":"max-snippet:-1","max-image-preview":"max-image-preview:large","max-video-preview":"max-video-preview:-1"},"og_locale":"fr_FR","og_type":"article","og_title":"VENINI Vase Idria Ambre et Lattimo H 27 cm - dev6 Erresse","og_description":"Le r\u00e9cipient \u00e0 eau de la Gr\u00e8ce antique est transform\u00e9 de terre cuite en verre par Venini. Dans ses lignes, il \u00e9voque des rythmes disparus et les fait","og_url":"https:\/\/dev6.erresse-shop.it\/fr\/shop\/ameublement-maison\/vases-fr\/venini-vase-idria-ambre-et-lattimo-h-27-cm\/","og_site_name":"dev6 Erresse","og_image":[{"url":"https:\/\/interpim.erresse-shop.it\/img-catalogo\/venini\/venini-vaso-idria-giallo-h27.jpg","type":"","width":"","height":""},{"url":"https:\/\/interpim.erresse-shop.it\/img-catalogo\/venini\/venini-vaso-idria-giallo-h27.jpg","width":1024,"height":1024,"type":"image\/jpeg"}],"twitter_card":"summary_large_image","twitter_image":"https:\/\/interpim.erresse-shop.it\/img-catalogo\/venini\/venini-vaso-idria-giallo-h27.jpg","schema":{"@context":"https:\/\/schema.org","@graph":[{"@type":"WebPage","@id":"https:\/\/dev6.erresse-shop.it\/fr\/shop\/ameublement-maison\/vases-fr\/venini-vase-idria-ambre-et-lattimo-h-27-cm\/","url":"https:\/\/dev6.erresse-shop.it\/fr\/shop\/ameublement-maison\/vases-fr\/venini-vase-idria-ambre-et-lattimo-h-27-cm\/","name":"VENINI Vase Idria Ambre et Lattimo H 27 cm - dev6 Erresse","isPartOf":{"@id":"https:\/\/dev6.erresse-shop.it\/#website"},"primaryImageOfPage":{"@id":"https:\/\/dev6.erresse-shop.it\/fr\/shop\/ameublement-maison\/vases-fr\/venini-vase-idria-ambre-et-lattimo-h-27-cm\/#primaryimage"},"image":{"@id":"https:\/\/dev6.erresse-shop.it\/fr\/shop\/ameublement-maison\/vases-fr\/venini-vase-idria-ambre-et-lattimo-h-27-cm\/#primaryimage"},"thumbnailUrl":"https:\/\/i0.wp.com\/interpim.erresse-shop.it\/img-catalogo\/venini\/venini-vaso-idria-giallo-h27.jpg?ssl=1","datePublished":"2026-04-12T06:39:36+00:00","description":"Le r\u00e9cipient \u00e0 eau de la Gr\u00e8ce antique est transform\u00e9 de terre cuite en verre par Venini. Dans ses lignes, il \u00e9voque des rythmes disparus et les fait","breadcrumb":{"@id":"https:\/\/dev6.erresse-shop.it\/fr\/shop\/ameublement-maison\/vases-fr\/venini-vase-idria-ambre-et-lattimo-h-27-cm\/#breadcrumb"},"inLanguage":"fr-FR","potentialAction":[{"@type":"ReadAction","target":["https:\/\/dev6.erresse-shop.it\/fr\/shop\/ameublement-maison\/vases-fr\/venini-vase-idria-ambre-et-lattimo-h-27-cm\/"]}]},{"@type":"ImageObject","inLanguage":"fr-FR","@id":"https:\/\/dev6.erresse-shop.it\/fr\/shop\/ameublement-maison\/vases-fr\/venini-vase-idria-ambre-et-lattimo-h-27-cm\/#primaryimage","url":"https:\/\/i0.wp.com\/interpim.erresse-shop.it\/img-catalogo\/venini\/venini-vaso-idria-giallo-h27.jpg?ssl=1","contentUrl":"https:\/\/i0.wp.com\/interpim.erresse-shop.it\/img-catalogo\/venini\/venini-vaso-idria-giallo-h27.jpg?ssl=1"},{"@type":"BreadcrumbList","@id":"https:\/\/dev6.erresse-shop.it\/fr\/shop\/ameublement-maison\/vases-fr\/venini-vase-idria-ambre-et-lattimo-h-27-cm\/#breadcrumb","itemListElement":[{"@type":"ListItem","position":1,"name":"Home","item":"https:\/\/dev6.erresse-shop.it\/"},{"@type":"ListItem","position":2,"name":"Boutique","item":"https:\/\/dev6.erresse-shop.it\/shop\/"},{"@type":"ListItem","position":3,"name":"VENINI Vase Idria Ambre et Lattimo H 27 cm"}]},{"@type":"WebSite","@id":"https:\/\/dev6.erresse-shop.it\/#website","url":"https:\/\/dev6.erresse-shop.it\/","name":"Erresse Shop","description":"","publisher":{"@id":"https:\/\/dev6.erresse-shop.it\/#organization"},"potentialAction":[{"@type":"SearchAction","target":{"@type":"EntryPoint","urlTemplate":"https:\/\/dev6.erresse-shop.it\/?s={search_term_string}"},"query-input":{"@type":"PropertyValueSpecification","valueRequired":true,"valueName":"search_term_string"}}],"inLanguage":"fr-FR"},{"@type":"Organization","@id":"https:\/\/dev6.erresse-shop.it\/#organization","name":"Erresse Shop","url":"https:\/\/dev6.erresse-shop.it\/","logo":{"@type":"ImageObject","inLanguage":"fr-FR","@id":"https:\/\/dev6.erresse-shop.it\/#\/schema\/logo\/image\/","url":"https:\/\/dev6.erresse-shop.it\/wp-content\/uploads\/2025\/01\/LOGO-ERRESSE-CLASSICO.svg","contentUrl":"https:\/\/dev6.erresse-shop.it\/wp-content\/uploads\/2025\/01\/LOGO-ERRESSE-CLASSICO.svg","caption":"Erresse Shop"},"image":{"@id":"https:\/\/dev6.erresse-shop.it\/#\/schema\/logo\/image\/"}}]}},"df_price":569,"df_sale_price":569,"df_regular_price":890,"df_image_link":"https:\/\/i0.wp.com\/interpim.erresse-shop.it\/img-catalogo\/venini\/venini-vaso-idria-giallo-h27.jpg?resize=300,300&ssl=1","fifu_image_url":"https:\/\/interpim.erresse-shop.it\/img-catalogo\/venini\/venini-vaso-idria-giallo-h27.jpg","_links":{"self":[{"href":"https:\/\/dev6.erresse-shop.it\/fr\/wp-json\/wp\/v2\/product\/59154","targetHints":{"allow":["GET"]}}],"collection":[{"href":"https:\/\/dev6.erresse-shop.it\/fr\/wp-json\/wp\/v2\/product"}],"about":[{"href":"https:\/\/dev6.erresse-shop.it\/fr\/wp-json\/wp\/v2\/types\/product"}],"wp:featuredmedia":[{"embeddable":true,"href":"https:\/\/dev6.erresse-shop.it\/fr\/wp-json\/wp\/v2\/media\/6352103"}],"wp:attachment":[{"href":"https:\/\/dev6.erresse-shop.it\/fr\/wp-json\/wp\/v2\/media?parent=59154"}],"wp:term":[{"taxonomy":"product_cat","embeddable":true,"href":"https:\/\/dev6.erresse-shop.it\/fr\/wp-json\/wp\/v2\/product_cat?post=59154"},{"taxonomy":"product_tag","embeddable":true,"href":"https:\/\/dev6.erresse-shop.it\/fr\/wp-json\/wp\/v2\/product_tag?post=59154"}],"curies":[{"name":"wp","href":"https:\/\/api.w.org\/{rel}","templated":true}]}}