{"id":59122,"date":"2026-04-10T09:17:09","date_gmt":"2026-04-10T07:17:09","guid":{"rendered":"https:\/\/dev6.erresse-shop.it\/shop\/non%20class\u00e9\/venini-vase-monofiori-rouge-avec-fil-vert-h24-5\/"},"modified":"2026-01-09T02:07:33","modified_gmt":"2026-01-09T01:07:33","slug":"venini-vase-monofiori-rouge-avec-fil-vert-h24-5","status":"publish","type":"product","link":"https:\/\/dev6.erresse-shop.it\/fr\/shop\/ameublement-maison\/vases-fr\/venini-vase-monofiori-rouge-avec-fil-vert-h24-5\/","title":{"rendered":"VENINI Vase Monofiori Rouge avec Fil Vert H24.5"},"content":{"rendered":"<p>Le verre souffl\u00e9 est fabriqu\u00e9 \u00e0 la main selon le proc\u00e9d\u00e9 traditionnel du balloton avec un moule en m\u00e9tal pour un effet de relief crois\u00e9.<\/p>\n<p style=\"text-align: center;\">\u201cLa tradition change en 1970 et de nouveau en 2016, tout en s\u2019am\u00e9liorant. La substance reste : il semble souple, mais c\u2019est du verre. L\u2019illusion d\u2019optique de le vase Monofiori de VENINI se trouve dans son nom : Baloton, le travail unique qui recr\u00e9e sur la surface l\u2019effet matelass\u00e9. L\u2019\u0153uvre est travaill\u00e9e \u00e0 la main, souffl\u00e9e dans le caract\u00e9ristique moule en m\u00e9tal et finie dans le col fin avec un fil color\u00e9 appliqu\u00e9 \u00e0 chaud, qui change de couleur.\u201d<\/p>\n","protected":false},"excerpt":{"rendered":"<p>Le verre souffl\u00e9 est fabriqu\u00e9 \u00e0 la main selon le proc\u00e9d\u00e9 traditionnel du balloton avec un moule en m\u00e9tal pour un effet de relief crois\u00e9. \u201cLa tradition change en 1970 et de nouveau en 2016, tout en s\u2019am\u00e9liorant. La substance reste : il semble souple, mais c\u2019est du verre. L\u2019illusion d\u2019optique de le vase Monofiori [&hellip;]<\/p>\n","protected":false},"featured_media":6310435,"template":"","meta":{"_acf_changed":false},"product_cat":[11990,11666,12018],"product_tag":[],"class_list":{"0":"post-59122","1":"product","2":"type-product","3":"status-publish","4":"has-post-thumbnail","6":"product_cat-ameublement-maison","7":"product_cat-arredamento-casa","8":"product_cat-vases-fr","10":"first","11":"outofstock","12":"sale","13":"taxable","14":"shipping-taxable","15":"purchasable","16":"product-type-simple","swatches":"rey-swatches","show_selected":"","stretch_labels":"rey-swatches--stretch-labels"},"acf":[],"yoast_head":"<!-- This site is optimized with the Yoast SEO plugin v25.4 - https:\/\/yoast.com\/wordpress\/plugins\/seo\/ -->\n<title>VENINI Vase Monofiori Rouge avec Fil Vert H24.5 - dev6 Erresse<\/title>\n<meta name=\"description\" content=\"Le verre souffl\u00e9 est fabriqu\u00e9 \u00e0 la main selon le proc\u00e9d\u00e9 traditionnel du balloton avec un moule en m\u00e9tal pour un effet de relief crois\u00e9. \u201cLa tradition\" \/>\n<meta name=\"robots\" content=\"noindex, follow, max-snippet:-1, max-image-preview:large, max-video-preview:-1\" \/>\n<meta property=\"og:locale\" content=\"fr_FR\" \/>\n<meta property=\"og:type\" content=\"article\" \/>\n<meta property=\"og:title\" content=\"VENINI Vase Monofiori Rouge avec Fil Vert H24.5 - dev6 Erresse\" \/>\n<meta property=\"og:description\" content=\"Le verre souffl\u00e9 est fabriqu\u00e9 \u00e0 la main selon le proc\u00e9d\u00e9 traditionnel du balloton avec un moule en m\u00e9tal pour un effet de relief crois\u00e9. \u201cLa tradition\" \/>\n<meta property=\"og:url\" content=\"https:\/\/dev6.erresse-shop.it\/fr\/shop\/ameublement-maison\/vases-fr\/venini-vase-monofiori-rouge-avec-fil-vert-h24-5\/\" \/>\n<meta property=\"og:site_name\" content=\"dev6 Erresse\" \/>\n<meta property=\"og:image\" content=\"https:\/\/interpim.erresse-shop.it\/img-catalogo\/venini\/venini-monofiore-rosso-con-filo-verde.jpg\" \/><meta property=\"og:image\" content=\"https:\/\/interpim.erresse-shop.it\/img-catalogo\/venini\/venini-monofiore-rosso-con-filo-verde.jpg\" \/>\n\t<meta property=\"og:image:width\" content=\"1024\" \/>\n\t<meta property=\"og:image:height\" content=\"1024\" \/>\n\t<meta property=\"og:image:type\" content=\"image\/jpeg\" \/>\n<meta name=\"twitter:card\" content=\"summary_large_image\" \/>\n<meta name=\"twitter:image\" content=\"https:\/\/interpim.erresse-shop.it\/img-catalogo\/venini\/venini-monofiore-rosso-con-filo-verde.jpg\" \/>\n<script type=\"application\/ld+json\" class=\"yoast-schema-graph\">{\"@context\":\"https:\/\/schema.org\",\"@graph\":[{\"@type\":\"WebPage\",\"@id\":\"https:\/\/dev6.erresse-shop.it\/fr\/shop\/ameublement-maison\/vases-fr\/venini-vase-monofiori-rouge-avec-fil-vert-h24-5\/\",\"url\":\"https:\/\/dev6.erresse-shop.it\/fr\/shop\/ameublement-maison\/vases-fr\/venini-vase-monofiori-rouge-avec-fil-vert-h24-5\/\",\"name\":\"VENINI Vase Monofiori Rouge avec Fil Vert H24.5 - dev6 Erresse\",\"isPartOf\":{\"@id\":\"https:\/\/dev6.erresse-shop.it\/#website\"},\"primaryImageOfPage\":{\"@id\":\"https:\/\/dev6.erresse-shop.it\/fr\/shop\/ameublement-maison\/vases-fr\/venini-vase-monofiori-rouge-avec-fil-vert-h24-5\/#primaryimage\"},\"image\":{\"@id\":\"https:\/\/dev6.erresse-shop.it\/fr\/shop\/ameublement-maison\/vases-fr\/venini-vase-monofiori-rouge-avec-fil-vert-h24-5\/#primaryimage\"},\"thumbnailUrl\":\"https:\/\/i0.wp.com\/interpim.erresse-shop.it\/img-catalogo\/venini\/venini-monofiore-rosso-con-filo-verde.jpg?ssl=1\",\"datePublished\":\"2026-04-10T07:17:09+00:00\",\"description\":\"Le verre souffl\u00e9 est fabriqu\u00e9 \u00e0 la main selon le proc\u00e9d\u00e9 traditionnel du balloton avec un moule en m\u00e9tal pour un effet de relief crois\u00e9. \u201cLa tradition\",\"breadcrumb\":{\"@id\":\"https:\/\/dev6.erresse-shop.it\/fr\/shop\/ameublement-maison\/vases-fr\/venini-vase-monofiori-rouge-avec-fil-vert-h24-5\/#breadcrumb\"},\"inLanguage\":\"fr-FR\",\"potentialAction\":[{\"@type\":\"ReadAction\",\"target\":[\"https:\/\/dev6.erresse-shop.it\/fr\/shop\/ameublement-maison\/vases-fr\/venini-vase-monofiori-rouge-avec-fil-vert-h24-5\/\"]}]},{\"@type\":\"ImageObject\",\"inLanguage\":\"fr-FR\",\"@id\":\"https:\/\/dev6.erresse-shop.it\/fr\/shop\/ameublement-maison\/vases-fr\/venini-vase-monofiori-rouge-avec-fil-vert-h24-5\/#primaryimage\",\"url\":\"https:\/\/i0.wp.com\/interpim.erresse-shop.it\/img-catalogo\/venini\/venini-monofiore-rosso-con-filo-verde.jpg?ssl=1\",\"contentUrl\":\"https:\/\/i0.wp.com\/interpim.erresse-shop.it\/img-catalogo\/venini\/venini-monofiore-rosso-con-filo-verde.jpg?ssl=1\"},{\"@type\":\"BreadcrumbList\",\"@id\":\"https:\/\/dev6.erresse-shop.it\/fr\/shop\/ameublement-maison\/vases-fr\/venini-vase-monofiori-rouge-avec-fil-vert-h24-5\/#breadcrumb\",\"itemListElement\":[{\"@type\":\"ListItem\",\"position\":1,\"name\":\"Home\",\"item\":\"https:\/\/dev6.erresse-shop.it\/\"},{\"@type\":\"ListItem\",\"position\":2,\"name\":\"Boutique\",\"item\":\"https:\/\/dev6.erresse-shop.it\/shop\/\"},{\"@type\":\"ListItem\",\"position\":3,\"name\":\"VENINI Vase Monofiori Rouge avec Fil Vert H24.5\"}]},{\"@type\":\"WebSite\",\"@id\":\"https:\/\/dev6.erresse-shop.it\/#website\",\"url\":\"https:\/\/dev6.erresse-shop.it\/\",\"name\":\"Erresse Shop\",\"description\":\"\",\"publisher\":{\"@id\":\"https:\/\/dev6.erresse-shop.it\/#organization\"},\"potentialAction\":[{\"@type\":\"SearchAction\",\"target\":{\"@type\":\"EntryPoint\",\"urlTemplate\":\"https:\/\/dev6.erresse-shop.it\/?s={search_term_string}\"},\"query-input\":{\"@type\":\"PropertyValueSpecification\",\"valueRequired\":true,\"valueName\":\"search_term_string\"}}],\"inLanguage\":\"fr-FR\"},{\"@type\":\"Organization\",\"@id\":\"https:\/\/dev6.erresse-shop.it\/#organization\",\"name\":\"Erresse Shop\",\"url\":\"https:\/\/dev6.erresse-shop.it\/\",\"logo\":{\"@type\":\"ImageObject\",\"inLanguage\":\"fr-FR\",\"@id\":\"https:\/\/dev6.erresse-shop.it\/#\/schema\/logo\/image\/\",\"url\":\"https:\/\/dev6.erresse-shop.it\/wp-content\/uploads\/2025\/01\/LOGO-ERRESSE-CLASSICO.svg\",\"contentUrl\":\"https:\/\/dev6.erresse-shop.it\/wp-content\/uploads\/2025\/01\/LOGO-ERRESSE-CLASSICO.svg\",\"caption\":\"Erresse Shop\"},\"image\":{\"@id\":\"https:\/\/dev6.erresse-shop.it\/#\/schema\/logo\/image\/\"}}]}<\/script>\n<!-- \/ Yoast SEO plugin. -->","yoast_head_json":{"title":"VENINI Vase Monofiori Rouge avec Fil Vert H24.5 - dev6 Erresse","description":"Le verre souffl\u00e9 est fabriqu\u00e9 \u00e0 la main selon le proc\u00e9d\u00e9 traditionnel du balloton avec un moule en m\u00e9tal pour un effet de relief crois\u00e9. \u201cLa tradition","robots":{"index":"noindex","follow":"follow","max-snippet":"max-snippet:-1","max-image-preview":"max-image-preview:large","max-video-preview":"max-video-preview:-1"},"og_locale":"fr_FR","og_type":"article","og_title":"VENINI Vase Monofiori Rouge avec Fil Vert H24.5 - dev6 Erresse","og_description":"Le verre souffl\u00e9 est fabriqu\u00e9 \u00e0 la main selon le proc\u00e9d\u00e9 traditionnel du balloton avec un moule en m\u00e9tal pour un effet de relief crois\u00e9. \u201cLa tradition","og_url":"https:\/\/dev6.erresse-shop.it\/fr\/shop\/ameublement-maison\/vases-fr\/venini-vase-monofiori-rouge-avec-fil-vert-h24-5\/","og_site_name":"dev6 Erresse","og_image":[{"url":"https:\/\/interpim.erresse-shop.it\/img-catalogo\/venini\/venini-monofiore-rosso-con-filo-verde.jpg","type":"","width":"","height":""},{"url":"https:\/\/interpim.erresse-shop.it\/img-catalogo\/venini\/venini-monofiore-rosso-con-filo-verde.jpg","width":1024,"height":1024,"type":"image\/jpeg"}],"twitter_card":"summary_large_image","twitter_image":"https:\/\/interpim.erresse-shop.it\/img-catalogo\/venini\/venini-monofiore-rosso-con-filo-verde.jpg","schema":{"@context":"https:\/\/schema.org","@graph":[{"@type":"WebPage","@id":"https:\/\/dev6.erresse-shop.it\/fr\/shop\/ameublement-maison\/vases-fr\/venini-vase-monofiori-rouge-avec-fil-vert-h24-5\/","url":"https:\/\/dev6.erresse-shop.it\/fr\/shop\/ameublement-maison\/vases-fr\/venini-vase-monofiori-rouge-avec-fil-vert-h24-5\/","name":"VENINI Vase Monofiori Rouge avec Fil Vert H24.5 - dev6 Erresse","isPartOf":{"@id":"https:\/\/dev6.erresse-shop.it\/#website"},"primaryImageOfPage":{"@id":"https:\/\/dev6.erresse-shop.it\/fr\/shop\/ameublement-maison\/vases-fr\/venini-vase-monofiori-rouge-avec-fil-vert-h24-5\/#primaryimage"},"image":{"@id":"https:\/\/dev6.erresse-shop.it\/fr\/shop\/ameublement-maison\/vases-fr\/venini-vase-monofiori-rouge-avec-fil-vert-h24-5\/#primaryimage"},"thumbnailUrl":"https:\/\/i0.wp.com\/interpim.erresse-shop.it\/img-catalogo\/venini\/venini-monofiore-rosso-con-filo-verde.jpg?ssl=1","datePublished":"2026-04-10T07:17:09+00:00","description":"Le verre souffl\u00e9 est fabriqu\u00e9 \u00e0 la main selon le proc\u00e9d\u00e9 traditionnel du balloton avec un moule en m\u00e9tal pour un effet de relief crois\u00e9. \u201cLa tradition","breadcrumb":{"@id":"https:\/\/dev6.erresse-shop.it\/fr\/shop\/ameublement-maison\/vases-fr\/venini-vase-monofiori-rouge-avec-fil-vert-h24-5\/#breadcrumb"},"inLanguage":"fr-FR","potentialAction":[{"@type":"ReadAction","target":["https:\/\/dev6.erresse-shop.it\/fr\/shop\/ameublement-maison\/vases-fr\/venini-vase-monofiori-rouge-avec-fil-vert-h24-5\/"]}]},{"@type":"ImageObject","inLanguage":"fr-FR","@id":"https:\/\/dev6.erresse-shop.it\/fr\/shop\/ameublement-maison\/vases-fr\/venini-vase-monofiori-rouge-avec-fil-vert-h24-5\/#primaryimage","url":"https:\/\/i0.wp.com\/interpim.erresse-shop.it\/img-catalogo\/venini\/venini-monofiore-rosso-con-filo-verde.jpg?ssl=1","contentUrl":"https:\/\/i0.wp.com\/interpim.erresse-shop.it\/img-catalogo\/venini\/venini-monofiore-rosso-con-filo-verde.jpg?ssl=1"},{"@type":"BreadcrumbList","@id":"https:\/\/dev6.erresse-shop.it\/fr\/shop\/ameublement-maison\/vases-fr\/venini-vase-monofiori-rouge-avec-fil-vert-h24-5\/#breadcrumb","itemListElement":[{"@type":"ListItem","position":1,"name":"Home","item":"https:\/\/dev6.erresse-shop.it\/"},{"@type":"ListItem","position":2,"name":"Boutique","item":"https:\/\/dev6.erresse-shop.it\/shop\/"},{"@type":"ListItem","position":3,"name":"VENINI Vase Monofiori Rouge avec Fil Vert H24.5"}]},{"@type":"WebSite","@id":"https:\/\/dev6.erresse-shop.it\/#website","url":"https:\/\/dev6.erresse-shop.it\/","name":"Erresse Shop","description":"","publisher":{"@id":"https:\/\/dev6.erresse-shop.it\/#organization"},"potentialAction":[{"@type":"SearchAction","target":{"@type":"EntryPoint","urlTemplate":"https:\/\/dev6.erresse-shop.it\/?s={search_term_string}"},"query-input":{"@type":"PropertyValueSpecification","valueRequired":true,"valueName":"search_term_string"}}],"inLanguage":"fr-FR"},{"@type":"Organization","@id":"https:\/\/dev6.erresse-shop.it\/#organization","name":"Erresse Shop","url":"https:\/\/dev6.erresse-shop.it\/","logo":{"@type":"ImageObject","inLanguage":"fr-FR","@id":"https:\/\/dev6.erresse-shop.it\/#\/schema\/logo\/image\/","url":"https:\/\/dev6.erresse-shop.it\/wp-content\/uploads\/2025\/01\/LOGO-ERRESSE-CLASSICO.svg","contentUrl":"https:\/\/dev6.erresse-shop.it\/wp-content\/uploads\/2025\/01\/LOGO-ERRESSE-CLASSICO.svg","caption":"Erresse Shop"},"image":{"@id":"https:\/\/dev6.erresse-shop.it\/#\/schema\/logo\/image\/"}}]}},"df_price":479,"df_sale_price":479,"df_regular_price":535,"df_image_link":"https:\/\/i0.wp.com\/interpim.erresse-shop.it\/img-catalogo\/venini\/venini-monofiore-rosso-con-filo-verde.jpg?resize=300,300&ssl=1","fifu_image_url":"https:\/\/interpim.erresse-shop.it\/img-catalogo\/venini\/venini-monofiore-rosso-con-filo-verde.jpg","_links":{"self":[{"href":"https:\/\/dev6.erresse-shop.it\/fr\/wp-json\/wp\/v2\/product\/59122","targetHints":{"allow":["GET"]}}],"collection":[{"href":"https:\/\/dev6.erresse-shop.it\/fr\/wp-json\/wp\/v2\/product"}],"about":[{"href":"https:\/\/dev6.erresse-shop.it\/fr\/wp-json\/wp\/v2\/types\/product"}],"wp:featuredmedia":[{"embeddable":true,"href":"https:\/\/dev6.erresse-shop.it\/fr\/wp-json\/wp\/v2\/media\/6310435"}],"wp:attachment":[{"href":"https:\/\/dev6.erresse-shop.it\/fr\/wp-json\/wp\/v2\/media?parent=59122"}],"wp:term":[{"taxonomy":"product_cat","embeddable":true,"href":"https:\/\/dev6.erresse-shop.it\/fr\/wp-json\/wp\/v2\/product_cat?post=59122"},{"taxonomy":"product_tag","embeddable":true,"href":"https:\/\/dev6.erresse-shop.it\/fr\/wp-json\/wp\/v2\/product_tag?post=59122"}],"curies":[{"name":"wp","href":"https:\/\/api.w.org\/{rel}","templated":true}]}}