{"id":59120,"date":"2026-04-16T19:15:35","date_gmt":"2026-04-16T17:15:35","guid":{"rendered":"https:\/\/dev6.erresse-shop.it\/shop\/non%20class\u00e9\/berkel-trancheuse-domestique-red-line-250-rouge\/"},"modified":"2025-09-14T04:21:39","modified_gmt":"2025-09-14T02:21:39","slug":"berkel-trancheuse-domestique-red-line-250-rouge","status":"publish","type":"product","link":"https:\/\/dev6.erresse-shop.it\/fr\/shop\/petits-electromenagers\/trancheuses\/berkel-trancheuse-domestique-red-line-250-rouge\/","title":{"rendered":"BERKEL Trancheuse Domestique Red Line 250 Rouge"},"content":{"rendered":"<p>Vid\u00e9o : Red Line 250<\/p>\n<p>LA TRADITION RENCONTRE L\u2019INNOVATION<br \/>\nLa trancheuse \u00e9lectrique avec le professionnalisme et la qualit\u00e9 Berkel, maintenant avec un design innovant. Des dimensions compactes, une facilit\u00e9 d\u2019utilisation et des solutions techniques avanc\u00e9es garantissent une coupe parfaite, chaque jour.<\/p>\n<p>CARACT\u00c9RISTIQUES<\/p>\n<p>\u00c9paisseur minimale de la derni\u00e8re tranche pour minimiser le gaspillage de produit<br \/>\nBouton d\u2019ouverture de la lame avec 14 r\u00e9glages millim\u00e9triques progressifs pour un ajustement parfait<br \/>\nPlan inclin\u00e9 qui exploite la gravit\u00e9 pour une coupe plus pr\u00e9cise et sans effort.<br \/>\nLame en acier chrom\u00e9 avec profil professionnel : r\u00e9duit les d\u00e9chets et assure des tranches r\u00e9guli\u00e8res.<br \/>\nMoteur professionnel de 0,25 cv (0,42 cv dans la version 300) pour une excellente performance de coupe<br \/>\nProtection en acier pour faciliter la lib\u00e9ration de la tranche<br \/>\nStructure du bo\u00eetier en alliage d\u2019aluminium sp\u00e9cial et pieds caoutchout\u00e9s pour une stabilit\u00e9 maximale pendant l\u2019utilisation.<br \/>\nPanneau de commande IP65 enti\u00e8rement \u00e9tanche<br \/>\nAff\u00fbteur int\u00e9gr\u00e9 avec syst\u00e8me d\u2019aff\u00fbtage \u00e0 mouvement s\u00e9par\u00e9 pour une pr\u00e9cision maximale<\/p>\n<p>PROPRET\u00c9 ET HYGI\u00c8NE<\/p>\n<p>Bo\u00eetier en fonte d\u2019une seule pi\u00e8ce, sans interstice<br \/>\nProt\u00e8ge-lame en aluminium de qualit\u00e9 alimentaire avec retrait rapide pour un nettoyage facile de la lame.<br \/>\nPlaque professionnelle avec syst\u00e8me de lib\u00e9ration rapide pour un nettoyage rapide de la carrosserie<br \/>\nEspace suffisant pour le nettoyage<\/p>\n<p>S\u00c9CURIT\u00c9<\/p>\n<p>Panneau de commande professionnel avec interrupteurs ON\/OFF \u00e9clair\u00e9s par LED \u00e0 haute visibilit\u00e9<br \/>\nAnneau de protection de la lame en aluminium de qualit\u00e9 alimentaire pour plus de s\u00e9curit\u00e9<br \/>\nCommandes ergonomiques dans une position facile pour minimiser l\u2019effort de l\u2019op\u00e9rateur<br \/>\nFermeture totale de la voile pour une s\u00e9curit\u00e9 maximale pendant les op\u00e9rations de nettoyage et pr\u00e9sence d\u2019un verrou CE pour emp\u00eacher l\u2019ouverture une fois la plaque retir\u00e9e.<br \/>\nPoussoir en aluminium avec pointes en acier et syst\u00e8me de verrouillage pour \u00e9viter tout d\u00e9clenchement accidentel.<br \/>\nArr\u00eat automatique de la machine en cas de panne de courant<\/p>\n<p>CARACT\u00c9RISTIQUES TECHNIQUES<br \/>\nPoids : 22 kg<br \/>\nHauteur : 42 cm<br \/>\nProfondeur : 51,5 cm<br \/>\nLargeur : 50,5 cm<br \/>\nDiam\u00e8tre de la lame : 25 cm<br \/>\nFiche : C\u00e2ble fourni avec une fiche UE<br \/>\nSp\u00e9cifications \u00e9lectriques : 230 V 50 Hz<br \/>\nPuissance du moteur : 0,19 kW<br \/>\n\u00c9paisseur de coupe : 0 \u2013 14 mm<br \/>\nCapacit\u00e9 de coupe (circulaire) : 178 mm<br \/>\nCapacit\u00e9 de coupe (rectangulaire) : 185X175 mm<br \/>\nD\u00e9tails : Inclinaison de la lame de 20\u00b0<br \/>\nPi\u00e8ces amovibles : Disque de protection de la lame, plaque de support de la lame, d\u00e9flecteur du volet.<br \/>\nAiguisoir : inclus, avec deux mouvements<br \/>\nExtracteur de lames : Grands espaces de nettoyage : non n\u00e9cessaire<\/p>\n","protected":false},"excerpt":{"rendered":"<p>Vid\u00e9o : Red Line 250 LA TRADITION RENCONTRE L\u2019INNOVATION La trancheuse \u00e9lectrique avec le professionnalisme et la qualit\u00e9 Berkel, maintenant avec un design innovant. Des dimensions compactes, une facilit\u00e9 d\u2019utilisation et des solutions techniques avanc\u00e9es garantissent une coupe parfaite, chaque jour. CARACT\u00c9RISTIQUES \u00c9paisseur minimale de la derni\u00e8re tranche pour minimiser le gaspillage de produit Bouton [&hellip;]<\/p>\n","protected":false},"featured_media":6490985,"template":"","meta":{"_acf_changed":false},"product_cat":[11749,12055,12073],"product_tag":[],"class_list":{"0":"post-59120","1":"product","2":"type-product","3":"status-publish","4":"has-post-thumbnail","6":"product_cat-affettatrici","7":"product_cat-petits-electromenagers","8":"product_cat-trancheuses","10":"first","11":"instock","12":"sale","13":"taxable","14":"shipping-taxable","15":"purchasable","16":"product-type-simple","swatches":"rey-swatches","show_selected":"","stretch_labels":"rey-swatches--stretch-labels"},"acf":[],"yoast_head":"<!-- This site is optimized with the Yoast SEO plugin v25.4 - https:\/\/yoast.com\/wordpress\/plugins\/seo\/ -->\n<title>BERKEL Trancheuse Domestique Red Line 250 Rouge - dev6 Erresse<\/title>\n<meta name=\"description\" content=\"Vid\u00e9o : Red Line 250 LA TRADITION RENCONTRE L\u2019INNOVATION La trancheuse \u00e9lectrique avec le professionnalisme et la qualit\u00e9 Berkel, maintenant avec un\" \/>\n<meta name=\"robots\" content=\"noindex, follow, max-snippet:-1, max-image-preview:large, max-video-preview:-1\" \/>\n<meta property=\"og:locale\" content=\"fr_FR\" \/>\n<meta property=\"og:type\" content=\"article\" \/>\n<meta property=\"og:title\" content=\"BERKEL Trancheuse Domestique Red Line 250 Rouge - dev6 Erresse\" \/>\n<meta property=\"og:description\" content=\"Vid\u00e9o : Red Line 250 LA TRADITION RENCONTRE L\u2019INNOVATION La trancheuse \u00e9lectrique avec le professionnalisme et la qualit\u00e9 Berkel, maintenant avec un\" \/>\n<meta property=\"og:url\" content=\"https:\/\/dev6.erresse-shop.it\/fr\/shop\/petits-electromenagers\/trancheuses\/berkel-trancheuse-domestique-red-line-250-rouge\/\" \/>\n<meta property=\"og:site_name\" content=\"dev6 Erresse\" \/>\n<meta property=\"og:image\" content=\"https:\/\/interpim.erresse-shop.it\/Import\/Prodotti\/berkel-affettatrice-domestica-red-line-250-rosso-1.jpg\" \/><meta property=\"og:image\" content=\"https:\/\/interpim.erresse-shop.it\/Import\/Prodotti\/berkel-affettatrice-domestica-red-line-250-rosso-1.jpg\" \/>\n\t<meta property=\"og:image:width\" content=\"1024\" \/>\n\t<meta property=\"og:image:height\" content=\"1024\" \/>\n\t<meta property=\"og:image:type\" content=\"image\/jpeg\" \/>\n<meta name=\"twitter:card\" content=\"summary_large_image\" \/>\n<meta name=\"twitter:image\" content=\"https:\/\/interpim.erresse-shop.it\/Import\/Prodotti\/berkel-affettatrice-domestica-red-line-250-rosso-1.jpg\" \/>\n<script type=\"application\/ld+json\" class=\"yoast-schema-graph\">{\"@context\":\"https:\/\/schema.org\",\"@graph\":[{\"@type\":\"WebPage\",\"@id\":\"https:\/\/dev6.erresse-shop.it\/fr\/shop\/petits-electromenagers\/trancheuses\/berkel-trancheuse-domestique-red-line-250-rouge\/\",\"url\":\"https:\/\/dev6.erresse-shop.it\/fr\/shop\/petits-electromenagers\/trancheuses\/berkel-trancheuse-domestique-red-line-250-rouge\/\",\"name\":\"BERKEL Trancheuse Domestique Red Line 250 Rouge - dev6 Erresse\",\"isPartOf\":{\"@id\":\"https:\/\/dev6.erresse-shop.it\/#website\"},\"primaryImageOfPage\":{\"@id\":\"https:\/\/dev6.erresse-shop.it\/fr\/shop\/petits-electromenagers\/trancheuses\/berkel-trancheuse-domestique-red-line-250-rouge\/#primaryimage\"},\"image\":{\"@id\":\"https:\/\/dev6.erresse-shop.it\/fr\/shop\/petits-electromenagers\/trancheuses\/berkel-trancheuse-domestique-red-line-250-rouge\/#primaryimage\"},\"thumbnailUrl\":\"https:\/\/i3.wp.com\/interpim.erresse-shop.it\/Import\/Prodotti\/berkel-affettatrice-domestica-red-line-250-rosso-1.jpg?ssl=1\",\"datePublished\":\"2026-04-16T17:15:35+00:00\",\"description\":\"Vid\u00e9o : Red Line 250 LA TRADITION RENCONTRE L\u2019INNOVATION La trancheuse \u00e9lectrique avec le professionnalisme et la qualit\u00e9 Berkel, maintenant avec un\",\"breadcrumb\":{\"@id\":\"https:\/\/dev6.erresse-shop.it\/fr\/shop\/petits-electromenagers\/trancheuses\/berkel-trancheuse-domestique-red-line-250-rouge\/#breadcrumb\"},\"inLanguage\":\"fr-FR\",\"potentialAction\":[{\"@type\":\"ReadAction\",\"target\":[\"https:\/\/dev6.erresse-shop.it\/fr\/shop\/petits-electromenagers\/trancheuses\/berkel-trancheuse-domestique-red-line-250-rouge\/\"]}]},{\"@type\":\"ImageObject\",\"inLanguage\":\"fr-FR\",\"@id\":\"https:\/\/dev6.erresse-shop.it\/fr\/shop\/petits-electromenagers\/trancheuses\/berkel-trancheuse-domestique-red-line-250-rouge\/#primaryimage\",\"url\":\"https:\/\/i3.wp.com\/interpim.erresse-shop.it\/Import\/Prodotti\/berkel-affettatrice-domestica-red-line-250-rosso-1.jpg?ssl=1\",\"contentUrl\":\"https:\/\/i3.wp.com\/interpim.erresse-shop.it\/Import\/Prodotti\/berkel-affettatrice-domestica-red-line-250-rosso-1.jpg?ssl=1\"},{\"@type\":\"BreadcrumbList\",\"@id\":\"https:\/\/dev6.erresse-shop.it\/fr\/shop\/petits-electromenagers\/trancheuses\/berkel-trancheuse-domestique-red-line-250-rouge\/#breadcrumb\",\"itemListElement\":[{\"@type\":\"ListItem\",\"position\":1,\"name\":\"Home\",\"item\":\"https:\/\/dev6.erresse-shop.it\/\"},{\"@type\":\"ListItem\",\"position\":2,\"name\":\"Boutique\",\"item\":\"https:\/\/dev6.erresse-shop.it\/shop\/\"},{\"@type\":\"ListItem\",\"position\":3,\"name\":\"BERKEL Trancheuse Domestique Red Line 250 Rouge\"}]},{\"@type\":\"WebSite\",\"@id\":\"https:\/\/dev6.erresse-shop.it\/#website\",\"url\":\"https:\/\/dev6.erresse-shop.it\/\",\"name\":\"Erresse Shop\",\"description\":\"\",\"publisher\":{\"@id\":\"https:\/\/dev6.erresse-shop.it\/#organization\"},\"potentialAction\":[{\"@type\":\"SearchAction\",\"target\":{\"@type\":\"EntryPoint\",\"urlTemplate\":\"https:\/\/dev6.erresse-shop.it\/?s={search_term_string}\"},\"query-input\":{\"@type\":\"PropertyValueSpecification\",\"valueRequired\":true,\"valueName\":\"search_term_string\"}}],\"inLanguage\":\"fr-FR\"},{\"@type\":\"Organization\",\"@id\":\"https:\/\/dev6.erresse-shop.it\/#organization\",\"name\":\"Erresse Shop\",\"url\":\"https:\/\/dev6.erresse-shop.it\/\",\"logo\":{\"@type\":\"ImageObject\",\"inLanguage\":\"fr-FR\",\"@id\":\"https:\/\/dev6.erresse-shop.it\/#\/schema\/logo\/image\/\",\"url\":\"https:\/\/dev6.erresse-shop.it\/wp-content\/uploads\/2025\/01\/LOGO-ERRESSE-CLASSICO.svg\",\"contentUrl\":\"https:\/\/dev6.erresse-shop.it\/wp-content\/uploads\/2025\/01\/LOGO-ERRESSE-CLASSICO.svg\",\"caption\":\"Erresse Shop\"},\"image\":{\"@id\":\"https:\/\/dev6.erresse-shop.it\/#\/schema\/logo\/image\/\"}}]}<\/script>\n<!-- \/ Yoast SEO plugin. -->","yoast_head_json":{"title":"BERKEL Trancheuse Domestique Red Line 250 Rouge - dev6 Erresse","description":"Vid\u00e9o : Red Line 250 LA TRADITION RENCONTRE L\u2019INNOVATION La trancheuse \u00e9lectrique avec le professionnalisme et la qualit\u00e9 Berkel, maintenant avec un","robots":{"index":"noindex","follow":"follow","max-snippet":"max-snippet:-1","max-image-preview":"max-image-preview:large","max-video-preview":"max-video-preview:-1"},"og_locale":"fr_FR","og_type":"article","og_title":"BERKEL Trancheuse Domestique Red Line 250 Rouge - dev6 Erresse","og_description":"Vid\u00e9o : Red Line 250 LA TRADITION RENCONTRE L\u2019INNOVATION La trancheuse \u00e9lectrique avec le professionnalisme et la qualit\u00e9 Berkel, maintenant avec un","og_url":"https:\/\/dev6.erresse-shop.it\/fr\/shop\/petits-electromenagers\/trancheuses\/berkel-trancheuse-domestique-red-line-250-rouge\/","og_site_name":"dev6 Erresse","og_image":[{"url":"https:\/\/interpim.erresse-shop.it\/Import\/Prodotti\/berkel-affettatrice-domestica-red-line-250-rosso-1.jpg","type":"","width":"","height":""},{"url":"https:\/\/interpim.erresse-shop.it\/Import\/Prodotti\/berkel-affettatrice-domestica-red-line-250-rosso-1.jpg","width":1024,"height":1024,"type":"image\/jpeg"}],"twitter_card":"summary_large_image","twitter_image":"https:\/\/interpim.erresse-shop.it\/Import\/Prodotti\/berkel-affettatrice-domestica-red-line-250-rosso-1.jpg","schema":{"@context":"https:\/\/schema.org","@graph":[{"@type":"WebPage","@id":"https:\/\/dev6.erresse-shop.it\/fr\/shop\/petits-electromenagers\/trancheuses\/berkel-trancheuse-domestique-red-line-250-rouge\/","url":"https:\/\/dev6.erresse-shop.it\/fr\/shop\/petits-electromenagers\/trancheuses\/berkel-trancheuse-domestique-red-line-250-rouge\/","name":"BERKEL Trancheuse Domestique Red Line 250 Rouge - dev6 Erresse","isPartOf":{"@id":"https:\/\/dev6.erresse-shop.it\/#website"},"primaryImageOfPage":{"@id":"https:\/\/dev6.erresse-shop.it\/fr\/shop\/petits-electromenagers\/trancheuses\/berkel-trancheuse-domestique-red-line-250-rouge\/#primaryimage"},"image":{"@id":"https:\/\/dev6.erresse-shop.it\/fr\/shop\/petits-electromenagers\/trancheuses\/berkel-trancheuse-domestique-red-line-250-rouge\/#primaryimage"},"thumbnailUrl":"https:\/\/i3.wp.com\/interpim.erresse-shop.it\/Import\/Prodotti\/berkel-affettatrice-domestica-red-line-250-rosso-1.jpg?ssl=1","datePublished":"2026-04-16T17:15:35+00:00","description":"Vid\u00e9o : Red Line 250 LA TRADITION RENCONTRE L\u2019INNOVATION La trancheuse \u00e9lectrique avec le professionnalisme et la qualit\u00e9 Berkel, maintenant avec un","breadcrumb":{"@id":"https:\/\/dev6.erresse-shop.it\/fr\/shop\/petits-electromenagers\/trancheuses\/berkel-trancheuse-domestique-red-line-250-rouge\/#breadcrumb"},"inLanguage":"fr-FR","potentialAction":[{"@type":"ReadAction","target":["https:\/\/dev6.erresse-shop.it\/fr\/shop\/petits-electromenagers\/trancheuses\/berkel-trancheuse-domestique-red-line-250-rouge\/"]}]},{"@type":"ImageObject","inLanguage":"fr-FR","@id":"https:\/\/dev6.erresse-shop.it\/fr\/shop\/petits-electromenagers\/trancheuses\/berkel-trancheuse-domestique-red-line-250-rouge\/#primaryimage","url":"https:\/\/i3.wp.com\/interpim.erresse-shop.it\/Import\/Prodotti\/berkel-affettatrice-domestica-red-line-250-rosso-1.jpg?ssl=1","contentUrl":"https:\/\/i3.wp.com\/interpim.erresse-shop.it\/Import\/Prodotti\/berkel-affettatrice-domestica-red-line-250-rosso-1.jpg?ssl=1"},{"@type":"BreadcrumbList","@id":"https:\/\/dev6.erresse-shop.it\/fr\/shop\/petits-electromenagers\/trancheuses\/berkel-trancheuse-domestique-red-line-250-rouge\/#breadcrumb","itemListElement":[{"@type":"ListItem","position":1,"name":"Home","item":"https:\/\/dev6.erresse-shop.it\/"},{"@type":"ListItem","position":2,"name":"Boutique","item":"https:\/\/dev6.erresse-shop.it\/shop\/"},{"@type":"ListItem","position":3,"name":"BERKEL Trancheuse Domestique Red Line 250 Rouge"}]},{"@type":"WebSite","@id":"https:\/\/dev6.erresse-shop.it\/#website","url":"https:\/\/dev6.erresse-shop.it\/","name":"Erresse Shop","description":"","publisher":{"@id":"https:\/\/dev6.erresse-shop.it\/#organization"},"potentialAction":[{"@type":"SearchAction","target":{"@type":"EntryPoint","urlTemplate":"https:\/\/dev6.erresse-shop.it\/?s={search_term_string}"},"query-input":{"@type":"PropertyValueSpecification","valueRequired":true,"valueName":"search_term_string"}}],"inLanguage":"fr-FR"},{"@type":"Organization","@id":"https:\/\/dev6.erresse-shop.it\/#organization","name":"Erresse Shop","url":"https:\/\/dev6.erresse-shop.it\/","logo":{"@type":"ImageObject","inLanguage":"fr-FR","@id":"https:\/\/dev6.erresse-shop.it\/#\/schema\/logo\/image\/","url":"https:\/\/dev6.erresse-shop.it\/wp-content\/uploads\/2025\/01\/LOGO-ERRESSE-CLASSICO.svg","contentUrl":"https:\/\/dev6.erresse-shop.it\/wp-content\/uploads\/2025\/01\/LOGO-ERRESSE-CLASSICO.svg","caption":"Erresse Shop"},"image":{"@id":"https:\/\/dev6.erresse-shop.it\/#\/schema\/logo\/image\/"}}]}},"df_price":899,"df_sale_price":899,"df_regular_price":1079,"df_image_link":"https:\/\/i3.wp.com\/interpim.erresse-shop.it\/Import\/Prodotti\/berkel-affettatrice-domestica-red-line-250-rosso-1.jpg?resize=300,300&ssl=1","fifu_image_url":"https:\/\/interpim.erresse-shop.it\/Import\/Prodotti\/berkel-affettatrice-domestica-red-line-250-rosso-1.jpg","_links":{"self":[{"href":"https:\/\/dev6.erresse-shop.it\/fr\/wp-json\/wp\/v2\/product\/59120","targetHints":{"allow":["GET"]}}],"collection":[{"href":"https:\/\/dev6.erresse-shop.it\/fr\/wp-json\/wp\/v2\/product"}],"about":[{"href":"https:\/\/dev6.erresse-shop.it\/fr\/wp-json\/wp\/v2\/types\/product"}],"wp:featuredmedia":[{"embeddable":true,"href":"https:\/\/dev6.erresse-shop.it\/fr\/wp-json\/wp\/v2\/media\/6490985"}],"wp:attachment":[{"href":"https:\/\/dev6.erresse-shop.it\/fr\/wp-json\/wp\/v2\/media?parent=59120"}],"wp:term":[{"taxonomy":"product_cat","embeddable":true,"href":"https:\/\/dev6.erresse-shop.it\/fr\/wp-json\/wp\/v2\/product_cat?post=59120"},{"taxonomy":"product_tag","embeddable":true,"href":"https:\/\/dev6.erresse-shop.it\/fr\/wp-json\/wp\/v2\/product_tag?post=59120"}],"curies":[{"name":"wp","href":"https:\/\/api.w.org\/{rel}","templated":true}]}}