{"id":59084,"date":"2026-04-12T12:55:17","date_gmt":"2026-04-12T10:55:17","guid":{"rendered":"https:\/\/dev6.erresse-shop.it\/shop\/non%20class\u00e9\/wmf-function-4-ensemble-de-5-pieces\/"},"modified":"2025-09-14T06:29:45","modified_gmt":"2025-09-14T04:29:45","slug":"wmf-function-4-ensemble-de-5-pieces","status":"publish","type":"product","link":"https:\/\/dev6.erresse-shop.it\/fr\/shop\/poeles-pots\/casseroles\/wmf-function-4-ensemble-de-5-pieces\/","title":{"rendered":"WMF Function 4 Ensemble de 5 pi\u00e8ces"},"content":{"rendered":"<p>Pour des repas exceptionnels et pleins de saveur, la batterie de cuisine Function 4 de WMF est toujours \u00e0 la hauteur. Les d\u00e9licieux bouillons, soupes et rago\u00fbts, ainsi que les pommes de terre et les gros l\u00e9gumes tels que le chou-fleur, ont toute la place n\u00e9cessaire pour bouillir, cuire et blanchir. Cette batterie de cuisine exceptionnelle en acier inoxydable comprend une casserole et des faitouts de trois tailles diff\u00e9rentes, id\u00e9aux pour toutes les occasions, des petits repas du soir aux occasions festives. Le design sp\u00e9cial, avec bec verseur, s\u2019associe au couvercle polyvalent \u2013 avec diff\u00e9rentes positions pour les recettes \u00e0 faible teneur en eau, pour verser compl\u00e8tement ou pour \u00e9goutter les p\u00e2tes et le riz \u2013 pour offrir le format id\u00e9al et une grande vari\u00e9t\u00e9 de repas familiaux, y compris les r\u00f4tis, les p\u00e2tes bolognaises cuites lentement et bien d\u2019autres choses encore. Nos ustensiles de cuisine haut de gamme b\u00e9n\u00e9ficient d\u2019une durabilit\u00e9 exceptionnelle, gr\u00e2ce \u00e0 leur fabrication experte en acier inoxydable 18\/10 Cromargan\u00ae de haute qualit\u00e9, garantissant une saveur optimale et une esth\u00e9tique \u00e9l\u00e9gante qui ne manquera pas d\u2019impressionner.<\/p>\n<p>Conception multifonctionnelle pour une cuisine pratique<br \/>\n1 couvercle, 4 positions pour 4 fonctions : ferm\u00e9 pour cuisiner avec peu d\u2019eau, ouvert pour \u00e9goutter compl\u00e8tement les liquides, grand trou pour \u00e9goutter les p\u00e2tes et petit trou pour \u00e9goutter le riz.<br \/>\nPoign\u00e9es \u00e0 transfert de chaleur r\u00e9duit<br \/>\nLe design creux r\u00e9duit le transfert de chaleur de la casserole \u00e0 la poign\u00e9e, laissant cette derni\u00e8re plus froide au toucher.** **Non applicable en cas d\u2019utilisation au four.<br \/>\n\u00c9chelle gradu\u00e9e interne<br \/>\nUne \u00e9chelle gradu\u00e9e interne permet de mesurer les liquides facilement et avec pr\u00e9cision.<br \/>\nBord verseur<br \/>\nLe large bord verseur permet de verser plus facilement et sans gouttes, pour un service sans effort et une cuisine toujours impeccable.<br \/>\nFond universel TransThern<br \/>\nLe fond universel TransTherm\u00ae permet d\u2019\u00e9conomiser de l\u2019\u00e9nergie pendant la cuisson gr\u00e2ce \u00e0 une distribution et une conservation optimales de la chaleur.<br \/>\nCompatible avec toutes les plaques de cuisson, y compris l\u2019induction.<br \/>\nCromargan\u00ae<br \/>\nFabriqu\u00e9 en acier inoxydable 18\/10 robuste et \u00e9l\u00e9gant Cromargan\u00ae, pour un produit exceptionnellement durable, hygi\u00e9nique et lavable au lave-vaisselle.<br \/>\nExtr\u00eamement durable<br \/>\nLa qualit\u00e9 extra-forte, le mat\u00e9riau \u00e9pais et la fabrication robuste et m\u00e9ticuleuse garantissent le maintien de la forme au fil du temps.<\/p>\n<p>L\u2019ensemble se compose de :<\/p>\n<p>Sauteuse \u2300 20 cm<br \/>\nFaitout \u2300 16\/20\/24 cm<br \/>\nCasserole \u2300 16 cm<\/p>\n","protected":false},"excerpt":{"rendered":"<p>Pour des repas exceptionnels et pleins de saveur, la batterie de cuisine Function 4 de WMF est toujours \u00e0 la hauteur. Les d\u00e9licieux bouillons, soupes et rago\u00fbts, ainsi que les pommes de terre et les gros l\u00e9gumes tels que le chou-fleur, ont toute la place n\u00e9cessaire pour bouillir, cuire et blanchir. Cette batterie de cuisine [&hellip;]<\/p>\n","protected":false},"featured_media":6374908,"template":"","meta":{"_acf_changed":false},"product_cat":[12001,11991],"product_tag":[],"class_list":{"0":"post-59084","1":"product","2":"type-product","3":"status-publish","4":"has-post-thumbnail","6":"product_cat-casseroles","7":"product_cat-poeles-pots","9":"first","10":"outofstock","11":"sale","12":"taxable","13":"shipping-taxable","14":"purchasable","15":"product-type-simple","swatches":"rey-swatches","show_selected":"","stretch_labels":"rey-swatches--stretch-labels"},"acf":[],"yoast_head":"<!-- This site is optimized with the Yoast SEO plugin v25.4 - https:\/\/yoast.com\/wordpress\/plugins\/seo\/ -->\n<title>WMF Function 4 Ensemble de 5 pi\u00e8ces - dev6 Erresse<\/title>\n<meta name=\"description\" content=\"Pour des repas exceptionnels et pleins de saveur, la batterie de cuisine Function 4 de WMF est toujours \u00e0 la hauteur. Les d\u00e9licieux bouillons, soupes et\" \/>\n<meta name=\"robots\" content=\"noindex, follow, max-snippet:-1, max-image-preview:large, max-video-preview:-1\" \/>\n<meta property=\"og:locale\" content=\"fr_FR\" \/>\n<meta property=\"og:type\" content=\"article\" \/>\n<meta property=\"og:title\" content=\"WMF Function 4 Ensemble de 5 pi\u00e8ces - dev6 Erresse\" \/>\n<meta property=\"og:description\" content=\"Pour des repas exceptionnels et pleins de saveur, la batterie de cuisine Function 4 de WMF est toujours \u00e0 la hauteur. Les d\u00e9licieux bouillons, soupes et\" \/>\n<meta property=\"og:url\" content=\"https:\/\/dev6.erresse-shop.it\/fr\/shop\/poeles-pots\/casseroles\/wmf-function-4-ensemble-de-5-pieces\/\" \/>\n<meta property=\"og:site_name\" content=\"dev6 Erresse\" \/>\n<meta property=\"og:image\" content=\"https:\/\/interpim.erresse-shop.it\/img-catalogo\/wmf\/wmf-function-4-set-5-pezzi.jpg\" \/><meta property=\"og:image\" content=\"https:\/\/interpim.erresse-shop.it\/img-catalogo\/wmf\/wmf-function-4-set-5-pezzi.jpg\" \/>\n\t<meta property=\"og:image:width\" content=\"1024\" \/>\n\t<meta property=\"og:image:height\" content=\"1024\" \/>\n\t<meta property=\"og:image:type\" content=\"image\/jpeg\" \/>\n<meta name=\"twitter:card\" content=\"summary_large_image\" \/>\n<meta name=\"twitter:image\" content=\"https:\/\/interpim.erresse-shop.it\/img-catalogo\/wmf\/wmf-function-4-set-5-pezzi.jpg\" \/>\n<script type=\"application\/ld+json\" class=\"yoast-schema-graph\">{\"@context\":\"https:\/\/schema.org\",\"@graph\":[{\"@type\":\"WebPage\",\"@id\":\"https:\/\/dev6.erresse-shop.it\/fr\/shop\/poeles-pots\/casseroles\/wmf-function-4-ensemble-de-5-pieces\/\",\"url\":\"https:\/\/dev6.erresse-shop.it\/fr\/shop\/poeles-pots\/casseroles\/wmf-function-4-ensemble-de-5-pieces\/\",\"name\":\"WMF Function 4 Ensemble de 5 pi\u00e8ces - dev6 Erresse\",\"isPartOf\":{\"@id\":\"https:\/\/dev6.erresse-shop.it\/#website\"},\"primaryImageOfPage\":{\"@id\":\"https:\/\/dev6.erresse-shop.it\/fr\/shop\/poeles-pots\/casseroles\/wmf-function-4-ensemble-de-5-pieces\/#primaryimage\"},\"image\":{\"@id\":\"https:\/\/dev6.erresse-shop.it\/fr\/shop\/poeles-pots\/casseroles\/wmf-function-4-ensemble-de-5-pieces\/#primaryimage\"},\"thumbnailUrl\":\"https:\/\/i2.wp.com\/interpim.erresse-shop.it\/img-catalogo\/wmf\/wmf-function-4-set-5-pezzi.jpg?ssl=1\",\"datePublished\":\"2026-04-12T10:55:17+00:00\",\"description\":\"Pour des repas exceptionnels et pleins de saveur, la batterie de cuisine Function 4 de WMF est toujours \u00e0 la hauteur. Les d\u00e9licieux bouillons, soupes et\",\"breadcrumb\":{\"@id\":\"https:\/\/dev6.erresse-shop.it\/fr\/shop\/poeles-pots\/casseroles\/wmf-function-4-ensemble-de-5-pieces\/#breadcrumb\"},\"inLanguage\":\"fr-FR\",\"potentialAction\":[{\"@type\":\"ReadAction\",\"target\":[\"https:\/\/dev6.erresse-shop.it\/fr\/shop\/poeles-pots\/casseroles\/wmf-function-4-ensemble-de-5-pieces\/\"]}]},{\"@type\":\"ImageObject\",\"inLanguage\":\"fr-FR\",\"@id\":\"https:\/\/dev6.erresse-shop.it\/fr\/shop\/poeles-pots\/casseroles\/wmf-function-4-ensemble-de-5-pieces\/#primaryimage\",\"url\":\"https:\/\/i2.wp.com\/interpim.erresse-shop.it\/img-catalogo\/wmf\/wmf-function-4-set-5-pezzi.jpg?ssl=1\",\"contentUrl\":\"https:\/\/i2.wp.com\/interpim.erresse-shop.it\/img-catalogo\/wmf\/wmf-function-4-set-5-pezzi.jpg?ssl=1\"},{\"@type\":\"BreadcrumbList\",\"@id\":\"https:\/\/dev6.erresse-shop.it\/fr\/shop\/poeles-pots\/casseroles\/wmf-function-4-ensemble-de-5-pieces\/#breadcrumb\",\"itemListElement\":[{\"@type\":\"ListItem\",\"position\":1,\"name\":\"Home\",\"item\":\"https:\/\/dev6.erresse-shop.it\/\"},{\"@type\":\"ListItem\",\"position\":2,\"name\":\"Boutique\",\"item\":\"https:\/\/dev6.erresse-shop.it\/shop\/\"},{\"@type\":\"ListItem\",\"position\":3,\"name\":\"WMF Function 4 Ensemble de 5 pi\u00e8ces\"}]},{\"@type\":\"WebSite\",\"@id\":\"https:\/\/dev6.erresse-shop.it\/#website\",\"url\":\"https:\/\/dev6.erresse-shop.it\/\",\"name\":\"Erresse Shop\",\"description\":\"\",\"publisher\":{\"@id\":\"https:\/\/dev6.erresse-shop.it\/#organization\"},\"potentialAction\":[{\"@type\":\"SearchAction\",\"target\":{\"@type\":\"EntryPoint\",\"urlTemplate\":\"https:\/\/dev6.erresse-shop.it\/?s={search_term_string}\"},\"query-input\":{\"@type\":\"PropertyValueSpecification\",\"valueRequired\":true,\"valueName\":\"search_term_string\"}}],\"inLanguage\":\"fr-FR\"},{\"@type\":\"Organization\",\"@id\":\"https:\/\/dev6.erresse-shop.it\/#organization\",\"name\":\"Erresse Shop\",\"url\":\"https:\/\/dev6.erresse-shop.it\/\",\"logo\":{\"@type\":\"ImageObject\",\"inLanguage\":\"fr-FR\",\"@id\":\"https:\/\/dev6.erresse-shop.it\/#\/schema\/logo\/image\/\",\"url\":\"https:\/\/dev6.erresse-shop.it\/wp-content\/uploads\/2025\/01\/LOGO-ERRESSE-CLASSICO.svg\",\"contentUrl\":\"https:\/\/dev6.erresse-shop.it\/wp-content\/uploads\/2025\/01\/LOGO-ERRESSE-CLASSICO.svg\",\"caption\":\"Erresse Shop\"},\"image\":{\"@id\":\"https:\/\/dev6.erresse-shop.it\/#\/schema\/logo\/image\/\"}}]}<\/script>\n<!-- \/ Yoast SEO plugin. -->","yoast_head_json":{"title":"WMF Function 4 Ensemble de 5 pi\u00e8ces - dev6 Erresse","description":"Pour des repas exceptionnels et pleins de saveur, la batterie de cuisine Function 4 de WMF est toujours \u00e0 la hauteur. Les d\u00e9licieux bouillons, soupes et","robots":{"index":"noindex","follow":"follow","max-snippet":"max-snippet:-1","max-image-preview":"max-image-preview:large","max-video-preview":"max-video-preview:-1"},"og_locale":"fr_FR","og_type":"article","og_title":"WMF Function 4 Ensemble de 5 pi\u00e8ces - dev6 Erresse","og_description":"Pour des repas exceptionnels et pleins de saveur, la batterie de cuisine Function 4 de WMF est toujours \u00e0 la hauteur. Les d\u00e9licieux bouillons, soupes et","og_url":"https:\/\/dev6.erresse-shop.it\/fr\/shop\/poeles-pots\/casseroles\/wmf-function-4-ensemble-de-5-pieces\/","og_site_name":"dev6 Erresse","og_image":[{"url":"https:\/\/interpim.erresse-shop.it\/img-catalogo\/wmf\/wmf-function-4-set-5-pezzi.jpg","type":"","width":"","height":""},{"url":"https:\/\/interpim.erresse-shop.it\/img-catalogo\/wmf\/wmf-function-4-set-5-pezzi.jpg","width":1024,"height":1024,"type":"image\/jpeg"}],"twitter_card":"summary_large_image","twitter_image":"https:\/\/interpim.erresse-shop.it\/img-catalogo\/wmf\/wmf-function-4-set-5-pezzi.jpg","schema":{"@context":"https:\/\/schema.org","@graph":[{"@type":"WebPage","@id":"https:\/\/dev6.erresse-shop.it\/fr\/shop\/poeles-pots\/casseroles\/wmf-function-4-ensemble-de-5-pieces\/","url":"https:\/\/dev6.erresse-shop.it\/fr\/shop\/poeles-pots\/casseroles\/wmf-function-4-ensemble-de-5-pieces\/","name":"WMF Function 4 Ensemble de 5 pi\u00e8ces - dev6 Erresse","isPartOf":{"@id":"https:\/\/dev6.erresse-shop.it\/#website"},"primaryImageOfPage":{"@id":"https:\/\/dev6.erresse-shop.it\/fr\/shop\/poeles-pots\/casseroles\/wmf-function-4-ensemble-de-5-pieces\/#primaryimage"},"image":{"@id":"https:\/\/dev6.erresse-shop.it\/fr\/shop\/poeles-pots\/casseroles\/wmf-function-4-ensemble-de-5-pieces\/#primaryimage"},"thumbnailUrl":"https:\/\/i2.wp.com\/interpim.erresse-shop.it\/img-catalogo\/wmf\/wmf-function-4-set-5-pezzi.jpg?ssl=1","datePublished":"2026-04-12T10:55:17+00:00","description":"Pour des repas exceptionnels et pleins de saveur, la batterie de cuisine Function 4 de WMF est toujours \u00e0 la hauteur. Les d\u00e9licieux bouillons, soupes et","breadcrumb":{"@id":"https:\/\/dev6.erresse-shop.it\/fr\/shop\/poeles-pots\/casseroles\/wmf-function-4-ensemble-de-5-pieces\/#breadcrumb"},"inLanguage":"fr-FR","potentialAction":[{"@type":"ReadAction","target":["https:\/\/dev6.erresse-shop.it\/fr\/shop\/poeles-pots\/casseroles\/wmf-function-4-ensemble-de-5-pieces\/"]}]},{"@type":"ImageObject","inLanguage":"fr-FR","@id":"https:\/\/dev6.erresse-shop.it\/fr\/shop\/poeles-pots\/casseroles\/wmf-function-4-ensemble-de-5-pieces\/#primaryimage","url":"https:\/\/i2.wp.com\/interpim.erresse-shop.it\/img-catalogo\/wmf\/wmf-function-4-set-5-pezzi.jpg?ssl=1","contentUrl":"https:\/\/i2.wp.com\/interpim.erresse-shop.it\/img-catalogo\/wmf\/wmf-function-4-set-5-pezzi.jpg?ssl=1"},{"@type":"BreadcrumbList","@id":"https:\/\/dev6.erresse-shop.it\/fr\/shop\/poeles-pots\/casseroles\/wmf-function-4-ensemble-de-5-pieces\/#breadcrumb","itemListElement":[{"@type":"ListItem","position":1,"name":"Home","item":"https:\/\/dev6.erresse-shop.it\/"},{"@type":"ListItem","position":2,"name":"Boutique","item":"https:\/\/dev6.erresse-shop.it\/shop\/"},{"@type":"ListItem","position":3,"name":"WMF Function 4 Ensemble de 5 pi\u00e8ces"}]},{"@type":"WebSite","@id":"https:\/\/dev6.erresse-shop.it\/#website","url":"https:\/\/dev6.erresse-shop.it\/","name":"Erresse Shop","description":"","publisher":{"@id":"https:\/\/dev6.erresse-shop.it\/#organization"},"potentialAction":[{"@type":"SearchAction","target":{"@type":"EntryPoint","urlTemplate":"https:\/\/dev6.erresse-shop.it\/?s={search_term_string}"},"query-input":{"@type":"PropertyValueSpecification","valueRequired":true,"valueName":"search_term_string"}}],"inLanguage":"fr-FR"},{"@type":"Organization","@id":"https:\/\/dev6.erresse-shop.it\/#organization","name":"Erresse Shop","url":"https:\/\/dev6.erresse-shop.it\/","logo":{"@type":"ImageObject","inLanguage":"fr-FR","@id":"https:\/\/dev6.erresse-shop.it\/#\/schema\/logo\/image\/","url":"https:\/\/dev6.erresse-shop.it\/wp-content\/uploads\/2025\/01\/LOGO-ERRESSE-CLASSICO.svg","contentUrl":"https:\/\/dev6.erresse-shop.it\/wp-content\/uploads\/2025\/01\/LOGO-ERRESSE-CLASSICO.svg","caption":"Erresse Shop"},"image":{"@id":"https:\/\/dev6.erresse-shop.it\/#\/schema\/logo\/image\/"}}]}},"df_price":349,"df_sale_price":349,"df_regular_price":580,"df_image_link":"https:\/\/i2.wp.com\/interpim.erresse-shop.it\/img-catalogo\/wmf\/wmf-function-4-set-5-pezzi.jpg?resize=300,300&ssl=1","fifu_image_url":"https:\/\/interpim.erresse-shop.it\/img-catalogo\/wmf\/wmf-function-4-set-5-pezzi.jpg","_links":{"self":[{"href":"https:\/\/dev6.erresse-shop.it\/fr\/wp-json\/wp\/v2\/product\/59084","targetHints":{"allow":["GET"]}}],"collection":[{"href":"https:\/\/dev6.erresse-shop.it\/fr\/wp-json\/wp\/v2\/product"}],"about":[{"href":"https:\/\/dev6.erresse-shop.it\/fr\/wp-json\/wp\/v2\/types\/product"}],"wp:featuredmedia":[{"embeddable":true,"href":"https:\/\/dev6.erresse-shop.it\/fr\/wp-json\/wp\/v2\/media\/6374908"}],"wp:attachment":[{"href":"https:\/\/dev6.erresse-shop.it\/fr\/wp-json\/wp\/v2\/media?parent=59084"}],"wp:term":[{"taxonomy":"product_cat","embeddable":true,"href":"https:\/\/dev6.erresse-shop.it\/fr\/wp-json\/wp\/v2\/product_cat?post=59084"},{"taxonomy":"product_tag","embeddable":true,"href":"https:\/\/dev6.erresse-shop.it\/fr\/wp-json\/wp\/v2\/product_tag?post=59084"}],"curies":[{"name":"wp","href":"https:\/\/api.w.org\/{rel}","templated":true}]}}