{"id":59078,"date":"2026-04-16T19:14:33","date_gmt":"2026-04-16T17:14:33","guid":{"rendered":"https:\/\/dev6.erresse-shop.it\/shop\/non%20class\u00e9\/sambonet-kikka-batterie-de-cuisine-7-pieces\/"},"modified":"2025-07-04T16:08:54","modified_gmt":"2025-07-04T14:08:54","slug":"sambonet-kikka-batterie-de-cuisine-7-pieces","status":"publish","type":"product","link":"https:\/\/dev6.erresse-shop.it\/fr\/shop\/poeles-pots\/batteries-de-cuisine\/sambonet-kikka-batterie-de-cuisine-7-pieces\/","title":{"rendered":"SAMBONET Kikka Batterie de Cuisine 7 Pi\u00e8ces"},"content":{"rendered":"<p>Des lignes fluides, simples et en m\u00eame temps non conventionnelles. Les casseroles et po\u00eales Kikka ram\u00e8nent le charme de la tradition et de la cuisine familiale dans les cuisines de tous les foyers.<\/p>\n<p>La batterie contient :<\/p>\n<p>Pot haut \u00e0 2 poign\u00e9es 20 cm<br \/>\nCasserole, 1 poign\u00e9e haute cm 16<br \/>\nCocotte profonde 2 poign\u00e9es cm 20<br \/>\nCasserole basse 2 poign\u00e9es cm 24\u00f9<br \/>\nCouvercle cm 16<br \/>\nCouvercle cm 20<br \/>\nCouvercle cm 24<\/p>\n<p>AVANT CHAQUE UTILISATION<br \/>\nLavez soigneusement l\u2019ustensile \u00e0 l\u2019eau chaude savonneuse, rincez et s\u00e9chez.<\/p>\n<p>PR\u00c9CAUTIONS<br \/>\nNe laissez jamais de casseroles vides sur des sources de chaleur. Ne laissez pas la flamme d\u00e9border du fond. D\u00e8s que le contenu arrive \u00e0 \u00e9bullition, r\u00e9duisez l\u2019alimentation en gaz ou en \u00e9lectricit\u00e9 : le fond maintiendra la temp\u00e9rature \u00e0 l\u2019int\u00e9rieur de la marmite.<br \/>\nAttention au sel : n\u2019ajoutez pas de sel lorsqu\u2019il fait froid, car les cristaux de sel provoquent une r\u00e9action \u00e9lectrolytique et chimique qui peut corroder l\u2019acier. Il est pr\u00e9f\u00e9rable d\u2019attendre que l\u2019eau bout.<\/p>\n<p>NETTOYAGE<br \/>\nN\u2019utilisez pas de d\u00e9tergents contenant du chlore, par exemple de l\u2019eau de Javel (hypochlorite de sodium), car ils peuvent attaquer l\u2019acier inoxydable. \u00c9vitez les chocs violents et les changements de temp\u00e9rature. Ne pas refroidir brusquement. Ne pas utiliser pour conserver des aliments contenant de l\u2019acide citrique, ac\u00e9tique ou lactique. N\u2019utilisez que des produits sp\u00e9cialement con\u00e7us pour l\u2019acier inoxydable pour \u00e9liminer les marques iris\u00e9es caus\u00e9es par la surchauffe. Pour \u00e9liminer les taches blanch\u00e2tres dues au calcaire, faire bouillir de l\u2019eau avec du vinaigre, laisser refroidir et laver normalement.<\/p>\n","protected":false},"excerpt":{"rendered":"<p>Des lignes fluides, simples et en m\u00eame temps non conventionnelles. Les casseroles et po\u00eales Kikka ram\u00e8nent le charme de la tradition et de la cuisine familiale dans les cuisines de tous les foyers. La batterie contient : Pot haut \u00e0 2 poign\u00e9es 20 cm Casserole, 1 poign\u00e9e haute cm 16 Cocotte profonde 2 poign\u00e9es cm [&hellip;]<\/p>\n","protected":false},"featured_media":6490789,"template":"","meta":{"_acf_changed":false},"product_cat":[12024,11667,11991],"product_tag":[],"class_list":{"0":"post-59078","1":"product","2":"type-product","3":"status-publish","4":"has-post-thumbnail","6":"product_cat-batteries-de-cuisine","7":"product_cat-padelle-pentole","8":"product_cat-poeles-pots","10":"first","11":"outofstock","12":"taxable","13":"shipping-taxable","14":"product-type-simple","swatches":"rey-swatches","show_selected":"","stretch_labels":"rey-swatches--stretch-labels"},"acf":[],"yoast_head":"<!-- This site is optimized with the Yoast SEO plugin v25.4 - https:\/\/yoast.com\/wordpress\/plugins\/seo\/ -->\n<title>SAMBONET Kikka Batterie de Cuisine 7 Pi\u00e8ces - dev6 Erresse<\/title>\n<meta name=\"description\" content=\"Des lignes fluides, simples et en m\u00eame temps non conventionnelles. Les casseroles et po\u00eales Kikka ram\u00e8nent le charme de la tradition et de la cuisine\" \/>\n<meta name=\"robots\" content=\"noindex, follow, max-snippet:-1, max-image-preview:large, max-video-preview:-1\" \/>\n<meta property=\"og:locale\" content=\"fr_FR\" \/>\n<meta property=\"og:type\" content=\"article\" \/>\n<meta property=\"og:title\" content=\"SAMBONET Kikka Batterie de Cuisine 7 Pi\u00e8ces - dev6 Erresse\" \/>\n<meta property=\"og:description\" content=\"Des lignes fluides, simples et en m\u00eame temps non conventionnelles. Les casseroles et po\u00eales Kikka ram\u00e8nent le charme de la tradition et de la cuisine\" \/>\n<meta property=\"og:url\" content=\"https:\/\/dev6.erresse-shop.it\/fr\/shop\/poeles-pots\/batteries-de-cuisine\/sambonet-kikka-batterie-de-cuisine-7-pieces\/\" \/>\n<meta property=\"og:site_name\" content=\"dev6 Erresse\" \/>\n<meta property=\"og:image\" content=\"https:\/\/interpim.erresse-shop.it\/img-catalogo\/sambonet\/sambonet-batteria-pentole-7-pezzi.jpg\" \/><meta property=\"og:image\" content=\"https:\/\/interpim.erresse-shop.it\/img-catalogo\/sambonet\/sambonet-batteria-pentole-7-pezzi.jpg\" \/>\n\t<meta property=\"og:image:width\" content=\"1024\" \/>\n\t<meta property=\"og:image:height\" content=\"1024\" \/>\n\t<meta property=\"og:image:type\" content=\"image\/jpeg\" \/>\n<meta name=\"twitter:card\" content=\"summary_large_image\" \/>\n<meta name=\"twitter:image\" content=\"https:\/\/interpim.erresse-shop.it\/img-catalogo\/sambonet\/sambonet-batteria-pentole-7-pezzi.jpg\" \/>\n<script type=\"application\/ld+json\" class=\"yoast-schema-graph\">{\"@context\":\"https:\/\/schema.org\",\"@graph\":[{\"@type\":\"WebPage\",\"@id\":\"https:\/\/dev6.erresse-shop.it\/fr\/shop\/poeles-pots\/batteries-de-cuisine\/sambonet-kikka-batterie-de-cuisine-7-pieces\/\",\"url\":\"https:\/\/dev6.erresse-shop.it\/fr\/shop\/poeles-pots\/batteries-de-cuisine\/sambonet-kikka-batterie-de-cuisine-7-pieces\/\",\"name\":\"SAMBONET Kikka Batterie de Cuisine 7 Pi\u00e8ces - dev6 Erresse\",\"isPartOf\":{\"@id\":\"https:\/\/dev6.erresse-shop.it\/#website\"},\"primaryImageOfPage\":{\"@id\":\"https:\/\/dev6.erresse-shop.it\/fr\/shop\/poeles-pots\/batteries-de-cuisine\/sambonet-kikka-batterie-de-cuisine-7-pieces\/#primaryimage\"},\"image\":{\"@id\":\"https:\/\/dev6.erresse-shop.it\/fr\/shop\/poeles-pots\/batteries-de-cuisine\/sambonet-kikka-batterie-de-cuisine-7-pieces\/#primaryimage\"},\"thumbnailUrl\":\"https:\/\/i3.wp.com\/interpim.erresse-shop.it\/img-catalogo\/sambonet\/sambonet-batteria-pentole-7-pezzi.jpg?ssl=1\",\"datePublished\":\"2026-04-16T17:14:33+00:00\",\"description\":\"Des lignes fluides, simples et en m\u00eame temps non conventionnelles. Les casseroles et po\u00eales Kikka ram\u00e8nent le charme de la tradition et de la cuisine\",\"breadcrumb\":{\"@id\":\"https:\/\/dev6.erresse-shop.it\/fr\/shop\/poeles-pots\/batteries-de-cuisine\/sambonet-kikka-batterie-de-cuisine-7-pieces\/#breadcrumb\"},\"inLanguage\":\"fr-FR\",\"potentialAction\":[{\"@type\":\"ReadAction\",\"target\":[\"https:\/\/dev6.erresse-shop.it\/fr\/shop\/poeles-pots\/batteries-de-cuisine\/sambonet-kikka-batterie-de-cuisine-7-pieces\/\"]}]},{\"@type\":\"ImageObject\",\"inLanguage\":\"fr-FR\",\"@id\":\"https:\/\/dev6.erresse-shop.it\/fr\/shop\/poeles-pots\/batteries-de-cuisine\/sambonet-kikka-batterie-de-cuisine-7-pieces\/#primaryimage\",\"url\":\"https:\/\/i3.wp.com\/interpim.erresse-shop.it\/img-catalogo\/sambonet\/sambonet-batteria-pentole-7-pezzi.jpg?ssl=1\",\"contentUrl\":\"https:\/\/i3.wp.com\/interpim.erresse-shop.it\/img-catalogo\/sambonet\/sambonet-batteria-pentole-7-pezzi.jpg?ssl=1\"},{\"@type\":\"BreadcrumbList\",\"@id\":\"https:\/\/dev6.erresse-shop.it\/fr\/shop\/poeles-pots\/batteries-de-cuisine\/sambonet-kikka-batterie-de-cuisine-7-pieces\/#breadcrumb\",\"itemListElement\":[{\"@type\":\"ListItem\",\"position\":1,\"name\":\"Home\",\"item\":\"https:\/\/dev6.erresse-shop.it\/\"},{\"@type\":\"ListItem\",\"position\":2,\"name\":\"Boutique\",\"item\":\"https:\/\/dev6.erresse-shop.it\/shop\/\"},{\"@type\":\"ListItem\",\"position\":3,\"name\":\"SAMBONET Kikka Batterie de Cuisine 7 Pi\u00e8ces\"}]},{\"@type\":\"WebSite\",\"@id\":\"https:\/\/dev6.erresse-shop.it\/#website\",\"url\":\"https:\/\/dev6.erresse-shop.it\/\",\"name\":\"Erresse Shop\",\"description\":\"\",\"publisher\":{\"@id\":\"https:\/\/dev6.erresse-shop.it\/#organization\"},\"potentialAction\":[{\"@type\":\"SearchAction\",\"target\":{\"@type\":\"EntryPoint\",\"urlTemplate\":\"https:\/\/dev6.erresse-shop.it\/?s={search_term_string}\"},\"query-input\":{\"@type\":\"PropertyValueSpecification\",\"valueRequired\":true,\"valueName\":\"search_term_string\"}}],\"inLanguage\":\"fr-FR\"},{\"@type\":\"Organization\",\"@id\":\"https:\/\/dev6.erresse-shop.it\/#organization\",\"name\":\"Erresse Shop\",\"url\":\"https:\/\/dev6.erresse-shop.it\/\",\"logo\":{\"@type\":\"ImageObject\",\"inLanguage\":\"fr-FR\",\"@id\":\"https:\/\/dev6.erresse-shop.it\/#\/schema\/logo\/image\/\",\"url\":\"https:\/\/dev6.erresse-shop.it\/wp-content\/uploads\/2025\/01\/LOGO-ERRESSE-CLASSICO.svg\",\"contentUrl\":\"https:\/\/dev6.erresse-shop.it\/wp-content\/uploads\/2025\/01\/LOGO-ERRESSE-CLASSICO.svg\",\"caption\":\"Erresse Shop\"},\"image\":{\"@id\":\"https:\/\/dev6.erresse-shop.it\/#\/schema\/logo\/image\/\"}}]}<\/script>\n<!-- \/ Yoast SEO plugin. -->","yoast_head_json":{"title":"SAMBONET Kikka Batterie de Cuisine 7 Pi\u00e8ces - dev6 Erresse","description":"Des lignes fluides, simples et en m\u00eame temps non conventionnelles. Les casseroles et po\u00eales Kikka ram\u00e8nent le charme de la tradition et de la cuisine","robots":{"index":"noindex","follow":"follow","max-snippet":"max-snippet:-1","max-image-preview":"max-image-preview:large","max-video-preview":"max-video-preview:-1"},"og_locale":"fr_FR","og_type":"article","og_title":"SAMBONET Kikka Batterie de Cuisine 7 Pi\u00e8ces - dev6 Erresse","og_description":"Des lignes fluides, simples et en m\u00eame temps non conventionnelles. Les casseroles et po\u00eales Kikka ram\u00e8nent le charme de la tradition et de la cuisine","og_url":"https:\/\/dev6.erresse-shop.it\/fr\/shop\/poeles-pots\/batteries-de-cuisine\/sambonet-kikka-batterie-de-cuisine-7-pieces\/","og_site_name":"dev6 Erresse","og_image":[{"url":"https:\/\/interpim.erresse-shop.it\/img-catalogo\/sambonet\/sambonet-batteria-pentole-7-pezzi.jpg","type":"","width":"","height":""},{"url":"https:\/\/interpim.erresse-shop.it\/img-catalogo\/sambonet\/sambonet-batteria-pentole-7-pezzi.jpg","width":1024,"height":1024,"type":"image\/jpeg"}],"twitter_card":"summary_large_image","twitter_image":"https:\/\/interpim.erresse-shop.it\/img-catalogo\/sambonet\/sambonet-batteria-pentole-7-pezzi.jpg","schema":{"@context":"https:\/\/schema.org","@graph":[{"@type":"WebPage","@id":"https:\/\/dev6.erresse-shop.it\/fr\/shop\/poeles-pots\/batteries-de-cuisine\/sambonet-kikka-batterie-de-cuisine-7-pieces\/","url":"https:\/\/dev6.erresse-shop.it\/fr\/shop\/poeles-pots\/batteries-de-cuisine\/sambonet-kikka-batterie-de-cuisine-7-pieces\/","name":"SAMBONET Kikka Batterie de Cuisine 7 Pi\u00e8ces - dev6 Erresse","isPartOf":{"@id":"https:\/\/dev6.erresse-shop.it\/#website"},"primaryImageOfPage":{"@id":"https:\/\/dev6.erresse-shop.it\/fr\/shop\/poeles-pots\/batteries-de-cuisine\/sambonet-kikka-batterie-de-cuisine-7-pieces\/#primaryimage"},"image":{"@id":"https:\/\/dev6.erresse-shop.it\/fr\/shop\/poeles-pots\/batteries-de-cuisine\/sambonet-kikka-batterie-de-cuisine-7-pieces\/#primaryimage"},"thumbnailUrl":"https:\/\/i3.wp.com\/interpim.erresse-shop.it\/img-catalogo\/sambonet\/sambonet-batteria-pentole-7-pezzi.jpg?ssl=1","datePublished":"2026-04-16T17:14:33+00:00","description":"Des lignes fluides, simples et en m\u00eame temps non conventionnelles. Les casseroles et po\u00eales Kikka ram\u00e8nent le charme de la tradition et de la cuisine","breadcrumb":{"@id":"https:\/\/dev6.erresse-shop.it\/fr\/shop\/poeles-pots\/batteries-de-cuisine\/sambonet-kikka-batterie-de-cuisine-7-pieces\/#breadcrumb"},"inLanguage":"fr-FR","potentialAction":[{"@type":"ReadAction","target":["https:\/\/dev6.erresse-shop.it\/fr\/shop\/poeles-pots\/batteries-de-cuisine\/sambonet-kikka-batterie-de-cuisine-7-pieces\/"]}]},{"@type":"ImageObject","inLanguage":"fr-FR","@id":"https:\/\/dev6.erresse-shop.it\/fr\/shop\/poeles-pots\/batteries-de-cuisine\/sambonet-kikka-batterie-de-cuisine-7-pieces\/#primaryimage","url":"https:\/\/i3.wp.com\/interpim.erresse-shop.it\/img-catalogo\/sambonet\/sambonet-batteria-pentole-7-pezzi.jpg?ssl=1","contentUrl":"https:\/\/i3.wp.com\/interpim.erresse-shop.it\/img-catalogo\/sambonet\/sambonet-batteria-pentole-7-pezzi.jpg?ssl=1"},{"@type":"BreadcrumbList","@id":"https:\/\/dev6.erresse-shop.it\/fr\/shop\/poeles-pots\/batteries-de-cuisine\/sambonet-kikka-batterie-de-cuisine-7-pieces\/#breadcrumb","itemListElement":[{"@type":"ListItem","position":1,"name":"Home","item":"https:\/\/dev6.erresse-shop.it\/"},{"@type":"ListItem","position":2,"name":"Boutique","item":"https:\/\/dev6.erresse-shop.it\/shop\/"},{"@type":"ListItem","position":3,"name":"SAMBONET Kikka Batterie de Cuisine 7 Pi\u00e8ces"}]},{"@type":"WebSite","@id":"https:\/\/dev6.erresse-shop.it\/#website","url":"https:\/\/dev6.erresse-shop.it\/","name":"Erresse Shop","description":"","publisher":{"@id":"https:\/\/dev6.erresse-shop.it\/#organization"},"potentialAction":[{"@type":"SearchAction","target":{"@type":"EntryPoint","urlTemplate":"https:\/\/dev6.erresse-shop.it\/?s={search_term_string}"},"query-input":{"@type":"PropertyValueSpecification","valueRequired":true,"valueName":"search_term_string"}}],"inLanguage":"fr-FR"},{"@type":"Organization","@id":"https:\/\/dev6.erresse-shop.it\/#organization","name":"Erresse Shop","url":"https:\/\/dev6.erresse-shop.it\/","logo":{"@type":"ImageObject","inLanguage":"fr-FR","@id":"https:\/\/dev6.erresse-shop.it\/#\/schema\/logo\/image\/","url":"https:\/\/dev6.erresse-shop.it\/wp-content\/uploads\/2025\/01\/LOGO-ERRESSE-CLASSICO.svg","contentUrl":"https:\/\/dev6.erresse-shop.it\/wp-content\/uploads\/2025\/01\/LOGO-ERRESSE-CLASSICO.svg","caption":"Erresse Shop"},"image":{"@id":"https:\/\/dev6.erresse-shop.it\/#\/schema\/logo\/image\/"}}]}},"df_price":"","df_sale_price":"","df_regular_price":"","df_image_link":"https:\/\/i3.wp.com\/interpim.erresse-shop.it\/img-catalogo\/sambonet\/sambonet-batteria-pentole-7-pezzi.jpg?resize=300,300&ssl=1","fifu_image_url":"https:\/\/interpim.erresse-shop.it\/img-catalogo\/sambonet\/sambonet-batteria-pentole-7-pezzi.jpg","_links":{"self":[{"href":"https:\/\/dev6.erresse-shop.it\/fr\/wp-json\/wp\/v2\/product\/59078","targetHints":{"allow":["GET"]}}],"collection":[{"href":"https:\/\/dev6.erresse-shop.it\/fr\/wp-json\/wp\/v2\/product"}],"about":[{"href":"https:\/\/dev6.erresse-shop.it\/fr\/wp-json\/wp\/v2\/types\/product"}],"wp:featuredmedia":[{"embeddable":true,"href":"https:\/\/dev6.erresse-shop.it\/fr\/wp-json\/wp\/v2\/media\/6490789"}],"wp:attachment":[{"href":"https:\/\/dev6.erresse-shop.it\/fr\/wp-json\/wp\/v2\/media?parent=59078"}],"wp:term":[{"taxonomy":"product_cat","embeddable":true,"href":"https:\/\/dev6.erresse-shop.it\/fr\/wp-json\/wp\/v2\/product_cat?post=59078"},{"taxonomy":"product_tag","embeddable":true,"href":"https:\/\/dev6.erresse-shop.it\/fr\/wp-json\/wp\/v2\/product_tag?post=59078"}],"curies":[{"name":"wp","href":"https:\/\/api.w.org\/{rel}","templated":true}]}}