{"id":59070,"date":"2026-04-04T08:36:36","date_gmt":"2026-04-04T06:36:36","guid":{"rendered":"https:\/\/dev6.erresse-shop.it\/shop\/non%20class\u00e9\/argenti-preziosi-cadre-en-argent-dos-en-bois-1318\/"},"modified":"2025-07-04T16:08:46","modified_gmt":"2025-07-04T14:08:46","slug":"argenti-preziosi-cadre-en-argent-dos-en-bois-1318","status":"publish","type":"product","link":"https:\/\/dev6.erresse-shop.it\/fr\/shop\/ameublement-maison\/cadres\/argenti-preziosi-cadre-en-argent-dos-en-bois-1318\/","title":{"rendered":"ARGENTI PREZIOSI Cadre en Argent Dos en Bois 13&#215;18"},"content":{"rendered":"<p>Argenti Preziosi produit et vend des cadres en argent pur.<br \/>\nUn m\u00e9lange unique de recherche, de qualit\u00e9, de style et de prix qui impr\u00e8gne la large gamme de produits en constante \u00e9volution, a permis de cr\u00e9er des objets uniques qui transmettent des \u00e9motions et impriment le souvenir du plus beau jour.<\/p>\n<p>De 2009 \u00e0 2014, Argenti Preziosi a collabor\u00e9 \u00e0 la r\u00e9alisation de divers projets en faveur de familles d\u00e9favoris\u00e9es dans diff\u00e9rents villages d\u2019Afrique.<\/p>\n","protected":false},"excerpt":{"rendered":"<p>Argenti Preziosi produit et vend des cadres en argent pur. Un m\u00e9lange unique de recherche, de qualit\u00e9, de style et de prix qui impr\u00e8gne la large gamme de produits en constante \u00e9volution, a permis de cr\u00e9er des objets uniques qui transmettent des \u00e9motions et impriment le souvenir du plus beau jour. De 2009 \u00e0 2014, [&hellip;]<\/p>\n","protected":false},"featured_media":6268451,"template":"","meta":{"_acf_changed":false},"product_cat":[11990,11666,12035],"product_tag":[],"class_list":{"0":"post-59070","1":"product","2":"type-product","3":"status-publish","4":"has-post-thumbnail","6":"product_cat-ameublement-maison","7":"product_cat-arredamento-casa","8":"product_cat-cadres","10":"first","11":"instock","12":"taxable","13":"shipping-taxable","14":"product-type-simple","swatches":"rey-swatches","show_selected":"","stretch_labels":"rey-swatches--stretch-labels"},"acf":[],"yoast_head":"<!-- This site is optimized with the Yoast SEO plugin v25.4 - https:\/\/yoast.com\/wordpress\/plugins\/seo\/ -->\n<title>ARGENTI PREZIOSI Cadre en Argent Dos en Bois 13&#215;18 - dev6 Erresse<\/title>\n<meta name=\"description\" content=\"Argenti Preziosi produit et vend des cadres en argent pur. Un m\u00e9lange unique de recherche, de qualit\u00e9, de style et de prix qui impr\u00e8gne la large gamme de\" \/>\n<meta name=\"robots\" content=\"noindex, follow, max-snippet:-1, max-image-preview:large, max-video-preview:-1\" \/>\n<meta property=\"og:locale\" content=\"fr_FR\" \/>\n<meta property=\"og:type\" content=\"article\" \/>\n<meta property=\"og:title\" content=\"ARGENTI PREZIOSI Cadre en Argent Dos en Bois 13&#215;18 - dev6 Erresse\" \/>\n<meta property=\"og:description\" content=\"Argenti Preziosi produit et vend des cadres en argent pur. Un m\u00e9lange unique de recherche, de qualit\u00e9, de style et de prix qui impr\u00e8gne la large gamme de\" \/>\n<meta property=\"og:url\" content=\"https:\/\/dev6.erresse-shop.it\/fr\/shop\/ameublement-maison\/cadres\/argenti-preziosi-cadre-en-argent-dos-en-bois-1318\/\" \/>\n<meta property=\"og:site_name\" content=\"dev6 Erresse\" \/>\n<meta property=\"og:image\" content=\"https:\/\/interpim.erresse-shop.it\/Import\/Prodotti\/argenti-preziosi-925.jpg\" \/><meta property=\"og:image\" content=\"https:\/\/interpim.erresse-shop.it\/Import\/Prodotti\/argenti-preziosi-925.jpg\" \/>\n\t<meta property=\"og:image:width\" content=\"1024\" \/>\n\t<meta property=\"og:image:height\" content=\"1024\" \/>\n\t<meta property=\"og:image:type\" content=\"image\/jpeg\" \/>\n<meta name=\"twitter:card\" content=\"summary_large_image\" \/>\n<meta name=\"twitter:image\" content=\"https:\/\/interpim.erresse-shop.it\/Import\/Prodotti\/argenti-preziosi-925.jpg\" \/>\n<script type=\"application\/ld+json\" class=\"yoast-schema-graph\">{\"@context\":\"https:\/\/schema.org\",\"@graph\":[{\"@type\":\"WebPage\",\"@id\":\"https:\/\/dev6.erresse-shop.it\/fr\/shop\/ameublement-maison\/cadres\/argenti-preziosi-cadre-en-argent-dos-en-bois-1318\/\",\"url\":\"https:\/\/dev6.erresse-shop.it\/fr\/shop\/ameublement-maison\/cadres\/argenti-preziosi-cadre-en-argent-dos-en-bois-1318\/\",\"name\":\"ARGENTI PREZIOSI Cadre en Argent Dos en Bois 13&#215;18 - dev6 Erresse\",\"isPartOf\":{\"@id\":\"https:\/\/dev6.erresse-shop.it\/#website\"},\"primaryImageOfPage\":{\"@id\":\"https:\/\/dev6.erresse-shop.it\/fr\/shop\/ameublement-maison\/cadres\/argenti-preziosi-cadre-en-argent-dos-en-bois-1318\/#primaryimage\"},\"image\":{\"@id\":\"https:\/\/dev6.erresse-shop.it\/fr\/shop\/ameublement-maison\/cadres\/argenti-preziosi-cadre-en-argent-dos-en-bois-1318\/#primaryimage\"},\"thumbnailUrl\":\"https:\/\/i0.wp.com\/interpim.erresse-shop.it\/Import\/Prodotti\/argenti-preziosi-925.jpg?ssl=1\",\"datePublished\":\"2026-04-04T06:36:36+00:00\",\"description\":\"Argenti Preziosi produit et vend des cadres en argent pur. Un m\u00e9lange unique de recherche, de qualit\u00e9, de style et de prix qui impr\u00e8gne la large gamme de\",\"breadcrumb\":{\"@id\":\"https:\/\/dev6.erresse-shop.it\/fr\/shop\/ameublement-maison\/cadres\/argenti-preziosi-cadre-en-argent-dos-en-bois-1318\/#breadcrumb\"},\"inLanguage\":\"fr-FR\",\"potentialAction\":[{\"@type\":\"ReadAction\",\"target\":[\"https:\/\/dev6.erresse-shop.it\/fr\/shop\/ameublement-maison\/cadres\/argenti-preziosi-cadre-en-argent-dos-en-bois-1318\/\"]}]},{\"@type\":\"ImageObject\",\"inLanguage\":\"fr-FR\",\"@id\":\"https:\/\/dev6.erresse-shop.it\/fr\/shop\/ameublement-maison\/cadres\/argenti-preziosi-cadre-en-argent-dos-en-bois-1318\/#primaryimage\",\"url\":\"https:\/\/i0.wp.com\/interpim.erresse-shop.it\/Import\/Prodotti\/argenti-preziosi-925.jpg?ssl=1\",\"contentUrl\":\"https:\/\/i0.wp.com\/interpim.erresse-shop.it\/Import\/Prodotti\/argenti-preziosi-925.jpg?ssl=1\"},{\"@type\":\"BreadcrumbList\",\"@id\":\"https:\/\/dev6.erresse-shop.it\/fr\/shop\/ameublement-maison\/cadres\/argenti-preziosi-cadre-en-argent-dos-en-bois-1318\/#breadcrumb\",\"itemListElement\":[{\"@type\":\"ListItem\",\"position\":1,\"name\":\"Home\",\"item\":\"https:\/\/dev6.erresse-shop.it\/\"},{\"@type\":\"ListItem\",\"position\":2,\"name\":\"Boutique\",\"item\":\"https:\/\/dev6.erresse-shop.it\/shop\/\"},{\"@type\":\"ListItem\",\"position\":3,\"name\":\"ARGENTI PREZIOSI Cadre en Argent Dos en Bois 13&#215;18\"}]},{\"@type\":\"WebSite\",\"@id\":\"https:\/\/dev6.erresse-shop.it\/#website\",\"url\":\"https:\/\/dev6.erresse-shop.it\/\",\"name\":\"Erresse Shop\",\"description\":\"\",\"publisher\":{\"@id\":\"https:\/\/dev6.erresse-shop.it\/#organization\"},\"potentialAction\":[{\"@type\":\"SearchAction\",\"target\":{\"@type\":\"EntryPoint\",\"urlTemplate\":\"https:\/\/dev6.erresse-shop.it\/?s={search_term_string}\"},\"query-input\":{\"@type\":\"PropertyValueSpecification\",\"valueRequired\":true,\"valueName\":\"search_term_string\"}}],\"inLanguage\":\"fr-FR\"},{\"@type\":\"Organization\",\"@id\":\"https:\/\/dev6.erresse-shop.it\/#organization\",\"name\":\"Erresse Shop\",\"url\":\"https:\/\/dev6.erresse-shop.it\/\",\"logo\":{\"@type\":\"ImageObject\",\"inLanguage\":\"fr-FR\",\"@id\":\"https:\/\/dev6.erresse-shop.it\/#\/schema\/logo\/image\/\",\"url\":\"https:\/\/dev6.erresse-shop.it\/wp-content\/uploads\/2025\/01\/LOGO-ERRESSE-CLASSICO.svg\",\"contentUrl\":\"https:\/\/dev6.erresse-shop.it\/wp-content\/uploads\/2025\/01\/LOGO-ERRESSE-CLASSICO.svg\",\"caption\":\"Erresse Shop\"},\"image\":{\"@id\":\"https:\/\/dev6.erresse-shop.it\/#\/schema\/logo\/image\/\"}}]}<\/script>\n<!-- \/ Yoast SEO plugin. -->","yoast_head_json":{"title":"ARGENTI PREZIOSI Cadre en Argent Dos en Bois 13&#215;18 - dev6 Erresse","description":"Argenti Preziosi produit et vend des cadres en argent pur. Un m\u00e9lange unique de recherche, de qualit\u00e9, de style et de prix qui impr\u00e8gne la large gamme de","robots":{"index":"noindex","follow":"follow","max-snippet":"max-snippet:-1","max-image-preview":"max-image-preview:large","max-video-preview":"max-video-preview:-1"},"og_locale":"fr_FR","og_type":"article","og_title":"ARGENTI PREZIOSI Cadre en Argent Dos en Bois 13&#215;18 - dev6 Erresse","og_description":"Argenti Preziosi produit et vend des cadres en argent pur. Un m\u00e9lange unique de recherche, de qualit\u00e9, de style et de prix qui impr\u00e8gne la large gamme de","og_url":"https:\/\/dev6.erresse-shop.it\/fr\/shop\/ameublement-maison\/cadres\/argenti-preziosi-cadre-en-argent-dos-en-bois-1318\/","og_site_name":"dev6 Erresse","og_image":[{"url":"https:\/\/interpim.erresse-shop.it\/Import\/Prodotti\/argenti-preziosi-925.jpg","type":"","width":"","height":""},{"url":"https:\/\/interpim.erresse-shop.it\/Import\/Prodotti\/argenti-preziosi-925.jpg","width":1024,"height":1024,"type":"image\/jpeg"}],"twitter_card":"summary_large_image","twitter_image":"https:\/\/interpim.erresse-shop.it\/Import\/Prodotti\/argenti-preziosi-925.jpg","schema":{"@context":"https:\/\/schema.org","@graph":[{"@type":"WebPage","@id":"https:\/\/dev6.erresse-shop.it\/fr\/shop\/ameublement-maison\/cadres\/argenti-preziosi-cadre-en-argent-dos-en-bois-1318\/","url":"https:\/\/dev6.erresse-shop.it\/fr\/shop\/ameublement-maison\/cadres\/argenti-preziosi-cadre-en-argent-dos-en-bois-1318\/","name":"ARGENTI PREZIOSI Cadre en Argent Dos en Bois 13&#215;18 - dev6 Erresse","isPartOf":{"@id":"https:\/\/dev6.erresse-shop.it\/#website"},"primaryImageOfPage":{"@id":"https:\/\/dev6.erresse-shop.it\/fr\/shop\/ameublement-maison\/cadres\/argenti-preziosi-cadre-en-argent-dos-en-bois-1318\/#primaryimage"},"image":{"@id":"https:\/\/dev6.erresse-shop.it\/fr\/shop\/ameublement-maison\/cadres\/argenti-preziosi-cadre-en-argent-dos-en-bois-1318\/#primaryimage"},"thumbnailUrl":"https:\/\/i0.wp.com\/interpim.erresse-shop.it\/Import\/Prodotti\/argenti-preziosi-925.jpg?ssl=1","datePublished":"2026-04-04T06:36:36+00:00","description":"Argenti Preziosi produit et vend des cadres en argent pur. Un m\u00e9lange unique de recherche, de qualit\u00e9, de style et de prix qui impr\u00e8gne la large gamme de","breadcrumb":{"@id":"https:\/\/dev6.erresse-shop.it\/fr\/shop\/ameublement-maison\/cadres\/argenti-preziosi-cadre-en-argent-dos-en-bois-1318\/#breadcrumb"},"inLanguage":"fr-FR","potentialAction":[{"@type":"ReadAction","target":["https:\/\/dev6.erresse-shop.it\/fr\/shop\/ameublement-maison\/cadres\/argenti-preziosi-cadre-en-argent-dos-en-bois-1318\/"]}]},{"@type":"ImageObject","inLanguage":"fr-FR","@id":"https:\/\/dev6.erresse-shop.it\/fr\/shop\/ameublement-maison\/cadres\/argenti-preziosi-cadre-en-argent-dos-en-bois-1318\/#primaryimage","url":"https:\/\/i0.wp.com\/interpim.erresse-shop.it\/Import\/Prodotti\/argenti-preziosi-925.jpg?ssl=1","contentUrl":"https:\/\/i0.wp.com\/interpim.erresse-shop.it\/Import\/Prodotti\/argenti-preziosi-925.jpg?ssl=1"},{"@type":"BreadcrumbList","@id":"https:\/\/dev6.erresse-shop.it\/fr\/shop\/ameublement-maison\/cadres\/argenti-preziosi-cadre-en-argent-dos-en-bois-1318\/#breadcrumb","itemListElement":[{"@type":"ListItem","position":1,"name":"Home","item":"https:\/\/dev6.erresse-shop.it\/"},{"@type":"ListItem","position":2,"name":"Boutique","item":"https:\/\/dev6.erresse-shop.it\/shop\/"},{"@type":"ListItem","position":3,"name":"ARGENTI PREZIOSI Cadre en Argent Dos en Bois 13&#215;18"}]},{"@type":"WebSite","@id":"https:\/\/dev6.erresse-shop.it\/#website","url":"https:\/\/dev6.erresse-shop.it\/","name":"Erresse Shop","description":"","publisher":{"@id":"https:\/\/dev6.erresse-shop.it\/#organization"},"potentialAction":[{"@type":"SearchAction","target":{"@type":"EntryPoint","urlTemplate":"https:\/\/dev6.erresse-shop.it\/?s={search_term_string}"},"query-input":{"@type":"PropertyValueSpecification","valueRequired":true,"valueName":"search_term_string"}}],"inLanguage":"fr-FR"},{"@type":"Organization","@id":"https:\/\/dev6.erresse-shop.it\/#organization","name":"Erresse Shop","url":"https:\/\/dev6.erresse-shop.it\/","logo":{"@type":"ImageObject","inLanguage":"fr-FR","@id":"https:\/\/dev6.erresse-shop.it\/#\/schema\/logo\/image\/","url":"https:\/\/dev6.erresse-shop.it\/wp-content\/uploads\/2025\/01\/LOGO-ERRESSE-CLASSICO.svg","contentUrl":"https:\/\/dev6.erresse-shop.it\/wp-content\/uploads\/2025\/01\/LOGO-ERRESSE-CLASSICO.svg","caption":"Erresse Shop"},"image":{"@id":"https:\/\/dev6.erresse-shop.it\/#\/schema\/logo\/image\/"}}]}},"df_price":"","df_sale_price":"","df_regular_price":"","df_image_link":"https:\/\/i0.wp.com\/interpim.erresse-shop.it\/Import\/Prodotti\/argenti-preziosi-925.jpg?resize=300,300&ssl=1","fifu_image_url":"https:\/\/interpim.erresse-shop.it\/Import\/Prodotti\/argenti-preziosi-925.jpg","_links":{"self":[{"href":"https:\/\/dev6.erresse-shop.it\/fr\/wp-json\/wp\/v2\/product\/59070","targetHints":{"allow":["GET"]}}],"collection":[{"href":"https:\/\/dev6.erresse-shop.it\/fr\/wp-json\/wp\/v2\/product"}],"about":[{"href":"https:\/\/dev6.erresse-shop.it\/fr\/wp-json\/wp\/v2\/types\/product"}],"wp:featuredmedia":[{"embeddable":true,"href":"https:\/\/dev6.erresse-shop.it\/fr\/wp-json\/wp\/v2\/media\/6268451"}],"wp:attachment":[{"href":"https:\/\/dev6.erresse-shop.it\/fr\/wp-json\/wp\/v2\/media?parent=59070"}],"wp:term":[{"taxonomy":"product_cat","embeddable":true,"href":"https:\/\/dev6.erresse-shop.it\/fr\/wp-json\/wp\/v2\/product_cat?post=59070"},{"taxonomy":"product_tag","embeddable":true,"href":"https:\/\/dev6.erresse-shop.it\/fr\/wp-json\/wp\/v2\/product_tag?post=59070"}],"curies":[{"name":"wp","href":"https:\/\/api.w.org\/{rel}","templated":true}]}}