{"id":59058,"date":"2026-04-12T08:37:37","date_gmt":"2026-04-12T06:37:37","guid":{"rendered":"https:\/\/dev6.erresse-shop.it\/shop\/non%20class\u00e9\/zafferano-olimpia-pro-lampe-de-table-chrome\/"},"modified":"2025-09-14T04:20:49","modified_gmt":"2025-09-14T02:20:49","slug":"zafferano-olimpia-pro-lampe-de-table-chrome","status":"publish","type":"product","link":"https:\/\/dev6.erresse-shop.it\/fr\/shop\/ameublement-maison\/lampes\/zafferano-olimpia-pro-lampe-de-table-chrome\/","title":{"rendered":"ZAFFERANO Olimpia PRO Lampe de Table Chrom\u00e9"},"content":{"rendered":"<p>Olimpia est une lampe de table portable et rechargeable fonctionnant sur batterie.<br \/>\nIl est \u00e9quip\u00e9 d\u2019une base de recharge par contact, d\u2019un variateur d\u2019intensit\u00e9 tactile et d\u2019un \u00e9l\u00e9ment accessoire ambr\u00e9 pour changer la couleur de la lumi\u00e8re (cache LED).<\/p>\n<p>Avec une simplicit\u00e9 qui semble \u00e9vidente, Olimpia est une lampe de table rechargeable qui peut agr\u00e9menter une table dress\u00e9e, une r\u00e9union d\u2019amis en plein air pour un ap\u00e9ritif. Sa lumi\u00e8re diffuse est capable de cr\u00e9er une belle luminosit\u00e9 tout autour, gr\u00e2ce \u00e0 la forme circulaire du diffuseur et au flux de lumi\u00e8re \u00e9gal \u00e0 200 lumens, avec une temp\u00e9rature de couleur de 3000k, tendant vers le blanc.<\/p>\n<p>DIMENSIONS \u00d8 15 x h 26 cm \/ \u00d8 5,9 x h 10,2 cm<\/p>\n<p>SOURCE DE LUMI\u00c8RE LED 2,5 W 200 lm. 3000 K CRI&gt;80.<\/p>\n<p>Autonomie de la batterie 9 heures<\/p>\n","protected":false},"excerpt":{"rendered":"<p>Olimpia est une lampe de table portable et rechargeable fonctionnant sur batterie. Il est \u00e9quip\u00e9 d\u2019une base de recharge par contact, d\u2019un variateur d\u2019intensit\u00e9 tactile et d\u2019un \u00e9l\u00e9ment accessoire ambr\u00e9 pour changer la couleur de la lumi\u00e8re (cache LED). Avec une simplicit\u00e9 qui semble \u00e9vidente, Olimpia est une lampe de table rechargeable qui peut agr\u00e9menter [&hellip;]<\/p>\n","protected":false},"featured_media":6351707,"template":"","meta":{"_acf_changed":false},"product_cat":[11990,11666,12019],"product_tag":[],"class_list":{"0":"post-59058","1":"product","2":"type-product","3":"status-publish","4":"has-post-thumbnail","6":"product_cat-ameublement-maison","7":"product_cat-arredamento-casa","8":"product_cat-lampes","10":"first","11":"outofstock","12":"sale","13":"taxable","14":"shipping-taxable","15":"purchasable","16":"product-type-simple","swatches":"rey-swatches","show_selected":"","stretch_labels":"rey-swatches--stretch-labels"},"acf":[],"yoast_head":"<!-- This site is optimized with the Yoast SEO plugin v25.4 - https:\/\/yoast.com\/wordpress\/plugins\/seo\/ -->\n<title>ZAFFERANO Olimpia PRO Lampe de Table Chrom\u00e9 - dev6 Erresse<\/title>\n<meta name=\"description\" content=\"Olimpia est une lampe de table portable et rechargeable fonctionnant sur batterie. Il est \u00e9quip\u00e9 d\u2019une base de recharge par contact, d\u2019un variateur\" \/>\n<meta name=\"robots\" content=\"noindex, follow, max-snippet:-1, max-image-preview:large, max-video-preview:-1\" \/>\n<meta property=\"og:locale\" content=\"fr_FR\" \/>\n<meta property=\"og:type\" content=\"article\" \/>\n<meta property=\"og:title\" content=\"ZAFFERANO Olimpia PRO Lampe de Table Chrom\u00e9 - dev6 Erresse\" \/>\n<meta property=\"og:description\" content=\"Olimpia est une lampe de table portable et rechargeable fonctionnant sur batterie. Il est \u00e9quip\u00e9 d\u2019une base de recharge par contact, d\u2019un variateur\" \/>\n<meta property=\"og:url\" content=\"https:\/\/dev6.erresse-shop.it\/fr\/shop\/ameublement-maison\/lampes\/zafferano-olimpia-pro-lampe-de-table-chrome\/\" \/>\n<meta property=\"og:site_name\" content=\"dev6 Erresse\" \/>\n<meta property=\"og:image\" content=\"https:\/\/interpim.erresse-shop.it\/img-catalogo\/zafferano\/zafferano-olimpia-pro-cromo.jpg\" \/><meta property=\"og:image\" content=\"https:\/\/interpim.erresse-shop.it\/img-catalogo\/zafferano\/zafferano-olimpia-pro-cromo.jpg\" \/>\n\t<meta property=\"og:image:width\" content=\"1024\" \/>\n\t<meta property=\"og:image:height\" content=\"1024\" \/>\n\t<meta property=\"og:image:type\" content=\"image\/jpeg\" \/>\n<meta name=\"twitter:card\" content=\"summary_large_image\" \/>\n<meta name=\"twitter:image\" content=\"https:\/\/interpim.erresse-shop.it\/img-catalogo\/zafferano\/zafferano-olimpia-pro-cromo.jpg\" \/>\n<script type=\"application\/ld+json\" class=\"yoast-schema-graph\">{\"@context\":\"https:\/\/schema.org\",\"@graph\":[{\"@type\":\"WebPage\",\"@id\":\"https:\/\/dev6.erresse-shop.it\/fr\/shop\/ameublement-maison\/lampes\/zafferano-olimpia-pro-lampe-de-table-chrome\/\",\"url\":\"https:\/\/dev6.erresse-shop.it\/fr\/shop\/ameublement-maison\/lampes\/zafferano-olimpia-pro-lampe-de-table-chrome\/\",\"name\":\"ZAFFERANO Olimpia PRO Lampe de Table Chrom\u00e9 - dev6 Erresse\",\"isPartOf\":{\"@id\":\"https:\/\/dev6.erresse-shop.it\/#website\"},\"primaryImageOfPage\":{\"@id\":\"https:\/\/dev6.erresse-shop.it\/fr\/shop\/ameublement-maison\/lampes\/zafferano-olimpia-pro-lampe-de-table-chrome\/#primaryimage\"},\"image\":{\"@id\":\"https:\/\/dev6.erresse-shop.it\/fr\/shop\/ameublement-maison\/lampes\/zafferano-olimpia-pro-lampe-de-table-chrome\/#primaryimage\"},\"thumbnailUrl\":\"https:\/\/i1.wp.com\/interpim.erresse-shop.it\/img-catalogo\/zafferano\/zafferano-olimpia-pro-cromo.jpg?ssl=1\",\"datePublished\":\"2026-04-12T06:37:37+00:00\",\"description\":\"Olimpia est une lampe de table portable et rechargeable fonctionnant sur batterie. Il est \u00e9quip\u00e9 d\u2019une base de recharge par contact, d\u2019un variateur\",\"breadcrumb\":{\"@id\":\"https:\/\/dev6.erresse-shop.it\/fr\/shop\/ameublement-maison\/lampes\/zafferano-olimpia-pro-lampe-de-table-chrome\/#breadcrumb\"},\"inLanguage\":\"fr-FR\",\"potentialAction\":[{\"@type\":\"ReadAction\",\"target\":[\"https:\/\/dev6.erresse-shop.it\/fr\/shop\/ameublement-maison\/lampes\/zafferano-olimpia-pro-lampe-de-table-chrome\/\"]}]},{\"@type\":\"ImageObject\",\"inLanguage\":\"fr-FR\",\"@id\":\"https:\/\/dev6.erresse-shop.it\/fr\/shop\/ameublement-maison\/lampes\/zafferano-olimpia-pro-lampe-de-table-chrome\/#primaryimage\",\"url\":\"https:\/\/i1.wp.com\/interpim.erresse-shop.it\/img-catalogo\/zafferano\/zafferano-olimpia-pro-cromo.jpg?ssl=1\",\"contentUrl\":\"https:\/\/i1.wp.com\/interpim.erresse-shop.it\/img-catalogo\/zafferano\/zafferano-olimpia-pro-cromo.jpg?ssl=1\"},{\"@type\":\"BreadcrumbList\",\"@id\":\"https:\/\/dev6.erresse-shop.it\/fr\/shop\/ameublement-maison\/lampes\/zafferano-olimpia-pro-lampe-de-table-chrome\/#breadcrumb\",\"itemListElement\":[{\"@type\":\"ListItem\",\"position\":1,\"name\":\"Home\",\"item\":\"https:\/\/dev6.erresse-shop.it\/\"},{\"@type\":\"ListItem\",\"position\":2,\"name\":\"Boutique\",\"item\":\"https:\/\/dev6.erresse-shop.it\/shop\/\"},{\"@type\":\"ListItem\",\"position\":3,\"name\":\"ZAFFERANO Olimpia PRO Lampe de Table Chrom\u00e9\"}]},{\"@type\":\"WebSite\",\"@id\":\"https:\/\/dev6.erresse-shop.it\/#website\",\"url\":\"https:\/\/dev6.erresse-shop.it\/\",\"name\":\"Erresse Shop\",\"description\":\"\",\"publisher\":{\"@id\":\"https:\/\/dev6.erresse-shop.it\/#organization\"},\"potentialAction\":[{\"@type\":\"SearchAction\",\"target\":{\"@type\":\"EntryPoint\",\"urlTemplate\":\"https:\/\/dev6.erresse-shop.it\/?s={search_term_string}\"},\"query-input\":{\"@type\":\"PropertyValueSpecification\",\"valueRequired\":true,\"valueName\":\"search_term_string\"}}],\"inLanguage\":\"fr-FR\"},{\"@type\":\"Organization\",\"@id\":\"https:\/\/dev6.erresse-shop.it\/#organization\",\"name\":\"Erresse Shop\",\"url\":\"https:\/\/dev6.erresse-shop.it\/\",\"logo\":{\"@type\":\"ImageObject\",\"inLanguage\":\"fr-FR\",\"@id\":\"https:\/\/dev6.erresse-shop.it\/#\/schema\/logo\/image\/\",\"url\":\"https:\/\/dev6.erresse-shop.it\/wp-content\/uploads\/2025\/01\/LOGO-ERRESSE-CLASSICO.svg\",\"contentUrl\":\"https:\/\/dev6.erresse-shop.it\/wp-content\/uploads\/2025\/01\/LOGO-ERRESSE-CLASSICO.svg\",\"caption\":\"Erresse Shop\"},\"image\":{\"@id\":\"https:\/\/dev6.erresse-shop.it\/#\/schema\/logo\/image\/\"}}]}<\/script>\n<!-- \/ Yoast SEO plugin. -->","yoast_head_json":{"title":"ZAFFERANO Olimpia PRO Lampe de Table Chrom\u00e9 - dev6 Erresse","description":"Olimpia est une lampe de table portable et rechargeable fonctionnant sur batterie. Il est \u00e9quip\u00e9 d\u2019une base de recharge par contact, d\u2019un variateur","robots":{"index":"noindex","follow":"follow","max-snippet":"max-snippet:-1","max-image-preview":"max-image-preview:large","max-video-preview":"max-video-preview:-1"},"og_locale":"fr_FR","og_type":"article","og_title":"ZAFFERANO Olimpia PRO Lampe de Table Chrom\u00e9 - dev6 Erresse","og_description":"Olimpia est une lampe de table portable et rechargeable fonctionnant sur batterie. Il est \u00e9quip\u00e9 d\u2019une base de recharge par contact, d\u2019un variateur","og_url":"https:\/\/dev6.erresse-shop.it\/fr\/shop\/ameublement-maison\/lampes\/zafferano-olimpia-pro-lampe-de-table-chrome\/","og_site_name":"dev6 Erresse","og_image":[{"url":"https:\/\/interpim.erresse-shop.it\/img-catalogo\/zafferano\/zafferano-olimpia-pro-cromo.jpg","type":"","width":"","height":""},{"url":"https:\/\/interpim.erresse-shop.it\/img-catalogo\/zafferano\/zafferano-olimpia-pro-cromo.jpg","width":1024,"height":1024,"type":"image\/jpeg"}],"twitter_card":"summary_large_image","twitter_image":"https:\/\/interpim.erresse-shop.it\/img-catalogo\/zafferano\/zafferano-olimpia-pro-cromo.jpg","schema":{"@context":"https:\/\/schema.org","@graph":[{"@type":"WebPage","@id":"https:\/\/dev6.erresse-shop.it\/fr\/shop\/ameublement-maison\/lampes\/zafferano-olimpia-pro-lampe-de-table-chrome\/","url":"https:\/\/dev6.erresse-shop.it\/fr\/shop\/ameublement-maison\/lampes\/zafferano-olimpia-pro-lampe-de-table-chrome\/","name":"ZAFFERANO Olimpia PRO Lampe de Table Chrom\u00e9 - dev6 Erresse","isPartOf":{"@id":"https:\/\/dev6.erresse-shop.it\/#website"},"primaryImageOfPage":{"@id":"https:\/\/dev6.erresse-shop.it\/fr\/shop\/ameublement-maison\/lampes\/zafferano-olimpia-pro-lampe-de-table-chrome\/#primaryimage"},"image":{"@id":"https:\/\/dev6.erresse-shop.it\/fr\/shop\/ameublement-maison\/lampes\/zafferano-olimpia-pro-lampe-de-table-chrome\/#primaryimage"},"thumbnailUrl":"https:\/\/i1.wp.com\/interpim.erresse-shop.it\/img-catalogo\/zafferano\/zafferano-olimpia-pro-cromo.jpg?ssl=1","datePublished":"2026-04-12T06:37:37+00:00","description":"Olimpia est une lampe de table portable et rechargeable fonctionnant sur batterie. Il est \u00e9quip\u00e9 d\u2019une base de recharge par contact, d\u2019un variateur","breadcrumb":{"@id":"https:\/\/dev6.erresse-shop.it\/fr\/shop\/ameublement-maison\/lampes\/zafferano-olimpia-pro-lampe-de-table-chrome\/#breadcrumb"},"inLanguage":"fr-FR","potentialAction":[{"@type":"ReadAction","target":["https:\/\/dev6.erresse-shop.it\/fr\/shop\/ameublement-maison\/lampes\/zafferano-olimpia-pro-lampe-de-table-chrome\/"]}]},{"@type":"ImageObject","inLanguage":"fr-FR","@id":"https:\/\/dev6.erresse-shop.it\/fr\/shop\/ameublement-maison\/lampes\/zafferano-olimpia-pro-lampe-de-table-chrome\/#primaryimage","url":"https:\/\/i1.wp.com\/interpim.erresse-shop.it\/img-catalogo\/zafferano\/zafferano-olimpia-pro-cromo.jpg?ssl=1","contentUrl":"https:\/\/i1.wp.com\/interpim.erresse-shop.it\/img-catalogo\/zafferano\/zafferano-olimpia-pro-cromo.jpg?ssl=1"},{"@type":"BreadcrumbList","@id":"https:\/\/dev6.erresse-shop.it\/fr\/shop\/ameublement-maison\/lampes\/zafferano-olimpia-pro-lampe-de-table-chrome\/#breadcrumb","itemListElement":[{"@type":"ListItem","position":1,"name":"Home","item":"https:\/\/dev6.erresse-shop.it\/"},{"@type":"ListItem","position":2,"name":"Boutique","item":"https:\/\/dev6.erresse-shop.it\/shop\/"},{"@type":"ListItem","position":3,"name":"ZAFFERANO Olimpia PRO Lampe de Table Chrom\u00e9"}]},{"@type":"WebSite","@id":"https:\/\/dev6.erresse-shop.it\/#website","url":"https:\/\/dev6.erresse-shop.it\/","name":"Erresse Shop","description":"","publisher":{"@id":"https:\/\/dev6.erresse-shop.it\/#organization"},"potentialAction":[{"@type":"SearchAction","target":{"@type":"EntryPoint","urlTemplate":"https:\/\/dev6.erresse-shop.it\/?s={search_term_string}"},"query-input":{"@type":"PropertyValueSpecification","valueRequired":true,"valueName":"search_term_string"}}],"inLanguage":"fr-FR"},{"@type":"Organization","@id":"https:\/\/dev6.erresse-shop.it\/#organization","name":"Erresse Shop","url":"https:\/\/dev6.erresse-shop.it\/","logo":{"@type":"ImageObject","inLanguage":"fr-FR","@id":"https:\/\/dev6.erresse-shop.it\/#\/schema\/logo\/image\/","url":"https:\/\/dev6.erresse-shop.it\/wp-content\/uploads\/2025\/01\/LOGO-ERRESSE-CLASSICO.svg","contentUrl":"https:\/\/dev6.erresse-shop.it\/wp-content\/uploads\/2025\/01\/LOGO-ERRESSE-CLASSICO.svg","caption":"Erresse Shop"},"image":{"@id":"https:\/\/dev6.erresse-shop.it\/#\/schema\/logo\/image\/"}}]}},"df_price":126,"df_sale_price":126,"df_regular_price":189,"df_image_link":"https:\/\/i1.wp.com\/interpim.erresse-shop.it\/img-catalogo\/zafferano\/zafferano-olimpia-pro-cromo.jpg?resize=300,300&ssl=1","fifu_image_url":"https:\/\/interpim.erresse-shop.it\/img-catalogo\/zafferano\/zafferano-olimpia-pro-cromo.jpg","_links":{"self":[{"href":"https:\/\/dev6.erresse-shop.it\/fr\/wp-json\/wp\/v2\/product\/59058","targetHints":{"allow":["GET"]}}],"collection":[{"href":"https:\/\/dev6.erresse-shop.it\/fr\/wp-json\/wp\/v2\/product"}],"about":[{"href":"https:\/\/dev6.erresse-shop.it\/fr\/wp-json\/wp\/v2\/types\/product"}],"wp:featuredmedia":[{"embeddable":true,"href":"https:\/\/dev6.erresse-shop.it\/fr\/wp-json\/wp\/v2\/media\/6351707"}],"wp:attachment":[{"href":"https:\/\/dev6.erresse-shop.it\/fr\/wp-json\/wp\/v2\/media?parent=59058"}],"wp:term":[{"taxonomy":"product_cat","embeddable":true,"href":"https:\/\/dev6.erresse-shop.it\/fr\/wp-json\/wp\/v2\/product_cat?post=59058"},{"taxonomy":"product_tag","embeddable":true,"href":"https:\/\/dev6.erresse-shop.it\/fr\/wp-json\/wp\/v2\/product_tag?post=59058"}],"curies":[{"name":"wp","href":"https:\/\/api.w.org\/{rel}","templated":true}]}}