{"id":59026,"date":"2026-04-16T19:13:25","date_gmt":"2026-04-16T17:13:25","guid":{"rendered":"https:\/\/dev6.erresse-shop.it\/shop\/non%20class\u00e9\/toms-drag-roi-des-grenouilles-marvin-dor\/"},"modified":"2026-01-09T02:07:18","modified_gmt":"2026-01-09T01:07:18","slug":"toms-drag-roi-des-grenouilles-marvin-dor","status":"publish","type":"product","link":"https:\/\/dev6.erresse-shop.it\/fr\/shop\/ameublement-maison\/objets-de-decoration\/toms-drag-roi-des-grenouilles-marvin-dor\/","title":{"rendered":"TOM&#8217;S DRAG Roi des Grenouilles Marvin d&#8217;Or"},"content":{"rendered":"<p>Mat\u00e9riau : r\u00e9sine<br \/>\nHauteur : 9.5 cm<\/p>\n<p>ROI DES GRENOUILLES MARVIN D\u2019OR<br \/>\nLes grands sentiments tels que l\u2019amour, la proximit\u00e9 et la tendresse sont prot\u00e9g\u00e9s par la grenouille. Et si, comme dans le cas de Marvin, il est aussi un prince grenouille, alors rien ne s\u2019oppose au bonheur. Avec son costume fantastique rempli d\u2019ornements exotiques et de plumes d\u00e9coratives, il est d\u00e9cor\u00e9 comme pour un d\u00e9fil\u00e9 de carnaval et brille dans les couleurs de l\u2019arc-en-ciel.<\/p>\n<p>Cet article est fait et peint \u00e0 la main, aussi les variations de couleur, de motif, de ton, les petites imperfections de colle ou de couleur et les irr\u00e9gularit\u00e9s sont une caract\u00e9ristique sp\u00e9cifique du produit et t\u00e9moignent de sa fabrication artisanale.<\/p>\n<p>Tous les animaux tra\u00eenants sont d\u00e9cor\u00e9s de costumes imaginatifs et d\u2019ornements exotiques, comme s\u2019ils \u00e9taient \u00e0 un d\u00e9fil\u00e9 de carnaval. Elles sont toutes aux couleurs de l\u2019arc-en-ciel et reprennent l\u2019ambiance joyeuse de l\u2019une des chansons pr\u00e9f\u00e9r\u00e9es de Tom, \u201cWhat a Wonderful World\u201d de Louis Armstrong.<\/p>\n<p>Chaque article de Tom\u2019s Drag commence par quelques croquis rapides, que l\u2019artiste dessine et transforme rapidement en une image d\u00e9taill\u00e9e. \u00c0 ce stade, une figure brute est sculpt\u00e9e \u00e0 la main dans le bois, dont les dimensions et les proportions refl\u00e8tent celles de l\u2019objet final. Celui-ci est ensuite peint \u00e0 la main par l\u2019artiste et le prototype est cr\u00e9\u00e9 \u00e0 partir duquel la forme de la couverture est ensuite fabriqu\u00e9e. Cette forme en caoutchouc est la cl\u00e9 de toutes les \u0153uvres de Tom\u2019s Drag, car du marmorino liquide, un m\u00e9lange de marbre broy\u00e9 et de r\u00e9sine synth\u00e9tique, y sera vers\u00e9 puis solidifi\u00e9. La pi\u00e8ce, d\u2019abord de couleur blanche opaque, est ensuite peinte en blanc puis polie. \u00c0 ce stade, les bords des champs de couleur sont dessin\u00e9s au crayon afin de servir de r\u00e9f\u00e9rence \u00e0 l\u2019artiste pour peindre l\u2019objet. Le travail est compl\u00e9t\u00e9 par l\u2019application d\u2019une r\u00e9sine qui rend les couleurs r\u00e9sistantes.<\/p>\n","protected":false},"excerpt":{"rendered":"<p>Mat\u00e9riau : r\u00e9sine Hauteur : 9.5 cm ROI DES GRENOUILLES MARVIN D\u2019OR Les grands sentiments tels que l\u2019amour, la proximit\u00e9 et la tendresse sont prot\u00e9g\u00e9s par la grenouille. Et si, comme dans le cas de Marvin, il est aussi un prince grenouille, alors rien ne s\u2019oppose au bonheur. Avec son costume fantastique rempli d\u2019ornements exotiques [&hellip;]<\/p>\n","protected":false},"featured_media":6490597,"template":"","meta":{"_acf_changed":false},"product_cat":[11990,11666,12021],"product_tag":[],"class_list":{"0":"post-59026","1":"product","2":"type-product","3":"status-publish","4":"has-post-thumbnail","6":"product_cat-ameublement-maison","7":"product_cat-arredamento-casa","8":"product_cat-objets-de-decoration","10":"first","11":"outofstock","12":"sale","13":"taxable","14":"shipping-taxable","15":"purchasable","16":"product-type-simple","swatches":"rey-swatches","show_selected":"","stretch_labels":"rey-swatches--stretch-labels"},"acf":[],"yoast_head":"<!-- This site is optimized with the Yoast SEO plugin v25.4 - https:\/\/yoast.com\/wordpress\/plugins\/seo\/ -->\n<title>TOM&#8217;S DRAG Roi des Grenouilles Marvin d&#8217;Or - dev6 Erresse<\/title>\n<meta name=\"description\" content=\"Mat\u00e9riau : r\u00e9sine Hauteur : 9.5 cm ROI DES GRENOUILLES MARVIN D\u2019OR Les grands sentiments tels que l\u2019amour, la proximit\u00e9 et la tendresse sont prot\u00e9g\u00e9s par\" \/>\n<meta name=\"robots\" content=\"noindex, follow, max-snippet:-1, max-image-preview:large, max-video-preview:-1\" \/>\n<meta property=\"og:locale\" content=\"fr_FR\" \/>\n<meta property=\"og:type\" content=\"article\" \/>\n<meta property=\"og:title\" content=\"TOM&#8217;S DRAG Roi des Grenouilles Marvin d&#8217;Or - dev6 Erresse\" \/>\n<meta property=\"og:description\" content=\"Mat\u00e9riau : r\u00e9sine Hauteur : 9.5 cm ROI DES GRENOUILLES MARVIN D\u2019OR Les grands sentiments tels que l\u2019amour, la proximit\u00e9 et la tendresse sont prot\u00e9g\u00e9s par\" \/>\n<meta property=\"og:url\" content=\"https:\/\/dev6.erresse-shop.it\/fr\/shop\/ameublement-maison\/objets-de-decoration\/toms-drag-roi-des-grenouilles-marvin-dor\/\" \/>\n<meta property=\"og:site_name\" content=\"dev6 Erresse\" \/>\n<meta property=\"og:image\" content=\"https:\/\/interpim.erresse-shop.it\/img-catalogo\/toms-drag\/toms-drag-re-dei-ranocchi-marvin-dorato.jpg\" \/><meta property=\"og:image\" content=\"https:\/\/interpim.erresse-shop.it\/img-catalogo\/toms-drag\/toms-drag-re-dei-ranocchi-marvin-dorato.jpg\" \/>\n\t<meta property=\"og:image:width\" content=\"1024\" \/>\n\t<meta property=\"og:image:height\" content=\"1024\" \/>\n\t<meta property=\"og:image:type\" content=\"image\/jpeg\" \/>\n<meta name=\"twitter:card\" content=\"summary_large_image\" \/>\n<meta name=\"twitter:image\" content=\"https:\/\/interpim.erresse-shop.it\/img-catalogo\/toms-drag\/toms-drag-re-dei-ranocchi-marvin-dorato.jpg\" \/>\n<script type=\"application\/ld+json\" class=\"yoast-schema-graph\">{\"@context\":\"https:\/\/schema.org\",\"@graph\":[{\"@type\":\"WebPage\",\"@id\":\"https:\/\/dev6.erresse-shop.it\/fr\/shop\/ameublement-maison\/objets-de-decoration\/toms-drag-roi-des-grenouilles-marvin-dor\/\",\"url\":\"https:\/\/dev6.erresse-shop.it\/fr\/shop\/ameublement-maison\/objets-de-decoration\/toms-drag-roi-des-grenouilles-marvin-dor\/\",\"name\":\"TOM&#8217;S DRAG Roi des Grenouilles Marvin d&#8217;Or - dev6 Erresse\",\"isPartOf\":{\"@id\":\"https:\/\/dev6.erresse-shop.it\/#website\"},\"primaryImageOfPage\":{\"@id\":\"https:\/\/dev6.erresse-shop.it\/fr\/shop\/ameublement-maison\/objets-de-decoration\/toms-drag-roi-des-grenouilles-marvin-dor\/#primaryimage\"},\"image\":{\"@id\":\"https:\/\/dev6.erresse-shop.it\/fr\/shop\/ameublement-maison\/objets-de-decoration\/toms-drag-roi-des-grenouilles-marvin-dor\/#primaryimage\"},\"thumbnailUrl\":\"https:\/\/i1.wp.com\/interpim.erresse-shop.it\/img-catalogo\/toms-drag\/toms-drag-re-dei-ranocchi-marvin-dorato.jpg?ssl=1\",\"datePublished\":\"2026-04-16T17:13:25+00:00\",\"description\":\"Mat\u00e9riau : r\u00e9sine Hauteur : 9.5 cm ROI DES GRENOUILLES MARVIN D\u2019OR Les grands sentiments tels que l\u2019amour, la proximit\u00e9 et la tendresse sont prot\u00e9g\u00e9s par\",\"breadcrumb\":{\"@id\":\"https:\/\/dev6.erresse-shop.it\/fr\/shop\/ameublement-maison\/objets-de-decoration\/toms-drag-roi-des-grenouilles-marvin-dor\/#breadcrumb\"},\"inLanguage\":\"fr-FR\",\"potentialAction\":[{\"@type\":\"ReadAction\",\"target\":[\"https:\/\/dev6.erresse-shop.it\/fr\/shop\/ameublement-maison\/objets-de-decoration\/toms-drag-roi-des-grenouilles-marvin-dor\/\"]}]},{\"@type\":\"ImageObject\",\"inLanguage\":\"fr-FR\",\"@id\":\"https:\/\/dev6.erresse-shop.it\/fr\/shop\/ameublement-maison\/objets-de-decoration\/toms-drag-roi-des-grenouilles-marvin-dor\/#primaryimage\",\"url\":\"https:\/\/i1.wp.com\/interpim.erresse-shop.it\/img-catalogo\/toms-drag\/toms-drag-re-dei-ranocchi-marvin-dorato.jpg?ssl=1\",\"contentUrl\":\"https:\/\/i1.wp.com\/interpim.erresse-shop.it\/img-catalogo\/toms-drag\/toms-drag-re-dei-ranocchi-marvin-dorato.jpg?ssl=1\"},{\"@type\":\"BreadcrumbList\",\"@id\":\"https:\/\/dev6.erresse-shop.it\/fr\/shop\/ameublement-maison\/objets-de-decoration\/toms-drag-roi-des-grenouilles-marvin-dor\/#breadcrumb\",\"itemListElement\":[{\"@type\":\"ListItem\",\"position\":1,\"name\":\"Home\",\"item\":\"https:\/\/dev6.erresse-shop.it\/\"},{\"@type\":\"ListItem\",\"position\":2,\"name\":\"Boutique\",\"item\":\"https:\/\/dev6.erresse-shop.it\/shop\/\"},{\"@type\":\"ListItem\",\"position\":3,\"name\":\"TOM&#8217;S DRAG Roi des Grenouilles Marvin d&#8217;Or\"}]},{\"@type\":\"WebSite\",\"@id\":\"https:\/\/dev6.erresse-shop.it\/#website\",\"url\":\"https:\/\/dev6.erresse-shop.it\/\",\"name\":\"Erresse Shop\",\"description\":\"\",\"publisher\":{\"@id\":\"https:\/\/dev6.erresse-shop.it\/#organization\"},\"potentialAction\":[{\"@type\":\"SearchAction\",\"target\":{\"@type\":\"EntryPoint\",\"urlTemplate\":\"https:\/\/dev6.erresse-shop.it\/?s={search_term_string}\"},\"query-input\":{\"@type\":\"PropertyValueSpecification\",\"valueRequired\":true,\"valueName\":\"search_term_string\"}}],\"inLanguage\":\"fr-FR\"},{\"@type\":\"Organization\",\"@id\":\"https:\/\/dev6.erresse-shop.it\/#organization\",\"name\":\"Erresse Shop\",\"url\":\"https:\/\/dev6.erresse-shop.it\/\",\"logo\":{\"@type\":\"ImageObject\",\"inLanguage\":\"fr-FR\",\"@id\":\"https:\/\/dev6.erresse-shop.it\/#\/schema\/logo\/image\/\",\"url\":\"https:\/\/dev6.erresse-shop.it\/wp-content\/uploads\/2025\/01\/LOGO-ERRESSE-CLASSICO.svg\",\"contentUrl\":\"https:\/\/dev6.erresse-shop.it\/wp-content\/uploads\/2025\/01\/LOGO-ERRESSE-CLASSICO.svg\",\"caption\":\"Erresse Shop\"},\"image\":{\"@id\":\"https:\/\/dev6.erresse-shop.it\/#\/schema\/logo\/image\/\"}}]}<\/script>\n<!-- \/ Yoast SEO plugin. -->","yoast_head_json":{"title":"TOM&#8217;S DRAG Roi des Grenouilles Marvin d&#8217;Or - dev6 Erresse","description":"Mat\u00e9riau : r\u00e9sine Hauteur : 9.5 cm ROI DES GRENOUILLES MARVIN D\u2019OR Les grands sentiments tels que l\u2019amour, la proximit\u00e9 et la tendresse sont prot\u00e9g\u00e9s par","robots":{"index":"noindex","follow":"follow","max-snippet":"max-snippet:-1","max-image-preview":"max-image-preview:large","max-video-preview":"max-video-preview:-1"},"og_locale":"fr_FR","og_type":"article","og_title":"TOM&#8217;S DRAG Roi des Grenouilles Marvin d&#8217;Or - dev6 Erresse","og_description":"Mat\u00e9riau : r\u00e9sine Hauteur : 9.5 cm ROI DES GRENOUILLES MARVIN D\u2019OR Les grands sentiments tels que l\u2019amour, la proximit\u00e9 et la tendresse sont prot\u00e9g\u00e9s par","og_url":"https:\/\/dev6.erresse-shop.it\/fr\/shop\/ameublement-maison\/objets-de-decoration\/toms-drag-roi-des-grenouilles-marvin-dor\/","og_site_name":"dev6 Erresse","og_image":[{"url":"https:\/\/interpim.erresse-shop.it\/img-catalogo\/toms-drag\/toms-drag-re-dei-ranocchi-marvin-dorato.jpg","type":"","width":"","height":""},{"url":"https:\/\/interpim.erresse-shop.it\/img-catalogo\/toms-drag\/toms-drag-re-dei-ranocchi-marvin-dorato.jpg","width":1024,"height":1024,"type":"image\/jpeg"}],"twitter_card":"summary_large_image","twitter_image":"https:\/\/interpim.erresse-shop.it\/img-catalogo\/toms-drag\/toms-drag-re-dei-ranocchi-marvin-dorato.jpg","schema":{"@context":"https:\/\/schema.org","@graph":[{"@type":"WebPage","@id":"https:\/\/dev6.erresse-shop.it\/fr\/shop\/ameublement-maison\/objets-de-decoration\/toms-drag-roi-des-grenouilles-marvin-dor\/","url":"https:\/\/dev6.erresse-shop.it\/fr\/shop\/ameublement-maison\/objets-de-decoration\/toms-drag-roi-des-grenouilles-marvin-dor\/","name":"TOM&#8217;S DRAG Roi des Grenouilles Marvin d&#8217;Or - dev6 Erresse","isPartOf":{"@id":"https:\/\/dev6.erresse-shop.it\/#website"},"primaryImageOfPage":{"@id":"https:\/\/dev6.erresse-shop.it\/fr\/shop\/ameublement-maison\/objets-de-decoration\/toms-drag-roi-des-grenouilles-marvin-dor\/#primaryimage"},"image":{"@id":"https:\/\/dev6.erresse-shop.it\/fr\/shop\/ameublement-maison\/objets-de-decoration\/toms-drag-roi-des-grenouilles-marvin-dor\/#primaryimage"},"thumbnailUrl":"https:\/\/i1.wp.com\/interpim.erresse-shop.it\/img-catalogo\/toms-drag\/toms-drag-re-dei-ranocchi-marvin-dorato.jpg?ssl=1","datePublished":"2026-04-16T17:13:25+00:00","description":"Mat\u00e9riau : r\u00e9sine Hauteur : 9.5 cm ROI DES GRENOUILLES MARVIN D\u2019OR Les grands sentiments tels que l\u2019amour, la proximit\u00e9 et la tendresse sont prot\u00e9g\u00e9s par","breadcrumb":{"@id":"https:\/\/dev6.erresse-shop.it\/fr\/shop\/ameublement-maison\/objets-de-decoration\/toms-drag-roi-des-grenouilles-marvin-dor\/#breadcrumb"},"inLanguage":"fr-FR","potentialAction":[{"@type":"ReadAction","target":["https:\/\/dev6.erresse-shop.it\/fr\/shop\/ameublement-maison\/objets-de-decoration\/toms-drag-roi-des-grenouilles-marvin-dor\/"]}]},{"@type":"ImageObject","inLanguage":"fr-FR","@id":"https:\/\/dev6.erresse-shop.it\/fr\/shop\/ameublement-maison\/objets-de-decoration\/toms-drag-roi-des-grenouilles-marvin-dor\/#primaryimage","url":"https:\/\/i1.wp.com\/interpim.erresse-shop.it\/img-catalogo\/toms-drag\/toms-drag-re-dei-ranocchi-marvin-dorato.jpg?ssl=1","contentUrl":"https:\/\/i1.wp.com\/interpim.erresse-shop.it\/img-catalogo\/toms-drag\/toms-drag-re-dei-ranocchi-marvin-dorato.jpg?ssl=1"},{"@type":"BreadcrumbList","@id":"https:\/\/dev6.erresse-shop.it\/fr\/shop\/ameublement-maison\/objets-de-decoration\/toms-drag-roi-des-grenouilles-marvin-dor\/#breadcrumb","itemListElement":[{"@type":"ListItem","position":1,"name":"Home","item":"https:\/\/dev6.erresse-shop.it\/"},{"@type":"ListItem","position":2,"name":"Boutique","item":"https:\/\/dev6.erresse-shop.it\/shop\/"},{"@type":"ListItem","position":3,"name":"TOM&#8217;S DRAG Roi des Grenouilles Marvin d&#8217;Or"}]},{"@type":"WebSite","@id":"https:\/\/dev6.erresse-shop.it\/#website","url":"https:\/\/dev6.erresse-shop.it\/","name":"Erresse Shop","description":"","publisher":{"@id":"https:\/\/dev6.erresse-shop.it\/#organization"},"potentialAction":[{"@type":"SearchAction","target":{"@type":"EntryPoint","urlTemplate":"https:\/\/dev6.erresse-shop.it\/?s={search_term_string}"},"query-input":{"@type":"PropertyValueSpecification","valueRequired":true,"valueName":"search_term_string"}}],"inLanguage":"fr-FR"},{"@type":"Organization","@id":"https:\/\/dev6.erresse-shop.it\/#organization","name":"Erresse Shop","url":"https:\/\/dev6.erresse-shop.it\/","logo":{"@type":"ImageObject","inLanguage":"fr-FR","@id":"https:\/\/dev6.erresse-shop.it\/#\/schema\/logo\/image\/","url":"https:\/\/dev6.erresse-shop.it\/wp-content\/uploads\/2025\/01\/LOGO-ERRESSE-CLASSICO.svg","contentUrl":"https:\/\/dev6.erresse-shop.it\/wp-content\/uploads\/2025\/01\/LOGO-ERRESSE-CLASSICO.svg","caption":"Erresse Shop"},"image":{"@id":"https:\/\/dev6.erresse-shop.it\/#\/schema\/logo\/image\/"}}]}},"df_price":57,"df_sale_price":57,"df_regular_price":59,"df_image_link":"https:\/\/i1.wp.com\/interpim.erresse-shop.it\/img-catalogo\/toms-drag\/toms-drag-re-dei-ranocchi-marvin-dorato.jpg?resize=300,300&ssl=1","fifu_image_url":"https:\/\/interpim.erresse-shop.it\/img-catalogo\/toms-drag\/toms-drag-re-dei-ranocchi-marvin-dorato.jpg","_links":{"self":[{"href":"https:\/\/dev6.erresse-shop.it\/fr\/wp-json\/wp\/v2\/product\/59026","targetHints":{"allow":["GET"]}}],"collection":[{"href":"https:\/\/dev6.erresse-shop.it\/fr\/wp-json\/wp\/v2\/product"}],"about":[{"href":"https:\/\/dev6.erresse-shop.it\/fr\/wp-json\/wp\/v2\/types\/product"}],"wp:featuredmedia":[{"embeddable":true,"href":"https:\/\/dev6.erresse-shop.it\/fr\/wp-json\/wp\/v2\/media\/6490597"}],"wp:attachment":[{"href":"https:\/\/dev6.erresse-shop.it\/fr\/wp-json\/wp\/v2\/media?parent=59026"}],"wp:term":[{"taxonomy":"product_cat","embeddable":true,"href":"https:\/\/dev6.erresse-shop.it\/fr\/wp-json\/wp\/v2\/product_cat?post=59026"},{"taxonomy":"product_tag","embeddable":true,"href":"https:\/\/dev6.erresse-shop.it\/fr\/wp-json\/wp\/v2\/product_tag?post=59026"}],"curies":[{"name":"wp","href":"https:\/\/api.w.org\/{rel}","templated":true}]}}