{"id":58992,"date":"2026-04-12T08:36:43","date_gmt":"2026-04-12T06:36:43","guid":{"rendered":"https:\/\/dev6.erresse-shop.it\/shop\/non%20class\u00e9\/zwilling-pompe-a-vide-freshsave\/"},"modified":"2025-09-14T04:20:29","modified_gmt":"2025-09-14T02:20:29","slug":"zwilling-pompe-a-vide-freshsave","status":"publish","type":"product","link":"https:\/\/dev6.erresse-shop.it\/fr\/shop\/cuisine\/couteaux\/accessoires\/zwilling-pompe-a-vide-freshsave\/","title":{"rendered":"ZWILLING Pompe \u00e0 Vide Fresh&#038;Save"},"content":{"rendered":"<p>Appuyez sur un bouton et obtenez la fra\u00eecheur : pompe \u00e0 vide FRESH &amp; SAVE. Plus besoin de machines \u00e0 vide encombrantes et \u00e9normes, plus besoin de s\u2019inqui\u00e9ter des appareils peu pratiques, il suffit d\u2019acheter l\u2019\u00e9l\u00e9gante pompe \u00e0 vide ZWILLING et elle fait tout ! \u00c9tape 1 : Placez la pompe pratique sur la valve du couvercle des r\u00e9cipients et des sacs du nouveau syst\u00e8me de stockage sous vide. \u00c9tape 2 : Appuyez sur le bouton, afin que la pompe puisse extraire l\u2019air en quelques secondes des sacs et r\u00e9cipients sous vide disponibles en plastique et en verre. \u00c9tape 3 : La pompe s\u2019arr\u00eate automatiquement lorsque le bon niveau de vide est atteint. Les aliments emball\u00e9s sous vide restent frais jusqu\u2019\u00e0 cinq fois plus longtemps que les m\u00e9thodes de stockage conventionnelles sans vide. Ensuite, vous pouvez ranger la pompe dans un tiroir. Mais voulez-vous vraiment faire \u00e7a ? Le design de haute qualit\u00e9 de Matteo Thun en fait un meuble \u00e9l\u00e9gant dans votre cuisine. Psst\u2026 ! Cette pompe \u00e0 vide est \u00e9galement tr\u00e8s silencieuse. Tout fonctionne parfaitement. D\u00e9couvrez FRESH &amp; SAVE de ZWILLING.<\/p>\n<p>Pr\u00e9servation du vide en quelques secondes par simple pression sur un bouton. La pompe s\u2019arr\u00eate automatiquement d\u00e8s qu\u2019un vide suffisant a \u00e9t\u00e9 g\u00e9n\u00e9r\u00e9 dans le r\u00e9cipient ou le sac.<br \/>\nSans fil et facile \u00e0 utiliser<br \/>\nRangement peu encombrant dans le tiroir \u00e0 couverts, ou utilisation comme \u00e9l\u00e9ment d\u00e9coratif.<br \/>\nSilencieux<br \/>\nPas besoin de changer la batterie gr\u00e2ce \u00e0 la batterie lithium-ion longue dur\u00e9e.<br \/>\nChargement par c\u00e2ble USB<br \/>\nC\u00e2ble de charge USB inclus<br \/>\nDesign raffin\u00e9 de Matteo Thun<\/p>\n<p>CARACT\u00c9RISTIQUES<br \/>\nCouleur : blanc<br \/>\nMat\u00e9riau : plastique<br \/>\nTension : 110-240 V<\/p>\n","protected":false},"excerpt":{"rendered":"<p>Appuyez sur un bouton et obtenez la fra\u00eecheur : pompe \u00e0 vide FRESH &amp; SAVE. Plus besoin de machines \u00e0 vide encombrantes et \u00e9normes, plus besoin de s\u2019inqui\u00e9ter des appareils peu pratiques, il suffit d\u2019acheter l\u2019\u00e9l\u00e9gante pompe \u00e0 vide ZWILLING et elle fait tout ! \u00c9tape 1 : Placez la pompe pratique sur la valve [&hellip;]<\/p>\n","protected":false},"featured_media":6351507,"template":"","meta":{"_acf_changed":false},"product_cat":[11999,11668,11992,11771,12095],"product_tag":[],"class_list":{"0":"post-58992","1":"product","2":"type-product","3":"status-publish","4":"has-post-thumbnail","6":"product_cat-accessoires","7":"product_cat-cucina","8":"product_cat-cuisine","9":"product_cat-sottovuoto","10":"product_cat-sous-vide","12":"first","13":"outofstock","14":"sale","15":"taxable","16":"shipping-taxable","17":"purchasable","18":"product-type-simple","swatches":"rey-swatches","show_selected":"","stretch_labels":"rey-swatches--stretch-labels"},"acf":[],"yoast_head":"<!-- This site is optimized with the Yoast SEO plugin v25.4 - https:\/\/yoast.com\/wordpress\/plugins\/seo\/ -->\n<title>ZWILLING Pompe \u00e0 Vide Fresh&#038;Save - dev6 Erresse<\/title>\n<meta name=\"description\" content=\"Appuyez sur un bouton et obtenez la fra\u00eecheur : pompe \u00e0 vide FRESH &amp; SAVE. Plus besoin de machines \u00e0 vide encombrantes et \u00e9normes, plus besoin de\" \/>\n<meta name=\"robots\" content=\"noindex, follow, max-snippet:-1, max-image-preview:large, max-video-preview:-1\" \/>\n<meta property=\"og:locale\" content=\"fr_FR\" \/>\n<meta property=\"og:type\" content=\"article\" \/>\n<meta property=\"og:title\" content=\"ZWILLING Pompe \u00e0 Vide Fresh&#038;Save - dev6 Erresse\" \/>\n<meta property=\"og:description\" content=\"Appuyez sur un bouton et obtenez la fra\u00eecheur : pompe \u00e0 vide FRESH &amp; SAVE. Plus besoin de machines \u00e0 vide encombrantes et \u00e9normes, plus besoin de\" \/>\n<meta property=\"og:url\" content=\"https:\/\/dev6.erresse-shop.it\/fr\/shop\/cuisine\/couteaux\/accessoires\/zwilling-pompe-a-vide-freshsave\/\" \/>\n<meta property=\"og:site_name\" content=\"dev6 Erresse\" \/>\n<meta property=\"og:image\" content=\"https:\/\/interpim.erresse-shop.it\/img-catalogo\/zwilling\/zwilling-pompa-per-sottovuoto-ricaricabile.jpg\" \/><meta property=\"og:image\" content=\"https:\/\/interpim.erresse-shop.it\/img-catalogo\/zwilling\/zwilling-pompa-per-sottovuoto-ricaricabile.jpg\" \/>\n\t<meta property=\"og:image:width\" content=\"1024\" \/>\n\t<meta property=\"og:image:height\" content=\"1024\" \/>\n\t<meta property=\"og:image:type\" content=\"image\/jpeg\" \/>\n<meta name=\"twitter:card\" content=\"summary_large_image\" \/>\n<meta name=\"twitter:image\" content=\"https:\/\/interpim.erresse-shop.it\/img-catalogo\/zwilling\/zwilling-pompa-per-sottovuoto-ricaricabile.jpg\" \/>\n<script type=\"application\/ld+json\" class=\"yoast-schema-graph\">{\"@context\":\"https:\/\/schema.org\",\"@graph\":[{\"@type\":\"WebPage\",\"@id\":\"https:\/\/dev6.erresse-shop.it\/fr\/shop\/cuisine\/couteaux\/accessoires\/zwilling-pompe-a-vide-freshsave\/\",\"url\":\"https:\/\/dev6.erresse-shop.it\/fr\/shop\/cuisine\/couteaux\/accessoires\/zwilling-pompe-a-vide-freshsave\/\",\"name\":\"ZWILLING Pompe \u00e0 Vide Fresh&#038;Save - dev6 Erresse\",\"isPartOf\":{\"@id\":\"https:\/\/dev6.erresse-shop.it\/#website\"},\"primaryImageOfPage\":{\"@id\":\"https:\/\/dev6.erresse-shop.it\/fr\/shop\/cuisine\/couteaux\/accessoires\/zwilling-pompe-a-vide-freshsave\/#primaryimage\"},\"image\":{\"@id\":\"https:\/\/dev6.erresse-shop.it\/fr\/shop\/cuisine\/couteaux\/accessoires\/zwilling-pompe-a-vide-freshsave\/#primaryimage\"},\"thumbnailUrl\":\"https:\/\/i2.wp.com\/interpim.erresse-shop.it\/img-catalogo\/zwilling\/zwilling-pompa-per-sottovuoto-ricaricabile.jpg?ssl=1\",\"datePublished\":\"2026-04-12T06:36:43+00:00\",\"description\":\"Appuyez sur un bouton et obtenez la fra\u00eecheur : pompe \u00e0 vide FRESH &amp; SAVE. Plus besoin de machines \u00e0 vide encombrantes et \u00e9normes, plus besoin de\",\"breadcrumb\":{\"@id\":\"https:\/\/dev6.erresse-shop.it\/fr\/shop\/cuisine\/couteaux\/accessoires\/zwilling-pompe-a-vide-freshsave\/#breadcrumb\"},\"inLanguage\":\"fr-FR\",\"potentialAction\":[{\"@type\":\"ReadAction\",\"target\":[\"https:\/\/dev6.erresse-shop.it\/fr\/shop\/cuisine\/couteaux\/accessoires\/zwilling-pompe-a-vide-freshsave\/\"]}]},{\"@type\":\"ImageObject\",\"inLanguage\":\"fr-FR\",\"@id\":\"https:\/\/dev6.erresse-shop.it\/fr\/shop\/cuisine\/couteaux\/accessoires\/zwilling-pompe-a-vide-freshsave\/#primaryimage\",\"url\":\"https:\/\/i2.wp.com\/interpim.erresse-shop.it\/img-catalogo\/zwilling\/zwilling-pompa-per-sottovuoto-ricaricabile.jpg?ssl=1\",\"contentUrl\":\"https:\/\/i2.wp.com\/interpim.erresse-shop.it\/img-catalogo\/zwilling\/zwilling-pompa-per-sottovuoto-ricaricabile.jpg?ssl=1\"},{\"@type\":\"BreadcrumbList\",\"@id\":\"https:\/\/dev6.erresse-shop.it\/fr\/shop\/cuisine\/couteaux\/accessoires\/zwilling-pompe-a-vide-freshsave\/#breadcrumb\",\"itemListElement\":[{\"@type\":\"ListItem\",\"position\":1,\"name\":\"Home\",\"item\":\"https:\/\/dev6.erresse-shop.it\/\"},{\"@type\":\"ListItem\",\"position\":2,\"name\":\"Boutique\",\"item\":\"https:\/\/dev6.erresse-shop.it\/shop\/\"},{\"@type\":\"ListItem\",\"position\":3,\"name\":\"ZWILLING Pompe \u00e0 Vide Fresh&#038;Save\"}]},{\"@type\":\"WebSite\",\"@id\":\"https:\/\/dev6.erresse-shop.it\/#website\",\"url\":\"https:\/\/dev6.erresse-shop.it\/\",\"name\":\"Erresse Shop\",\"description\":\"\",\"publisher\":{\"@id\":\"https:\/\/dev6.erresse-shop.it\/#organization\"},\"potentialAction\":[{\"@type\":\"SearchAction\",\"target\":{\"@type\":\"EntryPoint\",\"urlTemplate\":\"https:\/\/dev6.erresse-shop.it\/?s={search_term_string}\"},\"query-input\":{\"@type\":\"PropertyValueSpecification\",\"valueRequired\":true,\"valueName\":\"search_term_string\"}}],\"inLanguage\":\"fr-FR\"},{\"@type\":\"Organization\",\"@id\":\"https:\/\/dev6.erresse-shop.it\/#organization\",\"name\":\"Erresse Shop\",\"url\":\"https:\/\/dev6.erresse-shop.it\/\",\"logo\":{\"@type\":\"ImageObject\",\"inLanguage\":\"fr-FR\",\"@id\":\"https:\/\/dev6.erresse-shop.it\/#\/schema\/logo\/image\/\",\"url\":\"https:\/\/dev6.erresse-shop.it\/wp-content\/uploads\/2025\/01\/LOGO-ERRESSE-CLASSICO.svg\",\"contentUrl\":\"https:\/\/dev6.erresse-shop.it\/wp-content\/uploads\/2025\/01\/LOGO-ERRESSE-CLASSICO.svg\",\"caption\":\"Erresse Shop\"},\"image\":{\"@id\":\"https:\/\/dev6.erresse-shop.it\/#\/schema\/logo\/image\/\"}}]}<\/script>\n<!-- \/ Yoast SEO plugin. -->","yoast_head_json":{"title":"ZWILLING Pompe \u00e0 Vide Fresh&#038;Save - dev6 Erresse","description":"Appuyez sur un bouton et obtenez la fra\u00eecheur : pompe \u00e0 vide FRESH &amp; SAVE. Plus besoin de machines \u00e0 vide encombrantes et \u00e9normes, plus besoin de","robots":{"index":"noindex","follow":"follow","max-snippet":"max-snippet:-1","max-image-preview":"max-image-preview:large","max-video-preview":"max-video-preview:-1"},"og_locale":"fr_FR","og_type":"article","og_title":"ZWILLING Pompe \u00e0 Vide Fresh&#038;Save - dev6 Erresse","og_description":"Appuyez sur un bouton et obtenez la fra\u00eecheur : pompe \u00e0 vide FRESH &amp; SAVE. Plus besoin de machines \u00e0 vide encombrantes et \u00e9normes, plus besoin de","og_url":"https:\/\/dev6.erresse-shop.it\/fr\/shop\/cuisine\/couteaux\/accessoires\/zwilling-pompe-a-vide-freshsave\/","og_site_name":"dev6 Erresse","og_image":[{"url":"https:\/\/interpim.erresse-shop.it\/img-catalogo\/zwilling\/zwilling-pompa-per-sottovuoto-ricaricabile.jpg","type":"","width":"","height":""},{"url":"https:\/\/interpim.erresse-shop.it\/img-catalogo\/zwilling\/zwilling-pompa-per-sottovuoto-ricaricabile.jpg","width":1024,"height":1024,"type":"image\/jpeg"}],"twitter_card":"summary_large_image","twitter_image":"https:\/\/interpim.erresse-shop.it\/img-catalogo\/zwilling\/zwilling-pompa-per-sottovuoto-ricaricabile.jpg","schema":{"@context":"https:\/\/schema.org","@graph":[{"@type":"WebPage","@id":"https:\/\/dev6.erresse-shop.it\/fr\/shop\/cuisine\/couteaux\/accessoires\/zwilling-pompe-a-vide-freshsave\/","url":"https:\/\/dev6.erresse-shop.it\/fr\/shop\/cuisine\/couteaux\/accessoires\/zwilling-pompe-a-vide-freshsave\/","name":"ZWILLING Pompe \u00e0 Vide Fresh&#038;Save - dev6 Erresse","isPartOf":{"@id":"https:\/\/dev6.erresse-shop.it\/#website"},"primaryImageOfPage":{"@id":"https:\/\/dev6.erresse-shop.it\/fr\/shop\/cuisine\/couteaux\/accessoires\/zwilling-pompe-a-vide-freshsave\/#primaryimage"},"image":{"@id":"https:\/\/dev6.erresse-shop.it\/fr\/shop\/cuisine\/couteaux\/accessoires\/zwilling-pompe-a-vide-freshsave\/#primaryimage"},"thumbnailUrl":"https:\/\/i2.wp.com\/interpim.erresse-shop.it\/img-catalogo\/zwilling\/zwilling-pompa-per-sottovuoto-ricaricabile.jpg?ssl=1","datePublished":"2026-04-12T06:36:43+00:00","description":"Appuyez sur un bouton et obtenez la fra\u00eecheur : pompe \u00e0 vide FRESH &amp; SAVE. Plus besoin de machines \u00e0 vide encombrantes et \u00e9normes, plus besoin de","breadcrumb":{"@id":"https:\/\/dev6.erresse-shop.it\/fr\/shop\/cuisine\/couteaux\/accessoires\/zwilling-pompe-a-vide-freshsave\/#breadcrumb"},"inLanguage":"fr-FR","potentialAction":[{"@type":"ReadAction","target":["https:\/\/dev6.erresse-shop.it\/fr\/shop\/cuisine\/couteaux\/accessoires\/zwilling-pompe-a-vide-freshsave\/"]}]},{"@type":"ImageObject","inLanguage":"fr-FR","@id":"https:\/\/dev6.erresse-shop.it\/fr\/shop\/cuisine\/couteaux\/accessoires\/zwilling-pompe-a-vide-freshsave\/#primaryimage","url":"https:\/\/i2.wp.com\/interpim.erresse-shop.it\/img-catalogo\/zwilling\/zwilling-pompa-per-sottovuoto-ricaricabile.jpg?ssl=1","contentUrl":"https:\/\/i2.wp.com\/interpim.erresse-shop.it\/img-catalogo\/zwilling\/zwilling-pompa-per-sottovuoto-ricaricabile.jpg?ssl=1"},{"@type":"BreadcrumbList","@id":"https:\/\/dev6.erresse-shop.it\/fr\/shop\/cuisine\/couteaux\/accessoires\/zwilling-pompe-a-vide-freshsave\/#breadcrumb","itemListElement":[{"@type":"ListItem","position":1,"name":"Home","item":"https:\/\/dev6.erresse-shop.it\/"},{"@type":"ListItem","position":2,"name":"Boutique","item":"https:\/\/dev6.erresse-shop.it\/shop\/"},{"@type":"ListItem","position":3,"name":"ZWILLING Pompe \u00e0 Vide Fresh&#038;Save"}]},{"@type":"WebSite","@id":"https:\/\/dev6.erresse-shop.it\/#website","url":"https:\/\/dev6.erresse-shop.it\/","name":"Erresse Shop","description":"","publisher":{"@id":"https:\/\/dev6.erresse-shop.it\/#organization"},"potentialAction":[{"@type":"SearchAction","target":{"@type":"EntryPoint","urlTemplate":"https:\/\/dev6.erresse-shop.it\/?s={search_term_string}"},"query-input":{"@type":"PropertyValueSpecification","valueRequired":true,"valueName":"search_term_string"}}],"inLanguage":"fr-FR"},{"@type":"Organization","@id":"https:\/\/dev6.erresse-shop.it\/#organization","name":"Erresse Shop","url":"https:\/\/dev6.erresse-shop.it\/","logo":{"@type":"ImageObject","inLanguage":"fr-FR","@id":"https:\/\/dev6.erresse-shop.it\/#\/schema\/logo\/image\/","url":"https:\/\/dev6.erresse-shop.it\/wp-content\/uploads\/2025\/01\/LOGO-ERRESSE-CLASSICO.svg","contentUrl":"https:\/\/dev6.erresse-shop.it\/wp-content\/uploads\/2025\/01\/LOGO-ERRESSE-CLASSICO.svg","caption":"Erresse Shop"},"image":{"@id":"https:\/\/dev6.erresse-shop.it\/#\/schema\/logo\/image\/"}}]}},"df_price":59.95,"df_sale_price":59.95,"df_regular_price":74.95,"df_image_link":"https:\/\/i2.wp.com\/interpim.erresse-shop.it\/img-catalogo\/zwilling\/zwilling-pompa-per-sottovuoto-ricaricabile.jpg?resize=300,300&ssl=1","fifu_image_url":"https:\/\/interpim.erresse-shop.it\/img-catalogo\/zwilling\/zwilling-pompa-per-sottovuoto-ricaricabile.jpg","_links":{"self":[{"href":"https:\/\/dev6.erresse-shop.it\/fr\/wp-json\/wp\/v2\/product\/58992","targetHints":{"allow":["GET"]}}],"collection":[{"href":"https:\/\/dev6.erresse-shop.it\/fr\/wp-json\/wp\/v2\/product"}],"about":[{"href":"https:\/\/dev6.erresse-shop.it\/fr\/wp-json\/wp\/v2\/types\/product"}],"wp:featuredmedia":[{"embeddable":true,"href":"https:\/\/dev6.erresse-shop.it\/fr\/wp-json\/wp\/v2\/media\/6351507"}],"wp:attachment":[{"href":"https:\/\/dev6.erresse-shop.it\/fr\/wp-json\/wp\/v2\/media?parent=58992"}],"wp:term":[{"taxonomy":"product_cat","embeddable":true,"href":"https:\/\/dev6.erresse-shop.it\/fr\/wp-json\/wp\/v2\/product_cat?post=58992"},{"taxonomy":"product_tag","embeddable":true,"href":"https:\/\/dev6.erresse-shop.it\/fr\/wp-json\/wp\/v2\/product_tag?post=58992"}],"curies":[{"name":"wp","href":"https:\/\/api.w.org\/{rel}","templated":true}]}}