{"id":58988,"date":"2026-04-12T13:36:44","date_gmt":"2026-04-12T11:36:44","guid":{"rendered":"https:\/\/dev6.erresse-shop.it\/shop\/non%20class\u00e9\/staub-tajine-28-cm-cerise\/"},"modified":"2025-09-14T06:46:35","modified_gmt":"2025-09-14T04:46:35","slug":"staub-tajine-en-fonte-28-cm-cerise","status":"publish","type":"product","link":"https:\/\/dev6.erresse-shop.it\/fr\/shop\/poeles-pots\/tajine\/staub-tajine-en-fonte-28-cm-cerise\/","title":{"rendered":"STAUB Tajine en fonte 28 cm cerise"},"content":{"rendered":"<p>Avec le tajine en fonte de STAUB, vous apportez la tradition nord-africaine dans votre cuisine : qu\u2019il s\u2019agisse de plats de viande savoureux ou de d\u00e9lices v\u00e9g\u00e9tariens avec une grande vari\u00e9t\u00e9 de l\u00e9gumes, les chefs professionnels et amateurs pourront cr\u00e9er des plats aromatiques et sains. Le tajine trouve ses origines dans les tribus berb\u00e8res du Maroc et joue toujours un r\u00f4le important dans la pr\u00e9paration des sp\u00e9cialit\u00e9s nord-africaines. Bien entendu, il permet \u00e9galement de pr\u00e9parer des recettes du monde entier et de r\u00e9galer les amateurs de cuisine avec des plats cr\u00e9atifs. La forme conique sp\u00e9ciale du couvercle en c\u00e9ramique exalte l\u2019ar\u00f4me et la saveur des plats, qui ne sont pas perdus gr\u00e2ce \u00e0 la fermeture herm\u00e9tique. Ce plat polyvalent en fonte peut non seulement \u00eatre utilis\u00e9 sur tous les types de plaques de cuisson, mais \u00e9galement au four ou sur le gril. Les ingr\u00e9dients peuvent d\u2019abord \u00eatre saisis sur la cuisini\u00e8re, puis laiss\u00e9s mijoter au four pour d\u00e9velopper toute leur saveur.<\/p>\n<p>Id\u00e9al pour pr\u00e9parer des plats traditionnels marocains<br \/>\nConvient \u00e0 tous les types de plaques de cuisson, y compris \u00e0 induction, et peut \u00e9galement \u00eatre utilis\u00e9 sur le gril et au four<br \/>\nFond lisse pour une utilisation douce sur les plaques de cuisson sensibles<br \/>\nCuisson \u00e9conome en \u00e9nergie gr\u00e2ce aux propri\u00e9t\u00e9s particuli\u00e8res de la fonte<\/p>\n<p>Caract\u00e9ristiques du produit\u00a0:<\/p>\n<p>R\u00e9sistance \u00e0 la chaleur : 240 \u00baC<br \/>\nR\u00e9sistance au froid :\u2013 20 \u00baC<br \/>\nMat\u00e9riau : fonte<br \/>\nRev\u00eatement int\u00e9rieur : \u00e9mail<br \/>\nCouvercle existant\u00a0: oui<br \/>\nInduction\u00a0: Oui<br \/>\nPasse au four\u00a0: Oui<br \/>\nPasse au cong\u00e9lateur\u00a0: Oui<br \/>\nPasse au four\u00a0: Oui<br \/>\nLave-vaisselle : Oui<\/p>\n<p>Dimensions\u00a0:<\/p>\n<p>Poids net : 3,40 kg<br \/>\nCapacit\u00e9 : 2,00 l<br \/>\nLongueur du produit\u00a0: 28,00 cm<br \/>\nLargeur du produit\u00a0: 28,00 cm<br \/>\nHauteur du produit\u00a0: 20,00 cm<br \/>\nHauteur sans couvercle : 6,50 cm<br \/>\nDiam\u00e8tre sup\u00e9rieur : 28,00 cm<br \/>\nDiam\u00e8tre sup\u00e9rieur : 20,00 cm<br \/>\nDiam\u00e8tre du fond : 18,80 cm<br \/>\nDiam\u00e8tre du fond : 20,00 cm<\/p>\n","protected":false},"excerpt":{"rendered":"<p>Avec le tajine en fonte de STAUB, vous apportez la tradition nord-africaine dans votre cuisine : qu\u2019il s\u2019agisse de plats de viande savoureux ou de d\u00e9lices v\u00e9g\u00e9tariens avec une grande vari\u00e9t\u00e9 de l\u00e9gumes, les chefs professionnels et amateurs pourront cr\u00e9er des plats aromatiques et sains. Le tajine trouve ses origines dans les tribus berb\u00e8res du [&hellip;]<\/p>\n","protected":false},"featured_media":6377467,"template":"","meta":{"_acf_changed":false},"product_cat":[11991,12025,11701],"product_tag":[],"class_list":{"0":"post-58988","1":"product","2":"type-product","3":"status-publish","4":"has-post-thumbnail","6":"product_cat-poeles-pots","7":"product_cat-tajine","10":"first","11":"outofstock","12":"sale","13":"taxable","14":"shipping-taxable","15":"purchasable","16":"product-type-simple","swatches":"rey-swatches","show_selected":"","stretch_labels":"rey-swatches--stretch-labels"},"acf":[],"yoast_head":"<!-- This site is optimized with the Yoast SEO plugin v25.4 - https:\/\/yoast.com\/wordpress\/plugins\/seo\/ -->\n<title>STAUB Tajine en fonte 28 cm cerise - dev6 Erresse<\/title>\n<meta name=\"description\" content=\"Avec le tajine en fonte de STAUB, vous apportez la tradition nord-africaine dans votre cuisine : qu\u2019il s\u2019agisse de plats de viande savoureux ou de d\u00e9lices\" \/>\n<meta name=\"robots\" content=\"noindex, follow, max-snippet:-1, max-image-preview:large, max-video-preview:-1\" \/>\n<meta property=\"og:locale\" content=\"fr_FR\" \/>\n<meta property=\"og:type\" content=\"article\" \/>\n<meta property=\"og:title\" content=\"STAUB Tajine en fonte 28 cm cerise - dev6 Erresse\" \/>\n<meta property=\"og:description\" content=\"Avec le tajine en fonte de STAUB, vous apportez la tradition nord-africaine dans votre cuisine : qu\u2019il s\u2019agisse de plats de viande savoureux ou de d\u00e9lices\" \/>\n<meta property=\"og:url\" content=\"https:\/\/dev6.erresse-shop.it\/fr\/shop\/poeles-pots\/tajine\/staub-tajine-en-fonte-28-cm-cerise\/\" \/>\n<meta property=\"og:site_name\" content=\"dev6 Erresse\" \/>\n<meta property=\"og:image\" content=\"https:\/\/interpim.erresse-shop.it\/Import\/Prodotti\/staub-tajine-ghisa-28-cm-ciliegia.jpg\" \/><meta property=\"og:image\" content=\"https:\/\/interpim.erresse-shop.it\/Import\/Prodotti\/staub-tajine-ghisa-28-cm-ciliegia.jpg\" \/>\n\t<meta property=\"og:image:width\" content=\"1024\" \/>\n\t<meta property=\"og:image:height\" content=\"1024\" \/>\n\t<meta property=\"og:image:type\" content=\"image\/jpeg\" \/>\n<meta name=\"twitter:card\" content=\"summary_large_image\" \/>\n<meta name=\"twitter:image\" content=\"https:\/\/interpim.erresse-shop.it\/Import\/Prodotti\/staub-tajine-ghisa-28-cm-ciliegia.jpg\" \/>\n<script type=\"application\/ld+json\" class=\"yoast-schema-graph\">{\"@context\":\"https:\/\/schema.org\",\"@graph\":[{\"@type\":\"WebPage\",\"@id\":\"https:\/\/dev6.erresse-shop.it\/fr\/shop\/poeles-pots\/tajine\/staub-tajine-en-fonte-28-cm-cerise\/\",\"url\":\"https:\/\/dev6.erresse-shop.it\/fr\/shop\/poeles-pots\/tajine\/staub-tajine-en-fonte-28-cm-cerise\/\",\"name\":\"STAUB Tajine en fonte 28 cm cerise - dev6 Erresse\",\"isPartOf\":{\"@id\":\"https:\/\/dev6.erresse-shop.it\/#website\"},\"primaryImageOfPage\":{\"@id\":\"https:\/\/dev6.erresse-shop.it\/fr\/shop\/poeles-pots\/tajine\/staub-tajine-en-fonte-28-cm-cerise\/#primaryimage\"},\"image\":{\"@id\":\"https:\/\/dev6.erresse-shop.it\/fr\/shop\/poeles-pots\/tajine\/staub-tajine-en-fonte-28-cm-cerise\/#primaryimage\"},\"thumbnailUrl\":\"https:\/\/i3.wp.com\/interpim.erresse-shop.it\/Import\/Prodotti\/staub-tajine-ghisa-28-cm-ciliegia.jpg?ssl=1\",\"datePublished\":\"2026-04-12T11:36:44+00:00\",\"description\":\"Avec le tajine en fonte de STAUB, vous apportez la tradition nord-africaine dans votre cuisine : qu\u2019il s\u2019agisse de plats de viande savoureux ou de d\u00e9lices\",\"breadcrumb\":{\"@id\":\"https:\/\/dev6.erresse-shop.it\/fr\/shop\/poeles-pots\/tajine\/staub-tajine-en-fonte-28-cm-cerise\/#breadcrumb\"},\"inLanguage\":\"fr-FR\",\"potentialAction\":[{\"@type\":\"ReadAction\",\"target\":[\"https:\/\/dev6.erresse-shop.it\/fr\/shop\/poeles-pots\/tajine\/staub-tajine-en-fonte-28-cm-cerise\/\"]}]},{\"@type\":\"ImageObject\",\"inLanguage\":\"fr-FR\",\"@id\":\"https:\/\/dev6.erresse-shop.it\/fr\/shop\/poeles-pots\/tajine\/staub-tajine-en-fonte-28-cm-cerise\/#primaryimage\",\"url\":\"https:\/\/i3.wp.com\/interpim.erresse-shop.it\/Import\/Prodotti\/staub-tajine-ghisa-28-cm-ciliegia.jpg?ssl=1\",\"contentUrl\":\"https:\/\/i3.wp.com\/interpim.erresse-shop.it\/Import\/Prodotti\/staub-tajine-ghisa-28-cm-ciliegia.jpg?ssl=1\"},{\"@type\":\"BreadcrumbList\",\"@id\":\"https:\/\/dev6.erresse-shop.it\/fr\/shop\/poeles-pots\/tajine\/staub-tajine-en-fonte-28-cm-cerise\/#breadcrumb\",\"itemListElement\":[{\"@type\":\"ListItem\",\"position\":1,\"name\":\"Home\",\"item\":\"https:\/\/dev6.erresse-shop.it\/\"},{\"@type\":\"ListItem\",\"position\":2,\"name\":\"Boutique\",\"item\":\"https:\/\/dev6.erresse-shop.it\/shop\/\"},{\"@type\":\"ListItem\",\"position\":3,\"name\":\"STAUB Tajine en fonte 28 cm cerise\"}]},{\"@type\":\"WebSite\",\"@id\":\"https:\/\/dev6.erresse-shop.it\/#website\",\"url\":\"https:\/\/dev6.erresse-shop.it\/\",\"name\":\"Erresse Shop\",\"description\":\"\",\"publisher\":{\"@id\":\"https:\/\/dev6.erresse-shop.it\/#organization\"},\"potentialAction\":[{\"@type\":\"SearchAction\",\"target\":{\"@type\":\"EntryPoint\",\"urlTemplate\":\"https:\/\/dev6.erresse-shop.it\/?s={search_term_string}\"},\"query-input\":{\"@type\":\"PropertyValueSpecification\",\"valueRequired\":true,\"valueName\":\"search_term_string\"}}],\"inLanguage\":\"fr-FR\"},{\"@type\":\"Organization\",\"@id\":\"https:\/\/dev6.erresse-shop.it\/#organization\",\"name\":\"Erresse Shop\",\"url\":\"https:\/\/dev6.erresse-shop.it\/\",\"logo\":{\"@type\":\"ImageObject\",\"inLanguage\":\"fr-FR\",\"@id\":\"https:\/\/dev6.erresse-shop.it\/#\/schema\/logo\/image\/\",\"url\":\"https:\/\/dev6.erresse-shop.it\/wp-content\/uploads\/2025\/01\/LOGO-ERRESSE-CLASSICO.svg\",\"contentUrl\":\"https:\/\/dev6.erresse-shop.it\/wp-content\/uploads\/2025\/01\/LOGO-ERRESSE-CLASSICO.svg\",\"caption\":\"Erresse Shop\"},\"image\":{\"@id\":\"https:\/\/dev6.erresse-shop.it\/#\/schema\/logo\/image\/\"}}]}<\/script>\n<!-- \/ Yoast SEO plugin. -->","yoast_head_json":{"title":"STAUB Tajine en fonte 28 cm cerise - dev6 Erresse","description":"Avec le tajine en fonte de STAUB, vous apportez la tradition nord-africaine dans votre cuisine : qu\u2019il s\u2019agisse de plats de viande savoureux ou de d\u00e9lices","robots":{"index":"noindex","follow":"follow","max-snippet":"max-snippet:-1","max-image-preview":"max-image-preview:large","max-video-preview":"max-video-preview:-1"},"og_locale":"fr_FR","og_type":"article","og_title":"STAUB Tajine en fonte 28 cm cerise - dev6 Erresse","og_description":"Avec le tajine en fonte de STAUB, vous apportez la tradition nord-africaine dans votre cuisine : qu\u2019il s\u2019agisse de plats de viande savoureux ou de d\u00e9lices","og_url":"https:\/\/dev6.erresse-shop.it\/fr\/shop\/poeles-pots\/tajine\/staub-tajine-en-fonte-28-cm-cerise\/","og_site_name":"dev6 Erresse","og_image":[{"url":"https:\/\/interpim.erresse-shop.it\/Import\/Prodotti\/staub-tajine-ghisa-28-cm-ciliegia.jpg","type":"","width":"","height":""},{"url":"https:\/\/interpim.erresse-shop.it\/Import\/Prodotti\/staub-tajine-ghisa-28-cm-ciliegia.jpg","width":1024,"height":1024,"type":"image\/jpeg"}],"twitter_card":"summary_large_image","twitter_image":"https:\/\/interpim.erresse-shop.it\/Import\/Prodotti\/staub-tajine-ghisa-28-cm-ciliegia.jpg","schema":{"@context":"https:\/\/schema.org","@graph":[{"@type":"WebPage","@id":"https:\/\/dev6.erresse-shop.it\/fr\/shop\/poeles-pots\/tajine\/staub-tajine-en-fonte-28-cm-cerise\/","url":"https:\/\/dev6.erresse-shop.it\/fr\/shop\/poeles-pots\/tajine\/staub-tajine-en-fonte-28-cm-cerise\/","name":"STAUB Tajine en fonte 28 cm cerise - dev6 Erresse","isPartOf":{"@id":"https:\/\/dev6.erresse-shop.it\/#website"},"primaryImageOfPage":{"@id":"https:\/\/dev6.erresse-shop.it\/fr\/shop\/poeles-pots\/tajine\/staub-tajine-en-fonte-28-cm-cerise\/#primaryimage"},"image":{"@id":"https:\/\/dev6.erresse-shop.it\/fr\/shop\/poeles-pots\/tajine\/staub-tajine-en-fonte-28-cm-cerise\/#primaryimage"},"thumbnailUrl":"https:\/\/i3.wp.com\/interpim.erresse-shop.it\/Import\/Prodotti\/staub-tajine-ghisa-28-cm-ciliegia.jpg?ssl=1","datePublished":"2026-04-12T11:36:44+00:00","description":"Avec le tajine en fonte de STAUB, vous apportez la tradition nord-africaine dans votre cuisine : qu\u2019il s\u2019agisse de plats de viande savoureux ou de d\u00e9lices","breadcrumb":{"@id":"https:\/\/dev6.erresse-shop.it\/fr\/shop\/poeles-pots\/tajine\/staub-tajine-en-fonte-28-cm-cerise\/#breadcrumb"},"inLanguage":"fr-FR","potentialAction":[{"@type":"ReadAction","target":["https:\/\/dev6.erresse-shop.it\/fr\/shop\/poeles-pots\/tajine\/staub-tajine-en-fonte-28-cm-cerise\/"]}]},{"@type":"ImageObject","inLanguage":"fr-FR","@id":"https:\/\/dev6.erresse-shop.it\/fr\/shop\/poeles-pots\/tajine\/staub-tajine-en-fonte-28-cm-cerise\/#primaryimage","url":"https:\/\/i3.wp.com\/interpim.erresse-shop.it\/Import\/Prodotti\/staub-tajine-ghisa-28-cm-ciliegia.jpg?ssl=1","contentUrl":"https:\/\/i3.wp.com\/interpim.erresse-shop.it\/Import\/Prodotti\/staub-tajine-ghisa-28-cm-ciliegia.jpg?ssl=1"},{"@type":"BreadcrumbList","@id":"https:\/\/dev6.erresse-shop.it\/fr\/shop\/poeles-pots\/tajine\/staub-tajine-en-fonte-28-cm-cerise\/#breadcrumb","itemListElement":[{"@type":"ListItem","position":1,"name":"Home","item":"https:\/\/dev6.erresse-shop.it\/"},{"@type":"ListItem","position":2,"name":"Boutique","item":"https:\/\/dev6.erresse-shop.it\/shop\/"},{"@type":"ListItem","position":3,"name":"STAUB Tajine en fonte 28 cm cerise"}]},{"@type":"WebSite","@id":"https:\/\/dev6.erresse-shop.it\/#website","url":"https:\/\/dev6.erresse-shop.it\/","name":"Erresse Shop","description":"","publisher":{"@id":"https:\/\/dev6.erresse-shop.it\/#organization"},"potentialAction":[{"@type":"SearchAction","target":{"@type":"EntryPoint","urlTemplate":"https:\/\/dev6.erresse-shop.it\/?s={search_term_string}"},"query-input":{"@type":"PropertyValueSpecification","valueRequired":true,"valueName":"search_term_string"}}],"inLanguage":"fr-FR"},{"@type":"Organization","@id":"https:\/\/dev6.erresse-shop.it\/#organization","name":"Erresse Shop","url":"https:\/\/dev6.erresse-shop.it\/","logo":{"@type":"ImageObject","inLanguage":"fr-FR","@id":"https:\/\/dev6.erresse-shop.it\/#\/schema\/logo\/image\/","url":"https:\/\/dev6.erresse-shop.it\/wp-content\/uploads\/2025\/01\/LOGO-ERRESSE-CLASSICO.svg","contentUrl":"https:\/\/dev6.erresse-shop.it\/wp-content\/uploads\/2025\/01\/LOGO-ERRESSE-CLASSICO.svg","caption":"Erresse Shop"},"image":{"@id":"https:\/\/dev6.erresse-shop.it\/#\/schema\/logo\/image\/"}}]}},"df_price":129.95,"df_sale_price":129.95,"df_regular_price":199,"df_image_link":"https:\/\/i3.wp.com\/interpim.erresse-shop.it\/Import\/Prodotti\/staub-tajine-ghisa-28-cm-ciliegia.jpg?resize=300,300&ssl=1","fifu_image_url":"https:\/\/interpim.erresse-shop.it\/Import\/Prodotti\/staub-tajine-ghisa-28-cm-ciliegia.jpg","_links":{"self":[{"href":"https:\/\/dev6.erresse-shop.it\/fr\/wp-json\/wp\/v2\/product\/58988","targetHints":{"allow":["GET"]}}],"collection":[{"href":"https:\/\/dev6.erresse-shop.it\/fr\/wp-json\/wp\/v2\/product"}],"about":[{"href":"https:\/\/dev6.erresse-shop.it\/fr\/wp-json\/wp\/v2\/types\/product"}],"wp:featuredmedia":[{"embeddable":true,"href":"https:\/\/dev6.erresse-shop.it\/fr\/wp-json\/wp\/v2\/media\/6377467"}],"wp:attachment":[{"href":"https:\/\/dev6.erresse-shop.it\/fr\/wp-json\/wp\/v2\/media?parent=58988"}],"wp:term":[{"taxonomy":"product_cat","embeddable":true,"href":"https:\/\/dev6.erresse-shop.it\/fr\/wp-json\/wp\/v2\/product_cat?post=58988"},{"taxonomy":"product_tag","embeddable":true,"href":"https:\/\/dev6.erresse-shop.it\/fr\/wp-json\/wp\/v2\/product_tag?post=58988"}],"curies":[{"name":"wp","href":"https:\/\/api.w.org\/{rel}","templated":true}]}}