{"id":58978,"date":"2026-04-16T19:12:03","date_gmt":"2026-04-16T17:12:03","guid":{"rendered":"https:\/\/dev6.erresse-shop.it\/shop\/non%20class\u00e9\/zwilling-emballage-sous-vide-m-l-freshsave-en-verre-7-pieces\/"},"modified":"2025-09-14T04:20:15","modified_gmt":"2025-09-14T02:20:15","slug":"zwilling-emballage-sous-vide-m-l-freshsave-en-verre-7-pieces","status":"publish","type":"product","link":"https:\/\/dev6.erresse-shop.it\/fr\/shop\/cuisine\/couteaux\/accessoires\/zwilling-emballage-sous-vide-m-l-freshsave-en-verre-7-pieces\/","title":{"rendered":"ZWILLING Emballage sous Vide M-L Fresh&#038;Save en Verre 7 Pi\u00e8ces"},"content":{"rendered":"<p>LE PREMIER ENSEMBLE D\u2019ASPIRATEURS S\/M : SAIN ET DURABLE, LA PR\u00c9SERVATION DE L\u2019AVENIR EST L\u00c0<\/p>\n<p>Quand on pr\u00e9pare trop de choses et qu\u2019on d\u00e9teste jeter de la nourriture. Quand la salade tendre s\u2019ab\u00eeme dans le r\u00e9frig\u00e9rateur. Lorsque les invit\u00e9s doivent annuler \u00e0 la derni\u00e8re minute, et que la moiti\u00e9 du buffet est laiss\u00e9e \u00e0 l\u2019abandon. Nous sommes tous d\u00e9sol\u00e9s lorsque nous devons jeter de la nourriture. Mais il existe une solution durable : FRESH &amp; SAVE. Con\u00e7u sp\u00e9cialement pour ceux qui veulent am\u00e9liorer le monde, un pas apr\u00e8s l\u2019autre : le premier set d\u2019emballage sous vide, en verre, en taille S\/M. Et c\u2019est aussi tr\u00e8s pratique : les r\u00e9cipients du set peuvent contenir des lasagnes, de la salade et m\u00eame tous les d\u00e9licieux amuse-gueules que vous avez pr\u00e9par\u00e9s pour la f\u00eate. Gr\u00e2ce \u00e0 la polyvalence du verre et aux sacs en plastique r\u00e9utilisables pratiques, vous pouvez conserver vos aliments frais jusqu\u2019\u00e0 cinq fois plus longtemps qu\u2019avec les m\u00e9thodes traditionnelles sans vide. La pompe \u00e0 vide pratique et sans fil incluse dans le set cr\u00e9era un vide pour vous en quelques \u00e9tapes faciles, gardant les saveurs et les nutriments intacts. Saviez-vous qu\u2019il est \u00e9galement inodore ? Et il s\u2019arr\u00eate automatiquement lorsqu\u2019il a cr\u00e9\u00e9 suffisamment de vide. En plus de la pompe, le set comprend \u00e9galement deux sacs \u00e0 vide de taille S et deux de taille M, ainsi que des r\u00e9cipients en verre d\u2019une capacit\u00e9 de 0,35 et 0,9 litre, que vous pouvez \u00e9galement laver au lave-vaisselle. Enfin, vous pouvez stocker autant de nourriture que vous le souhaitez dans le r\u00e9frig\u00e9rateur ou le cong\u00e9lateur. Et si vous voulez une aide suppl\u00e9mentaire, utilisez votre smartphone ou votre tablette pour scanner le code QR sur les r\u00e9cipients et les sacs et g\u00e9rer votre stockage alimentaire dans l\u2019application ZWILLING Culinary World. L\u2019application vous rappellera en temps utile qu\u2019il est temps d\u2019utiliser les aliments que vous avez stock\u00e9s. Vous connaissez cette sensation d\u00e9sagr\u00e9able de jeter de la nourriture ? Disparu en quelques secondes, gr\u00e2ce \u00e0 l\u2019emballage sous vide pratique !<\/p>\n<p>Comment fonctionne l\u2019emballage sous vide ? Par rapport aux m\u00e9thodes de conservation traditionnelles, l\u2019emballage sous vide permet de garder les aliments frais jusqu\u2019\u00e0 cinq fois plus longtemps. De cette fa\u00e7on, vous gardez les saveurs et les nutriments intacts et vous r\u00e9duisez les d\u00e9chets alimentaires.<br \/>\nVous pouvez stocker des aliments empil\u00e9s dans le r\u00e9frig\u00e9rateur ou le cong\u00e9lateur, ce qui permet de gagner de l\u2019espace, et lorsque vous ne les utilisez pas, vous pouvez facilement ranger les r\u00e9cipients en verre les uns dans les autres.<br \/>\nL\u2019\u00e9l\u00e9gance du verre vous permet \u00e9galement de l\u2019utiliser pour le service \u00e0 table.<br \/>\nStockage s\u00fbr des aliments et des plats pr\u00e9par\u00e9s (le vide r\u00e9duit les br\u00fblures de cong\u00e9lation).<br \/>\nVous pouvez \u00e9galement utiliser le r\u00e9cipient en verre au four (sans couvercle jusqu\u2019\u00e0 180 \u00b0C), au micro-ondes et au lave-vaisselle.<br \/>\nSacs sous vide r\u00e9utilisables : s\u00fbrs, r\u00e9sistants \u00e0 la chaleur, parfaits pour la cuisson sous-vide, micro-ondables.<br \/>\nL\u2019ensemble comprend une pompe \u00e0 vide, 2 r\u00e9cipients en verre et 4 sacs r\u00e9utilisables (deux tailles S et deux tailles M). Capacit\u00e9 des r\u00e9cipients en verre, sans couvercle \/ niveau de remplissage max. : M 0.9 l \/ 0.75 l ; S 0.3 l \/ 0.2 l ; sac \u00e0 vide : S 1.25 l \/ M 4 l<br \/>\nMat\u00e9riaux : sans BPA ; r\u00e9cipients en verre : verre borosilicate (base), plastique (couvercle), silicone (valve, joint) ; sac r\u00e9utilisable : plastique (sac, fermeture \u00e9clair), silicone (valve).<br \/>\nCouvercle \u00e0 vide avec technologie innovante de double verrouillage et fonction d\u2019indication de vide : si le couvercle int\u00e9rieur est abaiss\u00e9, la bo\u00eete est mise sous vide.<br \/>\nTout est toujours sous contr\u00f4le gr\u00e2ce \u00e0 l\u2019application ZWILLING Culinary World et au code QR sur le couvercle, utile pour suivre les aliments et leur dur\u00e9e de conservation.<br \/>\nL\u2019application gratuite calcule la dur\u00e9e de conservation de vos aliments et de vos plats et la fonction de rappel vous permet de savoir quand il est temps d\u2019utiliser ce que vous avez stock\u00e9. En outre, l\u2019application contient des recettes, une vid\u00e9o explicative et une fonction de liste de courses.<\/p>\n<p>CARACT\u00c9RISTIQUES<\/p>\n<p>Couleur : blanc<br \/>\nR\u00e9sistance \u00e0 la chaleur : 180.00 \u00baC<br \/>\nR\u00e9sistance au froid : -20.00 \u00baC<br \/>\nMat\u00e9riau : plastique<br \/>\nPasse au micro-ondes : Oui<br \/>\nConvient pour le cong\u00e9lateur : Oui<br \/>\nNombre de pi\u00e8ces : 7<br \/>\nTension : 110-240 V<\/p>\n","protected":false},"excerpt":{"rendered":"<p>LE PREMIER ENSEMBLE D\u2019ASPIRATEURS S\/M : SAIN ET DURABLE, LA PR\u00c9SERVATION DE L\u2019AVENIR EST L\u00c0 Quand on pr\u00e9pare trop de choses et qu\u2019on d\u00e9teste jeter de la nourriture. Quand la salade tendre s\u2019ab\u00eeme dans le r\u00e9frig\u00e9rateur. Lorsque les invit\u00e9s doivent annuler \u00e0 la derni\u00e8re minute, et que la moiti\u00e9 du buffet est laiss\u00e9e \u00e0 l\u2019abandon. [&hellip;]<\/p>\n","protected":false},"featured_media":6490480,"template":"","meta":{"_acf_changed":false},"product_cat":[11999,11668,11992,11771,12095],"product_tag":[],"class_list":{"0":"post-58978","1":"product","2":"type-product","3":"status-publish","4":"has-post-thumbnail","6":"product_cat-accessoires","7":"product_cat-cucina","8":"product_cat-cuisine","9":"product_cat-sottovuoto","10":"product_cat-sous-vide","12":"first","13":"outofstock","14":"sale","15":"taxable","16":"shipping-taxable","17":"purchasable","18":"product-type-simple","swatches":"rey-swatches","show_selected":"","stretch_labels":"rey-swatches--stretch-labels"},"acf":[],"yoast_head":"<!-- This site is optimized with the Yoast SEO plugin v25.4 - https:\/\/yoast.com\/wordpress\/plugins\/seo\/ -->\n<title>ZWILLING Emballage sous Vide M-L Fresh&#038;Save en Verre 7 Pi\u00e8ces - dev6 Erresse<\/title>\n<meta name=\"description\" content=\"LE PREMIER ENSEMBLE D\u2019ASPIRATEURS S\/M : SAIN ET DURABLE, LA PR\u00c9SERVATION DE L\u2019AVENIR EST L\u00c0 Quand on pr\u00e9pare trop de choses et qu\u2019on d\u00e9teste jeter de la\" \/>\n<meta name=\"robots\" content=\"noindex, follow, max-snippet:-1, max-image-preview:large, max-video-preview:-1\" \/>\n<meta property=\"og:locale\" content=\"fr_FR\" \/>\n<meta property=\"og:type\" content=\"article\" \/>\n<meta property=\"og:title\" content=\"ZWILLING Emballage sous Vide M-L Fresh&#038;Save en Verre 7 Pi\u00e8ces - dev6 Erresse\" \/>\n<meta property=\"og:description\" content=\"LE PREMIER ENSEMBLE D\u2019ASPIRATEURS S\/M : SAIN ET DURABLE, LA PR\u00c9SERVATION DE L\u2019AVENIR EST L\u00c0 Quand on pr\u00e9pare trop de choses et qu\u2019on d\u00e9teste jeter de la\" \/>\n<meta property=\"og:url\" content=\"https:\/\/dev6.erresse-shop.it\/fr\/shop\/cuisine\/couteaux\/accessoires\/zwilling-emballage-sous-vide-m-l-freshsave-en-verre-7-pieces\/\" \/>\n<meta property=\"og:site_name\" content=\"dev6 Erresse\" \/>\n<meta property=\"og:image\" content=\"https:\/\/interpim.erresse-shop.it\/img-catalogo\/zwilling\/zwilling-set-sottovuoto-small-medium.jpg\" \/><meta property=\"og:image\" content=\"https:\/\/interpim.erresse-shop.it\/img-catalogo\/zwilling\/zwilling-set-sottovuoto-small-medium.jpg\" \/>\n\t<meta property=\"og:image:width\" content=\"1024\" \/>\n\t<meta property=\"og:image:height\" content=\"1024\" \/>\n\t<meta property=\"og:image:type\" content=\"image\/jpeg\" \/>\n<meta name=\"twitter:card\" content=\"summary_large_image\" \/>\n<meta name=\"twitter:image\" content=\"https:\/\/interpim.erresse-shop.it\/img-catalogo\/zwilling\/zwilling-set-sottovuoto-small-medium.jpg\" \/>\n<script type=\"application\/ld+json\" class=\"yoast-schema-graph\">{\"@context\":\"https:\/\/schema.org\",\"@graph\":[{\"@type\":\"WebPage\",\"@id\":\"https:\/\/dev6.erresse-shop.it\/fr\/shop\/cuisine\/couteaux\/accessoires\/zwilling-emballage-sous-vide-m-l-freshsave-en-verre-7-pieces\/\",\"url\":\"https:\/\/dev6.erresse-shop.it\/fr\/shop\/cuisine\/couteaux\/accessoires\/zwilling-emballage-sous-vide-m-l-freshsave-en-verre-7-pieces\/\",\"name\":\"ZWILLING Emballage sous Vide M-L Fresh&#038;Save en Verre 7 Pi\u00e8ces - dev6 Erresse\",\"isPartOf\":{\"@id\":\"https:\/\/dev6.erresse-shop.it\/#website\"},\"primaryImageOfPage\":{\"@id\":\"https:\/\/dev6.erresse-shop.it\/fr\/shop\/cuisine\/couteaux\/accessoires\/zwilling-emballage-sous-vide-m-l-freshsave-en-verre-7-pieces\/#primaryimage\"},\"image\":{\"@id\":\"https:\/\/dev6.erresse-shop.it\/fr\/shop\/cuisine\/couteaux\/accessoires\/zwilling-emballage-sous-vide-m-l-freshsave-en-verre-7-pieces\/#primaryimage\"},\"thumbnailUrl\":\"https:\/\/i1.wp.com\/interpim.erresse-shop.it\/img-catalogo\/zwilling\/zwilling-set-sottovuoto-small-medium.jpg?ssl=1\",\"datePublished\":\"2026-04-16T17:12:03+00:00\",\"description\":\"LE PREMIER ENSEMBLE D\u2019ASPIRATEURS S\/M : SAIN ET DURABLE, LA PR\u00c9SERVATION DE L\u2019AVENIR EST L\u00c0 Quand on pr\u00e9pare trop de choses et qu\u2019on d\u00e9teste jeter de la\",\"breadcrumb\":{\"@id\":\"https:\/\/dev6.erresse-shop.it\/fr\/shop\/cuisine\/couteaux\/accessoires\/zwilling-emballage-sous-vide-m-l-freshsave-en-verre-7-pieces\/#breadcrumb\"},\"inLanguage\":\"fr-FR\",\"potentialAction\":[{\"@type\":\"ReadAction\",\"target\":[\"https:\/\/dev6.erresse-shop.it\/fr\/shop\/cuisine\/couteaux\/accessoires\/zwilling-emballage-sous-vide-m-l-freshsave-en-verre-7-pieces\/\"]}]},{\"@type\":\"ImageObject\",\"inLanguage\":\"fr-FR\",\"@id\":\"https:\/\/dev6.erresse-shop.it\/fr\/shop\/cuisine\/couteaux\/accessoires\/zwilling-emballage-sous-vide-m-l-freshsave-en-verre-7-pieces\/#primaryimage\",\"url\":\"https:\/\/i1.wp.com\/interpim.erresse-shop.it\/img-catalogo\/zwilling\/zwilling-set-sottovuoto-small-medium.jpg?ssl=1\",\"contentUrl\":\"https:\/\/i1.wp.com\/interpim.erresse-shop.it\/img-catalogo\/zwilling\/zwilling-set-sottovuoto-small-medium.jpg?ssl=1\"},{\"@type\":\"BreadcrumbList\",\"@id\":\"https:\/\/dev6.erresse-shop.it\/fr\/shop\/cuisine\/couteaux\/accessoires\/zwilling-emballage-sous-vide-m-l-freshsave-en-verre-7-pieces\/#breadcrumb\",\"itemListElement\":[{\"@type\":\"ListItem\",\"position\":1,\"name\":\"Home\",\"item\":\"https:\/\/dev6.erresse-shop.it\/\"},{\"@type\":\"ListItem\",\"position\":2,\"name\":\"Boutique\",\"item\":\"https:\/\/dev6.erresse-shop.it\/shop\/\"},{\"@type\":\"ListItem\",\"position\":3,\"name\":\"ZWILLING Emballage sous Vide M-L Fresh&#038;Save en Verre 7 Pi\u00e8ces\"}]},{\"@type\":\"WebSite\",\"@id\":\"https:\/\/dev6.erresse-shop.it\/#website\",\"url\":\"https:\/\/dev6.erresse-shop.it\/\",\"name\":\"Erresse Shop\",\"description\":\"\",\"publisher\":{\"@id\":\"https:\/\/dev6.erresse-shop.it\/#organization\"},\"potentialAction\":[{\"@type\":\"SearchAction\",\"target\":{\"@type\":\"EntryPoint\",\"urlTemplate\":\"https:\/\/dev6.erresse-shop.it\/?s={search_term_string}\"},\"query-input\":{\"@type\":\"PropertyValueSpecification\",\"valueRequired\":true,\"valueName\":\"search_term_string\"}}],\"inLanguage\":\"fr-FR\"},{\"@type\":\"Organization\",\"@id\":\"https:\/\/dev6.erresse-shop.it\/#organization\",\"name\":\"Erresse Shop\",\"url\":\"https:\/\/dev6.erresse-shop.it\/\",\"logo\":{\"@type\":\"ImageObject\",\"inLanguage\":\"fr-FR\",\"@id\":\"https:\/\/dev6.erresse-shop.it\/#\/schema\/logo\/image\/\",\"url\":\"https:\/\/dev6.erresse-shop.it\/wp-content\/uploads\/2025\/01\/LOGO-ERRESSE-CLASSICO.svg\",\"contentUrl\":\"https:\/\/dev6.erresse-shop.it\/wp-content\/uploads\/2025\/01\/LOGO-ERRESSE-CLASSICO.svg\",\"caption\":\"Erresse Shop\"},\"image\":{\"@id\":\"https:\/\/dev6.erresse-shop.it\/#\/schema\/logo\/image\/\"}}]}<\/script>\n<!-- \/ Yoast SEO plugin. -->","yoast_head_json":{"title":"ZWILLING Emballage sous Vide M-L Fresh&#038;Save en Verre 7 Pi\u00e8ces - dev6 Erresse","description":"LE PREMIER ENSEMBLE D\u2019ASPIRATEURS S\/M : SAIN ET DURABLE, LA PR\u00c9SERVATION DE L\u2019AVENIR EST L\u00c0 Quand on pr\u00e9pare trop de choses et qu\u2019on d\u00e9teste jeter de la","robots":{"index":"noindex","follow":"follow","max-snippet":"max-snippet:-1","max-image-preview":"max-image-preview:large","max-video-preview":"max-video-preview:-1"},"og_locale":"fr_FR","og_type":"article","og_title":"ZWILLING Emballage sous Vide M-L Fresh&#038;Save en Verre 7 Pi\u00e8ces - dev6 Erresse","og_description":"LE PREMIER ENSEMBLE D\u2019ASPIRATEURS S\/M : SAIN ET DURABLE, LA PR\u00c9SERVATION DE L\u2019AVENIR EST L\u00c0 Quand on pr\u00e9pare trop de choses et qu\u2019on d\u00e9teste jeter de la","og_url":"https:\/\/dev6.erresse-shop.it\/fr\/shop\/cuisine\/couteaux\/accessoires\/zwilling-emballage-sous-vide-m-l-freshsave-en-verre-7-pieces\/","og_site_name":"dev6 Erresse","og_image":[{"url":"https:\/\/interpim.erresse-shop.it\/img-catalogo\/zwilling\/zwilling-set-sottovuoto-small-medium.jpg","type":"","width":"","height":""},{"url":"https:\/\/interpim.erresse-shop.it\/img-catalogo\/zwilling\/zwilling-set-sottovuoto-small-medium.jpg","width":1024,"height":1024,"type":"image\/jpeg"}],"twitter_card":"summary_large_image","twitter_image":"https:\/\/interpim.erresse-shop.it\/img-catalogo\/zwilling\/zwilling-set-sottovuoto-small-medium.jpg","schema":{"@context":"https:\/\/schema.org","@graph":[{"@type":"WebPage","@id":"https:\/\/dev6.erresse-shop.it\/fr\/shop\/cuisine\/couteaux\/accessoires\/zwilling-emballage-sous-vide-m-l-freshsave-en-verre-7-pieces\/","url":"https:\/\/dev6.erresse-shop.it\/fr\/shop\/cuisine\/couteaux\/accessoires\/zwilling-emballage-sous-vide-m-l-freshsave-en-verre-7-pieces\/","name":"ZWILLING Emballage sous Vide M-L Fresh&#038;Save en Verre 7 Pi\u00e8ces - dev6 Erresse","isPartOf":{"@id":"https:\/\/dev6.erresse-shop.it\/#website"},"primaryImageOfPage":{"@id":"https:\/\/dev6.erresse-shop.it\/fr\/shop\/cuisine\/couteaux\/accessoires\/zwilling-emballage-sous-vide-m-l-freshsave-en-verre-7-pieces\/#primaryimage"},"image":{"@id":"https:\/\/dev6.erresse-shop.it\/fr\/shop\/cuisine\/couteaux\/accessoires\/zwilling-emballage-sous-vide-m-l-freshsave-en-verre-7-pieces\/#primaryimage"},"thumbnailUrl":"https:\/\/i1.wp.com\/interpim.erresse-shop.it\/img-catalogo\/zwilling\/zwilling-set-sottovuoto-small-medium.jpg?ssl=1","datePublished":"2026-04-16T17:12:03+00:00","description":"LE PREMIER ENSEMBLE D\u2019ASPIRATEURS S\/M : SAIN ET DURABLE, LA PR\u00c9SERVATION DE L\u2019AVENIR EST L\u00c0 Quand on pr\u00e9pare trop de choses et qu\u2019on d\u00e9teste jeter de la","breadcrumb":{"@id":"https:\/\/dev6.erresse-shop.it\/fr\/shop\/cuisine\/couteaux\/accessoires\/zwilling-emballage-sous-vide-m-l-freshsave-en-verre-7-pieces\/#breadcrumb"},"inLanguage":"fr-FR","potentialAction":[{"@type":"ReadAction","target":["https:\/\/dev6.erresse-shop.it\/fr\/shop\/cuisine\/couteaux\/accessoires\/zwilling-emballage-sous-vide-m-l-freshsave-en-verre-7-pieces\/"]}]},{"@type":"ImageObject","inLanguage":"fr-FR","@id":"https:\/\/dev6.erresse-shop.it\/fr\/shop\/cuisine\/couteaux\/accessoires\/zwilling-emballage-sous-vide-m-l-freshsave-en-verre-7-pieces\/#primaryimage","url":"https:\/\/i1.wp.com\/interpim.erresse-shop.it\/img-catalogo\/zwilling\/zwilling-set-sottovuoto-small-medium.jpg?ssl=1","contentUrl":"https:\/\/i1.wp.com\/interpim.erresse-shop.it\/img-catalogo\/zwilling\/zwilling-set-sottovuoto-small-medium.jpg?ssl=1"},{"@type":"BreadcrumbList","@id":"https:\/\/dev6.erresse-shop.it\/fr\/shop\/cuisine\/couteaux\/accessoires\/zwilling-emballage-sous-vide-m-l-freshsave-en-verre-7-pieces\/#breadcrumb","itemListElement":[{"@type":"ListItem","position":1,"name":"Home","item":"https:\/\/dev6.erresse-shop.it\/"},{"@type":"ListItem","position":2,"name":"Boutique","item":"https:\/\/dev6.erresse-shop.it\/shop\/"},{"@type":"ListItem","position":3,"name":"ZWILLING Emballage sous Vide M-L Fresh&#038;Save en Verre 7 Pi\u00e8ces"}]},{"@type":"WebSite","@id":"https:\/\/dev6.erresse-shop.it\/#website","url":"https:\/\/dev6.erresse-shop.it\/","name":"Erresse Shop","description":"","publisher":{"@id":"https:\/\/dev6.erresse-shop.it\/#organization"},"potentialAction":[{"@type":"SearchAction","target":{"@type":"EntryPoint","urlTemplate":"https:\/\/dev6.erresse-shop.it\/?s={search_term_string}"},"query-input":{"@type":"PropertyValueSpecification","valueRequired":true,"valueName":"search_term_string"}}],"inLanguage":"fr-FR"},{"@type":"Organization","@id":"https:\/\/dev6.erresse-shop.it\/#organization","name":"Erresse Shop","url":"https:\/\/dev6.erresse-shop.it\/","logo":{"@type":"ImageObject","inLanguage":"fr-FR","@id":"https:\/\/dev6.erresse-shop.it\/#\/schema\/logo\/image\/","url":"https:\/\/dev6.erresse-shop.it\/wp-content\/uploads\/2025\/01\/LOGO-ERRESSE-CLASSICO.svg","contentUrl":"https:\/\/dev6.erresse-shop.it\/wp-content\/uploads\/2025\/01\/LOGO-ERRESSE-CLASSICO.svg","caption":"Erresse Shop"},"image":{"@id":"https:\/\/dev6.erresse-shop.it\/#\/schema\/logo\/image\/"}}]}},"df_price":79.95,"df_sale_price":79.95,"df_regular_price":99.95,"df_image_link":"https:\/\/i1.wp.com\/interpim.erresse-shop.it\/img-catalogo\/zwilling\/zwilling-set-sottovuoto-small-medium.jpg?resize=300,300&ssl=1","fifu_image_url":"https:\/\/interpim.erresse-shop.it\/img-catalogo\/zwilling\/zwilling-set-sottovuoto-small-medium.jpg","_links":{"self":[{"href":"https:\/\/dev6.erresse-shop.it\/fr\/wp-json\/wp\/v2\/product\/58978","targetHints":{"allow":["GET"]}}],"collection":[{"href":"https:\/\/dev6.erresse-shop.it\/fr\/wp-json\/wp\/v2\/product"}],"about":[{"href":"https:\/\/dev6.erresse-shop.it\/fr\/wp-json\/wp\/v2\/types\/product"}],"wp:featuredmedia":[{"embeddable":true,"href":"https:\/\/dev6.erresse-shop.it\/fr\/wp-json\/wp\/v2\/media\/6490480"}],"wp:attachment":[{"href":"https:\/\/dev6.erresse-shop.it\/fr\/wp-json\/wp\/v2\/media?parent=58978"}],"wp:term":[{"taxonomy":"product_cat","embeddable":true,"href":"https:\/\/dev6.erresse-shop.it\/fr\/wp-json\/wp\/v2\/product_cat?post=58978"},{"taxonomy":"product_tag","embeddable":true,"href":"https:\/\/dev6.erresse-shop.it\/fr\/wp-json\/wp\/v2\/product_tag?post=58978"}],"curies":[{"name":"wp","href":"https:\/\/api.w.org\/{rel}","templated":true}]}}