{"id":58976,"date":"2026-04-16T19:12:03","date_gmt":"2026-04-16T17:12:03","guid":{"rendered":"https:\/\/dev6.erresse-shop.it\/shop\/non%20class\u00e9\/zwilling-emballage-sous-vide-m-l-freshsave-7-pieces\/"},"modified":"2025-09-14T04:20:13","modified_gmt":"2025-09-14T02:20:13","slug":"zwilling-emballage-sous-vide-m-l-freshsave-7-pieces","status":"publish","type":"product","link":"https:\/\/dev6.erresse-shop.it\/fr\/shop\/cuisine\/couteaux\/accessoires\/zwilling-emballage-sous-vide-m-l-freshsave-7-pieces\/","title":{"rendered":"ZWILLING Emballage sous Vide M-L Fresh&#038;Save 7 Pi\u00e8ces"},"content":{"rendered":"<p>LE BON SET POUR COMMENCER UN R\u00c9GIME SAIN ET DURABLE<\/p>\n<p>Le jeu de plastique est l\u2019occasion de mettre enfin les bonnes intentions en pratique. Mangez sainement, \u00e9conomisez du temps et de l\u2019argent et jetez moins de nourriture \u00e0 la poubelle !<br \/>\nVoici comment : achetez autant de produits frais que vous le souhaitez et conservez-les au r\u00e9frig\u00e9rateur ou au cong\u00e9lateur en utilisant les conteneurs sous vide de cette gamme. Ou pr\u00e9parez vos repas aujourd\u2019hui pour le reste de la semaine. Gr\u00e2ce \u00e0 la conservation sous vide, vos aliments resteront frais jusqu\u2019\u00e0 cinq fois plus longtemps qu\u2019avec les m\u00e9thodes conventionnelles de conservation sans vide !<br \/>\nLe stockage sous vide est un jeu d\u2019enfant : placez la pompe \u00e0 vide pratique sur la valve des r\u00e9cipients et des sacs, puis, en appuyant sur un bouton, la pompe extrait l\u2019air des r\u00e9cipients en quelques secondes. Le point fort : il s\u2019arr\u00eate automatiquement d\u00e8s qu\u2019un vide suffisant a \u00e9t\u00e9 g\u00e9n\u00e9r\u00e9. Les ar\u00f4mes et les nutriments sont pr\u00e9serv\u00e9s en toute s\u00e9curit\u00e9. En plus de la pompe \u00e0 vide, le kit comprend deux sacs \u00e0 vide de taille S et M et deux r\u00e9cipients en plastique d\u2019une capacit\u00e9 de 1,1 et 2,3 litres.<br \/>\nLes r\u00e9cipients sous vide r\u00e9sistent au cong\u00e9lateur, au micro-ondes et au lave-vaisselle. Les sacs sous vide sont r\u00e9sistants \u00e0 la cong\u00e9lation et peuvent supporter des temp\u00e9ratures allant jusqu\u2019\u00e0 100\u00b0C, ce qui les rend id\u00e9aux pour la cuisson sous vide.<br \/>\nPour une meilleure vue d\u2019ensemble, scannez le code QR sur les couvercles des r\u00e9cipients et des sachets et suivez vos aliments dans l\u2019application ZWILLING Culinary World. La fonction de rappel de l\u2019application gratuite vous permet de savoir quand il est temps de consommer les aliments stock\u00e9s.<\/p>\n<p>Fonction de mise sous vide : les aliments restent frais jusqu\u2019\u00e0 cinq fois plus longtemps qu\u2019avec les m\u00e9thodes de stockage classiques sans vide. Les saveurs et les nutriments sont pr\u00e9serv\u00e9s, tandis que les d\u00e9chets alimentaires sont r\u00e9duits.<br \/>\nDes r\u00e9cipients sous vide l\u00e9gers et indestructibles pour un stockage peu encombrant et empilable des aliments et des plats dans le r\u00e9frig\u00e9rateur et le cong\u00e9lateur. Lorsqu\u2019ils ne sont pas utilis\u00e9s, les r\u00e9cipients en plastique peuvent \u00eatre rang\u00e9s les uns dans les autres dans un placard de cuisine.<br \/>\nCong\u00e9lation s\u00fbre d\u2019aliments et de plats cuisin\u00e9s (pas de br\u00fblures de cong\u00e9lation dues au vide) dans des r\u00e9cipients et des sacs sous vide.<br \/>\nContenants sous vide allant au micro-ondes et au lave-vaisselle<br \/>\nSachets sous vide r\u00e9utilisables : r\u00e9sistants au cong\u00e9lateur, \u00e0 la chaleur (parfaits pour la cuisson sous vide) et au micro-ondes.<br \/>\nL\u2019ensemble comprend une pompe \u00e0 vide, 2 r\u00e9cipients en plastique, avec 2 sacs \u00e0 vide de taille S et 2 de taille M (capacit\u00e9 du r\u00e9cipient (sans couvercle) \/ niveau de remplissage max. : r\u00e9cipient M 1,1 l \/ 0,9 l ; r\u00e9cipient L 2,3 l \/ 2 L, sac \u00e0 vide : S 1,25 l \/ 4 l)<br \/>\nMat\u00e9riaux : sans BPA, plastique (r\u00e9cipient, couvercle, sac, fermeture \u00e9clair), silicone (valve, joint)<br \/>\nCouvercle \u00e0 vide avec technologie innovante de double verrouillage et fonction d\u2019indication de vide : si le couvercle int\u00e9rieur est abaiss\u00e9, la bo\u00eete est sous vide.<br \/>\nConnexion facile des r\u00e9cipients gr\u00e2ce \u00e0 l\u2019application ZWILLING Culinary World et au code QR sur le couvercle, ce qui est utile pour suivre les aliments et leur dur\u00e9e de conservation.<br \/>\nL\u2019application gratuite calcule la dur\u00e9e de conservation des aliments et des plats emball\u00e9s sous vide et la fonction de rappel vous informe quand il est temps de consommer les aliments stock\u00e9s. Les services de l\u2019application sont compl\u00e9t\u00e9s par des recettes, une vid\u00e9o d\u2019explication et une fonction de liste de courses.<\/p>\n<p>CARACT\u00c9RISTIQUES<\/p>\n<p>Couleur : blanc<br \/>\nR\u00e9sistance \u00e0 la chaleur : 180.00 \u00baC<br \/>\nR\u00e9sistance au froid : -20.00 \u00baC<br \/>\nMat\u00e9riau : plastique<br \/>\nPasse au micro-ondes : Oui<br \/>\nConvient pour le cong\u00e9lateur : Oui<br \/>\nNombre de pi\u00e8ces : 7<br \/>\nTension : 110-240 V<\/p>\n","protected":false},"excerpt":{"rendered":"<p>LE BON SET POUR COMMENCER UN R\u00c9GIME SAIN ET DURABLE Le jeu de plastique est l\u2019occasion de mettre enfin les bonnes intentions en pratique. Mangez sainement, \u00e9conomisez du temps et de l\u2019argent et jetez moins de nourriture \u00e0 la poubelle ! Voici comment : achetez autant de produits frais que vous le souhaitez et conservez-les [&hellip;]<\/p>\n","protected":false},"featured_media":6490458,"template":"","meta":{"_acf_changed":false},"product_cat":[11999,11668,11992,11771,12095],"product_tag":[],"class_list":{"0":"post-58976","1":"product","2":"type-product","3":"status-publish","4":"has-post-thumbnail","6":"product_cat-accessoires","7":"product_cat-cucina","8":"product_cat-cuisine","9":"product_cat-sottovuoto","10":"product_cat-sous-vide","12":"first","13":"outofstock","14":"sale","15":"taxable","16":"shipping-taxable","17":"purchasable","18":"product-type-simple","swatches":"rey-swatches","show_selected":"","stretch_labels":"rey-swatches--stretch-labels"},"acf":[],"yoast_head":"<!-- This site is optimized with the Yoast SEO plugin v25.4 - https:\/\/yoast.com\/wordpress\/plugins\/seo\/ -->\n<title>ZWILLING Emballage sous Vide M-L Fresh&#038;Save 7 Pi\u00e8ces - dev6 Erresse<\/title>\n<meta name=\"description\" content=\"LE BON SET POUR COMMENCER UN R\u00c9GIME SAIN ET DURABLE Le jeu de plastique est l\u2019occasion de mettre enfin les bonnes intentions en pratique. Mangez\" \/>\n<meta name=\"robots\" content=\"noindex, follow, max-snippet:-1, max-image-preview:large, max-video-preview:-1\" \/>\n<meta property=\"og:locale\" content=\"fr_FR\" \/>\n<meta property=\"og:type\" content=\"article\" \/>\n<meta property=\"og:title\" content=\"ZWILLING Emballage sous Vide M-L Fresh&#038;Save 7 Pi\u00e8ces - dev6 Erresse\" \/>\n<meta property=\"og:description\" content=\"LE BON SET POUR COMMENCER UN R\u00c9GIME SAIN ET DURABLE Le jeu de plastique est l\u2019occasion de mettre enfin les bonnes intentions en pratique. Mangez\" \/>\n<meta property=\"og:url\" content=\"https:\/\/dev6.erresse-shop.it\/fr\/shop\/cuisine\/couteaux\/accessoires\/zwilling-emballage-sous-vide-m-l-freshsave-7-pieces\/\" \/>\n<meta property=\"og:site_name\" content=\"dev6 Erresse\" \/>\n<meta property=\"og:image\" content=\"https:\/\/interpim.erresse-shop.it\/img-catalogo\/zwilling\/zwilling-set-sottovuoto-medium-large.jpg\" \/><meta property=\"og:image\" content=\"https:\/\/interpim.erresse-shop.it\/img-catalogo\/zwilling\/zwilling-set-sottovuoto-medium-large.jpg\" \/>\n\t<meta property=\"og:image:width\" content=\"1024\" \/>\n\t<meta property=\"og:image:height\" content=\"1024\" \/>\n\t<meta property=\"og:image:type\" content=\"image\/jpeg\" \/>\n<meta name=\"twitter:card\" content=\"summary_large_image\" \/>\n<meta name=\"twitter:image\" content=\"https:\/\/interpim.erresse-shop.it\/img-catalogo\/zwilling\/zwilling-set-sottovuoto-medium-large.jpg\" \/>\n<script type=\"application\/ld+json\" class=\"yoast-schema-graph\">{\"@context\":\"https:\/\/schema.org\",\"@graph\":[{\"@type\":\"WebPage\",\"@id\":\"https:\/\/dev6.erresse-shop.it\/fr\/shop\/cuisine\/couteaux\/accessoires\/zwilling-emballage-sous-vide-m-l-freshsave-7-pieces\/\",\"url\":\"https:\/\/dev6.erresse-shop.it\/fr\/shop\/cuisine\/couteaux\/accessoires\/zwilling-emballage-sous-vide-m-l-freshsave-7-pieces\/\",\"name\":\"ZWILLING Emballage sous Vide M-L Fresh&#038;Save 7 Pi\u00e8ces - dev6 Erresse\",\"isPartOf\":{\"@id\":\"https:\/\/dev6.erresse-shop.it\/#website\"},\"primaryImageOfPage\":{\"@id\":\"https:\/\/dev6.erresse-shop.it\/fr\/shop\/cuisine\/couteaux\/accessoires\/zwilling-emballage-sous-vide-m-l-freshsave-7-pieces\/#primaryimage\"},\"image\":{\"@id\":\"https:\/\/dev6.erresse-shop.it\/fr\/shop\/cuisine\/couteaux\/accessoires\/zwilling-emballage-sous-vide-m-l-freshsave-7-pieces\/#primaryimage\"},\"thumbnailUrl\":\"https:\/\/i1.wp.com\/interpim.erresse-shop.it\/img-catalogo\/zwilling\/zwilling-set-sottovuoto-medium-large.jpg?ssl=1\",\"datePublished\":\"2026-04-16T17:12:03+00:00\",\"description\":\"LE BON SET POUR COMMENCER UN R\u00c9GIME SAIN ET DURABLE Le jeu de plastique est l\u2019occasion de mettre enfin les bonnes intentions en pratique. Mangez\",\"breadcrumb\":{\"@id\":\"https:\/\/dev6.erresse-shop.it\/fr\/shop\/cuisine\/couteaux\/accessoires\/zwilling-emballage-sous-vide-m-l-freshsave-7-pieces\/#breadcrumb\"},\"inLanguage\":\"fr-FR\",\"potentialAction\":[{\"@type\":\"ReadAction\",\"target\":[\"https:\/\/dev6.erresse-shop.it\/fr\/shop\/cuisine\/couteaux\/accessoires\/zwilling-emballage-sous-vide-m-l-freshsave-7-pieces\/\"]}]},{\"@type\":\"ImageObject\",\"inLanguage\":\"fr-FR\",\"@id\":\"https:\/\/dev6.erresse-shop.it\/fr\/shop\/cuisine\/couteaux\/accessoires\/zwilling-emballage-sous-vide-m-l-freshsave-7-pieces\/#primaryimage\",\"url\":\"https:\/\/i1.wp.com\/interpim.erresse-shop.it\/img-catalogo\/zwilling\/zwilling-set-sottovuoto-medium-large.jpg?ssl=1\",\"contentUrl\":\"https:\/\/i1.wp.com\/interpim.erresse-shop.it\/img-catalogo\/zwilling\/zwilling-set-sottovuoto-medium-large.jpg?ssl=1\"},{\"@type\":\"BreadcrumbList\",\"@id\":\"https:\/\/dev6.erresse-shop.it\/fr\/shop\/cuisine\/couteaux\/accessoires\/zwilling-emballage-sous-vide-m-l-freshsave-7-pieces\/#breadcrumb\",\"itemListElement\":[{\"@type\":\"ListItem\",\"position\":1,\"name\":\"Home\",\"item\":\"https:\/\/dev6.erresse-shop.it\/\"},{\"@type\":\"ListItem\",\"position\":2,\"name\":\"Boutique\",\"item\":\"https:\/\/dev6.erresse-shop.it\/shop\/\"},{\"@type\":\"ListItem\",\"position\":3,\"name\":\"ZWILLING Emballage sous Vide M-L Fresh&#038;Save 7 Pi\u00e8ces\"}]},{\"@type\":\"WebSite\",\"@id\":\"https:\/\/dev6.erresse-shop.it\/#website\",\"url\":\"https:\/\/dev6.erresse-shop.it\/\",\"name\":\"Erresse Shop\",\"description\":\"\",\"publisher\":{\"@id\":\"https:\/\/dev6.erresse-shop.it\/#organization\"},\"potentialAction\":[{\"@type\":\"SearchAction\",\"target\":{\"@type\":\"EntryPoint\",\"urlTemplate\":\"https:\/\/dev6.erresse-shop.it\/?s={search_term_string}\"},\"query-input\":{\"@type\":\"PropertyValueSpecification\",\"valueRequired\":true,\"valueName\":\"search_term_string\"}}],\"inLanguage\":\"fr-FR\"},{\"@type\":\"Organization\",\"@id\":\"https:\/\/dev6.erresse-shop.it\/#organization\",\"name\":\"Erresse Shop\",\"url\":\"https:\/\/dev6.erresse-shop.it\/\",\"logo\":{\"@type\":\"ImageObject\",\"inLanguage\":\"fr-FR\",\"@id\":\"https:\/\/dev6.erresse-shop.it\/#\/schema\/logo\/image\/\",\"url\":\"https:\/\/dev6.erresse-shop.it\/wp-content\/uploads\/2025\/01\/LOGO-ERRESSE-CLASSICO.svg\",\"contentUrl\":\"https:\/\/dev6.erresse-shop.it\/wp-content\/uploads\/2025\/01\/LOGO-ERRESSE-CLASSICO.svg\",\"caption\":\"Erresse Shop\"},\"image\":{\"@id\":\"https:\/\/dev6.erresse-shop.it\/#\/schema\/logo\/image\/\"}}]}<\/script>\n<!-- \/ Yoast SEO plugin. -->","yoast_head_json":{"title":"ZWILLING Emballage sous Vide M-L Fresh&#038;Save 7 Pi\u00e8ces - dev6 Erresse","description":"LE BON SET POUR COMMENCER UN R\u00c9GIME SAIN ET DURABLE Le jeu de plastique est l\u2019occasion de mettre enfin les bonnes intentions en pratique. Mangez","robots":{"index":"noindex","follow":"follow","max-snippet":"max-snippet:-1","max-image-preview":"max-image-preview:large","max-video-preview":"max-video-preview:-1"},"og_locale":"fr_FR","og_type":"article","og_title":"ZWILLING Emballage sous Vide M-L Fresh&#038;Save 7 Pi\u00e8ces - dev6 Erresse","og_description":"LE BON SET POUR COMMENCER UN R\u00c9GIME SAIN ET DURABLE Le jeu de plastique est l\u2019occasion de mettre enfin les bonnes intentions en pratique. Mangez","og_url":"https:\/\/dev6.erresse-shop.it\/fr\/shop\/cuisine\/couteaux\/accessoires\/zwilling-emballage-sous-vide-m-l-freshsave-7-pieces\/","og_site_name":"dev6 Erresse","og_image":[{"url":"https:\/\/interpim.erresse-shop.it\/img-catalogo\/zwilling\/zwilling-set-sottovuoto-medium-large.jpg","type":"","width":"","height":""},{"url":"https:\/\/interpim.erresse-shop.it\/img-catalogo\/zwilling\/zwilling-set-sottovuoto-medium-large.jpg","width":1024,"height":1024,"type":"image\/jpeg"}],"twitter_card":"summary_large_image","twitter_image":"https:\/\/interpim.erresse-shop.it\/img-catalogo\/zwilling\/zwilling-set-sottovuoto-medium-large.jpg","schema":{"@context":"https:\/\/schema.org","@graph":[{"@type":"WebPage","@id":"https:\/\/dev6.erresse-shop.it\/fr\/shop\/cuisine\/couteaux\/accessoires\/zwilling-emballage-sous-vide-m-l-freshsave-7-pieces\/","url":"https:\/\/dev6.erresse-shop.it\/fr\/shop\/cuisine\/couteaux\/accessoires\/zwilling-emballage-sous-vide-m-l-freshsave-7-pieces\/","name":"ZWILLING Emballage sous Vide M-L Fresh&#038;Save 7 Pi\u00e8ces - dev6 Erresse","isPartOf":{"@id":"https:\/\/dev6.erresse-shop.it\/#website"},"primaryImageOfPage":{"@id":"https:\/\/dev6.erresse-shop.it\/fr\/shop\/cuisine\/couteaux\/accessoires\/zwilling-emballage-sous-vide-m-l-freshsave-7-pieces\/#primaryimage"},"image":{"@id":"https:\/\/dev6.erresse-shop.it\/fr\/shop\/cuisine\/couteaux\/accessoires\/zwilling-emballage-sous-vide-m-l-freshsave-7-pieces\/#primaryimage"},"thumbnailUrl":"https:\/\/i1.wp.com\/interpim.erresse-shop.it\/img-catalogo\/zwilling\/zwilling-set-sottovuoto-medium-large.jpg?ssl=1","datePublished":"2026-04-16T17:12:03+00:00","description":"LE BON SET POUR COMMENCER UN R\u00c9GIME SAIN ET DURABLE Le jeu de plastique est l\u2019occasion de mettre enfin les bonnes intentions en pratique. Mangez","breadcrumb":{"@id":"https:\/\/dev6.erresse-shop.it\/fr\/shop\/cuisine\/couteaux\/accessoires\/zwilling-emballage-sous-vide-m-l-freshsave-7-pieces\/#breadcrumb"},"inLanguage":"fr-FR","potentialAction":[{"@type":"ReadAction","target":["https:\/\/dev6.erresse-shop.it\/fr\/shop\/cuisine\/couteaux\/accessoires\/zwilling-emballage-sous-vide-m-l-freshsave-7-pieces\/"]}]},{"@type":"ImageObject","inLanguage":"fr-FR","@id":"https:\/\/dev6.erresse-shop.it\/fr\/shop\/cuisine\/couteaux\/accessoires\/zwilling-emballage-sous-vide-m-l-freshsave-7-pieces\/#primaryimage","url":"https:\/\/i1.wp.com\/interpim.erresse-shop.it\/img-catalogo\/zwilling\/zwilling-set-sottovuoto-medium-large.jpg?ssl=1","contentUrl":"https:\/\/i1.wp.com\/interpim.erresse-shop.it\/img-catalogo\/zwilling\/zwilling-set-sottovuoto-medium-large.jpg?ssl=1"},{"@type":"BreadcrumbList","@id":"https:\/\/dev6.erresse-shop.it\/fr\/shop\/cuisine\/couteaux\/accessoires\/zwilling-emballage-sous-vide-m-l-freshsave-7-pieces\/#breadcrumb","itemListElement":[{"@type":"ListItem","position":1,"name":"Home","item":"https:\/\/dev6.erresse-shop.it\/"},{"@type":"ListItem","position":2,"name":"Boutique","item":"https:\/\/dev6.erresse-shop.it\/shop\/"},{"@type":"ListItem","position":3,"name":"ZWILLING Emballage sous Vide M-L Fresh&#038;Save 7 Pi\u00e8ces"}]},{"@type":"WebSite","@id":"https:\/\/dev6.erresse-shop.it\/#website","url":"https:\/\/dev6.erresse-shop.it\/","name":"Erresse Shop","description":"","publisher":{"@id":"https:\/\/dev6.erresse-shop.it\/#organization"},"potentialAction":[{"@type":"SearchAction","target":{"@type":"EntryPoint","urlTemplate":"https:\/\/dev6.erresse-shop.it\/?s={search_term_string}"},"query-input":{"@type":"PropertyValueSpecification","valueRequired":true,"valueName":"search_term_string"}}],"inLanguage":"fr-FR"},{"@type":"Organization","@id":"https:\/\/dev6.erresse-shop.it\/#organization","name":"Erresse Shop","url":"https:\/\/dev6.erresse-shop.it\/","logo":{"@type":"ImageObject","inLanguage":"fr-FR","@id":"https:\/\/dev6.erresse-shop.it\/#\/schema\/logo\/image\/","url":"https:\/\/dev6.erresse-shop.it\/wp-content\/uploads\/2025\/01\/LOGO-ERRESSE-CLASSICO.svg","contentUrl":"https:\/\/dev6.erresse-shop.it\/wp-content\/uploads\/2025\/01\/LOGO-ERRESSE-CLASSICO.svg","caption":"Erresse Shop"},"image":{"@id":"https:\/\/dev6.erresse-shop.it\/#\/schema\/logo\/image\/"}}]}},"df_price":79.95,"df_sale_price":79.95,"df_regular_price":99.9,"df_image_link":"https:\/\/i1.wp.com\/interpim.erresse-shop.it\/img-catalogo\/zwilling\/zwilling-set-sottovuoto-medium-large.jpg?resize=300,300&ssl=1","fifu_image_url":"https:\/\/interpim.erresse-shop.it\/img-catalogo\/zwilling\/zwilling-set-sottovuoto-medium-large.jpg","_links":{"self":[{"href":"https:\/\/dev6.erresse-shop.it\/fr\/wp-json\/wp\/v2\/product\/58976","targetHints":{"allow":["GET"]}}],"collection":[{"href":"https:\/\/dev6.erresse-shop.it\/fr\/wp-json\/wp\/v2\/product"}],"about":[{"href":"https:\/\/dev6.erresse-shop.it\/fr\/wp-json\/wp\/v2\/types\/product"}],"wp:featuredmedia":[{"embeddable":true,"href":"https:\/\/dev6.erresse-shop.it\/fr\/wp-json\/wp\/v2\/media\/6490458"}],"wp:attachment":[{"href":"https:\/\/dev6.erresse-shop.it\/fr\/wp-json\/wp\/v2\/media?parent=58976"}],"wp:term":[{"taxonomy":"product_cat","embeddable":true,"href":"https:\/\/dev6.erresse-shop.it\/fr\/wp-json\/wp\/v2\/product_cat?post=58976"},{"taxonomy":"product_tag","embeddable":true,"href":"https:\/\/dev6.erresse-shop.it\/fr\/wp-json\/wp\/v2\/product_tag?post=58976"}],"curies":[{"name":"wp","href":"https:\/\/api.w.org\/{rel}","templated":true}]}}