{"id":58928,"date":"2026-04-10T09:13:21","date_gmt":"2026-04-10T07:13:21","guid":{"rendered":"https:\/\/dev6.erresse-shop.it\/shop\/non%20class\u00e9\/ruffoni-opus-prima-poele-26-cm\/"},"modified":"2025-11-22T17:58:11","modified_gmt":"2025-11-22T16:58:11","slug":"ruffoni-opus-prima-poele-26-cm","status":"publish","type":"product","link":"https:\/\/dev6.erresse-shop.it\/fr\/shop\/poeles-pots\/ruffoni-opus-prima-poele-26-cm\/","title":{"rendered":"RUFFONI Opus Prima Po\u00eale 26 cm"},"content":{"rendered":"<p>OPUS PRIMA.<\/p>\n<p>Une ligne d\u2019objets de cuisine extraordinaires qui sont le r\u00e9sultat de la combinaison d\u2019une technologie de pointe et d\u2019un travail qui remonte \u00e0 des milliers d\u2019ann\u00e9es et qui est encore sauvegard\u00e9 aujourd\u2019hui par nos ma\u00eetres artisans.<br \/>\nExcellente diffusion de la chaleur et contr\u00f4le de la temp\u00e9rature gr\u00e2ce \u00e0 la couche massive d\u2019alliage d\u2019aluminium \u00e0 l\u2019int\u00e9rieur des 2 couches d\u2019acier inoxydable pratique et hygi\u00e9nique.<br \/>\nUne finition martel\u00e9e \u00e0 la main, des poign\u00e9es confortables en acier et de magnifiques boutons en laiton argent\u00e9 fabriqu\u00e9s par des ma\u00eetres orf\u00e8vres de Milan font de ces cr\u00e9ations merveilleuses une place de choix sur votre table.<br \/>\nConvient \u00e0 tous les br\u00fbleurs (y compris l\u2019induction) et va au lave-vaisselle.<\/p>\n<p>Chaque pi\u00e8ce est termin\u00e9e par des boutons en acier inoxydable et en argent sculpt\u00e9s \u00e0 la main par des orf\u00e8vres de Milan, chacun ayant la forme d\u2019un l\u00e9gume plaqu\u00e9 diff\u00e9rent.<br \/>\nLe fond et l\u2019ext\u00e9rieur de chaque pot sont marqu\u00e9s de notre marque pour garantir l\u2019originalit\u00e9 et l\u2019authenticit\u00e9 de chaque pi\u00e8ce.<br \/>\nTout en \u00e9tant des \u0153uvres d\u2019art, ces pi\u00e8ces \u00e0 couper le souffle sont \u00e9galement extr\u00eamement pratiques. Ils m\u00e9ritent une place d\u2019honneur sur votre table et recevront toujours votre appr\u00e9ciation.<\/p>\n","protected":false},"excerpt":{"rendered":"<p>OPUS PRIMA. Une ligne d\u2019objets de cuisine extraordinaires qui sont le r\u00e9sultat de la combinaison d\u2019une technologie de pointe et d\u2019un travail qui remonte \u00e0 des milliers d\u2019ann\u00e9es et qui est encore sauvegard\u00e9 aujourd\u2019hui par nos ma\u00eetres artisans. Excellente diffusion de la chaleur et contr\u00f4le de la temp\u00e9rature gr\u00e2ce \u00e0 la couche massive d\u2019alliage d\u2019aluminium [&hellip;]<\/p>\n","protected":false},"featured_media":6309574,"template":"","meta":{"_acf_changed":false},"product_cat":[11991],"product_tag":[],"class_list":{"0":"post-58928","1":"product","2":"type-product","3":"status-publish","4":"has-post-thumbnail","6":"product_cat-poeles-pots","8":"first","9":"outofstock","10":"sale","11":"taxable","12":"shipping-taxable","13":"purchasable","14":"product-type-simple","swatches":"rey-swatches","show_selected":"","stretch_labels":"rey-swatches--stretch-labels"},"acf":[],"yoast_head":"<!-- This site is optimized with the Yoast SEO plugin v25.4 - https:\/\/yoast.com\/wordpress\/plugins\/seo\/ -->\n<title>RUFFONI Opus Prima Po\u00eale 26 cm - dev6 Erresse<\/title>\n<meta name=\"description\" content=\"OPUS PRIMA. Une ligne d\u2019objets de cuisine extraordinaires qui sont le r\u00e9sultat de la combinaison d\u2019une technologie de pointe et d\u2019un travail qui remonte \u00e0\" \/>\n<meta name=\"robots\" content=\"noindex, follow, max-snippet:-1, max-image-preview:large, max-video-preview:-1\" \/>\n<meta property=\"og:locale\" content=\"fr_FR\" \/>\n<meta property=\"og:type\" content=\"article\" \/>\n<meta property=\"og:title\" content=\"RUFFONI Opus Prima Po\u00eale 26 cm - dev6 Erresse\" \/>\n<meta property=\"og:description\" content=\"OPUS PRIMA. Une ligne d\u2019objets de cuisine extraordinaires qui sont le r\u00e9sultat de la combinaison d\u2019une technologie de pointe et d\u2019un travail qui remonte \u00e0\" \/>\n<meta property=\"og:url\" content=\"https:\/\/dev6.erresse-shop.it\/fr\/shop\/poeles-pots\/ruffoni-opus-prima-poele-26-cm\/\" \/>\n<meta property=\"og:site_name\" content=\"dev6 Erresse\" \/>\n<meta property=\"og:image\" content=\"https:\/\/interpim.erresse-shop.it\/img-catalogo\/ruffoni\/ruffoni-opus-prima-padella-m26.jpg\" \/><meta property=\"og:image\" content=\"https:\/\/interpim.erresse-shop.it\/img-catalogo\/ruffoni\/ruffoni-opus-prima-padella-m26.jpg\" \/>\n\t<meta property=\"og:image:width\" content=\"1024\" \/>\n\t<meta property=\"og:image:height\" content=\"1024\" \/>\n\t<meta property=\"og:image:type\" content=\"image\/jpeg\" \/>\n<meta name=\"twitter:card\" content=\"summary_large_image\" \/>\n<meta name=\"twitter:image\" content=\"https:\/\/interpim.erresse-shop.it\/img-catalogo\/ruffoni\/ruffoni-opus-prima-padella-m26.jpg\" \/>\n<script type=\"application\/ld+json\" class=\"yoast-schema-graph\">{\"@context\":\"https:\/\/schema.org\",\"@graph\":[{\"@type\":\"WebPage\",\"@id\":\"https:\/\/dev6.erresse-shop.it\/fr\/shop\/poeles-pots\/ruffoni-opus-prima-poele-26-cm\/\",\"url\":\"https:\/\/dev6.erresse-shop.it\/fr\/shop\/poeles-pots\/ruffoni-opus-prima-poele-26-cm\/\",\"name\":\"RUFFONI Opus Prima Po\u00eale 26 cm - dev6 Erresse\",\"isPartOf\":{\"@id\":\"https:\/\/dev6.erresse-shop.it\/#website\"},\"primaryImageOfPage\":{\"@id\":\"https:\/\/dev6.erresse-shop.it\/fr\/shop\/poeles-pots\/ruffoni-opus-prima-poele-26-cm\/#primaryimage\"},\"image\":{\"@id\":\"https:\/\/dev6.erresse-shop.it\/fr\/shop\/poeles-pots\/ruffoni-opus-prima-poele-26-cm\/#primaryimage\"},\"thumbnailUrl\":\"https:\/\/i1.wp.com\/interpim.erresse-shop.it\/img-catalogo\/ruffoni\/ruffoni-opus-prima-padella-m26.jpg?ssl=1\",\"datePublished\":\"2026-04-10T07:13:21+00:00\",\"description\":\"OPUS PRIMA. Une ligne d\u2019objets de cuisine extraordinaires qui sont le r\u00e9sultat de la combinaison d\u2019une technologie de pointe et d\u2019un travail qui remonte \u00e0\",\"breadcrumb\":{\"@id\":\"https:\/\/dev6.erresse-shop.it\/fr\/shop\/poeles-pots\/ruffoni-opus-prima-poele-26-cm\/#breadcrumb\"},\"inLanguage\":\"fr-FR\",\"potentialAction\":[{\"@type\":\"ReadAction\",\"target\":[\"https:\/\/dev6.erresse-shop.it\/fr\/shop\/poeles-pots\/ruffoni-opus-prima-poele-26-cm\/\"]}]},{\"@type\":\"ImageObject\",\"inLanguage\":\"fr-FR\",\"@id\":\"https:\/\/dev6.erresse-shop.it\/fr\/shop\/poeles-pots\/ruffoni-opus-prima-poele-26-cm\/#primaryimage\",\"url\":\"https:\/\/i1.wp.com\/interpim.erresse-shop.it\/img-catalogo\/ruffoni\/ruffoni-opus-prima-padella-m26.jpg?ssl=1\",\"contentUrl\":\"https:\/\/i1.wp.com\/interpim.erresse-shop.it\/img-catalogo\/ruffoni\/ruffoni-opus-prima-padella-m26.jpg?ssl=1\"},{\"@type\":\"BreadcrumbList\",\"@id\":\"https:\/\/dev6.erresse-shop.it\/fr\/shop\/poeles-pots\/ruffoni-opus-prima-poele-26-cm\/#breadcrumb\",\"itemListElement\":[{\"@type\":\"ListItem\",\"position\":1,\"name\":\"Home\",\"item\":\"https:\/\/dev6.erresse-shop.it\/\"},{\"@type\":\"ListItem\",\"position\":2,\"name\":\"Boutique\",\"item\":\"https:\/\/dev6.erresse-shop.it\/shop\/\"},{\"@type\":\"ListItem\",\"position\":3,\"name\":\"RUFFONI Opus Prima Po\u00eale 26 cm\"}]},{\"@type\":\"WebSite\",\"@id\":\"https:\/\/dev6.erresse-shop.it\/#website\",\"url\":\"https:\/\/dev6.erresse-shop.it\/\",\"name\":\"Erresse Shop\",\"description\":\"\",\"publisher\":{\"@id\":\"https:\/\/dev6.erresse-shop.it\/#organization\"},\"potentialAction\":[{\"@type\":\"SearchAction\",\"target\":{\"@type\":\"EntryPoint\",\"urlTemplate\":\"https:\/\/dev6.erresse-shop.it\/?s={search_term_string}\"},\"query-input\":{\"@type\":\"PropertyValueSpecification\",\"valueRequired\":true,\"valueName\":\"search_term_string\"}}],\"inLanguage\":\"fr-FR\"},{\"@type\":\"Organization\",\"@id\":\"https:\/\/dev6.erresse-shop.it\/#organization\",\"name\":\"Erresse Shop\",\"url\":\"https:\/\/dev6.erresse-shop.it\/\",\"logo\":{\"@type\":\"ImageObject\",\"inLanguage\":\"fr-FR\",\"@id\":\"https:\/\/dev6.erresse-shop.it\/#\/schema\/logo\/image\/\",\"url\":\"https:\/\/dev6.erresse-shop.it\/wp-content\/uploads\/2025\/01\/LOGO-ERRESSE-CLASSICO.svg\",\"contentUrl\":\"https:\/\/dev6.erresse-shop.it\/wp-content\/uploads\/2025\/01\/LOGO-ERRESSE-CLASSICO.svg\",\"caption\":\"Erresse Shop\"},\"image\":{\"@id\":\"https:\/\/dev6.erresse-shop.it\/#\/schema\/logo\/image\/\"}}]}<\/script>\n<!-- \/ Yoast SEO plugin. -->","yoast_head_json":{"title":"RUFFONI Opus Prima Po\u00eale 26 cm - dev6 Erresse","description":"OPUS PRIMA. Une ligne d\u2019objets de cuisine extraordinaires qui sont le r\u00e9sultat de la combinaison d\u2019une technologie de pointe et d\u2019un travail qui remonte \u00e0","robots":{"index":"noindex","follow":"follow","max-snippet":"max-snippet:-1","max-image-preview":"max-image-preview:large","max-video-preview":"max-video-preview:-1"},"og_locale":"fr_FR","og_type":"article","og_title":"RUFFONI Opus Prima Po\u00eale 26 cm - dev6 Erresse","og_description":"OPUS PRIMA. Une ligne d\u2019objets de cuisine extraordinaires qui sont le r\u00e9sultat de la combinaison d\u2019une technologie de pointe et d\u2019un travail qui remonte \u00e0","og_url":"https:\/\/dev6.erresse-shop.it\/fr\/shop\/poeles-pots\/ruffoni-opus-prima-poele-26-cm\/","og_site_name":"dev6 Erresse","og_image":[{"url":"https:\/\/interpim.erresse-shop.it\/img-catalogo\/ruffoni\/ruffoni-opus-prima-padella-m26.jpg","type":"","width":"","height":""},{"url":"https:\/\/interpim.erresse-shop.it\/img-catalogo\/ruffoni\/ruffoni-opus-prima-padella-m26.jpg","width":1024,"height":1024,"type":"image\/jpeg"}],"twitter_card":"summary_large_image","twitter_image":"https:\/\/interpim.erresse-shop.it\/img-catalogo\/ruffoni\/ruffoni-opus-prima-padella-m26.jpg","schema":{"@context":"https:\/\/schema.org","@graph":[{"@type":"WebPage","@id":"https:\/\/dev6.erresse-shop.it\/fr\/shop\/poeles-pots\/ruffoni-opus-prima-poele-26-cm\/","url":"https:\/\/dev6.erresse-shop.it\/fr\/shop\/poeles-pots\/ruffoni-opus-prima-poele-26-cm\/","name":"RUFFONI Opus Prima Po\u00eale 26 cm - dev6 Erresse","isPartOf":{"@id":"https:\/\/dev6.erresse-shop.it\/#website"},"primaryImageOfPage":{"@id":"https:\/\/dev6.erresse-shop.it\/fr\/shop\/poeles-pots\/ruffoni-opus-prima-poele-26-cm\/#primaryimage"},"image":{"@id":"https:\/\/dev6.erresse-shop.it\/fr\/shop\/poeles-pots\/ruffoni-opus-prima-poele-26-cm\/#primaryimage"},"thumbnailUrl":"https:\/\/i1.wp.com\/interpim.erresse-shop.it\/img-catalogo\/ruffoni\/ruffoni-opus-prima-padella-m26.jpg?ssl=1","datePublished":"2026-04-10T07:13:21+00:00","description":"OPUS PRIMA. Une ligne d\u2019objets de cuisine extraordinaires qui sont le r\u00e9sultat de la combinaison d\u2019une technologie de pointe et d\u2019un travail qui remonte \u00e0","breadcrumb":{"@id":"https:\/\/dev6.erresse-shop.it\/fr\/shop\/poeles-pots\/ruffoni-opus-prima-poele-26-cm\/#breadcrumb"},"inLanguage":"fr-FR","potentialAction":[{"@type":"ReadAction","target":["https:\/\/dev6.erresse-shop.it\/fr\/shop\/poeles-pots\/ruffoni-opus-prima-poele-26-cm\/"]}]},{"@type":"ImageObject","inLanguage":"fr-FR","@id":"https:\/\/dev6.erresse-shop.it\/fr\/shop\/poeles-pots\/ruffoni-opus-prima-poele-26-cm\/#primaryimage","url":"https:\/\/i1.wp.com\/interpim.erresse-shop.it\/img-catalogo\/ruffoni\/ruffoni-opus-prima-padella-m26.jpg?ssl=1","contentUrl":"https:\/\/i1.wp.com\/interpim.erresse-shop.it\/img-catalogo\/ruffoni\/ruffoni-opus-prima-padella-m26.jpg?ssl=1"},{"@type":"BreadcrumbList","@id":"https:\/\/dev6.erresse-shop.it\/fr\/shop\/poeles-pots\/ruffoni-opus-prima-poele-26-cm\/#breadcrumb","itemListElement":[{"@type":"ListItem","position":1,"name":"Home","item":"https:\/\/dev6.erresse-shop.it\/"},{"@type":"ListItem","position":2,"name":"Boutique","item":"https:\/\/dev6.erresse-shop.it\/shop\/"},{"@type":"ListItem","position":3,"name":"RUFFONI Opus Prima Po\u00eale 26 cm"}]},{"@type":"WebSite","@id":"https:\/\/dev6.erresse-shop.it\/#website","url":"https:\/\/dev6.erresse-shop.it\/","name":"Erresse Shop","description":"","publisher":{"@id":"https:\/\/dev6.erresse-shop.it\/#organization"},"potentialAction":[{"@type":"SearchAction","target":{"@type":"EntryPoint","urlTemplate":"https:\/\/dev6.erresse-shop.it\/?s={search_term_string}"},"query-input":{"@type":"PropertyValueSpecification","valueRequired":true,"valueName":"search_term_string"}}],"inLanguage":"fr-FR"},{"@type":"Organization","@id":"https:\/\/dev6.erresse-shop.it\/#organization","name":"Erresse Shop","url":"https:\/\/dev6.erresse-shop.it\/","logo":{"@type":"ImageObject","inLanguage":"fr-FR","@id":"https:\/\/dev6.erresse-shop.it\/#\/schema\/logo\/image\/","url":"https:\/\/dev6.erresse-shop.it\/wp-content\/uploads\/2025\/01\/LOGO-ERRESSE-CLASSICO.svg","contentUrl":"https:\/\/dev6.erresse-shop.it\/wp-content\/uploads\/2025\/01\/LOGO-ERRESSE-CLASSICO.svg","caption":"Erresse Shop"},"image":{"@id":"https:\/\/dev6.erresse-shop.it\/#\/schema\/logo\/image\/"}}]}},"df_price":149.95,"df_sale_price":149.95,"df_regular_price":225,"df_image_link":"https:\/\/i1.wp.com\/interpim.erresse-shop.it\/img-catalogo\/ruffoni\/ruffoni-opus-prima-padella-m26.jpg?resize=300,300&ssl=1","fifu_image_url":"https:\/\/interpim.erresse-shop.it\/img-catalogo\/ruffoni\/ruffoni-opus-prima-padella-m26.jpg","_links":{"self":[{"href":"https:\/\/dev6.erresse-shop.it\/fr\/wp-json\/wp\/v2\/product\/58928","targetHints":{"allow":["GET"]}}],"collection":[{"href":"https:\/\/dev6.erresse-shop.it\/fr\/wp-json\/wp\/v2\/product"}],"about":[{"href":"https:\/\/dev6.erresse-shop.it\/fr\/wp-json\/wp\/v2\/types\/product"}],"wp:featuredmedia":[{"embeddable":true,"href":"https:\/\/dev6.erresse-shop.it\/fr\/wp-json\/wp\/v2\/media\/6309574"}],"wp:attachment":[{"href":"https:\/\/dev6.erresse-shop.it\/fr\/wp-json\/wp\/v2\/media?parent=58928"}],"wp:term":[{"taxonomy":"product_cat","embeddable":true,"href":"https:\/\/dev6.erresse-shop.it\/fr\/wp-json\/wp\/v2\/product_cat?post=58928"},{"taxonomy":"product_tag","embeddable":true,"href":"https:\/\/dev6.erresse-shop.it\/fr\/wp-json\/wp\/v2\/product_tag?post=58928"}],"curies":[{"name":"wp","href":"https:\/\/api.w.org\/{rel}","templated":true}]}}