{"id":58902,"date":"2026-04-04T08:33:46","date_gmt":"2026-04-04T06:33:46","guid":{"rendered":"https:\/\/dev6.erresse-shop.it\/shop\/non%20class\u00e9\/ruffoni-opus-cupra-poele-30-cm\/"},"modified":"2025-07-04T16:05:46","modified_gmt":"2025-07-04T14:05:46","slug":"ruffoni-opus-cupra-poele-30-cm","status":"publish","type":"product","link":"https:\/\/dev6.erresse-shop.it\/fr\/shop\/poeles-pots\/ruffoni-opus-cupra-poele-30-cm\/","title":{"rendered":"RUFFONI Opus Cupra Po\u00eale 30 cm"},"content":{"rendered":"<p>La transformation du cuivre est une v\u00e9ritable passion pour l\u2019entreprise Ruffoni, atteindre les plus hauts standards de qualit\u00e9 est son objectif premier, d\u00e9passer toutes les r\u00e9glementations mondiales en termes de s\u00e9curit\u00e9 pour la lib\u00e9ration du plomb dans les aliments est un devoir fondamental auquel elle s\u2019est toujours strictement conform\u00e9e. La grande estime que l\u2019\u00e9quipe Ruffoni porte \u00e0 son travail l\u2019am\u00e8ne \u00e0 agir avec le plus grand scrupule, en utilisant des mat\u00e9riaux recyclables tant pour les produits que pour les emballages, et en pr\u00e9f\u00e9rant les techniques manuelles aux m\u00e9thodes de traitement chimique et m\u00e9canique moins co\u00fbteuses.<\/p>\n<p>LE PRODUIT<br \/>\nNotre philosophie est de produire des objets professionnels, mais sans exasp\u00e9ration, car nous avons toujours privil\u00e9gi\u00e9 l\u2019utilit\u00e9, la simplicit\u00e9 d\u2019utilisation et la pr\u00e9cision des finitions. Comme pour la r\u00e9ussite d\u2019un repas, dans la r\u00e9alisation de chacune de ces pi\u00e8ces, nous consid\u00e9rons comme fondamentaux le choix des ingr\u00e9dients et la m\u00e9thode de travail.<\/p>\n<p>CUIVRE<br \/>\nNous nous approvisionnons uniquement aupr\u00e8s de fournisseurs certifi\u00e9s et l\u2019\u00e9paisseur utilis\u00e9e est \u00e9tablie en fonction du produit et du type de cuisson.<\/p>\n<p>OPUS CUPRA<\/p>\n<p>Une technologie de pointe a permis la cr\u00e9ation de ces outils de cuisson exceptionnels que l\u2019habilet\u00e9 des ma\u00eetres dinandiers de Ruffoni a transform\u00e9s en de splendides cr\u00e9ations. Une ligne en cuivre massif de 2,3 mm d\u2019\u00e9paisseur pour le meilleur contr\u00f4le de la temp\u00e9rature, avec un noyau en aluminium fin et une partie int\u00e9rieure en acier inoxydable.<\/p>\n<p>Ces \u0153uvres d\u2019art martel\u00e9es \u00e0 la main, avec des poign\u00e9es en acier inoxydable d\u00e9cor\u00e9es et des boutons en laiton argent\u00e9, r\u00e9alis\u00e9es par des orf\u00e8vres milanais, sont capables de satisfaire tous les besoins et de gagner une place prestigieuse sur toutes les tables.<\/p>\n<p>\u00c0 utiliser au four et sur tout \u00e9l\u00e9ment chauffant (sauf l\u2019induction).<\/p>\n<p>Le couvercle n\u2019est pas inclus.<\/p>\n","protected":false},"excerpt":{"rendered":"<p>La transformation du cuivre est une v\u00e9ritable passion pour l\u2019entreprise Ruffoni, atteindre les plus hauts standards de qualit\u00e9 est son objectif premier, d\u00e9passer toutes les r\u00e9glementations mondiales en termes de s\u00e9curit\u00e9 pour la lib\u00e9ration du plomb dans les aliments est un devoir fondamental auquel elle s\u2019est toujours strictement conform\u00e9e. La grande estime que l\u2019\u00e9quipe Ruffoni [&hellip;]<\/p>\n","protected":false},"featured_media":6267772,"template":"","meta":{"_acf_changed":false},"product_cat":[11991],"product_tag":[],"class_list":{"0":"post-58902","1":"product","2":"type-product","3":"status-publish","4":"has-post-thumbnail","6":"product_cat-poeles-pots","8":"first","9":"outofstock","10":"sale","11":"taxable","12":"shipping-taxable","13":"purchasable","14":"product-type-simple","swatches":"rey-swatches","show_selected":"","stretch_labels":"rey-swatches--stretch-labels"},"acf":[],"yoast_head":"<!-- This site is optimized with the Yoast SEO plugin v25.4 - https:\/\/yoast.com\/wordpress\/plugins\/seo\/ -->\n<title>RUFFONI Opus Cupra Po\u00eale 30 cm - dev6 Erresse<\/title>\n<meta name=\"description\" content=\"La transformation du cuivre est une v\u00e9ritable passion pour l\u2019entreprise Ruffoni, atteindre les plus hauts standards de qualit\u00e9 est son objectif premier,\" \/>\n<meta name=\"robots\" content=\"noindex, follow, max-snippet:-1, max-image-preview:large, max-video-preview:-1\" \/>\n<meta property=\"og:locale\" content=\"fr_FR\" \/>\n<meta property=\"og:type\" content=\"article\" \/>\n<meta property=\"og:title\" content=\"RUFFONI Opus Cupra Po\u00eale 30 cm - dev6 Erresse\" \/>\n<meta property=\"og:description\" content=\"La transformation du cuivre est une v\u00e9ritable passion pour l\u2019entreprise Ruffoni, atteindre les plus hauts standards de qualit\u00e9 est son objectif premier,\" \/>\n<meta property=\"og:url\" content=\"https:\/\/dev6.erresse-shop.it\/fr\/shop\/poeles-pots\/ruffoni-opus-cupra-poele-30-cm\/\" \/>\n<meta property=\"og:site_name\" content=\"dev6 Erresse\" \/>\n<meta property=\"og:image\" content=\"https:\/\/interpim.erresse-shop.it\/Import\/Prodotti\/products-cm26.jpg\" \/><meta property=\"og:image\" content=\"https:\/\/interpim.erresse-shop.it\/Import\/Prodotti\/products-cm26.jpg\" \/>\n\t<meta property=\"og:image:width\" content=\"1024\" \/>\n\t<meta property=\"og:image:height\" content=\"1024\" \/>\n\t<meta property=\"og:image:type\" content=\"image\/jpeg\" \/>\n<meta name=\"twitter:card\" content=\"summary_large_image\" \/>\n<meta name=\"twitter:image\" content=\"https:\/\/interpim.erresse-shop.it\/Import\/Prodotti\/products-cm26.jpg\" \/>\n<script type=\"application\/ld+json\" class=\"yoast-schema-graph\">{\"@context\":\"https:\/\/schema.org\",\"@graph\":[{\"@type\":\"WebPage\",\"@id\":\"https:\/\/dev6.erresse-shop.it\/fr\/shop\/poeles-pots\/ruffoni-opus-cupra-poele-30-cm\/\",\"url\":\"https:\/\/dev6.erresse-shop.it\/fr\/shop\/poeles-pots\/ruffoni-opus-cupra-poele-30-cm\/\",\"name\":\"RUFFONI Opus Cupra Po\u00eale 30 cm - dev6 Erresse\",\"isPartOf\":{\"@id\":\"https:\/\/dev6.erresse-shop.it\/#website\"},\"primaryImageOfPage\":{\"@id\":\"https:\/\/dev6.erresse-shop.it\/fr\/shop\/poeles-pots\/ruffoni-opus-cupra-poele-30-cm\/#primaryimage\"},\"image\":{\"@id\":\"https:\/\/dev6.erresse-shop.it\/fr\/shop\/poeles-pots\/ruffoni-opus-cupra-poele-30-cm\/#primaryimage\"},\"thumbnailUrl\":\"https:\/\/i2.wp.com\/interpim.erresse-shop.it\/Import\/Prodotti\/products-cm26.jpg?ssl=1\",\"datePublished\":\"2026-04-04T06:33:46+00:00\",\"description\":\"La transformation du cuivre est une v\u00e9ritable passion pour l\u2019entreprise Ruffoni, atteindre les plus hauts standards de qualit\u00e9 est son objectif premier,\",\"breadcrumb\":{\"@id\":\"https:\/\/dev6.erresse-shop.it\/fr\/shop\/poeles-pots\/ruffoni-opus-cupra-poele-30-cm\/#breadcrumb\"},\"inLanguage\":\"fr-FR\",\"potentialAction\":[{\"@type\":\"ReadAction\",\"target\":[\"https:\/\/dev6.erresse-shop.it\/fr\/shop\/poeles-pots\/ruffoni-opus-cupra-poele-30-cm\/\"]}]},{\"@type\":\"ImageObject\",\"inLanguage\":\"fr-FR\",\"@id\":\"https:\/\/dev6.erresse-shop.it\/fr\/shop\/poeles-pots\/ruffoni-opus-cupra-poele-30-cm\/#primaryimage\",\"url\":\"https:\/\/i2.wp.com\/interpim.erresse-shop.it\/Import\/Prodotti\/products-cm26.jpg?ssl=1\",\"contentUrl\":\"https:\/\/i2.wp.com\/interpim.erresse-shop.it\/Import\/Prodotti\/products-cm26.jpg?ssl=1\"},{\"@type\":\"BreadcrumbList\",\"@id\":\"https:\/\/dev6.erresse-shop.it\/fr\/shop\/poeles-pots\/ruffoni-opus-cupra-poele-30-cm\/#breadcrumb\",\"itemListElement\":[{\"@type\":\"ListItem\",\"position\":1,\"name\":\"Home\",\"item\":\"https:\/\/dev6.erresse-shop.it\/\"},{\"@type\":\"ListItem\",\"position\":2,\"name\":\"Boutique\",\"item\":\"https:\/\/dev6.erresse-shop.it\/shop\/\"},{\"@type\":\"ListItem\",\"position\":3,\"name\":\"RUFFONI Opus Cupra Po\u00eale 30 cm\"}]},{\"@type\":\"WebSite\",\"@id\":\"https:\/\/dev6.erresse-shop.it\/#website\",\"url\":\"https:\/\/dev6.erresse-shop.it\/\",\"name\":\"Erresse Shop\",\"description\":\"\",\"publisher\":{\"@id\":\"https:\/\/dev6.erresse-shop.it\/#organization\"},\"potentialAction\":[{\"@type\":\"SearchAction\",\"target\":{\"@type\":\"EntryPoint\",\"urlTemplate\":\"https:\/\/dev6.erresse-shop.it\/?s={search_term_string}\"},\"query-input\":{\"@type\":\"PropertyValueSpecification\",\"valueRequired\":true,\"valueName\":\"search_term_string\"}}],\"inLanguage\":\"fr-FR\"},{\"@type\":\"Organization\",\"@id\":\"https:\/\/dev6.erresse-shop.it\/#organization\",\"name\":\"Erresse Shop\",\"url\":\"https:\/\/dev6.erresse-shop.it\/\",\"logo\":{\"@type\":\"ImageObject\",\"inLanguage\":\"fr-FR\",\"@id\":\"https:\/\/dev6.erresse-shop.it\/#\/schema\/logo\/image\/\",\"url\":\"https:\/\/dev6.erresse-shop.it\/wp-content\/uploads\/2025\/01\/LOGO-ERRESSE-CLASSICO.svg\",\"contentUrl\":\"https:\/\/dev6.erresse-shop.it\/wp-content\/uploads\/2025\/01\/LOGO-ERRESSE-CLASSICO.svg\",\"caption\":\"Erresse Shop\"},\"image\":{\"@id\":\"https:\/\/dev6.erresse-shop.it\/#\/schema\/logo\/image\/\"}}]}<\/script>\n<!-- \/ Yoast SEO plugin. -->","yoast_head_json":{"title":"RUFFONI Opus Cupra Po\u00eale 30 cm - dev6 Erresse","description":"La transformation du cuivre est une v\u00e9ritable passion pour l\u2019entreprise Ruffoni, atteindre les plus hauts standards de qualit\u00e9 est son objectif premier,","robots":{"index":"noindex","follow":"follow","max-snippet":"max-snippet:-1","max-image-preview":"max-image-preview:large","max-video-preview":"max-video-preview:-1"},"og_locale":"fr_FR","og_type":"article","og_title":"RUFFONI Opus Cupra Po\u00eale 30 cm - dev6 Erresse","og_description":"La transformation du cuivre est une v\u00e9ritable passion pour l\u2019entreprise Ruffoni, atteindre les plus hauts standards de qualit\u00e9 est son objectif premier,","og_url":"https:\/\/dev6.erresse-shop.it\/fr\/shop\/poeles-pots\/ruffoni-opus-cupra-poele-30-cm\/","og_site_name":"dev6 Erresse","og_image":[{"url":"https:\/\/interpim.erresse-shop.it\/Import\/Prodotti\/products-cm26.jpg","type":"","width":"","height":""},{"url":"https:\/\/interpim.erresse-shop.it\/Import\/Prodotti\/products-cm26.jpg","width":1024,"height":1024,"type":"image\/jpeg"}],"twitter_card":"summary_large_image","twitter_image":"https:\/\/interpim.erresse-shop.it\/Import\/Prodotti\/products-cm26.jpg","schema":{"@context":"https:\/\/schema.org","@graph":[{"@type":"WebPage","@id":"https:\/\/dev6.erresse-shop.it\/fr\/shop\/poeles-pots\/ruffoni-opus-cupra-poele-30-cm\/","url":"https:\/\/dev6.erresse-shop.it\/fr\/shop\/poeles-pots\/ruffoni-opus-cupra-poele-30-cm\/","name":"RUFFONI Opus Cupra Po\u00eale 30 cm - dev6 Erresse","isPartOf":{"@id":"https:\/\/dev6.erresse-shop.it\/#website"},"primaryImageOfPage":{"@id":"https:\/\/dev6.erresse-shop.it\/fr\/shop\/poeles-pots\/ruffoni-opus-cupra-poele-30-cm\/#primaryimage"},"image":{"@id":"https:\/\/dev6.erresse-shop.it\/fr\/shop\/poeles-pots\/ruffoni-opus-cupra-poele-30-cm\/#primaryimage"},"thumbnailUrl":"https:\/\/i2.wp.com\/interpim.erresse-shop.it\/Import\/Prodotti\/products-cm26.jpg?ssl=1","datePublished":"2026-04-04T06:33:46+00:00","description":"La transformation du cuivre est une v\u00e9ritable passion pour l\u2019entreprise Ruffoni, atteindre les plus hauts standards de qualit\u00e9 est son objectif premier,","breadcrumb":{"@id":"https:\/\/dev6.erresse-shop.it\/fr\/shop\/poeles-pots\/ruffoni-opus-cupra-poele-30-cm\/#breadcrumb"},"inLanguage":"fr-FR","potentialAction":[{"@type":"ReadAction","target":["https:\/\/dev6.erresse-shop.it\/fr\/shop\/poeles-pots\/ruffoni-opus-cupra-poele-30-cm\/"]}]},{"@type":"ImageObject","inLanguage":"fr-FR","@id":"https:\/\/dev6.erresse-shop.it\/fr\/shop\/poeles-pots\/ruffoni-opus-cupra-poele-30-cm\/#primaryimage","url":"https:\/\/i2.wp.com\/interpim.erresse-shop.it\/Import\/Prodotti\/products-cm26.jpg?ssl=1","contentUrl":"https:\/\/i2.wp.com\/interpim.erresse-shop.it\/Import\/Prodotti\/products-cm26.jpg?ssl=1"},{"@type":"BreadcrumbList","@id":"https:\/\/dev6.erresse-shop.it\/fr\/shop\/poeles-pots\/ruffoni-opus-cupra-poele-30-cm\/#breadcrumb","itemListElement":[{"@type":"ListItem","position":1,"name":"Home","item":"https:\/\/dev6.erresse-shop.it\/"},{"@type":"ListItem","position":2,"name":"Boutique","item":"https:\/\/dev6.erresse-shop.it\/shop\/"},{"@type":"ListItem","position":3,"name":"RUFFONI Opus Cupra Po\u00eale 30 cm"}]},{"@type":"WebSite","@id":"https:\/\/dev6.erresse-shop.it\/#website","url":"https:\/\/dev6.erresse-shop.it\/","name":"Erresse Shop","description":"","publisher":{"@id":"https:\/\/dev6.erresse-shop.it\/#organization"},"potentialAction":[{"@type":"SearchAction","target":{"@type":"EntryPoint","urlTemplate":"https:\/\/dev6.erresse-shop.it\/?s={search_term_string}"},"query-input":{"@type":"PropertyValueSpecification","valueRequired":true,"valueName":"search_term_string"}}],"inLanguage":"fr-FR"},{"@type":"Organization","@id":"https:\/\/dev6.erresse-shop.it\/#organization","name":"Erresse Shop","url":"https:\/\/dev6.erresse-shop.it\/","logo":{"@type":"ImageObject","inLanguage":"fr-FR","@id":"https:\/\/dev6.erresse-shop.it\/#\/schema\/logo\/image\/","url":"https:\/\/dev6.erresse-shop.it\/wp-content\/uploads\/2025\/01\/LOGO-ERRESSE-CLASSICO.svg","contentUrl":"https:\/\/dev6.erresse-shop.it\/wp-content\/uploads\/2025\/01\/LOGO-ERRESSE-CLASSICO.svg","caption":"Erresse Shop"},"image":{"@id":"https:\/\/dev6.erresse-shop.it\/#\/schema\/logo\/image\/"}}]}},"df_price":360.53,"df_sale_price":360.53,"df_regular_price":595,"df_image_link":"https:\/\/i2.wp.com\/interpim.erresse-shop.it\/Import\/Prodotti\/products-cm26.jpg?resize=300,300&ssl=1","fifu_image_url":"https:\/\/interpim.erresse-shop.it\/Import\/Prodotti\/products-cm26.jpg","_links":{"self":[{"href":"https:\/\/dev6.erresse-shop.it\/fr\/wp-json\/wp\/v2\/product\/58902","targetHints":{"allow":["GET"]}}],"collection":[{"href":"https:\/\/dev6.erresse-shop.it\/fr\/wp-json\/wp\/v2\/product"}],"about":[{"href":"https:\/\/dev6.erresse-shop.it\/fr\/wp-json\/wp\/v2\/types\/product"}],"wp:featuredmedia":[{"embeddable":true,"href":"https:\/\/dev6.erresse-shop.it\/fr\/wp-json\/wp\/v2\/media\/6267772"}],"wp:attachment":[{"href":"https:\/\/dev6.erresse-shop.it\/fr\/wp-json\/wp\/v2\/media?parent=58902"}],"wp:term":[{"taxonomy":"product_cat","embeddable":true,"href":"https:\/\/dev6.erresse-shop.it\/fr\/wp-json\/wp\/v2\/product_cat?post=58902"},{"taxonomy":"product_tag","embeddable":true,"href":"https:\/\/dev6.erresse-shop.it\/fr\/wp-json\/wp\/v2\/product_tag?post=58902"}],"curies":[{"name":"wp","href":"https:\/\/api.w.org\/{rel}","templated":true}]}}