{"id":58890,"date":"2026-04-10T09:12:30","date_gmt":"2026-04-10T07:12:30","guid":{"rendered":"https:\/\/dev6.erresse-shop.it\/shop\/non%20class\u00e9\/seletti-toiletpaper-fauteuil-rouges-a-levres-noirs\/"},"modified":"2025-09-14T04:19:01","modified_gmt":"2025-09-14T02:19:01","slug":"seletti-toiletpaper-fauteuil-rouges-a-levres-noirs","status":"publish","type":"product","link":"https:\/\/dev6.erresse-shop.it\/fr\/shop\/ameublement-maison\/chaises-et-fauteuils\/seletti-toiletpaper-fauteuil-rouges-a-levres-noirs\/","title":{"rendered":"SELETTI Toiletpaper Fauteuil Rouges \u00e0 l\u00e8vres Noirs"},"content":{"rendered":"<p>Le design des fauteuils traditionnels des ann\u00e9es 1950 est boulevers\u00e9 par un rev\u00eatement inattendu de figures surr\u00e9alistes. Les images du magazine TOILETPAPER envahissent les meubles et deviennent des objets confortables pour se d\u00e9tendre dans les maisons des amateurs d\u2019art et autres.<\/p>\n<p>Fauteuil<\/p>\n<p>Conception : Toiletpaper Magazine<\/p>\n<p>Mat\u00e9riaux : Tissu en polyester et structure en bois, polyur\u00e9thane et m\u00e9tal.<\/p>\n<p>Dimensions : 70 x 79 h. 86 cm<\/p>\n","protected":false},"excerpt":{"rendered":"<p>Le design des fauteuils traditionnels des ann\u00e9es 1950 est boulevers\u00e9 par un rev\u00eatement inattendu de figures surr\u00e9alistes. Les images du magazine TOILETPAPER envahissent les meubles et deviennent des objets confortables pour se d\u00e9tendre dans les maisons des amateurs d\u2019art et autres. Fauteuil Conception : Toiletpaper Magazine Mat\u00e9riaux : Tissu en polyester et structure en bois, [&hellip;]<\/p>\n","protected":false},"featured_media":6309343,"template":"","meta":{"_acf_changed":false},"product_cat":[11990,11666,12026],"product_tag":[],"class_list":{"0":"post-58890","1":"product","2":"type-product","3":"status-publish","4":"has-post-thumbnail","6":"product_cat-ameublement-maison","7":"product_cat-arredamento-casa","8":"product_cat-chaises-et-fauteuils","10":"first","11":"outofstock","12":"sale","13":"taxable","14":"shipping-taxable","15":"purchasable","16":"product-type-simple","swatches":"rey-swatches","show_selected":"","stretch_labels":"rey-swatches--stretch-labels"},"acf":[],"yoast_head":"<!-- This site is optimized with the Yoast SEO plugin v25.4 - https:\/\/yoast.com\/wordpress\/plugins\/seo\/ -->\n<title>SELETTI Toiletpaper Fauteuil Rouges \u00e0 l\u00e8vres Noirs - dev6 Erresse<\/title>\n<meta name=\"description\" content=\"Le design des fauteuils traditionnels des ann\u00e9es 1950 est boulevers\u00e9 par un rev\u00eatement inattendu de figures surr\u00e9alistes. Les images du magazine\" \/>\n<meta name=\"robots\" content=\"noindex, follow, max-snippet:-1, max-image-preview:large, max-video-preview:-1\" \/>\n<meta property=\"og:locale\" content=\"fr_FR\" \/>\n<meta property=\"og:type\" content=\"article\" \/>\n<meta property=\"og:title\" content=\"SELETTI Toiletpaper Fauteuil Rouges \u00e0 l\u00e8vres Noirs - dev6 Erresse\" \/>\n<meta property=\"og:description\" content=\"Le design des fauteuils traditionnels des ann\u00e9es 1950 est boulevers\u00e9 par un rev\u00eatement inattendu de figures surr\u00e9alistes. Les images du magazine\" \/>\n<meta property=\"og:url\" content=\"https:\/\/dev6.erresse-shop.it\/fr\/shop\/ameublement-maison\/chaises-et-fauteuils\/seletti-toiletpaper-fauteuil-rouges-a-levres-noirs\/\" \/>\n<meta property=\"og:site_name\" content=\"dev6 Erresse\" \/>\n<meta property=\"og:image\" content=\"https:\/\/interpim.erresse-shop.it\/img-catalogo\/seletti\/seletti-toiletpaper-poltrona-rossetti-nera.jpg\" \/><meta property=\"og:image\" content=\"https:\/\/interpim.erresse-shop.it\/img-catalogo\/seletti\/seletti-toiletpaper-poltrona-rossetti-nera.jpg\" \/>\n\t<meta property=\"og:image:width\" content=\"1024\" \/>\n\t<meta property=\"og:image:height\" content=\"1024\" \/>\n\t<meta property=\"og:image:type\" content=\"image\/jpeg\" \/>\n<meta name=\"twitter:card\" content=\"summary_large_image\" \/>\n<meta name=\"twitter:image\" content=\"https:\/\/interpim.erresse-shop.it\/img-catalogo\/seletti\/seletti-toiletpaper-poltrona-rossetti-nera.jpg\" \/>\n<script type=\"application\/ld+json\" class=\"yoast-schema-graph\">{\"@context\":\"https:\/\/schema.org\",\"@graph\":[{\"@type\":\"WebPage\",\"@id\":\"https:\/\/dev6.erresse-shop.it\/fr\/shop\/ameublement-maison\/chaises-et-fauteuils\/seletti-toiletpaper-fauteuil-rouges-a-levres-noirs\/\",\"url\":\"https:\/\/dev6.erresse-shop.it\/fr\/shop\/ameublement-maison\/chaises-et-fauteuils\/seletti-toiletpaper-fauteuil-rouges-a-levres-noirs\/\",\"name\":\"SELETTI Toiletpaper Fauteuil Rouges \u00e0 l\u00e8vres Noirs - dev6 Erresse\",\"isPartOf\":{\"@id\":\"https:\/\/dev6.erresse-shop.it\/#website\"},\"primaryImageOfPage\":{\"@id\":\"https:\/\/dev6.erresse-shop.it\/fr\/shop\/ameublement-maison\/chaises-et-fauteuils\/seletti-toiletpaper-fauteuil-rouges-a-levres-noirs\/#primaryimage\"},\"image\":{\"@id\":\"https:\/\/dev6.erresse-shop.it\/fr\/shop\/ameublement-maison\/chaises-et-fauteuils\/seletti-toiletpaper-fauteuil-rouges-a-levres-noirs\/#primaryimage\"},\"thumbnailUrl\":\"https:\/\/i3.wp.com\/interpim.erresse-shop.it\/img-catalogo\/seletti\/seletti-toiletpaper-poltrona-rossetti-nera.jpg?ssl=1\",\"datePublished\":\"2026-04-10T07:12:30+00:00\",\"description\":\"Le design des fauteuils traditionnels des ann\u00e9es 1950 est boulevers\u00e9 par un rev\u00eatement inattendu de figures surr\u00e9alistes. Les images du magazine\",\"breadcrumb\":{\"@id\":\"https:\/\/dev6.erresse-shop.it\/fr\/shop\/ameublement-maison\/chaises-et-fauteuils\/seletti-toiletpaper-fauteuil-rouges-a-levres-noirs\/#breadcrumb\"},\"inLanguage\":\"fr-FR\",\"potentialAction\":[{\"@type\":\"ReadAction\",\"target\":[\"https:\/\/dev6.erresse-shop.it\/fr\/shop\/ameublement-maison\/chaises-et-fauteuils\/seletti-toiletpaper-fauteuil-rouges-a-levres-noirs\/\"]}]},{\"@type\":\"ImageObject\",\"inLanguage\":\"fr-FR\",\"@id\":\"https:\/\/dev6.erresse-shop.it\/fr\/shop\/ameublement-maison\/chaises-et-fauteuils\/seletti-toiletpaper-fauteuil-rouges-a-levres-noirs\/#primaryimage\",\"url\":\"https:\/\/i3.wp.com\/interpim.erresse-shop.it\/img-catalogo\/seletti\/seletti-toiletpaper-poltrona-rossetti-nera.jpg?ssl=1\",\"contentUrl\":\"https:\/\/i3.wp.com\/interpim.erresse-shop.it\/img-catalogo\/seletti\/seletti-toiletpaper-poltrona-rossetti-nera.jpg?ssl=1\"},{\"@type\":\"BreadcrumbList\",\"@id\":\"https:\/\/dev6.erresse-shop.it\/fr\/shop\/ameublement-maison\/chaises-et-fauteuils\/seletti-toiletpaper-fauteuil-rouges-a-levres-noirs\/#breadcrumb\",\"itemListElement\":[{\"@type\":\"ListItem\",\"position\":1,\"name\":\"Home\",\"item\":\"https:\/\/dev6.erresse-shop.it\/\"},{\"@type\":\"ListItem\",\"position\":2,\"name\":\"Boutique\",\"item\":\"https:\/\/dev6.erresse-shop.it\/shop\/\"},{\"@type\":\"ListItem\",\"position\":3,\"name\":\"SELETTI Toiletpaper Fauteuil Rouges \u00e0 l\u00e8vres Noirs\"}]},{\"@type\":\"WebSite\",\"@id\":\"https:\/\/dev6.erresse-shop.it\/#website\",\"url\":\"https:\/\/dev6.erresse-shop.it\/\",\"name\":\"Erresse Shop\",\"description\":\"\",\"publisher\":{\"@id\":\"https:\/\/dev6.erresse-shop.it\/#organization\"},\"potentialAction\":[{\"@type\":\"SearchAction\",\"target\":{\"@type\":\"EntryPoint\",\"urlTemplate\":\"https:\/\/dev6.erresse-shop.it\/?s={search_term_string}\"},\"query-input\":{\"@type\":\"PropertyValueSpecification\",\"valueRequired\":true,\"valueName\":\"search_term_string\"}}],\"inLanguage\":\"fr-FR\"},{\"@type\":\"Organization\",\"@id\":\"https:\/\/dev6.erresse-shop.it\/#organization\",\"name\":\"Erresse Shop\",\"url\":\"https:\/\/dev6.erresse-shop.it\/\",\"logo\":{\"@type\":\"ImageObject\",\"inLanguage\":\"fr-FR\",\"@id\":\"https:\/\/dev6.erresse-shop.it\/#\/schema\/logo\/image\/\",\"url\":\"https:\/\/dev6.erresse-shop.it\/wp-content\/uploads\/2025\/01\/LOGO-ERRESSE-CLASSICO.svg\",\"contentUrl\":\"https:\/\/dev6.erresse-shop.it\/wp-content\/uploads\/2025\/01\/LOGO-ERRESSE-CLASSICO.svg\",\"caption\":\"Erresse Shop\"},\"image\":{\"@id\":\"https:\/\/dev6.erresse-shop.it\/#\/schema\/logo\/image\/\"}}]}<\/script>\n<!-- \/ Yoast SEO plugin. -->","yoast_head_json":{"title":"SELETTI Toiletpaper Fauteuil Rouges \u00e0 l\u00e8vres Noirs - dev6 Erresse","description":"Le design des fauteuils traditionnels des ann\u00e9es 1950 est boulevers\u00e9 par un rev\u00eatement inattendu de figures surr\u00e9alistes. Les images du magazine","robots":{"index":"noindex","follow":"follow","max-snippet":"max-snippet:-1","max-image-preview":"max-image-preview:large","max-video-preview":"max-video-preview:-1"},"og_locale":"fr_FR","og_type":"article","og_title":"SELETTI Toiletpaper Fauteuil Rouges \u00e0 l\u00e8vres Noirs - dev6 Erresse","og_description":"Le design des fauteuils traditionnels des ann\u00e9es 1950 est boulevers\u00e9 par un rev\u00eatement inattendu de figures surr\u00e9alistes. Les images du magazine","og_url":"https:\/\/dev6.erresse-shop.it\/fr\/shop\/ameublement-maison\/chaises-et-fauteuils\/seletti-toiletpaper-fauteuil-rouges-a-levres-noirs\/","og_site_name":"dev6 Erresse","og_image":[{"url":"https:\/\/interpim.erresse-shop.it\/img-catalogo\/seletti\/seletti-toiletpaper-poltrona-rossetti-nera.jpg","type":"","width":"","height":""},{"url":"https:\/\/interpim.erresse-shop.it\/img-catalogo\/seletti\/seletti-toiletpaper-poltrona-rossetti-nera.jpg","width":1024,"height":1024,"type":"image\/jpeg"}],"twitter_card":"summary_large_image","twitter_image":"https:\/\/interpim.erresse-shop.it\/img-catalogo\/seletti\/seletti-toiletpaper-poltrona-rossetti-nera.jpg","schema":{"@context":"https:\/\/schema.org","@graph":[{"@type":"WebPage","@id":"https:\/\/dev6.erresse-shop.it\/fr\/shop\/ameublement-maison\/chaises-et-fauteuils\/seletti-toiletpaper-fauteuil-rouges-a-levres-noirs\/","url":"https:\/\/dev6.erresse-shop.it\/fr\/shop\/ameublement-maison\/chaises-et-fauteuils\/seletti-toiletpaper-fauteuil-rouges-a-levres-noirs\/","name":"SELETTI Toiletpaper Fauteuil Rouges \u00e0 l\u00e8vres Noirs - dev6 Erresse","isPartOf":{"@id":"https:\/\/dev6.erresse-shop.it\/#website"},"primaryImageOfPage":{"@id":"https:\/\/dev6.erresse-shop.it\/fr\/shop\/ameublement-maison\/chaises-et-fauteuils\/seletti-toiletpaper-fauteuil-rouges-a-levres-noirs\/#primaryimage"},"image":{"@id":"https:\/\/dev6.erresse-shop.it\/fr\/shop\/ameublement-maison\/chaises-et-fauteuils\/seletti-toiletpaper-fauteuil-rouges-a-levres-noirs\/#primaryimage"},"thumbnailUrl":"https:\/\/i3.wp.com\/interpim.erresse-shop.it\/img-catalogo\/seletti\/seletti-toiletpaper-poltrona-rossetti-nera.jpg?ssl=1","datePublished":"2026-04-10T07:12:30+00:00","description":"Le design des fauteuils traditionnels des ann\u00e9es 1950 est boulevers\u00e9 par un rev\u00eatement inattendu de figures surr\u00e9alistes. Les images du magazine","breadcrumb":{"@id":"https:\/\/dev6.erresse-shop.it\/fr\/shop\/ameublement-maison\/chaises-et-fauteuils\/seletti-toiletpaper-fauteuil-rouges-a-levres-noirs\/#breadcrumb"},"inLanguage":"fr-FR","potentialAction":[{"@type":"ReadAction","target":["https:\/\/dev6.erresse-shop.it\/fr\/shop\/ameublement-maison\/chaises-et-fauteuils\/seletti-toiletpaper-fauteuil-rouges-a-levres-noirs\/"]}]},{"@type":"ImageObject","inLanguage":"fr-FR","@id":"https:\/\/dev6.erresse-shop.it\/fr\/shop\/ameublement-maison\/chaises-et-fauteuils\/seletti-toiletpaper-fauteuil-rouges-a-levres-noirs\/#primaryimage","url":"https:\/\/i3.wp.com\/interpim.erresse-shop.it\/img-catalogo\/seletti\/seletti-toiletpaper-poltrona-rossetti-nera.jpg?ssl=1","contentUrl":"https:\/\/i3.wp.com\/interpim.erresse-shop.it\/img-catalogo\/seletti\/seletti-toiletpaper-poltrona-rossetti-nera.jpg?ssl=1"},{"@type":"BreadcrumbList","@id":"https:\/\/dev6.erresse-shop.it\/fr\/shop\/ameublement-maison\/chaises-et-fauteuils\/seletti-toiletpaper-fauteuil-rouges-a-levres-noirs\/#breadcrumb","itemListElement":[{"@type":"ListItem","position":1,"name":"Home","item":"https:\/\/dev6.erresse-shop.it\/"},{"@type":"ListItem","position":2,"name":"Boutique","item":"https:\/\/dev6.erresse-shop.it\/shop\/"},{"@type":"ListItem","position":3,"name":"SELETTI Toiletpaper Fauteuil Rouges \u00e0 l\u00e8vres Noirs"}]},{"@type":"WebSite","@id":"https:\/\/dev6.erresse-shop.it\/#website","url":"https:\/\/dev6.erresse-shop.it\/","name":"Erresse Shop","description":"","publisher":{"@id":"https:\/\/dev6.erresse-shop.it\/#organization"},"potentialAction":[{"@type":"SearchAction","target":{"@type":"EntryPoint","urlTemplate":"https:\/\/dev6.erresse-shop.it\/?s={search_term_string}"},"query-input":{"@type":"PropertyValueSpecification","valueRequired":true,"valueName":"search_term_string"}}],"inLanguage":"fr-FR"},{"@type":"Organization","@id":"https:\/\/dev6.erresse-shop.it\/#organization","name":"Erresse Shop","url":"https:\/\/dev6.erresse-shop.it\/","logo":{"@type":"ImageObject","inLanguage":"fr-FR","@id":"https:\/\/dev6.erresse-shop.it\/#\/schema\/logo\/image\/","url":"https:\/\/dev6.erresse-shop.it\/wp-content\/uploads\/2025\/01\/LOGO-ERRESSE-CLASSICO.svg","contentUrl":"https:\/\/dev6.erresse-shop.it\/wp-content\/uploads\/2025\/01\/LOGO-ERRESSE-CLASSICO.svg","caption":"Erresse Shop"},"image":{"@id":"https:\/\/dev6.erresse-shop.it\/#\/schema\/logo\/image\/"}}]}},"df_price":899.95,"df_sale_price":899.95,"df_regular_price":1250,"df_image_link":"https:\/\/i3.wp.com\/interpim.erresse-shop.it\/img-catalogo\/seletti\/seletti-toiletpaper-poltrona-rossetti-nera.jpg?resize=300,300&ssl=1","fifu_image_url":"https:\/\/interpim.erresse-shop.it\/img-catalogo\/seletti\/seletti-toiletpaper-poltrona-rossetti-nera.jpg","_links":{"self":[{"href":"https:\/\/dev6.erresse-shop.it\/fr\/wp-json\/wp\/v2\/product\/58890","targetHints":{"allow":["GET"]}}],"collection":[{"href":"https:\/\/dev6.erresse-shop.it\/fr\/wp-json\/wp\/v2\/product"}],"about":[{"href":"https:\/\/dev6.erresse-shop.it\/fr\/wp-json\/wp\/v2\/types\/product"}],"wp:featuredmedia":[{"embeddable":true,"href":"https:\/\/dev6.erresse-shop.it\/fr\/wp-json\/wp\/v2\/media\/6309343"}],"wp:attachment":[{"href":"https:\/\/dev6.erresse-shop.it\/fr\/wp-json\/wp\/v2\/media?parent=58890"}],"wp:term":[{"taxonomy":"product_cat","embeddable":true,"href":"https:\/\/dev6.erresse-shop.it\/fr\/wp-json\/wp\/v2\/product_cat?post=58890"},{"taxonomy":"product_tag","embeddable":true,"href":"https:\/\/dev6.erresse-shop.it\/fr\/wp-json\/wp\/v2\/product_tag?post=58890"}],"curies":[{"name":"wp","href":"https:\/\/api.w.org\/{rel}","templated":true}]}}